{"id":2444,"date":"2021-02-19T14:56:12","date_gmt":"2021-02-19T19:56:12","guid":{"rendered":"https:\/\/www.integralpro.com.co\/index.php\/producto\/import-placeholder-for-1279\/"},"modified":"2021-02-19T14:56:52","modified_gmt":"2021-02-19T19:56:52","slug":"impresora-epson-multifuncional-workforce-pro-wf-c5790","status":"publish","type":"product","link":"https:\/\/www.integralpro.com.co\/index.php\/producto\/impresora-epson-multifuncional-workforce-pro-wf-c5790\/","title":{"rendered":"Impresora Epson Multifuncional Workforce Pro Wf-C5790"},"content":{"rendered":"<p>La WorkForce\u00ae Pro WF-C5790 es la solucion ideal para usuarios empresariales que necesitan una multifuncional a color con alta capacidad de tinta, bajo costo operativo, bajo consumo de energ\u00eda y con funciones avanzadas de gesti\u00f3n de negocios. La WF-C5790 incluye un innovador sistema de bolsas de tinta reemplazable, que minimiza las intervenci\u00f3nes y reduce el costo total de impresio\u0301n hasta un 45% comparado con las impresoras la\u0301ser a color1, sin afectar la productividad.<\/p>\n<p><\/p>\n<p><strong>Perfecta para el trabajo<\/strong><\/p>\n<p><\/p>\n<p>Esta impresora compacta es perfecta para grupos de trabajo pequen\u0303os muy activos que busquen reducir costos, aumentar la productividad y la seguridad de datos en el ambiente de trabajo. La WF-C5790 alcanza velocidades de impresio\u0301n de hasta 34 ppm negro\/color\u2020\u2020 y la primera pa\u0301gina se imprime sin necesidad de esperar a que la impresora se caliente. Soporta conexi\u00f3n mediante red cableada o inal\u00e1mbrica, adem\u00e1s de PCL4 y PostScript\u00ae 3 \u2122 <\/p>\n<p><\/p>\n<p><strong>Especificaciones T\u00e9cnicas<\/strong><\/p>\n<p><\/p>\n<p>Dimensiones:<br \/>Impresora: 42.5 x 57.8 x 44.9 cm<\/p>\n<p>Peso:<br \/>18.4 Kg<\/p>\n<p>Tecnolog\u00eda de Impresi\u00f3n:<br \/>Cabezal de impresi\u00f3n PrecisionCoreTM 4S por inyecci\u00f3n de tinta de 4 colores<\/p>\n<p>Tama\u00f1o M\u00ednimo de la Gota de Tinta:<br \/>Tres tama\u00f1os de gota, desde tan solo 3.8 picolitros<\/p>\n<p>Resoluci\u00f3n M\u00e1xima de Impresi\u00f3n:<br \/>4800 x 1200 dpi optimizados<\/p>\n<p>Velocidad de Impresi\u00f3n:<br \/>34 ppm en negro \/ 34 en colores\u2020\u2020. Tiempo de salida de primera pa\u0301gina: 4.8 segundos en negro, 5.3 segundos en color<\/p>\n<p>Velocidad de Impresi\u00f3n ISO:<br \/>24 ppm ISO en negro \/ 24 ppm ISO en colores\u2020<\/p>\n<p>Velocidad de Impresi\u00f3n ISO de doble faz:<\/p>\n<p>Tipo de Tinta:<br \/>Tinta de pigmento DURABrite\u00ae Ultra (resistente al agua, las manchas y la decoloraci\u00f3n)<\/p>\n<p>Paleta de Tintas:<br \/>Negra, Cian, Magenta y Amarilla<\/p>\n<p>Configuraci\u00f3n de la Tinta:<br \/>Cuatro bolsas de tinta individuales<\/p>\n<p>Tinta de Reemplazo:<br \/>T942 de capacidad extra alta: 10000 p\u00e1ginas ISO (Negra)<br \/>T941 capacidad esta\u0301ndar: 5000 p\u00e1ginas ISO (Negra, Cian, Magenta, Amarilla)<br \/>Esta impresora est\u00e1 dise\u00f1ada para usarse con bolsas de tinta Epson \u00fanicamente, no con tinta de terceros*<\/p>\n<p>Sistemas de Operaci\u00f3n:<br \/>Windows\u00ae 10 (32-bit, 64-bit), Windows\u00ae 8.1, Windows\u00ae 8 (32-bit, 64-bit), Windows\u00ae 7 (32-bit, 64-bit), Windows Vista\u00ae (32-bit, 64-bit), Windows\u00ae XP SP3 (32-bit), Windows\u00ae XP Professional x64 Edition<br \/>Mac\u00ae OS X\u00ae 10.6.8 \u2013 10.13.x9<\/p>\n<p>Sistemas de Servidor:<br \/>Windows Server8: 2003\/2003 R2\/ 2008\/2008 R2\/ 2012\/ 2012 R2\/ 2016<\/p>\n<p>Temperatura:<br \/>Funcionamiento: 50 a 95 \u00b0F (10 a 35 \u00b0C)<br \/>Almacenamiento: -4 a 104 \u00b0F (-20 a 40 \u00b0C)<\/p>\n<p>Humedad:<br \/>Funcionamiento: 20 \u2013 80%<\/p>\n<p>Nivel de Sonido:<br \/>Potencia 6.8 dB(A)<br \/>Presi\u00f3n: 55 dB(A)<\/p>\n<p>Seguridad:<br \/>Certificaci\u00f3n de n\u00famero PIN para liberaci\u00f3n de tareas; control de acceso de usuario, configuraci\u00f3n de la impresora y red desde Web Config con la direcci\u00f3n IP de la impresora<\/p>\n<p>Funciones ECO:<br \/>Consume hasta un 90% menos energ\u00eda que las impresoras l\u00e1ser2<br \/>Ahorre hasta el 50% de su suministro de papel con funciones autom\u00e1ticas, impresi\u00f3n a 2 caras.<br \/>Calificado RoHS<br \/>Disen\u0303ada para fa\u0301cil reciclaje <\/p>\n<p><\/p>\n<p><strong>Contenido Del Paquete<\/strong><\/p>\n<p><\/p>\n<p>Impresora &#8211; Gui\u0301a de instalacio\u0301n<br \/>&#8211; Cable de alimentaci\u00f3n el\u00e9ctrica<br \/>&#8211; CD-ROM con drivers<br \/>&#8211; 4 bolsas de tinta DURABrite\u00ae Ultra de inicializacio\u0301n (negra, cian, magenta, amarilla) <br \/>&#8211; Documentaci\u00f3n<\/p>\n","protected":false},"excerpt":{"rendered":"<p># DE PARTE:C11CG02301<\/p>\n","protected":false},"featured_media":2510,"template":"","meta":{"site-sidebar-layout":"default","site-content-layout":"","ast-site-content-layout":"default","site-content-style":"default","site-sidebar-style":"default","ast-global-header-display":"","ast-banner-title-visibility":"","ast-main-header-display":"","ast-hfb-above-header-display":"","ast-hfb-below-header-display":"","ast-hfb-mobile-header-display":"","site-post-title":"","ast-breadcrumbs-content":"","ast-featured-img":"","footer-sml-layout":"","ast-disable-related-posts":"","theme-transparent-header-meta":"","adv-header-id-meta":"","stick-header-meta":"","header-above-stick-meta":"","header-main-stick-meta":"","header-below-stick-meta":"","astra-migrate-meta-layouts":"default","ast-page-background-enabled":"default","ast-page-background-meta":{"desktop":{"background-color":"var(--ast-global-color-4)","background-image":"","background-repeat":"repeat","background-position":"center center","background-size":"auto","background-attachment":"scroll","background-type":"","background-media":"","overlay-type":"","overlay-color":"","overlay-opacity":"","overlay-gradient":""},"tablet":{"background-color":"","background-image":"","background-repeat":"repeat","background-position":"center center","background-size":"auto","background-attachment":"scroll","background-type":"","background-media":"","overlay-type":"","overlay-color":"","overlay-opacity":"","overlay-gradient":""},"mobile":{"background-color":"","background-image":"","background-repeat":"repeat","background-position":"center center","background-size":"auto","background-attachment":"scroll","background-type":"","background-media":"","overlay-type":"","overlay-color":"","overlay-opacity":"","overlay-gradient":""}},"ast-content-background-meta":{"desktop":{"background-color":"var(--ast-global-color-5)","background-image":"","background-repeat":"repeat","background-position":"center center","background-size":"auto","background-attachment":"scroll","background-type":"","background-media":"","overlay-type":"","overlay-color":"","overlay-opacity":"","overlay-gradient":""},"tablet":{"background-color":"var(--ast-global-color-5)","background-image":"","background-repeat":"repeat","background-position":"center center","background-size":"auto","background-attachment":"scroll","background-type":"","background-media":"","overlay-type":"","overlay-color":"","overlay-opacity":"","overlay-gradient":""},"mobile":{"background-color":"var(--ast-global-color-5)","background-image":"","background-repeat":"repeat","background-position":"center center","background-size":"auto","background-attachment":"scroll","background-type":"","background-media":"","overlay-type":"","overlay-color":"","overlay-opacity":"","overlay-gradient":""}}},"product_brand":[],"product_cat":[57],"product_tag":[40],"class_list":{"0":"post-2444","1":"product","2":"type-product","3":"status-publish","4":"has-post-thumbnail","6":"product_cat-impresoras-y-suministros","7":"product_tag-epson","8":"desktop-align-left","9":"tablet-align-left","10":"mobile-align-left","12":"first","13":"instock","14":"taxable","15":"shipping-taxable","16":"product-type-simple"},"yoast_head":"<!-- This site is optimized with the Yoast SEO plugin v27.4 - https:\/\/yoast.com\/product\/yoast-seo-wordpress\/ -->\n<title>Impresora Epson Multifuncional Workforce Pro Wf-C5790 - IntegralPro<\/title>\n<meta name=\"robots\" content=\"index, follow, max-snippet:-1, max-image-preview:large, max-video-preview:-1\" \/>\n<link rel=\"canonical\" href=\"https:\/\/www.integralpro.com.co\/index.php\/producto\/impresora-epson-multifuncional-workforce-pro-wf-c5790\/\" \/>\n<meta property=\"og:locale\" content=\"es_ES\" \/>\n<meta property=\"og:type\" content=\"article\" \/>\n<meta property=\"og:title\" content=\"Impresora Epson Multifuncional Workforce Pro Wf-C5790 - IntegralPro\" \/>\n<meta property=\"og:description\" content=\"# DE PARTE:C11CG02301\" \/>\n<meta property=\"og:url\" content=\"https:\/\/www.integralpro.com.co\/index.php\/producto\/impresora-epson-multifuncional-workforce-pro-wf-c5790\/\" \/>\n<meta property=\"og:site_name\" content=\"IntegralPro\" \/>\n<meta property=\"article:modified_time\" content=\"2021-02-19T19:56:52+00:00\" \/>\n<meta property=\"og:image\" content=\"https:\/\/www.integralpro.com.co\/wp-content\/uploads\/2021\/02\/aef6f2b14941976acf6292c71c2f68ef.jpg\" \/>\n\t<meta property=\"og:image:width\" content=\"1000\" \/>\n\t<meta property=\"og:image:height\" content=\"1000\" \/>\n\t<meta property=\"og:image:type\" content=\"image\/jpeg\" \/>\n<meta name=\"twitter:card\" content=\"summary_large_image\" \/>\n<meta name=\"twitter:label1\" content=\"Tiempo de lectura\" \/>\n\t<meta name=\"twitter:data1\" content=\"2 minutos\" \/>\n<script type=\"application\/ld+json\" class=\"yoast-schema-graph\">{\"@context\":\"https:\\\/\\\/schema.org\",\"@graph\":[{\"@type\":\"WebPage\",\"@id\":\"https:\\\/\\\/www.integralpro.com.co\\\/index.php\\\/producto\\\/impresora-epson-multifuncional-workforce-pro-wf-c5790\\\/\",\"url\":\"https:\\\/\\\/www.integralpro.com.co\\\/index.php\\\/producto\\\/impresora-epson-multifuncional-workforce-pro-wf-c5790\\\/\",\"name\":\"Impresora Epson Multifuncional Workforce Pro Wf-C5790 - IntegralPro\",\"isPartOf\":{\"@id\":\"https:\\\/\\\/www.integralpro.com.co\\\/#website\"},\"primaryImageOfPage\":{\"@id\":\"https:\\\/\\\/www.integralpro.com.co\\\/index.php\\\/producto\\\/impresora-epson-multifuncional-workforce-pro-wf-c5790\\\/#primaryimage\"},\"image\":{\"@id\":\"https:\\\/\\\/www.integralpro.com.co\\\/index.php\\\/producto\\\/impresora-epson-multifuncional-workforce-pro-wf-c5790\\\/#primaryimage\"},\"thumbnailUrl\":\"https:\\\/\\\/www.integralpro.com.co\\\/wp-content\\\/uploads\\\/2021\\\/02\\\/aef6f2b14941976acf6292c71c2f68ef.jpg\",\"datePublished\":\"2021-02-19T19:56:12+00:00\",\"dateModified\":\"2021-02-19T19:56:52+00:00\",\"breadcrumb\":{\"@id\":\"https:\\\/\\\/www.integralpro.com.co\\\/index.php\\\/producto\\\/impresora-epson-multifuncional-workforce-pro-wf-c5790\\\/#breadcrumb\"},\"inLanguage\":\"es\",\"potentialAction\":[{\"@type\":\"ReadAction\",\"target\":[\"https:\\\/\\\/www.integralpro.com.co\\\/index.php\\\/producto\\\/impresora-epson-multifuncional-workforce-pro-wf-c5790\\\/\"]}]},{\"@type\":\"ImageObject\",\"inLanguage\":\"es\",\"@id\":\"https:\\\/\\\/www.integralpro.com.co\\\/index.php\\\/producto\\\/impresora-epson-multifuncional-workforce-pro-wf-c5790\\\/#primaryimage\",\"url\":\"https:\\\/\\\/www.integralpro.com.co\\\/wp-content\\\/uploads\\\/2021\\\/02\\\/aef6f2b14941976acf6292c71c2f68ef.jpg\",\"contentUrl\":\"https:\\\/\\\/www.integralpro.com.co\\\/wp-content\\\/uploads\\\/2021\\\/02\\\/aef6f2b14941976acf6292c71c2f68ef.jpg\",\"width\":1000,\"height\":1000},{\"@type\":\"BreadcrumbList\",\"@id\":\"https:\\\/\\\/www.integralpro.com.co\\\/index.php\\\/producto\\\/impresora-epson-multifuncional-workforce-pro-wf-c5790\\\/#breadcrumb\",\"itemListElement\":[{\"@type\":\"ListItem\",\"position\":1,\"name\":\"Portada\",\"item\":\"https:\\\/\\\/www.integralpro.com.co\\\/\"},{\"@type\":\"ListItem\",\"position\":2,\"name\":\"Tienda\",\"item\":\"https:\\\/\\\/www.integralpro.com.co\\\/index.php\\\/tienda\\\/\"},{\"@type\":\"ListItem\",\"position\":3,\"name\":\"Impresora Epson Multifuncional Workforce Pro Wf-C5790\"}]},{\"@type\":\"WebSite\",\"@id\":\"https:\\\/\\\/www.integralpro.com.co\\\/#website\",\"url\":\"https:\\\/\\\/www.integralpro.com.co\\\/\",\"name\":\"IntegralPro\",\"description\":\"Tienda de Tecnolog\u00eda en L\u00ednea\",\"publisher\":{\"@id\":\"https:\\\/\\\/www.integralpro.com.co\\\/#organization\"},\"potentialAction\":[{\"@type\":\"SearchAction\",\"target\":{\"@type\":\"EntryPoint\",\"urlTemplate\":\"https:\\\/\\\/www.integralpro.com.co\\\/?s={search_term_string}\"},\"query-input\":{\"@type\":\"PropertyValueSpecification\",\"valueRequired\":true,\"valueName\":\"search_term_string\"}}],\"inLanguage\":\"es\"},{\"@type\":\"Organization\",\"@id\":\"https:\\\/\\\/www.integralpro.com.co\\\/#organization\",\"name\":\"IntegralPro SAS\",\"url\":\"https:\\\/\\\/www.integralpro.com.co\\\/\",\"logo\":{\"@type\":\"ImageObject\",\"inLanguage\":\"es\",\"@id\":\"https:\\\/\\\/www.integralpro.com.co\\\/#\\\/schema\\\/logo\\\/image\\\/\",\"url\":\"https:\\\/\\\/www.integralpro.com.co\\\/wp-content\\\/uploads\\\/2021\\\/02\\\/logo-def.jpg\",\"contentUrl\":\"https:\\\/\\\/www.integralpro.com.co\\\/wp-content\\\/uploads\\\/2021\\\/02\\\/logo-def.jpg\",\"width\":238,\"height\":234,\"caption\":\"IntegralPro SAS\"},\"image\":{\"@id\":\"https:\\\/\\\/www.integralpro.com.co\\\/#\\\/schema\\\/logo\\\/image\\\/\"}}]}<\/script>\n<!-- \/ Yoast SEO plugin. -->","yoast_head_json":{"title":"Impresora Epson Multifuncional Workforce Pro Wf-C5790 - IntegralPro","robots":{"index":"index","follow":"follow","max-snippet":"max-snippet:-1","max-image-preview":"max-image-preview:large","max-video-preview":"max-video-preview:-1"},"canonical":"https:\/\/www.integralpro.com.co\/index.php\/producto\/impresora-epson-multifuncional-workforce-pro-wf-c5790\/","og_locale":"es_ES","og_type":"article","og_title":"Impresora Epson Multifuncional Workforce Pro Wf-C5790 - IntegralPro","og_description":"# DE PARTE:C11CG02301","og_url":"https:\/\/www.integralpro.com.co\/index.php\/producto\/impresora-epson-multifuncional-workforce-pro-wf-c5790\/","og_site_name":"IntegralPro","article_modified_time":"2021-02-19T19:56:52+00:00","og_image":[{"width":1000,"height":1000,"url":"https:\/\/www.integralpro.com.co\/wp-content\/uploads\/2021\/02\/aef6f2b14941976acf6292c71c2f68ef.jpg","type":"image\/jpeg"}],"twitter_card":"summary_large_image","twitter_misc":{"Tiempo de lectura":"2 minutos"},"schema":{"@context":"https:\/\/schema.org","@graph":[{"@type":"WebPage","@id":"https:\/\/www.integralpro.com.co\/index.php\/producto\/impresora-epson-multifuncional-workforce-pro-wf-c5790\/","url":"https:\/\/www.integralpro.com.co\/index.php\/producto\/impresora-epson-multifuncional-workforce-pro-wf-c5790\/","name":"Impresora Epson Multifuncional Workforce Pro Wf-C5790 - IntegralPro","isPartOf":{"@id":"https:\/\/www.integralpro.com.co\/#website"},"primaryImageOfPage":{"@id":"https:\/\/www.integralpro.com.co\/index.php\/producto\/impresora-epson-multifuncional-workforce-pro-wf-c5790\/#primaryimage"},"image":{"@id":"https:\/\/www.integralpro.com.co\/index.php\/producto\/impresora-epson-multifuncional-workforce-pro-wf-c5790\/#primaryimage"},"thumbnailUrl":"https:\/\/www.integralpro.com.co\/wp-content\/uploads\/2021\/02\/aef6f2b14941976acf6292c71c2f68ef.jpg","datePublished":"2021-02-19T19:56:12+00:00","dateModified":"2021-02-19T19:56:52+00:00","breadcrumb":{"@id":"https:\/\/www.integralpro.com.co\/index.php\/producto\/impresora-epson-multifuncional-workforce-pro-wf-c5790\/#breadcrumb"},"inLanguage":"es","potentialAction":[{"@type":"ReadAction","target":["https:\/\/www.integralpro.com.co\/index.php\/producto\/impresora-epson-multifuncional-workforce-pro-wf-c5790\/"]}]},{"@type":"ImageObject","inLanguage":"es","@id":"https:\/\/www.integralpro.com.co\/index.php\/producto\/impresora-epson-multifuncional-workforce-pro-wf-c5790\/#primaryimage","url":"https:\/\/www.integralpro.com.co\/wp-content\/uploads\/2021\/02\/aef6f2b14941976acf6292c71c2f68ef.jpg","contentUrl":"https:\/\/www.integralpro.com.co\/wp-content\/uploads\/2021\/02\/aef6f2b14941976acf6292c71c2f68ef.jpg","width":1000,"height":1000},{"@type":"BreadcrumbList","@id":"https:\/\/www.integralpro.com.co\/index.php\/producto\/impresora-epson-multifuncional-workforce-pro-wf-c5790\/#breadcrumb","itemListElement":[{"@type":"ListItem","position":1,"name":"Portada","item":"https:\/\/www.integralpro.com.co\/"},{"@type":"ListItem","position":2,"name":"Tienda","item":"https:\/\/www.integralpro.com.co\/index.php\/tienda\/"},{"@type":"ListItem","position":3,"name":"Impresora Epson Multifuncional Workforce Pro Wf-C5790"}]},{"@type":"WebSite","@id":"https:\/\/www.integralpro.com.co\/#website","url":"https:\/\/www.integralpro.com.co\/","name":"IntegralPro","description":"Tienda de Tecnolog\u00eda en L\u00ednea","publisher":{"@id":"https:\/\/www.integralpro.com.co\/#organization"},"potentialAction":[{"@type":"SearchAction","target":{"@type":"EntryPoint","urlTemplate":"https:\/\/www.integralpro.com.co\/?s={search_term_string}"},"query-input":{"@type":"PropertyValueSpecification","valueRequired":true,"valueName":"search_term_string"}}],"inLanguage":"es"},{"@type":"Organization","@id":"https:\/\/www.integralpro.com.co\/#organization","name":"IntegralPro SAS","url":"https:\/\/www.integralpro.com.co\/","logo":{"@type":"ImageObject","inLanguage":"es","@id":"https:\/\/www.integralpro.com.co\/#\/schema\/logo\/image\/","url":"https:\/\/www.integralpro.com.co\/wp-content\/uploads\/2021\/02\/logo-def.jpg","contentUrl":"https:\/\/www.integralpro.com.co\/wp-content\/uploads\/2021\/02\/logo-def.jpg","width":238,"height":234,"caption":"IntegralPro SAS"},"image":{"@id":"https:\/\/www.integralpro.com.co\/#\/schema\/logo\/image\/"}}]}},"_links":{"self":[{"href":"https:\/\/www.integralpro.com.co\/index.php\/wp-json\/wp\/v2\/product\/2444","targetHints":{"allow":["GET"]}}],"collection":[{"href":"https:\/\/www.integralpro.com.co\/index.php\/wp-json\/wp\/v2\/product"}],"about":[{"href":"https:\/\/www.integralpro.com.co\/index.php\/wp-json\/wp\/v2\/types\/product"}],"version-history":[{"count":1,"href":"https:\/\/www.integralpro.com.co\/index.php\/wp-json\/wp\/v2\/product\/2444\/revisions"}],"predecessor-version":[{"id":2511,"href":"https:\/\/www.integralpro.com.co\/index.php\/wp-json\/wp\/v2\/product\/2444\/revisions\/2511"}],"wp:featuredmedia":[{"embeddable":true,"href":"https:\/\/www.integralpro.com.co\/index.php\/wp-json\/wp\/v2\/media\/2510"}],"wp:attachment":[{"href":"https:\/\/www.integralpro.com.co\/index.php\/wp-json\/wp\/v2\/media?parent=2444"}],"wp:term":[{"taxonomy":"product_brand","embeddable":true,"href":"https:\/\/www.integralpro.com.co\/index.php\/wp-json\/wp\/v2\/product_brand?post=2444"},{"taxonomy":"product_cat","embeddable":true,"href":"https:\/\/www.integralpro.com.co\/index.php\/wp-json\/wp\/v2\/product_cat?post=2444"},{"taxonomy":"product_tag","embeddable":true,"href":"https:\/\/www.integralpro.com.co\/index.php\/wp-json\/wp\/v2\/product_tag?post=2444"}],"curies":[{"name":"wp","href":"https:\/\/api.w.org\/{rel}","templated":true}]}}