{"id":2442,"date":"2021-02-19T14:56:11","date_gmt":"2021-02-19T19:56:11","guid":{"rendered":"https:\/\/www.integralpro.com.co\/index.php\/producto\/import-placeholder-for-1277\/"},"modified":"2021-02-19T14:56:49","modified_gmt":"2021-02-19T19:56:49","slug":"memoria-micro-sd-adata-8gb-velocidad-clase-4","status":"publish","type":"product","link":"https:\/\/www.integralpro.com.co\/index.php\/producto\/memoria-micro-sd-adata-8gb-velocidad-clase-4\/","title":{"rendered":"Memoria Micro Sd Adata 8Gb Velocidad Clase 4"},"content":{"rendered":"<p>Conforme la demanda de dispositivos de almacenamiento crece, ADATA est\u00e1 a la vanguardia con soluciones de memoria mejoradas y de primera. <br \/>Llevando la microSD al siguiente nivel, ADATA se complace en presentar microSDHC ( Secure Digital High Capacity ), cuya nueva interfaz permite velocidades de transferencia m\u00e1s r\u00e1pidas y ampl\u00eda la capacidad anterior m\u00e1xima de 2GB. <br \/>La ADATA microSDHC Clase 4 ofrece a los tel\u00e9fonos m\u00f3viles m\u00e1s memoria de almacenamiento para multimedia, negocios y datos personales. <br \/>La velocidad de transferencia de 4 MB\/s de la microSDHC la coloca como opci\u00f3n principal para microdispositivos de almacenamiento y como un art\u00edculo indispensable para su vida m\u00f3vil. La ADATA microSDHC Clase 4 ha sido fabricada seg\u00fan los est\u00e1ndares SD 2.0 de la Asociaci\u00f3n de Tarjetas SD, haci\u00e9ndola compatible con todos los dispositivos digitales microSDHC y soportando productos SDHC con el adaptador SDHC. <br \/>Adoptando el formato del sistema de archivos FAT32, la ADATA microSDHC Clase 4 sobrepasa el l\u00edmite de capacidad de 2GB de las tarjetas microSD y ofrece una velocidad de transferencia m\u00ednima de 2 MB\/s, cumpliendo con las especificaciones Clase 4 y cuidando de sus necesidades de almacenamiento con tarjetas de memoria a las mejores velocidades de lectura\/escritura. <\/p>\n<p><\/p>\n<p><strong>M\u00e1s segura, m\u00e1s fiable, m\u00e1s datos<br \/><\/strong><\/p>\n<p><\/p>\n<p>La memoria ADATA microSDHC Clase 4 puede almacenar hasta m\u00e1s de 8,000 archivos MP3, 9,600 fotos JPEG de alta resoluci\u00f3n u otros datos digitales <br \/>dependiendo de la capacidad. Tambi\u00e9n soporta Error Correcting Code ( ECC ), que autom\u00e1ticamente detecta y corrige errores durante la transferencia de datos, evitando que se alteren o pierdan los datos importantes. <br \/>Adem\u00e1s, la caracter\u00edstica In-System Programming ( ISP ) de la microSDHC permite a los usuarios cargar el \u00faltimo firmware y mejorar la compatibilidad. <br \/>En interruptor de protecci\u00f3n contra escritura incorporado mantiene sus datos m\u00e1s seguros, evitando sobrescribir o eliminar archivos de forma accidental.<\/p>\n<p><\/p>\n<p><strong>Especificaciones T\u00e9cnicas<\/strong><\/p>\n<p><\/p>\n<p>Dimensiones 15 x 11 x 1,0mm<\/p>\n<p>Peso 0,25g <\/p>\n<p>Capacidad 8GB<\/p>\n<p>Voltaje 2.7 a 3.6V<\/p>\n<p>Rendimiento Velocidad (lectura): 10 a 14 (MB\/s)**<br \/>Velocidad (escritura): 4 a 5 (MB\/s)**<\/p>\n<p>Certificados FCC , CE , VCCI , CTICK , EAC<\/p>\n<p>Velocidad de lectura\/escritura basada en pruebas internas de ADATA; el rendimiento puede ser inferior dependiendo del dispositivo anfitri\u00f3n.<\/p>\n<p>Clase de velocidad: Clase 4<\/p>\n<p>Compatibilidad tel\u00e9fono m\u00f3vil\/ Smartphone\/ tablet<\/p>\n<p>Temperatura de operaci\u00f3n -25\u00b0C (-13\u00b0F) a 85\u00b0C (185\u00b0F) <\/p>\n<p><\/p>\n<p><strong>Contenido Del Paquete<\/strong><\/p>\n<p><\/p>\n<p>Memoria- Documentaci\u00f3n<\/p>\n","protected":false},"excerpt":{"rendered":"<p># DE PARTE:AUSDH8GCL4-RA1<\/p>\n","protected":false},"featured_media":2506,"template":"","meta":{"site-sidebar-layout":"default","site-content-layout":"","ast-site-content-layout":"default","site-content-style":"default","site-sidebar-style":"default","ast-global-header-display":"","ast-banner-title-visibility":"","ast-main-header-display":"","ast-hfb-above-header-display":"","ast-hfb-below-header-display":"","ast-hfb-mobile-header-display":"","site-post-title":"","ast-breadcrumbs-content":"","ast-featured-img":"","footer-sml-layout":"","ast-disable-related-posts":"","theme-transparent-header-meta":"","adv-header-id-meta":"","stick-header-meta":"","header-above-stick-meta":"","header-main-stick-meta":"","header-below-stick-meta":"","astra-migrate-meta-layouts":"default","ast-page-background-enabled":"default","ast-page-background-meta":{"desktop":{"background-color":"var(--ast-global-color-4)","background-image":"","background-repeat":"repeat","background-position":"center center","background-size":"auto","background-attachment":"scroll","background-type":"","background-media":"","overlay-type":"","overlay-color":"","overlay-opacity":"","overlay-gradient":""},"tablet":{"background-color":"","background-image":"","background-repeat":"repeat","background-position":"center center","background-size":"auto","background-attachment":"scroll","background-type":"","background-media":"","overlay-type":"","overlay-color":"","overlay-opacity":"","overlay-gradient":""},"mobile":{"background-color":"","background-image":"","background-repeat":"repeat","background-position":"center center","background-size":"auto","background-attachment":"scroll","background-type":"","background-media":"","overlay-type":"","overlay-color":"","overlay-opacity":"","overlay-gradient":""}},"ast-content-background-meta":{"desktop":{"background-color":"var(--ast-global-color-5)","background-image":"","background-repeat":"repeat","background-position":"center center","background-size":"auto","background-attachment":"scroll","background-type":"","background-media":"","overlay-type":"","overlay-color":"","overlay-opacity":"","overlay-gradient":""},"tablet":{"background-color":"var(--ast-global-color-5)","background-image":"","background-repeat":"repeat","background-position":"center center","background-size":"auto","background-attachment":"scroll","background-type":"","background-media":"","overlay-type":"","overlay-color":"","overlay-opacity":"","overlay-gradient":""},"mobile":{"background-color":"var(--ast-global-color-5)","background-image":"","background-repeat":"repeat","background-position":"center center","background-size":"auto","background-attachment":"scroll","background-type":"","background-media":"","overlay-type":"","overlay-color":"","overlay-opacity":"","overlay-gradient":""}}},"product_brand":[],"product_cat":[58,140],"product_tag":[48],"class_list":{"0":"post-2442","1":"product","2":"type-product","3":"status-publish","4":"has-post-thumbnail","6":"product_cat-memorias","7":"product_cat-micro-sd","8":"product_tag-adata","9":"desktop-align-left","10":"tablet-align-left","11":"mobile-align-left","13":"first","14":"instock","15":"taxable","16":"shipping-taxable","17":"product-type-simple"},"yoast_head":"<!-- This site is optimized with the Yoast SEO plugin v27.4 - https:\/\/yoast.com\/product\/yoast-seo-wordpress\/ -->\n<title>Memoria Micro Sd Adata 8Gb Velocidad Clase 4 - IntegralPro<\/title>\n<meta name=\"robots\" content=\"index, follow, max-snippet:-1, max-image-preview:large, max-video-preview:-1\" \/>\n<link rel=\"canonical\" href=\"https:\/\/www.integralpro.com.co\/index.php\/producto\/memoria-micro-sd-adata-8gb-velocidad-clase-4\/\" \/>\n<meta property=\"og:locale\" content=\"es_ES\" \/>\n<meta property=\"og:type\" content=\"article\" \/>\n<meta property=\"og:title\" content=\"Memoria Micro Sd Adata 8Gb Velocidad Clase 4 - IntegralPro\" \/>\n<meta property=\"og:description\" content=\"# DE PARTE:AUSDH8GCL4-RA1\" \/>\n<meta property=\"og:url\" content=\"https:\/\/www.integralpro.com.co\/index.php\/producto\/memoria-micro-sd-adata-8gb-velocidad-clase-4\/\" \/>\n<meta property=\"og:site_name\" content=\"IntegralPro\" \/>\n<meta property=\"article:modified_time\" content=\"2021-02-19T19:56:49+00:00\" \/>\n<meta property=\"og:image\" content=\"https:\/\/www.integralpro.com.co\/wp-content\/uploads\/2021\/02\/2d350898f46e9f38a3302bfd5637b1c3.jpg\" \/>\n\t<meta property=\"og:image:width\" content=\"1000\" \/>\n\t<meta property=\"og:image:height\" content=\"1000\" \/>\n\t<meta property=\"og:image:type\" content=\"image\/jpeg\" \/>\n<meta name=\"twitter:card\" content=\"summary_large_image\" \/>\n<meta name=\"twitter:label1\" content=\"Tiempo de lectura\" \/>\n\t<meta name=\"twitter:data1\" content=\"2 minutos\" \/>\n<script type=\"application\/ld+json\" class=\"yoast-schema-graph\">{\"@context\":\"https:\\\/\\\/schema.org\",\"@graph\":[{\"@type\":\"WebPage\",\"@id\":\"https:\\\/\\\/www.integralpro.com.co\\\/index.php\\\/producto\\\/memoria-micro-sd-adata-8gb-velocidad-clase-4\\\/\",\"url\":\"https:\\\/\\\/www.integralpro.com.co\\\/index.php\\\/producto\\\/memoria-micro-sd-adata-8gb-velocidad-clase-4\\\/\",\"name\":\"Memoria Micro Sd Adata 8Gb Velocidad Clase 4 - IntegralPro\",\"isPartOf\":{\"@id\":\"https:\\\/\\\/www.integralpro.com.co\\\/#website\"},\"primaryImageOfPage\":{\"@id\":\"https:\\\/\\\/www.integralpro.com.co\\\/index.php\\\/producto\\\/memoria-micro-sd-adata-8gb-velocidad-clase-4\\\/#primaryimage\"},\"image\":{\"@id\":\"https:\\\/\\\/www.integralpro.com.co\\\/index.php\\\/producto\\\/memoria-micro-sd-adata-8gb-velocidad-clase-4\\\/#primaryimage\"},\"thumbnailUrl\":\"https:\\\/\\\/www.integralpro.com.co\\\/wp-content\\\/uploads\\\/2021\\\/02\\\/2d350898f46e9f38a3302bfd5637b1c3.jpg\",\"datePublished\":\"2021-02-19T19:56:11+00:00\",\"dateModified\":\"2021-02-19T19:56:49+00:00\",\"breadcrumb\":{\"@id\":\"https:\\\/\\\/www.integralpro.com.co\\\/index.php\\\/producto\\\/memoria-micro-sd-adata-8gb-velocidad-clase-4\\\/#breadcrumb\"},\"inLanguage\":\"es\",\"potentialAction\":[{\"@type\":\"ReadAction\",\"target\":[\"https:\\\/\\\/www.integralpro.com.co\\\/index.php\\\/producto\\\/memoria-micro-sd-adata-8gb-velocidad-clase-4\\\/\"]}]},{\"@type\":\"ImageObject\",\"inLanguage\":\"es\",\"@id\":\"https:\\\/\\\/www.integralpro.com.co\\\/index.php\\\/producto\\\/memoria-micro-sd-adata-8gb-velocidad-clase-4\\\/#primaryimage\",\"url\":\"https:\\\/\\\/www.integralpro.com.co\\\/wp-content\\\/uploads\\\/2021\\\/02\\\/2d350898f46e9f38a3302bfd5637b1c3.jpg\",\"contentUrl\":\"https:\\\/\\\/www.integralpro.com.co\\\/wp-content\\\/uploads\\\/2021\\\/02\\\/2d350898f46e9f38a3302bfd5637b1c3.jpg\",\"width\":1000,\"height\":1000},{\"@type\":\"BreadcrumbList\",\"@id\":\"https:\\\/\\\/www.integralpro.com.co\\\/index.php\\\/producto\\\/memoria-micro-sd-adata-8gb-velocidad-clase-4\\\/#breadcrumb\",\"itemListElement\":[{\"@type\":\"ListItem\",\"position\":1,\"name\":\"Portada\",\"item\":\"https:\\\/\\\/www.integralpro.com.co\\\/\"},{\"@type\":\"ListItem\",\"position\":2,\"name\":\"Tienda\",\"item\":\"https:\\\/\\\/www.integralpro.com.co\\\/index.php\\\/tienda\\\/\"},{\"@type\":\"ListItem\",\"position\":3,\"name\":\"Memoria Micro Sd Adata 8Gb Velocidad Clase 4\"}]},{\"@type\":\"WebSite\",\"@id\":\"https:\\\/\\\/www.integralpro.com.co\\\/#website\",\"url\":\"https:\\\/\\\/www.integralpro.com.co\\\/\",\"name\":\"IntegralPro\",\"description\":\"Tienda de Tecnolog\u00eda en L\u00ednea\",\"publisher\":{\"@id\":\"https:\\\/\\\/www.integralpro.com.co\\\/#organization\"},\"potentialAction\":[{\"@type\":\"SearchAction\",\"target\":{\"@type\":\"EntryPoint\",\"urlTemplate\":\"https:\\\/\\\/www.integralpro.com.co\\\/?s={search_term_string}\"},\"query-input\":{\"@type\":\"PropertyValueSpecification\",\"valueRequired\":true,\"valueName\":\"search_term_string\"}}],\"inLanguage\":\"es\"},{\"@type\":\"Organization\",\"@id\":\"https:\\\/\\\/www.integralpro.com.co\\\/#organization\",\"name\":\"IntegralPro SAS\",\"url\":\"https:\\\/\\\/www.integralpro.com.co\\\/\",\"logo\":{\"@type\":\"ImageObject\",\"inLanguage\":\"es\",\"@id\":\"https:\\\/\\\/www.integralpro.com.co\\\/#\\\/schema\\\/logo\\\/image\\\/\",\"url\":\"https:\\\/\\\/www.integralpro.com.co\\\/wp-content\\\/uploads\\\/2021\\\/02\\\/logo-def.jpg\",\"contentUrl\":\"https:\\\/\\\/www.integralpro.com.co\\\/wp-content\\\/uploads\\\/2021\\\/02\\\/logo-def.jpg\",\"width\":238,\"height\":234,\"caption\":\"IntegralPro SAS\"},\"image\":{\"@id\":\"https:\\\/\\\/www.integralpro.com.co\\\/#\\\/schema\\\/logo\\\/image\\\/\"}}]}<\/script>\n<!-- \/ Yoast SEO plugin. -->","yoast_head_json":{"title":"Memoria Micro Sd Adata 8Gb Velocidad Clase 4 - IntegralPro","robots":{"index":"index","follow":"follow","max-snippet":"max-snippet:-1","max-image-preview":"max-image-preview:large","max-video-preview":"max-video-preview:-1"},"canonical":"https:\/\/www.integralpro.com.co\/index.php\/producto\/memoria-micro-sd-adata-8gb-velocidad-clase-4\/","og_locale":"es_ES","og_type":"article","og_title":"Memoria Micro Sd Adata 8Gb Velocidad Clase 4 - IntegralPro","og_description":"# DE PARTE:AUSDH8GCL4-RA1","og_url":"https:\/\/www.integralpro.com.co\/index.php\/producto\/memoria-micro-sd-adata-8gb-velocidad-clase-4\/","og_site_name":"IntegralPro","article_modified_time":"2021-02-19T19:56:49+00:00","og_image":[{"width":1000,"height":1000,"url":"https:\/\/www.integralpro.com.co\/wp-content\/uploads\/2021\/02\/2d350898f46e9f38a3302bfd5637b1c3.jpg","type":"image\/jpeg"}],"twitter_card":"summary_large_image","twitter_misc":{"Tiempo de lectura":"2 minutos"},"schema":{"@context":"https:\/\/schema.org","@graph":[{"@type":"WebPage","@id":"https:\/\/www.integralpro.com.co\/index.php\/producto\/memoria-micro-sd-adata-8gb-velocidad-clase-4\/","url":"https:\/\/www.integralpro.com.co\/index.php\/producto\/memoria-micro-sd-adata-8gb-velocidad-clase-4\/","name":"Memoria Micro Sd Adata 8Gb Velocidad Clase 4 - IntegralPro","isPartOf":{"@id":"https:\/\/www.integralpro.com.co\/#website"},"primaryImageOfPage":{"@id":"https:\/\/www.integralpro.com.co\/index.php\/producto\/memoria-micro-sd-adata-8gb-velocidad-clase-4\/#primaryimage"},"image":{"@id":"https:\/\/www.integralpro.com.co\/index.php\/producto\/memoria-micro-sd-adata-8gb-velocidad-clase-4\/#primaryimage"},"thumbnailUrl":"https:\/\/www.integralpro.com.co\/wp-content\/uploads\/2021\/02\/2d350898f46e9f38a3302bfd5637b1c3.jpg","datePublished":"2021-02-19T19:56:11+00:00","dateModified":"2021-02-19T19:56:49+00:00","breadcrumb":{"@id":"https:\/\/www.integralpro.com.co\/index.php\/producto\/memoria-micro-sd-adata-8gb-velocidad-clase-4\/#breadcrumb"},"inLanguage":"es","potentialAction":[{"@type":"ReadAction","target":["https:\/\/www.integralpro.com.co\/index.php\/producto\/memoria-micro-sd-adata-8gb-velocidad-clase-4\/"]}]},{"@type":"ImageObject","inLanguage":"es","@id":"https:\/\/www.integralpro.com.co\/index.php\/producto\/memoria-micro-sd-adata-8gb-velocidad-clase-4\/#primaryimage","url":"https:\/\/www.integralpro.com.co\/wp-content\/uploads\/2021\/02\/2d350898f46e9f38a3302bfd5637b1c3.jpg","contentUrl":"https:\/\/www.integralpro.com.co\/wp-content\/uploads\/2021\/02\/2d350898f46e9f38a3302bfd5637b1c3.jpg","width":1000,"height":1000},{"@type":"BreadcrumbList","@id":"https:\/\/www.integralpro.com.co\/index.php\/producto\/memoria-micro-sd-adata-8gb-velocidad-clase-4\/#breadcrumb","itemListElement":[{"@type":"ListItem","position":1,"name":"Portada","item":"https:\/\/www.integralpro.com.co\/"},{"@type":"ListItem","position":2,"name":"Tienda","item":"https:\/\/www.integralpro.com.co\/index.php\/tienda\/"},{"@type":"ListItem","position":3,"name":"Memoria Micro Sd Adata 8Gb Velocidad Clase 4"}]},{"@type":"WebSite","@id":"https:\/\/www.integralpro.com.co\/#website","url":"https:\/\/www.integralpro.com.co\/","name":"IntegralPro","description":"Tienda de Tecnolog\u00eda en L\u00ednea","publisher":{"@id":"https:\/\/www.integralpro.com.co\/#organization"},"potentialAction":[{"@type":"SearchAction","target":{"@type":"EntryPoint","urlTemplate":"https:\/\/www.integralpro.com.co\/?s={search_term_string}"},"query-input":{"@type":"PropertyValueSpecification","valueRequired":true,"valueName":"search_term_string"}}],"inLanguage":"es"},{"@type":"Organization","@id":"https:\/\/www.integralpro.com.co\/#organization","name":"IntegralPro SAS","url":"https:\/\/www.integralpro.com.co\/","logo":{"@type":"ImageObject","inLanguage":"es","@id":"https:\/\/www.integralpro.com.co\/#\/schema\/logo\/image\/","url":"https:\/\/www.integralpro.com.co\/wp-content\/uploads\/2021\/02\/logo-def.jpg","contentUrl":"https:\/\/www.integralpro.com.co\/wp-content\/uploads\/2021\/02\/logo-def.jpg","width":238,"height":234,"caption":"IntegralPro SAS"},"image":{"@id":"https:\/\/www.integralpro.com.co\/#\/schema\/logo\/image\/"}}]}},"_links":{"self":[{"href":"https:\/\/www.integralpro.com.co\/index.php\/wp-json\/wp\/v2\/product\/2442","targetHints":{"allow":["GET"]}}],"collection":[{"href":"https:\/\/www.integralpro.com.co\/index.php\/wp-json\/wp\/v2\/product"}],"about":[{"href":"https:\/\/www.integralpro.com.co\/index.php\/wp-json\/wp\/v2\/types\/product"}],"version-history":[{"count":1,"href":"https:\/\/www.integralpro.com.co\/index.php\/wp-json\/wp\/v2\/product\/2442\/revisions"}],"predecessor-version":[{"id":2507,"href":"https:\/\/www.integralpro.com.co\/index.php\/wp-json\/wp\/v2\/product\/2442\/revisions\/2507"}],"wp:featuredmedia":[{"embeddable":true,"href":"https:\/\/www.integralpro.com.co\/index.php\/wp-json\/wp\/v2\/media\/2506"}],"wp:attachment":[{"href":"https:\/\/www.integralpro.com.co\/index.php\/wp-json\/wp\/v2\/media?parent=2442"}],"wp:term":[{"taxonomy":"product_brand","embeddable":true,"href":"https:\/\/www.integralpro.com.co\/index.php\/wp-json\/wp\/v2\/product_brand?post=2442"},{"taxonomy":"product_cat","embeddable":true,"href":"https:\/\/www.integralpro.com.co\/index.php\/wp-json\/wp\/v2\/product_cat?post=2442"},{"taxonomy":"product_tag","embeddable":true,"href":"https:\/\/www.integralpro.com.co\/index.php\/wp-json\/wp\/v2\/product_tag?post=2442"}],"curies":[{"name":"wp","href":"https:\/\/api.w.org\/{rel}","templated":true}]}}