{"id":2441,"date":"2021-02-19T14:56:11","date_gmt":"2021-02-19T19:56:11","guid":{"rendered":"https:\/\/www.integralpro.com.co\/index.php\/producto\/import-placeholder-for-1276\/"},"modified":"2021-02-19T14:56:47","modified_gmt":"2021-02-19T19:56:47","slug":"impresora-epson-multifuncional-workforce-m200-monocromatica","status":"publish","type":"product","link":"https:\/\/www.integralpro.com.co\/index.php\/producto\/impresora-epson-multifuncional-workforce-m200-monocromatica\/","title":{"rendered":"Impresora Epson Multifuncional Workforce M200 Monocromatica"},"content":{"rendered":"<p>La WorkForce M200 es la multifuncional monocrom\u00e1tica perfecta para los grupos de trabajo. Brinda bajo costo de operaci\u00f3n en altos vol\u00famenes de impresi\u00f3n con calidad superior. Con Ethernet incorporado para impresi\u00f3n en red en grupos de trabajo. \u00danica con el sistema original de Tanque de Tinta, incluye 2 botellas de tinta negra y 2 a\u00f1os de garant\u00eda EPSON**. Cada econ\u00f3mica botella de reemplazo rinde incre\u00edblemente hasta 6000 p\u00e1ginas, para un costo por p\u00e1gina insuperable -aun m\u00e1s bajo que el t\u00f3ner de recarga. Incluye alimentador de documentos de 30 p\u00e1ginas para copiar y escaner autom\u00e1ticamente.<\/p>\n<p><\/p>\n<p><strong>Rentabilidad Inagotable<br \/><\/strong><\/p>\n<p><\/p>\n<p>Multifuncional con sistema original de Tanque de Tinta con Impresora, Copiadora, Esc\u00e1ner y Ethernet<\/p>\n<p>Con Ethernet incorporado comparte la M200 en la oficina para imprimir y escanear en grupos de trabajo<\/p>\n<p>Costo de impresi\u00f3n insuperable-aun m\u00e1s bajo que el t\u00f3ner de recarga<\/p>\n<p>Calidad y garant\u00eda original Epson acceso a una garant\u00eda de 2 a\u00f1os** y a la extensa red de servicio y soporte Epson<\/p>\n<p>Rellena el tanque f\u00e1cilmente Dos botellas de tinta negra incluidas. Cada botella de reemplazo rinde aproximadamente 6000 p\u00e1ginas* Tintas originales de pigmento, de secado instant\u00e1neo, para documentos con resistencia a la decoloraci\u00f3n y el agua<\/p>\n<p>Imprime r\u00e1pidamente documentos de calidad profesional en 15 ppm y de uso general en 35 ppm<\/p>\n<p>Esc\u00e1ner de 48 bits y 1200 x 2400 dpi para ampliaciones de fotos y documentos OCR. Alimentador autom\u00e1tico de documentos de 30 p\u00e1ginas para copiar y escaner f\u00e1cilmente<\/p>\n<p>Impresi\u00f3n a doble faz manual para ahorrar papel<\/p>\n<p><\/p>\n<p><strong>Especificaciones T\u00e9cnicas<\/strong><\/p>\n<p><\/p>\n<p>Dimensiones 43.5 x 37.7 x 22.6 cm<\/p>\n<p>Peso 6 Kg (sin tinta)<\/p>\n<p>Tecnolog\u00eda de Impresi\u00f3n:<br \/>Tecnolog\u00eda MicroPiezo\u00ae monocrom\u00e1tica optimizada<\/p>\n<p>Tama\u00f1o M\u00ednimo de la Gota de Tinta:<br \/>3 picolitros<\/p>\n<p>Resoluci\u00f3n M\u00e1xima de Impresi\u00f3n:<br \/>Hasta 1440 x 720 dpi de resoluci\u00f3n<\/p>\n<p>\u00c1rea M\u00e1xima de Impresi\u00f3n:<br \/>M\u00e1xima: 21,6cm (8,5&#8243;) (ancho) x 111 cm (44&#8243;) (largo)<\/p>\n<p>Velocidad de Impresi\u00f3n ISO:<br \/>M\u00e1xima: 35 ppm en texto negro <br \/>Normal: 15 ISO ppm en negro<\/p>\n<p>Configuraci\u00f3n del Cabezal:<br \/>Monocrom\u00e1tica: 360 boquillas (K)<\/p>\n<p>Sistemas de Operaci\u00f3n: Windows\u00ae 8, Windows\u00ae 7, Windows Vista\u00ae, Windows XP, <br \/>Windows XP Professional x64 Mac OS\u00ae X, 10.5.8, 10.6.x, 10.7.x, 10.8.x<\/p>\n<p>Nivel de Sonido: 39 dB(A)<\/p>\n<p>Modo de Copia:<br \/>Carta, A4<\/p>\n<p>Velocidad de Copia:<br \/>M\u00e1xima: Negro 35 ppm<\/p>\n<p>Cantidad de Copias:<br \/>Hasta 99 copias sin PC (fijo) <\/p>\n<p><\/p>\n<p><strong>Contenido Del Paquete<\/strong><\/p>\n<p><\/p>\n<p>Multifuncional &#8211; 2 botellas de tinta negra de 140ml cada una &#8211; Cable de Alimentaci\u00f3n &#8211; Cable USB &#8211; Documentaci\u00f3n<\/p>\n","protected":false},"excerpt":{"rendered":"<p># DE PARTE:C11CC83302<\/p>\n","protected":false},"featured_media":2504,"template":"","meta":{"site-sidebar-layout":"default","site-content-layout":"","ast-site-content-layout":"default","site-content-style":"default","site-sidebar-style":"default","ast-global-header-display":"","ast-banner-title-visibility":"","ast-main-header-display":"","ast-hfb-above-header-display":"","ast-hfb-below-header-display":"","ast-hfb-mobile-header-display":"","site-post-title":"","ast-breadcrumbs-content":"","ast-featured-img":"","footer-sml-layout":"","ast-disable-related-posts":"","theme-transparent-header-meta":"","adv-header-id-meta":"","stick-header-meta":"","header-above-stick-meta":"","header-main-stick-meta":"","header-below-stick-meta":"","astra-migrate-meta-layouts":"default","ast-page-background-enabled":"default","ast-page-background-meta":{"desktop":{"background-color":"var(--ast-global-color-4)","background-image":"","background-repeat":"repeat","background-position":"center center","background-size":"auto","background-attachment":"scroll","background-type":"","background-media":"","overlay-type":"","overlay-color":"","overlay-opacity":"","overlay-gradient":""},"tablet":{"background-color":"","background-image":"","background-repeat":"repeat","background-position":"center center","background-size":"auto","background-attachment":"scroll","background-type":"","background-media":"","overlay-type":"","overlay-color":"","overlay-opacity":"","overlay-gradient":""},"mobile":{"background-color":"","background-image":"","background-repeat":"repeat","background-position":"center center","background-size":"auto","background-attachment":"scroll","background-type":"","background-media":"","overlay-type":"","overlay-color":"","overlay-opacity":"","overlay-gradient":""}},"ast-content-background-meta":{"desktop":{"background-color":"var(--ast-global-color-5)","background-image":"","background-repeat":"repeat","background-position":"center center","background-size":"auto","background-attachment":"scroll","background-type":"","background-media":"","overlay-type":"","overlay-color":"","overlay-opacity":"","overlay-gradient":""},"tablet":{"background-color":"var(--ast-global-color-5)","background-image":"","background-repeat":"repeat","background-position":"center center","background-size":"auto","background-attachment":"scroll","background-type":"","background-media":"","overlay-type":"","overlay-color":"","overlay-opacity":"","overlay-gradient":""},"mobile":{"background-color":"var(--ast-global-color-5)","background-image":"","background-repeat":"repeat","background-position":"center center","background-size":"auto","background-attachment":"scroll","background-type":"","background-media":"","overlay-type":"","overlay-color":"","overlay-opacity":"","overlay-gradient":""}}},"product_brand":[],"product_cat":[57],"product_tag":[40],"class_list":{"0":"post-2441","1":"product","2":"type-product","3":"status-publish","4":"has-post-thumbnail","6":"product_cat-impresoras-y-suministros","7":"product_tag-epson","8":"desktop-align-left","9":"tablet-align-left","10":"mobile-align-left","12":"first","13":"instock","14":"taxable","15":"shipping-taxable","16":"product-type-simple"},"yoast_head":"<!-- This site is optimized with the Yoast SEO plugin v27.4 - https:\/\/yoast.com\/product\/yoast-seo-wordpress\/ -->\n<title>Impresora Epson Multifuncional Workforce M200 Monocromatica - IntegralPro<\/title>\n<meta name=\"robots\" content=\"index, follow, max-snippet:-1, max-image-preview:large, max-video-preview:-1\" \/>\n<link rel=\"canonical\" href=\"https:\/\/www.integralpro.com.co\/index.php\/producto\/impresora-epson-multifuncional-workforce-m200-monocromatica\/\" \/>\n<meta property=\"og:locale\" content=\"es_ES\" \/>\n<meta property=\"og:type\" content=\"article\" \/>\n<meta property=\"og:title\" content=\"Impresora Epson Multifuncional Workforce M200 Monocromatica - IntegralPro\" \/>\n<meta property=\"og:description\" content=\"# DE PARTE:C11CC83302\" \/>\n<meta property=\"og:url\" content=\"https:\/\/www.integralpro.com.co\/index.php\/producto\/impresora-epson-multifuncional-workforce-m200-monocromatica\/\" \/>\n<meta property=\"og:site_name\" content=\"IntegralPro\" \/>\n<meta property=\"article:modified_time\" content=\"2021-02-19T19:56:47+00:00\" \/>\n<meta property=\"og:image\" content=\"https:\/\/www.integralpro.com.co\/wp-content\/uploads\/2021\/02\/e71fd918984c86380d9e252bf9f7c472.jpg\" \/>\n\t<meta property=\"og:image:width\" content=\"1000\" \/>\n\t<meta property=\"og:image:height\" content=\"1000\" \/>\n\t<meta property=\"og:image:type\" content=\"image\/jpeg\" \/>\n<meta name=\"twitter:card\" content=\"summary_large_image\" \/>\n<meta name=\"twitter:label1\" content=\"Tiempo de lectura\" \/>\n\t<meta name=\"twitter:data1\" content=\"2 minutos\" \/>\n<script type=\"application\/ld+json\" class=\"yoast-schema-graph\">{\"@context\":\"https:\\\/\\\/schema.org\",\"@graph\":[{\"@type\":\"WebPage\",\"@id\":\"https:\\\/\\\/www.integralpro.com.co\\\/index.php\\\/producto\\\/impresora-epson-multifuncional-workforce-m200-monocromatica\\\/\",\"url\":\"https:\\\/\\\/www.integralpro.com.co\\\/index.php\\\/producto\\\/impresora-epson-multifuncional-workforce-m200-monocromatica\\\/\",\"name\":\"Impresora Epson Multifuncional Workforce M200 Monocromatica - IntegralPro\",\"isPartOf\":{\"@id\":\"https:\\\/\\\/www.integralpro.com.co\\\/#website\"},\"primaryImageOfPage\":{\"@id\":\"https:\\\/\\\/www.integralpro.com.co\\\/index.php\\\/producto\\\/impresora-epson-multifuncional-workforce-m200-monocromatica\\\/#primaryimage\"},\"image\":{\"@id\":\"https:\\\/\\\/www.integralpro.com.co\\\/index.php\\\/producto\\\/impresora-epson-multifuncional-workforce-m200-monocromatica\\\/#primaryimage\"},\"thumbnailUrl\":\"https:\\\/\\\/www.integralpro.com.co\\\/wp-content\\\/uploads\\\/2021\\\/02\\\/e71fd918984c86380d9e252bf9f7c472.jpg\",\"datePublished\":\"2021-02-19T19:56:11+00:00\",\"dateModified\":\"2021-02-19T19:56:47+00:00\",\"breadcrumb\":{\"@id\":\"https:\\\/\\\/www.integralpro.com.co\\\/index.php\\\/producto\\\/impresora-epson-multifuncional-workforce-m200-monocromatica\\\/#breadcrumb\"},\"inLanguage\":\"es\",\"potentialAction\":[{\"@type\":\"ReadAction\",\"target\":[\"https:\\\/\\\/www.integralpro.com.co\\\/index.php\\\/producto\\\/impresora-epson-multifuncional-workforce-m200-monocromatica\\\/\"]}]},{\"@type\":\"ImageObject\",\"inLanguage\":\"es\",\"@id\":\"https:\\\/\\\/www.integralpro.com.co\\\/index.php\\\/producto\\\/impresora-epson-multifuncional-workforce-m200-monocromatica\\\/#primaryimage\",\"url\":\"https:\\\/\\\/www.integralpro.com.co\\\/wp-content\\\/uploads\\\/2021\\\/02\\\/e71fd918984c86380d9e252bf9f7c472.jpg\",\"contentUrl\":\"https:\\\/\\\/www.integralpro.com.co\\\/wp-content\\\/uploads\\\/2021\\\/02\\\/e71fd918984c86380d9e252bf9f7c472.jpg\",\"width\":1000,\"height\":1000},{\"@type\":\"BreadcrumbList\",\"@id\":\"https:\\\/\\\/www.integralpro.com.co\\\/index.php\\\/producto\\\/impresora-epson-multifuncional-workforce-m200-monocromatica\\\/#breadcrumb\",\"itemListElement\":[{\"@type\":\"ListItem\",\"position\":1,\"name\":\"Portada\",\"item\":\"https:\\\/\\\/www.integralpro.com.co\\\/\"},{\"@type\":\"ListItem\",\"position\":2,\"name\":\"Tienda\",\"item\":\"https:\\\/\\\/www.integralpro.com.co\\\/index.php\\\/tienda\\\/\"},{\"@type\":\"ListItem\",\"position\":3,\"name\":\"Impresora Epson Multifuncional Workforce M200 Monocromatica\"}]},{\"@type\":\"WebSite\",\"@id\":\"https:\\\/\\\/www.integralpro.com.co\\\/#website\",\"url\":\"https:\\\/\\\/www.integralpro.com.co\\\/\",\"name\":\"IntegralPro\",\"description\":\"Tienda de Tecnolog\u00eda en L\u00ednea\",\"publisher\":{\"@id\":\"https:\\\/\\\/www.integralpro.com.co\\\/#organization\"},\"potentialAction\":[{\"@type\":\"SearchAction\",\"target\":{\"@type\":\"EntryPoint\",\"urlTemplate\":\"https:\\\/\\\/www.integralpro.com.co\\\/?s={search_term_string}\"},\"query-input\":{\"@type\":\"PropertyValueSpecification\",\"valueRequired\":true,\"valueName\":\"search_term_string\"}}],\"inLanguage\":\"es\"},{\"@type\":\"Organization\",\"@id\":\"https:\\\/\\\/www.integralpro.com.co\\\/#organization\",\"name\":\"IntegralPro SAS\",\"url\":\"https:\\\/\\\/www.integralpro.com.co\\\/\",\"logo\":{\"@type\":\"ImageObject\",\"inLanguage\":\"es\",\"@id\":\"https:\\\/\\\/www.integralpro.com.co\\\/#\\\/schema\\\/logo\\\/image\\\/\",\"url\":\"https:\\\/\\\/www.integralpro.com.co\\\/wp-content\\\/uploads\\\/2021\\\/02\\\/logo-def.jpg\",\"contentUrl\":\"https:\\\/\\\/www.integralpro.com.co\\\/wp-content\\\/uploads\\\/2021\\\/02\\\/logo-def.jpg\",\"width\":238,\"height\":234,\"caption\":\"IntegralPro SAS\"},\"image\":{\"@id\":\"https:\\\/\\\/www.integralpro.com.co\\\/#\\\/schema\\\/logo\\\/image\\\/\"}}]}<\/script>\n<!-- \/ Yoast SEO plugin. -->","yoast_head_json":{"title":"Impresora Epson Multifuncional Workforce M200 Monocromatica - IntegralPro","robots":{"index":"index","follow":"follow","max-snippet":"max-snippet:-1","max-image-preview":"max-image-preview:large","max-video-preview":"max-video-preview:-1"},"canonical":"https:\/\/www.integralpro.com.co\/index.php\/producto\/impresora-epson-multifuncional-workforce-m200-monocromatica\/","og_locale":"es_ES","og_type":"article","og_title":"Impresora Epson Multifuncional Workforce M200 Monocromatica - IntegralPro","og_description":"# DE PARTE:C11CC83302","og_url":"https:\/\/www.integralpro.com.co\/index.php\/producto\/impresora-epson-multifuncional-workforce-m200-monocromatica\/","og_site_name":"IntegralPro","article_modified_time":"2021-02-19T19:56:47+00:00","og_image":[{"width":1000,"height":1000,"url":"https:\/\/www.integralpro.com.co\/wp-content\/uploads\/2021\/02\/e71fd918984c86380d9e252bf9f7c472.jpg","type":"image\/jpeg"}],"twitter_card":"summary_large_image","twitter_misc":{"Tiempo de lectura":"2 minutos"},"schema":{"@context":"https:\/\/schema.org","@graph":[{"@type":"WebPage","@id":"https:\/\/www.integralpro.com.co\/index.php\/producto\/impresora-epson-multifuncional-workforce-m200-monocromatica\/","url":"https:\/\/www.integralpro.com.co\/index.php\/producto\/impresora-epson-multifuncional-workforce-m200-monocromatica\/","name":"Impresora Epson Multifuncional Workforce M200 Monocromatica - IntegralPro","isPartOf":{"@id":"https:\/\/www.integralpro.com.co\/#website"},"primaryImageOfPage":{"@id":"https:\/\/www.integralpro.com.co\/index.php\/producto\/impresora-epson-multifuncional-workforce-m200-monocromatica\/#primaryimage"},"image":{"@id":"https:\/\/www.integralpro.com.co\/index.php\/producto\/impresora-epson-multifuncional-workforce-m200-monocromatica\/#primaryimage"},"thumbnailUrl":"https:\/\/www.integralpro.com.co\/wp-content\/uploads\/2021\/02\/e71fd918984c86380d9e252bf9f7c472.jpg","datePublished":"2021-02-19T19:56:11+00:00","dateModified":"2021-02-19T19:56:47+00:00","breadcrumb":{"@id":"https:\/\/www.integralpro.com.co\/index.php\/producto\/impresora-epson-multifuncional-workforce-m200-monocromatica\/#breadcrumb"},"inLanguage":"es","potentialAction":[{"@type":"ReadAction","target":["https:\/\/www.integralpro.com.co\/index.php\/producto\/impresora-epson-multifuncional-workforce-m200-monocromatica\/"]}]},{"@type":"ImageObject","inLanguage":"es","@id":"https:\/\/www.integralpro.com.co\/index.php\/producto\/impresora-epson-multifuncional-workforce-m200-monocromatica\/#primaryimage","url":"https:\/\/www.integralpro.com.co\/wp-content\/uploads\/2021\/02\/e71fd918984c86380d9e252bf9f7c472.jpg","contentUrl":"https:\/\/www.integralpro.com.co\/wp-content\/uploads\/2021\/02\/e71fd918984c86380d9e252bf9f7c472.jpg","width":1000,"height":1000},{"@type":"BreadcrumbList","@id":"https:\/\/www.integralpro.com.co\/index.php\/producto\/impresora-epson-multifuncional-workforce-m200-monocromatica\/#breadcrumb","itemListElement":[{"@type":"ListItem","position":1,"name":"Portada","item":"https:\/\/www.integralpro.com.co\/"},{"@type":"ListItem","position":2,"name":"Tienda","item":"https:\/\/www.integralpro.com.co\/index.php\/tienda\/"},{"@type":"ListItem","position":3,"name":"Impresora Epson Multifuncional Workforce M200 Monocromatica"}]},{"@type":"WebSite","@id":"https:\/\/www.integralpro.com.co\/#website","url":"https:\/\/www.integralpro.com.co\/","name":"IntegralPro","description":"Tienda de Tecnolog\u00eda en L\u00ednea","publisher":{"@id":"https:\/\/www.integralpro.com.co\/#organization"},"potentialAction":[{"@type":"SearchAction","target":{"@type":"EntryPoint","urlTemplate":"https:\/\/www.integralpro.com.co\/?s={search_term_string}"},"query-input":{"@type":"PropertyValueSpecification","valueRequired":true,"valueName":"search_term_string"}}],"inLanguage":"es"},{"@type":"Organization","@id":"https:\/\/www.integralpro.com.co\/#organization","name":"IntegralPro SAS","url":"https:\/\/www.integralpro.com.co\/","logo":{"@type":"ImageObject","inLanguage":"es","@id":"https:\/\/www.integralpro.com.co\/#\/schema\/logo\/image\/","url":"https:\/\/www.integralpro.com.co\/wp-content\/uploads\/2021\/02\/logo-def.jpg","contentUrl":"https:\/\/www.integralpro.com.co\/wp-content\/uploads\/2021\/02\/logo-def.jpg","width":238,"height":234,"caption":"IntegralPro SAS"},"image":{"@id":"https:\/\/www.integralpro.com.co\/#\/schema\/logo\/image\/"}}]}},"_links":{"self":[{"href":"https:\/\/www.integralpro.com.co\/index.php\/wp-json\/wp\/v2\/product\/2441","targetHints":{"allow":["GET"]}}],"collection":[{"href":"https:\/\/www.integralpro.com.co\/index.php\/wp-json\/wp\/v2\/product"}],"about":[{"href":"https:\/\/www.integralpro.com.co\/index.php\/wp-json\/wp\/v2\/types\/product"}],"version-history":[{"count":1,"href":"https:\/\/www.integralpro.com.co\/index.php\/wp-json\/wp\/v2\/product\/2441\/revisions"}],"predecessor-version":[{"id":2505,"href":"https:\/\/www.integralpro.com.co\/index.php\/wp-json\/wp\/v2\/product\/2441\/revisions\/2505"}],"wp:featuredmedia":[{"embeddable":true,"href":"https:\/\/www.integralpro.com.co\/index.php\/wp-json\/wp\/v2\/media\/2504"}],"wp:attachment":[{"href":"https:\/\/www.integralpro.com.co\/index.php\/wp-json\/wp\/v2\/media?parent=2441"}],"wp:term":[{"taxonomy":"product_brand","embeddable":true,"href":"https:\/\/www.integralpro.com.co\/index.php\/wp-json\/wp\/v2\/product_brand?post=2441"},{"taxonomy":"product_cat","embeddable":true,"href":"https:\/\/www.integralpro.com.co\/index.php\/wp-json\/wp\/v2\/product_cat?post=2441"},{"taxonomy":"product_tag","embeddable":true,"href":"https:\/\/www.integralpro.com.co\/index.php\/wp-json\/wp\/v2\/product_tag?post=2441"}],"curies":[{"name":"wp","href":"https:\/\/api.w.org\/{rel}","templated":true}]}}