{"id":2404,"date":"2021-02-19T14:55:50","date_gmt":"2021-02-19T19:55:50","guid":{"rendered":"https:\/\/www.integralpro.com.co\/index.php\/producto\/import-placeholder-for-1265\/"},"modified":"2021-02-19T14:56:30","modified_gmt":"2021-02-19T19:56:30","slug":"envolvente-para-rack-de-servidor-apc-ar3100-netshelter","status":"publish","type":"product","link":"https:\/\/www.integralpro.com.co\/index.php\/producto\/envolvente-para-rack-de-servidor-apc-ar3100-netshelter\/","title":{"rendered":"Envolvente Para Rack De Servidor Apc Ar3100 Netshelter"},"content":{"rendered":"<p>Puerta frontal perforada con perfil curvo<br \/>Las puertas delantera y trasera perforadas facilitan una generosa ventilaci\u00f3n para servidores y equipos de red. La zona perforada de la puerta delantera est\u00e1 optimizada con un perfil curvo para ofrecer una mayor superficie libre y margen para cobertura de perforaci\u00f3n y un \u00edndice de perforaci\u00f3n m\u00e1s alto.<\/p>\n<p><strong>Puertas de desbloqueo r\u00e1pido<\/strong><\/p>\n<p>La puerta delantera puede desplazarse al lado opuesto o intercambiarse con las puertas traseras. Las puertas se retiran f\u00e1cilmente simplemente levant\u00e1ndolas gracias a su sencillo dise\u00f1o.<\/p>\n<p><\/p>\n<p><strong>Soporte para c\u00e1ncamos integrado en el bastidor del armario<br \/><\/strong><\/p>\n<p><\/p>\n<p>Los agujeros de c\u00e1ncamos integrados en la parte superior del bastidor del armario permiten levantar el armario para moverlo y posicionarlo usando mecanismos de izado mediante c\u00e1ncamos. Para especificaciones m\u00e1s detalladas acerca de las caracter\u00edsticas requeridas de los c\u00e1ncamos y los l\u00edmites de peso del armario, consulte la documentaci\u00f3n de usuario.<\/p>\n<p><\/p>\n<p><strong>Los ra\u00edles de montaje del equipo se integran con los sistemas de cableado patch<br \/><\/strong><\/p>\n<p><\/p>\n<p>Los ra\u00edles de montaje de equipos incluyen, adem\u00e1s del espacio de montaje EIA 19&#8243;, orificios de montaje zero U que permiten instalar sistemas patch de cable de distribuci\u00f3n de datos APC (DDC) sin ocupar espacio U necesario para equipos de importancia cr\u00edtica. Los dise\u00f1os de armario AV y de red no incluyen ubicaciones de orificios para la integraci\u00f3n de cableado DDC. Existen otras opciones de 1U, 2U y zero U en armario trasero para el uso con estos armarios.<\/p>\n<p><\/p>\n<p><strong>Paneles laterales de media altura y opci\u00f3n con burletes de cepillo para paso de cables<br \/><\/strong><\/p>\n<p><\/p>\n<p>Los paneles laterales de desbloqueo r\u00e1pido de media altura reducen el tama\u00f1o y el peso para facilitar el manejo y el acceso a los equipos. Los paneles laterales pueden bloquearse utilizando una sola llave con las puertas. Ahora se ofrecen opciones de panel lateral integradas con orificios para paso de cables y burletes de cepillo para encaminar el cableado hacia racks contiguos en una hilera sin renunciar a un flujo de aire adecuado.<\/p>\n<p><\/p>\n<p><strong>Techo de acceso a cable de f\u00e1cil extracci\u00f3n<br \/><\/strong><\/p>\n<p><\/p>\n<p>El techo puede retirarse con sencillas bisagras de pasador extra\u00edble para acceder durante la instalaci\u00f3n de los equipos o incluso con cableado ya dispuesto y encaminado a trav\u00e9s de las aberturas para cables. Una vez retirado, el techo puede invertirse a fin de cambiar la posici\u00f3n de las aberturas de cable m\u00e1s grandes para las clavijas y conectores de distribuci\u00f3n diel\u00e9ctrica.<\/p>\n<p><\/p>\n<p><strong>Integrado con productos InfraStruxure <\/strong><\/p>\n<p><\/p>\n<p>Los productos de refrigeraci\u00f3n, distribuci\u00f3n el\u00e9ctrica y organizaci\u00f3n de cables de Schneider Electric funcionan a la perfecci\u00f3n en armarios de TI para proporcionar un sistema completo de apoyo a infraestructuras.<\/p>\n<p><\/p>\n<p><strong>Especificaciones T\u00e9cnicas<\/strong><\/p>\n<p><\/p>\n<p>Dimensiones: 200 x 60 x 107 cm<\/p>\n<p>Peso: 145 Kg<\/p>\n<p>Aceptaciones:<br \/>UL 2416, UL 60950-1<\/p>\n<p>RoHS:<br \/>Conforme<\/p>\n<p>Alcance: no contiene sustancias extremadamente preocupantes<\/p>\n<p>PEP: Disponible en la pesta\u00f1a de documentaci\u00f3n<\/p>\n<p>EOLI:<br \/>Disponible en la pesta\u00f1a de documentaci\u00f3n<\/p>\n<p>Cumplimiento de otras normativas ambientales RoHS de China<\/p>\n<p><\/p>\n<p><strong>Contenido Del Paquete<\/strong><\/p>\n<p><\/p>\n<p>Llaves &#8211; Puertas con pasadores y paneles laterales &#8211; Pies de nivelado <br \/>&#8211; Herrajes de montaje &#8211; Preinstaladas Ruedecillas &#8211; Paneles laterales &#8211; <br \/>Documentaci\u00f3n<\/p>\n","protected":false},"excerpt":{"rendered":"<p># DE PARTE:AR3100<\/p>\n","protected":false},"featured_media":2471,"template":"","meta":{"site-sidebar-layout":"default","site-content-layout":"","ast-site-content-layout":"default","site-content-style":"default","site-sidebar-style":"default","ast-global-header-display":"","ast-banner-title-visibility":"","ast-main-header-display":"","ast-hfb-above-header-display":"","ast-hfb-below-header-display":"","ast-hfb-mobile-header-display":"","site-post-title":"","ast-breadcrumbs-content":"","ast-featured-img":"","footer-sml-layout":"","ast-disable-related-posts":"","theme-transparent-header-meta":"","adv-header-id-meta":"","stick-header-meta":"","header-above-stick-meta":"","header-main-stick-meta":"","header-below-stick-meta":"","astra-migrate-meta-layouts":"default","ast-page-background-enabled":"default","ast-page-background-meta":{"desktop":{"background-color":"var(--ast-global-color-4)","background-image":"","background-repeat":"repeat","background-position":"center center","background-size":"auto","background-attachment":"scroll","background-type":"","background-media":"","overlay-type":"","overlay-color":"","overlay-opacity":"","overlay-gradient":""},"tablet":{"background-color":"","background-image":"","background-repeat":"repeat","background-position":"center center","background-size":"auto","background-attachment":"scroll","background-type":"","background-media":"","overlay-type":"","overlay-color":"","overlay-opacity":"","overlay-gradient":""},"mobile":{"background-color":"","background-image":"","background-repeat":"repeat","background-position":"center center","background-size":"auto","background-attachment":"scroll","background-type":"","background-media":"","overlay-type":"","overlay-color":"","overlay-opacity":"","overlay-gradient":""}},"ast-content-background-meta":{"desktop":{"background-color":"var(--ast-global-color-5)","background-image":"","background-repeat":"repeat","background-position":"center center","background-size":"auto","background-attachment":"scroll","background-type":"","background-media":"","overlay-type":"","overlay-color":"","overlay-opacity":"","overlay-gradient":""},"tablet":{"background-color":"var(--ast-global-color-5)","background-image":"","background-repeat":"repeat","background-position":"center center","background-size":"auto","background-attachment":"scroll","background-type":"","background-media":"","overlay-type":"","overlay-color":"","overlay-opacity":"","overlay-gradient":""},"mobile":{"background-color":"var(--ast-global-color-5)","background-image":"","background-repeat":"repeat","background-position":"center center","background-size":"auto","background-attachment":"scroll","background-type":"","background-media":"","overlay-type":"","overlay-color":"","overlay-opacity":"","overlay-gradient":""}}},"product_brand":[],"product_cat":[161,65],"product_tag":[450],"class_list":{"0":"post-2404","1":"product","2":"type-product","3":"status-publish","4":"has-post-thumbnail","6":"product_cat-accesorios-para-ups","7":"product_cat-ups-reguladores-de-voltaje","8":"product_tag-apc","9":"desktop-align-left","10":"tablet-align-left","11":"mobile-align-left","13":"first","14":"instock","15":"taxable","16":"shipping-taxable","17":"product-type-simple"},"yoast_head":"<!-- This site is optimized with the Yoast SEO plugin v27.3 - https:\/\/yoast.com\/product\/yoast-seo-wordpress\/ -->\n<title>Envolvente Para Rack De Servidor Apc Ar3100 Netshelter - IntegralPro<\/title>\n<meta name=\"robots\" content=\"index, follow, max-snippet:-1, max-image-preview:large, max-video-preview:-1\" \/>\n<link rel=\"canonical\" href=\"https:\/\/www.integralpro.com.co\/index.php\/producto\/envolvente-para-rack-de-servidor-apc-ar3100-netshelter\/\" \/>\n<meta property=\"og:locale\" content=\"es_ES\" \/>\n<meta property=\"og:type\" content=\"article\" \/>\n<meta property=\"og:title\" content=\"Envolvente Para Rack De Servidor Apc Ar3100 Netshelter - IntegralPro\" \/>\n<meta property=\"og:description\" content=\"# DE PARTE:AR3100\" \/>\n<meta property=\"og:url\" content=\"https:\/\/www.integralpro.com.co\/index.php\/producto\/envolvente-para-rack-de-servidor-apc-ar3100-netshelter\/\" \/>\n<meta property=\"og:site_name\" content=\"IntegralPro\" \/>\n<meta property=\"article:modified_time\" content=\"2021-02-19T19:56:30+00:00\" \/>\n<meta property=\"og:image\" content=\"https:\/\/www.integralpro.com.co\/wp-content\/uploads\/2021\/02\/1b29cf0ee573b10b45da3eca24b01e4c.jpg\" \/>\n\t<meta property=\"og:image:width\" content=\"1000\" \/>\n\t<meta property=\"og:image:height\" content=\"1000\" \/>\n\t<meta property=\"og:image:type\" content=\"image\/jpeg\" \/>\n<meta name=\"twitter:card\" content=\"summary_large_image\" \/>\n<meta name=\"twitter:label1\" content=\"Tiempo de lectura\" \/>\n\t<meta name=\"twitter:data1\" content=\"3 minutos\" \/>\n<script type=\"application\/ld+json\" class=\"yoast-schema-graph\">{\"@context\":\"https:\\\/\\\/schema.org\",\"@graph\":[{\"@type\":\"WebPage\",\"@id\":\"https:\\\/\\\/www.integralpro.com.co\\\/index.php\\\/producto\\\/envolvente-para-rack-de-servidor-apc-ar3100-netshelter\\\/\",\"url\":\"https:\\\/\\\/www.integralpro.com.co\\\/index.php\\\/producto\\\/envolvente-para-rack-de-servidor-apc-ar3100-netshelter\\\/\",\"name\":\"Envolvente Para Rack De Servidor Apc Ar3100 Netshelter - IntegralPro\",\"isPartOf\":{\"@id\":\"https:\\\/\\\/www.integralpro.com.co\\\/#website\"},\"primaryImageOfPage\":{\"@id\":\"https:\\\/\\\/www.integralpro.com.co\\\/index.php\\\/producto\\\/envolvente-para-rack-de-servidor-apc-ar3100-netshelter\\\/#primaryimage\"},\"image\":{\"@id\":\"https:\\\/\\\/www.integralpro.com.co\\\/index.php\\\/producto\\\/envolvente-para-rack-de-servidor-apc-ar3100-netshelter\\\/#primaryimage\"},\"thumbnailUrl\":\"https:\\\/\\\/www.integralpro.com.co\\\/wp-content\\\/uploads\\\/2021\\\/02\\\/1b29cf0ee573b10b45da3eca24b01e4c.jpg\",\"datePublished\":\"2021-02-19T19:55:50+00:00\",\"dateModified\":\"2021-02-19T19:56:30+00:00\",\"breadcrumb\":{\"@id\":\"https:\\\/\\\/www.integralpro.com.co\\\/index.php\\\/producto\\\/envolvente-para-rack-de-servidor-apc-ar3100-netshelter\\\/#breadcrumb\"},\"inLanguage\":\"es\",\"potentialAction\":[{\"@type\":\"ReadAction\",\"target\":[\"https:\\\/\\\/www.integralpro.com.co\\\/index.php\\\/producto\\\/envolvente-para-rack-de-servidor-apc-ar3100-netshelter\\\/\"]}]},{\"@type\":\"ImageObject\",\"inLanguage\":\"es\",\"@id\":\"https:\\\/\\\/www.integralpro.com.co\\\/index.php\\\/producto\\\/envolvente-para-rack-de-servidor-apc-ar3100-netshelter\\\/#primaryimage\",\"url\":\"https:\\\/\\\/www.integralpro.com.co\\\/wp-content\\\/uploads\\\/2021\\\/02\\\/1b29cf0ee573b10b45da3eca24b01e4c.jpg\",\"contentUrl\":\"https:\\\/\\\/www.integralpro.com.co\\\/wp-content\\\/uploads\\\/2021\\\/02\\\/1b29cf0ee573b10b45da3eca24b01e4c.jpg\",\"width\":1000,\"height\":1000},{\"@type\":\"BreadcrumbList\",\"@id\":\"https:\\\/\\\/www.integralpro.com.co\\\/index.php\\\/producto\\\/envolvente-para-rack-de-servidor-apc-ar3100-netshelter\\\/#breadcrumb\",\"itemListElement\":[{\"@type\":\"ListItem\",\"position\":1,\"name\":\"Portada\",\"item\":\"https:\\\/\\\/www.integralpro.com.co\\\/\"},{\"@type\":\"ListItem\",\"position\":2,\"name\":\"Tienda\",\"item\":\"https:\\\/\\\/www.integralpro.com.co\\\/index.php\\\/tienda\\\/\"},{\"@type\":\"ListItem\",\"position\":3,\"name\":\"Envolvente Para Rack De Servidor Apc Ar3100 Netshelter\"}]},{\"@type\":\"WebSite\",\"@id\":\"https:\\\/\\\/www.integralpro.com.co\\\/#website\",\"url\":\"https:\\\/\\\/www.integralpro.com.co\\\/\",\"name\":\"IntegralPro\",\"description\":\"Tienda de Tecnolog\u00eda en L\u00ednea\",\"publisher\":{\"@id\":\"https:\\\/\\\/www.integralpro.com.co\\\/#organization\"},\"potentialAction\":[{\"@type\":\"SearchAction\",\"target\":{\"@type\":\"EntryPoint\",\"urlTemplate\":\"https:\\\/\\\/www.integralpro.com.co\\\/?s={search_term_string}\"},\"query-input\":{\"@type\":\"PropertyValueSpecification\",\"valueRequired\":true,\"valueName\":\"search_term_string\"}}],\"inLanguage\":\"es\"},{\"@type\":\"Organization\",\"@id\":\"https:\\\/\\\/www.integralpro.com.co\\\/#organization\",\"name\":\"IntegralPro SAS\",\"url\":\"https:\\\/\\\/www.integralpro.com.co\\\/\",\"logo\":{\"@type\":\"ImageObject\",\"inLanguage\":\"es\",\"@id\":\"https:\\\/\\\/www.integralpro.com.co\\\/#\\\/schema\\\/logo\\\/image\\\/\",\"url\":\"https:\\\/\\\/www.integralpro.com.co\\\/wp-content\\\/uploads\\\/2021\\\/02\\\/logo-def.jpg\",\"contentUrl\":\"https:\\\/\\\/www.integralpro.com.co\\\/wp-content\\\/uploads\\\/2021\\\/02\\\/logo-def.jpg\",\"width\":238,\"height\":234,\"caption\":\"IntegralPro SAS\"},\"image\":{\"@id\":\"https:\\\/\\\/www.integralpro.com.co\\\/#\\\/schema\\\/logo\\\/image\\\/\"}}]}<\/script>\n<!-- \/ Yoast SEO plugin. -->","yoast_head_json":{"title":"Envolvente Para Rack De Servidor Apc Ar3100 Netshelter - IntegralPro","robots":{"index":"index","follow":"follow","max-snippet":"max-snippet:-1","max-image-preview":"max-image-preview:large","max-video-preview":"max-video-preview:-1"},"canonical":"https:\/\/www.integralpro.com.co\/index.php\/producto\/envolvente-para-rack-de-servidor-apc-ar3100-netshelter\/","og_locale":"es_ES","og_type":"article","og_title":"Envolvente Para Rack De Servidor Apc Ar3100 Netshelter - IntegralPro","og_description":"# DE PARTE:AR3100","og_url":"https:\/\/www.integralpro.com.co\/index.php\/producto\/envolvente-para-rack-de-servidor-apc-ar3100-netshelter\/","og_site_name":"IntegralPro","article_modified_time":"2021-02-19T19:56:30+00:00","og_image":[{"width":1000,"height":1000,"url":"https:\/\/www.integralpro.com.co\/wp-content\/uploads\/2021\/02\/1b29cf0ee573b10b45da3eca24b01e4c.jpg","type":"image\/jpeg"}],"twitter_card":"summary_large_image","twitter_misc":{"Tiempo de lectura":"3 minutos"},"schema":{"@context":"https:\/\/schema.org","@graph":[{"@type":"WebPage","@id":"https:\/\/www.integralpro.com.co\/index.php\/producto\/envolvente-para-rack-de-servidor-apc-ar3100-netshelter\/","url":"https:\/\/www.integralpro.com.co\/index.php\/producto\/envolvente-para-rack-de-servidor-apc-ar3100-netshelter\/","name":"Envolvente Para Rack De Servidor Apc Ar3100 Netshelter - IntegralPro","isPartOf":{"@id":"https:\/\/www.integralpro.com.co\/#website"},"primaryImageOfPage":{"@id":"https:\/\/www.integralpro.com.co\/index.php\/producto\/envolvente-para-rack-de-servidor-apc-ar3100-netshelter\/#primaryimage"},"image":{"@id":"https:\/\/www.integralpro.com.co\/index.php\/producto\/envolvente-para-rack-de-servidor-apc-ar3100-netshelter\/#primaryimage"},"thumbnailUrl":"https:\/\/www.integralpro.com.co\/wp-content\/uploads\/2021\/02\/1b29cf0ee573b10b45da3eca24b01e4c.jpg","datePublished":"2021-02-19T19:55:50+00:00","dateModified":"2021-02-19T19:56:30+00:00","breadcrumb":{"@id":"https:\/\/www.integralpro.com.co\/index.php\/producto\/envolvente-para-rack-de-servidor-apc-ar3100-netshelter\/#breadcrumb"},"inLanguage":"es","potentialAction":[{"@type":"ReadAction","target":["https:\/\/www.integralpro.com.co\/index.php\/producto\/envolvente-para-rack-de-servidor-apc-ar3100-netshelter\/"]}]},{"@type":"ImageObject","inLanguage":"es","@id":"https:\/\/www.integralpro.com.co\/index.php\/producto\/envolvente-para-rack-de-servidor-apc-ar3100-netshelter\/#primaryimage","url":"https:\/\/www.integralpro.com.co\/wp-content\/uploads\/2021\/02\/1b29cf0ee573b10b45da3eca24b01e4c.jpg","contentUrl":"https:\/\/www.integralpro.com.co\/wp-content\/uploads\/2021\/02\/1b29cf0ee573b10b45da3eca24b01e4c.jpg","width":1000,"height":1000},{"@type":"BreadcrumbList","@id":"https:\/\/www.integralpro.com.co\/index.php\/producto\/envolvente-para-rack-de-servidor-apc-ar3100-netshelter\/#breadcrumb","itemListElement":[{"@type":"ListItem","position":1,"name":"Portada","item":"https:\/\/www.integralpro.com.co\/"},{"@type":"ListItem","position":2,"name":"Tienda","item":"https:\/\/www.integralpro.com.co\/index.php\/tienda\/"},{"@type":"ListItem","position":3,"name":"Envolvente Para Rack De Servidor Apc Ar3100 Netshelter"}]},{"@type":"WebSite","@id":"https:\/\/www.integralpro.com.co\/#website","url":"https:\/\/www.integralpro.com.co\/","name":"IntegralPro","description":"Tienda de Tecnolog\u00eda en L\u00ednea","publisher":{"@id":"https:\/\/www.integralpro.com.co\/#organization"},"potentialAction":[{"@type":"SearchAction","target":{"@type":"EntryPoint","urlTemplate":"https:\/\/www.integralpro.com.co\/?s={search_term_string}"},"query-input":{"@type":"PropertyValueSpecification","valueRequired":true,"valueName":"search_term_string"}}],"inLanguage":"es"},{"@type":"Organization","@id":"https:\/\/www.integralpro.com.co\/#organization","name":"IntegralPro SAS","url":"https:\/\/www.integralpro.com.co\/","logo":{"@type":"ImageObject","inLanguage":"es","@id":"https:\/\/www.integralpro.com.co\/#\/schema\/logo\/image\/","url":"https:\/\/www.integralpro.com.co\/wp-content\/uploads\/2021\/02\/logo-def.jpg","contentUrl":"https:\/\/www.integralpro.com.co\/wp-content\/uploads\/2021\/02\/logo-def.jpg","width":238,"height":234,"caption":"IntegralPro SAS"},"image":{"@id":"https:\/\/www.integralpro.com.co\/#\/schema\/logo\/image\/"}}]}},"_links":{"self":[{"href":"https:\/\/www.integralpro.com.co\/index.php\/wp-json\/wp\/v2\/product\/2404","targetHints":{"allow":["GET"]}}],"collection":[{"href":"https:\/\/www.integralpro.com.co\/index.php\/wp-json\/wp\/v2\/product"}],"about":[{"href":"https:\/\/www.integralpro.com.co\/index.php\/wp-json\/wp\/v2\/types\/product"}],"version-history":[{"count":1,"href":"https:\/\/www.integralpro.com.co\/index.php\/wp-json\/wp\/v2\/product\/2404\/revisions"}],"predecessor-version":[{"id":2472,"href":"https:\/\/www.integralpro.com.co\/index.php\/wp-json\/wp\/v2\/product\/2404\/revisions\/2472"}],"wp:featuredmedia":[{"embeddable":true,"href":"https:\/\/www.integralpro.com.co\/index.php\/wp-json\/wp\/v2\/media\/2471"}],"wp:attachment":[{"href":"https:\/\/www.integralpro.com.co\/index.php\/wp-json\/wp\/v2\/media?parent=2404"}],"wp:term":[{"taxonomy":"product_brand","embeddable":true,"href":"https:\/\/www.integralpro.com.co\/index.php\/wp-json\/wp\/v2\/product_brand?post=2404"},{"taxonomy":"product_cat","embeddable":true,"href":"https:\/\/www.integralpro.com.co\/index.php\/wp-json\/wp\/v2\/product_cat?post=2404"},{"taxonomy":"product_tag","embeddable":true,"href":"https:\/\/www.integralpro.com.co\/index.php\/wp-json\/wp\/v2\/product_tag?post=2404"}],"curies":[{"name":"wp","href":"https:\/\/api.w.org\/{rel}","templated":true}]}}