{"id":2401,"date":"2021-02-19T14:55:50","date_gmt":"2021-02-19T19:55:50","guid":{"rendered":"https:\/\/www.integralpro.com.co\/index.php\/producto\/import-placeholder-for-1262\/"},"modified":"2021-02-19T14:56:26","modified_gmt":"2021-02-19T19:56:26","slug":"unidad-smart-ups-apc-sua3000-conexion-usb-serial-3000va-120v","status":"publish","type":"product","link":"https:\/\/www.integralpro.com.co\/index.php\/producto\/unidad-smart-ups-apc-sua3000-conexion-usb-serial-3000va-120v\/","title":{"rendered":"Unidad Smart Ups Apc Sua3000 Conexion Usb Serial 3000Va 120V"},"content":{"rendered":"<p>Ahorre tiempo con una capacidad de acceso remoto pr\u00e1ctica y simple. Gestionable a trav\u00e9s de una red mediante puerto serial, USB o Ethernet (opcional). Incluye software Powerchute\u00ae Business Edition, que proporciona la comodidad del monitoreo y control, el apagado seguro del sistema operativo e innovadoras capacidades de gesti\u00f3n de energ\u00eda.<\/p>\n<p><strong>Gesti\u00f3n inteligente<\/strong><\/p>\n<p>El modo operativo ecol\u00f3gico patentado logra eficiencias de m\u00e1s del 97%. Smart-ups fue la primera UPS para red que cont\u00f3 con la certificaci\u00f3n de Energy Star. La gesti\u00f3n inteligente de bater\u00edas, cuyo pionero fue APC, maximiza el rendimiento y la vida \u00fatil de las bater\u00edas a trav\u00e9s de la carga con compensaci\u00f3n de temperatura inteligente y de precisi\u00f3n. El indicador din\u00e1mico de fecha para reemplazo de bater\u00edas y las pruebas de auto diagn\u00f3stico garantizan la confiabilidad de la bater\u00eda y advierten por adelantado la necesidad de reemplazo. Los m\u00f3dulos de bater\u00edas pr\u00e1cticos, f\u00e1ciles de conectar, reemplazables en caliente permiten el reemplazo de bater\u00edas sin necesidad de apagar los equipos. Smart-UPS, dise\u00f1ada y fabricada por APC desde hace m\u00e1s de 23 a\u00f1os, es la UPS para red m\u00e1s confiable del mundo, con m\u00e1s de 25 millones de unidades vendidas.<\/p>\n<p><strong>Compatibilidad con todos los equipos<\/strong><\/p>\n<p>Proporciona salida de onda senoidal pura, recomendada por los fabricantes de servidores que utilizan fuentes de alimentaci\u00f3n con factor de potencia corregido (PFC) activo. Sometido a pruebas y aprobado por organismos de seguridad\u00bb significa que puede implementar su sistema Smart-UPS con la confianza de que va a satisfacer o incluso superar los est\u00e1ndares m\u00e1s exigentes del sector.<\/p>\n<p><strong>Productividad m\u00e1s inteligente<\/strong><\/p>\n<p>La interfaz LCD intuitiva ofrece informaci\u00f3n clara y brinda la posibilidad de configurar la unidad UPS localmente mediante teclas de navegaci\u00f3n f\u00e1ciles de usar. M\u00e1s de 15 par\u00e1metros programables, entre ellos control de grupos de tomas de salida con conmutaci\u00f3n, permiten aplicar par\u00e1metros y umbrales espec\u00edficos, y definir notificaciones.<\/p>\n<p><strong>Equipos seguros<\/strong><\/p>\n<p>El acondicionamiento de energ\u00eda apto para redes protege los equipos ante las sobretensiones nocivas y el ruido, que genera fluctuaciones. La regulaci\u00f3n de tensi\u00f3n autom\u00e1tica de estado s\u00f3lido aumenta la baja tensi\u00f3n de entrada hasta 30% y reduce la alta tensi\u00f3n hasta 12% sin necesidad de que opere la bater\u00eda. Capacidad de respaldo de bater\u00edas confiable para alimentar los equipos cuando se producen cortes de tensi\u00f3n o apagar los sistemas sin inconvenientes.<\/p>\n<p><strong>Especificaciones T\u00e9cnicas<\/strong><\/p>\n<p>Dimensiones: 55 x 43 x 20 cm<br \/>Peso: 53kg<br \/>Capacidad de potencia de salida 2.7 K<br \/>Vatios \/ 3.0 kVA<br \/>M\u00e1xima potencia configurable (vatios) 2.7 K<br \/>Vatios \/ 3.0 kVA<br \/>Tensi\u00f3n de salida nominal 110V , 120VDistorsi\u00f3n de tensi\u00f3n de salida Menos del 5% con carga completa<br \/>Frecuencia de salida (sincronizada con la red) 47 &#8211; 53 Hz para 50 Hz nominal, 57 &#8211; 63 Hz para 60 Hz nominal<br \/>Topolog\u00eda L\u00ednea interactiva<br \/>Tipo de forma de onda Onda senoidal<br \/>Conexiones de salida<br \/>(8) NEMA 5-15R (Respaldo de bater\u00eda)<br \/>(2) NEMA 5-20R (Respaldo de bater\u00eda)<br \/>Duraci\u00f3n de transferencia 2ms typical<br \/>Entrada de voltaje 110V , 120V<br \/>Frecuencia de entrada 50\/60 Hz +\/- 3 Hz (autosensible)<br \/>Tipo de enchufe NEMA L5-30P<br \/>Longitud del cable 1.83metros<br \/>Variaci\u00f3n de tensi\u00f3n de entrada para operaciones principales 82-144V<br \/>Variaci\u00f3n de tensi\u00f3n de entrada adaptable para operaciones principales 75 &#8211; 154V<br \/>Cantidad de cables de alimentaci\u00f3n 1<br \/>Tipo de bater\u00eda: Bater\u00eda sellada de plomo sin necesidad de mantenci\u00f3n con electrolito suspendido: a prueba de filtraci\u00f3n<br \/>Tiempo de recarga t\u00edpico 3hora(s)Bater\u00eda de recambioRBC55<br \/>Vida \u00fatil esperada de las bater\u00edas (a\u00f1os) 3 &#8211; 5<br \/>Cantidad de cartuchos de bater\u00eda de recambio 1<br \/>Interface Port(s) DB-9 RS-232 , SmartSlot , USB<br \/>Panel de control Visualizador de estatus LED con gr\u00e1fico de barras de carga y bater\u00eda y en l\u00ednea: En l\u00ednea: Bater\u00eda en actividad: Bater\u00eda de reemplazo: e indicadores de sobrecarga<br \/>Alarma audible Alarma de bater\u00eda encendida: alarma distintiva de carga de bater\u00eda baja: retrasos configurables<br \/>Interruptor de emergencia (EPO) S\u00ed<br \/>Cantidad de interfaces SmartSlot 1<br \/>R\u00e9gimen nominal de sobretensiones 530Joules<br \/>Unidades por tarima 9.0<br \/>Temperatura de operaci\u00f3n 0 &#8211; 40 \u00b0C<br \/>Humedad relativa de operaci\u00f3n 0 &#8211; 95 %<br \/>Elevaci\u00f3n de operaci\u00f3n 0-3000metros<br \/>Temperatura de almacenamiento -15 &#8211; 45 \u00b0C<br \/>Humedad relativa de almacenamiento 0 &#8211; 95 %<br \/>Elevaci\u00f3n de almacenamiento 0-15000metros<br \/>Ruido audible a 1 metro de la superficie de la unidad 45.0dBA<br \/>Disipaci\u00f3n t\u00e9rmica online 275.0BTU\/hora<br \/>Aprobaciones CSA, FCC Part 15 Clase A, UL 1778<\/p>\n<p><strong>Contenido Del Paquete<\/strong><\/p>\n<p>Unidad Ups &#8211; CD con software &#8211; Cable RS-232 de se\u00f1alizaci\u00f3n Smart del UPS &#8211; Cable USB &#8211; Documentaci\u00f3n<\/p>\n","protected":false},"excerpt":{"rendered":"<p># DE PARTE:SUA3000<\/p>\n","protected":false},"featured_media":2465,"template":"","meta":{"site-sidebar-layout":"default","site-content-layout":"","ast-site-content-layout":"default","site-content-style":"default","site-sidebar-style":"default","ast-global-header-display":"","ast-banner-title-visibility":"","ast-main-header-display":"","ast-hfb-above-header-display":"","ast-hfb-below-header-display":"","ast-hfb-mobile-header-display":"","site-post-title":"","ast-breadcrumbs-content":"","ast-featured-img":"","footer-sml-layout":"","ast-disable-related-posts":"","theme-transparent-header-meta":"","adv-header-id-meta":"","stick-header-meta":"","header-above-stick-meta":"","header-main-stick-meta":"","header-below-stick-meta":"","astra-migrate-meta-layouts":"default","ast-page-background-enabled":"default","ast-page-background-meta":{"desktop":{"background-color":"var(--ast-global-color-4)","background-image":"","background-repeat":"repeat","background-position":"center center","background-size":"auto","background-attachment":"scroll","background-type":"","background-media":"","overlay-type":"","overlay-color":"","overlay-opacity":"","overlay-gradient":""},"tablet":{"background-color":"","background-image":"","background-repeat":"repeat","background-position":"center center","background-size":"auto","background-attachment":"scroll","background-type":"","background-media":"","overlay-type":"","overlay-color":"","overlay-opacity":"","overlay-gradient":""},"mobile":{"background-color":"","background-image":"","background-repeat":"repeat","background-position":"center center","background-size":"auto","background-attachment":"scroll","background-type":"","background-media":"","overlay-type":"","overlay-color":"","overlay-opacity":"","overlay-gradient":""}},"ast-content-background-meta":{"desktop":{"background-color":"var(--ast-global-color-5)","background-image":"","background-repeat":"repeat","background-position":"center center","background-size":"auto","background-attachment":"scroll","background-type":"","background-media":"","overlay-type":"","overlay-color":"","overlay-opacity":"","overlay-gradient":""},"tablet":{"background-color":"var(--ast-global-color-5)","background-image":"","background-repeat":"repeat","background-position":"center center","background-size":"auto","background-attachment":"scroll","background-type":"","background-media":"","overlay-type":"","overlay-color":"","overlay-opacity":"","overlay-gradient":""},"mobile":{"background-color":"var(--ast-global-color-5)","background-image":"","background-repeat":"repeat","background-position":"center center","background-size":"auto","background-attachment":"scroll","background-type":"","background-media":"","overlay-type":"","overlay-color":"","overlay-opacity":"","overlay-gradient":""}}},"product_brand":[],"product_cat":[162,65],"product_tag":[450],"class_list":{"0":"post-2401","1":"product","2":"type-product","3":"status-publish","4":"has-post-thumbnail","6":"product_cat-ups","7":"product_cat-ups-reguladores-de-voltaje","8":"product_tag-apc","9":"desktop-align-left","10":"tablet-align-left","11":"mobile-align-left","13":"first","14":"instock","15":"taxable","16":"shipping-taxable","17":"product-type-simple"},"yoast_head":"<!-- This site is optimized with the Yoast SEO plugin v27.3 - https:\/\/yoast.com\/product\/yoast-seo-wordpress\/ -->\n<title>Unidad Smart Ups Apc Sua3000 Conexion Usb Serial 3000Va 120V - IntegralPro<\/title>\n<meta name=\"robots\" content=\"index, follow, max-snippet:-1, max-image-preview:large, max-video-preview:-1\" \/>\n<link rel=\"canonical\" href=\"https:\/\/www.integralpro.com.co\/index.php\/producto\/unidad-smart-ups-apc-sua3000-conexion-usb-serial-3000va-120v\/\" \/>\n<meta property=\"og:locale\" content=\"es_ES\" \/>\n<meta property=\"og:type\" content=\"article\" \/>\n<meta property=\"og:title\" content=\"Unidad Smart Ups Apc Sua3000 Conexion Usb Serial 3000Va 120V - IntegralPro\" \/>\n<meta property=\"og:description\" content=\"# DE PARTE:SUA3000\" \/>\n<meta property=\"og:url\" content=\"https:\/\/www.integralpro.com.co\/index.php\/producto\/unidad-smart-ups-apc-sua3000-conexion-usb-serial-3000va-120v\/\" \/>\n<meta property=\"og:site_name\" content=\"IntegralPro\" \/>\n<meta property=\"article:modified_time\" content=\"2021-02-19T19:56:26+00:00\" \/>\n<meta property=\"og:image\" content=\"https:\/\/www.integralpro.com.co\/wp-content\/uploads\/2021\/02\/14ed707d4e37c1dbf51da87474204729.jpg\" \/>\n\t<meta property=\"og:image:width\" content=\"1000\" \/>\n\t<meta property=\"og:image:height\" content=\"1000\" \/>\n\t<meta property=\"og:image:type\" content=\"image\/jpeg\" \/>\n<meta name=\"twitter:card\" content=\"summary_large_image\" \/>\n<meta name=\"twitter:label1\" content=\"Tiempo de lectura\" \/>\n\t<meta name=\"twitter:data1\" content=\"4 minutos\" \/>\n<script type=\"application\/ld+json\" class=\"yoast-schema-graph\">{\"@context\":\"https:\\\/\\\/schema.org\",\"@graph\":[{\"@type\":\"WebPage\",\"@id\":\"https:\\\/\\\/www.integralpro.com.co\\\/index.php\\\/producto\\\/unidad-smart-ups-apc-sua3000-conexion-usb-serial-3000va-120v\\\/\",\"url\":\"https:\\\/\\\/www.integralpro.com.co\\\/index.php\\\/producto\\\/unidad-smart-ups-apc-sua3000-conexion-usb-serial-3000va-120v\\\/\",\"name\":\"Unidad Smart Ups Apc Sua3000 Conexion Usb Serial 3000Va 120V - IntegralPro\",\"isPartOf\":{\"@id\":\"https:\\\/\\\/www.integralpro.com.co\\\/#website\"},\"primaryImageOfPage\":{\"@id\":\"https:\\\/\\\/www.integralpro.com.co\\\/index.php\\\/producto\\\/unidad-smart-ups-apc-sua3000-conexion-usb-serial-3000va-120v\\\/#primaryimage\"},\"image\":{\"@id\":\"https:\\\/\\\/www.integralpro.com.co\\\/index.php\\\/producto\\\/unidad-smart-ups-apc-sua3000-conexion-usb-serial-3000va-120v\\\/#primaryimage\"},\"thumbnailUrl\":\"https:\\\/\\\/www.integralpro.com.co\\\/wp-content\\\/uploads\\\/2021\\\/02\\\/14ed707d4e37c1dbf51da87474204729.jpg\",\"datePublished\":\"2021-02-19T19:55:50+00:00\",\"dateModified\":\"2021-02-19T19:56:26+00:00\",\"breadcrumb\":{\"@id\":\"https:\\\/\\\/www.integralpro.com.co\\\/index.php\\\/producto\\\/unidad-smart-ups-apc-sua3000-conexion-usb-serial-3000va-120v\\\/#breadcrumb\"},\"inLanguage\":\"es\",\"potentialAction\":[{\"@type\":\"ReadAction\",\"target\":[\"https:\\\/\\\/www.integralpro.com.co\\\/index.php\\\/producto\\\/unidad-smart-ups-apc-sua3000-conexion-usb-serial-3000va-120v\\\/\"]}]},{\"@type\":\"ImageObject\",\"inLanguage\":\"es\",\"@id\":\"https:\\\/\\\/www.integralpro.com.co\\\/index.php\\\/producto\\\/unidad-smart-ups-apc-sua3000-conexion-usb-serial-3000va-120v\\\/#primaryimage\",\"url\":\"https:\\\/\\\/www.integralpro.com.co\\\/wp-content\\\/uploads\\\/2021\\\/02\\\/14ed707d4e37c1dbf51da87474204729.jpg\",\"contentUrl\":\"https:\\\/\\\/www.integralpro.com.co\\\/wp-content\\\/uploads\\\/2021\\\/02\\\/14ed707d4e37c1dbf51da87474204729.jpg\",\"width\":1000,\"height\":1000},{\"@type\":\"BreadcrumbList\",\"@id\":\"https:\\\/\\\/www.integralpro.com.co\\\/index.php\\\/producto\\\/unidad-smart-ups-apc-sua3000-conexion-usb-serial-3000va-120v\\\/#breadcrumb\",\"itemListElement\":[{\"@type\":\"ListItem\",\"position\":1,\"name\":\"Portada\",\"item\":\"https:\\\/\\\/www.integralpro.com.co\\\/\"},{\"@type\":\"ListItem\",\"position\":2,\"name\":\"Tienda\",\"item\":\"https:\\\/\\\/www.integralpro.com.co\\\/index.php\\\/tienda\\\/\"},{\"@type\":\"ListItem\",\"position\":3,\"name\":\"Unidad Smart Ups Apc Sua3000 Conexion Usb Serial 3000Va 120V\"}]},{\"@type\":\"WebSite\",\"@id\":\"https:\\\/\\\/www.integralpro.com.co\\\/#website\",\"url\":\"https:\\\/\\\/www.integralpro.com.co\\\/\",\"name\":\"IntegralPro\",\"description\":\"Tienda de Tecnolog\u00eda en L\u00ednea\",\"publisher\":{\"@id\":\"https:\\\/\\\/www.integralpro.com.co\\\/#organization\"},\"potentialAction\":[{\"@type\":\"SearchAction\",\"target\":{\"@type\":\"EntryPoint\",\"urlTemplate\":\"https:\\\/\\\/www.integralpro.com.co\\\/?s={search_term_string}\"},\"query-input\":{\"@type\":\"PropertyValueSpecification\",\"valueRequired\":true,\"valueName\":\"search_term_string\"}}],\"inLanguage\":\"es\"},{\"@type\":\"Organization\",\"@id\":\"https:\\\/\\\/www.integralpro.com.co\\\/#organization\",\"name\":\"IntegralPro SAS\",\"url\":\"https:\\\/\\\/www.integralpro.com.co\\\/\",\"logo\":{\"@type\":\"ImageObject\",\"inLanguage\":\"es\",\"@id\":\"https:\\\/\\\/www.integralpro.com.co\\\/#\\\/schema\\\/logo\\\/image\\\/\",\"url\":\"https:\\\/\\\/www.integralpro.com.co\\\/wp-content\\\/uploads\\\/2021\\\/02\\\/logo-def.jpg\",\"contentUrl\":\"https:\\\/\\\/www.integralpro.com.co\\\/wp-content\\\/uploads\\\/2021\\\/02\\\/logo-def.jpg\",\"width\":238,\"height\":234,\"caption\":\"IntegralPro SAS\"},\"image\":{\"@id\":\"https:\\\/\\\/www.integralpro.com.co\\\/#\\\/schema\\\/logo\\\/image\\\/\"}}]}<\/script>\n<!-- \/ Yoast SEO plugin. -->","yoast_head_json":{"title":"Unidad Smart Ups Apc Sua3000 Conexion Usb Serial 3000Va 120V - IntegralPro","robots":{"index":"index","follow":"follow","max-snippet":"max-snippet:-1","max-image-preview":"max-image-preview:large","max-video-preview":"max-video-preview:-1"},"canonical":"https:\/\/www.integralpro.com.co\/index.php\/producto\/unidad-smart-ups-apc-sua3000-conexion-usb-serial-3000va-120v\/","og_locale":"es_ES","og_type":"article","og_title":"Unidad Smart Ups Apc Sua3000 Conexion Usb Serial 3000Va 120V - IntegralPro","og_description":"# DE PARTE:SUA3000","og_url":"https:\/\/www.integralpro.com.co\/index.php\/producto\/unidad-smart-ups-apc-sua3000-conexion-usb-serial-3000va-120v\/","og_site_name":"IntegralPro","article_modified_time":"2021-02-19T19:56:26+00:00","og_image":[{"width":1000,"height":1000,"url":"https:\/\/www.integralpro.com.co\/wp-content\/uploads\/2021\/02\/14ed707d4e37c1dbf51da87474204729.jpg","type":"image\/jpeg"}],"twitter_card":"summary_large_image","twitter_misc":{"Tiempo de lectura":"4 minutos"},"schema":{"@context":"https:\/\/schema.org","@graph":[{"@type":"WebPage","@id":"https:\/\/www.integralpro.com.co\/index.php\/producto\/unidad-smart-ups-apc-sua3000-conexion-usb-serial-3000va-120v\/","url":"https:\/\/www.integralpro.com.co\/index.php\/producto\/unidad-smart-ups-apc-sua3000-conexion-usb-serial-3000va-120v\/","name":"Unidad Smart Ups Apc Sua3000 Conexion Usb Serial 3000Va 120V - IntegralPro","isPartOf":{"@id":"https:\/\/www.integralpro.com.co\/#website"},"primaryImageOfPage":{"@id":"https:\/\/www.integralpro.com.co\/index.php\/producto\/unidad-smart-ups-apc-sua3000-conexion-usb-serial-3000va-120v\/#primaryimage"},"image":{"@id":"https:\/\/www.integralpro.com.co\/index.php\/producto\/unidad-smart-ups-apc-sua3000-conexion-usb-serial-3000va-120v\/#primaryimage"},"thumbnailUrl":"https:\/\/www.integralpro.com.co\/wp-content\/uploads\/2021\/02\/14ed707d4e37c1dbf51da87474204729.jpg","datePublished":"2021-02-19T19:55:50+00:00","dateModified":"2021-02-19T19:56:26+00:00","breadcrumb":{"@id":"https:\/\/www.integralpro.com.co\/index.php\/producto\/unidad-smart-ups-apc-sua3000-conexion-usb-serial-3000va-120v\/#breadcrumb"},"inLanguage":"es","potentialAction":[{"@type":"ReadAction","target":["https:\/\/www.integralpro.com.co\/index.php\/producto\/unidad-smart-ups-apc-sua3000-conexion-usb-serial-3000va-120v\/"]}]},{"@type":"ImageObject","inLanguage":"es","@id":"https:\/\/www.integralpro.com.co\/index.php\/producto\/unidad-smart-ups-apc-sua3000-conexion-usb-serial-3000va-120v\/#primaryimage","url":"https:\/\/www.integralpro.com.co\/wp-content\/uploads\/2021\/02\/14ed707d4e37c1dbf51da87474204729.jpg","contentUrl":"https:\/\/www.integralpro.com.co\/wp-content\/uploads\/2021\/02\/14ed707d4e37c1dbf51da87474204729.jpg","width":1000,"height":1000},{"@type":"BreadcrumbList","@id":"https:\/\/www.integralpro.com.co\/index.php\/producto\/unidad-smart-ups-apc-sua3000-conexion-usb-serial-3000va-120v\/#breadcrumb","itemListElement":[{"@type":"ListItem","position":1,"name":"Portada","item":"https:\/\/www.integralpro.com.co\/"},{"@type":"ListItem","position":2,"name":"Tienda","item":"https:\/\/www.integralpro.com.co\/index.php\/tienda\/"},{"@type":"ListItem","position":3,"name":"Unidad Smart Ups Apc Sua3000 Conexion Usb Serial 3000Va 120V"}]},{"@type":"WebSite","@id":"https:\/\/www.integralpro.com.co\/#website","url":"https:\/\/www.integralpro.com.co\/","name":"IntegralPro","description":"Tienda de Tecnolog\u00eda en L\u00ednea","publisher":{"@id":"https:\/\/www.integralpro.com.co\/#organization"},"potentialAction":[{"@type":"SearchAction","target":{"@type":"EntryPoint","urlTemplate":"https:\/\/www.integralpro.com.co\/?s={search_term_string}"},"query-input":{"@type":"PropertyValueSpecification","valueRequired":true,"valueName":"search_term_string"}}],"inLanguage":"es"},{"@type":"Organization","@id":"https:\/\/www.integralpro.com.co\/#organization","name":"IntegralPro SAS","url":"https:\/\/www.integralpro.com.co\/","logo":{"@type":"ImageObject","inLanguage":"es","@id":"https:\/\/www.integralpro.com.co\/#\/schema\/logo\/image\/","url":"https:\/\/www.integralpro.com.co\/wp-content\/uploads\/2021\/02\/logo-def.jpg","contentUrl":"https:\/\/www.integralpro.com.co\/wp-content\/uploads\/2021\/02\/logo-def.jpg","width":238,"height":234,"caption":"IntegralPro SAS"},"image":{"@id":"https:\/\/www.integralpro.com.co\/#\/schema\/logo\/image\/"}}]}},"_links":{"self":[{"href":"https:\/\/www.integralpro.com.co\/index.php\/wp-json\/wp\/v2\/product\/2401","targetHints":{"allow":["GET"]}}],"collection":[{"href":"https:\/\/www.integralpro.com.co\/index.php\/wp-json\/wp\/v2\/product"}],"about":[{"href":"https:\/\/www.integralpro.com.co\/index.php\/wp-json\/wp\/v2\/types\/product"}],"version-history":[{"count":1,"href":"https:\/\/www.integralpro.com.co\/index.php\/wp-json\/wp\/v2\/product\/2401\/revisions"}],"predecessor-version":[{"id":2466,"href":"https:\/\/www.integralpro.com.co\/index.php\/wp-json\/wp\/v2\/product\/2401\/revisions\/2466"}],"wp:featuredmedia":[{"embeddable":true,"href":"https:\/\/www.integralpro.com.co\/index.php\/wp-json\/wp\/v2\/media\/2465"}],"wp:attachment":[{"href":"https:\/\/www.integralpro.com.co\/index.php\/wp-json\/wp\/v2\/media?parent=2401"}],"wp:term":[{"taxonomy":"product_brand","embeddable":true,"href":"https:\/\/www.integralpro.com.co\/index.php\/wp-json\/wp\/v2\/product_brand?post=2401"},{"taxonomy":"product_cat","embeddable":true,"href":"https:\/\/www.integralpro.com.co\/index.php\/wp-json\/wp\/v2\/product_cat?post=2401"},{"taxonomy":"product_tag","embeddable":true,"href":"https:\/\/www.integralpro.com.co\/index.php\/wp-json\/wp\/v2\/product_tag?post=2401"}],"curies":[{"name":"wp","href":"https:\/\/api.w.org\/{rel}","templated":true}]}}