{"id":2366,"date":"2021-02-19T14:55:28","date_gmt":"2021-02-19T19:55:28","guid":{"rendered":"https:\/\/www.integralpro.com.co\/index.php\/producto\/import-placeholder-for-1253\/"},"modified":"2021-02-19T14:56:10","modified_gmt":"2021-02-19T19:56:10","slug":"ups-apc-surtd5000rmxlp3u-5000-va-208-v","status":"publish","type":"product","link":"https:\/\/www.integralpro.com.co\/index.php\/producto\/ups-apc-surtd5000rmxlp3u-5000-va-208-v\/","title":{"rendered":"Ups Apc Surtd5000Rmxlp3U 5000 Va 208 V"},"content":{"rendered":"<p>La gesti\u00f3n inteligente de bater\u00edas, cuyo pionero fue APC, maximiza el rendimiento y la vida \u00fatil de las bater\u00edas a trav\u00e9s de la carga con compensaci\u00f3n de temperatura inteligente y de precisi\u00f3n. El auto diagn\u00f3stico autom\u00e1tico asegura la confiabilidad de las bater\u00edas y advierte al usuario por anticipado cuando es necesario el reemplazo de bater\u00edas. Los m\u00f3dulos de bater\u00edas pr\u00e1cticos, f\u00e1ciles de conectar, reemplazables en caliente permiten el reemplazo de bater\u00edas sin necesidad de apagar los equipos.<\/p>\n<p><strong>Regulaci\u00f3n<\/strong><\/p>\n<p><\/p>\n<p>El acondicionamiento de energ\u00eda apto para redes protege los equipos ante las sobretensiones nocivas y el ruido, que genera fluctuaciones. La arquitectura de doble conversi\u00f3n brinda regulaci\u00f3n de tensi\u00f3n estricta, regulaci\u00f3n de frecuencia y tiempo de transferencia cero hacia la bater\u00eda en caso de que se produzcan eventos energ\u00e9ticos.<\/p>\n<p><\/p>\n<p><strong>Compatibilidad y confiabilidad<\/strong><\/p>\n<p><\/p>\n<p>El acondicionamiento de energ\u00eda apto para redes protege los equipos ante las sobretensiones nocivas y el ruido, que genera fluctuaciones. La arquitectura de doble conversi\u00f3n brinda regulaci\u00f3n de tensi\u00f3n estricta, regulaci\u00f3n de frecuencia y tiempo de transferencia cero hacia la bater\u00eda en caso de que se produzcan eventos energ\u00e9ticos.<\/p>\n<p><\/p>\n<p><strong>Ahorre tiempo<\/strong><\/p>\n<p><\/p>\n<p>Gestionable a trav\u00e9s de una red mediante puerto serial, USB o Ethernet. Incluye el software Powerchute que brinda monitoreo y control convenientes, cierre seguro del sistema operativo e innovadoras funciones de gesti\u00f3n de energ\u00eda.<\/p>\n<p><\/p>\n<p><strong>Especificaciones T\u00e9cnicas<\/strong><\/p>\n<p><\/p>\n<p>Dimensiones: 66 x 43 x 13 cm<\/p>\n<p>Peso: 58 Kg<\/p>\n<p>Capacidad de potencia de salida 4.0 KVatios \/ 5.0 kVA<\/p>\n<p>M\u00e1xima potencia configurable (vatios) 4.0 KVatios \/ 5.0 kVA<\/p>\n<p>Tensi\u00f3n de salida nominal 120V , 208V<\/p>\n<p>Nota de tensi\u00f3n de salida Configuraci\u00f3n de tensi\u00f3n de salida para 208 o 240<\/p>\n<p>Eficiencia con carga completa 90.0 % <\/p>\n<p>Distorsi\u00f3n de tensi\u00f3n de salida Menos que 2%<\/p>\n<p>Frequencia de salida (sincronizada con la red) 50\/60 Hz +\/- 3 Hz ajustable por el usuario +\/- 0,1<\/p>\n<p>Otras tensiones de salida 240Factor de cresta de carga 3 : 1<\/p>\n<p>Topolog\u00eda Doble conversi\u00f3n en l\u00ednea<\/p>\n<p>Tipo de forma de onda Onda senoidal<\/p>\n<p>Entrada de voltaje 208V<\/p>\n<p>Frecuencia de entrada 50\/60 Hz +\/- 5 Hz (autosensible)<\/p>\n<p>Tipo de enchufe NEMA L14-30P<\/p>\n<p>Longitud del cable 3.05metros<\/p>\n<p>Variaci\u00f3n de tensi\u00f3n de entrada para operaciones principales 156-236V<\/p>\n<p>Variaci\u00f3n de tensi\u00f3n de entrada adaptable para operaciones principales 85 &#8211; 136V<\/p>\n<p>Cantidad de cables de alimentaci\u00f3n 1Eficiencia con carga completa 90.0 % Otras tensiones de entrada 240<\/p>\n<p>Tipo de bater\u00eda: Bater\u00eda sellada de plomo sin necesidad de mantenci\u00f3n con electrolito suspendido: a prueba de filtraci\u00f3n<\/p>\n<p>Bater\u00edas pre-instaladas 2<\/p>\n<p>Tiempo de recarga t\u00edpico 2.5hora(s)<\/p>\n<p>Bater\u00eda de recambioAPCRBC140<\/p>\n<p>Vida \u00fatil esperada de las bater\u00edas (a\u00f1os) 3 &#8211; 5<\/p>\n<p>Cantidad de cartuchos de bater\u00eda de recambio <\/p>\n<p>Duraci\u00f3n prolongable 1 <\/p>\n<p><\/p>\n<p><strong>Contenido Del Paquete<\/strong><\/p>\n<p><\/p>\n<p>Equipo &#8211; Rieles de apoyo para Rack-mount &#8211; Pies desmontables <br \/>&#8211; Cable RS-232 de se\u00f1alizaci\u00f3n Smart del UPS &#8211; Documentaci\u00f3n<\/p>\n","protected":false},"excerpt":{"rendered":"<p># DE PARTE:SURTD5000RMXLP3U<\/p>\n","protected":false},"featured_media":2434,"template":"","meta":{"site-sidebar-layout":"default","site-content-layout":"","ast-site-content-layout":"default","site-content-style":"default","site-sidebar-style":"default","ast-global-header-display":"","ast-banner-title-visibility":"","ast-main-header-display":"","ast-hfb-above-header-display":"","ast-hfb-below-header-display":"","ast-hfb-mobile-header-display":"","site-post-title":"","ast-breadcrumbs-content":"","ast-featured-img":"","footer-sml-layout":"","ast-disable-related-posts":"","theme-transparent-header-meta":"","adv-header-id-meta":"","stick-header-meta":"","header-above-stick-meta":"","header-main-stick-meta":"","header-below-stick-meta":"","astra-migrate-meta-layouts":"default","ast-page-background-enabled":"default","ast-page-background-meta":{"desktop":{"background-color":"var(--ast-global-color-4)","background-image":"","background-repeat":"repeat","background-position":"center center","background-size":"auto","background-attachment":"scroll","background-type":"","background-media":"","overlay-type":"","overlay-color":"","overlay-opacity":"","overlay-gradient":""},"tablet":{"background-color":"","background-image":"","background-repeat":"repeat","background-position":"center center","background-size":"auto","background-attachment":"scroll","background-type":"","background-media":"","overlay-type":"","overlay-color":"","overlay-opacity":"","overlay-gradient":""},"mobile":{"background-color":"","background-image":"","background-repeat":"repeat","background-position":"center center","background-size":"auto","background-attachment":"scroll","background-type":"","background-media":"","overlay-type":"","overlay-color":"","overlay-opacity":"","overlay-gradient":""}},"ast-content-background-meta":{"desktop":{"background-color":"var(--ast-global-color-5)","background-image":"","background-repeat":"repeat","background-position":"center center","background-size":"auto","background-attachment":"scroll","background-type":"","background-media":"","overlay-type":"","overlay-color":"","overlay-opacity":"","overlay-gradient":""},"tablet":{"background-color":"var(--ast-global-color-5)","background-image":"","background-repeat":"repeat","background-position":"center center","background-size":"auto","background-attachment":"scroll","background-type":"","background-media":"","overlay-type":"","overlay-color":"","overlay-opacity":"","overlay-gradient":""},"mobile":{"background-color":"var(--ast-global-color-5)","background-image":"","background-repeat":"repeat","background-position":"center center","background-size":"auto","background-attachment":"scroll","background-type":"","background-media":"","overlay-type":"","overlay-color":"","overlay-opacity":"","overlay-gradient":""}}},"product_brand":[],"product_cat":[162,65],"product_tag":[450],"class_list":{"0":"post-2366","1":"product","2":"type-product","3":"status-publish","4":"has-post-thumbnail","6":"product_cat-ups","7":"product_cat-ups-reguladores-de-voltaje","8":"product_tag-apc","9":"desktop-align-left","10":"tablet-align-left","11":"mobile-align-left","13":"first","14":"instock","15":"taxable","16":"shipping-taxable","17":"product-type-simple"},"yoast_head":"<!-- This site is optimized with the Yoast SEO plugin v27.3 - https:\/\/yoast.com\/product\/yoast-seo-wordpress\/ -->\n<title>Ups Apc Surtd5000Rmxlp3U 5000 Va 208 V - IntegralPro<\/title>\n<meta name=\"robots\" content=\"index, follow, max-snippet:-1, max-image-preview:large, max-video-preview:-1\" \/>\n<link rel=\"canonical\" href=\"https:\/\/www.integralpro.com.co\/index.php\/producto\/ups-apc-surtd5000rmxlp3u-5000-va-208-v\/\" \/>\n<meta property=\"og:locale\" content=\"es_ES\" \/>\n<meta property=\"og:type\" content=\"article\" \/>\n<meta property=\"og:title\" content=\"Ups Apc Surtd5000Rmxlp3U 5000 Va 208 V - IntegralPro\" \/>\n<meta property=\"og:description\" content=\"# DE PARTE:SURTD5000RMXLP3U\" \/>\n<meta property=\"og:url\" content=\"https:\/\/www.integralpro.com.co\/index.php\/producto\/ups-apc-surtd5000rmxlp3u-5000-va-208-v\/\" \/>\n<meta property=\"og:site_name\" content=\"IntegralPro\" \/>\n<meta property=\"article:modified_time\" content=\"2021-02-19T19:56:10+00:00\" \/>\n<meta property=\"og:image\" content=\"https:\/\/www.integralpro.com.co\/wp-content\/uploads\/2021\/02\/07d46afaa0b2691b5dc677b9b30f16a3.jpg\" \/>\n\t<meta property=\"og:image:width\" content=\"1000\" \/>\n\t<meta property=\"og:image:height\" content=\"1000\" \/>\n\t<meta property=\"og:image:type\" content=\"image\/jpeg\" \/>\n<meta name=\"twitter:card\" content=\"summary_large_image\" \/>\n<meta name=\"twitter:label1\" content=\"Tiempo de lectura\" \/>\n\t<meta name=\"twitter:data1\" content=\"2 minutos\" \/>\n<script type=\"application\/ld+json\" class=\"yoast-schema-graph\">{\"@context\":\"https:\\\/\\\/schema.org\",\"@graph\":[{\"@type\":\"WebPage\",\"@id\":\"https:\\\/\\\/www.integralpro.com.co\\\/index.php\\\/producto\\\/ups-apc-surtd5000rmxlp3u-5000-va-208-v\\\/\",\"url\":\"https:\\\/\\\/www.integralpro.com.co\\\/index.php\\\/producto\\\/ups-apc-surtd5000rmxlp3u-5000-va-208-v\\\/\",\"name\":\"Ups Apc Surtd5000Rmxlp3U 5000 Va 208 V - IntegralPro\",\"isPartOf\":{\"@id\":\"https:\\\/\\\/www.integralpro.com.co\\\/#website\"},\"primaryImageOfPage\":{\"@id\":\"https:\\\/\\\/www.integralpro.com.co\\\/index.php\\\/producto\\\/ups-apc-surtd5000rmxlp3u-5000-va-208-v\\\/#primaryimage\"},\"image\":{\"@id\":\"https:\\\/\\\/www.integralpro.com.co\\\/index.php\\\/producto\\\/ups-apc-surtd5000rmxlp3u-5000-va-208-v\\\/#primaryimage\"},\"thumbnailUrl\":\"https:\\\/\\\/www.integralpro.com.co\\\/wp-content\\\/uploads\\\/2021\\\/02\\\/07d46afaa0b2691b5dc677b9b30f16a3.jpg\",\"datePublished\":\"2021-02-19T19:55:28+00:00\",\"dateModified\":\"2021-02-19T19:56:10+00:00\",\"breadcrumb\":{\"@id\":\"https:\\\/\\\/www.integralpro.com.co\\\/index.php\\\/producto\\\/ups-apc-surtd5000rmxlp3u-5000-va-208-v\\\/#breadcrumb\"},\"inLanguage\":\"es\",\"potentialAction\":[{\"@type\":\"ReadAction\",\"target\":[\"https:\\\/\\\/www.integralpro.com.co\\\/index.php\\\/producto\\\/ups-apc-surtd5000rmxlp3u-5000-va-208-v\\\/\"]}]},{\"@type\":\"ImageObject\",\"inLanguage\":\"es\",\"@id\":\"https:\\\/\\\/www.integralpro.com.co\\\/index.php\\\/producto\\\/ups-apc-surtd5000rmxlp3u-5000-va-208-v\\\/#primaryimage\",\"url\":\"https:\\\/\\\/www.integralpro.com.co\\\/wp-content\\\/uploads\\\/2021\\\/02\\\/07d46afaa0b2691b5dc677b9b30f16a3.jpg\",\"contentUrl\":\"https:\\\/\\\/www.integralpro.com.co\\\/wp-content\\\/uploads\\\/2021\\\/02\\\/07d46afaa0b2691b5dc677b9b30f16a3.jpg\",\"width\":1000,\"height\":1000},{\"@type\":\"BreadcrumbList\",\"@id\":\"https:\\\/\\\/www.integralpro.com.co\\\/index.php\\\/producto\\\/ups-apc-surtd5000rmxlp3u-5000-va-208-v\\\/#breadcrumb\",\"itemListElement\":[{\"@type\":\"ListItem\",\"position\":1,\"name\":\"Portada\",\"item\":\"https:\\\/\\\/www.integralpro.com.co\\\/\"},{\"@type\":\"ListItem\",\"position\":2,\"name\":\"Tienda\",\"item\":\"https:\\\/\\\/www.integralpro.com.co\\\/index.php\\\/tienda\\\/\"},{\"@type\":\"ListItem\",\"position\":3,\"name\":\"Ups Apc Surtd5000Rmxlp3U 5000 Va 208 V\"}]},{\"@type\":\"WebSite\",\"@id\":\"https:\\\/\\\/www.integralpro.com.co\\\/#website\",\"url\":\"https:\\\/\\\/www.integralpro.com.co\\\/\",\"name\":\"IntegralPro\",\"description\":\"Tienda de Tecnolog\u00eda en L\u00ednea\",\"publisher\":{\"@id\":\"https:\\\/\\\/www.integralpro.com.co\\\/#organization\"},\"potentialAction\":[{\"@type\":\"SearchAction\",\"target\":{\"@type\":\"EntryPoint\",\"urlTemplate\":\"https:\\\/\\\/www.integralpro.com.co\\\/?s={search_term_string}\"},\"query-input\":{\"@type\":\"PropertyValueSpecification\",\"valueRequired\":true,\"valueName\":\"search_term_string\"}}],\"inLanguage\":\"es\"},{\"@type\":\"Organization\",\"@id\":\"https:\\\/\\\/www.integralpro.com.co\\\/#organization\",\"name\":\"IntegralPro SAS\",\"url\":\"https:\\\/\\\/www.integralpro.com.co\\\/\",\"logo\":{\"@type\":\"ImageObject\",\"inLanguage\":\"es\",\"@id\":\"https:\\\/\\\/www.integralpro.com.co\\\/#\\\/schema\\\/logo\\\/image\\\/\",\"url\":\"https:\\\/\\\/www.integralpro.com.co\\\/wp-content\\\/uploads\\\/2021\\\/02\\\/logo-def.jpg\",\"contentUrl\":\"https:\\\/\\\/www.integralpro.com.co\\\/wp-content\\\/uploads\\\/2021\\\/02\\\/logo-def.jpg\",\"width\":238,\"height\":234,\"caption\":\"IntegralPro SAS\"},\"image\":{\"@id\":\"https:\\\/\\\/www.integralpro.com.co\\\/#\\\/schema\\\/logo\\\/image\\\/\"}}]}<\/script>\n<!-- \/ Yoast SEO plugin. -->","yoast_head_json":{"title":"Ups Apc Surtd5000Rmxlp3U 5000 Va 208 V - IntegralPro","robots":{"index":"index","follow":"follow","max-snippet":"max-snippet:-1","max-image-preview":"max-image-preview:large","max-video-preview":"max-video-preview:-1"},"canonical":"https:\/\/www.integralpro.com.co\/index.php\/producto\/ups-apc-surtd5000rmxlp3u-5000-va-208-v\/","og_locale":"es_ES","og_type":"article","og_title":"Ups Apc Surtd5000Rmxlp3U 5000 Va 208 V - IntegralPro","og_description":"# DE PARTE:SURTD5000RMXLP3U","og_url":"https:\/\/www.integralpro.com.co\/index.php\/producto\/ups-apc-surtd5000rmxlp3u-5000-va-208-v\/","og_site_name":"IntegralPro","article_modified_time":"2021-02-19T19:56:10+00:00","og_image":[{"width":1000,"height":1000,"url":"https:\/\/www.integralpro.com.co\/wp-content\/uploads\/2021\/02\/07d46afaa0b2691b5dc677b9b30f16a3.jpg","type":"image\/jpeg"}],"twitter_card":"summary_large_image","twitter_misc":{"Tiempo de lectura":"2 minutos"},"schema":{"@context":"https:\/\/schema.org","@graph":[{"@type":"WebPage","@id":"https:\/\/www.integralpro.com.co\/index.php\/producto\/ups-apc-surtd5000rmxlp3u-5000-va-208-v\/","url":"https:\/\/www.integralpro.com.co\/index.php\/producto\/ups-apc-surtd5000rmxlp3u-5000-va-208-v\/","name":"Ups Apc Surtd5000Rmxlp3U 5000 Va 208 V - IntegralPro","isPartOf":{"@id":"https:\/\/www.integralpro.com.co\/#website"},"primaryImageOfPage":{"@id":"https:\/\/www.integralpro.com.co\/index.php\/producto\/ups-apc-surtd5000rmxlp3u-5000-va-208-v\/#primaryimage"},"image":{"@id":"https:\/\/www.integralpro.com.co\/index.php\/producto\/ups-apc-surtd5000rmxlp3u-5000-va-208-v\/#primaryimage"},"thumbnailUrl":"https:\/\/www.integralpro.com.co\/wp-content\/uploads\/2021\/02\/07d46afaa0b2691b5dc677b9b30f16a3.jpg","datePublished":"2021-02-19T19:55:28+00:00","dateModified":"2021-02-19T19:56:10+00:00","breadcrumb":{"@id":"https:\/\/www.integralpro.com.co\/index.php\/producto\/ups-apc-surtd5000rmxlp3u-5000-va-208-v\/#breadcrumb"},"inLanguage":"es","potentialAction":[{"@type":"ReadAction","target":["https:\/\/www.integralpro.com.co\/index.php\/producto\/ups-apc-surtd5000rmxlp3u-5000-va-208-v\/"]}]},{"@type":"ImageObject","inLanguage":"es","@id":"https:\/\/www.integralpro.com.co\/index.php\/producto\/ups-apc-surtd5000rmxlp3u-5000-va-208-v\/#primaryimage","url":"https:\/\/www.integralpro.com.co\/wp-content\/uploads\/2021\/02\/07d46afaa0b2691b5dc677b9b30f16a3.jpg","contentUrl":"https:\/\/www.integralpro.com.co\/wp-content\/uploads\/2021\/02\/07d46afaa0b2691b5dc677b9b30f16a3.jpg","width":1000,"height":1000},{"@type":"BreadcrumbList","@id":"https:\/\/www.integralpro.com.co\/index.php\/producto\/ups-apc-surtd5000rmxlp3u-5000-va-208-v\/#breadcrumb","itemListElement":[{"@type":"ListItem","position":1,"name":"Portada","item":"https:\/\/www.integralpro.com.co\/"},{"@type":"ListItem","position":2,"name":"Tienda","item":"https:\/\/www.integralpro.com.co\/index.php\/tienda\/"},{"@type":"ListItem","position":3,"name":"Ups Apc Surtd5000Rmxlp3U 5000 Va 208 V"}]},{"@type":"WebSite","@id":"https:\/\/www.integralpro.com.co\/#website","url":"https:\/\/www.integralpro.com.co\/","name":"IntegralPro","description":"Tienda de Tecnolog\u00eda en L\u00ednea","publisher":{"@id":"https:\/\/www.integralpro.com.co\/#organization"},"potentialAction":[{"@type":"SearchAction","target":{"@type":"EntryPoint","urlTemplate":"https:\/\/www.integralpro.com.co\/?s={search_term_string}"},"query-input":{"@type":"PropertyValueSpecification","valueRequired":true,"valueName":"search_term_string"}}],"inLanguage":"es"},{"@type":"Organization","@id":"https:\/\/www.integralpro.com.co\/#organization","name":"IntegralPro SAS","url":"https:\/\/www.integralpro.com.co\/","logo":{"@type":"ImageObject","inLanguage":"es","@id":"https:\/\/www.integralpro.com.co\/#\/schema\/logo\/image\/","url":"https:\/\/www.integralpro.com.co\/wp-content\/uploads\/2021\/02\/logo-def.jpg","contentUrl":"https:\/\/www.integralpro.com.co\/wp-content\/uploads\/2021\/02\/logo-def.jpg","width":238,"height":234,"caption":"IntegralPro SAS"},"image":{"@id":"https:\/\/www.integralpro.com.co\/#\/schema\/logo\/image\/"}}]}},"_links":{"self":[{"href":"https:\/\/www.integralpro.com.co\/index.php\/wp-json\/wp\/v2\/product\/2366","targetHints":{"allow":["GET"]}}],"collection":[{"href":"https:\/\/www.integralpro.com.co\/index.php\/wp-json\/wp\/v2\/product"}],"about":[{"href":"https:\/\/www.integralpro.com.co\/index.php\/wp-json\/wp\/v2\/types\/product"}],"version-history":[{"count":1,"href":"https:\/\/www.integralpro.com.co\/index.php\/wp-json\/wp\/v2\/product\/2366\/revisions"}],"predecessor-version":[{"id":2435,"href":"https:\/\/www.integralpro.com.co\/index.php\/wp-json\/wp\/v2\/product\/2366\/revisions\/2435"}],"wp:featuredmedia":[{"embeddable":true,"href":"https:\/\/www.integralpro.com.co\/index.php\/wp-json\/wp\/v2\/media\/2434"}],"wp:attachment":[{"href":"https:\/\/www.integralpro.com.co\/index.php\/wp-json\/wp\/v2\/media?parent=2366"}],"wp:term":[{"taxonomy":"product_brand","embeddable":true,"href":"https:\/\/www.integralpro.com.co\/index.php\/wp-json\/wp\/v2\/product_brand?post=2366"},{"taxonomy":"product_cat","embeddable":true,"href":"https:\/\/www.integralpro.com.co\/index.php\/wp-json\/wp\/v2\/product_cat?post=2366"},{"taxonomy":"product_tag","embeddable":true,"href":"https:\/\/www.integralpro.com.co\/index.php\/wp-json\/wp\/v2\/product_tag?post=2366"}],"curies":[{"name":"wp","href":"https:\/\/api.w.org\/{rel}","templated":true}]}}