{"id":2363,"date":"2021-02-19T14:55:28","date_gmt":"2021-02-19T19:55:28","guid":{"rendered":"https:\/\/www.integralpro.com.co\/index.php\/producto\/import-placeholder-for-1250\/"},"modified":"2021-02-19T14:56:06","modified_gmt":"2021-02-19T19:56:06","slug":"ups-apc-be425m-lm-425-va-120-v-latinoamerica-6-tomas","status":"publish","type":"product","link":"https:\/\/www.integralpro.com.co\/index.php\/producto\/ups-apc-be425m-lm-425-va-120-v-latinoamerica-6-tomas\/","title":{"rendered":"Ups Apc Be425M-Lm 425 Va 120 V Latinoamerica 6 Tomas"},"content":{"rendered":"<p>Tomas de salida con protecci\u00f3n de bater\u00edas y con protecci\u00f3n contra sobretensiones solamente, Reserva capacidad de potencia y autonom\u00eda para los equipos conectados que requieren respaldo de bater\u00edas a la vez que ofrece protecci\u00f3n contra sobretensiones \u00fanicamente para equipos secundarios en importancia.<\/p>\n<p><strong>Indicador de fallas en el cableado de la instalaci\u00f3n<\/strong><\/p>\n<p><\/p>\n<p>Este indicador LED informa a los usuarios sobre posibles problemas de cableado en la instalaci\u00f3n el\u00e9ctrica que puedan resultar peligrosos.<\/p>\n<p><\/p>\n<p><strong>Autodiagn\u00f3stico autom\u00e1tico<\/strong><\/p>\n<p><\/p>\n<p>Garantiza la detecci\u00f3n anticipada de posibles problemas mediante la realizaci\u00f3n de diagn\u00f3sticos peri\u00f3dicos de los componentes de las unidades UPS.<\/p>\n<p><\/p>\n<p><strong>Toma de salida con protecci\u00f3n contra sobretensiones (exclusivamente)<\/strong><\/p>\n<p><\/p>\n<p>Proteja equipos electr\u00f3nicos secundarios ante sobretensiones y crestas sin reducir la potencia suministrada por las bater\u00edas para alimentar equipos electr\u00f3nicos primarios durante una interrupci\u00f3n del suministro el\u00e9ctrico.<\/p>\n<p><\/p>\n<p><strong>Tomas de salida con protecci\u00f3n de bater\u00eda y contra sobretensiones<\/strong><\/p>\n<p><\/p>\n<p>Respalde y proteja el hardware y los datos durante cortes del suministro, sobretensiones y sobretensiones transitorias.<\/p>\n<p><\/p>\n<p><strong>Especificaciones T\u00e9cnicas<\/strong><\/p>\n<p><\/p>\n<p>Dimensiones: 25 x 14 x 10.5 cm<\/p>\n<p>Peso: 2.6 kg<\/p>\n<p>Capacidad de potencia de salida: 255Vatios \/ 425VA<\/p>\n<p>M\u00e1xima potencia configurable: (vatios) 255Vatios \/ 425VA<\/p>\n<p>Tensi\u00f3n de salida nominal: 120V<\/p>\n<p>Frecuencia de salida (sincronizada con la red): 50\/60Hz +\/- 3 Hz<\/p>\n<p>Topolog\u00eda: De reserva<\/p>\n<p>Tipo de forma de onda: Onda cuadrada<\/p>\n<p>Conexiones de salida:<br \/>(4) NEMA 5-15R (Respaldo de bater\u00eda)<br \/>(2) NEMA 5-15R (selector_surgetitle)<\/p>\n<p>Duraci\u00f3n de transferencia: 6ms typical : 10ms maximum<\/p>\n<p>Entrada de voltaje: 120V<\/p>\n<p>Frecuencia de entrada: 50 Hz +\/- 3 Hz, 60 Hz +\/- 3 Hz<\/p>\n<p>Tipo de enchufe: NEMA 5-15P<\/p>\n<p>Longitud del cable: 1.52metros<\/p>\n<p>Variaci\u00f3n de tensi\u00f3n de entrada para operaciones principales: 88 &#8211; 139V<\/p>\n<p>Cantidad de cables de alimentaci\u00f3n: 1<\/p>\n<p>Corriente m\u00e1xima de entrada: 5.0A<\/p>\n<p>Tipo de bater\u00eda: Bater\u00eda sellada de plomo sin necesidad de mantenci\u00f3n con electrolito suspendido: a prueba de filtraci\u00f3n<\/p>\n<p>Tiempo de recarga t\u00edpico: 8hora(s)<\/p>\n<p>Panel de control: Indicadores LED On-line : Bater\u00eda encendida<\/p>\n<p>Alarma audible: Alarma de bater\u00eda encendida: alarma distintiva de carga de bater\u00eda baja<\/p>\n<p>Temperatura de operaci\u00f3n: 0 &#8211; 40 \u00b0C<\/p>\n<p>Humedad relativa de operaci\u00f3n: 0 &#8211; 95 %<\/p>\n<p>Elevaci\u00f3n de operaci\u00f3n: 0-3000metros<\/p>\n<p>Temperatura de almacenamiento: -20 &#8211; 50 \u00b0C<\/p>\n<p>Humedad relativa de almacenamiento: 0 &#8211; 95 %<\/p>\n<p>Elevaci\u00f3n de almacenamiento: 0-15000metros <\/p>\n<p><\/p>\n<p><strong>Contenido Del Paquete<\/strong><\/p>\n<p><\/p>\n<p>UPS &#8211; Cable &#8211; Documentaci\u00f3n<\/p>\n","protected":false},"excerpt":{"rendered":"<p># DE PARTE:BE425M-LM<\/p>\n","protected":false},"featured_media":2428,"template":"","meta":{"site-sidebar-layout":"default","site-content-layout":"","ast-site-content-layout":"default","site-content-style":"default","site-sidebar-style":"default","ast-global-header-display":"","ast-banner-title-visibility":"","ast-main-header-display":"","ast-hfb-above-header-display":"","ast-hfb-below-header-display":"","ast-hfb-mobile-header-display":"","site-post-title":"","ast-breadcrumbs-content":"","ast-featured-img":"","footer-sml-layout":"","ast-disable-related-posts":"","theme-transparent-header-meta":"","adv-header-id-meta":"","stick-header-meta":"","header-above-stick-meta":"","header-main-stick-meta":"","header-below-stick-meta":"","astra-migrate-meta-layouts":"default","ast-page-background-enabled":"default","ast-page-background-meta":{"desktop":{"background-color":"var(--ast-global-color-4)","background-image":"","background-repeat":"repeat","background-position":"center center","background-size":"auto","background-attachment":"scroll","background-type":"","background-media":"","overlay-type":"","overlay-color":"","overlay-opacity":"","overlay-gradient":""},"tablet":{"background-color":"","background-image":"","background-repeat":"repeat","background-position":"center center","background-size":"auto","background-attachment":"scroll","background-type":"","background-media":"","overlay-type":"","overlay-color":"","overlay-opacity":"","overlay-gradient":""},"mobile":{"background-color":"","background-image":"","background-repeat":"repeat","background-position":"center center","background-size":"auto","background-attachment":"scroll","background-type":"","background-media":"","overlay-type":"","overlay-color":"","overlay-opacity":"","overlay-gradient":""}},"ast-content-background-meta":{"desktop":{"background-color":"var(--ast-global-color-5)","background-image":"","background-repeat":"repeat","background-position":"center center","background-size":"auto","background-attachment":"scroll","background-type":"","background-media":"","overlay-type":"","overlay-color":"","overlay-opacity":"","overlay-gradient":""},"tablet":{"background-color":"var(--ast-global-color-5)","background-image":"","background-repeat":"repeat","background-position":"center center","background-size":"auto","background-attachment":"scroll","background-type":"","background-media":"","overlay-type":"","overlay-color":"","overlay-opacity":"","overlay-gradient":""},"mobile":{"background-color":"var(--ast-global-color-5)","background-image":"","background-repeat":"repeat","background-position":"center center","background-size":"auto","background-attachment":"scroll","background-type":"","background-media":"","overlay-type":"","overlay-color":"","overlay-opacity":"","overlay-gradient":""}}},"product_brand":[],"product_cat":[162,65],"product_tag":[450],"class_list":{"0":"post-2363","1":"product","2":"type-product","3":"status-publish","4":"has-post-thumbnail","6":"product_cat-ups","7":"product_cat-ups-reguladores-de-voltaje","8":"product_tag-apc","9":"desktop-align-left","10":"tablet-align-left","11":"mobile-align-left","13":"first","14":"instock","15":"taxable","16":"shipping-taxable","17":"product-type-simple"},"yoast_head":"<!-- This site is optimized with the Yoast SEO plugin v27.4 - https:\/\/yoast.com\/product\/yoast-seo-wordpress\/ -->\n<title>Ups Apc Be425M-Lm 425 Va 120 V Latinoamerica 6 Tomas - IntegralPro<\/title>\n<meta name=\"robots\" content=\"index, follow, max-snippet:-1, max-image-preview:large, max-video-preview:-1\" \/>\n<link rel=\"canonical\" href=\"https:\/\/www.integralpro.com.co\/index.php\/producto\/ups-apc-be425m-lm-425-va-120-v-latinoamerica-6-tomas\/\" \/>\n<meta property=\"og:locale\" content=\"es_ES\" \/>\n<meta property=\"og:type\" content=\"article\" \/>\n<meta property=\"og:title\" content=\"Ups Apc Be425M-Lm 425 Va 120 V Latinoamerica 6 Tomas - IntegralPro\" \/>\n<meta property=\"og:description\" content=\"# DE PARTE:BE425M-LM\" \/>\n<meta property=\"og:url\" content=\"https:\/\/www.integralpro.com.co\/index.php\/producto\/ups-apc-be425m-lm-425-va-120-v-latinoamerica-6-tomas\/\" \/>\n<meta property=\"og:site_name\" content=\"IntegralPro\" \/>\n<meta property=\"article:modified_time\" content=\"2021-02-19T19:56:06+00:00\" \/>\n<meta property=\"og:image\" content=\"https:\/\/www.integralpro.com.co\/wp-content\/uploads\/2021\/02\/2d9b80ad4bff94007d59c5278bd00314.jpg\" \/>\n\t<meta property=\"og:image:width\" content=\"1000\" \/>\n\t<meta property=\"og:image:height\" content=\"1000\" \/>\n\t<meta property=\"og:image:type\" content=\"image\/jpeg\" \/>\n<meta name=\"twitter:card\" content=\"summary_large_image\" \/>\n<meta name=\"twitter:label1\" content=\"Tiempo de lectura\" \/>\n\t<meta name=\"twitter:data1\" content=\"2 minutos\" \/>\n<script type=\"application\/ld+json\" class=\"yoast-schema-graph\">{\"@context\":\"https:\\\/\\\/schema.org\",\"@graph\":[{\"@type\":\"WebPage\",\"@id\":\"https:\\\/\\\/www.integralpro.com.co\\\/index.php\\\/producto\\\/ups-apc-be425m-lm-425-va-120-v-latinoamerica-6-tomas\\\/\",\"url\":\"https:\\\/\\\/www.integralpro.com.co\\\/index.php\\\/producto\\\/ups-apc-be425m-lm-425-va-120-v-latinoamerica-6-tomas\\\/\",\"name\":\"Ups Apc Be425M-Lm 425 Va 120 V Latinoamerica 6 Tomas - IntegralPro\",\"isPartOf\":{\"@id\":\"https:\\\/\\\/www.integralpro.com.co\\\/#website\"},\"primaryImageOfPage\":{\"@id\":\"https:\\\/\\\/www.integralpro.com.co\\\/index.php\\\/producto\\\/ups-apc-be425m-lm-425-va-120-v-latinoamerica-6-tomas\\\/#primaryimage\"},\"image\":{\"@id\":\"https:\\\/\\\/www.integralpro.com.co\\\/index.php\\\/producto\\\/ups-apc-be425m-lm-425-va-120-v-latinoamerica-6-tomas\\\/#primaryimage\"},\"thumbnailUrl\":\"https:\\\/\\\/www.integralpro.com.co\\\/wp-content\\\/uploads\\\/2021\\\/02\\\/2d9b80ad4bff94007d59c5278bd00314.jpg\",\"datePublished\":\"2021-02-19T19:55:28+00:00\",\"dateModified\":\"2021-02-19T19:56:06+00:00\",\"breadcrumb\":{\"@id\":\"https:\\\/\\\/www.integralpro.com.co\\\/index.php\\\/producto\\\/ups-apc-be425m-lm-425-va-120-v-latinoamerica-6-tomas\\\/#breadcrumb\"},\"inLanguage\":\"es\",\"potentialAction\":[{\"@type\":\"ReadAction\",\"target\":[\"https:\\\/\\\/www.integralpro.com.co\\\/index.php\\\/producto\\\/ups-apc-be425m-lm-425-va-120-v-latinoamerica-6-tomas\\\/\"]}]},{\"@type\":\"ImageObject\",\"inLanguage\":\"es\",\"@id\":\"https:\\\/\\\/www.integralpro.com.co\\\/index.php\\\/producto\\\/ups-apc-be425m-lm-425-va-120-v-latinoamerica-6-tomas\\\/#primaryimage\",\"url\":\"https:\\\/\\\/www.integralpro.com.co\\\/wp-content\\\/uploads\\\/2021\\\/02\\\/2d9b80ad4bff94007d59c5278bd00314.jpg\",\"contentUrl\":\"https:\\\/\\\/www.integralpro.com.co\\\/wp-content\\\/uploads\\\/2021\\\/02\\\/2d9b80ad4bff94007d59c5278bd00314.jpg\",\"width\":1000,\"height\":1000},{\"@type\":\"BreadcrumbList\",\"@id\":\"https:\\\/\\\/www.integralpro.com.co\\\/index.php\\\/producto\\\/ups-apc-be425m-lm-425-va-120-v-latinoamerica-6-tomas\\\/#breadcrumb\",\"itemListElement\":[{\"@type\":\"ListItem\",\"position\":1,\"name\":\"Portada\",\"item\":\"https:\\\/\\\/www.integralpro.com.co\\\/\"},{\"@type\":\"ListItem\",\"position\":2,\"name\":\"Tienda\",\"item\":\"https:\\\/\\\/www.integralpro.com.co\\\/index.php\\\/tienda\\\/\"},{\"@type\":\"ListItem\",\"position\":3,\"name\":\"Ups Apc Be425M-Lm 425 Va 120 V Latinoamerica 6 Tomas\"}]},{\"@type\":\"WebSite\",\"@id\":\"https:\\\/\\\/www.integralpro.com.co\\\/#website\",\"url\":\"https:\\\/\\\/www.integralpro.com.co\\\/\",\"name\":\"IntegralPro\",\"description\":\"Tienda de Tecnolog\u00eda en L\u00ednea\",\"publisher\":{\"@id\":\"https:\\\/\\\/www.integralpro.com.co\\\/#organization\"},\"potentialAction\":[{\"@type\":\"SearchAction\",\"target\":{\"@type\":\"EntryPoint\",\"urlTemplate\":\"https:\\\/\\\/www.integralpro.com.co\\\/?s={search_term_string}\"},\"query-input\":{\"@type\":\"PropertyValueSpecification\",\"valueRequired\":true,\"valueName\":\"search_term_string\"}}],\"inLanguage\":\"es\"},{\"@type\":\"Organization\",\"@id\":\"https:\\\/\\\/www.integralpro.com.co\\\/#organization\",\"name\":\"IntegralPro SAS\",\"url\":\"https:\\\/\\\/www.integralpro.com.co\\\/\",\"logo\":{\"@type\":\"ImageObject\",\"inLanguage\":\"es\",\"@id\":\"https:\\\/\\\/www.integralpro.com.co\\\/#\\\/schema\\\/logo\\\/image\\\/\",\"url\":\"https:\\\/\\\/www.integralpro.com.co\\\/wp-content\\\/uploads\\\/2021\\\/02\\\/logo-def.jpg\",\"contentUrl\":\"https:\\\/\\\/www.integralpro.com.co\\\/wp-content\\\/uploads\\\/2021\\\/02\\\/logo-def.jpg\",\"width\":238,\"height\":234,\"caption\":\"IntegralPro SAS\"},\"image\":{\"@id\":\"https:\\\/\\\/www.integralpro.com.co\\\/#\\\/schema\\\/logo\\\/image\\\/\"}}]}<\/script>\n<!-- \/ Yoast SEO plugin. -->","yoast_head_json":{"title":"Ups Apc Be425M-Lm 425 Va 120 V Latinoamerica 6 Tomas - IntegralPro","robots":{"index":"index","follow":"follow","max-snippet":"max-snippet:-1","max-image-preview":"max-image-preview:large","max-video-preview":"max-video-preview:-1"},"canonical":"https:\/\/www.integralpro.com.co\/index.php\/producto\/ups-apc-be425m-lm-425-va-120-v-latinoamerica-6-tomas\/","og_locale":"es_ES","og_type":"article","og_title":"Ups Apc Be425M-Lm 425 Va 120 V Latinoamerica 6 Tomas - IntegralPro","og_description":"# DE PARTE:BE425M-LM","og_url":"https:\/\/www.integralpro.com.co\/index.php\/producto\/ups-apc-be425m-lm-425-va-120-v-latinoamerica-6-tomas\/","og_site_name":"IntegralPro","article_modified_time":"2021-02-19T19:56:06+00:00","og_image":[{"width":1000,"height":1000,"url":"https:\/\/www.integralpro.com.co\/wp-content\/uploads\/2021\/02\/2d9b80ad4bff94007d59c5278bd00314.jpg","type":"image\/jpeg"}],"twitter_card":"summary_large_image","twitter_misc":{"Tiempo de lectura":"2 minutos"},"schema":{"@context":"https:\/\/schema.org","@graph":[{"@type":"WebPage","@id":"https:\/\/www.integralpro.com.co\/index.php\/producto\/ups-apc-be425m-lm-425-va-120-v-latinoamerica-6-tomas\/","url":"https:\/\/www.integralpro.com.co\/index.php\/producto\/ups-apc-be425m-lm-425-va-120-v-latinoamerica-6-tomas\/","name":"Ups Apc Be425M-Lm 425 Va 120 V Latinoamerica 6 Tomas - IntegralPro","isPartOf":{"@id":"https:\/\/www.integralpro.com.co\/#website"},"primaryImageOfPage":{"@id":"https:\/\/www.integralpro.com.co\/index.php\/producto\/ups-apc-be425m-lm-425-va-120-v-latinoamerica-6-tomas\/#primaryimage"},"image":{"@id":"https:\/\/www.integralpro.com.co\/index.php\/producto\/ups-apc-be425m-lm-425-va-120-v-latinoamerica-6-tomas\/#primaryimage"},"thumbnailUrl":"https:\/\/www.integralpro.com.co\/wp-content\/uploads\/2021\/02\/2d9b80ad4bff94007d59c5278bd00314.jpg","datePublished":"2021-02-19T19:55:28+00:00","dateModified":"2021-02-19T19:56:06+00:00","breadcrumb":{"@id":"https:\/\/www.integralpro.com.co\/index.php\/producto\/ups-apc-be425m-lm-425-va-120-v-latinoamerica-6-tomas\/#breadcrumb"},"inLanguage":"es","potentialAction":[{"@type":"ReadAction","target":["https:\/\/www.integralpro.com.co\/index.php\/producto\/ups-apc-be425m-lm-425-va-120-v-latinoamerica-6-tomas\/"]}]},{"@type":"ImageObject","inLanguage":"es","@id":"https:\/\/www.integralpro.com.co\/index.php\/producto\/ups-apc-be425m-lm-425-va-120-v-latinoamerica-6-tomas\/#primaryimage","url":"https:\/\/www.integralpro.com.co\/wp-content\/uploads\/2021\/02\/2d9b80ad4bff94007d59c5278bd00314.jpg","contentUrl":"https:\/\/www.integralpro.com.co\/wp-content\/uploads\/2021\/02\/2d9b80ad4bff94007d59c5278bd00314.jpg","width":1000,"height":1000},{"@type":"BreadcrumbList","@id":"https:\/\/www.integralpro.com.co\/index.php\/producto\/ups-apc-be425m-lm-425-va-120-v-latinoamerica-6-tomas\/#breadcrumb","itemListElement":[{"@type":"ListItem","position":1,"name":"Portada","item":"https:\/\/www.integralpro.com.co\/"},{"@type":"ListItem","position":2,"name":"Tienda","item":"https:\/\/www.integralpro.com.co\/index.php\/tienda\/"},{"@type":"ListItem","position":3,"name":"Ups Apc Be425M-Lm 425 Va 120 V Latinoamerica 6 Tomas"}]},{"@type":"WebSite","@id":"https:\/\/www.integralpro.com.co\/#website","url":"https:\/\/www.integralpro.com.co\/","name":"IntegralPro","description":"Tienda de Tecnolog\u00eda en L\u00ednea","publisher":{"@id":"https:\/\/www.integralpro.com.co\/#organization"},"potentialAction":[{"@type":"SearchAction","target":{"@type":"EntryPoint","urlTemplate":"https:\/\/www.integralpro.com.co\/?s={search_term_string}"},"query-input":{"@type":"PropertyValueSpecification","valueRequired":true,"valueName":"search_term_string"}}],"inLanguage":"es"},{"@type":"Organization","@id":"https:\/\/www.integralpro.com.co\/#organization","name":"IntegralPro SAS","url":"https:\/\/www.integralpro.com.co\/","logo":{"@type":"ImageObject","inLanguage":"es","@id":"https:\/\/www.integralpro.com.co\/#\/schema\/logo\/image\/","url":"https:\/\/www.integralpro.com.co\/wp-content\/uploads\/2021\/02\/logo-def.jpg","contentUrl":"https:\/\/www.integralpro.com.co\/wp-content\/uploads\/2021\/02\/logo-def.jpg","width":238,"height":234,"caption":"IntegralPro SAS"},"image":{"@id":"https:\/\/www.integralpro.com.co\/#\/schema\/logo\/image\/"}}]}},"_links":{"self":[{"href":"https:\/\/www.integralpro.com.co\/index.php\/wp-json\/wp\/v2\/product\/2363","targetHints":{"allow":["GET"]}}],"collection":[{"href":"https:\/\/www.integralpro.com.co\/index.php\/wp-json\/wp\/v2\/product"}],"about":[{"href":"https:\/\/www.integralpro.com.co\/index.php\/wp-json\/wp\/v2\/types\/product"}],"version-history":[{"count":1,"href":"https:\/\/www.integralpro.com.co\/index.php\/wp-json\/wp\/v2\/product\/2363\/revisions"}],"predecessor-version":[{"id":2429,"href":"https:\/\/www.integralpro.com.co\/index.php\/wp-json\/wp\/v2\/product\/2363\/revisions\/2429"}],"wp:featuredmedia":[{"embeddable":true,"href":"https:\/\/www.integralpro.com.co\/index.php\/wp-json\/wp\/v2\/media\/2428"}],"wp:attachment":[{"href":"https:\/\/www.integralpro.com.co\/index.php\/wp-json\/wp\/v2\/media?parent=2363"}],"wp:term":[{"taxonomy":"product_brand","embeddable":true,"href":"https:\/\/www.integralpro.com.co\/index.php\/wp-json\/wp\/v2\/product_brand?post=2363"},{"taxonomy":"product_cat","embeddable":true,"href":"https:\/\/www.integralpro.com.co\/index.php\/wp-json\/wp\/v2\/product_cat?post=2363"},{"taxonomy":"product_tag","embeddable":true,"href":"https:\/\/www.integralpro.com.co\/index.php\/wp-json\/wp\/v2\/product_tag?post=2363"}],"curies":[{"name":"wp","href":"https:\/\/api.w.org\/{rel}","templated":true}]}}