{"id":2359,"date":"2021-02-19T14:55:27","date_gmt":"2021-02-19T19:55:27","guid":{"rendered":"https:\/\/www.integralpro.com.co\/index.php\/producto\/import-placeholder-for-1246\/"},"modified":"2021-02-19T14:56:00","modified_gmt":"2021-02-19T19:56:00","slug":"bateria-portatil-adata-d8000l-8000mah-azul","status":"publish","type":"product","link":"https:\/\/www.integralpro.com.co\/index.php\/producto\/bateria-portatil-adata-d8000l-8000mah-azul\/","title":{"rendered":"Bateria Portatil Adata D8000L 8000Mah Azul"},"content":{"rendered":"<p>La D8000L combina el banco de potencia ADATA y la excelencia LED en un producto liso y ultra \u00fatil. Todo un lado del dispositivo est\u00e1 dedicado a la potente iluminaci\u00f3n de 4 modos que destaca sus experiencias. Obtienes 8000mAh para cargar dispositivos y polvo e impermeabilizaci\u00f3n IP54. Donde quiera que vaya, el D8000L es su habilitador multiuso.<\/p>\n<p><\/p>\n<p><strong>Potente iluminaci\u00f3n de 4 modos<\/strong><\/p>\n<p>Todo un lado de la D8000L est\u00e1 dedicado a la iluminaci\u00f3n, con capacidad para 200 l\u00famenes. La tecnolog\u00eda ADATA LED admite cuatro modos de iluminaci\u00f3n: est\u00e1ndar, intermitente, parpadeo lento y emergencia. Obtiene hasta 17 horas de luz, ya sea para situaciones divertidas o para salvar vidas.<\/p>\n<p><\/p>\n<p><strong>Mueva sin preocupaciones con polvo IP54 e impermeabilizaci\u00f3n<br \/><\/strong><\/p>\n<p><\/p>\n<p>Desde altas monta\u00f1as hasta la costa, tu D8000L es una fuente de poder y luz en la que puedes confiar. Tiene certificaci\u00f3n IEC IP54 a prueba de polvo y agua, y est\u00e1 dise\u00f1ado para resistir golpes y ca\u00eddas.<br \/>* Las clasificaciones de polvo e impermeable se aplican cuando las tapas de los puertos est\u00e1n firmemente cerradas y en su lugar<\/p>\n<p><\/p>\n<p><strong>La espalda acanalada se convierte instant\u00e1neamente en un soporte<br \/><\/strong><\/p>\n<p><\/p>\n<p>\u00a1No hay que preocuparse por quedarse sin energ\u00eda cuando est\u00e9 de viaje! El PV120 viene con la incre\u00edble capacidad de carga de 5100mAh &#8211; suficiente para casi 2 cargas de un iPhone 6 y m\u00e1s de 1 carga de un iPhone 6 Plus. Adem\u00e1s, el PV120 soporta una entrada de 2A y salida de 2.1A, lo que significa que se puede cargar por completo y cargar su tel\u00e9fono inteligente m\u00e1s r\u00e1pidamente.<\/p>\n<p><\/p>\n<p><strong>Carga y descarga sincr\u00f3nica<br \/><\/strong><\/p>\n<p><\/p>\n<p>El dise\u00f1o inteligente hace que sea f\u00e1cil agregar un soporte para la D8000L. Los surcos en su parte posterior pueden adaptarse a cualquier cosa, desde monedas hasta tarjetas de cr\u00e9dito, para ayudarlo a colocar el banco de energ\u00eda en posici\u00f3n vertical para mejorar la posici\u00f3n de la iluminaci\u00f3n en funci\u00f3n de sus necesidades y su situaci\u00f3n.<\/p>\n<p><\/p>\n<p><strong>Especificaciones T\u00e9cnicas<\/strong><\/p>\n<p><\/p>\n<p>Dimensiones: <span>15 x 7.5 x 2.3 cm<\/p>\n<p>Peso: 0.27 Kg<\/p>\n<p>Tecnolog\u00eda de bater\u00eda Pol\u00edmero de litio<\/p>\n<p>Capacidad de bater\u00eda 8000 mAh<\/p>\n<p>USB A n\u00famero de salidas: 2<\/p>\n<p>Tipos de puertos USB de entrada: Micro-USB<\/p>\n<p>Voltaje de entrada 5<\/p>\n<p>Voltaje de salida 5 V<\/p>\n<p>Corriente de entrada 2<\/p>\n<p>Corriente de salida 2,1 A<\/p>\n<p>Funciones de protecci\u00f3n de poder: Sobreintensidad, Sobrevoltaje, Sobrecarga, Descarga excesiva, Sobrecalentamiento, Cortocircuito<\/p>\n<p>Fuente de carga USB<\/p>\n<p>Vida \u00fatil de la linterna 17 h<\/p>\n<p>Indicadores LED: Si<\/p>\n<p>Interruptor de encendido\/apagado integrado: Si<\/p>\n<p>A prueba de agua: Si<\/p>\n<p>Resistente al polvo: Si<\/p>\n<p>C\u00f3digo IP (International Protection): IP54<\/p>\n<p>Compatibilidad del cargador: Tel\u00e9fono m\u00f3vil\/smartphone, Tableta, MP3\/MP4, GPS, Lector de libros electr\u00f3nicos<\/p>\n<p>N\u00famero de dispositivos conectados simultaneamente: (m\u00e1x.) 2<\/p>\n<p>Agujero de suspensi\u00f3n: Si<\/p>\n<p>Tiempo de Carga: 6 Horas<\/p>\n<p>Color: Azul<\/span> <\/p>\n<p><\/p>\n<p><strong>Contenido Del Paquete<\/strong><\/p>\n<p><\/p>\n<p>Bater\u00eda port\u00e1til &#8211; Cable micro Usb &#8211; Documentaci\u00f3n<\/p>\n","protected":false},"excerpt":{"rendered":"<p># DE PARTE:AD8000L-5V-CBL<\/p>\n","protected":false},"featured_media":2420,"template":"","meta":{"site-sidebar-layout":"default","site-content-layout":"","ast-site-content-layout":"default","site-content-style":"default","site-sidebar-style":"default","ast-global-header-display":"","ast-banner-title-visibility":"","ast-main-header-display":"","ast-hfb-above-header-display":"","ast-hfb-below-header-display":"","ast-hfb-mobile-header-display":"","site-post-title":"","ast-breadcrumbs-content":"","ast-featured-img":"","footer-sml-layout":"","ast-disable-related-posts":"","theme-transparent-header-meta":"","adv-header-id-meta":"","stick-header-meta":"","header-above-stick-meta":"","header-main-stick-meta":"","header-below-stick-meta":"","astra-migrate-meta-layouts":"default","ast-page-background-enabled":"default","ast-page-background-meta":{"desktop":{"background-color":"var(--ast-global-color-4)","background-image":"","background-repeat":"repeat","background-position":"center center","background-size":"auto","background-attachment":"scroll","background-type":"","background-media":"","overlay-type":"","overlay-color":"","overlay-opacity":"","overlay-gradient":""},"tablet":{"background-color":"","background-image":"","background-repeat":"repeat","background-position":"center center","background-size":"auto","background-attachment":"scroll","background-type":"","background-media":"","overlay-type":"","overlay-color":"","overlay-opacity":"","overlay-gradient":""},"mobile":{"background-color":"","background-image":"","background-repeat":"repeat","background-position":"center center","background-size":"auto","background-attachment":"scroll","background-type":"","background-media":"","overlay-type":"","overlay-color":"","overlay-opacity":"","overlay-gradient":""}},"ast-content-background-meta":{"desktop":{"background-color":"var(--ast-global-color-5)","background-image":"","background-repeat":"repeat","background-position":"center center","background-size":"auto","background-attachment":"scroll","background-type":"","background-media":"","overlay-type":"","overlay-color":"","overlay-opacity":"","overlay-gradient":""},"tablet":{"background-color":"var(--ast-global-color-5)","background-image":"","background-repeat":"repeat","background-position":"center center","background-size":"auto","background-attachment":"scroll","background-type":"","background-media":"","overlay-type":"","overlay-color":"","overlay-opacity":"","overlay-gradient":""},"mobile":{"background-color":"var(--ast-global-color-5)","background-image":"","background-repeat":"repeat","background-position":"center center","background-size":"auto","background-attachment":"scroll","background-type":"","background-media":"","overlay-type":"","overlay-color":"","overlay-opacity":"","overlay-gradient":""}}},"product_brand":[],"product_cat":[49,90],"product_tag":[48],"class_list":{"0":"post-2359","1":"product","2":"type-product","3":"status-publish","4":"has-post-thumbnail","6":"product_cat-accesorios","7":"product_cat-baterias-power-bank","8":"product_tag-adata","9":"desktop-align-left","10":"tablet-align-left","11":"mobile-align-left","13":"first","14":"instock","15":"taxable","16":"shipping-taxable","17":"product-type-simple"},"yoast_head":"<!-- This site is optimized with the Yoast SEO plugin v27.3 - https:\/\/yoast.com\/product\/yoast-seo-wordpress\/ -->\n<title>Bateria Portatil Adata D8000L 8000Mah Azul - IntegralPro<\/title>\n<meta name=\"robots\" content=\"index, follow, max-snippet:-1, max-image-preview:large, max-video-preview:-1\" \/>\n<link rel=\"canonical\" href=\"https:\/\/www.integralpro.com.co\/index.php\/producto\/bateria-portatil-adata-d8000l-8000mah-azul\/\" \/>\n<meta property=\"og:locale\" content=\"es_ES\" \/>\n<meta property=\"og:type\" content=\"article\" \/>\n<meta property=\"og:title\" content=\"Bateria Portatil Adata D8000L 8000Mah Azul - IntegralPro\" \/>\n<meta property=\"og:description\" content=\"# DE PARTE:AD8000L-5V-CBL\" \/>\n<meta property=\"og:url\" content=\"https:\/\/www.integralpro.com.co\/index.php\/producto\/bateria-portatil-adata-d8000l-8000mah-azul\/\" \/>\n<meta property=\"og:site_name\" content=\"IntegralPro\" \/>\n<meta property=\"article:modified_time\" content=\"2021-02-19T19:56:00+00:00\" \/>\n<meta property=\"og:image\" content=\"https:\/\/www.integralpro.com.co\/wp-content\/uploads\/2021\/02\/ee6984ff5895b4174e1b52ad82ba9732.jpg\" \/>\n\t<meta property=\"og:image:width\" content=\"1000\" \/>\n\t<meta property=\"og:image:height\" content=\"1000\" \/>\n\t<meta property=\"og:image:type\" content=\"image\/jpeg\" \/>\n<meta name=\"twitter:card\" content=\"summary_large_image\" \/>\n<meta name=\"twitter:label1\" content=\"Tiempo de lectura\" \/>\n\t<meta name=\"twitter:data1\" content=\"2 minutos\" \/>\n<script type=\"application\/ld+json\" class=\"yoast-schema-graph\">{\"@context\":\"https:\\\/\\\/schema.org\",\"@graph\":[{\"@type\":\"WebPage\",\"@id\":\"https:\\\/\\\/www.integralpro.com.co\\\/index.php\\\/producto\\\/bateria-portatil-adata-d8000l-8000mah-azul\\\/\",\"url\":\"https:\\\/\\\/www.integralpro.com.co\\\/index.php\\\/producto\\\/bateria-portatil-adata-d8000l-8000mah-azul\\\/\",\"name\":\"Bateria Portatil Adata D8000L 8000Mah Azul - IntegralPro\",\"isPartOf\":{\"@id\":\"https:\\\/\\\/www.integralpro.com.co\\\/#website\"},\"primaryImageOfPage\":{\"@id\":\"https:\\\/\\\/www.integralpro.com.co\\\/index.php\\\/producto\\\/bateria-portatil-adata-d8000l-8000mah-azul\\\/#primaryimage\"},\"image\":{\"@id\":\"https:\\\/\\\/www.integralpro.com.co\\\/index.php\\\/producto\\\/bateria-portatil-adata-d8000l-8000mah-azul\\\/#primaryimage\"},\"thumbnailUrl\":\"https:\\\/\\\/www.integralpro.com.co\\\/wp-content\\\/uploads\\\/2021\\\/02\\\/ee6984ff5895b4174e1b52ad82ba9732.jpg\",\"datePublished\":\"2021-02-19T19:55:27+00:00\",\"dateModified\":\"2021-02-19T19:56:00+00:00\",\"breadcrumb\":{\"@id\":\"https:\\\/\\\/www.integralpro.com.co\\\/index.php\\\/producto\\\/bateria-portatil-adata-d8000l-8000mah-azul\\\/#breadcrumb\"},\"inLanguage\":\"es\",\"potentialAction\":[{\"@type\":\"ReadAction\",\"target\":[\"https:\\\/\\\/www.integralpro.com.co\\\/index.php\\\/producto\\\/bateria-portatil-adata-d8000l-8000mah-azul\\\/\"]}]},{\"@type\":\"ImageObject\",\"inLanguage\":\"es\",\"@id\":\"https:\\\/\\\/www.integralpro.com.co\\\/index.php\\\/producto\\\/bateria-portatil-adata-d8000l-8000mah-azul\\\/#primaryimage\",\"url\":\"https:\\\/\\\/www.integralpro.com.co\\\/wp-content\\\/uploads\\\/2021\\\/02\\\/ee6984ff5895b4174e1b52ad82ba9732.jpg\",\"contentUrl\":\"https:\\\/\\\/www.integralpro.com.co\\\/wp-content\\\/uploads\\\/2021\\\/02\\\/ee6984ff5895b4174e1b52ad82ba9732.jpg\",\"width\":1000,\"height\":1000},{\"@type\":\"BreadcrumbList\",\"@id\":\"https:\\\/\\\/www.integralpro.com.co\\\/index.php\\\/producto\\\/bateria-portatil-adata-d8000l-8000mah-azul\\\/#breadcrumb\",\"itemListElement\":[{\"@type\":\"ListItem\",\"position\":1,\"name\":\"Portada\",\"item\":\"https:\\\/\\\/www.integralpro.com.co\\\/\"},{\"@type\":\"ListItem\",\"position\":2,\"name\":\"Tienda\",\"item\":\"https:\\\/\\\/www.integralpro.com.co\\\/index.php\\\/tienda\\\/\"},{\"@type\":\"ListItem\",\"position\":3,\"name\":\"Bateria Portatil Adata D8000L 8000Mah Azul\"}]},{\"@type\":\"WebSite\",\"@id\":\"https:\\\/\\\/www.integralpro.com.co\\\/#website\",\"url\":\"https:\\\/\\\/www.integralpro.com.co\\\/\",\"name\":\"IntegralPro\",\"description\":\"Tienda de Tecnolog\u00eda en L\u00ednea\",\"publisher\":{\"@id\":\"https:\\\/\\\/www.integralpro.com.co\\\/#organization\"},\"potentialAction\":[{\"@type\":\"SearchAction\",\"target\":{\"@type\":\"EntryPoint\",\"urlTemplate\":\"https:\\\/\\\/www.integralpro.com.co\\\/?s={search_term_string}\"},\"query-input\":{\"@type\":\"PropertyValueSpecification\",\"valueRequired\":true,\"valueName\":\"search_term_string\"}}],\"inLanguage\":\"es\"},{\"@type\":\"Organization\",\"@id\":\"https:\\\/\\\/www.integralpro.com.co\\\/#organization\",\"name\":\"IntegralPro SAS\",\"url\":\"https:\\\/\\\/www.integralpro.com.co\\\/\",\"logo\":{\"@type\":\"ImageObject\",\"inLanguage\":\"es\",\"@id\":\"https:\\\/\\\/www.integralpro.com.co\\\/#\\\/schema\\\/logo\\\/image\\\/\",\"url\":\"https:\\\/\\\/www.integralpro.com.co\\\/wp-content\\\/uploads\\\/2021\\\/02\\\/logo-def.jpg\",\"contentUrl\":\"https:\\\/\\\/www.integralpro.com.co\\\/wp-content\\\/uploads\\\/2021\\\/02\\\/logo-def.jpg\",\"width\":238,\"height\":234,\"caption\":\"IntegralPro SAS\"},\"image\":{\"@id\":\"https:\\\/\\\/www.integralpro.com.co\\\/#\\\/schema\\\/logo\\\/image\\\/\"}}]}<\/script>\n<!-- \/ Yoast SEO plugin. -->","yoast_head_json":{"title":"Bateria Portatil Adata D8000L 8000Mah Azul - IntegralPro","robots":{"index":"index","follow":"follow","max-snippet":"max-snippet:-1","max-image-preview":"max-image-preview:large","max-video-preview":"max-video-preview:-1"},"canonical":"https:\/\/www.integralpro.com.co\/index.php\/producto\/bateria-portatil-adata-d8000l-8000mah-azul\/","og_locale":"es_ES","og_type":"article","og_title":"Bateria Portatil Adata D8000L 8000Mah Azul - IntegralPro","og_description":"# DE PARTE:AD8000L-5V-CBL","og_url":"https:\/\/www.integralpro.com.co\/index.php\/producto\/bateria-portatil-adata-d8000l-8000mah-azul\/","og_site_name":"IntegralPro","article_modified_time":"2021-02-19T19:56:00+00:00","og_image":[{"width":1000,"height":1000,"url":"https:\/\/www.integralpro.com.co\/wp-content\/uploads\/2021\/02\/ee6984ff5895b4174e1b52ad82ba9732.jpg","type":"image\/jpeg"}],"twitter_card":"summary_large_image","twitter_misc":{"Tiempo de lectura":"2 minutos"},"schema":{"@context":"https:\/\/schema.org","@graph":[{"@type":"WebPage","@id":"https:\/\/www.integralpro.com.co\/index.php\/producto\/bateria-portatil-adata-d8000l-8000mah-azul\/","url":"https:\/\/www.integralpro.com.co\/index.php\/producto\/bateria-portatil-adata-d8000l-8000mah-azul\/","name":"Bateria Portatil Adata D8000L 8000Mah Azul - IntegralPro","isPartOf":{"@id":"https:\/\/www.integralpro.com.co\/#website"},"primaryImageOfPage":{"@id":"https:\/\/www.integralpro.com.co\/index.php\/producto\/bateria-portatil-adata-d8000l-8000mah-azul\/#primaryimage"},"image":{"@id":"https:\/\/www.integralpro.com.co\/index.php\/producto\/bateria-portatil-adata-d8000l-8000mah-azul\/#primaryimage"},"thumbnailUrl":"https:\/\/www.integralpro.com.co\/wp-content\/uploads\/2021\/02\/ee6984ff5895b4174e1b52ad82ba9732.jpg","datePublished":"2021-02-19T19:55:27+00:00","dateModified":"2021-02-19T19:56:00+00:00","breadcrumb":{"@id":"https:\/\/www.integralpro.com.co\/index.php\/producto\/bateria-portatil-adata-d8000l-8000mah-azul\/#breadcrumb"},"inLanguage":"es","potentialAction":[{"@type":"ReadAction","target":["https:\/\/www.integralpro.com.co\/index.php\/producto\/bateria-portatil-adata-d8000l-8000mah-azul\/"]}]},{"@type":"ImageObject","inLanguage":"es","@id":"https:\/\/www.integralpro.com.co\/index.php\/producto\/bateria-portatil-adata-d8000l-8000mah-azul\/#primaryimage","url":"https:\/\/www.integralpro.com.co\/wp-content\/uploads\/2021\/02\/ee6984ff5895b4174e1b52ad82ba9732.jpg","contentUrl":"https:\/\/www.integralpro.com.co\/wp-content\/uploads\/2021\/02\/ee6984ff5895b4174e1b52ad82ba9732.jpg","width":1000,"height":1000},{"@type":"BreadcrumbList","@id":"https:\/\/www.integralpro.com.co\/index.php\/producto\/bateria-portatil-adata-d8000l-8000mah-azul\/#breadcrumb","itemListElement":[{"@type":"ListItem","position":1,"name":"Portada","item":"https:\/\/www.integralpro.com.co\/"},{"@type":"ListItem","position":2,"name":"Tienda","item":"https:\/\/www.integralpro.com.co\/index.php\/tienda\/"},{"@type":"ListItem","position":3,"name":"Bateria Portatil Adata D8000L 8000Mah Azul"}]},{"@type":"WebSite","@id":"https:\/\/www.integralpro.com.co\/#website","url":"https:\/\/www.integralpro.com.co\/","name":"IntegralPro","description":"Tienda de Tecnolog\u00eda en L\u00ednea","publisher":{"@id":"https:\/\/www.integralpro.com.co\/#organization"},"potentialAction":[{"@type":"SearchAction","target":{"@type":"EntryPoint","urlTemplate":"https:\/\/www.integralpro.com.co\/?s={search_term_string}"},"query-input":{"@type":"PropertyValueSpecification","valueRequired":true,"valueName":"search_term_string"}}],"inLanguage":"es"},{"@type":"Organization","@id":"https:\/\/www.integralpro.com.co\/#organization","name":"IntegralPro SAS","url":"https:\/\/www.integralpro.com.co\/","logo":{"@type":"ImageObject","inLanguage":"es","@id":"https:\/\/www.integralpro.com.co\/#\/schema\/logo\/image\/","url":"https:\/\/www.integralpro.com.co\/wp-content\/uploads\/2021\/02\/logo-def.jpg","contentUrl":"https:\/\/www.integralpro.com.co\/wp-content\/uploads\/2021\/02\/logo-def.jpg","width":238,"height":234,"caption":"IntegralPro SAS"},"image":{"@id":"https:\/\/www.integralpro.com.co\/#\/schema\/logo\/image\/"}}]}},"_links":{"self":[{"href":"https:\/\/www.integralpro.com.co\/index.php\/wp-json\/wp\/v2\/product\/2359","targetHints":{"allow":["GET"]}}],"collection":[{"href":"https:\/\/www.integralpro.com.co\/index.php\/wp-json\/wp\/v2\/product"}],"about":[{"href":"https:\/\/www.integralpro.com.co\/index.php\/wp-json\/wp\/v2\/types\/product"}],"version-history":[{"count":1,"href":"https:\/\/www.integralpro.com.co\/index.php\/wp-json\/wp\/v2\/product\/2359\/revisions"}],"predecessor-version":[{"id":2421,"href":"https:\/\/www.integralpro.com.co\/index.php\/wp-json\/wp\/v2\/product\/2359\/revisions\/2421"}],"wp:featuredmedia":[{"embeddable":true,"href":"https:\/\/www.integralpro.com.co\/index.php\/wp-json\/wp\/v2\/media\/2420"}],"wp:attachment":[{"href":"https:\/\/www.integralpro.com.co\/index.php\/wp-json\/wp\/v2\/media?parent=2359"}],"wp:term":[{"taxonomy":"product_brand","embeddable":true,"href":"https:\/\/www.integralpro.com.co\/index.php\/wp-json\/wp\/v2\/product_brand?post=2359"},{"taxonomy":"product_cat","embeddable":true,"href":"https:\/\/www.integralpro.com.co\/index.php\/wp-json\/wp\/v2\/product_cat?post=2359"},{"taxonomy":"product_tag","embeddable":true,"href":"https:\/\/www.integralpro.com.co\/index.php\/wp-json\/wp\/v2\/product_tag?post=2359"}],"curies":[{"name":"wp","href":"https:\/\/api.w.org\/{rel}","templated":true}]}}