{"id":2329,"date":"2021-02-19T14:55:04","date_gmt":"2021-02-19T19:55:04","guid":{"rendered":"https:\/\/www.integralpro.com.co\/index.php\/producto\/import-placeholder-for-1243\/"},"modified":"2021-02-19T14:55:55","modified_gmt":"2021-02-19T19:55:55","slug":"memoria-micro-sdhc-adata-ausdh32guicl10-ra1-32gb-clase-10","status":"publish","type":"product","link":"https:\/\/www.integralpro.com.co\/index.php\/producto\/memoria-micro-sdhc-adata-ausdh32guicl10-ra1-32gb-clase-10\/","title":{"rendered":"Memoria Micro Sdhc Adata Ausdh32Guicl10-Ra1 32Gb Clase 10"},"content":{"rendered":"<p>Con el uso m\u00e1s frecuente de smartphones y PCs tabletas para grabaci\u00f3n y reproducci\u00f3n multimedia, la demanda de velocidades de lectura y escritura de las tarjetas de memoria dedicadas aumenta. Esta tarjeta de memoria serie Premier implementa la \u00faltima especificaci\u00f3n SDA 3.0 UHS-I (Ultra High Speed 1, cumpliendo con la velocidad SD 2.0 Clase 10) y viene con un precio de entrada para consumidores que deseen una tarjeta dedicada para su smartphone o PC tableta. Las tarjetas de memoria Premier microSDHC\/SDXC UHS-I U1 tienen mayor capacidad, pero sin subir el precio y proporcionan a los consumidores velocidades de lectura m\u00e1s r\u00e1pidas con la especificaci\u00f3n UHS-I U1 al precio de una tarjeta de Clase 10. Las lecturas secuenciales son de hasta 50 MB\/segundo y las velocidades de escritura alcanzan la especificaci\u00f3n de velocidad UHS-I clase 1. Las IOPS de lectura y escritura aleatorias son de 1400 y 100 respectivamente. Son realmente \u00fatiles para usuarios que disfrutan de fotograf\u00eda y grabaci\u00f3n de v\u00eddeo de alta definici\u00f3n. La ejecuci\u00f3n de varias aplicaciones a la vez no provoca p\u00e9rdida en la velocidad de lectura\/escritura.<\/p>\n<p><\/p>\n<p><strong>Durabilidad<\/strong><\/p>\n<p><\/p>\n<p>Estas tarjetas de memoria emplean Error-Code Correction (ECC) y son extremadamente resistentes al fr\u00edo, al calor e insensibles a los rayos x, haciendo de ellas las tarjetas de memoria m\u00e1s fuertes del mundo.<\/p>\n<p><\/p>\n<p><strong>Especificaciones T\u00e9cnicas<\/strong><\/p>\n<p><\/p>\n<p>Dimensiones: 1.5 x 1.1 x 0.1 cm<\/p>\n<p>Peso: 0.25 kg<\/p>\n<p>Capacidad: 32GB<\/p>\n<p>Velocidad de lectura: 30 MB\/s<\/p>\n<p>Velocidad de escritura: 10 MB\/s<\/p>\n<p>Tipo de tarjeta flash: MicroSDHC<\/p>\n<p>Clase de memoria flash: Clase 10<\/p>\n<p>Aprobaciones reguladoras:<br \/>Certificaci\u00f3n FCC, CE, BSMI, VCCI<\/p>\n<p>Voltaje de memoria: 2.7,3.3,3.6 V<\/p>\n<p>Software incluido: Norton Internet Security trial<\/p>\n<p><\/p>\n<p><strong>Contenido Del Paquete<\/strong><\/p>\n<p><\/p>\n<p>Memoria Micro Sd &#8211; Adaptador &#8211; Documentaci\u00f3n<\/p>\n","protected":false},"excerpt":{"rendered":"<p># DE PARTE:AUSDH32GUICL10-RA1<\/p>\n","protected":false},"featured_media":2414,"template":"","meta":{"site-sidebar-layout":"default","site-content-layout":"","ast-site-content-layout":"default","site-content-style":"default","site-sidebar-style":"default","ast-global-header-display":"","ast-banner-title-visibility":"","ast-main-header-display":"","ast-hfb-above-header-display":"","ast-hfb-below-header-display":"","ast-hfb-mobile-header-display":"","site-post-title":"","ast-breadcrumbs-content":"","ast-featured-img":"","footer-sml-layout":"","ast-disable-related-posts":"","theme-transparent-header-meta":"","adv-header-id-meta":"","stick-header-meta":"","header-above-stick-meta":"","header-main-stick-meta":"","header-below-stick-meta":"","astra-migrate-meta-layouts":"default","ast-page-background-enabled":"default","ast-page-background-meta":{"desktop":{"background-color":"var(--ast-global-color-4)","background-image":"","background-repeat":"repeat","background-position":"center center","background-size":"auto","background-attachment":"scroll","background-type":"","background-media":"","overlay-type":"","overlay-color":"","overlay-opacity":"","overlay-gradient":""},"tablet":{"background-color":"","background-image":"","background-repeat":"repeat","background-position":"center center","background-size":"auto","background-attachment":"scroll","background-type":"","background-media":"","overlay-type":"","overlay-color":"","overlay-opacity":"","overlay-gradient":""},"mobile":{"background-color":"","background-image":"","background-repeat":"repeat","background-position":"center center","background-size":"auto","background-attachment":"scroll","background-type":"","background-media":"","overlay-type":"","overlay-color":"","overlay-opacity":"","overlay-gradient":""}},"ast-content-background-meta":{"desktop":{"background-color":"var(--ast-global-color-5)","background-image":"","background-repeat":"repeat","background-position":"center center","background-size":"auto","background-attachment":"scroll","background-type":"","background-media":"","overlay-type":"","overlay-color":"","overlay-opacity":"","overlay-gradient":""},"tablet":{"background-color":"var(--ast-global-color-5)","background-image":"","background-repeat":"repeat","background-position":"center center","background-size":"auto","background-attachment":"scroll","background-type":"","background-media":"","overlay-type":"","overlay-color":"","overlay-opacity":"","overlay-gradient":""},"mobile":{"background-color":"var(--ast-global-color-5)","background-image":"","background-repeat":"repeat","background-position":"center center","background-size":"auto","background-attachment":"scroll","background-type":"","background-media":"","overlay-type":"","overlay-color":"","overlay-opacity":"","overlay-gradient":""}}},"product_brand":[],"product_cat":[58,140],"product_tag":[48],"class_list":{"0":"post-2329","1":"product","2":"type-product","3":"status-publish","4":"has-post-thumbnail","6":"product_cat-memorias","7":"product_cat-micro-sd","8":"product_tag-adata","9":"desktop-align-left","10":"tablet-align-left","11":"mobile-align-left","13":"first","14":"instock","15":"taxable","16":"shipping-taxable","17":"product-type-simple"},"yoast_head":"<!-- This site is optimized with the Yoast SEO plugin v27.3 - https:\/\/yoast.com\/product\/yoast-seo-wordpress\/ -->\n<title>Memoria Micro Sdhc Adata Ausdh32Guicl10-Ra1 32Gb Clase 10 - IntegralPro<\/title>\n<meta name=\"robots\" content=\"index, follow, max-snippet:-1, max-image-preview:large, max-video-preview:-1\" \/>\n<link rel=\"canonical\" href=\"https:\/\/www.integralpro.com.co\/index.php\/producto\/memoria-micro-sdhc-adata-ausdh32guicl10-ra1-32gb-clase-10\/\" \/>\n<meta property=\"og:locale\" content=\"es_ES\" \/>\n<meta property=\"og:type\" content=\"article\" \/>\n<meta property=\"og:title\" content=\"Memoria Micro Sdhc Adata Ausdh32Guicl10-Ra1 32Gb Clase 10 - IntegralPro\" \/>\n<meta property=\"og:description\" content=\"# DE PARTE:AUSDH32GUICL10-RA1\" \/>\n<meta property=\"og:url\" content=\"https:\/\/www.integralpro.com.co\/index.php\/producto\/memoria-micro-sdhc-adata-ausdh32guicl10-ra1-32gb-clase-10\/\" \/>\n<meta property=\"og:site_name\" content=\"IntegralPro\" \/>\n<meta property=\"article:modified_time\" content=\"2021-02-19T19:55:55+00:00\" \/>\n<meta property=\"og:image\" content=\"https:\/\/www.integralpro.com.co\/wp-content\/uploads\/2021\/02\/923831a19cc21d4999488250addaf31b.jpg\" \/>\n\t<meta property=\"og:image:width\" content=\"1000\" \/>\n\t<meta property=\"og:image:height\" content=\"1000\" \/>\n\t<meta property=\"og:image:type\" content=\"image\/jpeg\" \/>\n<meta name=\"twitter:card\" content=\"summary_large_image\" \/>\n<meta name=\"twitter:label1\" content=\"Tiempo de lectura\" \/>\n\t<meta name=\"twitter:data1\" content=\"1 minuto\" \/>\n<script type=\"application\/ld+json\" class=\"yoast-schema-graph\">{\"@context\":\"https:\\\/\\\/schema.org\",\"@graph\":[{\"@type\":\"WebPage\",\"@id\":\"https:\\\/\\\/www.integralpro.com.co\\\/index.php\\\/producto\\\/memoria-micro-sdhc-adata-ausdh32guicl10-ra1-32gb-clase-10\\\/\",\"url\":\"https:\\\/\\\/www.integralpro.com.co\\\/index.php\\\/producto\\\/memoria-micro-sdhc-adata-ausdh32guicl10-ra1-32gb-clase-10\\\/\",\"name\":\"Memoria Micro Sdhc Adata Ausdh32Guicl10-Ra1 32Gb Clase 10 - IntegralPro\",\"isPartOf\":{\"@id\":\"https:\\\/\\\/www.integralpro.com.co\\\/#website\"},\"primaryImageOfPage\":{\"@id\":\"https:\\\/\\\/www.integralpro.com.co\\\/index.php\\\/producto\\\/memoria-micro-sdhc-adata-ausdh32guicl10-ra1-32gb-clase-10\\\/#primaryimage\"},\"image\":{\"@id\":\"https:\\\/\\\/www.integralpro.com.co\\\/index.php\\\/producto\\\/memoria-micro-sdhc-adata-ausdh32guicl10-ra1-32gb-clase-10\\\/#primaryimage\"},\"thumbnailUrl\":\"https:\\\/\\\/www.integralpro.com.co\\\/wp-content\\\/uploads\\\/2021\\\/02\\\/923831a19cc21d4999488250addaf31b.jpg\",\"datePublished\":\"2021-02-19T19:55:04+00:00\",\"dateModified\":\"2021-02-19T19:55:55+00:00\",\"breadcrumb\":{\"@id\":\"https:\\\/\\\/www.integralpro.com.co\\\/index.php\\\/producto\\\/memoria-micro-sdhc-adata-ausdh32guicl10-ra1-32gb-clase-10\\\/#breadcrumb\"},\"inLanguage\":\"es\",\"potentialAction\":[{\"@type\":\"ReadAction\",\"target\":[\"https:\\\/\\\/www.integralpro.com.co\\\/index.php\\\/producto\\\/memoria-micro-sdhc-adata-ausdh32guicl10-ra1-32gb-clase-10\\\/\"]}]},{\"@type\":\"ImageObject\",\"inLanguage\":\"es\",\"@id\":\"https:\\\/\\\/www.integralpro.com.co\\\/index.php\\\/producto\\\/memoria-micro-sdhc-adata-ausdh32guicl10-ra1-32gb-clase-10\\\/#primaryimage\",\"url\":\"https:\\\/\\\/www.integralpro.com.co\\\/wp-content\\\/uploads\\\/2021\\\/02\\\/923831a19cc21d4999488250addaf31b.jpg\",\"contentUrl\":\"https:\\\/\\\/www.integralpro.com.co\\\/wp-content\\\/uploads\\\/2021\\\/02\\\/923831a19cc21d4999488250addaf31b.jpg\",\"width\":1000,\"height\":1000},{\"@type\":\"BreadcrumbList\",\"@id\":\"https:\\\/\\\/www.integralpro.com.co\\\/index.php\\\/producto\\\/memoria-micro-sdhc-adata-ausdh32guicl10-ra1-32gb-clase-10\\\/#breadcrumb\",\"itemListElement\":[{\"@type\":\"ListItem\",\"position\":1,\"name\":\"Portada\",\"item\":\"https:\\\/\\\/www.integralpro.com.co\\\/\"},{\"@type\":\"ListItem\",\"position\":2,\"name\":\"Tienda\",\"item\":\"https:\\\/\\\/www.integralpro.com.co\\\/index.php\\\/tienda\\\/\"},{\"@type\":\"ListItem\",\"position\":3,\"name\":\"Memoria Micro Sdhc Adata Ausdh32Guicl10-Ra1 32Gb Clase 10\"}]},{\"@type\":\"WebSite\",\"@id\":\"https:\\\/\\\/www.integralpro.com.co\\\/#website\",\"url\":\"https:\\\/\\\/www.integralpro.com.co\\\/\",\"name\":\"IntegralPro\",\"description\":\"Tienda de Tecnolog\u00eda en L\u00ednea\",\"publisher\":{\"@id\":\"https:\\\/\\\/www.integralpro.com.co\\\/#organization\"},\"potentialAction\":[{\"@type\":\"SearchAction\",\"target\":{\"@type\":\"EntryPoint\",\"urlTemplate\":\"https:\\\/\\\/www.integralpro.com.co\\\/?s={search_term_string}\"},\"query-input\":{\"@type\":\"PropertyValueSpecification\",\"valueRequired\":true,\"valueName\":\"search_term_string\"}}],\"inLanguage\":\"es\"},{\"@type\":\"Organization\",\"@id\":\"https:\\\/\\\/www.integralpro.com.co\\\/#organization\",\"name\":\"IntegralPro SAS\",\"url\":\"https:\\\/\\\/www.integralpro.com.co\\\/\",\"logo\":{\"@type\":\"ImageObject\",\"inLanguage\":\"es\",\"@id\":\"https:\\\/\\\/www.integralpro.com.co\\\/#\\\/schema\\\/logo\\\/image\\\/\",\"url\":\"https:\\\/\\\/www.integralpro.com.co\\\/wp-content\\\/uploads\\\/2021\\\/02\\\/logo-def.jpg\",\"contentUrl\":\"https:\\\/\\\/www.integralpro.com.co\\\/wp-content\\\/uploads\\\/2021\\\/02\\\/logo-def.jpg\",\"width\":238,\"height\":234,\"caption\":\"IntegralPro SAS\"},\"image\":{\"@id\":\"https:\\\/\\\/www.integralpro.com.co\\\/#\\\/schema\\\/logo\\\/image\\\/\"}}]}<\/script>\n<!-- \/ Yoast SEO plugin. -->","yoast_head_json":{"title":"Memoria Micro Sdhc Adata Ausdh32Guicl10-Ra1 32Gb Clase 10 - IntegralPro","robots":{"index":"index","follow":"follow","max-snippet":"max-snippet:-1","max-image-preview":"max-image-preview:large","max-video-preview":"max-video-preview:-1"},"canonical":"https:\/\/www.integralpro.com.co\/index.php\/producto\/memoria-micro-sdhc-adata-ausdh32guicl10-ra1-32gb-clase-10\/","og_locale":"es_ES","og_type":"article","og_title":"Memoria Micro Sdhc Adata Ausdh32Guicl10-Ra1 32Gb Clase 10 - IntegralPro","og_description":"# DE PARTE:AUSDH32GUICL10-RA1","og_url":"https:\/\/www.integralpro.com.co\/index.php\/producto\/memoria-micro-sdhc-adata-ausdh32guicl10-ra1-32gb-clase-10\/","og_site_name":"IntegralPro","article_modified_time":"2021-02-19T19:55:55+00:00","og_image":[{"width":1000,"height":1000,"url":"https:\/\/www.integralpro.com.co\/wp-content\/uploads\/2021\/02\/923831a19cc21d4999488250addaf31b.jpg","type":"image\/jpeg"}],"twitter_card":"summary_large_image","twitter_misc":{"Tiempo de lectura":"1 minuto"},"schema":{"@context":"https:\/\/schema.org","@graph":[{"@type":"WebPage","@id":"https:\/\/www.integralpro.com.co\/index.php\/producto\/memoria-micro-sdhc-adata-ausdh32guicl10-ra1-32gb-clase-10\/","url":"https:\/\/www.integralpro.com.co\/index.php\/producto\/memoria-micro-sdhc-adata-ausdh32guicl10-ra1-32gb-clase-10\/","name":"Memoria Micro Sdhc Adata Ausdh32Guicl10-Ra1 32Gb Clase 10 - IntegralPro","isPartOf":{"@id":"https:\/\/www.integralpro.com.co\/#website"},"primaryImageOfPage":{"@id":"https:\/\/www.integralpro.com.co\/index.php\/producto\/memoria-micro-sdhc-adata-ausdh32guicl10-ra1-32gb-clase-10\/#primaryimage"},"image":{"@id":"https:\/\/www.integralpro.com.co\/index.php\/producto\/memoria-micro-sdhc-adata-ausdh32guicl10-ra1-32gb-clase-10\/#primaryimage"},"thumbnailUrl":"https:\/\/www.integralpro.com.co\/wp-content\/uploads\/2021\/02\/923831a19cc21d4999488250addaf31b.jpg","datePublished":"2021-02-19T19:55:04+00:00","dateModified":"2021-02-19T19:55:55+00:00","breadcrumb":{"@id":"https:\/\/www.integralpro.com.co\/index.php\/producto\/memoria-micro-sdhc-adata-ausdh32guicl10-ra1-32gb-clase-10\/#breadcrumb"},"inLanguage":"es","potentialAction":[{"@type":"ReadAction","target":["https:\/\/www.integralpro.com.co\/index.php\/producto\/memoria-micro-sdhc-adata-ausdh32guicl10-ra1-32gb-clase-10\/"]}]},{"@type":"ImageObject","inLanguage":"es","@id":"https:\/\/www.integralpro.com.co\/index.php\/producto\/memoria-micro-sdhc-adata-ausdh32guicl10-ra1-32gb-clase-10\/#primaryimage","url":"https:\/\/www.integralpro.com.co\/wp-content\/uploads\/2021\/02\/923831a19cc21d4999488250addaf31b.jpg","contentUrl":"https:\/\/www.integralpro.com.co\/wp-content\/uploads\/2021\/02\/923831a19cc21d4999488250addaf31b.jpg","width":1000,"height":1000},{"@type":"BreadcrumbList","@id":"https:\/\/www.integralpro.com.co\/index.php\/producto\/memoria-micro-sdhc-adata-ausdh32guicl10-ra1-32gb-clase-10\/#breadcrumb","itemListElement":[{"@type":"ListItem","position":1,"name":"Portada","item":"https:\/\/www.integralpro.com.co\/"},{"@type":"ListItem","position":2,"name":"Tienda","item":"https:\/\/www.integralpro.com.co\/index.php\/tienda\/"},{"@type":"ListItem","position":3,"name":"Memoria Micro Sdhc Adata Ausdh32Guicl10-Ra1 32Gb Clase 10"}]},{"@type":"WebSite","@id":"https:\/\/www.integralpro.com.co\/#website","url":"https:\/\/www.integralpro.com.co\/","name":"IntegralPro","description":"Tienda de Tecnolog\u00eda en L\u00ednea","publisher":{"@id":"https:\/\/www.integralpro.com.co\/#organization"},"potentialAction":[{"@type":"SearchAction","target":{"@type":"EntryPoint","urlTemplate":"https:\/\/www.integralpro.com.co\/?s={search_term_string}"},"query-input":{"@type":"PropertyValueSpecification","valueRequired":true,"valueName":"search_term_string"}}],"inLanguage":"es"},{"@type":"Organization","@id":"https:\/\/www.integralpro.com.co\/#organization","name":"IntegralPro SAS","url":"https:\/\/www.integralpro.com.co\/","logo":{"@type":"ImageObject","inLanguage":"es","@id":"https:\/\/www.integralpro.com.co\/#\/schema\/logo\/image\/","url":"https:\/\/www.integralpro.com.co\/wp-content\/uploads\/2021\/02\/logo-def.jpg","contentUrl":"https:\/\/www.integralpro.com.co\/wp-content\/uploads\/2021\/02\/logo-def.jpg","width":238,"height":234,"caption":"IntegralPro SAS"},"image":{"@id":"https:\/\/www.integralpro.com.co\/#\/schema\/logo\/image\/"}}]}},"_links":{"self":[{"href":"https:\/\/www.integralpro.com.co\/index.php\/wp-json\/wp\/v2\/product\/2329","targetHints":{"allow":["GET"]}}],"collection":[{"href":"https:\/\/www.integralpro.com.co\/index.php\/wp-json\/wp\/v2\/product"}],"about":[{"href":"https:\/\/www.integralpro.com.co\/index.php\/wp-json\/wp\/v2\/types\/product"}],"version-history":[{"count":1,"href":"https:\/\/www.integralpro.com.co\/index.php\/wp-json\/wp\/v2\/product\/2329\/revisions"}],"predecessor-version":[{"id":2415,"href":"https:\/\/www.integralpro.com.co\/index.php\/wp-json\/wp\/v2\/product\/2329\/revisions\/2415"}],"wp:featuredmedia":[{"embeddable":true,"href":"https:\/\/www.integralpro.com.co\/index.php\/wp-json\/wp\/v2\/media\/2414"}],"wp:attachment":[{"href":"https:\/\/www.integralpro.com.co\/index.php\/wp-json\/wp\/v2\/media?parent=2329"}],"wp:term":[{"taxonomy":"product_brand","embeddable":true,"href":"https:\/\/www.integralpro.com.co\/index.php\/wp-json\/wp\/v2\/product_brand?post=2329"},{"taxonomy":"product_cat","embeddable":true,"href":"https:\/\/www.integralpro.com.co\/index.php\/wp-json\/wp\/v2\/product_cat?post=2329"},{"taxonomy":"product_tag","embeddable":true,"href":"https:\/\/www.integralpro.com.co\/index.php\/wp-json\/wp\/v2\/product_tag?post=2329"}],"curies":[{"name":"wp","href":"https:\/\/api.w.org\/{rel}","templated":true}]}}