{"id":2320,"date":"2021-02-19T14:55:03","date_gmt":"2021-02-19T19:55:03","guid":{"rendered":"https:\/\/www.integralpro.com.co\/index.php\/producto\/import-placeholder-for-1234\/"},"modified":"2021-02-19T14:55:40","modified_gmt":"2021-02-19T19:55:40","slug":"ups-apc-br700g-pro-con-ahorro-de-energia-lcd-master-control","status":"publish","type":"product","link":"https:\/\/www.integralpro.com.co\/index.php\/producto\/ups-apc-br700g-pro-con-ahorro-de-energia-lcd-master-control\/","title":{"rendered":"Ups Apc Br700G Pro Con Ahorro De Energia Lcd Master Control"},"content":{"rendered":"<p>Tomas de salida con protecci\u00f3n de bater\u00edas y con protecci\u00f3n contra sobretensiones solamente<br \/>Reserva capacidad de potencia y autonom\u00eda para los equipos conectados que requieren respaldo de bater\u00edas a la vez que ofrece protecci\u00f3n contra sobretensiones \u00fanicamente para equipos secundarios en importancia.<\/p>\n<p><\/p>\n<p><strong>Regulaci\u00f3n autom\u00e1tica<\/strong><\/p>\n<p><\/p>\n<p>Prolonga la vida \u00fatil de las bater\u00edas y maximiza el tiempo de autonom\u00eda al corregir las bajadas de tensi\u00f3n sin descargar la bater\u00eda.<\/p>\n<p><\/p>\n<p><strong>Panel LCD<\/strong><\/p>\n<p><\/p>\n<p>Brinda informaci\u00f3n clave sobre el estado de la unidad UPS de un vistazo. Numerosos indicadores de estado con gr\u00e1ficos de barras para cargas y bater\u00edas.<\/p>\n<p><\/p>\n<p><strong>Modo ecol\u00f3gico<\/strong><\/p>\n<p><\/p>\n<p>Modo de funcionamiento que permite saltear los componentes el\u00e9ctricos en buenas condiciones energ\u00e9ticas que no se est\u00e1n utilizando para lograr un alt\u00edsimo nivel de eficiencia operativa sin sacrificar la protecci\u00f3n (patente en tr\u00e1mite) .<\/p>\n<p><\/p>\n<p><strong>Gesti\u00f3n de energ\u00eda<\/strong><\/p>\n<p><\/p>\n<p>La funci\u00f3n de ahorro de energ\u00eda interrumpe la alimentaci\u00f3n a los perif\u00e9ricos cuando el dispositivo maestro, generalmente una computadora, hiberna o se apaga. La alimentaci\u00f3n a los perif\u00e9ricos se restablece de inmediato cuando el dispositivo maestro sale del estado de hibernaci\u00f3n o se enciende.<\/p>\n<p><\/p>\n<p><strong>Especificaciones T\u00e9cnicas<\/strong><\/p>\n<p><\/p>\n<p>Dimensiones: 44.2 x 25.2 x 13.8 cm<\/p>\n<p>Peso: 7.2 Kg<\/p>\n<p>Capacidad de potencia de salida<br \/>420Vatios \/ 700VA<\/p>\n<p>M\u00e1xima potencia configurable (vatios)<br \/>420Vatios \/ 700VA<\/p>\n<p>Tensi\u00f3n de salida nominal<br \/>120V<\/p>\n<p>Frecuencia de salida (sincronizada con la red)<br \/>50\/60Hz +\/- 3 Hz<\/p>\n<p>Topolog\u00eda<br \/>L\u00ednea interactiva<\/p>\n<p>Tipo de forma de onda: Aproximaci\u00f3n acompasada de una onda sinusoidal<\/p>\n<p>Conexiones de salida<br \/>(3) NEMA 5-15R (Respaldo de bater\u00eda)<br \/>(3) NEMA 5-15R (selector_surgetitle)<\/p>\n<p>Duraci\u00f3n de transferencia<br \/>8ms typical : 12ms maximum<\/p>\n<p>Entrada de voltaje<br \/>120V<\/p>\n<p>Frecuencia de entrada<br \/>50\/60 Hz +\/- 3 Hz (autosensible)<\/p>\n<p>Longitud del cable<br \/>1.83metros<\/p>\n<p>Variaci\u00f3n de tensi\u00f3n de entrada para operaciones principales<br \/>88 &#8211; 143V<\/p>\n<p>Corriente m\u00e1xima de entrada<br \/>12.0A<\/p>\n<p>Bater\u00edas pre-instaladas<br \/>1<\/p>\n<p>Tiempo de recarga t\u00edpico<br \/>12hora(s)<\/p>\n<p>Bater\u00eda de recambio<br \/>RBC17<\/p>\n<p>Vida \u00fatil esperada de las bater\u00edas (a\u00f1os)<br \/>3 &#8211; 5<\/p>\n<p>Cantidad de cartuchos de bater\u00eda de recambio<br \/>1<\/p>\n<p>Puerto: 1<\/p>\n<p><\/p>\n<p><strong>Contenido Del Paquete<\/strong><\/p>\n<p><\/p>\n<p>Ups &#8211; Cable &#8211; Documentaci\u00f3n<\/p>\n","protected":false},"excerpt":{"rendered":"<p># DE PARTE:BR700G<\/p>\n","protected":false},"featured_media":2383,"template":"","meta":{"site-sidebar-layout":"default","site-content-layout":"","ast-site-content-layout":"default","site-content-style":"default","site-sidebar-style":"default","ast-global-header-display":"","ast-banner-title-visibility":"","ast-main-header-display":"","ast-hfb-above-header-display":"","ast-hfb-below-header-display":"","ast-hfb-mobile-header-display":"","site-post-title":"","ast-breadcrumbs-content":"","ast-featured-img":"","footer-sml-layout":"","ast-disable-related-posts":"","theme-transparent-header-meta":"","adv-header-id-meta":"","stick-header-meta":"","header-above-stick-meta":"","header-main-stick-meta":"","header-below-stick-meta":"","astra-migrate-meta-layouts":"default","ast-page-background-enabled":"default","ast-page-background-meta":{"desktop":{"background-color":"var(--ast-global-color-4)","background-image":"","background-repeat":"repeat","background-position":"center center","background-size":"auto","background-attachment":"scroll","background-type":"","background-media":"","overlay-type":"","overlay-color":"","overlay-opacity":"","overlay-gradient":""},"tablet":{"background-color":"","background-image":"","background-repeat":"repeat","background-position":"center center","background-size":"auto","background-attachment":"scroll","background-type":"","background-media":"","overlay-type":"","overlay-color":"","overlay-opacity":"","overlay-gradient":""},"mobile":{"background-color":"","background-image":"","background-repeat":"repeat","background-position":"center center","background-size":"auto","background-attachment":"scroll","background-type":"","background-media":"","overlay-type":"","overlay-color":"","overlay-opacity":"","overlay-gradient":""}},"ast-content-background-meta":{"desktop":{"background-color":"var(--ast-global-color-5)","background-image":"","background-repeat":"repeat","background-position":"center center","background-size":"auto","background-attachment":"scroll","background-type":"","background-media":"","overlay-type":"","overlay-color":"","overlay-opacity":"","overlay-gradient":""},"tablet":{"background-color":"var(--ast-global-color-5)","background-image":"","background-repeat":"repeat","background-position":"center center","background-size":"auto","background-attachment":"scroll","background-type":"","background-media":"","overlay-type":"","overlay-color":"","overlay-opacity":"","overlay-gradient":""},"mobile":{"background-color":"var(--ast-global-color-5)","background-image":"","background-repeat":"repeat","background-position":"center center","background-size":"auto","background-attachment":"scroll","background-type":"","background-media":"","overlay-type":"","overlay-color":"","overlay-opacity":"","overlay-gradient":""}}},"product_brand":[],"product_cat":[162,65],"product_tag":[450],"class_list":{"0":"post-2320","1":"product","2":"type-product","3":"status-publish","4":"has-post-thumbnail","6":"product_cat-ups","7":"product_cat-ups-reguladores-de-voltaje","8":"product_tag-apc","9":"desktop-align-left","10":"tablet-align-left","11":"mobile-align-left","13":"first","14":"instock","15":"taxable","16":"shipping-taxable","17":"product-type-simple"},"yoast_head":"<!-- This site is optimized with the Yoast SEO plugin v27.3 - https:\/\/yoast.com\/product\/yoast-seo-wordpress\/ -->\n<title>Ups Apc Br700G Pro Con Ahorro De Energia Lcd Master Control - IntegralPro<\/title>\n<meta name=\"robots\" content=\"index, follow, max-snippet:-1, max-image-preview:large, max-video-preview:-1\" \/>\n<link rel=\"canonical\" href=\"https:\/\/www.integralpro.com.co\/index.php\/producto\/ups-apc-br700g-pro-con-ahorro-de-energia-lcd-master-control\/\" \/>\n<meta property=\"og:locale\" content=\"es_ES\" \/>\n<meta property=\"og:type\" content=\"article\" \/>\n<meta property=\"og:title\" content=\"Ups Apc Br700G Pro Con Ahorro De Energia Lcd Master Control - IntegralPro\" \/>\n<meta property=\"og:description\" content=\"# DE PARTE:BR700G\" \/>\n<meta property=\"og:url\" content=\"https:\/\/www.integralpro.com.co\/index.php\/producto\/ups-apc-br700g-pro-con-ahorro-de-energia-lcd-master-control\/\" \/>\n<meta property=\"og:site_name\" content=\"IntegralPro\" \/>\n<meta property=\"article:modified_time\" content=\"2021-02-19T19:55:40+00:00\" \/>\n<meta property=\"og:image\" content=\"https:\/\/www.integralpro.com.co\/wp-content\/uploads\/2021\/02\/d9afc47d9e37f9e7344585298bfbebd2.jpg\" \/>\n\t<meta property=\"og:image:width\" content=\"1000\" \/>\n\t<meta property=\"og:image:height\" content=\"1000\" \/>\n\t<meta property=\"og:image:type\" content=\"image\/jpeg\" \/>\n<meta name=\"twitter:card\" content=\"summary_large_image\" \/>\n<meta name=\"twitter:label1\" content=\"Tiempo de lectura\" \/>\n\t<meta name=\"twitter:data1\" content=\"2 minutos\" \/>\n<script type=\"application\/ld+json\" class=\"yoast-schema-graph\">{\"@context\":\"https:\\\/\\\/schema.org\",\"@graph\":[{\"@type\":\"WebPage\",\"@id\":\"https:\\\/\\\/www.integralpro.com.co\\\/index.php\\\/producto\\\/ups-apc-br700g-pro-con-ahorro-de-energia-lcd-master-control\\\/\",\"url\":\"https:\\\/\\\/www.integralpro.com.co\\\/index.php\\\/producto\\\/ups-apc-br700g-pro-con-ahorro-de-energia-lcd-master-control\\\/\",\"name\":\"Ups Apc Br700G Pro Con Ahorro De Energia Lcd Master Control - IntegralPro\",\"isPartOf\":{\"@id\":\"https:\\\/\\\/www.integralpro.com.co\\\/#website\"},\"primaryImageOfPage\":{\"@id\":\"https:\\\/\\\/www.integralpro.com.co\\\/index.php\\\/producto\\\/ups-apc-br700g-pro-con-ahorro-de-energia-lcd-master-control\\\/#primaryimage\"},\"image\":{\"@id\":\"https:\\\/\\\/www.integralpro.com.co\\\/index.php\\\/producto\\\/ups-apc-br700g-pro-con-ahorro-de-energia-lcd-master-control\\\/#primaryimage\"},\"thumbnailUrl\":\"https:\\\/\\\/www.integralpro.com.co\\\/wp-content\\\/uploads\\\/2021\\\/02\\\/d9afc47d9e37f9e7344585298bfbebd2.jpg\",\"datePublished\":\"2021-02-19T19:55:03+00:00\",\"dateModified\":\"2021-02-19T19:55:40+00:00\",\"breadcrumb\":{\"@id\":\"https:\\\/\\\/www.integralpro.com.co\\\/index.php\\\/producto\\\/ups-apc-br700g-pro-con-ahorro-de-energia-lcd-master-control\\\/#breadcrumb\"},\"inLanguage\":\"es\",\"potentialAction\":[{\"@type\":\"ReadAction\",\"target\":[\"https:\\\/\\\/www.integralpro.com.co\\\/index.php\\\/producto\\\/ups-apc-br700g-pro-con-ahorro-de-energia-lcd-master-control\\\/\"]}]},{\"@type\":\"ImageObject\",\"inLanguage\":\"es\",\"@id\":\"https:\\\/\\\/www.integralpro.com.co\\\/index.php\\\/producto\\\/ups-apc-br700g-pro-con-ahorro-de-energia-lcd-master-control\\\/#primaryimage\",\"url\":\"https:\\\/\\\/www.integralpro.com.co\\\/wp-content\\\/uploads\\\/2021\\\/02\\\/d9afc47d9e37f9e7344585298bfbebd2.jpg\",\"contentUrl\":\"https:\\\/\\\/www.integralpro.com.co\\\/wp-content\\\/uploads\\\/2021\\\/02\\\/d9afc47d9e37f9e7344585298bfbebd2.jpg\",\"width\":1000,\"height\":1000},{\"@type\":\"BreadcrumbList\",\"@id\":\"https:\\\/\\\/www.integralpro.com.co\\\/index.php\\\/producto\\\/ups-apc-br700g-pro-con-ahorro-de-energia-lcd-master-control\\\/#breadcrumb\",\"itemListElement\":[{\"@type\":\"ListItem\",\"position\":1,\"name\":\"Portada\",\"item\":\"https:\\\/\\\/www.integralpro.com.co\\\/\"},{\"@type\":\"ListItem\",\"position\":2,\"name\":\"Tienda\",\"item\":\"https:\\\/\\\/www.integralpro.com.co\\\/index.php\\\/tienda\\\/\"},{\"@type\":\"ListItem\",\"position\":3,\"name\":\"Ups Apc Br700G Pro Con Ahorro De Energia Lcd Master Control\"}]},{\"@type\":\"WebSite\",\"@id\":\"https:\\\/\\\/www.integralpro.com.co\\\/#website\",\"url\":\"https:\\\/\\\/www.integralpro.com.co\\\/\",\"name\":\"IntegralPro\",\"description\":\"Tienda de Tecnolog\u00eda en L\u00ednea\",\"publisher\":{\"@id\":\"https:\\\/\\\/www.integralpro.com.co\\\/#organization\"},\"potentialAction\":[{\"@type\":\"SearchAction\",\"target\":{\"@type\":\"EntryPoint\",\"urlTemplate\":\"https:\\\/\\\/www.integralpro.com.co\\\/?s={search_term_string}\"},\"query-input\":{\"@type\":\"PropertyValueSpecification\",\"valueRequired\":true,\"valueName\":\"search_term_string\"}}],\"inLanguage\":\"es\"},{\"@type\":\"Organization\",\"@id\":\"https:\\\/\\\/www.integralpro.com.co\\\/#organization\",\"name\":\"IntegralPro SAS\",\"url\":\"https:\\\/\\\/www.integralpro.com.co\\\/\",\"logo\":{\"@type\":\"ImageObject\",\"inLanguage\":\"es\",\"@id\":\"https:\\\/\\\/www.integralpro.com.co\\\/#\\\/schema\\\/logo\\\/image\\\/\",\"url\":\"https:\\\/\\\/www.integralpro.com.co\\\/wp-content\\\/uploads\\\/2021\\\/02\\\/logo-def.jpg\",\"contentUrl\":\"https:\\\/\\\/www.integralpro.com.co\\\/wp-content\\\/uploads\\\/2021\\\/02\\\/logo-def.jpg\",\"width\":238,\"height\":234,\"caption\":\"IntegralPro SAS\"},\"image\":{\"@id\":\"https:\\\/\\\/www.integralpro.com.co\\\/#\\\/schema\\\/logo\\\/image\\\/\"}}]}<\/script>\n<!-- \/ Yoast SEO plugin. -->","yoast_head_json":{"title":"Ups Apc Br700G Pro Con Ahorro De Energia Lcd Master Control - IntegralPro","robots":{"index":"index","follow":"follow","max-snippet":"max-snippet:-1","max-image-preview":"max-image-preview:large","max-video-preview":"max-video-preview:-1"},"canonical":"https:\/\/www.integralpro.com.co\/index.php\/producto\/ups-apc-br700g-pro-con-ahorro-de-energia-lcd-master-control\/","og_locale":"es_ES","og_type":"article","og_title":"Ups Apc Br700G Pro Con Ahorro De Energia Lcd Master Control - IntegralPro","og_description":"# DE PARTE:BR700G","og_url":"https:\/\/www.integralpro.com.co\/index.php\/producto\/ups-apc-br700g-pro-con-ahorro-de-energia-lcd-master-control\/","og_site_name":"IntegralPro","article_modified_time":"2021-02-19T19:55:40+00:00","og_image":[{"width":1000,"height":1000,"url":"https:\/\/www.integralpro.com.co\/wp-content\/uploads\/2021\/02\/d9afc47d9e37f9e7344585298bfbebd2.jpg","type":"image\/jpeg"}],"twitter_card":"summary_large_image","twitter_misc":{"Tiempo de lectura":"2 minutos"},"schema":{"@context":"https:\/\/schema.org","@graph":[{"@type":"WebPage","@id":"https:\/\/www.integralpro.com.co\/index.php\/producto\/ups-apc-br700g-pro-con-ahorro-de-energia-lcd-master-control\/","url":"https:\/\/www.integralpro.com.co\/index.php\/producto\/ups-apc-br700g-pro-con-ahorro-de-energia-lcd-master-control\/","name":"Ups Apc Br700G Pro Con Ahorro De Energia Lcd Master Control - IntegralPro","isPartOf":{"@id":"https:\/\/www.integralpro.com.co\/#website"},"primaryImageOfPage":{"@id":"https:\/\/www.integralpro.com.co\/index.php\/producto\/ups-apc-br700g-pro-con-ahorro-de-energia-lcd-master-control\/#primaryimage"},"image":{"@id":"https:\/\/www.integralpro.com.co\/index.php\/producto\/ups-apc-br700g-pro-con-ahorro-de-energia-lcd-master-control\/#primaryimage"},"thumbnailUrl":"https:\/\/www.integralpro.com.co\/wp-content\/uploads\/2021\/02\/d9afc47d9e37f9e7344585298bfbebd2.jpg","datePublished":"2021-02-19T19:55:03+00:00","dateModified":"2021-02-19T19:55:40+00:00","breadcrumb":{"@id":"https:\/\/www.integralpro.com.co\/index.php\/producto\/ups-apc-br700g-pro-con-ahorro-de-energia-lcd-master-control\/#breadcrumb"},"inLanguage":"es","potentialAction":[{"@type":"ReadAction","target":["https:\/\/www.integralpro.com.co\/index.php\/producto\/ups-apc-br700g-pro-con-ahorro-de-energia-lcd-master-control\/"]}]},{"@type":"ImageObject","inLanguage":"es","@id":"https:\/\/www.integralpro.com.co\/index.php\/producto\/ups-apc-br700g-pro-con-ahorro-de-energia-lcd-master-control\/#primaryimage","url":"https:\/\/www.integralpro.com.co\/wp-content\/uploads\/2021\/02\/d9afc47d9e37f9e7344585298bfbebd2.jpg","contentUrl":"https:\/\/www.integralpro.com.co\/wp-content\/uploads\/2021\/02\/d9afc47d9e37f9e7344585298bfbebd2.jpg","width":1000,"height":1000},{"@type":"BreadcrumbList","@id":"https:\/\/www.integralpro.com.co\/index.php\/producto\/ups-apc-br700g-pro-con-ahorro-de-energia-lcd-master-control\/#breadcrumb","itemListElement":[{"@type":"ListItem","position":1,"name":"Portada","item":"https:\/\/www.integralpro.com.co\/"},{"@type":"ListItem","position":2,"name":"Tienda","item":"https:\/\/www.integralpro.com.co\/index.php\/tienda\/"},{"@type":"ListItem","position":3,"name":"Ups Apc Br700G Pro Con Ahorro De Energia Lcd Master Control"}]},{"@type":"WebSite","@id":"https:\/\/www.integralpro.com.co\/#website","url":"https:\/\/www.integralpro.com.co\/","name":"IntegralPro","description":"Tienda de Tecnolog\u00eda en L\u00ednea","publisher":{"@id":"https:\/\/www.integralpro.com.co\/#organization"},"potentialAction":[{"@type":"SearchAction","target":{"@type":"EntryPoint","urlTemplate":"https:\/\/www.integralpro.com.co\/?s={search_term_string}"},"query-input":{"@type":"PropertyValueSpecification","valueRequired":true,"valueName":"search_term_string"}}],"inLanguage":"es"},{"@type":"Organization","@id":"https:\/\/www.integralpro.com.co\/#organization","name":"IntegralPro SAS","url":"https:\/\/www.integralpro.com.co\/","logo":{"@type":"ImageObject","inLanguage":"es","@id":"https:\/\/www.integralpro.com.co\/#\/schema\/logo\/image\/","url":"https:\/\/www.integralpro.com.co\/wp-content\/uploads\/2021\/02\/logo-def.jpg","contentUrl":"https:\/\/www.integralpro.com.co\/wp-content\/uploads\/2021\/02\/logo-def.jpg","width":238,"height":234,"caption":"IntegralPro SAS"},"image":{"@id":"https:\/\/www.integralpro.com.co\/#\/schema\/logo\/image\/"}}]}},"_links":{"self":[{"href":"https:\/\/www.integralpro.com.co\/index.php\/wp-json\/wp\/v2\/product\/2320","targetHints":{"allow":["GET"]}}],"collection":[{"href":"https:\/\/www.integralpro.com.co\/index.php\/wp-json\/wp\/v2\/product"}],"about":[{"href":"https:\/\/www.integralpro.com.co\/index.php\/wp-json\/wp\/v2\/types\/product"}],"version-history":[{"count":1,"href":"https:\/\/www.integralpro.com.co\/index.php\/wp-json\/wp\/v2\/product\/2320\/revisions"}],"predecessor-version":[{"id":2384,"href":"https:\/\/www.integralpro.com.co\/index.php\/wp-json\/wp\/v2\/product\/2320\/revisions\/2384"}],"wp:featuredmedia":[{"embeddable":true,"href":"https:\/\/www.integralpro.com.co\/index.php\/wp-json\/wp\/v2\/media\/2383"}],"wp:attachment":[{"href":"https:\/\/www.integralpro.com.co\/index.php\/wp-json\/wp\/v2\/media?parent=2320"}],"wp:term":[{"taxonomy":"product_brand","embeddable":true,"href":"https:\/\/www.integralpro.com.co\/index.php\/wp-json\/wp\/v2\/product_brand?post=2320"},{"taxonomy":"product_cat","embeddable":true,"href":"https:\/\/www.integralpro.com.co\/index.php\/wp-json\/wp\/v2\/product_cat?post=2320"},{"taxonomy":"product_tag","embeddable":true,"href":"https:\/\/www.integralpro.com.co\/index.php\/wp-json\/wp\/v2\/product_tag?post=2320"}],"curies":[{"name":"wp","href":"https:\/\/api.w.org\/{rel}","templated":true}]}}