{"id":2317,"date":"2021-02-19T14:55:03","date_gmt":"2021-02-19T19:55:03","guid":{"rendered":"https:\/\/www.integralpro.com.co\/index.php\/producto\/import-placeholder-for-1231\/"},"modified":"2021-02-19T14:55:35","modified_gmt":"2021-02-19T19:55:35","slug":"multitoma-apc-ap9562-15a-120v-10-conexiones-de-salida","status":"publish","type":"product","link":"https:\/\/www.integralpro.com.co\/index.php\/producto\/multitoma-apc-ap9562-15a-120v-10-conexiones-de-salida\/","title":{"rendered":"Multitoma Apc Ap9562 15A 120V 10 Conexiones De Salida"},"content":{"rendered":"<p>La unidad de distribuci\u00f3n de alimentaci\u00f3n de bastidor b\u00e1sica de 1U y 120 V de APC est\u00e1 dise\u00f1ada para su uso en entornos de montaje en bastidor. Cuenta con diez tomacorrientes NEMA 5-15R, que consumen energ\u00eda a trav\u00e9s de su enchufe NEMA 5-15P. La Unidad de distribuci\u00f3n de energ\u00eda (PDU) es compatible con un voltaje de 120V.<\/p>\n<p><strong>Montaje en rack<\/p>\n<p><\/strong><\/p>\n<p>Ofrece opciones de montaje horizontal, vertical y sin herramientas. Pone energ\u00eda en los bastidores cerca del equipo.<\/p>\n<p><\/p>\n<p><strong>Fuente de alimentaci\u00f3n de entrada \u00fanica<\/p>\n<p><\/strong><\/p>\n<p><\/p>\n<p>Suministre energ\u00eda desde un l\u00e1tigo de derivaci\u00f3n a m\u00faltiples piezas de equipo, alimentando convenientemente los equipos de montaje en rack. Ahorra tiempo y dinero durante la instalaci\u00f3n mediante el uso de un l\u00e1tigo de ramificaci\u00f3n y conexiones est\u00e1ndar.<\/p>\n<p><\/p>\n<p><strong>Distribuci\u00f3n de energ\u00eda de bajo costo<\/p>\n<p><\/strong><\/p>\n<p><\/p>\n<p>Proporciona diez tomacorrientes NEMA 5-15R para llevar energ\u00eda al equipo de rack.<\/p>\n<p><\/p>\n<p><strong>Especificaciones T\u00e9cnicas<\/strong><\/p>\n<p><\/p>\n<p>Dimensiones: 44 x 5.7 x 4.4 cm<\/p>\n<p>Peso: 2.5Kg<\/p>\n<p>Tensi\u00f3n de salida nominal: 120V<\/p>\n<p>M\u00e1ximo consumo total de corriente: 15<\/p>\n<p>Conexiones de salida: (10) NEMA 5-15R (bater\u00eda de reserva)<\/p>\n<p>Voltaje de entrada nominal: 100V, 120V<\/p>\n<p>frecuencia de entrada: 50\/60 Hz<\/p>\n<p>Conexiones de entrada: NEMA 5-15P<\/p>\n<p>Longitud del cable: 12 pies (3.66metros)<\/p>\n<p>N\u00famero de cables de alimentaci\u00f3n: 1<\/p>\n<p>Capacidad de carga: 1800VA<\/p>\n<p>Corriente de entrada m\u00e1xima: 15A<\/p>\n<p>Reguladora Corriente de entrada reducida (Am\u00e9rica del Norte): 12A<\/p>\n<p>Entorno operativo: 23 de &#8211; 113\u00b0 F (-5 &#8211; 45\u00b0 C)<\/p>\n<p>Humedad relativa de operaci\u00f3n: 0 &#8211; 95%<\/p>\n<p>Elevaci\u00f3n de operaci\u00f3n: 0-10000ft ( 0-3000mts)<\/p>\n<p>Temperatura de almacenamiento: -25 &#8211; 65 \u00b0 C<\/p>\n<p>Humedad relativa de almacenamiento: 0 &#8211; 95%<\/p>\n<p>Elevaci\u00f3n de almacenamiento: 0-50000ft ( 0-15000mts)<\/p>\n<p>Aprobaciones: cUL, METI Denan, UL Listed <\/p>\n<p><\/p>\n<p><strong>Contenido Del Paquete<\/strong><\/p>\n<p><\/p>\n<p>Multitoma &#8211; Documentaci\u00f3n<\/p>\n","protected":false},"excerpt":{"rendered":"<p># DE PARTE:AP9562<\/p>\n","protected":false},"featured_media":2377,"template":"","meta":{"site-sidebar-layout":"default","site-content-layout":"","ast-site-content-layout":"default","site-content-style":"default","site-sidebar-style":"default","ast-global-header-display":"","ast-banner-title-visibility":"","ast-main-header-display":"","ast-hfb-above-header-display":"","ast-hfb-below-header-display":"","ast-hfb-mobile-header-display":"","site-post-title":"","ast-breadcrumbs-content":"","ast-featured-img":"","footer-sml-layout":"","ast-disable-related-posts":"","theme-transparent-header-meta":"","adv-header-id-meta":"","stick-header-meta":"","header-above-stick-meta":"","header-main-stick-meta":"","header-below-stick-meta":"","astra-migrate-meta-layouts":"default","ast-page-background-enabled":"default","ast-page-background-meta":{"desktop":{"background-color":"var(--ast-global-color-4)","background-image":"","background-repeat":"repeat","background-position":"center center","background-size":"auto","background-attachment":"scroll","background-type":"","background-media":"","overlay-type":"","overlay-color":"","overlay-opacity":"","overlay-gradient":""},"tablet":{"background-color":"","background-image":"","background-repeat":"repeat","background-position":"center center","background-size":"auto","background-attachment":"scroll","background-type":"","background-media":"","overlay-type":"","overlay-color":"","overlay-opacity":"","overlay-gradient":""},"mobile":{"background-color":"","background-image":"","background-repeat":"repeat","background-position":"center center","background-size":"auto","background-attachment":"scroll","background-type":"","background-media":"","overlay-type":"","overlay-color":"","overlay-opacity":"","overlay-gradient":""}},"ast-content-background-meta":{"desktop":{"background-color":"var(--ast-global-color-5)","background-image":"","background-repeat":"repeat","background-position":"center center","background-size":"auto","background-attachment":"scroll","background-type":"","background-media":"","overlay-type":"","overlay-color":"","overlay-opacity":"","overlay-gradient":""},"tablet":{"background-color":"var(--ast-global-color-5)","background-image":"","background-repeat":"repeat","background-position":"center center","background-size":"auto","background-attachment":"scroll","background-type":"","background-media":"","overlay-type":"","overlay-color":"","overlay-opacity":"","overlay-gradient":""},"mobile":{"background-color":"var(--ast-global-color-5)","background-image":"","background-repeat":"repeat","background-position":"center center","background-size":"auto","background-attachment":"scroll","background-type":"","background-media":"","overlay-type":"","overlay-color":"","overlay-opacity":"","overlay-gradient":""}}},"product_brand":[],"product_cat":[161,65],"product_tag":[450],"class_list":{"0":"post-2317","1":"product","2":"type-product","3":"status-publish","4":"has-post-thumbnail","6":"product_cat-accesorios-para-ups","7":"product_cat-ups-reguladores-de-voltaje","8":"product_tag-apc","9":"desktop-align-left","10":"tablet-align-left","11":"mobile-align-left","13":"first","14":"instock","15":"taxable","16":"shipping-taxable","17":"product-type-simple"},"yoast_head":"<!-- This site is optimized with the Yoast SEO plugin v27.4 - https:\/\/yoast.com\/product\/yoast-seo-wordpress\/ -->\n<title>Multitoma Apc Ap9562 15A 120V 10 Conexiones De Salida - IntegralPro<\/title>\n<meta name=\"robots\" content=\"index, follow, max-snippet:-1, max-image-preview:large, max-video-preview:-1\" \/>\n<link rel=\"canonical\" href=\"https:\/\/www.integralpro.com.co\/index.php\/producto\/multitoma-apc-ap9562-15a-120v-10-conexiones-de-salida\/\" \/>\n<meta property=\"og:locale\" content=\"es_ES\" \/>\n<meta property=\"og:type\" content=\"article\" \/>\n<meta property=\"og:title\" content=\"Multitoma Apc Ap9562 15A 120V 10 Conexiones De Salida - IntegralPro\" \/>\n<meta property=\"og:description\" content=\"# DE PARTE:AP9562\" \/>\n<meta property=\"og:url\" content=\"https:\/\/www.integralpro.com.co\/index.php\/producto\/multitoma-apc-ap9562-15a-120v-10-conexiones-de-salida\/\" \/>\n<meta property=\"og:site_name\" content=\"IntegralPro\" \/>\n<meta property=\"article:modified_time\" content=\"2021-02-19T19:55:35+00:00\" \/>\n<meta property=\"og:image\" content=\"https:\/\/www.integralpro.com.co\/wp-content\/uploads\/2021\/02\/6a4b06db1439356de91e14dc0a8716b0.jpg\" \/>\n\t<meta property=\"og:image:width\" content=\"1000\" \/>\n\t<meta property=\"og:image:height\" content=\"1000\" \/>\n\t<meta property=\"og:image:type\" content=\"image\/jpeg\" \/>\n<meta name=\"twitter:card\" content=\"summary_large_image\" \/>\n<meta name=\"twitter:label1\" content=\"Tiempo de lectura\" \/>\n\t<meta name=\"twitter:data1\" content=\"1 minuto\" \/>\n<script type=\"application\/ld+json\" class=\"yoast-schema-graph\">{\"@context\":\"https:\\\/\\\/schema.org\",\"@graph\":[{\"@type\":\"WebPage\",\"@id\":\"https:\\\/\\\/www.integralpro.com.co\\\/index.php\\\/producto\\\/multitoma-apc-ap9562-15a-120v-10-conexiones-de-salida\\\/\",\"url\":\"https:\\\/\\\/www.integralpro.com.co\\\/index.php\\\/producto\\\/multitoma-apc-ap9562-15a-120v-10-conexiones-de-salida\\\/\",\"name\":\"Multitoma Apc Ap9562 15A 120V 10 Conexiones De Salida - IntegralPro\",\"isPartOf\":{\"@id\":\"https:\\\/\\\/www.integralpro.com.co\\\/#website\"},\"primaryImageOfPage\":{\"@id\":\"https:\\\/\\\/www.integralpro.com.co\\\/index.php\\\/producto\\\/multitoma-apc-ap9562-15a-120v-10-conexiones-de-salida\\\/#primaryimage\"},\"image\":{\"@id\":\"https:\\\/\\\/www.integralpro.com.co\\\/index.php\\\/producto\\\/multitoma-apc-ap9562-15a-120v-10-conexiones-de-salida\\\/#primaryimage\"},\"thumbnailUrl\":\"https:\\\/\\\/www.integralpro.com.co\\\/wp-content\\\/uploads\\\/2021\\\/02\\\/6a4b06db1439356de91e14dc0a8716b0.jpg\",\"datePublished\":\"2021-02-19T19:55:03+00:00\",\"dateModified\":\"2021-02-19T19:55:35+00:00\",\"breadcrumb\":{\"@id\":\"https:\\\/\\\/www.integralpro.com.co\\\/index.php\\\/producto\\\/multitoma-apc-ap9562-15a-120v-10-conexiones-de-salida\\\/#breadcrumb\"},\"inLanguage\":\"es\",\"potentialAction\":[{\"@type\":\"ReadAction\",\"target\":[\"https:\\\/\\\/www.integralpro.com.co\\\/index.php\\\/producto\\\/multitoma-apc-ap9562-15a-120v-10-conexiones-de-salida\\\/\"]}]},{\"@type\":\"ImageObject\",\"inLanguage\":\"es\",\"@id\":\"https:\\\/\\\/www.integralpro.com.co\\\/index.php\\\/producto\\\/multitoma-apc-ap9562-15a-120v-10-conexiones-de-salida\\\/#primaryimage\",\"url\":\"https:\\\/\\\/www.integralpro.com.co\\\/wp-content\\\/uploads\\\/2021\\\/02\\\/6a4b06db1439356de91e14dc0a8716b0.jpg\",\"contentUrl\":\"https:\\\/\\\/www.integralpro.com.co\\\/wp-content\\\/uploads\\\/2021\\\/02\\\/6a4b06db1439356de91e14dc0a8716b0.jpg\",\"width\":1000,\"height\":1000},{\"@type\":\"BreadcrumbList\",\"@id\":\"https:\\\/\\\/www.integralpro.com.co\\\/index.php\\\/producto\\\/multitoma-apc-ap9562-15a-120v-10-conexiones-de-salida\\\/#breadcrumb\",\"itemListElement\":[{\"@type\":\"ListItem\",\"position\":1,\"name\":\"Portada\",\"item\":\"https:\\\/\\\/www.integralpro.com.co\\\/\"},{\"@type\":\"ListItem\",\"position\":2,\"name\":\"Tienda\",\"item\":\"https:\\\/\\\/www.integralpro.com.co\\\/index.php\\\/tienda\\\/\"},{\"@type\":\"ListItem\",\"position\":3,\"name\":\"Multitoma Apc Ap9562 15A 120V 10 Conexiones De Salida\"}]},{\"@type\":\"WebSite\",\"@id\":\"https:\\\/\\\/www.integralpro.com.co\\\/#website\",\"url\":\"https:\\\/\\\/www.integralpro.com.co\\\/\",\"name\":\"IntegralPro\",\"description\":\"Tienda de Tecnolog\u00eda en L\u00ednea\",\"publisher\":{\"@id\":\"https:\\\/\\\/www.integralpro.com.co\\\/#organization\"},\"potentialAction\":[{\"@type\":\"SearchAction\",\"target\":{\"@type\":\"EntryPoint\",\"urlTemplate\":\"https:\\\/\\\/www.integralpro.com.co\\\/?s={search_term_string}\"},\"query-input\":{\"@type\":\"PropertyValueSpecification\",\"valueRequired\":true,\"valueName\":\"search_term_string\"}}],\"inLanguage\":\"es\"},{\"@type\":\"Organization\",\"@id\":\"https:\\\/\\\/www.integralpro.com.co\\\/#organization\",\"name\":\"IntegralPro SAS\",\"url\":\"https:\\\/\\\/www.integralpro.com.co\\\/\",\"logo\":{\"@type\":\"ImageObject\",\"inLanguage\":\"es\",\"@id\":\"https:\\\/\\\/www.integralpro.com.co\\\/#\\\/schema\\\/logo\\\/image\\\/\",\"url\":\"https:\\\/\\\/www.integralpro.com.co\\\/wp-content\\\/uploads\\\/2021\\\/02\\\/logo-def.jpg\",\"contentUrl\":\"https:\\\/\\\/www.integralpro.com.co\\\/wp-content\\\/uploads\\\/2021\\\/02\\\/logo-def.jpg\",\"width\":238,\"height\":234,\"caption\":\"IntegralPro SAS\"},\"image\":{\"@id\":\"https:\\\/\\\/www.integralpro.com.co\\\/#\\\/schema\\\/logo\\\/image\\\/\"}}]}<\/script>\n<!-- \/ Yoast SEO plugin. -->","yoast_head_json":{"title":"Multitoma Apc Ap9562 15A 120V 10 Conexiones De Salida - IntegralPro","robots":{"index":"index","follow":"follow","max-snippet":"max-snippet:-1","max-image-preview":"max-image-preview:large","max-video-preview":"max-video-preview:-1"},"canonical":"https:\/\/www.integralpro.com.co\/index.php\/producto\/multitoma-apc-ap9562-15a-120v-10-conexiones-de-salida\/","og_locale":"es_ES","og_type":"article","og_title":"Multitoma Apc Ap9562 15A 120V 10 Conexiones De Salida - IntegralPro","og_description":"# DE PARTE:AP9562","og_url":"https:\/\/www.integralpro.com.co\/index.php\/producto\/multitoma-apc-ap9562-15a-120v-10-conexiones-de-salida\/","og_site_name":"IntegralPro","article_modified_time":"2021-02-19T19:55:35+00:00","og_image":[{"width":1000,"height":1000,"url":"https:\/\/www.integralpro.com.co\/wp-content\/uploads\/2021\/02\/6a4b06db1439356de91e14dc0a8716b0.jpg","type":"image\/jpeg"}],"twitter_card":"summary_large_image","twitter_misc":{"Tiempo de lectura":"1 minuto"},"schema":{"@context":"https:\/\/schema.org","@graph":[{"@type":"WebPage","@id":"https:\/\/www.integralpro.com.co\/index.php\/producto\/multitoma-apc-ap9562-15a-120v-10-conexiones-de-salida\/","url":"https:\/\/www.integralpro.com.co\/index.php\/producto\/multitoma-apc-ap9562-15a-120v-10-conexiones-de-salida\/","name":"Multitoma Apc Ap9562 15A 120V 10 Conexiones De Salida - IntegralPro","isPartOf":{"@id":"https:\/\/www.integralpro.com.co\/#website"},"primaryImageOfPage":{"@id":"https:\/\/www.integralpro.com.co\/index.php\/producto\/multitoma-apc-ap9562-15a-120v-10-conexiones-de-salida\/#primaryimage"},"image":{"@id":"https:\/\/www.integralpro.com.co\/index.php\/producto\/multitoma-apc-ap9562-15a-120v-10-conexiones-de-salida\/#primaryimage"},"thumbnailUrl":"https:\/\/www.integralpro.com.co\/wp-content\/uploads\/2021\/02\/6a4b06db1439356de91e14dc0a8716b0.jpg","datePublished":"2021-02-19T19:55:03+00:00","dateModified":"2021-02-19T19:55:35+00:00","breadcrumb":{"@id":"https:\/\/www.integralpro.com.co\/index.php\/producto\/multitoma-apc-ap9562-15a-120v-10-conexiones-de-salida\/#breadcrumb"},"inLanguage":"es","potentialAction":[{"@type":"ReadAction","target":["https:\/\/www.integralpro.com.co\/index.php\/producto\/multitoma-apc-ap9562-15a-120v-10-conexiones-de-salida\/"]}]},{"@type":"ImageObject","inLanguage":"es","@id":"https:\/\/www.integralpro.com.co\/index.php\/producto\/multitoma-apc-ap9562-15a-120v-10-conexiones-de-salida\/#primaryimage","url":"https:\/\/www.integralpro.com.co\/wp-content\/uploads\/2021\/02\/6a4b06db1439356de91e14dc0a8716b0.jpg","contentUrl":"https:\/\/www.integralpro.com.co\/wp-content\/uploads\/2021\/02\/6a4b06db1439356de91e14dc0a8716b0.jpg","width":1000,"height":1000},{"@type":"BreadcrumbList","@id":"https:\/\/www.integralpro.com.co\/index.php\/producto\/multitoma-apc-ap9562-15a-120v-10-conexiones-de-salida\/#breadcrumb","itemListElement":[{"@type":"ListItem","position":1,"name":"Portada","item":"https:\/\/www.integralpro.com.co\/"},{"@type":"ListItem","position":2,"name":"Tienda","item":"https:\/\/www.integralpro.com.co\/index.php\/tienda\/"},{"@type":"ListItem","position":3,"name":"Multitoma Apc Ap9562 15A 120V 10 Conexiones De Salida"}]},{"@type":"WebSite","@id":"https:\/\/www.integralpro.com.co\/#website","url":"https:\/\/www.integralpro.com.co\/","name":"IntegralPro","description":"Tienda de Tecnolog\u00eda en L\u00ednea","publisher":{"@id":"https:\/\/www.integralpro.com.co\/#organization"},"potentialAction":[{"@type":"SearchAction","target":{"@type":"EntryPoint","urlTemplate":"https:\/\/www.integralpro.com.co\/?s={search_term_string}"},"query-input":{"@type":"PropertyValueSpecification","valueRequired":true,"valueName":"search_term_string"}}],"inLanguage":"es"},{"@type":"Organization","@id":"https:\/\/www.integralpro.com.co\/#organization","name":"IntegralPro SAS","url":"https:\/\/www.integralpro.com.co\/","logo":{"@type":"ImageObject","inLanguage":"es","@id":"https:\/\/www.integralpro.com.co\/#\/schema\/logo\/image\/","url":"https:\/\/www.integralpro.com.co\/wp-content\/uploads\/2021\/02\/logo-def.jpg","contentUrl":"https:\/\/www.integralpro.com.co\/wp-content\/uploads\/2021\/02\/logo-def.jpg","width":238,"height":234,"caption":"IntegralPro SAS"},"image":{"@id":"https:\/\/www.integralpro.com.co\/#\/schema\/logo\/image\/"}}]}},"_links":{"self":[{"href":"https:\/\/www.integralpro.com.co\/index.php\/wp-json\/wp\/v2\/product\/2317","targetHints":{"allow":["GET"]}}],"collection":[{"href":"https:\/\/www.integralpro.com.co\/index.php\/wp-json\/wp\/v2\/product"}],"about":[{"href":"https:\/\/www.integralpro.com.co\/index.php\/wp-json\/wp\/v2\/types\/product"}],"version-history":[{"count":1,"href":"https:\/\/www.integralpro.com.co\/index.php\/wp-json\/wp\/v2\/product\/2317\/revisions"}],"predecessor-version":[{"id":2378,"href":"https:\/\/www.integralpro.com.co\/index.php\/wp-json\/wp\/v2\/product\/2317\/revisions\/2378"}],"wp:featuredmedia":[{"embeddable":true,"href":"https:\/\/www.integralpro.com.co\/index.php\/wp-json\/wp\/v2\/media\/2377"}],"wp:attachment":[{"href":"https:\/\/www.integralpro.com.co\/index.php\/wp-json\/wp\/v2\/media?parent=2317"}],"wp:term":[{"taxonomy":"product_brand","embeddable":true,"href":"https:\/\/www.integralpro.com.co\/index.php\/wp-json\/wp\/v2\/product_brand?post=2317"},{"taxonomy":"product_cat","embeddable":true,"href":"https:\/\/www.integralpro.com.co\/index.php\/wp-json\/wp\/v2\/product_cat?post=2317"},{"taxonomy":"product_tag","embeddable":true,"href":"https:\/\/www.integralpro.com.co\/index.php\/wp-json\/wp\/v2\/product_tag?post=2317"}],"curies":[{"name":"wp","href":"https:\/\/api.w.org\/{rel}","templated":true}]}}