{"id":2316,"date":"2021-02-19T14:55:03","date_gmt":"2021-02-19T19:55:03","guid":{"rendered":"https:\/\/www.integralpro.com.co\/index.php\/producto\/import-placeholder-for-1230\/"},"modified":"2021-02-19T14:55:33","modified_gmt":"2021-02-19T19:55:33","slug":"ups-apc-be600m1-600-va-120-v-con-puerto-usb-para-carga","status":"publish","type":"product","link":"https:\/\/www.integralpro.com.co\/index.php\/producto\/ups-apc-be600m1-600-va-120-v-con-puerto-usb-para-carga\/","title":{"rendered":"Ups Apc Be600M1 600 Va 120 V Con Puerto Usb Para Carga"},"content":{"rendered":"<p>Posibilidad de ajuste del nivel de sensibilidad a la tensi\u00f3n, Ofrece la posibilidad de adaptar la UPS para ofrecer un rendimiento \u00f3ptimo con aplicaciones de generadores o en entornos energ\u00e9ticos espec\u00edficos.<\/p>\n<p><strong>Alarmas sonoras<\/strong><\/p>\n<p>Ofrece notificaciones sobre cambios en las condiciones de las unidades UPS y de la compa\u00f1\u00eda el\u00e9ctrica.<\/p>\n<p><strong>Auto diagn\u00f3stico autom\u00e1tico<\/strong><\/p>\n<p>Garantiza la detecci\u00f3n anticipada de posibles problemas mediante la realizaci\u00f3n de diagn\u00f3sticos peri\u00f3dicos de los componentes de las unidades UPS.<\/p>\n<p><strong>Notificaci\u00f3n sobre fallas de la bater\u00eda<\/strong><\/p>\n<p>Analiza las bater\u00edas a fin de advertir anticipadamente en caso de fallas posibles, lo que garantiza que el mantenimiento preventivo sea oportuno.<\/p>\n<p><strong>Indicador de fallas en el cableado de la instalaci\u00f3n<\/strong><\/p>\n<p>Este indicador LED informa a los usuarios sobre posibles problemas de cableado en la instalaci\u00f3n el\u00e9ctrica que puedan resultar peligrosos.<\/p>\n<p><strong>Especificaciones T\u00e9cnicas<\/strong><\/p>\n<p>Dimensiones: 27 x 13 x 10.5 cm<br \/>Peso: 3.5 kg<br \/>Capacidad de potencia de salida 330Vatios \/ 600VA<br \/>M\u00e1xima potencia configurable (vatios) 330Vatios \/ 600VA<br \/>Tensi\u00f3n de salida nominal 120V<br \/>Frecuencia de salida (sincronizada con la red) 50\/60Hz +\/- 3 Hz<br \/>Topolog\u00eda: De reserva<br \/>Tipo de forma de onda Aproximaci\u00f3n acompasada de una onda sinusoidal<br \/>Conexiones de salida<br \/>(5) NEMA 5-15R (Respaldo de bater\u00eda)<br \/>(2) NEMA 5-15R (selector_surgetitle)<br \/>Duraci\u00f3n de transferencia 6ms typical : 10ms maximum<br \/>Entrada de voltaje 120V<br \/>Frecuencia de entrada 50\/60 Hz +\/- 3 Hz (autosensible)<br \/>Tipo de enchufe NEMA 5-15P<br \/>Longitud del cable 1.52metros<br \/>Variaci\u00f3n de tensi\u00f3n de entrada para operaciones principales 92 &#8211; 139V<br \/>Tipo de bater\u00eda: Bater\u00eda sellada de plomo sin necesidad de mantenci\u00f3n con electrolito suspendido: a prueba de filtraci\u00f3n<br \/>Tiempo de recarga t\u00edpico 10hora(s)<br \/>Bater\u00eda de recambioBE600M1-LM<br \/>Interface Port(s) USB<br \/>Panel de control Visualizador de estatus LED en l\u00ednea: Bater\u00eda en actividad: bater\u00eda de reemplazo e indicadores de sobrecarga<br \/>Alarma audible Alarma de bater\u00eda encendida: alarma distintiva de carga de bater\u00eda baja: alarma de sobrecarga de tono continuo<br \/>Temperatura de operaci\u00f3n 0 &#8211; 40 \u00b0C<br \/>Humedad relativa de operaci\u00f3n 0 &#8211; 90 %<br \/>Elevaci\u00f3n de operaci\u00f3n 0-3000metros<br \/>Temperatura de almacenamiento -15 &#8211; 45 \u00b0C<br \/>Humedad relativa de almacenamiento 0 &#8211; 95 %<br \/>Elevaci\u00f3n de almacenamiento 0-15000metros<br \/>Ruido audible a 1 metro de la superficie de la unidad 35.0dBA<br \/>Disipaci\u00f3n t\u00e9rmica online 16.0BTU\/hora<\/p>\n<p><strong>Contenido Del Paquete<\/strong><\/p>\n<p>UPS &#8211; Cable &#8211; Documentaci\u00f3n<\/p>\n","protected":false},"excerpt":{"rendered":"<p># DE PARTE:BE600M1<\/p>\n","protected":false},"featured_media":2375,"template":"","meta":{"site-sidebar-layout":"default","site-content-layout":"","ast-site-content-layout":"default","site-content-style":"default","site-sidebar-style":"default","ast-global-header-display":"","ast-banner-title-visibility":"","ast-main-header-display":"","ast-hfb-above-header-display":"","ast-hfb-below-header-display":"","ast-hfb-mobile-header-display":"","site-post-title":"","ast-breadcrumbs-content":"","ast-featured-img":"","footer-sml-layout":"","ast-disable-related-posts":"","theme-transparent-header-meta":"","adv-header-id-meta":"","stick-header-meta":"","header-above-stick-meta":"","header-main-stick-meta":"","header-below-stick-meta":"","astra-migrate-meta-layouts":"default","ast-page-background-enabled":"default","ast-page-background-meta":{"desktop":{"background-color":"var(--ast-global-color-4)","background-image":"","background-repeat":"repeat","background-position":"center center","background-size":"auto","background-attachment":"scroll","background-type":"","background-media":"","overlay-type":"","overlay-color":"","overlay-opacity":"","overlay-gradient":""},"tablet":{"background-color":"","background-image":"","background-repeat":"repeat","background-position":"center center","background-size":"auto","background-attachment":"scroll","background-type":"","background-media":"","overlay-type":"","overlay-color":"","overlay-opacity":"","overlay-gradient":""},"mobile":{"background-color":"","background-image":"","background-repeat":"repeat","background-position":"center center","background-size":"auto","background-attachment":"scroll","background-type":"","background-media":"","overlay-type":"","overlay-color":"","overlay-opacity":"","overlay-gradient":""}},"ast-content-background-meta":{"desktop":{"background-color":"var(--ast-global-color-5)","background-image":"","background-repeat":"repeat","background-position":"center center","background-size":"auto","background-attachment":"scroll","background-type":"","background-media":"","overlay-type":"","overlay-color":"","overlay-opacity":"","overlay-gradient":""},"tablet":{"background-color":"var(--ast-global-color-5)","background-image":"","background-repeat":"repeat","background-position":"center center","background-size":"auto","background-attachment":"scroll","background-type":"","background-media":"","overlay-type":"","overlay-color":"","overlay-opacity":"","overlay-gradient":""},"mobile":{"background-color":"var(--ast-global-color-5)","background-image":"","background-repeat":"repeat","background-position":"center center","background-size":"auto","background-attachment":"scroll","background-type":"","background-media":"","overlay-type":"","overlay-color":"","overlay-opacity":"","overlay-gradient":""}}},"product_brand":[],"product_cat":[162,65],"product_tag":[450],"class_list":{"0":"post-2316","1":"product","2":"type-product","3":"status-publish","4":"has-post-thumbnail","6":"product_cat-ups","7":"product_cat-ups-reguladores-de-voltaje","8":"product_tag-apc","9":"desktop-align-left","10":"tablet-align-left","11":"mobile-align-left","13":"first","14":"instock","15":"taxable","16":"shipping-taxable","17":"product-type-simple"},"yoast_head":"<!-- This site is optimized with the Yoast SEO plugin v27.4 - https:\/\/yoast.com\/product\/yoast-seo-wordpress\/ -->\n<title>Ups Apc Be600M1 600 Va 120 V Con Puerto Usb Para Carga - IntegralPro<\/title>\n<meta name=\"robots\" content=\"index, follow, max-snippet:-1, max-image-preview:large, max-video-preview:-1\" \/>\n<link rel=\"canonical\" href=\"https:\/\/www.integralpro.com.co\/index.php\/producto\/ups-apc-be600m1-600-va-120-v-con-puerto-usb-para-carga\/\" \/>\n<meta property=\"og:locale\" content=\"es_ES\" \/>\n<meta property=\"og:type\" content=\"article\" \/>\n<meta property=\"og:title\" content=\"Ups Apc Be600M1 600 Va 120 V Con Puerto Usb Para Carga - IntegralPro\" \/>\n<meta property=\"og:description\" content=\"# DE PARTE:BE600M1\" \/>\n<meta property=\"og:url\" content=\"https:\/\/www.integralpro.com.co\/index.php\/producto\/ups-apc-be600m1-600-va-120-v-con-puerto-usb-para-carga\/\" \/>\n<meta property=\"og:site_name\" content=\"IntegralPro\" \/>\n<meta property=\"article:modified_time\" content=\"2021-02-19T19:55:33+00:00\" \/>\n<meta property=\"og:image\" content=\"https:\/\/www.integralpro.com.co\/wp-content\/uploads\/2021\/02\/2ad11bde6c00bcae720aa0ee9db53737.jpg\" \/>\n\t<meta property=\"og:image:width\" content=\"1000\" \/>\n\t<meta property=\"og:image:height\" content=\"1000\" \/>\n\t<meta property=\"og:image:type\" content=\"image\/jpeg\" \/>\n<meta name=\"twitter:card\" content=\"summary_large_image\" \/>\n<meta name=\"twitter:label1\" content=\"Tiempo de lectura\" \/>\n\t<meta name=\"twitter:data1\" content=\"2 minutos\" \/>\n<script type=\"application\/ld+json\" class=\"yoast-schema-graph\">{\"@context\":\"https:\\\/\\\/schema.org\",\"@graph\":[{\"@type\":\"WebPage\",\"@id\":\"https:\\\/\\\/www.integralpro.com.co\\\/index.php\\\/producto\\\/ups-apc-be600m1-600-va-120-v-con-puerto-usb-para-carga\\\/\",\"url\":\"https:\\\/\\\/www.integralpro.com.co\\\/index.php\\\/producto\\\/ups-apc-be600m1-600-va-120-v-con-puerto-usb-para-carga\\\/\",\"name\":\"Ups Apc Be600M1 600 Va 120 V Con Puerto Usb Para Carga - IntegralPro\",\"isPartOf\":{\"@id\":\"https:\\\/\\\/www.integralpro.com.co\\\/#website\"},\"primaryImageOfPage\":{\"@id\":\"https:\\\/\\\/www.integralpro.com.co\\\/index.php\\\/producto\\\/ups-apc-be600m1-600-va-120-v-con-puerto-usb-para-carga\\\/#primaryimage\"},\"image\":{\"@id\":\"https:\\\/\\\/www.integralpro.com.co\\\/index.php\\\/producto\\\/ups-apc-be600m1-600-va-120-v-con-puerto-usb-para-carga\\\/#primaryimage\"},\"thumbnailUrl\":\"https:\\\/\\\/www.integralpro.com.co\\\/wp-content\\\/uploads\\\/2021\\\/02\\\/2ad11bde6c00bcae720aa0ee9db53737.jpg\",\"datePublished\":\"2021-02-19T19:55:03+00:00\",\"dateModified\":\"2021-02-19T19:55:33+00:00\",\"breadcrumb\":{\"@id\":\"https:\\\/\\\/www.integralpro.com.co\\\/index.php\\\/producto\\\/ups-apc-be600m1-600-va-120-v-con-puerto-usb-para-carga\\\/#breadcrumb\"},\"inLanguage\":\"es\",\"potentialAction\":[{\"@type\":\"ReadAction\",\"target\":[\"https:\\\/\\\/www.integralpro.com.co\\\/index.php\\\/producto\\\/ups-apc-be600m1-600-va-120-v-con-puerto-usb-para-carga\\\/\"]}]},{\"@type\":\"ImageObject\",\"inLanguage\":\"es\",\"@id\":\"https:\\\/\\\/www.integralpro.com.co\\\/index.php\\\/producto\\\/ups-apc-be600m1-600-va-120-v-con-puerto-usb-para-carga\\\/#primaryimage\",\"url\":\"https:\\\/\\\/www.integralpro.com.co\\\/wp-content\\\/uploads\\\/2021\\\/02\\\/2ad11bde6c00bcae720aa0ee9db53737.jpg\",\"contentUrl\":\"https:\\\/\\\/www.integralpro.com.co\\\/wp-content\\\/uploads\\\/2021\\\/02\\\/2ad11bde6c00bcae720aa0ee9db53737.jpg\",\"width\":1000,\"height\":1000},{\"@type\":\"BreadcrumbList\",\"@id\":\"https:\\\/\\\/www.integralpro.com.co\\\/index.php\\\/producto\\\/ups-apc-be600m1-600-va-120-v-con-puerto-usb-para-carga\\\/#breadcrumb\",\"itemListElement\":[{\"@type\":\"ListItem\",\"position\":1,\"name\":\"Portada\",\"item\":\"https:\\\/\\\/www.integralpro.com.co\\\/\"},{\"@type\":\"ListItem\",\"position\":2,\"name\":\"Tienda\",\"item\":\"https:\\\/\\\/www.integralpro.com.co\\\/index.php\\\/tienda\\\/\"},{\"@type\":\"ListItem\",\"position\":3,\"name\":\"Ups Apc Be600M1 600 Va 120 V Con Puerto Usb Para Carga\"}]},{\"@type\":\"WebSite\",\"@id\":\"https:\\\/\\\/www.integralpro.com.co\\\/#website\",\"url\":\"https:\\\/\\\/www.integralpro.com.co\\\/\",\"name\":\"IntegralPro\",\"description\":\"Tienda de Tecnolog\u00eda en L\u00ednea\",\"publisher\":{\"@id\":\"https:\\\/\\\/www.integralpro.com.co\\\/#organization\"},\"potentialAction\":[{\"@type\":\"SearchAction\",\"target\":{\"@type\":\"EntryPoint\",\"urlTemplate\":\"https:\\\/\\\/www.integralpro.com.co\\\/?s={search_term_string}\"},\"query-input\":{\"@type\":\"PropertyValueSpecification\",\"valueRequired\":true,\"valueName\":\"search_term_string\"}}],\"inLanguage\":\"es\"},{\"@type\":\"Organization\",\"@id\":\"https:\\\/\\\/www.integralpro.com.co\\\/#organization\",\"name\":\"IntegralPro SAS\",\"url\":\"https:\\\/\\\/www.integralpro.com.co\\\/\",\"logo\":{\"@type\":\"ImageObject\",\"inLanguage\":\"es\",\"@id\":\"https:\\\/\\\/www.integralpro.com.co\\\/#\\\/schema\\\/logo\\\/image\\\/\",\"url\":\"https:\\\/\\\/www.integralpro.com.co\\\/wp-content\\\/uploads\\\/2021\\\/02\\\/logo-def.jpg\",\"contentUrl\":\"https:\\\/\\\/www.integralpro.com.co\\\/wp-content\\\/uploads\\\/2021\\\/02\\\/logo-def.jpg\",\"width\":238,\"height\":234,\"caption\":\"IntegralPro SAS\"},\"image\":{\"@id\":\"https:\\\/\\\/www.integralpro.com.co\\\/#\\\/schema\\\/logo\\\/image\\\/\"}}]}<\/script>\n<!-- \/ Yoast SEO plugin. -->","yoast_head_json":{"title":"Ups Apc Be600M1 600 Va 120 V Con Puerto Usb Para Carga - IntegralPro","robots":{"index":"index","follow":"follow","max-snippet":"max-snippet:-1","max-image-preview":"max-image-preview:large","max-video-preview":"max-video-preview:-1"},"canonical":"https:\/\/www.integralpro.com.co\/index.php\/producto\/ups-apc-be600m1-600-va-120-v-con-puerto-usb-para-carga\/","og_locale":"es_ES","og_type":"article","og_title":"Ups Apc Be600M1 600 Va 120 V Con Puerto Usb Para Carga - IntegralPro","og_description":"# DE PARTE:BE600M1","og_url":"https:\/\/www.integralpro.com.co\/index.php\/producto\/ups-apc-be600m1-600-va-120-v-con-puerto-usb-para-carga\/","og_site_name":"IntegralPro","article_modified_time":"2021-02-19T19:55:33+00:00","og_image":[{"width":1000,"height":1000,"url":"https:\/\/www.integralpro.com.co\/wp-content\/uploads\/2021\/02\/2ad11bde6c00bcae720aa0ee9db53737.jpg","type":"image\/jpeg"}],"twitter_card":"summary_large_image","twitter_misc":{"Tiempo de lectura":"2 minutos"},"schema":{"@context":"https:\/\/schema.org","@graph":[{"@type":"WebPage","@id":"https:\/\/www.integralpro.com.co\/index.php\/producto\/ups-apc-be600m1-600-va-120-v-con-puerto-usb-para-carga\/","url":"https:\/\/www.integralpro.com.co\/index.php\/producto\/ups-apc-be600m1-600-va-120-v-con-puerto-usb-para-carga\/","name":"Ups Apc Be600M1 600 Va 120 V Con Puerto Usb Para Carga - IntegralPro","isPartOf":{"@id":"https:\/\/www.integralpro.com.co\/#website"},"primaryImageOfPage":{"@id":"https:\/\/www.integralpro.com.co\/index.php\/producto\/ups-apc-be600m1-600-va-120-v-con-puerto-usb-para-carga\/#primaryimage"},"image":{"@id":"https:\/\/www.integralpro.com.co\/index.php\/producto\/ups-apc-be600m1-600-va-120-v-con-puerto-usb-para-carga\/#primaryimage"},"thumbnailUrl":"https:\/\/www.integralpro.com.co\/wp-content\/uploads\/2021\/02\/2ad11bde6c00bcae720aa0ee9db53737.jpg","datePublished":"2021-02-19T19:55:03+00:00","dateModified":"2021-02-19T19:55:33+00:00","breadcrumb":{"@id":"https:\/\/www.integralpro.com.co\/index.php\/producto\/ups-apc-be600m1-600-va-120-v-con-puerto-usb-para-carga\/#breadcrumb"},"inLanguage":"es","potentialAction":[{"@type":"ReadAction","target":["https:\/\/www.integralpro.com.co\/index.php\/producto\/ups-apc-be600m1-600-va-120-v-con-puerto-usb-para-carga\/"]}]},{"@type":"ImageObject","inLanguage":"es","@id":"https:\/\/www.integralpro.com.co\/index.php\/producto\/ups-apc-be600m1-600-va-120-v-con-puerto-usb-para-carga\/#primaryimage","url":"https:\/\/www.integralpro.com.co\/wp-content\/uploads\/2021\/02\/2ad11bde6c00bcae720aa0ee9db53737.jpg","contentUrl":"https:\/\/www.integralpro.com.co\/wp-content\/uploads\/2021\/02\/2ad11bde6c00bcae720aa0ee9db53737.jpg","width":1000,"height":1000},{"@type":"BreadcrumbList","@id":"https:\/\/www.integralpro.com.co\/index.php\/producto\/ups-apc-be600m1-600-va-120-v-con-puerto-usb-para-carga\/#breadcrumb","itemListElement":[{"@type":"ListItem","position":1,"name":"Portada","item":"https:\/\/www.integralpro.com.co\/"},{"@type":"ListItem","position":2,"name":"Tienda","item":"https:\/\/www.integralpro.com.co\/index.php\/tienda\/"},{"@type":"ListItem","position":3,"name":"Ups Apc Be600M1 600 Va 120 V Con Puerto Usb Para Carga"}]},{"@type":"WebSite","@id":"https:\/\/www.integralpro.com.co\/#website","url":"https:\/\/www.integralpro.com.co\/","name":"IntegralPro","description":"Tienda de Tecnolog\u00eda en L\u00ednea","publisher":{"@id":"https:\/\/www.integralpro.com.co\/#organization"},"potentialAction":[{"@type":"SearchAction","target":{"@type":"EntryPoint","urlTemplate":"https:\/\/www.integralpro.com.co\/?s={search_term_string}"},"query-input":{"@type":"PropertyValueSpecification","valueRequired":true,"valueName":"search_term_string"}}],"inLanguage":"es"},{"@type":"Organization","@id":"https:\/\/www.integralpro.com.co\/#organization","name":"IntegralPro SAS","url":"https:\/\/www.integralpro.com.co\/","logo":{"@type":"ImageObject","inLanguage":"es","@id":"https:\/\/www.integralpro.com.co\/#\/schema\/logo\/image\/","url":"https:\/\/www.integralpro.com.co\/wp-content\/uploads\/2021\/02\/logo-def.jpg","contentUrl":"https:\/\/www.integralpro.com.co\/wp-content\/uploads\/2021\/02\/logo-def.jpg","width":238,"height":234,"caption":"IntegralPro SAS"},"image":{"@id":"https:\/\/www.integralpro.com.co\/#\/schema\/logo\/image\/"}}]}},"_links":{"self":[{"href":"https:\/\/www.integralpro.com.co\/index.php\/wp-json\/wp\/v2\/product\/2316","targetHints":{"allow":["GET"]}}],"collection":[{"href":"https:\/\/www.integralpro.com.co\/index.php\/wp-json\/wp\/v2\/product"}],"about":[{"href":"https:\/\/www.integralpro.com.co\/index.php\/wp-json\/wp\/v2\/types\/product"}],"version-history":[{"count":1,"href":"https:\/\/www.integralpro.com.co\/index.php\/wp-json\/wp\/v2\/product\/2316\/revisions"}],"predecessor-version":[{"id":2376,"href":"https:\/\/www.integralpro.com.co\/index.php\/wp-json\/wp\/v2\/product\/2316\/revisions\/2376"}],"wp:featuredmedia":[{"embeddable":true,"href":"https:\/\/www.integralpro.com.co\/index.php\/wp-json\/wp\/v2\/media\/2375"}],"wp:attachment":[{"href":"https:\/\/www.integralpro.com.co\/index.php\/wp-json\/wp\/v2\/media?parent=2316"}],"wp:term":[{"taxonomy":"product_brand","embeddable":true,"href":"https:\/\/www.integralpro.com.co\/index.php\/wp-json\/wp\/v2\/product_brand?post=2316"},{"taxonomy":"product_cat","embeddable":true,"href":"https:\/\/www.integralpro.com.co\/index.php\/wp-json\/wp\/v2\/product_cat?post=2316"},{"taxonomy":"product_tag","embeddable":true,"href":"https:\/\/www.integralpro.com.co\/index.php\/wp-json\/wp\/v2\/product_tag?post=2316"}],"curies":[{"name":"wp","href":"https:\/\/api.w.org\/{rel}","templated":true}]}}