{"id":2277,"date":"2021-02-19T14:54:40","date_gmt":"2021-02-19T19:54:40","guid":{"rendered":"https:\/\/www.integralpro.com.co\/index.php\/producto\/import-placeholder-for-1219\/"},"modified":"2021-02-19T14:55:14","modified_gmt":"2021-02-19T19:55:14","slug":"proyector-epson-powerlite-x41-inalambrico-portatil","status":"publish","type":"product","link":"https:\/\/www.integralpro.com.co\/index.php\/producto\/proyector-epson-powerlite-x41-inalambrico-portatil\/","title":{"rendered":"Proyector Epson Powerlite X41+ Inal\u00e1mbrico Port\u00e1til"},"content":{"rendered":"<p>El proyector PowerLite X41+ es ideal para tu negocio, con sus 3.600 l\u00famenes2 en blanco y 3.600 l\u00famenes2 en color puedes proyectar con las luces encendidas con las ventanas abiertas.<\/p>\n<p><strong>Brillante y de colores vivos<\/strong><\/p>\n<p>Incluye 3600 l\u00famenes de brillo de color (emisi\u00f3n de luz de color)1 y 3600 l\u00famenes de brillo blanco (emisi\u00f3n de luz blanca)1.Resoluci\u00f3n XGA,&nbsp;Resoluci\u00f3n de 1024 \u00d7 768<\/p>\n<p><strong>Conexi\u00f3n inal\u00e1mbrica<\/strong><\/p>\n<p>Incluye un m\u00f3dulo LAN de alta velocidad para la conectividad inal\u00e1mbrica.<\/p>\n<p><strong>Quick Corner<\/strong><\/p>\n<p>Ajusta las esquinas por separado para proyectar una imagen perfectamente rectangular.<\/p>\n<p><strong>Especificaciones T\u00e9cnicas<\/strong><\/p>\n<p>Dimensiones: 30 x 7.7 x 23 cm<br \/>Peso: <span>2.5 Kg<\/span><br \/>Sistema de Proyecci\u00f3n:<br \/>Tecnolog\u00eda Epson 3LCD de 3 chips<br \/>M\u00e9todo de Proyecci\u00f3n:<br \/>Frontal \/ Posterior \/ Techo<br \/>Pantalla LCD:<br \/>0.55-pulgadas (D10)<br \/>M\u00e9todo de visualizaci\u00f3n: Poly-silicon TFT active matrix<br \/>N\u00famero de Pixeles:<br \/>786,432 pixeles (1024 x 768) x 3<br \/>Brillo en Color &#8211; Salida de Luz en Color:<br \/>3,600 L\u00famenes<br \/>Brillo en Blanco &#8211; Salida de Luz en Blanco:<br \/>3,600 L\u00famenes<br \/>Relaci\u00f3n de Aspecto:&nbsp;4:3<br \/>Resoluci\u00f3n Nativa:&nbsp;XGA<br \/>Tipo de L\u00e1mpara:&nbsp;210W UHE<br \/>Vida \u00datil de la L\u00e1mpara:&nbsp;6.000 horas (Normal); 10.000 horas (ECO)<br \/>Correcci\u00f3n de Trapecio:<br \/>Vertical: -30\u00b0 +30\u00b0<br \/>Horizontal: -30\u00b0 +30\u00b0<br \/>Relaci\u00f3n de Contraste:<br \/>Hasta 15,000:1<br \/>Reproducci\u00f3n del Color:<br \/>Hasta 1 bill\u00f3n de colores<br \/>Temperatura:&nbsp;5\u00b0C a 35\u00b0C<br \/>Seguridad: Kensington Lock , Traba de seguridad<br \/>Tipo: Optical Zoom (Manual) \/ Focus (Manual)<br \/>N\u00famero &#8211; F: 1,49-1,72<br \/>Tama\u00f1o de la Pantalla: 30&#8243; a 300&#8243; (0,89m &#8211; 10,95 m)<br \/>Longitud Focal:16,9 mm-20,28 mm<br \/>Relaci\u00f3n de Zoom:1-1,2<br \/>Tapa del Lente: Slide lens shutter<\/p>\n<p><strong>Contenido Del Paquete<\/strong><\/p>\n<p>Proyector &#8211; Control Remoto con 2 baterias AA&nbsp;&#8211; Cable de Poder (1.8 m)&nbsp;&#8211; Cable Computadora (1.8m)&nbsp;&#8211; M\u00f3dulo Inal\u00e1mbrico&nbsp;&#8211; CD Manual de Usuario&nbsp;&#8211; Bolso de Transporte &#8211; Documentaci\u00f3n<\/p>\n","protected":false},"excerpt":{"rendered":"<p># DE PARTE:V11H843021<\/p>\n","protected":false},"featured_media":2340,"template":"","meta":{"site-sidebar-layout":"default","site-content-layout":"","ast-site-content-layout":"default","site-content-style":"default","site-sidebar-style":"default","ast-global-header-display":"","ast-banner-title-visibility":"","ast-main-header-display":"","ast-hfb-above-header-display":"","ast-hfb-below-header-display":"","ast-hfb-mobile-header-display":"","site-post-title":"","ast-breadcrumbs-content":"","ast-featured-img":"","footer-sml-layout":"","ast-disable-related-posts":"","theme-transparent-header-meta":"","adv-header-id-meta":"","stick-header-meta":"","header-above-stick-meta":"","header-main-stick-meta":"","header-below-stick-meta":"","astra-migrate-meta-layouts":"default","ast-page-background-enabled":"default","ast-page-background-meta":{"desktop":{"background-color":"var(--ast-global-color-4)","background-image":"","background-repeat":"repeat","background-position":"center center","background-size":"auto","background-attachment":"scroll","background-type":"","background-media":"","overlay-type":"","overlay-color":"","overlay-opacity":"","overlay-gradient":""},"tablet":{"background-color":"","background-image":"","background-repeat":"repeat","background-position":"center center","background-size":"auto","background-attachment":"scroll","background-type":"","background-media":"","overlay-type":"","overlay-color":"","overlay-opacity":"","overlay-gradient":""},"mobile":{"background-color":"","background-image":"","background-repeat":"repeat","background-position":"center center","background-size":"auto","background-attachment":"scroll","background-type":"","background-media":"","overlay-type":"","overlay-color":"","overlay-opacity":"","overlay-gradient":""}},"ast-content-background-meta":{"desktop":{"background-color":"var(--ast-global-color-5)","background-image":"","background-repeat":"repeat","background-position":"center center","background-size":"auto","background-attachment":"scroll","background-type":"","background-media":"","overlay-type":"","overlay-color":"","overlay-opacity":"","overlay-gradient":""},"tablet":{"background-color":"var(--ast-global-color-5)","background-image":"","background-repeat":"repeat","background-position":"center center","background-size":"auto","background-attachment":"scroll","background-type":"","background-media":"","overlay-type":"","overlay-color":"","overlay-opacity":"","overlay-gradient":""},"mobile":{"background-color":"var(--ast-global-color-5)","background-image":"","background-repeat":"repeat","background-position":"center center","background-size":"auto","background-attachment":"scroll","background-type":"","background-media":"","overlay-type":"","overlay-color":"","overlay-opacity":"","overlay-gradient":""}}},"product_brand":[],"product_cat":[61],"product_tag":[40],"class_list":{"0":"post-2277","1":"product","2":"type-product","3":"status-publish","4":"has-post-thumbnail","6":"product_cat-proyectores","7":"product_tag-epson","8":"desktop-align-left","9":"tablet-align-left","10":"mobile-align-left","12":"first","13":"instock","14":"taxable","15":"shipping-taxable","16":"product-type-simple"},"yoast_head":"<!-- This site is optimized with the Yoast SEO plugin v27.4 - https:\/\/yoast.com\/product\/yoast-seo-wordpress\/ -->\n<title>Proyector Epson Powerlite X41+ Inal\u00e1mbrico Port\u00e1til - IntegralPro<\/title>\n<meta name=\"robots\" content=\"index, follow, max-snippet:-1, max-image-preview:large, max-video-preview:-1\" \/>\n<link rel=\"canonical\" href=\"https:\/\/www.integralpro.com.co\/index.php\/producto\/proyector-epson-powerlite-x41-inalambrico-portatil\/\" \/>\n<meta property=\"og:locale\" content=\"es_ES\" \/>\n<meta property=\"og:type\" content=\"article\" \/>\n<meta property=\"og:title\" content=\"Proyector Epson Powerlite X41+ Inal\u00e1mbrico Port\u00e1til - IntegralPro\" \/>\n<meta property=\"og:description\" content=\"# DE PARTE:V11H843021\" \/>\n<meta property=\"og:url\" content=\"https:\/\/www.integralpro.com.co\/index.php\/producto\/proyector-epson-powerlite-x41-inalambrico-portatil\/\" \/>\n<meta property=\"og:site_name\" content=\"IntegralPro\" \/>\n<meta property=\"article:modified_time\" content=\"2021-02-19T19:55:14+00:00\" \/>\n<meta property=\"og:image\" content=\"https:\/\/www.integralpro.com.co\/wp-content\/uploads\/2021\/02\/67fdaed75b28fa59b3406b6c68e5ec62.jpg\" \/>\n\t<meta property=\"og:image:width\" content=\"1000\" \/>\n\t<meta property=\"og:image:height\" content=\"1000\" \/>\n\t<meta property=\"og:image:type\" content=\"image\/jpeg\" \/>\n<meta name=\"twitter:card\" content=\"summary_large_image\" \/>\n<meta name=\"twitter:label1\" content=\"Tiempo de lectura\" \/>\n\t<meta name=\"twitter:data1\" content=\"1 minuto\" \/>\n<script type=\"application\/ld+json\" class=\"yoast-schema-graph\">{\"@context\":\"https:\\\/\\\/schema.org\",\"@graph\":[{\"@type\":\"WebPage\",\"@id\":\"https:\\\/\\\/www.integralpro.com.co\\\/index.php\\\/producto\\\/proyector-epson-powerlite-x41-inalambrico-portatil\\\/\",\"url\":\"https:\\\/\\\/www.integralpro.com.co\\\/index.php\\\/producto\\\/proyector-epson-powerlite-x41-inalambrico-portatil\\\/\",\"name\":\"Proyector Epson Powerlite X41+ Inal\u00e1mbrico Port\u00e1til - IntegralPro\",\"isPartOf\":{\"@id\":\"https:\\\/\\\/www.integralpro.com.co\\\/#website\"},\"primaryImageOfPage\":{\"@id\":\"https:\\\/\\\/www.integralpro.com.co\\\/index.php\\\/producto\\\/proyector-epson-powerlite-x41-inalambrico-portatil\\\/#primaryimage\"},\"image\":{\"@id\":\"https:\\\/\\\/www.integralpro.com.co\\\/index.php\\\/producto\\\/proyector-epson-powerlite-x41-inalambrico-portatil\\\/#primaryimage\"},\"thumbnailUrl\":\"https:\\\/\\\/www.integralpro.com.co\\\/wp-content\\\/uploads\\\/2021\\\/02\\\/67fdaed75b28fa59b3406b6c68e5ec62.jpg\",\"datePublished\":\"2021-02-19T19:54:40+00:00\",\"dateModified\":\"2021-02-19T19:55:14+00:00\",\"breadcrumb\":{\"@id\":\"https:\\\/\\\/www.integralpro.com.co\\\/index.php\\\/producto\\\/proyector-epson-powerlite-x41-inalambrico-portatil\\\/#breadcrumb\"},\"inLanguage\":\"es\",\"potentialAction\":[{\"@type\":\"ReadAction\",\"target\":[\"https:\\\/\\\/www.integralpro.com.co\\\/index.php\\\/producto\\\/proyector-epson-powerlite-x41-inalambrico-portatil\\\/\"]}]},{\"@type\":\"ImageObject\",\"inLanguage\":\"es\",\"@id\":\"https:\\\/\\\/www.integralpro.com.co\\\/index.php\\\/producto\\\/proyector-epson-powerlite-x41-inalambrico-portatil\\\/#primaryimage\",\"url\":\"https:\\\/\\\/www.integralpro.com.co\\\/wp-content\\\/uploads\\\/2021\\\/02\\\/67fdaed75b28fa59b3406b6c68e5ec62.jpg\",\"contentUrl\":\"https:\\\/\\\/www.integralpro.com.co\\\/wp-content\\\/uploads\\\/2021\\\/02\\\/67fdaed75b28fa59b3406b6c68e5ec62.jpg\",\"width\":1000,\"height\":1000},{\"@type\":\"BreadcrumbList\",\"@id\":\"https:\\\/\\\/www.integralpro.com.co\\\/index.php\\\/producto\\\/proyector-epson-powerlite-x41-inalambrico-portatil\\\/#breadcrumb\",\"itemListElement\":[{\"@type\":\"ListItem\",\"position\":1,\"name\":\"Portada\",\"item\":\"https:\\\/\\\/www.integralpro.com.co\\\/\"},{\"@type\":\"ListItem\",\"position\":2,\"name\":\"Tienda\",\"item\":\"https:\\\/\\\/www.integralpro.com.co\\\/index.php\\\/tienda\\\/\"},{\"@type\":\"ListItem\",\"position\":3,\"name\":\"Proyector Epson Powerlite X41+ Inal\u00e1mbrico Port\u00e1til\"}]},{\"@type\":\"WebSite\",\"@id\":\"https:\\\/\\\/www.integralpro.com.co\\\/#website\",\"url\":\"https:\\\/\\\/www.integralpro.com.co\\\/\",\"name\":\"IntegralPro\",\"description\":\"Tienda de Tecnolog\u00eda en L\u00ednea\",\"publisher\":{\"@id\":\"https:\\\/\\\/www.integralpro.com.co\\\/#organization\"},\"potentialAction\":[{\"@type\":\"SearchAction\",\"target\":{\"@type\":\"EntryPoint\",\"urlTemplate\":\"https:\\\/\\\/www.integralpro.com.co\\\/?s={search_term_string}\"},\"query-input\":{\"@type\":\"PropertyValueSpecification\",\"valueRequired\":true,\"valueName\":\"search_term_string\"}}],\"inLanguage\":\"es\"},{\"@type\":\"Organization\",\"@id\":\"https:\\\/\\\/www.integralpro.com.co\\\/#organization\",\"name\":\"IntegralPro SAS\",\"url\":\"https:\\\/\\\/www.integralpro.com.co\\\/\",\"logo\":{\"@type\":\"ImageObject\",\"inLanguage\":\"es\",\"@id\":\"https:\\\/\\\/www.integralpro.com.co\\\/#\\\/schema\\\/logo\\\/image\\\/\",\"url\":\"https:\\\/\\\/www.integralpro.com.co\\\/wp-content\\\/uploads\\\/2021\\\/02\\\/logo-def.jpg\",\"contentUrl\":\"https:\\\/\\\/www.integralpro.com.co\\\/wp-content\\\/uploads\\\/2021\\\/02\\\/logo-def.jpg\",\"width\":238,\"height\":234,\"caption\":\"IntegralPro SAS\"},\"image\":{\"@id\":\"https:\\\/\\\/www.integralpro.com.co\\\/#\\\/schema\\\/logo\\\/image\\\/\"}}]}<\/script>\n<!-- \/ Yoast SEO plugin. -->","yoast_head_json":{"title":"Proyector Epson Powerlite X41+ Inal\u00e1mbrico Port\u00e1til - IntegralPro","robots":{"index":"index","follow":"follow","max-snippet":"max-snippet:-1","max-image-preview":"max-image-preview:large","max-video-preview":"max-video-preview:-1"},"canonical":"https:\/\/www.integralpro.com.co\/index.php\/producto\/proyector-epson-powerlite-x41-inalambrico-portatil\/","og_locale":"es_ES","og_type":"article","og_title":"Proyector Epson Powerlite X41+ Inal\u00e1mbrico Port\u00e1til - IntegralPro","og_description":"# DE PARTE:V11H843021","og_url":"https:\/\/www.integralpro.com.co\/index.php\/producto\/proyector-epson-powerlite-x41-inalambrico-portatil\/","og_site_name":"IntegralPro","article_modified_time":"2021-02-19T19:55:14+00:00","og_image":[{"width":1000,"height":1000,"url":"https:\/\/www.integralpro.com.co\/wp-content\/uploads\/2021\/02\/67fdaed75b28fa59b3406b6c68e5ec62.jpg","type":"image\/jpeg"}],"twitter_card":"summary_large_image","twitter_misc":{"Tiempo de lectura":"1 minuto"},"schema":{"@context":"https:\/\/schema.org","@graph":[{"@type":"WebPage","@id":"https:\/\/www.integralpro.com.co\/index.php\/producto\/proyector-epson-powerlite-x41-inalambrico-portatil\/","url":"https:\/\/www.integralpro.com.co\/index.php\/producto\/proyector-epson-powerlite-x41-inalambrico-portatil\/","name":"Proyector Epson Powerlite X41+ Inal\u00e1mbrico Port\u00e1til - IntegralPro","isPartOf":{"@id":"https:\/\/www.integralpro.com.co\/#website"},"primaryImageOfPage":{"@id":"https:\/\/www.integralpro.com.co\/index.php\/producto\/proyector-epson-powerlite-x41-inalambrico-portatil\/#primaryimage"},"image":{"@id":"https:\/\/www.integralpro.com.co\/index.php\/producto\/proyector-epson-powerlite-x41-inalambrico-portatil\/#primaryimage"},"thumbnailUrl":"https:\/\/www.integralpro.com.co\/wp-content\/uploads\/2021\/02\/67fdaed75b28fa59b3406b6c68e5ec62.jpg","datePublished":"2021-02-19T19:54:40+00:00","dateModified":"2021-02-19T19:55:14+00:00","breadcrumb":{"@id":"https:\/\/www.integralpro.com.co\/index.php\/producto\/proyector-epson-powerlite-x41-inalambrico-portatil\/#breadcrumb"},"inLanguage":"es","potentialAction":[{"@type":"ReadAction","target":["https:\/\/www.integralpro.com.co\/index.php\/producto\/proyector-epson-powerlite-x41-inalambrico-portatil\/"]}]},{"@type":"ImageObject","inLanguage":"es","@id":"https:\/\/www.integralpro.com.co\/index.php\/producto\/proyector-epson-powerlite-x41-inalambrico-portatil\/#primaryimage","url":"https:\/\/www.integralpro.com.co\/wp-content\/uploads\/2021\/02\/67fdaed75b28fa59b3406b6c68e5ec62.jpg","contentUrl":"https:\/\/www.integralpro.com.co\/wp-content\/uploads\/2021\/02\/67fdaed75b28fa59b3406b6c68e5ec62.jpg","width":1000,"height":1000},{"@type":"BreadcrumbList","@id":"https:\/\/www.integralpro.com.co\/index.php\/producto\/proyector-epson-powerlite-x41-inalambrico-portatil\/#breadcrumb","itemListElement":[{"@type":"ListItem","position":1,"name":"Portada","item":"https:\/\/www.integralpro.com.co\/"},{"@type":"ListItem","position":2,"name":"Tienda","item":"https:\/\/www.integralpro.com.co\/index.php\/tienda\/"},{"@type":"ListItem","position":3,"name":"Proyector Epson Powerlite X41+ Inal\u00e1mbrico Port\u00e1til"}]},{"@type":"WebSite","@id":"https:\/\/www.integralpro.com.co\/#website","url":"https:\/\/www.integralpro.com.co\/","name":"IntegralPro","description":"Tienda de Tecnolog\u00eda en L\u00ednea","publisher":{"@id":"https:\/\/www.integralpro.com.co\/#organization"},"potentialAction":[{"@type":"SearchAction","target":{"@type":"EntryPoint","urlTemplate":"https:\/\/www.integralpro.com.co\/?s={search_term_string}"},"query-input":{"@type":"PropertyValueSpecification","valueRequired":true,"valueName":"search_term_string"}}],"inLanguage":"es"},{"@type":"Organization","@id":"https:\/\/www.integralpro.com.co\/#organization","name":"IntegralPro SAS","url":"https:\/\/www.integralpro.com.co\/","logo":{"@type":"ImageObject","inLanguage":"es","@id":"https:\/\/www.integralpro.com.co\/#\/schema\/logo\/image\/","url":"https:\/\/www.integralpro.com.co\/wp-content\/uploads\/2021\/02\/logo-def.jpg","contentUrl":"https:\/\/www.integralpro.com.co\/wp-content\/uploads\/2021\/02\/logo-def.jpg","width":238,"height":234,"caption":"IntegralPro SAS"},"image":{"@id":"https:\/\/www.integralpro.com.co\/#\/schema\/logo\/image\/"}}]}},"_links":{"self":[{"href":"https:\/\/www.integralpro.com.co\/index.php\/wp-json\/wp\/v2\/product\/2277","targetHints":{"allow":["GET"]}}],"collection":[{"href":"https:\/\/www.integralpro.com.co\/index.php\/wp-json\/wp\/v2\/product"}],"about":[{"href":"https:\/\/www.integralpro.com.co\/index.php\/wp-json\/wp\/v2\/types\/product"}],"version-history":[{"count":1,"href":"https:\/\/www.integralpro.com.co\/index.php\/wp-json\/wp\/v2\/product\/2277\/revisions"}],"predecessor-version":[{"id":2341,"href":"https:\/\/www.integralpro.com.co\/index.php\/wp-json\/wp\/v2\/product\/2277\/revisions\/2341"}],"wp:featuredmedia":[{"embeddable":true,"href":"https:\/\/www.integralpro.com.co\/index.php\/wp-json\/wp\/v2\/media\/2340"}],"wp:attachment":[{"href":"https:\/\/www.integralpro.com.co\/index.php\/wp-json\/wp\/v2\/media?parent=2277"}],"wp:term":[{"taxonomy":"product_brand","embeddable":true,"href":"https:\/\/www.integralpro.com.co\/index.php\/wp-json\/wp\/v2\/product_brand?post=2277"},{"taxonomy":"product_cat","embeddable":true,"href":"https:\/\/www.integralpro.com.co\/index.php\/wp-json\/wp\/v2\/product_cat?post=2277"},{"taxonomy":"product_tag","embeddable":true,"href":"https:\/\/www.integralpro.com.co\/index.php\/wp-json\/wp\/v2\/product_tag?post=2277"}],"curies":[{"name":"wp","href":"https:\/\/api.w.org\/{rel}","templated":true}]}}