{"id":2244,"date":"2021-02-19T14:54:17","date_gmt":"2021-02-19T19:54:17","guid":{"rendered":"https:\/\/www.integralpro.com.co\/index.php\/producto\/import-placeholder-for-1210\/"},"modified":"2021-02-19T14:54:57","modified_gmt":"2021-02-19T19:54:57","slug":"pluma-digital-wacom-bamboo-tip-de-punta-fina-azul-recargable","status":"publish","type":"product","link":"https:\/\/www.integralpro.com.co\/index.php\/producto\/pluma-digital-wacom-bamboo-tip-de-punta-fina-azul-recargable\/","title":{"rendered":"Pluma Digital Wacom Bamboo Tip De Punta Fina Azul Recargable"},"content":{"rendered":"<p>Pluma Digital Wacom Bamboo Tip punta fina de 1.9mm reemplazable. Hasta 20 horas de uso Bot\u00f3n de encendido y luz indicadora de encendido \/ apagado. Compatible con dispositivos iOS y Android. Cable micro usb para recargar <br \/>Toma notas y garabatea al contenido de tu coraz\u00f3n con el Bamboo Tip de Wacom . Este l\u00e1piz \u00f3ptico est\u00e1 dise\u00f1ado para dispositivos iOS y Android, y cuenta con una punta delgada de 1.9 mm para detalles precisos. No requiere emparejamiento y su interruptor de compatibilidad optimiza el rendimiento de su dispositivo. Puede durar hasta 20 horas de uso continuo y, cuando la energ\u00eda es baja, rec\u00e1rguela utilizando el cable micro-USB incluido. Adem\u00e1s, tambi\u00e9n puede reemplazar la punta una vez que comience a desgastarse. Para caracter\u00edsticas adicionales, descargue la aplicaci\u00f3n opcional Bamboo Paper para almacenar, dar forma y compartir ideas entre la nube con el servicio Inkspace. <br \/>L\u00e1piz digital de punta fina <br \/>Solo tienes que encender y ponerte a escribir. Bamboo Tip es un l\u00e1piz digital de punta fina con el que podr\u00e1s plasmar tus ideas r\u00e1pidamente en tus dispositivos iPhone, iPad y Android. \u00bfSe te viene una idea a la cabeza y quieres retenerla en tu smartphone o tablet? Con Bamboo Tip ya puedes. Su punta fina te ofrece fidelidad a la hora de tomar notas al vuelo, elaborar listas y esbozar conceptos. As\u00ed puedes centrarte en tus ideas, para asegurarte de que se capturen exactamente como deseas. <br \/>Una punta fina para ideas a\u00fan m\u00e1s finas<br \/>Gracias a su punta fina, se puede ver exactamente d\u00f3nde toca la pantalla el Bamboo Tip: captura tus ideas con una perfecta fidelidad. La punta tiene un grosor de solo 1,9 mm y no marca la pantalla de tu dispositivo. <br \/>Compatibilidad garantizada <\/p>\n<p><strong>Un peque\u00f1o interruptor, pero un gran cambio <\/strong><\/p>\n<p>Para optimizar el rendimiento del l\u00e1piz en tu dispositivo iOS o Android, desliza el peque\u00f1o interruptor lateral a la posici\u00f3n superior en la mayor\u00eda de tablets y a la posici\u00f3n inferior en el iPad Pro. <br \/>Funcionalidad duradera Bamboo Tip est\u00e1 dise\u00f1ado para durar. Si una punta fina se desgasta, puedes reemplazarla f\u00e1cilmente. Un buen aspecto y una sensaci\u00f3n a\u00fan mejor.<br \/>Dise\u00f1ado para un uso diario, los materiales y el dise\u00f1o de alta calidad proporcionan una sensaci\u00f3n c\u00f3moda y equilibrada en la mano. <br \/>Bamboo Paper: convierte tu dispositivo m\u00f3vil en un bloc de notas de papel. <br \/>La aplicaci\u00f3n gratuita Bamboo Paper te ayuda a capturar tus ideas, pensamientos, notas, bosquejos y dibujos de una forma tan directa y sencilla como al usar l\u00e1piz y papel de verdad. <\/p>\n<p><strong>Guarda tus ideas, dales forma y comp\u00e1rtelas <\/strong><\/p>\n<p>Con Inkspace, perfectamente integrada en la aplicaci\u00f3n Bamboo Paper, puedes almacenar hasta 5 GB, acceder y compartir tus archivos de Bamboo Paper en cualquier momento y lugar, y realizar autom\u00e1ticamente copias de seguridad y restauraciones de tu trabajo. <\/p>\n<p><strong>Especificaciones T\u00e9cnicas<\/strong><\/p>\n<p>Dimensiones :&nbsp; 1.2 x 14.2 x 1.2 Cm<br \/>Peso: 0.02 Kg<br \/>Marca: Wacom<br \/>Modelo: Bamboo Tip<br \/>Qu\u00edmica de la bater\u00eda: Pol\u00edmero de iones de litio <br \/>Duraci\u00f3n de la bater\u00eda: 20 horas<br \/>Compatibilidad: Fabricado para dispositivos con pantalla t\u00e1ctil y sistema operativo Apple iOS o Android.many iOS devices: iPad Pro 9.7, 12.9, new iPad Pro 10.5, 12.9 iPad mini, mini 1, 2, 3, 4 iPad Air, Air 2 iPad 3, 4, new iPad iPhone SE, 6, 6 Plus, 6s, 6s Plus, 7 Plus Android smartphones: Samsung Galaxy S6 edge+, S8, S8 plus Nexus 5X, 6P Huawei Mate 9 OPPO R9 Google Pixel Phone Android tablets: Samsung Galaxy Tab A 10.1, Tab S2 9.7 Kindle Fire HD 8 Tablet HTC Nexus 9 <br \/>Tecnolog\u00eda RES (electrost\u00e1tica reflectante)<br \/>Botones: Bot\u00f3n de encendido, interruptor de compatibilidad<br \/>Niveles de presi\u00f3n: No<br \/>Rango de inclinaci\u00f3n: No <br \/>Bluetooth: No<\/p>\n<p><strong>Contenido Del Paquete<\/strong><\/p>\n<p>Pluma Wacom &#8211; Cable micro Usb- Documentaci\u00f3n <\/p>\n","protected":false},"excerpt":{"rendered":"<p># DE PARTE:CS710B<\/p>\n","protected":false},"featured_media":2308,"template":"","meta":{"site-sidebar-layout":"default","site-content-layout":"","ast-site-content-layout":"default","site-content-style":"default","site-sidebar-style":"default","ast-global-header-display":"","ast-banner-title-visibility":"","ast-main-header-display":"","ast-hfb-above-header-display":"","ast-hfb-below-header-display":"","ast-hfb-mobile-header-display":"","site-post-title":"","ast-breadcrumbs-content":"","ast-featured-img":"","footer-sml-layout":"","ast-disable-related-posts":"","theme-transparent-header-meta":"","adv-header-id-meta":"","stick-header-meta":"","header-above-stick-meta":"","header-main-stick-meta":"","header-below-stick-meta":"","astra-migrate-meta-layouts":"default","ast-page-background-enabled":"default","ast-page-background-meta":{"desktop":{"background-color":"var(--ast-global-color-4)","background-image":"","background-repeat":"repeat","background-position":"center center","background-size":"auto","background-attachment":"scroll","background-type":"","background-media":"","overlay-type":"","overlay-color":"","overlay-opacity":"","overlay-gradient":""},"tablet":{"background-color":"","background-image":"","background-repeat":"repeat","background-position":"center center","background-size":"auto","background-attachment":"scroll","background-type":"","background-media":"","overlay-type":"","overlay-color":"","overlay-opacity":"","overlay-gradient":""},"mobile":{"background-color":"","background-image":"","background-repeat":"repeat","background-position":"center center","background-size":"auto","background-attachment":"scroll","background-type":"","background-media":"","overlay-type":"","overlay-color":"","overlay-opacity":"","overlay-gradient":""}},"ast-content-background-meta":{"desktop":{"background-color":"var(--ast-global-color-5)","background-image":"","background-repeat":"repeat","background-position":"center center","background-size":"auto","background-attachment":"scroll","background-type":"","background-media":"","overlay-type":"","overlay-color":"","overlay-opacity":"","overlay-gradient":""},"tablet":{"background-color":"var(--ast-global-color-5)","background-image":"","background-repeat":"repeat","background-position":"center center","background-size":"auto","background-attachment":"scroll","background-type":"","background-media":"","overlay-type":"","overlay-color":"","overlay-opacity":"","overlay-gradient":""},"mobile":{"background-color":"var(--ast-global-color-5)","background-image":"","background-repeat":"repeat","background-position":"center center","background-size":"auto","background-attachment":"scroll","background-type":"","background-media":"","overlay-type":"","overlay-color":"","overlay-opacity":"","overlay-gradient":""}}},"product_brand":[],"product_cat":[49,88],"product_tag":[463],"class_list":{"0":"post-2244","1":"product","2":"type-product","3":"status-publish","4":"has-post-thumbnail","6":"product_cat-accesorios","7":"product_cat-lapices-digitales","8":"product_tag-wakon","9":"desktop-align-left","10":"tablet-align-left","11":"mobile-align-left","13":"first","14":"instock","15":"taxable","16":"shipping-taxable","17":"product-type-simple"},"yoast_head":"<!-- This site is optimized with the Yoast SEO plugin v27.3 - https:\/\/yoast.com\/product\/yoast-seo-wordpress\/ -->\n<title>Pluma Digital Wacom Bamboo Tip De Punta Fina Azul Recargable - IntegralPro<\/title>\n<meta name=\"robots\" content=\"index, follow, max-snippet:-1, max-image-preview:large, max-video-preview:-1\" \/>\n<link rel=\"canonical\" href=\"https:\/\/www.integralpro.com.co\/index.php\/producto\/pluma-digital-wacom-bamboo-tip-de-punta-fina-azul-recargable\/\" \/>\n<meta property=\"og:locale\" content=\"es_ES\" \/>\n<meta property=\"og:type\" content=\"article\" \/>\n<meta property=\"og:title\" content=\"Pluma Digital Wacom Bamboo Tip De Punta Fina Azul Recargable - IntegralPro\" \/>\n<meta property=\"og:description\" content=\"# DE PARTE:CS710B\" \/>\n<meta property=\"og:url\" content=\"https:\/\/www.integralpro.com.co\/index.php\/producto\/pluma-digital-wacom-bamboo-tip-de-punta-fina-azul-recargable\/\" \/>\n<meta property=\"og:site_name\" content=\"IntegralPro\" \/>\n<meta property=\"article:modified_time\" content=\"2021-02-19T19:54:57+00:00\" \/>\n<meta property=\"og:image\" content=\"https:\/\/www.integralpro.com.co\/wp-content\/uploads\/2021\/02\/1ba004f24b26d9f3f9dda993ef27916d.jpg\" \/>\n\t<meta property=\"og:image:width\" content=\"1000\" \/>\n\t<meta property=\"og:image:height\" content=\"1000\" \/>\n\t<meta property=\"og:image:type\" content=\"image\/jpeg\" \/>\n<meta name=\"twitter:card\" content=\"summary_large_image\" \/>\n<meta name=\"twitter:label1\" content=\"Tiempo de lectura\" \/>\n\t<meta name=\"twitter:data1\" content=\"3 minutos\" \/>\n<script type=\"application\/ld+json\" class=\"yoast-schema-graph\">{\"@context\":\"https:\\\/\\\/schema.org\",\"@graph\":[{\"@type\":\"WebPage\",\"@id\":\"https:\\\/\\\/www.integralpro.com.co\\\/index.php\\\/producto\\\/pluma-digital-wacom-bamboo-tip-de-punta-fina-azul-recargable\\\/\",\"url\":\"https:\\\/\\\/www.integralpro.com.co\\\/index.php\\\/producto\\\/pluma-digital-wacom-bamboo-tip-de-punta-fina-azul-recargable\\\/\",\"name\":\"Pluma Digital Wacom Bamboo Tip De Punta Fina Azul Recargable - IntegralPro\",\"isPartOf\":{\"@id\":\"https:\\\/\\\/www.integralpro.com.co\\\/#website\"},\"primaryImageOfPage\":{\"@id\":\"https:\\\/\\\/www.integralpro.com.co\\\/index.php\\\/producto\\\/pluma-digital-wacom-bamboo-tip-de-punta-fina-azul-recargable\\\/#primaryimage\"},\"image\":{\"@id\":\"https:\\\/\\\/www.integralpro.com.co\\\/index.php\\\/producto\\\/pluma-digital-wacom-bamboo-tip-de-punta-fina-azul-recargable\\\/#primaryimage\"},\"thumbnailUrl\":\"https:\\\/\\\/www.integralpro.com.co\\\/wp-content\\\/uploads\\\/2021\\\/02\\\/1ba004f24b26d9f3f9dda993ef27916d.jpg\",\"datePublished\":\"2021-02-19T19:54:17+00:00\",\"dateModified\":\"2021-02-19T19:54:57+00:00\",\"breadcrumb\":{\"@id\":\"https:\\\/\\\/www.integralpro.com.co\\\/index.php\\\/producto\\\/pluma-digital-wacom-bamboo-tip-de-punta-fina-azul-recargable\\\/#breadcrumb\"},\"inLanguage\":\"es\",\"potentialAction\":[{\"@type\":\"ReadAction\",\"target\":[\"https:\\\/\\\/www.integralpro.com.co\\\/index.php\\\/producto\\\/pluma-digital-wacom-bamboo-tip-de-punta-fina-azul-recargable\\\/\"]}]},{\"@type\":\"ImageObject\",\"inLanguage\":\"es\",\"@id\":\"https:\\\/\\\/www.integralpro.com.co\\\/index.php\\\/producto\\\/pluma-digital-wacom-bamboo-tip-de-punta-fina-azul-recargable\\\/#primaryimage\",\"url\":\"https:\\\/\\\/www.integralpro.com.co\\\/wp-content\\\/uploads\\\/2021\\\/02\\\/1ba004f24b26d9f3f9dda993ef27916d.jpg\",\"contentUrl\":\"https:\\\/\\\/www.integralpro.com.co\\\/wp-content\\\/uploads\\\/2021\\\/02\\\/1ba004f24b26d9f3f9dda993ef27916d.jpg\",\"width\":1000,\"height\":1000},{\"@type\":\"BreadcrumbList\",\"@id\":\"https:\\\/\\\/www.integralpro.com.co\\\/index.php\\\/producto\\\/pluma-digital-wacom-bamboo-tip-de-punta-fina-azul-recargable\\\/#breadcrumb\",\"itemListElement\":[{\"@type\":\"ListItem\",\"position\":1,\"name\":\"Portada\",\"item\":\"https:\\\/\\\/www.integralpro.com.co\\\/\"},{\"@type\":\"ListItem\",\"position\":2,\"name\":\"Tienda\",\"item\":\"https:\\\/\\\/www.integralpro.com.co\\\/index.php\\\/tienda\\\/\"},{\"@type\":\"ListItem\",\"position\":3,\"name\":\"Pluma Digital Wacom Bamboo Tip De Punta Fina Azul Recargable\"}]},{\"@type\":\"WebSite\",\"@id\":\"https:\\\/\\\/www.integralpro.com.co\\\/#website\",\"url\":\"https:\\\/\\\/www.integralpro.com.co\\\/\",\"name\":\"IntegralPro\",\"description\":\"Tienda de Tecnolog\u00eda en L\u00ednea\",\"publisher\":{\"@id\":\"https:\\\/\\\/www.integralpro.com.co\\\/#organization\"},\"potentialAction\":[{\"@type\":\"SearchAction\",\"target\":{\"@type\":\"EntryPoint\",\"urlTemplate\":\"https:\\\/\\\/www.integralpro.com.co\\\/?s={search_term_string}\"},\"query-input\":{\"@type\":\"PropertyValueSpecification\",\"valueRequired\":true,\"valueName\":\"search_term_string\"}}],\"inLanguage\":\"es\"},{\"@type\":\"Organization\",\"@id\":\"https:\\\/\\\/www.integralpro.com.co\\\/#organization\",\"name\":\"IntegralPro SAS\",\"url\":\"https:\\\/\\\/www.integralpro.com.co\\\/\",\"logo\":{\"@type\":\"ImageObject\",\"inLanguage\":\"es\",\"@id\":\"https:\\\/\\\/www.integralpro.com.co\\\/#\\\/schema\\\/logo\\\/image\\\/\",\"url\":\"https:\\\/\\\/www.integralpro.com.co\\\/wp-content\\\/uploads\\\/2021\\\/02\\\/logo-def.jpg\",\"contentUrl\":\"https:\\\/\\\/www.integralpro.com.co\\\/wp-content\\\/uploads\\\/2021\\\/02\\\/logo-def.jpg\",\"width\":238,\"height\":234,\"caption\":\"IntegralPro SAS\"},\"image\":{\"@id\":\"https:\\\/\\\/www.integralpro.com.co\\\/#\\\/schema\\\/logo\\\/image\\\/\"}}]}<\/script>\n<!-- \/ Yoast SEO plugin. -->","yoast_head_json":{"title":"Pluma Digital Wacom Bamboo Tip De Punta Fina Azul Recargable - IntegralPro","robots":{"index":"index","follow":"follow","max-snippet":"max-snippet:-1","max-image-preview":"max-image-preview:large","max-video-preview":"max-video-preview:-1"},"canonical":"https:\/\/www.integralpro.com.co\/index.php\/producto\/pluma-digital-wacom-bamboo-tip-de-punta-fina-azul-recargable\/","og_locale":"es_ES","og_type":"article","og_title":"Pluma Digital Wacom Bamboo Tip De Punta Fina Azul Recargable - IntegralPro","og_description":"# DE PARTE:CS710B","og_url":"https:\/\/www.integralpro.com.co\/index.php\/producto\/pluma-digital-wacom-bamboo-tip-de-punta-fina-azul-recargable\/","og_site_name":"IntegralPro","article_modified_time":"2021-02-19T19:54:57+00:00","og_image":[{"width":1000,"height":1000,"url":"https:\/\/www.integralpro.com.co\/wp-content\/uploads\/2021\/02\/1ba004f24b26d9f3f9dda993ef27916d.jpg","type":"image\/jpeg"}],"twitter_card":"summary_large_image","twitter_misc":{"Tiempo de lectura":"3 minutos"},"schema":{"@context":"https:\/\/schema.org","@graph":[{"@type":"WebPage","@id":"https:\/\/www.integralpro.com.co\/index.php\/producto\/pluma-digital-wacom-bamboo-tip-de-punta-fina-azul-recargable\/","url":"https:\/\/www.integralpro.com.co\/index.php\/producto\/pluma-digital-wacom-bamboo-tip-de-punta-fina-azul-recargable\/","name":"Pluma Digital Wacom Bamboo Tip De Punta Fina Azul Recargable - IntegralPro","isPartOf":{"@id":"https:\/\/www.integralpro.com.co\/#website"},"primaryImageOfPage":{"@id":"https:\/\/www.integralpro.com.co\/index.php\/producto\/pluma-digital-wacom-bamboo-tip-de-punta-fina-azul-recargable\/#primaryimage"},"image":{"@id":"https:\/\/www.integralpro.com.co\/index.php\/producto\/pluma-digital-wacom-bamboo-tip-de-punta-fina-azul-recargable\/#primaryimage"},"thumbnailUrl":"https:\/\/www.integralpro.com.co\/wp-content\/uploads\/2021\/02\/1ba004f24b26d9f3f9dda993ef27916d.jpg","datePublished":"2021-02-19T19:54:17+00:00","dateModified":"2021-02-19T19:54:57+00:00","breadcrumb":{"@id":"https:\/\/www.integralpro.com.co\/index.php\/producto\/pluma-digital-wacom-bamboo-tip-de-punta-fina-azul-recargable\/#breadcrumb"},"inLanguage":"es","potentialAction":[{"@type":"ReadAction","target":["https:\/\/www.integralpro.com.co\/index.php\/producto\/pluma-digital-wacom-bamboo-tip-de-punta-fina-azul-recargable\/"]}]},{"@type":"ImageObject","inLanguage":"es","@id":"https:\/\/www.integralpro.com.co\/index.php\/producto\/pluma-digital-wacom-bamboo-tip-de-punta-fina-azul-recargable\/#primaryimage","url":"https:\/\/www.integralpro.com.co\/wp-content\/uploads\/2021\/02\/1ba004f24b26d9f3f9dda993ef27916d.jpg","contentUrl":"https:\/\/www.integralpro.com.co\/wp-content\/uploads\/2021\/02\/1ba004f24b26d9f3f9dda993ef27916d.jpg","width":1000,"height":1000},{"@type":"BreadcrumbList","@id":"https:\/\/www.integralpro.com.co\/index.php\/producto\/pluma-digital-wacom-bamboo-tip-de-punta-fina-azul-recargable\/#breadcrumb","itemListElement":[{"@type":"ListItem","position":1,"name":"Portada","item":"https:\/\/www.integralpro.com.co\/"},{"@type":"ListItem","position":2,"name":"Tienda","item":"https:\/\/www.integralpro.com.co\/index.php\/tienda\/"},{"@type":"ListItem","position":3,"name":"Pluma Digital Wacom Bamboo Tip De Punta Fina Azul Recargable"}]},{"@type":"WebSite","@id":"https:\/\/www.integralpro.com.co\/#website","url":"https:\/\/www.integralpro.com.co\/","name":"IntegralPro","description":"Tienda de Tecnolog\u00eda en L\u00ednea","publisher":{"@id":"https:\/\/www.integralpro.com.co\/#organization"},"potentialAction":[{"@type":"SearchAction","target":{"@type":"EntryPoint","urlTemplate":"https:\/\/www.integralpro.com.co\/?s={search_term_string}"},"query-input":{"@type":"PropertyValueSpecification","valueRequired":true,"valueName":"search_term_string"}}],"inLanguage":"es"},{"@type":"Organization","@id":"https:\/\/www.integralpro.com.co\/#organization","name":"IntegralPro SAS","url":"https:\/\/www.integralpro.com.co\/","logo":{"@type":"ImageObject","inLanguage":"es","@id":"https:\/\/www.integralpro.com.co\/#\/schema\/logo\/image\/","url":"https:\/\/www.integralpro.com.co\/wp-content\/uploads\/2021\/02\/logo-def.jpg","contentUrl":"https:\/\/www.integralpro.com.co\/wp-content\/uploads\/2021\/02\/logo-def.jpg","width":238,"height":234,"caption":"IntegralPro SAS"},"image":{"@id":"https:\/\/www.integralpro.com.co\/#\/schema\/logo\/image\/"}}]}},"_links":{"self":[{"href":"https:\/\/www.integralpro.com.co\/index.php\/wp-json\/wp\/v2\/product\/2244","targetHints":{"allow":["GET"]}}],"collection":[{"href":"https:\/\/www.integralpro.com.co\/index.php\/wp-json\/wp\/v2\/product"}],"about":[{"href":"https:\/\/www.integralpro.com.co\/index.php\/wp-json\/wp\/v2\/types\/product"}],"version-history":[{"count":1,"href":"https:\/\/www.integralpro.com.co\/index.php\/wp-json\/wp\/v2\/product\/2244\/revisions"}],"predecessor-version":[{"id":2309,"href":"https:\/\/www.integralpro.com.co\/index.php\/wp-json\/wp\/v2\/product\/2244\/revisions\/2309"}],"wp:featuredmedia":[{"embeddable":true,"href":"https:\/\/www.integralpro.com.co\/index.php\/wp-json\/wp\/v2\/media\/2308"}],"wp:attachment":[{"href":"https:\/\/www.integralpro.com.co\/index.php\/wp-json\/wp\/v2\/media?parent=2244"}],"wp:term":[{"taxonomy":"product_brand","embeddable":true,"href":"https:\/\/www.integralpro.com.co\/index.php\/wp-json\/wp\/v2\/product_brand?post=2244"},{"taxonomy":"product_cat","embeddable":true,"href":"https:\/\/www.integralpro.com.co\/index.php\/wp-json\/wp\/v2\/product_cat?post=2244"},{"taxonomy":"product_tag","embeddable":true,"href":"https:\/\/www.integralpro.com.co\/index.php\/wp-json\/wp\/v2\/product_tag?post=2244"}],"curies":[{"name":"wp","href":"https:\/\/api.w.org\/{rel}","templated":true}]}}