{"id":2243,"date":"2021-02-19T14:54:17","date_gmt":"2021-02-19T19:54:17","guid":{"rendered":"https:\/\/www.integralpro.com.co\/index.php\/producto\/import-placeholder-for-1209\/"},"modified":"2021-02-19T14:54:55","modified_gmt":"2021-02-19T19:54:55","slug":"pluma-digital-wacom-bamboo-fineline-3-bluetooth-negra","status":"publish","type":"product","link":"https:\/\/www.integralpro.com.co\/index.php\/producto\/pluma-digital-wacom-bamboo-fineline-3-bluetooth-negra\/","title":{"rendered":"Pluma Digital Wacom Bamboo Fineline 3 Bluetooth Negra"},"content":{"rendered":"<p>Pluma Digital Wacom Bamboo Fineline 3 Negra. Bluetooth 4.0. Para Apple \/ iOS \/ Android . Alimentaci\u00f3n: Bater\u00eda. Niveles de presi\u00f3n 1024. Material Aluminio. <br \/>El Bamboo Fineline 3 Stylus de Wacom es un l\u00e1piz inteligente para capturar sus ideas en su iPad o iPhone. Con una punta fina que incluye 1024 niveles de sensibilidad a la presi\u00f3n, la Bamboo Fineline 3 proporciona un rendimiento fluido para tomar notas, escribir a mano, garabatear y navegar en su dispositivo. La punta es retr\u00e1ctil para evitar da\u00f1os y f\u00e1cilmente reemplazable. Su interruptor lateral es programable y las funciones var\u00edan seg\u00fan la aplicaci\u00f3n. Este l\u00e1piz t\u00e1ctil puede ser compatible con otros dispositivos capacitivos de pantalla t\u00e1ctil<\/p>\n<p><strong>Stylus inteligente <\/strong><\/p>\n<p>Nunca pierdas una buena idea. Bamboo Fineline es un l\u00e1piz de punta fina espec\u00edficamente dise\u00f1ado para la escritura natural y la toma de notas en iPad y iPhone. \u00bfM\u00e1s ideas de las que puedes escribir? Use Bamboo Fineline en sus dispositivos t\u00e1ctiles iOS con su aplicaci\u00f3n de toma de notas favorita para escribir, capturar y dar forma a sus ideas. La punta fina, la sensibilidad de presi\u00f3n sensible y el dise\u00f1o ergon\u00f3mico de Bamboo Fineline le brindan esa sensaci\u00f3n natural similar a una pluma. <br \/>Sensaci\u00f3n similar a una pluma natural <br \/>Dibuja diagramas, crea teor\u00edas, redacta cartas. Disfrute de una experiencia de escritura natural y aut\u00e9ntica gracias a la punta fina sensible a la presi\u00f3n de Bamboo Fineline y la sensaci\u00f3n c\u00f3moda en la mano.&nbsp;<\/p>\n<p><strong>Punta de precisi\u00f3n para escribir ideas en iPad y iPhone. <\/strong><\/p>\n<p>Escriba, anote o dibuje ideas con facilidad y precisi\u00f3n en sus dispositivos iOS. Bamboo Fineline tambi\u00e9n funciona con generaciones de iPad m\u00e1s antiguas con Bluetooth\u00ae. <br \/>Proteger la punta con un giro. <br \/>En apagado seguro activa o desactiva tu l\u00ednea de bamb\u00fa con un simple giro. El mecanismo de giro tambi\u00e9n protege la punta fina cuando no est\u00e1 en uso<br \/>Escribe con las principales aplicaciones para tomar notas <br \/>Desata todo el potencial de tus ideas. Combine f\u00e1cilmente Bamboo Fineline con su aplicaci\u00f3n de toma de notas l\u00edder favorita para una poderosa experiencia de escritura digital. El LED indica el emparejamiento y el estado de la bater\u00eda.<\/p>\n<p><strong>Especificaciones T\u00e9cnicas<\/strong><\/p>\n<p>Dimensiones :&nbsp; 1.1 x 14.2 x 1.1 Cm<br \/>Peso: 0.07 Kg<br \/>Marca: Wacom<br \/>Modelo: Bamboo Fineline 3<br \/>Material: Aluminio <br \/>Conectividad: Bluetooth 4.0 <br \/>Niveles de presi\u00f3n :1024 <br \/>Botones: 1 x Interruptor lateral (programable en la aplicaci\u00f3n) <br \/>Compatibilidad: iPad:12.9 \u00ab\u00bbiPad Pro iPad Air 2 iPad Air iPad mini 4 iPad mini 3 iPad <br \/>mini 2 iPad mini iPad (4ta generaci\u00f3n) iPad (3ra generaci\u00f3n) iPad (5ta <br \/>generaci\u00f3n) iPhone: iPhone 6 iPhone 6 Plus iPhone 6s iPhone 6s Plus<br \/>Tipo Pol\u00edmero de i\u00f3n de litio recargable (LiPo)<br \/>Poder 0.65 W<br \/>Capacidad Clasificado: 180 mAh M\u00ednimo: 170 mAh <br \/>Voltaje Nominal: 3.7 V, Corte de descarga: 3.0 V, Carga: 4.2 \u00b1 0.05 V<br \/>El consumo de energ\u00eda 200 mA&nbsp;<\/p>\n<p><strong>Contenido Del Paquete<\/strong><\/p>\n<p>Esfero &#8211; Documentaci\u00f3n<\/p>\n","protected":false},"excerpt":{"rendered":"<p># DE PARTE:CS610CK<\/p>\n","protected":false},"featured_media":2306,"template":"","meta":{"site-sidebar-layout":"default","site-content-layout":"","ast-site-content-layout":"default","site-content-style":"default","site-sidebar-style":"default","ast-global-header-display":"","ast-banner-title-visibility":"","ast-main-header-display":"","ast-hfb-above-header-display":"","ast-hfb-below-header-display":"","ast-hfb-mobile-header-display":"","site-post-title":"","ast-breadcrumbs-content":"","ast-featured-img":"","footer-sml-layout":"","ast-disable-related-posts":"","theme-transparent-header-meta":"","adv-header-id-meta":"","stick-header-meta":"","header-above-stick-meta":"","header-main-stick-meta":"","header-below-stick-meta":"","astra-migrate-meta-layouts":"default","ast-page-background-enabled":"default","ast-page-background-meta":{"desktop":{"background-color":"var(--ast-global-color-4)","background-image":"","background-repeat":"repeat","background-position":"center center","background-size":"auto","background-attachment":"scroll","background-type":"","background-media":"","overlay-type":"","overlay-color":"","overlay-opacity":"","overlay-gradient":""},"tablet":{"background-color":"","background-image":"","background-repeat":"repeat","background-position":"center center","background-size":"auto","background-attachment":"scroll","background-type":"","background-media":"","overlay-type":"","overlay-color":"","overlay-opacity":"","overlay-gradient":""},"mobile":{"background-color":"","background-image":"","background-repeat":"repeat","background-position":"center center","background-size":"auto","background-attachment":"scroll","background-type":"","background-media":"","overlay-type":"","overlay-color":"","overlay-opacity":"","overlay-gradient":""}},"ast-content-background-meta":{"desktop":{"background-color":"var(--ast-global-color-5)","background-image":"","background-repeat":"repeat","background-position":"center center","background-size":"auto","background-attachment":"scroll","background-type":"","background-media":"","overlay-type":"","overlay-color":"","overlay-opacity":"","overlay-gradient":""},"tablet":{"background-color":"var(--ast-global-color-5)","background-image":"","background-repeat":"repeat","background-position":"center center","background-size":"auto","background-attachment":"scroll","background-type":"","background-media":"","overlay-type":"","overlay-color":"","overlay-opacity":"","overlay-gradient":""},"mobile":{"background-color":"var(--ast-global-color-5)","background-image":"","background-repeat":"repeat","background-position":"center center","background-size":"auto","background-attachment":"scroll","background-type":"","background-media":"","overlay-type":"","overlay-color":"","overlay-opacity":"","overlay-gradient":""}}},"product_brand":[],"product_cat":[49,88],"product_tag":[463],"class_list":{"0":"post-2243","1":"product","2":"type-product","3":"status-publish","4":"has-post-thumbnail","6":"product_cat-accesorios","7":"product_cat-lapices-digitales","8":"product_tag-wakon","9":"desktop-align-left","10":"tablet-align-left","11":"mobile-align-left","13":"first","14":"instock","15":"taxable","16":"shipping-taxable","17":"product-type-simple"},"yoast_head":"<!-- This site is optimized with the Yoast SEO plugin v27.3 - https:\/\/yoast.com\/product\/yoast-seo-wordpress\/ -->\n<title>Pluma Digital Wacom Bamboo Fineline 3 Bluetooth Negra - IntegralPro<\/title>\n<meta name=\"robots\" content=\"index, follow, max-snippet:-1, max-image-preview:large, max-video-preview:-1\" \/>\n<link rel=\"canonical\" href=\"https:\/\/www.integralpro.com.co\/index.php\/producto\/pluma-digital-wacom-bamboo-fineline-3-bluetooth-negra\/\" \/>\n<meta property=\"og:locale\" content=\"es_ES\" \/>\n<meta property=\"og:type\" content=\"article\" \/>\n<meta property=\"og:title\" content=\"Pluma Digital Wacom Bamboo Fineline 3 Bluetooth Negra - IntegralPro\" \/>\n<meta property=\"og:description\" content=\"# DE PARTE:CS610CK\" \/>\n<meta property=\"og:url\" content=\"https:\/\/www.integralpro.com.co\/index.php\/producto\/pluma-digital-wacom-bamboo-fineline-3-bluetooth-negra\/\" \/>\n<meta property=\"og:site_name\" content=\"IntegralPro\" \/>\n<meta property=\"article:modified_time\" content=\"2021-02-19T19:54:55+00:00\" \/>\n<meta property=\"og:image\" content=\"https:\/\/www.integralpro.com.co\/wp-content\/uploads\/2021\/02\/846943e6423cb89935884db35d7eef25.jpg\" \/>\n\t<meta property=\"og:image:width\" content=\"1000\" \/>\n\t<meta property=\"og:image:height\" content=\"1000\" \/>\n\t<meta property=\"og:image:type\" content=\"image\/jpeg\" \/>\n<meta name=\"twitter:card\" content=\"summary_large_image\" \/>\n<meta name=\"twitter:label1\" content=\"Tiempo de lectura\" \/>\n\t<meta name=\"twitter:data1\" content=\"2 minutos\" \/>\n<script type=\"application\/ld+json\" class=\"yoast-schema-graph\">{\"@context\":\"https:\\\/\\\/schema.org\",\"@graph\":[{\"@type\":\"WebPage\",\"@id\":\"https:\\\/\\\/www.integralpro.com.co\\\/index.php\\\/producto\\\/pluma-digital-wacom-bamboo-fineline-3-bluetooth-negra\\\/\",\"url\":\"https:\\\/\\\/www.integralpro.com.co\\\/index.php\\\/producto\\\/pluma-digital-wacom-bamboo-fineline-3-bluetooth-negra\\\/\",\"name\":\"Pluma Digital Wacom Bamboo Fineline 3 Bluetooth Negra - IntegralPro\",\"isPartOf\":{\"@id\":\"https:\\\/\\\/www.integralpro.com.co\\\/#website\"},\"primaryImageOfPage\":{\"@id\":\"https:\\\/\\\/www.integralpro.com.co\\\/index.php\\\/producto\\\/pluma-digital-wacom-bamboo-fineline-3-bluetooth-negra\\\/#primaryimage\"},\"image\":{\"@id\":\"https:\\\/\\\/www.integralpro.com.co\\\/index.php\\\/producto\\\/pluma-digital-wacom-bamboo-fineline-3-bluetooth-negra\\\/#primaryimage\"},\"thumbnailUrl\":\"https:\\\/\\\/www.integralpro.com.co\\\/wp-content\\\/uploads\\\/2021\\\/02\\\/846943e6423cb89935884db35d7eef25.jpg\",\"datePublished\":\"2021-02-19T19:54:17+00:00\",\"dateModified\":\"2021-02-19T19:54:55+00:00\",\"breadcrumb\":{\"@id\":\"https:\\\/\\\/www.integralpro.com.co\\\/index.php\\\/producto\\\/pluma-digital-wacom-bamboo-fineline-3-bluetooth-negra\\\/#breadcrumb\"},\"inLanguage\":\"es\",\"potentialAction\":[{\"@type\":\"ReadAction\",\"target\":[\"https:\\\/\\\/www.integralpro.com.co\\\/index.php\\\/producto\\\/pluma-digital-wacom-bamboo-fineline-3-bluetooth-negra\\\/\"]}]},{\"@type\":\"ImageObject\",\"inLanguage\":\"es\",\"@id\":\"https:\\\/\\\/www.integralpro.com.co\\\/index.php\\\/producto\\\/pluma-digital-wacom-bamboo-fineline-3-bluetooth-negra\\\/#primaryimage\",\"url\":\"https:\\\/\\\/www.integralpro.com.co\\\/wp-content\\\/uploads\\\/2021\\\/02\\\/846943e6423cb89935884db35d7eef25.jpg\",\"contentUrl\":\"https:\\\/\\\/www.integralpro.com.co\\\/wp-content\\\/uploads\\\/2021\\\/02\\\/846943e6423cb89935884db35d7eef25.jpg\",\"width\":1000,\"height\":1000},{\"@type\":\"BreadcrumbList\",\"@id\":\"https:\\\/\\\/www.integralpro.com.co\\\/index.php\\\/producto\\\/pluma-digital-wacom-bamboo-fineline-3-bluetooth-negra\\\/#breadcrumb\",\"itemListElement\":[{\"@type\":\"ListItem\",\"position\":1,\"name\":\"Portada\",\"item\":\"https:\\\/\\\/www.integralpro.com.co\\\/\"},{\"@type\":\"ListItem\",\"position\":2,\"name\":\"Tienda\",\"item\":\"https:\\\/\\\/www.integralpro.com.co\\\/index.php\\\/tienda\\\/\"},{\"@type\":\"ListItem\",\"position\":3,\"name\":\"Pluma Digital Wacom Bamboo Fineline 3 Bluetooth Negra\"}]},{\"@type\":\"WebSite\",\"@id\":\"https:\\\/\\\/www.integralpro.com.co\\\/#website\",\"url\":\"https:\\\/\\\/www.integralpro.com.co\\\/\",\"name\":\"IntegralPro\",\"description\":\"Tienda de Tecnolog\u00eda en L\u00ednea\",\"publisher\":{\"@id\":\"https:\\\/\\\/www.integralpro.com.co\\\/#organization\"},\"potentialAction\":[{\"@type\":\"SearchAction\",\"target\":{\"@type\":\"EntryPoint\",\"urlTemplate\":\"https:\\\/\\\/www.integralpro.com.co\\\/?s={search_term_string}\"},\"query-input\":{\"@type\":\"PropertyValueSpecification\",\"valueRequired\":true,\"valueName\":\"search_term_string\"}}],\"inLanguage\":\"es\"},{\"@type\":\"Organization\",\"@id\":\"https:\\\/\\\/www.integralpro.com.co\\\/#organization\",\"name\":\"IntegralPro SAS\",\"url\":\"https:\\\/\\\/www.integralpro.com.co\\\/\",\"logo\":{\"@type\":\"ImageObject\",\"inLanguage\":\"es\",\"@id\":\"https:\\\/\\\/www.integralpro.com.co\\\/#\\\/schema\\\/logo\\\/image\\\/\",\"url\":\"https:\\\/\\\/www.integralpro.com.co\\\/wp-content\\\/uploads\\\/2021\\\/02\\\/logo-def.jpg\",\"contentUrl\":\"https:\\\/\\\/www.integralpro.com.co\\\/wp-content\\\/uploads\\\/2021\\\/02\\\/logo-def.jpg\",\"width\":238,\"height\":234,\"caption\":\"IntegralPro SAS\"},\"image\":{\"@id\":\"https:\\\/\\\/www.integralpro.com.co\\\/#\\\/schema\\\/logo\\\/image\\\/\"}}]}<\/script>\n<!-- \/ Yoast SEO plugin. -->","yoast_head_json":{"title":"Pluma Digital Wacom Bamboo Fineline 3 Bluetooth Negra - IntegralPro","robots":{"index":"index","follow":"follow","max-snippet":"max-snippet:-1","max-image-preview":"max-image-preview:large","max-video-preview":"max-video-preview:-1"},"canonical":"https:\/\/www.integralpro.com.co\/index.php\/producto\/pluma-digital-wacom-bamboo-fineline-3-bluetooth-negra\/","og_locale":"es_ES","og_type":"article","og_title":"Pluma Digital Wacom Bamboo Fineline 3 Bluetooth Negra - IntegralPro","og_description":"# DE PARTE:CS610CK","og_url":"https:\/\/www.integralpro.com.co\/index.php\/producto\/pluma-digital-wacom-bamboo-fineline-3-bluetooth-negra\/","og_site_name":"IntegralPro","article_modified_time":"2021-02-19T19:54:55+00:00","og_image":[{"width":1000,"height":1000,"url":"https:\/\/www.integralpro.com.co\/wp-content\/uploads\/2021\/02\/846943e6423cb89935884db35d7eef25.jpg","type":"image\/jpeg"}],"twitter_card":"summary_large_image","twitter_misc":{"Tiempo de lectura":"2 minutos"},"schema":{"@context":"https:\/\/schema.org","@graph":[{"@type":"WebPage","@id":"https:\/\/www.integralpro.com.co\/index.php\/producto\/pluma-digital-wacom-bamboo-fineline-3-bluetooth-negra\/","url":"https:\/\/www.integralpro.com.co\/index.php\/producto\/pluma-digital-wacom-bamboo-fineline-3-bluetooth-negra\/","name":"Pluma Digital Wacom Bamboo Fineline 3 Bluetooth Negra - IntegralPro","isPartOf":{"@id":"https:\/\/www.integralpro.com.co\/#website"},"primaryImageOfPage":{"@id":"https:\/\/www.integralpro.com.co\/index.php\/producto\/pluma-digital-wacom-bamboo-fineline-3-bluetooth-negra\/#primaryimage"},"image":{"@id":"https:\/\/www.integralpro.com.co\/index.php\/producto\/pluma-digital-wacom-bamboo-fineline-3-bluetooth-negra\/#primaryimage"},"thumbnailUrl":"https:\/\/www.integralpro.com.co\/wp-content\/uploads\/2021\/02\/846943e6423cb89935884db35d7eef25.jpg","datePublished":"2021-02-19T19:54:17+00:00","dateModified":"2021-02-19T19:54:55+00:00","breadcrumb":{"@id":"https:\/\/www.integralpro.com.co\/index.php\/producto\/pluma-digital-wacom-bamboo-fineline-3-bluetooth-negra\/#breadcrumb"},"inLanguage":"es","potentialAction":[{"@type":"ReadAction","target":["https:\/\/www.integralpro.com.co\/index.php\/producto\/pluma-digital-wacom-bamboo-fineline-3-bluetooth-negra\/"]}]},{"@type":"ImageObject","inLanguage":"es","@id":"https:\/\/www.integralpro.com.co\/index.php\/producto\/pluma-digital-wacom-bamboo-fineline-3-bluetooth-negra\/#primaryimage","url":"https:\/\/www.integralpro.com.co\/wp-content\/uploads\/2021\/02\/846943e6423cb89935884db35d7eef25.jpg","contentUrl":"https:\/\/www.integralpro.com.co\/wp-content\/uploads\/2021\/02\/846943e6423cb89935884db35d7eef25.jpg","width":1000,"height":1000},{"@type":"BreadcrumbList","@id":"https:\/\/www.integralpro.com.co\/index.php\/producto\/pluma-digital-wacom-bamboo-fineline-3-bluetooth-negra\/#breadcrumb","itemListElement":[{"@type":"ListItem","position":1,"name":"Portada","item":"https:\/\/www.integralpro.com.co\/"},{"@type":"ListItem","position":2,"name":"Tienda","item":"https:\/\/www.integralpro.com.co\/index.php\/tienda\/"},{"@type":"ListItem","position":3,"name":"Pluma Digital Wacom Bamboo Fineline 3 Bluetooth Negra"}]},{"@type":"WebSite","@id":"https:\/\/www.integralpro.com.co\/#website","url":"https:\/\/www.integralpro.com.co\/","name":"IntegralPro","description":"Tienda de Tecnolog\u00eda en L\u00ednea","publisher":{"@id":"https:\/\/www.integralpro.com.co\/#organization"},"potentialAction":[{"@type":"SearchAction","target":{"@type":"EntryPoint","urlTemplate":"https:\/\/www.integralpro.com.co\/?s={search_term_string}"},"query-input":{"@type":"PropertyValueSpecification","valueRequired":true,"valueName":"search_term_string"}}],"inLanguage":"es"},{"@type":"Organization","@id":"https:\/\/www.integralpro.com.co\/#organization","name":"IntegralPro SAS","url":"https:\/\/www.integralpro.com.co\/","logo":{"@type":"ImageObject","inLanguage":"es","@id":"https:\/\/www.integralpro.com.co\/#\/schema\/logo\/image\/","url":"https:\/\/www.integralpro.com.co\/wp-content\/uploads\/2021\/02\/logo-def.jpg","contentUrl":"https:\/\/www.integralpro.com.co\/wp-content\/uploads\/2021\/02\/logo-def.jpg","width":238,"height":234,"caption":"IntegralPro SAS"},"image":{"@id":"https:\/\/www.integralpro.com.co\/#\/schema\/logo\/image\/"}}]}},"_links":{"self":[{"href":"https:\/\/www.integralpro.com.co\/index.php\/wp-json\/wp\/v2\/product\/2243","targetHints":{"allow":["GET"]}}],"collection":[{"href":"https:\/\/www.integralpro.com.co\/index.php\/wp-json\/wp\/v2\/product"}],"about":[{"href":"https:\/\/www.integralpro.com.co\/index.php\/wp-json\/wp\/v2\/types\/product"}],"version-history":[{"count":1,"href":"https:\/\/www.integralpro.com.co\/index.php\/wp-json\/wp\/v2\/product\/2243\/revisions"}],"predecessor-version":[{"id":2307,"href":"https:\/\/www.integralpro.com.co\/index.php\/wp-json\/wp\/v2\/product\/2243\/revisions\/2307"}],"wp:featuredmedia":[{"embeddable":true,"href":"https:\/\/www.integralpro.com.co\/index.php\/wp-json\/wp\/v2\/media\/2306"}],"wp:attachment":[{"href":"https:\/\/www.integralpro.com.co\/index.php\/wp-json\/wp\/v2\/media?parent=2243"}],"wp:term":[{"taxonomy":"product_brand","embeddable":true,"href":"https:\/\/www.integralpro.com.co\/index.php\/wp-json\/wp\/v2\/product_brand?post=2243"},{"taxonomy":"product_cat","embeddable":true,"href":"https:\/\/www.integralpro.com.co\/index.php\/wp-json\/wp\/v2\/product_cat?post=2243"},{"taxonomy":"product_tag","embeddable":true,"href":"https:\/\/www.integralpro.com.co\/index.php\/wp-json\/wp\/v2\/product_tag?post=2243"}],"curies":[{"name":"wp","href":"https:\/\/api.w.org\/{rel}","templated":true}]}}