{"id":2242,"date":"2021-02-19T14:54:17","date_gmt":"2021-02-19T19:54:17","guid":{"rendered":"https:\/\/www.integralpro.com.co\/index.php\/producto\/import-placeholder-for-1208\/"},"modified":"2021-02-19T14:54:54","modified_gmt":"2021-02-19T19:54:54","slug":"impresora-epson-tmt20ii-usb-200mms-termica-directa-negro","status":"publish","type":"product","link":"https:\/\/www.integralpro.com.co\/index.php\/producto\/impresora-epson-tmt20ii-usb-200mms-termica-directa-negro\/","title":{"rendered":"Impresora Epson Tmt20Ii Usb 200Mms Termica Directa Negro"},"content":{"rendered":"<p>Impresora Epson TMT20II. Velocidad de impresi\u00f3n de hasta 200 mm\/s. Tipo de impresi\u00f3n: t\u00e9rmica Directa . Ancho del papel: 80mm . Puerto: USB \u2013 Serial. Color de impresi\u00f3n: Negro <br \/>La impresora Epson TM-T20II es la soluci\u00f3n econ\u00f3mica, eficiente e ideal para el comercio de las peque\u00f1as y medianas empresas. Con esta impresora t\u00e9rmica, imprime textos y gr\u00e1ficos en recibos a velocidades de hasta 200 mm\/s, as\u00ed como logotipos, cupones y c\u00f3digos de barras de forma n\u00edtida y clara. Aprovecha las caracter\u00edsticas que facilitan su uso, como la carga r\u00e1pida de papel, el cortador autom\u00e1tico, y los indicadores LED. Y con las opciones para reducir el consumo de papel en un 30%, y un promedio de horas antes de la falla de 360.000 horas, tendr\u00e1s la excelente confiabilidad que esperas de una impresora Epson.<br \/>Ideal para clientes con bajo volumen de transacciones de TPV, la impresora t\u00e9rmica Point-of-Sale (POS) TM-T20II de Epson, es econ\u00f3mica y eficiente en energ\u00eda, adem\u00e1s es ideal para tiendas minoristas de bajo volumen, servicio de comidas y aplicaciones de terminales virtuales .Ofrece recibos r\u00e1pidos, alta confiabilidad y caracter\u00edsticas f\u00e1ciles de usar. Adem\u00e1s, tiene opciones de ahorro de papel que pueden reducir el uso de papel hasta un 30%. <\/p>\n<p><\/p>\n<p><strong>Velocidad de impresi\u00f3n <\/strong><\/p>\n<p><\/p>\n<p>Con una alta velocidad de impresi\u00f3n y con funciones de ahorro en costes, la TM-T20II es una impresora ideal para cualquier punto de venta. Te brinda una velocidad de impresi\u00f3n de hasta 200 mm\/s (5.91 pulg\/s). Imprime logotipos, cupones y c\u00f3digos de barras en forma n\u00edtida y muy clara.<\/p>\n<p><\/p>\n<p><strong>Distintas opciones de instalaci\u00f3n <\/strong><\/p>\n<p><\/p>\n<p>Distintas opciones de instalaci\u00f3n para mayor comodidad. Puede ser instalado de forma horizontal, vertical en el mostrador o vertical en la pared con un soporte. <\/p>\n<p><\/p>\n<p><strong>Especificaciones T\u00e9cnicas<\/strong><\/p>\n<p><\/p>\n<p>Dimensiones :&nbsp; 14 x 14.6 x 19.9 Cm<\/p>\n<p>Peso: 1.7 Kg<\/p>\n<p>Marca: Epson<\/p>\n<p>Modelo: TMT20II<\/p>\n<p>M\u00e9todo de impresi\u00f3n:<\/p>\n<p>Impresi\u00f3n t\u00e9rmica de l\u00edneas<\/p>\n<p>Velocidad de impresi\u00f3n: <br \/>200 mm\/s gr\u00e1ficos y texto<\/p>\n<p>203 ppp x 203 ppp de densidad<\/p>\n<p>Fuentes de impresi\u00f3n:<br \/>9 x 17 y 12 x 24 caracteres (ancho x altura)<\/p>\n<p>Capacidad de las columnas<br \/>Est\u00e1ndar:<\/p>\n<p>Papel de 80 mm de ancho: 48 \/ 64<\/p>\n<p>Papel de 58 mm de ancho: 35 \/ 46<\/p>\n<p>Modo de 42 columnas:<\/p>\n<p>Papel de 80 mm de ancho: 42 \/ 60Papel de 58 mm de ancho: 42 \/ 31<\/p>\n<p>Tama\u00f1o de los caracteres:<br \/>0.88 x 2.13 mm y 1.25 x 3 mm (ancho x altura)<\/p>\n<p>Set de caracteres:<br \/>95 alfanum\u00e9rico, 18 set internacional, 128 x 43 gr\u00e1fico<\/p>\n<p>C\u00f3digo de barras: <br \/>UPC-A, UPC-E, JAN13 (EAN13), JAN8 (EAN), CODE39, ITF, CODABAR (NW-7), CODE93, CODE128, GS1-128, GS1 DataBar. C\u00f3digo bidimensional: PDF417, QRCode, MaxiCode, 2D GS1 DataBar, Simbolog\u00eda compuesta<\/p>\n<p>Caracteres por pulgada:<\/p>\n<p>22.6 y 16.9<\/p>\n<p>Dimensiones del papel<br \/>80 mm: di\u00e1metro de 79,5 \u00b1 0,5 (ancho) x 83 mm (3.13&#8243; \u00b1 0.02&#8243; x 3.27&#8243;)<\/p>\n<p>58 mm: di\u00e1metro de 57,5 \u00b1 0,5 (ancho) x 83 mm (2.26&#8243; \u00b1 0.02&#8243; x 3.27&#8243;)<\/p>\n<p>Confiabilidad <br \/>Tiempo medio antes de fallas: 360.000 horas<\/p>\n<p>Ciclo medio antes de fallas: 60.000.000 l\u00edneas<\/p>\n<p>Cortador autom\u00e1tico: 1.5 millones de cortes<\/p>\n<p>Interfaces<\/p>\n<p>USB + serial o USB + Ethernet<\/p>\n<p>Energ\u00eda <br \/>100 \u2013 240 VCA, 50\/60 Hz<\/p>\n<p>Consumo de energ\u00eda<br \/>1.8A<\/p>\n<p>Fuente de poder<\/p>\n<p>Externa (Cable AC Incluido)<\/p>\n<p>Funci\u00f3n caj\u00f3n de dinero (D.K.D.)<br \/>2 controladores<\/p>\n<p>Est\u00e1ndares de seguridad <br \/>UL\/CSA\/EN\/TUV\/GOST-R<\/p>\n<p><\/p>\n<p><strong>Contenido Del Paquete<\/strong><\/p>\n<p><\/p>\n<p>Impresora &#8211; Papel t\u00e9rmico en rollo (rollo inicial para control del funcionamiento) &#8211; Cable USB (solo USB en versi\u00f3n USB con serial) &#8211; Cable de CA Gu\u00eda de configuraci\u00f3n CD (incluye el manual del usuario, el manual t\u00e9cnico y los controladores) &#8211; Documentaci\u00f3n <\/p>\n","protected":false},"excerpt":{"rendered":"<p># DE PARTE:C31CD52062<\/p>\n","protected":false},"featured_media":2304,"template":"","meta":{"site-sidebar-layout":"default","site-content-layout":"","ast-site-content-layout":"default","site-content-style":"default","site-sidebar-style":"default","ast-global-header-display":"","ast-banner-title-visibility":"","ast-main-header-display":"","ast-hfb-above-header-display":"","ast-hfb-below-header-display":"","ast-hfb-mobile-header-display":"","site-post-title":"","ast-breadcrumbs-content":"","ast-featured-img":"","footer-sml-layout":"","ast-disable-related-posts":"","theme-transparent-header-meta":"","adv-header-id-meta":"","stick-header-meta":"","header-above-stick-meta":"","header-main-stick-meta":"","header-below-stick-meta":"","astra-migrate-meta-layouts":"default","ast-page-background-enabled":"default","ast-page-background-meta":{"desktop":{"background-color":"var(--ast-global-color-4)","background-image":"","background-repeat":"repeat","background-position":"center center","background-size":"auto","background-attachment":"scroll","background-type":"","background-media":"","overlay-type":"","overlay-color":"","overlay-opacity":"","overlay-gradient":""},"tablet":{"background-color":"","background-image":"","background-repeat":"repeat","background-position":"center center","background-size":"auto","background-attachment":"scroll","background-type":"","background-media":"","overlay-type":"","overlay-color":"","overlay-opacity":"","overlay-gradient":""},"mobile":{"background-color":"","background-image":"","background-repeat":"repeat","background-position":"center center","background-size":"auto","background-attachment":"scroll","background-type":"","background-media":"","overlay-type":"","overlay-color":"","overlay-opacity":"","overlay-gradient":""}},"ast-content-background-meta":{"desktop":{"background-color":"var(--ast-global-color-5)","background-image":"","background-repeat":"repeat","background-position":"center center","background-size":"auto","background-attachment":"scroll","background-type":"","background-media":"","overlay-type":"","overlay-color":"","overlay-opacity":"","overlay-gradient":""},"tablet":{"background-color":"var(--ast-global-color-5)","background-image":"","background-repeat":"repeat","background-position":"center center","background-size":"auto","background-attachment":"scroll","background-type":"","background-media":"","overlay-type":"","overlay-color":"","overlay-opacity":"","overlay-gradient":""},"mobile":{"background-color":"var(--ast-global-color-5)","background-image":"","background-repeat":"repeat","background-position":"center center","background-size":"auto","background-attachment":"scroll","background-type":"","background-media":"","overlay-type":"","overlay-color":"","overlay-opacity":"","overlay-gradient":""}}},"product_brand":[],"product_cat":[57],"product_tag":[40],"class_list":{"0":"post-2242","1":"product","2":"type-product","3":"status-publish","4":"has-post-thumbnail","6":"product_cat-impresoras-y-suministros","7":"product_tag-epson","8":"desktop-align-left","9":"tablet-align-left","10":"mobile-align-left","12":"first","13":"instock","14":"taxable","15":"shipping-taxable","16":"product-type-simple"},"yoast_head":"<!-- This site is optimized with the Yoast SEO plugin v27.4 - https:\/\/yoast.com\/product\/yoast-seo-wordpress\/ -->\n<title>Impresora Epson Tmt20Ii Usb 200Mms Termica Directa Negro - IntegralPro<\/title>\n<meta name=\"robots\" content=\"index, follow, max-snippet:-1, max-image-preview:large, max-video-preview:-1\" \/>\n<link rel=\"canonical\" href=\"https:\/\/www.integralpro.com.co\/index.php\/producto\/impresora-epson-tmt20ii-usb-200mms-termica-directa-negro\/\" \/>\n<meta property=\"og:locale\" content=\"es_ES\" \/>\n<meta property=\"og:type\" content=\"article\" \/>\n<meta property=\"og:title\" content=\"Impresora Epson Tmt20Ii Usb 200Mms Termica Directa Negro - IntegralPro\" \/>\n<meta property=\"og:description\" content=\"# DE PARTE:C31CD52062\" \/>\n<meta property=\"og:url\" content=\"https:\/\/www.integralpro.com.co\/index.php\/producto\/impresora-epson-tmt20ii-usb-200mms-termica-directa-negro\/\" \/>\n<meta property=\"og:site_name\" content=\"IntegralPro\" \/>\n<meta property=\"article:modified_time\" content=\"2021-02-19T19:54:54+00:00\" \/>\n<meta property=\"og:image\" content=\"https:\/\/www.integralpro.com.co\/wp-content\/uploads\/2021\/02\/527d98c798f9967266776b575db48c37.jpg\" \/>\n\t<meta property=\"og:image:width\" content=\"1000\" \/>\n\t<meta property=\"og:image:height\" content=\"1000\" \/>\n\t<meta property=\"og:image:type\" content=\"image\/jpeg\" \/>\n<meta name=\"twitter:card\" content=\"summary_large_image\" \/>\n<meta name=\"twitter:label1\" content=\"Tiempo de lectura\" \/>\n\t<meta name=\"twitter:data1\" content=\"3 minutos\" \/>\n<script type=\"application\/ld+json\" class=\"yoast-schema-graph\">{\"@context\":\"https:\\\/\\\/schema.org\",\"@graph\":[{\"@type\":\"WebPage\",\"@id\":\"https:\\\/\\\/www.integralpro.com.co\\\/index.php\\\/producto\\\/impresora-epson-tmt20ii-usb-200mms-termica-directa-negro\\\/\",\"url\":\"https:\\\/\\\/www.integralpro.com.co\\\/index.php\\\/producto\\\/impresora-epson-tmt20ii-usb-200mms-termica-directa-negro\\\/\",\"name\":\"Impresora Epson Tmt20Ii Usb 200Mms Termica Directa Negro - IntegralPro\",\"isPartOf\":{\"@id\":\"https:\\\/\\\/www.integralpro.com.co\\\/#website\"},\"primaryImageOfPage\":{\"@id\":\"https:\\\/\\\/www.integralpro.com.co\\\/index.php\\\/producto\\\/impresora-epson-tmt20ii-usb-200mms-termica-directa-negro\\\/#primaryimage\"},\"image\":{\"@id\":\"https:\\\/\\\/www.integralpro.com.co\\\/index.php\\\/producto\\\/impresora-epson-tmt20ii-usb-200mms-termica-directa-negro\\\/#primaryimage\"},\"thumbnailUrl\":\"https:\\\/\\\/www.integralpro.com.co\\\/wp-content\\\/uploads\\\/2021\\\/02\\\/527d98c798f9967266776b575db48c37.jpg\",\"datePublished\":\"2021-02-19T19:54:17+00:00\",\"dateModified\":\"2021-02-19T19:54:54+00:00\",\"breadcrumb\":{\"@id\":\"https:\\\/\\\/www.integralpro.com.co\\\/index.php\\\/producto\\\/impresora-epson-tmt20ii-usb-200mms-termica-directa-negro\\\/#breadcrumb\"},\"inLanguage\":\"es\",\"potentialAction\":[{\"@type\":\"ReadAction\",\"target\":[\"https:\\\/\\\/www.integralpro.com.co\\\/index.php\\\/producto\\\/impresora-epson-tmt20ii-usb-200mms-termica-directa-negro\\\/\"]}]},{\"@type\":\"ImageObject\",\"inLanguage\":\"es\",\"@id\":\"https:\\\/\\\/www.integralpro.com.co\\\/index.php\\\/producto\\\/impresora-epson-tmt20ii-usb-200mms-termica-directa-negro\\\/#primaryimage\",\"url\":\"https:\\\/\\\/www.integralpro.com.co\\\/wp-content\\\/uploads\\\/2021\\\/02\\\/527d98c798f9967266776b575db48c37.jpg\",\"contentUrl\":\"https:\\\/\\\/www.integralpro.com.co\\\/wp-content\\\/uploads\\\/2021\\\/02\\\/527d98c798f9967266776b575db48c37.jpg\",\"width\":1000,\"height\":1000},{\"@type\":\"BreadcrumbList\",\"@id\":\"https:\\\/\\\/www.integralpro.com.co\\\/index.php\\\/producto\\\/impresora-epson-tmt20ii-usb-200mms-termica-directa-negro\\\/#breadcrumb\",\"itemListElement\":[{\"@type\":\"ListItem\",\"position\":1,\"name\":\"Portada\",\"item\":\"https:\\\/\\\/www.integralpro.com.co\\\/\"},{\"@type\":\"ListItem\",\"position\":2,\"name\":\"Tienda\",\"item\":\"https:\\\/\\\/www.integralpro.com.co\\\/index.php\\\/tienda\\\/\"},{\"@type\":\"ListItem\",\"position\":3,\"name\":\"Impresora Epson Tmt20Ii Usb 200Mms Termica Directa Negro\"}]},{\"@type\":\"WebSite\",\"@id\":\"https:\\\/\\\/www.integralpro.com.co\\\/#website\",\"url\":\"https:\\\/\\\/www.integralpro.com.co\\\/\",\"name\":\"IntegralPro\",\"description\":\"Tienda de Tecnolog\u00eda en L\u00ednea\",\"publisher\":{\"@id\":\"https:\\\/\\\/www.integralpro.com.co\\\/#organization\"},\"potentialAction\":[{\"@type\":\"SearchAction\",\"target\":{\"@type\":\"EntryPoint\",\"urlTemplate\":\"https:\\\/\\\/www.integralpro.com.co\\\/?s={search_term_string}\"},\"query-input\":{\"@type\":\"PropertyValueSpecification\",\"valueRequired\":true,\"valueName\":\"search_term_string\"}}],\"inLanguage\":\"es\"},{\"@type\":\"Organization\",\"@id\":\"https:\\\/\\\/www.integralpro.com.co\\\/#organization\",\"name\":\"IntegralPro SAS\",\"url\":\"https:\\\/\\\/www.integralpro.com.co\\\/\",\"logo\":{\"@type\":\"ImageObject\",\"inLanguage\":\"es\",\"@id\":\"https:\\\/\\\/www.integralpro.com.co\\\/#\\\/schema\\\/logo\\\/image\\\/\",\"url\":\"https:\\\/\\\/www.integralpro.com.co\\\/wp-content\\\/uploads\\\/2021\\\/02\\\/logo-def.jpg\",\"contentUrl\":\"https:\\\/\\\/www.integralpro.com.co\\\/wp-content\\\/uploads\\\/2021\\\/02\\\/logo-def.jpg\",\"width\":238,\"height\":234,\"caption\":\"IntegralPro SAS\"},\"image\":{\"@id\":\"https:\\\/\\\/www.integralpro.com.co\\\/#\\\/schema\\\/logo\\\/image\\\/\"}}]}<\/script>\n<!-- \/ Yoast SEO plugin. -->","yoast_head_json":{"title":"Impresora Epson Tmt20Ii Usb 200Mms Termica Directa Negro - IntegralPro","robots":{"index":"index","follow":"follow","max-snippet":"max-snippet:-1","max-image-preview":"max-image-preview:large","max-video-preview":"max-video-preview:-1"},"canonical":"https:\/\/www.integralpro.com.co\/index.php\/producto\/impresora-epson-tmt20ii-usb-200mms-termica-directa-negro\/","og_locale":"es_ES","og_type":"article","og_title":"Impresora Epson Tmt20Ii Usb 200Mms Termica Directa Negro - IntegralPro","og_description":"# DE PARTE:C31CD52062","og_url":"https:\/\/www.integralpro.com.co\/index.php\/producto\/impresora-epson-tmt20ii-usb-200mms-termica-directa-negro\/","og_site_name":"IntegralPro","article_modified_time":"2021-02-19T19:54:54+00:00","og_image":[{"width":1000,"height":1000,"url":"https:\/\/www.integralpro.com.co\/wp-content\/uploads\/2021\/02\/527d98c798f9967266776b575db48c37.jpg","type":"image\/jpeg"}],"twitter_card":"summary_large_image","twitter_misc":{"Tiempo de lectura":"3 minutos"},"schema":{"@context":"https:\/\/schema.org","@graph":[{"@type":"WebPage","@id":"https:\/\/www.integralpro.com.co\/index.php\/producto\/impresora-epson-tmt20ii-usb-200mms-termica-directa-negro\/","url":"https:\/\/www.integralpro.com.co\/index.php\/producto\/impresora-epson-tmt20ii-usb-200mms-termica-directa-negro\/","name":"Impresora Epson Tmt20Ii Usb 200Mms Termica Directa Negro - IntegralPro","isPartOf":{"@id":"https:\/\/www.integralpro.com.co\/#website"},"primaryImageOfPage":{"@id":"https:\/\/www.integralpro.com.co\/index.php\/producto\/impresora-epson-tmt20ii-usb-200mms-termica-directa-negro\/#primaryimage"},"image":{"@id":"https:\/\/www.integralpro.com.co\/index.php\/producto\/impresora-epson-tmt20ii-usb-200mms-termica-directa-negro\/#primaryimage"},"thumbnailUrl":"https:\/\/www.integralpro.com.co\/wp-content\/uploads\/2021\/02\/527d98c798f9967266776b575db48c37.jpg","datePublished":"2021-02-19T19:54:17+00:00","dateModified":"2021-02-19T19:54:54+00:00","breadcrumb":{"@id":"https:\/\/www.integralpro.com.co\/index.php\/producto\/impresora-epson-tmt20ii-usb-200mms-termica-directa-negro\/#breadcrumb"},"inLanguage":"es","potentialAction":[{"@type":"ReadAction","target":["https:\/\/www.integralpro.com.co\/index.php\/producto\/impresora-epson-tmt20ii-usb-200mms-termica-directa-negro\/"]}]},{"@type":"ImageObject","inLanguage":"es","@id":"https:\/\/www.integralpro.com.co\/index.php\/producto\/impresora-epson-tmt20ii-usb-200mms-termica-directa-negro\/#primaryimage","url":"https:\/\/www.integralpro.com.co\/wp-content\/uploads\/2021\/02\/527d98c798f9967266776b575db48c37.jpg","contentUrl":"https:\/\/www.integralpro.com.co\/wp-content\/uploads\/2021\/02\/527d98c798f9967266776b575db48c37.jpg","width":1000,"height":1000},{"@type":"BreadcrumbList","@id":"https:\/\/www.integralpro.com.co\/index.php\/producto\/impresora-epson-tmt20ii-usb-200mms-termica-directa-negro\/#breadcrumb","itemListElement":[{"@type":"ListItem","position":1,"name":"Portada","item":"https:\/\/www.integralpro.com.co\/"},{"@type":"ListItem","position":2,"name":"Tienda","item":"https:\/\/www.integralpro.com.co\/index.php\/tienda\/"},{"@type":"ListItem","position":3,"name":"Impresora Epson Tmt20Ii Usb 200Mms Termica Directa Negro"}]},{"@type":"WebSite","@id":"https:\/\/www.integralpro.com.co\/#website","url":"https:\/\/www.integralpro.com.co\/","name":"IntegralPro","description":"Tienda de Tecnolog\u00eda en L\u00ednea","publisher":{"@id":"https:\/\/www.integralpro.com.co\/#organization"},"potentialAction":[{"@type":"SearchAction","target":{"@type":"EntryPoint","urlTemplate":"https:\/\/www.integralpro.com.co\/?s={search_term_string}"},"query-input":{"@type":"PropertyValueSpecification","valueRequired":true,"valueName":"search_term_string"}}],"inLanguage":"es"},{"@type":"Organization","@id":"https:\/\/www.integralpro.com.co\/#organization","name":"IntegralPro SAS","url":"https:\/\/www.integralpro.com.co\/","logo":{"@type":"ImageObject","inLanguage":"es","@id":"https:\/\/www.integralpro.com.co\/#\/schema\/logo\/image\/","url":"https:\/\/www.integralpro.com.co\/wp-content\/uploads\/2021\/02\/logo-def.jpg","contentUrl":"https:\/\/www.integralpro.com.co\/wp-content\/uploads\/2021\/02\/logo-def.jpg","width":238,"height":234,"caption":"IntegralPro SAS"},"image":{"@id":"https:\/\/www.integralpro.com.co\/#\/schema\/logo\/image\/"}}]}},"_links":{"self":[{"href":"https:\/\/www.integralpro.com.co\/index.php\/wp-json\/wp\/v2\/product\/2242","targetHints":{"allow":["GET"]}}],"collection":[{"href":"https:\/\/www.integralpro.com.co\/index.php\/wp-json\/wp\/v2\/product"}],"about":[{"href":"https:\/\/www.integralpro.com.co\/index.php\/wp-json\/wp\/v2\/types\/product"}],"version-history":[{"count":1,"href":"https:\/\/www.integralpro.com.co\/index.php\/wp-json\/wp\/v2\/product\/2242\/revisions"}],"predecessor-version":[{"id":2305,"href":"https:\/\/www.integralpro.com.co\/index.php\/wp-json\/wp\/v2\/product\/2242\/revisions\/2305"}],"wp:featuredmedia":[{"embeddable":true,"href":"https:\/\/www.integralpro.com.co\/index.php\/wp-json\/wp\/v2\/media\/2304"}],"wp:attachment":[{"href":"https:\/\/www.integralpro.com.co\/index.php\/wp-json\/wp\/v2\/media?parent=2242"}],"wp:term":[{"taxonomy":"product_brand","embeddable":true,"href":"https:\/\/www.integralpro.com.co\/index.php\/wp-json\/wp\/v2\/product_brand?post=2242"},{"taxonomy":"product_cat","embeddable":true,"href":"https:\/\/www.integralpro.com.co\/index.php\/wp-json\/wp\/v2\/product_cat?post=2242"},{"taxonomy":"product_tag","embeddable":true,"href":"https:\/\/www.integralpro.com.co\/index.php\/wp-json\/wp\/v2\/product_tag?post=2242"}],"curies":[{"name":"wp","href":"https:\/\/api.w.org\/{rel}","templated":true}]}}