{"id":2240,"date":"2021-02-19T14:54:17","date_gmt":"2021-02-19T19:54:17","guid":{"rendered":"https:\/\/www.integralpro.com.co\/index.php\/producto\/import-placeholder-for-1206\/"},"modified":"2021-02-19T14:54:51","modified_gmt":"2021-02-19T19:54:51","slug":"impresora-zebra-gc420t-usb-par-serial-alambrico-203x203dpi","status":"publish","type":"product","link":"https:\/\/www.integralpro.com.co\/index.php\/producto\/impresora-zebra-gc420t-usb-par-serial-alambrico-203x203dpi\/","title":{"rendered":"Impresora Zebra Gc420T Usb Par Serial Alambrico 203X203Dpi"},"content":{"rendered":"<p>Impresora Zebra GC420T. Transferencia T\u00e9rmica \u2013 termo transferencia. Lenguaje de programaci\u00f3n EPL y ZPL, Resoluci\u00f3n 203 dpi, Conectividad USB, Serial, y Paralelo Centronics, Us Power Cord, Memoria interna 8 GB.&nbsp; &nbsp;<\/p>\n<div>\n<p><strong class=\"noraml-bold\">Simplicidad que cumple con los requerimientos de alta calidad:<\/strong><\/p>\n<p>La impresora Zebra GC420 es un nuevo equipo dise\u00f1ado para proporcionar calidad, durabilidad y alta confiabilidad en volumenes bajos a medianos, con tecnologias termica directa y transferencia termica disponible. Este modelo cuenta con el mismo dise\u00f1o mecanio que tlp2844 series, es por eso que les permite a los clientes migrar facilmente a este nuevo equipo. Este equio es compato, ideal para ahorrar espacio, ademas cuenta con un poderoso procesador de 32 bits para una rapida impresion de etiquetas, asi como mas memoria para el almacenamiento de mas graficas. El GC420 soporta media de hasta 104mm de ancho y tiene disponible opciones de lenguajes de programacion EPL y ZPL. Este modelo viene en configuracion base con tres opciones de conexion serial, USB, paralelo, ademas de ethernet de forma opcional.<\/p>\n<p><strong>Potencia y Rendimiento:<\/strong><\/p>\n<p>El dise\u00f1o compacto que ahorra espacio de la impresora GC420 contiene un poderoso procesador de 32 bits para brindar una producci\u00f3n de etiquetas r\u00e1pida y memoria flash de 8 MB para almacenar m\u00e1s fuentes y gr\u00e1ficos. La impresora GC420 es compatible con materiales de hasta 11 cm (4,25 in) de ancho para aplicaciones desktop est\u00e1ndar.<\/p>\n<p><strong>F\u00e1cil de Configurar y de Utilizar:<\/strong><\/p>\n<p><\/p>\n<p>Asimismo, la impresora GC420 incluye los lenguajes de programaci\u00f3n EPL2 y el poderoso ZPL II, que facilitan la integraci\u00f3n con otras impresoras de Zebra. Las opciones de dispensador\/despegador ampl\u00edan la versatilidad de la impresora GC420 para satisfacer una variedad de aplicaciones todav\u00eda mayor.<\/p>\n<p><strong>La Asequibilidad Cumple con la Alta Calidad <\/strong><\/p>\n<p>La impresora de sobremesa GC420t, rica en caracter\u00edsticas y con un precio competitivo, ofrece la calidad, durabilidad y rendimiento confiable de Zebra para muchas aplicaciones de impresi\u00f3n de transferencia t\u00e9rmica y t\u00e9rmica directa y de bajo a medio volumen. La impresora de transferencia t\u00e9rmica m\u00e1s asequible de Zebra realmente brilla con un dise\u00f1o de cubierta f\u00e1cil de abrir y puntos de contacto de color, requiere muy poca capacitaci\u00f3n del operador para mantener su negocio en movimiento.<\/p>\n<p><strong>Especificaciones T\u00e9cnicas<\/strong><\/p>\n<\/div>\n<div class=\"\">\n<div class=\"\">\n<div class=\"\">\n<div class=\"\">\n<div class=\"\">\n<div class=\"\">\n<div class=\"\">\n<div class=\"\">\n<p>Dimensiones :20.1 x 17.3 x 23.9 cm<br \/>Peso: 1.5 Kg<br \/>Marca: Zebra<br \/>Modelo: GC420T&nbsp;<br \/>Color: Blanco&nbsp;<br \/>Procesador RISC de 32 bits<br \/>Lenguajes de programaci\u00f3n: EZPL (ZPL, ZPL II\u00ae y EPL2\u2122)<br \/>Triple conectividad: USB, paralelo y serial<br \/>M\u00e9todo de Impresi\u00f3n: Transferencia T\u00e9rmica<br \/>Carga sencilla de cintas a trav\u00e9s de OpenACCESS\u2122<br \/>Drivers compatibles con Microsoft\u00ae Windows\u00ae<br \/>Resoluci\u00f3n: 203 ppp (8 puntos por mm)<br \/>Memoria Flash: 8MB<br \/>Memoria Ram: 8MB<br \/>Ancho de Impresi\u00f3n: 4.09 pulgadas \/ 104 mm<br \/>Largo de impresi\u00f3n: 39 pulgadas \/ 990 mm<br \/>Velocidad de Impresi\u00f3n: 4 pulgadas \/ 102 mm por segundo<br \/>Sensor de cabeza de impresi\u00f3n <br \/>Velocidad m\u00e1xima de impresi\u00f3n mono: 4 in \/ s <br \/>Color de impresi\u00f3n: Monocromo <br \/>Uso recomendado: Impresi\u00f3n de etiquetas<br \/>C\u00f3digo de barras compatible con la simbolog\u00eda: Codabar C\u00f3digo 11 C\u00f3digo 128 C\u00f3digo 128-A C\u00f3digo 128-B C\u00f3digo 128-C C\u00f3digo 39 C\u00f3digo 93 EAN-13 EAN-14 EAN-8 EAN-13 con extensi\u00f3n de 2 o 5 d\u00edgitos EAN-8 con extensi\u00f3n de 2 o 5 d\u00edgitos C\u00f3digo postal alem\u00e1n Industrial 2 de 5 Intercalados 2 de 5 Postal de japon POSTNET LOGMARS MSI Plessey MSI-3 RSS RSS14 Limited RSS14 apilados RSS14 Truncado UCC \/ EAN 128 EAN con extensi\u00f3n de 2 o 5 d\u00edgitos Extensi\u00f3n de 2 o 5 d\u00edgitos UPC UPC-A UPC-E UPC-A con extensi\u00f3n de 2 o 5 d\u00edgitos UPC-E con extensi\u00f3n de 2 o 5 d\u00edgitos UPC-A con extensi\u00f3n EAN 2 o 5 d\u00edgitos UPC-E con EAN 2 o 5 d\u00edgitos de extensi\u00f3n Codigo azteca Codablock C\u00f3digo 49 Matriz de datos Macro PDF-417 Maxi Code Micro PDF-417 PDF-417 C\u00f3digo QR Barra de datos GS1.Ancho M\u00e1ximo de la Etiqueta: 4.25 \u00bb <br \/>Longitud m\u00e1xima de etiqueta: 39 \u00bb <br \/>Tipo de medio: Fanfold Roll Fed Stock de etiquetas Etiqueta continua Etiqueta T\u00e9rmica Directa Punto negro Recibo continuo Pulsera Etiqueta sin revestimiento Espesor de los medios: 7 mil <br \/>Sensor de medios: Sensor de medios reflectantes y Sensor de medios transmisivos <br \/>Tama\u00f1o del n\u00facleo de la etiqueta: 1.50 \u00bb <br \/>Tama\u00f1o del n\u00facleo de la cinta: 0.50 \u00bb <br \/>Di\u00e1metro m\u00e1ximo del rollo: 5 \u00bb <br \/>Voltaje de entrada: 110 VCA 220 V CA <br \/>Fuente de alimentaci\u00f3n: fuente de alimentaci\u00f3n de CA<\/p>\n<p><strong>Contenido Del Paquete<\/strong><\/p>\n<p>Impresora -adaptador de corriente &#8211; Documentaci\u00f3n.<\/p>\n<\/div>\n<\/div>\n<\/div>\n<\/div>\n<\/div>\n<\/div>\n<\/div>\n<\/div>\n","protected":false},"excerpt":{"rendered":"<p># DE PARTE:GC420-100510-000<\/p>\n","protected":false},"featured_media":2300,"template":"","meta":{"site-sidebar-layout":"default","site-content-layout":"","ast-site-content-layout":"default","site-content-style":"default","site-sidebar-style":"default","ast-global-header-display":"","ast-banner-title-visibility":"","ast-main-header-display":"","ast-hfb-above-header-display":"","ast-hfb-below-header-display":"","ast-hfb-mobile-header-display":"","site-post-title":"","ast-breadcrumbs-content":"","ast-featured-img":"","footer-sml-layout":"","ast-disable-related-posts":"","theme-transparent-header-meta":"","adv-header-id-meta":"","stick-header-meta":"","header-above-stick-meta":"","header-main-stick-meta":"","header-below-stick-meta":"","astra-migrate-meta-layouts":"default","ast-page-background-enabled":"default","ast-page-background-meta":{"desktop":{"background-color":"var(--ast-global-color-4)","background-image":"","background-repeat":"repeat","background-position":"center center","background-size":"auto","background-attachment":"scroll","background-type":"","background-media":"","overlay-type":"","overlay-color":"","overlay-opacity":"","overlay-gradient":""},"tablet":{"background-color":"","background-image":"","background-repeat":"repeat","background-position":"center center","background-size":"auto","background-attachment":"scroll","background-type":"","background-media":"","overlay-type":"","overlay-color":"","overlay-opacity":"","overlay-gradient":""},"mobile":{"background-color":"","background-image":"","background-repeat":"repeat","background-position":"center center","background-size":"auto","background-attachment":"scroll","background-type":"","background-media":"","overlay-type":"","overlay-color":"","overlay-opacity":"","overlay-gradient":""}},"ast-content-background-meta":{"desktop":{"background-color":"var(--ast-global-color-5)","background-image":"","background-repeat":"repeat","background-position":"center center","background-size":"auto","background-attachment":"scroll","background-type":"","background-media":"","overlay-type":"","overlay-color":"","overlay-opacity":"","overlay-gradient":""},"tablet":{"background-color":"var(--ast-global-color-5)","background-image":"","background-repeat":"repeat","background-position":"center center","background-size":"auto","background-attachment":"scroll","background-type":"","background-media":"","overlay-type":"","overlay-color":"","overlay-opacity":"","overlay-gradient":""},"mobile":{"background-color":"var(--ast-global-color-5)","background-image":"","background-repeat":"repeat","background-position":"center center","background-size":"auto","background-attachment":"scroll","background-type":"","background-media":"","overlay-type":"","overlay-color":"","overlay-opacity":"","overlay-gradient":""}}},"product_brand":[],"product_cat":[57],"product_tag":[462],"class_list":{"0":"post-2240","1":"product","2":"type-product","3":"status-publish","4":"has-post-thumbnail","6":"product_cat-impresoras-y-suministros","7":"product_tag-zebra","8":"desktop-align-left","9":"tablet-align-left","10":"mobile-align-left","12":"first","13":"instock","14":"taxable","15":"shipping-taxable","16":"product-type-simple"},"yoast_head":"<!-- This site is optimized with the Yoast SEO plugin v27.4 - https:\/\/yoast.com\/product\/yoast-seo-wordpress\/ -->\n<title>Impresora Zebra Gc420T Usb Par Serial Alambrico 203X203Dpi - IntegralPro<\/title>\n<meta name=\"robots\" content=\"index, follow, max-snippet:-1, max-image-preview:large, max-video-preview:-1\" \/>\n<link rel=\"canonical\" href=\"https:\/\/www.integralpro.com.co\/index.php\/producto\/impresora-zebra-gc420t-usb-par-serial-alambrico-203x203dpi\/\" \/>\n<meta property=\"og:locale\" content=\"es_ES\" \/>\n<meta property=\"og:type\" content=\"article\" \/>\n<meta property=\"og:title\" content=\"Impresora Zebra Gc420T Usb Par Serial Alambrico 203X203Dpi - IntegralPro\" \/>\n<meta property=\"og:description\" content=\"# DE PARTE:GC420-100510-000\" \/>\n<meta property=\"og:url\" content=\"https:\/\/www.integralpro.com.co\/index.php\/producto\/impresora-zebra-gc420t-usb-par-serial-alambrico-203x203dpi\/\" \/>\n<meta property=\"og:site_name\" content=\"IntegralPro\" \/>\n<meta property=\"article:modified_time\" content=\"2021-02-19T19:54:51+00:00\" \/>\n<meta property=\"og:image\" content=\"https:\/\/www.integralpro.com.co\/wp-content\/uploads\/2021\/02\/8d19d2c5cca035135cb716ed419cdfa9.jpg\" \/>\n\t<meta property=\"og:image:width\" content=\"1000\" \/>\n\t<meta property=\"og:image:height\" content=\"1000\" \/>\n\t<meta property=\"og:image:type\" content=\"image\/jpeg\" \/>\n<meta name=\"twitter:card\" content=\"summary_large_image\" \/>\n<meta name=\"twitter:label1\" content=\"Tiempo de lectura\" \/>\n\t<meta name=\"twitter:data1\" content=\"4 minutos\" \/>\n<script type=\"application\/ld+json\" class=\"yoast-schema-graph\">{\"@context\":\"https:\\\/\\\/schema.org\",\"@graph\":[{\"@type\":\"WebPage\",\"@id\":\"https:\\\/\\\/www.integralpro.com.co\\\/index.php\\\/producto\\\/impresora-zebra-gc420t-usb-par-serial-alambrico-203x203dpi\\\/\",\"url\":\"https:\\\/\\\/www.integralpro.com.co\\\/index.php\\\/producto\\\/impresora-zebra-gc420t-usb-par-serial-alambrico-203x203dpi\\\/\",\"name\":\"Impresora Zebra Gc420T Usb Par Serial Alambrico 203X203Dpi - IntegralPro\",\"isPartOf\":{\"@id\":\"https:\\\/\\\/www.integralpro.com.co\\\/#website\"},\"primaryImageOfPage\":{\"@id\":\"https:\\\/\\\/www.integralpro.com.co\\\/index.php\\\/producto\\\/impresora-zebra-gc420t-usb-par-serial-alambrico-203x203dpi\\\/#primaryimage\"},\"image\":{\"@id\":\"https:\\\/\\\/www.integralpro.com.co\\\/index.php\\\/producto\\\/impresora-zebra-gc420t-usb-par-serial-alambrico-203x203dpi\\\/#primaryimage\"},\"thumbnailUrl\":\"https:\\\/\\\/www.integralpro.com.co\\\/wp-content\\\/uploads\\\/2021\\\/02\\\/8d19d2c5cca035135cb716ed419cdfa9.jpg\",\"datePublished\":\"2021-02-19T19:54:17+00:00\",\"dateModified\":\"2021-02-19T19:54:51+00:00\",\"breadcrumb\":{\"@id\":\"https:\\\/\\\/www.integralpro.com.co\\\/index.php\\\/producto\\\/impresora-zebra-gc420t-usb-par-serial-alambrico-203x203dpi\\\/#breadcrumb\"},\"inLanguage\":\"es\",\"potentialAction\":[{\"@type\":\"ReadAction\",\"target\":[\"https:\\\/\\\/www.integralpro.com.co\\\/index.php\\\/producto\\\/impresora-zebra-gc420t-usb-par-serial-alambrico-203x203dpi\\\/\"]}]},{\"@type\":\"ImageObject\",\"inLanguage\":\"es\",\"@id\":\"https:\\\/\\\/www.integralpro.com.co\\\/index.php\\\/producto\\\/impresora-zebra-gc420t-usb-par-serial-alambrico-203x203dpi\\\/#primaryimage\",\"url\":\"https:\\\/\\\/www.integralpro.com.co\\\/wp-content\\\/uploads\\\/2021\\\/02\\\/8d19d2c5cca035135cb716ed419cdfa9.jpg\",\"contentUrl\":\"https:\\\/\\\/www.integralpro.com.co\\\/wp-content\\\/uploads\\\/2021\\\/02\\\/8d19d2c5cca035135cb716ed419cdfa9.jpg\",\"width\":1000,\"height\":1000},{\"@type\":\"BreadcrumbList\",\"@id\":\"https:\\\/\\\/www.integralpro.com.co\\\/index.php\\\/producto\\\/impresora-zebra-gc420t-usb-par-serial-alambrico-203x203dpi\\\/#breadcrumb\",\"itemListElement\":[{\"@type\":\"ListItem\",\"position\":1,\"name\":\"Portada\",\"item\":\"https:\\\/\\\/www.integralpro.com.co\\\/\"},{\"@type\":\"ListItem\",\"position\":2,\"name\":\"Tienda\",\"item\":\"https:\\\/\\\/www.integralpro.com.co\\\/index.php\\\/tienda\\\/\"},{\"@type\":\"ListItem\",\"position\":3,\"name\":\"Impresora Zebra Gc420T Usb Par Serial Alambrico 203X203Dpi\"}]},{\"@type\":\"WebSite\",\"@id\":\"https:\\\/\\\/www.integralpro.com.co\\\/#website\",\"url\":\"https:\\\/\\\/www.integralpro.com.co\\\/\",\"name\":\"IntegralPro\",\"description\":\"Tienda de Tecnolog\u00eda en L\u00ednea\",\"publisher\":{\"@id\":\"https:\\\/\\\/www.integralpro.com.co\\\/#organization\"},\"potentialAction\":[{\"@type\":\"SearchAction\",\"target\":{\"@type\":\"EntryPoint\",\"urlTemplate\":\"https:\\\/\\\/www.integralpro.com.co\\\/?s={search_term_string}\"},\"query-input\":{\"@type\":\"PropertyValueSpecification\",\"valueRequired\":true,\"valueName\":\"search_term_string\"}}],\"inLanguage\":\"es\"},{\"@type\":\"Organization\",\"@id\":\"https:\\\/\\\/www.integralpro.com.co\\\/#organization\",\"name\":\"IntegralPro SAS\",\"url\":\"https:\\\/\\\/www.integralpro.com.co\\\/\",\"logo\":{\"@type\":\"ImageObject\",\"inLanguage\":\"es\",\"@id\":\"https:\\\/\\\/www.integralpro.com.co\\\/#\\\/schema\\\/logo\\\/image\\\/\",\"url\":\"https:\\\/\\\/www.integralpro.com.co\\\/wp-content\\\/uploads\\\/2021\\\/02\\\/logo-def.jpg\",\"contentUrl\":\"https:\\\/\\\/www.integralpro.com.co\\\/wp-content\\\/uploads\\\/2021\\\/02\\\/logo-def.jpg\",\"width\":238,\"height\":234,\"caption\":\"IntegralPro SAS\"},\"image\":{\"@id\":\"https:\\\/\\\/www.integralpro.com.co\\\/#\\\/schema\\\/logo\\\/image\\\/\"}}]}<\/script>\n<!-- \/ Yoast SEO plugin. -->","yoast_head_json":{"title":"Impresora Zebra Gc420T Usb Par Serial Alambrico 203X203Dpi - IntegralPro","robots":{"index":"index","follow":"follow","max-snippet":"max-snippet:-1","max-image-preview":"max-image-preview:large","max-video-preview":"max-video-preview:-1"},"canonical":"https:\/\/www.integralpro.com.co\/index.php\/producto\/impresora-zebra-gc420t-usb-par-serial-alambrico-203x203dpi\/","og_locale":"es_ES","og_type":"article","og_title":"Impresora Zebra Gc420T Usb Par Serial Alambrico 203X203Dpi - IntegralPro","og_description":"# DE PARTE:GC420-100510-000","og_url":"https:\/\/www.integralpro.com.co\/index.php\/producto\/impresora-zebra-gc420t-usb-par-serial-alambrico-203x203dpi\/","og_site_name":"IntegralPro","article_modified_time":"2021-02-19T19:54:51+00:00","og_image":[{"width":1000,"height":1000,"url":"https:\/\/www.integralpro.com.co\/wp-content\/uploads\/2021\/02\/8d19d2c5cca035135cb716ed419cdfa9.jpg","type":"image\/jpeg"}],"twitter_card":"summary_large_image","twitter_misc":{"Tiempo de lectura":"4 minutos"},"schema":{"@context":"https:\/\/schema.org","@graph":[{"@type":"WebPage","@id":"https:\/\/www.integralpro.com.co\/index.php\/producto\/impresora-zebra-gc420t-usb-par-serial-alambrico-203x203dpi\/","url":"https:\/\/www.integralpro.com.co\/index.php\/producto\/impresora-zebra-gc420t-usb-par-serial-alambrico-203x203dpi\/","name":"Impresora Zebra Gc420T Usb Par Serial Alambrico 203X203Dpi - IntegralPro","isPartOf":{"@id":"https:\/\/www.integralpro.com.co\/#website"},"primaryImageOfPage":{"@id":"https:\/\/www.integralpro.com.co\/index.php\/producto\/impresora-zebra-gc420t-usb-par-serial-alambrico-203x203dpi\/#primaryimage"},"image":{"@id":"https:\/\/www.integralpro.com.co\/index.php\/producto\/impresora-zebra-gc420t-usb-par-serial-alambrico-203x203dpi\/#primaryimage"},"thumbnailUrl":"https:\/\/www.integralpro.com.co\/wp-content\/uploads\/2021\/02\/8d19d2c5cca035135cb716ed419cdfa9.jpg","datePublished":"2021-02-19T19:54:17+00:00","dateModified":"2021-02-19T19:54:51+00:00","breadcrumb":{"@id":"https:\/\/www.integralpro.com.co\/index.php\/producto\/impresora-zebra-gc420t-usb-par-serial-alambrico-203x203dpi\/#breadcrumb"},"inLanguage":"es","potentialAction":[{"@type":"ReadAction","target":["https:\/\/www.integralpro.com.co\/index.php\/producto\/impresora-zebra-gc420t-usb-par-serial-alambrico-203x203dpi\/"]}]},{"@type":"ImageObject","inLanguage":"es","@id":"https:\/\/www.integralpro.com.co\/index.php\/producto\/impresora-zebra-gc420t-usb-par-serial-alambrico-203x203dpi\/#primaryimage","url":"https:\/\/www.integralpro.com.co\/wp-content\/uploads\/2021\/02\/8d19d2c5cca035135cb716ed419cdfa9.jpg","contentUrl":"https:\/\/www.integralpro.com.co\/wp-content\/uploads\/2021\/02\/8d19d2c5cca035135cb716ed419cdfa9.jpg","width":1000,"height":1000},{"@type":"BreadcrumbList","@id":"https:\/\/www.integralpro.com.co\/index.php\/producto\/impresora-zebra-gc420t-usb-par-serial-alambrico-203x203dpi\/#breadcrumb","itemListElement":[{"@type":"ListItem","position":1,"name":"Portada","item":"https:\/\/www.integralpro.com.co\/"},{"@type":"ListItem","position":2,"name":"Tienda","item":"https:\/\/www.integralpro.com.co\/index.php\/tienda\/"},{"@type":"ListItem","position":3,"name":"Impresora Zebra Gc420T Usb Par Serial Alambrico 203X203Dpi"}]},{"@type":"WebSite","@id":"https:\/\/www.integralpro.com.co\/#website","url":"https:\/\/www.integralpro.com.co\/","name":"IntegralPro","description":"Tienda de Tecnolog\u00eda en L\u00ednea","publisher":{"@id":"https:\/\/www.integralpro.com.co\/#organization"},"potentialAction":[{"@type":"SearchAction","target":{"@type":"EntryPoint","urlTemplate":"https:\/\/www.integralpro.com.co\/?s={search_term_string}"},"query-input":{"@type":"PropertyValueSpecification","valueRequired":true,"valueName":"search_term_string"}}],"inLanguage":"es"},{"@type":"Organization","@id":"https:\/\/www.integralpro.com.co\/#organization","name":"IntegralPro SAS","url":"https:\/\/www.integralpro.com.co\/","logo":{"@type":"ImageObject","inLanguage":"es","@id":"https:\/\/www.integralpro.com.co\/#\/schema\/logo\/image\/","url":"https:\/\/www.integralpro.com.co\/wp-content\/uploads\/2021\/02\/logo-def.jpg","contentUrl":"https:\/\/www.integralpro.com.co\/wp-content\/uploads\/2021\/02\/logo-def.jpg","width":238,"height":234,"caption":"IntegralPro SAS"},"image":{"@id":"https:\/\/www.integralpro.com.co\/#\/schema\/logo\/image\/"}}]}},"_links":{"self":[{"href":"https:\/\/www.integralpro.com.co\/index.php\/wp-json\/wp\/v2\/product\/2240","targetHints":{"allow":["GET"]}}],"collection":[{"href":"https:\/\/www.integralpro.com.co\/index.php\/wp-json\/wp\/v2\/product"}],"about":[{"href":"https:\/\/www.integralpro.com.co\/index.php\/wp-json\/wp\/v2\/types\/product"}],"version-history":[{"count":1,"href":"https:\/\/www.integralpro.com.co\/index.php\/wp-json\/wp\/v2\/product\/2240\/revisions"}],"predecessor-version":[{"id":2301,"href":"https:\/\/www.integralpro.com.co\/index.php\/wp-json\/wp\/v2\/product\/2240\/revisions\/2301"}],"wp:featuredmedia":[{"embeddable":true,"href":"https:\/\/www.integralpro.com.co\/index.php\/wp-json\/wp\/v2\/media\/2300"}],"wp:attachment":[{"href":"https:\/\/www.integralpro.com.co\/index.php\/wp-json\/wp\/v2\/media?parent=2240"}],"wp:term":[{"taxonomy":"product_brand","embeddable":true,"href":"https:\/\/www.integralpro.com.co\/index.php\/wp-json\/wp\/v2\/product_brand?post=2240"},{"taxonomy":"product_cat","embeddable":true,"href":"https:\/\/www.integralpro.com.co\/index.php\/wp-json\/wp\/v2\/product_cat?post=2240"},{"taxonomy":"product_tag","embeddable":true,"href":"https:\/\/www.integralpro.com.co\/index.php\/wp-json\/wp\/v2\/product_tag?post=2240"}],"curies":[{"name":"wp","href":"https:\/\/api.w.org\/{rel}","templated":true}]}}