{"id":2211,"date":"2021-02-19T14:53:55","date_gmt":"2021-02-19T19:53:55","guid":{"rendered":"https:\/\/www.integralpro.com.co\/index.php\/producto\/import-placeholder-for-1203\/"},"modified":"2021-02-19T14:54:47","modified_gmt":"2021-02-19T19:54:47","slug":"impresora-de-etiquetas-zebra-gt800-203-dpi-8-mb-usb","status":"publish","type":"product","link":"https:\/\/www.integralpro.com.co\/index.php\/producto\/impresora-de-etiquetas-zebra-gt800-203-dpi-8-mb-usb\/","title":{"rendered":"Impresora De Etiquetas Zebra Gt800 203 Dpi 8 Mb Usb"},"content":{"rendered":"<p>Impresora de etiquetas Zebra GT800, Velocidad de impresi\u00f3n: 127 mm \/ 5 pulg. por segundo, Resolucion 203dpi, Tranferencia Termica, EPL y ZPL, USB, Serial, Paralelo Centronics, Us Power Cord, Memoria 8MB, Area m\u00e1xima de impresi\u00f3n 10.4 cm<\/p>\n<p><\/p>\n<p>La Zebra GT800 es un nuevo modelo que proporciona un alto desempe\u00f1o a un precio competitivo, ofrece tecnologia termica directa y transferencia termica, en esta ultima con la caracteristica de soportar ribbons de hasta 300 metros, lo que le permitira minimizar el tiempo perdido entre el cambio de nuevo consumible. Con una impresion de hasta 127mm por segundo, dotada con un poderoso procesador de 32 bits y 8MB de memoria para procesamiento eficaz y mas rapido. Este equipo ha sido dise\u00f1ado para usted, con la calidad y durabilidad Zebra, la GT800 es versatil y facil de integrar en cualquier aplicacion de impresion de etiquetas de codigo de barras, soporta etiquetas de hasta 4.4 pulgadas y viene con lenguajes coresidentes EPL y ZPL, asi como triple opcion de conexion serial USB, paralelo y ethernet opcional.&nbsp;<\/p>\n<p><\/p>\n<p><strong class=\"\"><strong>Zebra GT800 Impresora T\u00e9rmica Etiquetas gt800-100510-100<\/strong> Rendimiento y Calidad:<\/strong><\/p>\n<p><\/p>\n<p>Permite imprimir etiquetas en un volumen mediano. Se corta con un sensor incorpora gap fijo y ribbon de 300mts, mas econ\u00f3micos, puerto usb y serial, puerto ethernet, orificio para etiquetas en la parte externa, puedes usar ribbon mas grande para proyectos que as\u00ed lo requieran.<\/p>\n<p><\/p>\n<p><strong>Transferencia Termica y Transferencia Directa:<\/strong><\/p>\n<p><\/p>\n<p>La tecnolog\u00eda de la&nbsp;Zebra GT800, permite impresi\u00f3n tipo TT y transferencia directa, esto expande tus posibilidades de usar cualquiera de los tipos de etiquetas. integra un software de dise\u00f1o de f\u00e1cil aplicaci\u00f3n, Es una impresora de trabajo liviano para peque\u00f1as empresas.<\/p>\n<p><\/p>\n<p>Ofrece hasta 203DPI, lo que es una buena resoluci\u00f3n, ofrece gran autonom\u00eda en el manejo de etiquetas, agiliza los procesos, es r\u00e1pida lo que permite altas velocidades de trabajo.<\/p>\n<p><\/p>\n<p>Su tecnolog\u00eda de impresi\u00f3n de bajo costo y su desempe\u00f1o hacen que la relaci\u00f3n calidad precio se equilibrada. permitiendo a peque\u00f1as empresas adoptar el etiquetado en sus procesos productivos o de control con un sistema de etiquetado barato y eficiente.<\/p>\n<p><\/p>\n<p><strong>Especificaciones T\u00e9cnicas<\/strong><\/p>\n<p><\/p>\n<div class=\"\"><\/p>\n<div class=\"\"><\/p>\n<div class=\"\"><\/p>\n<div class=\"\"><\/p>\n<div class=\"\"><\/p>\n<div class=\"\"><\/p>\n<div class=\"\"><\/p>\n<div class=\"\"><\/p>\n<p>Dimensiones :19.7 x 18.4 x 27.3 cm<br \/>Peso: 5 Kg<br \/>Marca: Zebra<br \/>Modelo: GT800<br \/>Color: Negro<br \/>Compacta y robusta para bajos volumenes<br \/>Procesador: RISC de 32 Bits<br \/>Lenguajes de programaci\u00f3n: EPL2 y ZPL II co residentes<br \/>Maquina de sobremesa<br \/>Versatilidad, f\u00e1cil manejo y confiabilidad<br \/>Area m\u00e1xima de impresi\u00f3n : 10.4 cm<br \/>Soporta impresi\u00f3n de: c\u00f3digos de barra, texto y gr\u00e1ficos a bajos costos<br \/>Capacidad de cinta de 300 metros<br \/>Triple conectividad: Serial, USB y paralelo<br \/>M\u00e9todos de impresi\u00f3n: Transferencia t\u00e9rmica y t\u00e9rmica directa<br \/>OpenACCESS\u2122 para cargar f\u00e1cilmente el material y la cinta<br \/>Controladores para Microsoft\u00ae Windows<br \/>Resolucion: 203 dpi\/8 puntos por mm<br \/>Memoria: 8 MB Flash, 8 MB SDRAM (est\u00e1ndar)<br \/>Velocidad de impresi\u00f3n: \u201c5\u201d\/127 mm por segundo<br \/>Sensores de medios: Sensores reflectantes y transmisivos<br \/>Temperatura de funcionamiento: 40\u00b0 F\/5\u00b0 C a 105\u00b0 F\/41\u00b0 C<br \/>Temperatura de almacenamiento: -40\u00b0 F\/-40\u00b0 C a 140\u00b0 F\/60\u00b0 C<br \/>Humedad de funcionamiento: 10% a 90%.<br \/>H.R. sin condensaci\u00f3n<br \/>Humedad de almacenamiento: 5% a 95% sin condensaci\u00f3n H.R.<br \/>Software Apliacativo: ZebraDesigner\u2122 Pro-An intuitivo, f\u00e1cil de usar<br \/>Ethernet-10\/100 interno ofrecido en combinaci\u00f3n con interfaz USB y serie (sustituye al puerto paralelo)<br \/>Relaci\u00f3n de c\u00f3digos de barras: 2:1 (no rotatorio) y 3:1<br \/>C\u00f3digos de barras lineales: Codabar, C\u00f3digo 11 (ZPL), C\u00f3digo128, C\u00f3digo 39, C\u00f3digo 93, C\u00f3digo 93, EAN-13, EAN-8,EAN-14 (ZPL), C\u00f3digo postal alem\u00e1n (EPL), Industrial2 de 5 (ZPL), Intercalado 2 de 5, Japanese Postnet(EPL), ISBT-128 (ZPL), Logmars (ZPL), MSI, Plessey,Postnet, GS1 DataBar (RSS-14), Est\u00e1ndar 2 de 5(ZPL), UCC\/EAN-128 (EPL), UPC y EAN 2 o 5extensiones de d\u00edgitos (ZPL), UPC-A, UPC-A y UPC-Econ extensiones EAN de 2 \u00f3 5 d\u00edgitos, UPC-E y GS1Databar (anteriormente RSS)<br \/>Puertos de conector paralelo Centronics\u00ae (36 pines)<br \/>Interfaz serie RS-232<br \/>Interfaz USB V1.1, bidireccional<br \/>Ethernet interna 10\/100 con USB V1.1 (opcional)<br \/>Fuente de alimentaci\u00f3n externa de alcance autom\u00e1tico con tipo C7 pieza de conexi\u00f3n<br \/>Salida: 20 VCC, 2.5A<br \/>Entrada: 100-240 VCA, 50-60 Hz<\/p>\n<p><\/p>\n<p><strong>Contenido Del Paquete<\/strong><\/p>\n<p><\/p>\n<p>Impresora- cd -adaptador de corriente -cable usb &#8211; Documentaci\u00f3n.<\/p>\n<\/div>\n<\/div>\n<\/div>\n<\/div>\n<\/div>\n<\/div>\n<\/div>\n<\/div>\n","protected":false},"excerpt":{"rendered":"<p># DE PARTE:GT800-100510-100<\/p>\n","protected":false},"featured_media":2294,"template":"","meta":{"site-sidebar-layout":"default","site-content-layout":"","ast-site-content-layout":"default","site-content-style":"default","site-sidebar-style":"default","ast-global-header-display":"","ast-banner-title-visibility":"","ast-main-header-display":"","ast-hfb-above-header-display":"","ast-hfb-below-header-display":"","ast-hfb-mobile-header-display":"","site-post-title":"","ast-breadcrumbs-content":"","ast-featured-img":"","footer-sml-layout":"","ast-disable-related-posts":"","theme-transparent-header-meta":"","adv-header-id-meta":"","stick-header-meta":"","header-above-stick-meta":"","header-main-stick-meta":"","header-below-stick-meta":"","astra-migrate-meta-layouts":"default","ast-page-background-enabled":"default","ast-page-background-meta":{"desktop":{"background-color":"var(--ast-global-color-4)","background-image":"","background-repeat":"repeat","background-position":"center center","background-size":"auto","background-attachment":"scroll","background-type":"","background-media":"","overlay-type":"","overlay-color":"","overlay-opacity":"","overlay-gradient":""},"tablet":{"background-color":"","background-image":"","background-repeat":"repeat","background-position":"center center","background-size":"auto","background-attachment":"scroll","background-type":"","background-media":"","overlay-type":"","overlay-color":"","overlay-opacity":"","overlay-gradient":""},"mobile":{"background-color":"","background-image":"","background-repeat":"repeat","background-position":"center center","background-size":"auto","background-attachment":"scroll","background-type":"","background-media":"","overlay-type":"","overlay-color":"","overlay-opacity":"","overlay-gradient":""}},"ast-content-background-meta":{"desktop":{"background-color":"var(--ast-global-color-5)","background-image":"","background-repeat":"repeat","background-position":"center center","background-size":"auto","background-attachment":"scroll","background-type":"","background-media":"","overlay-type":"","overlay-color":"","overlay-opacity":"","overlay-gradient":""},"tablet":{"background-color":"var(--ast-global-color-5)","background-image":"","background-repeat":"repeat","background-position":"center center","background-size":"auto","background-attachment":"scroll","background-type":"","background-media":"","overlay-type":"","overlay-color":"","overlay-opacity":"","overlay-gradient":""},"mobile":{"background-color":"var(--ast-global-color-5)","background-image":"","background-repeat":"repeat","background-position":"center center","background-size":"auto","background-attachment":"scroll","background-type":"","background-media":"","overlay-type":"","overlay-color":"","overlay-opacity":"","overlay-gradient":""}}},"product_brand":[],"product_cat":[57],"product_tag":[462],"class_list":{"0":"post-2211","1":"product","2":"type-product","3":"status-publish","4":"has-post-thumbnail","6":"product_cat-impresoras-y-suministros","7":"product_tag-zebra","8":"desktop-align-left","9":"tablet-align-left","10":"mobile-align-left","12":"first","13":"instock","14":"taxable","15":"shipping-taxable","16":"product-type-simple"},"yoast_head":"<!-- This site is optimized with the Yoast SEO plugin v27.5 - https:\/\/yoast.com\/product\/yoast-seo-wordpress\/ -->\n<title>Impresora De Etiquetas Zebra Gt800 203 Dpi 8 Mb Usb - IntegralPro<\/title>\n<meta name=\"robots\" content=\"index, follow, max-snippet:-1, max-image-preview:large, max-video-preview:-1\" \/>\n<link rel=\"canonical\" href=\"https:\/\/www.integralpro.com.co\/index.php\/producto\/impresora-de-etiquetas-zebra-gt800-203-dpi-8-mb-usb\/\" \/>\n<meta property=\"og:locale\" content=\"es_ES\" \/>\n<meta property=\"og:type\" content=\"article\" \/>\n<meta property=\"og:title\" content=\"Impresora De Etiquetas Zebra Gt800 203 Dpi 8 Mb Usb - IntegralPro\" \/>\n<meta property=\"og:description\" content=\"# DE PARTE:GT800-100510-100\" \/>\n<meta property=\"og:url\" content=\"https:\/\/www.integralpro.com.co\/index.php\/producto\/impresora-de-etiquetas-zebra-gt800-203-dpi-8-mb-usb\/\" \/>\n<meta property=\"og:site_name\" content=\"IntegralPro\" \/>\n<meta property=\"article:modified_time\" content=\"2021-02-19T19:54:47+00:00\" \/>\n<meta property=\"og:image\" content=\"https:\/\/www.integralpro.com.co\/wp-content\/uploads\/2021\/02\/5ea522fab82d4a9dbcab8de9b9de4911.jpg\" \/>\n\t<meta property=\"og:image:width\" content=\"1000\" \/>\n\t<meta property=\"og:image:height\" content=\"1000\" \/>\n\t<meta property=\"og:image:type\" content=\"image\/jpeg\" \/>\n<meta name=\"twitter:card\" content=\"summary_large_image\" \/>\n<meta name=\"twitter:label1\" content=\"Tiempo de lectura\" \/>\n\t<meta name=\"twitter:data1\" content=\"3 minutos\" \/>\n<script type=\"application\/ld+json\" class=\"yoast-schema-graph\">{\"@context\":\"https:\\\/\\\/schema.org\",\"@graph\":[{\"@type\":\"WebPage\",\"@id\":\"https:\\\/\\\/www.integralpro.com.co\\\/index.php\\\/producto\\\/impresora-de-etiquetas-zebra-gt800-203-dpi-8-mb-usb\\\/\",\"url\":\"https:\\\/\\\/www.integralpro.com.co\\\/index.php\\\/producto\\\/impresora-de-etiquetas-zebra-gt800-203-dpi-8-mb-usb\\\/\",\"name\":\"Impresora De Etiquetas Zebra Gt800 203 Dpi 8 Mb Usb - IntegralPro\",\"isPartOf\":{\"@id\":\"https:\\\/\\\/www.integralpro.com.co\\\/#website\"},\"primaryImageOfPage\":{\"@id\":\"https:\\\/\\\/www.integralpro.com.co\\\/index.php\\\/producto\\\/impresora-de-etiquetas-zebra-gt800-203-dpi-8-mb-usb\\\/#primaryimage\"},\"image\":{\"@id\":\"https:\\\/\\\/www.integralpro.com.co\\\/index.php\\\/producto\\\/impresora-de-etiquetas-zebra-gt800-203-dpi-8-mb-usb\\\/#primaryimage\"},\"thumbnailUrl\":\"https:\\\/\\\/www.integralpro.com.co\\\/wp-content\\\/uploads\\\/2021\\\/02\\\/5ea522fab82d4a9dbcab8de9b9de4911.jpg\",\"datePublished\":\"2021-02-19T19:53:55+00:00\",\"dateModified\":\"2021-02-19T19:54:47+00:00\",\"breadcrumb\":{\"@id\":\"https:\\\/\\\/www.integralpro.com.co\\\/index.php\\\/producto\\\/impresora-de-etiquetas-zebra-gt800-203-dpi-8-mb-usb\\\/#breadcrumb\"},\"inLanguage\":\"es\",\"potentialAction\":[{\"@type\":\"ReadAction\",\"target\":[\"https:\\\/\\\/www.integralpro.com.co\\\/index.php\\\/producto\\\/impresora-de-etiquetas-zebra-gt800-203-dpi-8-mb-usb\\\/\"]}]},{\"@type\":\"ImageObject\",\"inLanguage\":\"es\",\"@id\":\"https:\\\/\\\/www.integralpro.com.co\\\/index.php\\\/producto\\\/impresora-de-etiquetas-zebra-gt800-203-dpi-8-mb-usb\\\/#primaryimage\",\"url\":\"https:\\\/\\\/www.integralpro.com.co\\\/wp-content\\\/uploads\\\/2021\\\/02\\\/5ea522fab82d4a9dbcab8de9b9de4911.jpg\",\"contentUrl\":\"https:\\\/\\\/www.integralpro.com.co\\\/wp-content\\\/uploads\\\/2021\\\/02\\\/5ea522fab82d4a9dbcab8de9b9de4911.jpg\",\"width\":1000,\"height\":1000},{\"@type\":\"BreadcrumbList\",\"@id\":\"https:\\\/\\\/www.integralpro.com.co\\\/index.php\\\/producto\\\/impresora-de-etiquetas-zebra-gt800-203-dpi-8-mb-usb\\\/#breadcrumb\",\"itemListElement\":[{\"@type\":\"ListItem\",\"position\":1,\"name\":\"Portada\",\"item\":\"https:\\\/\\\/www.integralpro.com.co\\\/\"},{\"@type\":\"ListItem\",\"position\":2,\"name\":\"Tienda\",\"item\":\"https:\\\/\\\/www.integralpro.com.co\\\/index.php\\\/tienda\\\/\"},{\"@type\":\"ListItem\",\"position\":3,\"name\":\"Impresora De Etiquetas Zebra Gt800 203 Dpi 8 Mb Usb\"}]},{\"@type\":\"WebSite\",\"@id\":\"https:\\\/\\\/www.integralpro.com.co\\\/#website\",\"url\":\"https:\\\/\\\/www.integralpro.com.co\\\/\",\"name\":\"IntegralPro\",\"description\":\"Tienda de Tecnolog\u00eda en L\u00ednea\",\"publisher\":{\"@id\":\"https:\\\/\\\/www.integralpro.com.co\\\/#organization\"},\"potentialAction\":[{\"@type\":\"SearchAction\",\"target\":{\"@type\":\"EntryPoint\",\"urlTemplate\":\"https:\\\/\\\/www.integralpro.com.co\\\/?s={search_term_string}\"},\"query-input\":{\"@type\":\"PropertyValueSpecification\",\"valueRequired\":true,\"valueName\":\"search_term_string\"}}],\"inLanguage\":\"es\"},{\"@type\":\"Organization\",\"@id\":\"https:\\\/\\\/www.integralpro.com.co\\\/#organization\",\"name\":\"IntegralPro SAS\",\"url\":\"https:\\\/\\\/www.integralpro.com.co\\\/\",\"logo\":{\"@type\":\"ImageObject\",\"inLanguage\":\"es\",\"@id\":\"https:\\\/\\\/www.integralpro.com.co\\\/#\\\/schema\\\/logo\\\/image\\\/\",\"url\":\"https:\\\/\\\/www.integralpro.com.co\\\/wp-content\\\/uploads\\\/2021\\\/02\\\/logo-def.jpg\",\"contentUrl\":\"https:\\\/\\\/www.integralpro.com.co\\\/wp-content\\\/uploads\\\/2021\\\/02\\\/logo-def.jpg\",\"width\":238,\"height\":234,\"caption\":\"IntegralPro SAS\"},\"image\":{\"@id\":\"https:\\\/\\\/www.integralpro.com.co\\\/#\\\/schema\\\/logo\\\/image\\\/\"}}]}<\/script>\n<!-- \/ Yoast SEO plugin. -->","yoast_head_json":{"title":"Impresora De Etiquetas Zebra Gt800 203 Dpi 8 Mb Usb - IntegralPro","robots":{"index":"index","follow":"follow","max-snippet":"max-snippet:-1","max-image-preview":"max-image-preview:large","max-video-preview":"max-video-preview:-1"},"canonical":"https:\/\/www.integralpro.com.co\/index.php\/producto\/impresora-de-etiquetas-zebra-gt800-203-dpi-8-mb-usb\/","og_locale":"es_ES","og_type":"article","og_title":"Impresora De Etiquetas Zebra Gt800 203 Dpi 8 Mb Usb - IntegralPro","og_description":"# DE PARTE:GT800-100510-100","og_url":"https:\/\/www.integralpro.com.co\/index.php\/producto\/impresora-de-etiquetas-zebra-gt800-203-dpi-8-mb-usb\/","og_site_name":"IntegralPro","article_modified_time":"2021-02-19T19:54:47+00:00","og_image":[{"width":1000,"height":1000,"url":"https:\/\/www.integralpro.com.co\/wp-content\/uploads\/2021\/02\/5ea522fab82d4a9dbcab8de9b9de4911.jpg","type":"image\/jpeg"}],"twitter_card":"summary_large_image","twitter_misc":{"Tiempo de lectura":"3 minutos"},"schema":{"@context":"https:\/\/schema.org","@graph":[{"@type":"WebPage","@id":"https:\/\/www.integralpro.com.co\/index.php\/producto\/impresora-de-etiquetas-zebra-gt800-203-dpi-8-mb-usb\/","url":"https:\/\/www.integralpro.com.co\/index.php\/producto\/impresora-de-etiquetas-zebra-gt800-203-dpi-8-mb-usb\/","name":"Impresora De Etiquetas Zebra Gt800 203 Dpi 8 Mb Usb - IntegralPro","isPartOf":{"@id":"https:\/\/www.integralpro.com.co\/#website"},"primaryImageOfPage":{"@id":"https:\/\/www.integralpro.com.co\/index.php\/producto\/impresora-de-etiquetas-zebra-gt800-203-dpi-8-mb-usb\/#primaryimage"},"image":{"@id":"https:\/\/www.integralpro.com.co\/index.php\/producto\/impresora-de-etiquetas-zebra-gt800-203-dpi-8-mb-usb\/#primaryimage"},"thumbnailUrl":"https:\/\/www.integralpro.com.co\/wp-content\/uploads\/2021\/02\/5ea522fab82d4a9dbcab8de9b9de4911.jpg","datePublished":"2021-02-19T19:53:55+00:00","dateModified":"2021-02-19T19:54:47+00:00","breadcrumb":{"@id":"https:\/\/www.integralpro.com.co\/index.php\/producto\/impresora-de-etiquetas-zebra-gt800-203-dpi-8-mb-usb\/#breadcrumb"},"inLanguage":"es","potentialAction":[{"@type":"ReadAction","target":["https:\/\/www.integralpro.com.co\/index.php\/producto\/impresora-de-etiquetas-zebra-gt800-203-dpi-8-mb-usb\/"]}]},{"@type":"ImageObject","inLanguage":"es","@id":"https:\/\/www.integralpro.com.co\/index.php\/producto\/impresora-de-etiquetas-zebra-gt800-203-dpi-8-mb-usb\/#primaryimage","url":"https:\/\/www.integralpro.com.co\/wp-content\/uploads\/2021\/02\/5ea522fab82d4a9dbcab8de9b9de4911.jpg","contentUrl":"https:\/\/www.integralpro.com.co\/wp-content\/uploads\/2021\/02\/5ea522fab82d4a9dbcab8de9b9de4911.jpg","width":1000,"height":1000},{"@type":"BreadcrumbList","@id":"https:\/\/www.integralpro.com.co\/index.php\/producto\/impresora-de-etiquetas-zebra-gt800-203-dpi-8-mb-usb\/#breadcrumb","itemListElement":[{"@type":"ListItem","position":1,"name":"Portada","item":"https:\/\/www.integralpro.com.co\/"},{"@type":"ListItem","position":2,"name":"Tienda","item":"https:\/\/www.integralpro.com.co\/index.php\/tienda\/"},{"@type":"ListItem","position":3,"name":"Impresora De Etiquetas Zebra Gt800 203 Dpi 8 Mb Usb"}]},{"@type":"WebSite","@id":"https:\/\/www.integralpro.com.co\/#website","url":"https:\/\/www.integralpro.com.co\/","name":"IntegralPro","description":"Tienda de Tecnolog\u00eda en L\u00ednea","publisher":{"@id":"https:\/\/www.integralpro.com.co\/#organization"},"potentialAction":[{"@type":"SearchAction","target":{"@type":"EntryPoint","urlTemplate":"https:\/\/www.integralpro.com.co\/?s={search_term_string}"},"query-input":{"@type":"PropertyValueSpecification","valueRequired":true,"valueName":"search_term_string"}}],"inLanguage":"es"},{"@type":"Organization","@id":"https:\/\/www.integralpro.com.co\/#organization","name":"IntegralPro SAS","url":"https:\/\/www.integralpro.com.co\/","logo":{"@type":"ImageObject","inLanguage":"es","@id":"https:\/\/www.integralpro.com.co\/#\/schema\/logo\/image\/","url":"https:\/\/www.integralpro.com.co\/wp-content\/uploads\/2021\/02\/logo-def.jpg","contentUrl":"https:\/\/www.integralpro.com.co\/wp-content\/uploads\/2021\/02\/logo-def.jpg","width":238,"height":234,"caption":"IntegralPro SAS"},"image":{"@id":"https:\/\/www.integralpro.com.co\/#\/schema\/logo\/image\/"}}]}},"_links":{"self":[{"href":"https:\/\/www.integralpro.com.co\/index.php\/wp-json\/wp\/v2\/product\/2211","targetHints":{"allow":["GET"]}}],"collection":[{"href":"https:\/\/www.integralpro.com.co\/index.php\/wp-json\/wp\/v2\/product"}],"about":[{"href":"https:\/\/www.integralpro.com.co\/index.php\/wp-json\/wp\/v2\/types\/product"}],"version-history":[{"count":1,"href":"https:\/\/www.integralpro.com.co\/index.php\/wp-json\/wp\/v2\/product\/2211\/revisions"}],"predecessor-version":[{"id":2295,"href":"https:\/\/www.integralpro.com.co\/index.php\/wp-json\/wp\/v2\/product\/2211\/revisions\/2295"}],"wp:featuredmedia":[{"embeddable":true,"href":"https:\/\/www.integralpro.com.co\/index.php\/wp-json\/wp\/v2\/media\/2294"}],"wp:attachment":[{"href":"https:\/\/www.integralpro.com.co\/index.php\/wp-json\/wp\/v2\/media?parent=2211"}],"wp:term":[{"taxonomy":"product_brand","embeddable":true,"href":"https:\/\/www.integralpro.com.co\/index.php\/wp-json\/wp\/v2\/product_brand?post=2211"},{"taxonomy":"product_cat","embeddable":true,"href":"https:\/\/www.integralpro.com.co\/index.php\/wp-json\/wp\/v2\/product_cat?post=2211"},{"taxonomy":"product_tag","embeddable":true,"href":"https:\/\/www.integralpro.com.co\/index.php\/wp-json\/wp\/v2\/product_tag?post=2211"}],"curies":[{"name":"wp","href":"https:\/\/api.w.org\/{rel}","templated":true}]}}