{"id":2210,"date":"2021-02-19T14:53:55","date_gmt":"2021-02-19T19:53:55","guid":{"rendered":"https:\/\/www.integralpro.com.co\/index.php\/producto\/import-placeholder-for-1202\/"},"modified":"2021-02-19T14:54:45","modified_gmt":"2021-02-19T19:54:45","slug":"impresora-portatil-zebra-imz320-bluetooth-203dpi-monocromo","status":"publish","type":"product","link":"https:\/\/www.integralpro.com.co\/index.php\/producto\/impresora-portatil-zebra-imz320-bluetooth-203dpi-monocromo\/","title":{"rendered":"Impresora Portatil Zebra Imz320 Bluetooth 203Dpi Monocromo"},"content":{"rendered":"<p>Impresora port\u00e1til Zebra iMZ320 monocromo.Transferencia Termica, resolucion 203 dpi, 128MB, Bluetooth, IOS.&nbsp;<\/p>\n<p><\/p>\n<p><strong class=\"\">La eleccion en plataforma movil para impresiones en sitio:<\/strong><\/p>\n<p><\/p>\n<p>La Zebra iMZ320 ha sido creada para proporcionar facilidad y fiabilidad de uso en aplicaciones de impresion bajo demanda como punto de venta movil, reparaciones e instalaciones en campo, comprobante de entrega, restaurants y boletos de transporte. Dotada con tecnologia Bluetooth este modelo puede interactuar con los sistemas operativos mas comunes en smartphones y tabletas tales como Android, iOS, Windows Mobile, BlackBerry. Ademas agrega opciones para permitir la configuracion de manera rapida y sencilla. La iMZ320 puede imprimir recibos de hasta 3 pulgadas de ancho y cuenta con herramientas que le permitiran integrarlo con la plataforma inteligente que utilice.<\/p>\n<p><\/p>\n<p>Las mini impresoras llevan su negocio a donde necesita ir! El dise\u00f1o compacto de la serie Zebra iMZ hace que sea f\u00e1cil de transportar todo el d\u00eda. Impresora de recibos de ciclo ligero para aplicaciones simples de impresi\u00f3n de recibos. El tama\u00f1o compacto y el dise\u00f1o elegante con una clasificaci\u00f3n IP42, son ideales para aplicaciones en las que el usuario llevar\u00e1 la impresora por per\u00edodos prolongados o en entornos orientados al cliente. Perfecto para clientes sensibles al precio. Ideal para usuarios en los que la serie RW es un poco demasiado cara, demasiado grande o tiene m\u00e1s alarmas que las necesarias.<\/p>\n<p><\/p>\n<div class=\"\"><\/p>\n<div class=\"\"><\/p>\n<div class=\"\"><\/p>\n<div class=\"\"><\/p>\n<div class=\"\"><\/p>\n<div class=\"\"><\/p>\n<div class=\"\"><\/p>\n<div class=\"\"><\/p>\n<p><strong>Especificaciones T\u00e9cnicas<\/strong><\/p>\n<p><\/p>\n<p>Dimensiones :10.5 x 13.5 x 5.9 cm<br \/>Peso: 0.341 Kg<br \/>Marca: Zebra<br \/>Modelo: iMZ 320<br \/>Color: Gris<br \/>Velocidad m\u00e1xima de impresi\u00f3n mono: 4 in \/ s <br \/>Resoluci\u00f3n m\u00e1xima de impresi\u00f3n: 203 dpi <br \/>Color de impresi\u00f3n: Monocromo <br \/>Ancho M\u00e1ximo de Impresi\u00f3n: 2.90 \u00ab\u00bb <br \/>Uso recomendado: Impresi\u00f3n del recibo <br \/>Barra de l\u00e1grima <br \/>Cuentakil\u00f3metros <br \/>Resistente al polvo <br \/>Ligero <br \/>Indicador de estado <br \/>Resistente al agua <br \/>Resistente a ca\u00eddas <br \/>Impresi\u00f3n vertical e Impresi\u00f3n horizontal <br \/>C\u00f3digo de barras compatible con la simbolog\u00eda: Codabar NW-7 C\u00f3digo 39 C\u00f3digo 93 C\u00f3digo 128 EAN-8 EAN-13 EAN-13 con extensi\u00f3n de 2 y 5 d\u00edgitos EAN 8 con extensi\u00f3n de 2 y 5 d\u00edgitos Intercalados 2 de 5 UCC \/ EAN 128 Codigo azteca Matriz de datos Barra de datos GS1 RSS Maxi Code Micro PDF PDF-417 C\u00f3digo QR TLC 39 UPC-A UPC-E <br \/>USB: si <br \/>Bater\u00eda incluida: si<br \/>Qu\u00edmica de la bater\u00eda: Ion de litio (Li-Ion) <br \/>Memoria est\u00e1ndar: 128 MB <br \/>Memoria Flash: 128 MB <br \/>Red de comunicacion <br \/>Bluetooth: si<\/p>\n<p><\/p>\n<p><strong>Contenido Del Paquete<\/strong><\/p>\n<p><\/p>\n<p>Impresora m\u00f3vil iMZ320 &#8211; Enchufe de alimentaci\u00f3n &#8211; Bater\u00eda &#8211; Adaptador de CA -Rollo de medios &#8211; Documentaci\u00f3n.&nbsp;<\/p>\n<\/div>\n<\/div>\n<\/div>\n<\/div>\n<\/div>\n<\/div>\n<\/div>\n<\/div>\n","protected":false},"excerpt":{"rendered":"<p># DE PARTE:M3I-0UB00010-00<\/p>\n","protected":false},"featured_media":2292,"template":"","meta":{"site-sidebar-layout":"default","site-content-layout":"","ast-site-content-layout":"default","site-content-style":"default","site-sidebar-style":"default","ast-global-header-display":"","ast-banner-title-visibility":"","ast-main-header-display":"","ast-hfb-above-header-display":"","ast-hfb-below-header-display":"","ast-hfb-mobile-header-display":"","site-post-title":"","ast-breadcrumbs-content":"","ast-featured-img":"","footer-sml-layout":"","ast-disable-related-posts":"","theme-transparent-header-meta":"","adv-header-id-meta":"","stick-header-meta":"","header-above-stick-meta":"","header-main-stick-meta":"","header-below-stick-meta":"","astra-migrate-meta-layouts":"default","ast-page-background-enabled":"default","ast-page-background-meta":{"desktop":{"background-color":"var(--ast-global-color-4)","background-image":"","background-repeat":"repeat","background-position":"center center","background-size":"auto","background-attachment":"scroll","background-type":"","background-media":"","overlay-type":"","overlay-color":"","overlay-opacity":"","overlay-gradient":""},"tablet":{"background-color":"","background-image":"","background-repeat":"repeat","background-position":"center center","background-size":"auto","background-attachment":"scroll","background-type":"","background-media":"","overlay-type":"","overlay-color":"","overlay-opacity":"","overlay-gradient":""},"mobile":{"background-color":"","background-image":"","background-repeat":"repeat","background-position":"center center","background-size":"auto","background-attachment":"scroll","background-type":"","background-media":"","overlay-type":"","overlay-color":"","overlay-opacity":"","overlay-gradient":""}},"ast-content-background-meta":{"desktop":{"background-color":"var(--ast-global-color-5)","background-image":"","background-repeat":"repeat","background-position":"center center","background-size":"auto","background-attachment":"scroll","background-type":"","background-media":"","overlay-type":"","overlay-color":"","overlay-opacity":"","overlay-gradient":""},"tablet":{"background-color":"var(--ast-global-color-5)","background-image":"","background-repeat":"repeat","background-position":"center center","background-size":"auto","background-attachment":"scroll","background-type":"","background-media":"","overlay-type":"","overlay-color":"","overlay-opacity":"","overlay-gradient":""},"mobile":{"background-color":"var(--ast-global-color-5)","background-image":"","background-repeat":"repeat","background-position":"center center","background-size":"auto","background-attachment":"scroll","background-type":"","background-media":"","overlay-type":"","overlay-color":"","overlay-opacity":"","overlay-gradient":""}}},"product_brand":[],"product_cat":[57,130],"product_tag":[462],"class_list":{"0":"post-2210","1":"product","2":"type-product","3":"status-publish","4":"has-post-thumbnail","6":"product_cat-impresoras-y-suministros","7":"product_cat-punto-de-venta","8":"product_tag-zebra","9":"desktop-align-left","10":"tablet-align-left","11":"mobile-align-left","13":"first","14":"instock","15":"taxable","16":"shipping-taxable","17":"product-type-simple"},"yoast_head":"<!-- This site is optimized with the Yoast SEO plugin v27.4 - https:\/\/yoast.com\/product\/yoast-seo-wordpress\/ -->\n<title>Impresora Portatil Zebra Imz320 Bluetooth 203Dpi Monocromo - IntegralPro<\/title>\n<meta name=\"robots\" content=\"index, follow, max-snippet:-1, max-image-preview:large, max-video-preview:-1\" \/>\n<link rel=\"canonical\" href=\"https:\/\/www.integralpro.com.co\/index.php\/producto\/impresora-portatil-zebra-imz320-bluetooth-203dpi-monocromo\/\" \/>\n<meta property=\"og:locale\" content=\"es_ES\" \/>\n<meta property=\"og:type\" content=\"article\" \/>\n<meta property=\"og:title\" content=\"Impresora Portatil Zebra Imz320 Bluetooth 203Dpi Monocromo - IntegralPro\" \/>\n<meta property=\"og:description\" content=\"# DE PARTE:M3I-0UB00010-00\" \/>\n<meta property=\"og:url\" content=\"https:\/\/www.integralpro.com.co\/index.php\/producto\/impresora-portatil-zebra-imz320-bluetooth-203dpi-monocromo\/\" \/>\n<meta property=\"og:site_name\" content=\"IntegralPro\" \/>\n<meta property=\"article:modified_time\" content=\"2021-02-19T19:54:45+00:00\" \/>\n<meta property=\"og:image\" content=\"https:\/\/www.integralpro.com.co\/wp-content\/uploads\/2021\/02\/e3f049dc18b192909dc1f61471683b7b.jpg\" \/>\n\t<meta property=\"og:image:width\" content=\"1000\" \/>\n\t<meta property=\"og:image:height\" content=\"1000\" \/>\n\t<meta property=\"og:image:type\" content=\"image\/jpeg\" \/>\n<meta name=\"twitter:card\" content=\"summary_large_image\" \/>\n<meta name=\"twitter:label1\" content=\"Tiempo de lectura\" \/>\n\t<meta name=\"twitter:data1\" content=\"2 minutos\" \/>\n<script type=\"application\/ld+json\" class=\"yoast-schema-graph\">{\"@context\":\"https:\\\/\\\/schema.org\",\"@graph\":[{\"@type\":\"WebPage\",\"@id\":\"https:\\\/\\\/www.integralpro.com.co\\\/index.php\\\/producto\\\/impresora-portatil-zebra-imz320-bluetooth-203dpi-monocromo\\\/\",\"url\":\"https:\\\/\\\/www.integralpro.com.co\\\/index.php\\\/producto\\\/impresora-portatil-zebra-imz320-bluetooth-203dpi-monocromo\\\/\",\"name\":\"Impresora Portatil Zebra Imz320 Bluetooth 203Dpi Monocromo - IntegralPro\",\"isPartOf\":{\"@id\":\"https:\\\/\\\/www.integralpro.com.co\\\/#website\"},\"primaryImageOfPage\":{\"@id\":\"https:\\\/\\\/www.integralpro.com.co\\\/index.php\\\/producto\\\/impresora-portatil-zebra-imz320-bluetooth-203dpi-monocromo\\\/#primaryimage\"},\"image\":{\"@id\":\"https:\\\/\\\/www.integralpro.com.co\\\/index.php\\\/producto\\\/impresora-portatil-zebra-imz320-bluetooth-203dpi-monocromo\\\/#primaryimage\"},\"thumbnailUrl\":\"https:\\\/\\\/www.integralpro.com.co\\\/wp-content\\\/uploads\\\/2021\\\/02\\\/e3f049dc18b192909dc1f61471683b7b.jpg\",\"datePublished\":\"2021-02-19T19:53:55+00:00\",\"dateModified\":\"2021-02-19T19:54:45+00:00\",\"breadcrumb\":{\"@id\":\"https:\\\/\\\/www.integralpro.com.co\\\/index.php\\\/producto\\\/impresora-portatil-zebra-imz320-bluetooth-203dpi-monocromo\\\/#breadcrumb\"},\"inLanguage\":\"es\",\"potentialAction\":[{\"@type\":\"ReadAction\",\"target\":[\"https:\\\/\\\/www.integralpro.com.co\\\/index.php\\\/producto\\\/impresora-portatil-zebra-imz320-bluetooth-203dpi-monocromo\\\/\"]}]},{\"@type\":\"ImageObject\",\"inLanguage\":\"es\",\"@id\":\"https:\\\/\\\/www.integralpro.com.co\\\/index.php\\\/producto\\\/impresora-portatil-zebra-imz320-bluetooth-203dpi-monocromo\\\/#primaryimage\",\"url\":\"https:\\\/\\\/www.integralpro.com.co\\\/wp-content\\\/uploads\\\/2021\\\/02\\\/e3f049dc18b192909dc1f61471683b7b.jpg\",\"contentUrl\":\"https:\\\/\\\/www.integralpro.com.co\\\/wp-content\\\/uploads\\\/2021\\\/02\\\/e3f049dc18b192909dc1f61471683b7b.jpg\",\"width\":1000,\"height\":1000},{\"@type\":\"BreadcrumbList\",\"@id\":\"https:\\\/\\\/www.integralpro.com.co\\\/index.php\\\/producto\\\/impresora-portatil-zebra-imz320-bluetooth-203dpi-monocromo\\\/#breadcrumb\",\"itemListElement\":[{\"@type\":\"ListItem\",\"position\":1,\"name\":\"Portada\",\"item\":\"https:\\\/\\\/www.integralpro.com.co\\\/\"},{\"@type\":\"ListItem\",\"position\":2,\"name\":\"Tienda\",\"item\":\"https:\\\/\\\/www.integralpro.com.co\\\/index.php\\\/tienda\\\/\"},{\"@type\":\"ListItem\",\"position\":3,\"name\":\"Impresora Portatil Zebra Imz320 Bluetooth 203Dpi Monocromo\"}]},{\"@type\":\"WebSite\",\"@id\":\"https:\\\/\\\/www.integralpro.com.co\\\/#website\",\"url\":\"https:\\\/\\\/www.integralpro.com.co\\\/\",\"name\":\"IntegralPro\",\"description\":\"Tienda de Tecnolog\u00eda en L\u00ednea\",\"publisher\":{\"@id\":\"https:\\\/\\\/www.integralpro.com.co\\\/#organization\"},\"potentialAction\":[{\"@type\":\"SearchAction\",\"target\":{\"@type\":\"EntryPoint\",\"urlTemplate\":\"https:\\\/\\\/www.integralpro.com.co\\\/?s={search_term_string}\"},\"query-input\":{\"@type\":\"PropertyValueSpecification\",\"valueRequired\":true,\"valueName\":\"search_term_string\"}}],\"inLanguage\":\"es\"},{\"@type\":\"Organization\",\"@id\":\"https:\\\/\\\/www.integralpro.com.co\\\/#organization\",\"name\":\"IntegralPro SAS\",\"url\":\"https:\\\/\\\/www.integralpro.com.co\\\/\",\"logo\":{\"@type\":\"ImageObject\",\"inLanguage\":\"es\",\"@id\":\"https:\\\/\\\/www.integralpro.com.co\\\/#\\\/schema\\\/logo\\\/image\\\/\",\"url\":\"https:\\\/\\\/www.integralpro.com.co\\\/wp-content\\\/uploads\\\/2021\\\/02\\\/logo-def.jpg\",\"contentUrl\":\"https:\\\/\\\/www.integralpro.com.co\\\/wp-content\\\/uploads\\\/2021\\\/02\\\/logo-def.jpg\",\"width\":238,\"height\":234,\"caption\":\"IntegralPro SAS\"},\"image\":{\"@id\":\"https:\\\/\\\/www.integralpro.com.co\\\/#\\\/schema\\\/logo\\\/image\\\/\"}}]}<\/script>\n<!-- \/ Yoast SEO plugin. -->","yoast_head_json":{"title":"Impresora Portatil Zebra Imz320 Bluetooth 203Dpi Monocromo - IntegralPro","robots":{"index":"index","follow":"follow","max-snippet":"max-snippet:-1","max-image-preview":"max-image-preview:large","max-video-preview":"max-video-preview:-1"},"canonical":"https:\/\/www.integralpro.com.co\/index.php\/producto\/impresora-portatil-zebra-imz320-bluetooth-203dpi-monocromo\/","og_locale":"es_ES","og_type":"article","og_title":"Impresora Portatil Zebra Imz320 Bluetooth 203Dpi Monocromo - IntegralPro","og_description":"# DE PARTE:M3I-0UB00010-00","og_url":"https:\/\/www.integralpro.com.co\/index.php\/producto\/impresora-portatil-zebra-imz320-bluetooth-203dpi-monocromo\/","og_site_name":"IntegralPro","article_modified_time":"2021-02-19T19:54:45+00:00","og_image":[{"width":1000,"height":1000,"url":"https:\/\/www.integralpro.com.co\/wp-content\/uploads\/2021\/02\/e3f049dc18b192909dc1f61471683b7b.jpg","type":"image\/jpeg"}],"twitter_card":"summary_large_image","twitter_misc":{"Tiempo de lectura":"2 minutos"},"schema":{"@context":"https:\/\/schema.org","@graph":[{"@type":"WebPage","@id":"https:\/\/www.integralpro.com.co\/index.php\/producto\/impresora-portatil-zebra-imz320-bluetooth-203dpi-monocromo\/","url":"https:\/\/www.integralpro.com.co\/index.php\/producto\/impresora-portatil-zebra-imz320-bluetooth-203dpi-monocromo\/","name":"Impresora Portatil Zebra Imz320 Bluetooth 203Dpi Monocromo - IntegralPro","isPartOf":{"@id":"https:\/\/www.integralpro.com.co\/#website"},"primaryImageOfPage":{"@id":"https:\/\/www.integralpro.com.co\/index.php\/producto\/impresora-portatil-zebra-imz320-bluetooth-203dpi-monocromo\/#primaryimage"},"image":{"@id":"https:\/\/www.integralpro.com.co\/index.php\/producto\/impresora-portatil-zebra-imz320-bluetooth-203dpi-monocromo\/#primaryimage"},"thumbnailUrl":"https:\/\/www.integralpro.com.co\/wp-content\/uploads\/2021\/02\/e3f049dc18b192909dc1f61471683b7b.jpg","datePublished":"2021-02-19T19:53:55+00:00","dateModified":"2021-02-19T19:54:45+00:00","breadcrumb":{"@id":"https:\/\/www.integralpro.com.co\/index.php\/producto\/impresora-portatil-zebra-imz320-bluetooth-203dpi-monocromo\/#breadcrumb"},"inLanguage":"es","potentialAction":[{"@type":"ReadAction","target":["https:\/\/www.integralpro.com.co\/index.php\/producto\/impresora-portatil-zebra-imz320-bluetooth-203dpi-monocromo\/"]}]},{"@type":"ImageObject","inLanguage":"es","@id":"https:\/\/www.integralpro.com.co\/index.php\/producto\/impresora-portatil-zebra-imz320-bluetooth-203dpi-monocromo\/#primaryimage","url":"https:\/\/www.integralpro.com.co\/wp-content\/uploads\/2021\/02\/e3f049dc18b192909dc1f61471683b7b.jpg","contentUrl":"https:\/\/www.integralpro.com.co\/wp-content\/uploads\/2021\/02\/e3f049dc18b192909dc1f61471683b7b.jpg","width":1000,"height":1000},{"@type":"BreadcrumbList","@id":"https:\/\/www.integralpro.com.co\/index.php\/producto\/impresora-portatil-zebra-imz320-bluetooth-203dpi-monocromo\/#breadcrumb","itemListElement":[{"@type":"ListItem","position":1,"name":"Portada","item":"https:\/\/www.integralpro.com.co\/"},{"@type":"ListItem","position":2,"name":"Tienda","item":"https:\/\/www.integralpro.com.co\/index.php\/tienda\/"},{"@type":"ListItem","position":3,"name":"Impresora Portatil Zebra Imz320 Bluetooth 203Dpi Monocromo"}]},{"@type":"WebSite","@id":"https:\/\/www.integralpro.com.co\/#website","url":"https:\/\/www.integralpro.com.co\/","name":"IntegralPro","description":"Tienda de Tecnolog\u00eda en L\u00ednea","publisher":{"@id":"https:\/\/www.integralpro.com.co\/#organization"},"potentialAction":[{"@type":"SearchAction","target":{"@type":"EntryPoint","urlTemplate":"https:\/\/www.integralpro.com.co\/?s={search_term_string}"},"query-input":{"@type":"PropertyValueSpecification","valueRequired":true,"valueName":"search_term_string"}}],"inLanguage":"es"},{"@type":"Organization","@id":"https:\/\/www.integralpro.com.co\/#organization","name":"IntegralPro SAS","url":"https:\/\/www.integralpro.com.co\/","logo":{"@type":"ImageObject","inLanguage":"es","@id":"https:\/\/www.integralpro.com.co\/#\/schema\/logo\/image\/","url":"https:\/\/www.integralpro.com.co\/wp-content\/uploads\/2021\/02\/logo-def.jpg","contentUrl":"https:\/\/www.integralpro.com.co\/wp-content\/uploads\/2021\/02\/logo-def.jpg","width":238,"height":234,"caption":"IntegralPro SAS"},"image":{"@id":"https:\/\/www.integralpro.com.co\/#\/schema\/logo\/image\/"}}]}},"_links":{"self":[{"href":"https:\/\/www.integralpro.com.co\/index.php\/wp-json\/wp\/v2\/product\/2210","targetHints":{"allow":["GET"]}}],"collection":[{"href":"https:\/\/www.integralpro.com.co\/index.php\/wp-json\/wp\/v2\/product"}],"about":[{"href":"https:\/\/www.integralpro.com.co\/index.php\/wp-json\/wp\/v2\/types\/product"}],"version-history":[{"count":1,"href":"https:\/\/www.integralpro.com.co\/index.php\/wp-json\/wp\/v2\/product\/2210\/revisions"}],"predecessor-version":[{"id":2293,"href":"https:\/\/www.integralpro.com.co\/index.php\/wp-json\/wp\/v2\/product\/2210\/revisions\/2293"}],"wp:featuredmedia":[{"embeddable":true,"href":"https:\/\/www.integralpro.com.co\/index.php\/wp-json\/wp\/v2\/media\/2292"}],"wp:attachment":[{"href":"https:\/\/www.integralpro.com.co\/index.php\/wp-json\/wp\/v2\/media?parent=2210"}],"wp:term":[{"taxonomy":"product_brand","embeddable":true,"href":"https:\/\/www.integralpro.com.co\/index.php\/wp-json\/wp\/v2\/product_brand?post=2210"},{"taxonomy":"product_cat","embeddable":true,"href":"https:\/\/www.integralpro.com.co\/index.php\/wp-json\/wp\/v2\/product_cat?post=2210"},{"taxonomy":"product_tag","embeddable":true,"href":"https:\/\/www.integralpro.com.co\/index.php\/wp-json\/wp\/v2\/product_tag?post=2210"}],"curies":[{"name":"wp","href":"https:\/\/api.w.org\/{rel}","templated":true}]}}