{"id":2208,"date":"2021-02-19T14:53:55","date_gmt":"2021-02-19T19:53:55","guid":{"rendered":"https:\/\/www.integralpro.com.co\/index.php\/producto\/import-placeholder-for-1200\/"},"modified":"2021-02-19T15:31:35","modified_gmt":"2021-02-19T20:31:35","slug":"memoria-ram-adata-ddr4-2666mhz-8gb-cl-19-260-pin-so-dimm","status":"publish","type":"product","link":"https:\/\/www.integralpro.com.co\/index.php\/producto\/memoria-ram-adata-ddr4-2666mhz-8gb-cl-19-260-pin-so-dimm\/","title":{"rendered":"Memoria Ram Adata Ddr4 2666Mhz 8Gb Cl 19 260 Pin So Dimm"},"content":{"rendered":"<p>Memoria RAM Adata DDR4 2666MHz 8GB CL 19 260 pin SO DIMM. Componente para: Port\u00e1til Memoria interna: <br \/>8 GB<br \/>Dise\u00f1o de memoria (m\u00f3dulos x tama\u00f1o): 1 x 8 GB Tipo de memoria interna: DDR4. Velocidad de memoria del reloj: 2666 MHz.Forma de factor de memoria: 260-pin SO-DIMM. Latencia CAS: 19<\/p>\n<p>&nbsp;Ofrecen transferencias de datos m\u00e1s r\u00e1pidas que DDR3, adem\u00e1s de un menor consumo energ\u00e9tico que reduce el calor y aumenta la duraci\u00f3n de la bater\u00eda. Nuestra DDR4 tambi\u00e9n est\u00e1 optimizada para dar rienda suelta a la potencia de los \u00faltimos procesadores Intel.<\/p>\n<p>Muy r\u00e1pida y ultraeficiente. <\/p>\n<p>Los m\u00f3dulos DDR4 ADATA para port\u00e1tiles aprovechan ventajas de la nueva generaci\u00f3n de productos econ\u00f3micos y de alta fiabilidad. DDR4 ofrece un mayor rendimiento gracias a frecuencias m\u00e1s r\u00e1pidas en comparaci\u00f3n con DDR3, subiendo hasta 2666MHz. Esto lo consigue operando a tan s\u00f3lo 1.2V, que es 20% menos que DDR3 en t\u00e9rminos de consumo energ\u00e9tico.<br \/>Cumple los exigentes est\u00e1ndares de las plataformas de nueva generaci\u00f3n, Cumple con los est\u00e1ndares JEDEC, Compatible con RoHS, Soporta las plataformas Intel Skylake y Coffee Lake, preparado para futuras plataformas Kaby Lake y Cannon Lake&nbsp;<\/p>\n<p><strong>Especificaciones T\u00e9cnicas<\/strong><\/p>\n<p>Dimensiones :&nbsp; 17 x 5.5 x 0.9 Cm<\/p>\n<p>Peso: 0.0225 Kg<\/p>\n<p>Marca: Adata<\/p>\n<p>Modelo: DDRA<\/p>\n<p>Factor de forma: 260-pin SO-DIMM <\/p>\n<p>Memoria interna: 8 GB <\/p>\n<p>Voltaje de memoria: 1.2 V <\/p>\n<p>Tipo de memoria interna: DDR4 <\/p>\n<p>Configuraci\u00f3n de m\u00f3dulos:1024M x 8<\/p>\n<p>Dise\u00f1o de memoria (m\u00f3dulos x tama\u00f1o): 1 x 8 GB <\/p>\n<p>Componente: para<br \/>Port\u00e1til<\/p>\n<p>Latencia: CAS<br \/>19<\/p>\n<p>Velocidad de memoria del reloj: 2666 MHz<\/p>\n<p>Intervalo de temperatura: operativa<br \/>0 &#8211; 85 \u00b0C<\/p>\n<p>Dise\u00f1o<br \/>Acorde RoHS:<br \/>Si<\/p>\n<p>Dise\u00f1o JEDEC standard:<br \/>Si<\/p>\n<p><strong>Contenido Del Paquete<\/strong><\/p>\n<p><\/p>\n<p>Memoria RAM &#8211;<\/p>\n<p> Documentaci\u00f3n.<\/p>\n","protected":false},"excerpt":{"rendered":"<p># DE PARTE:AD4S266638G19-S<\/p>\n","protected":false},"featured_media":2288,"template":"","meta":{"site-sidebar-layout":"default","site-content-layout":"","ast-site-content-layout":"default","site-content-style":"default","site-sidebar-style":"default","ast-global-header-display":"","ast-banner-title-visibility":"","ast-main-header-display":"","ast-hfb-above-header-display":"","ast-hfb-below-header-display":"","ast-hfb-mobile-header-display":"","site-post-title":"","ast-breadcrumbs-content":"","ast-featured-img":"","footer-sml-layout":"","ast-disable-related-posts":"","theme-transparent-header-meta":"","adv-header-id-meta":"","stick-header-meta":"","header-above-stick-meta":"","header-main-stick-meta":"","header-below-stick-meta":"","astra-migrate-meta-layouts":"default","ast-page-background-enabled":"default","ast-page-background-meta":{"desktop":{"background-color":"var(--ast-global-color-4)","background-image":"","background-repeat":"repeat","background-position":"center center","background-size":"auto","background-attachment":"scroll","background-type":"","background-media":"","overlay-type":"","overlay-color":"","overlay-opacity":"","overlay-gradient":""},"tablet":{"background-color":"","background-image":"","background-repeat":"repeat","background-position":"center center","background-size":"auto","background-attachment":"scroll","background-type":"","background-media":"","overlay-type":"","overlay-color":"","overlay-opacity":"","overlay-gradient":""},"mobile":{"background-color":"","background-image":"","background-repeat":"repeat","background-position":"center center","background-size":"auto","background-attachment":"scroll","background-type":"","background-media":"","overlay-type":"","overlay-color":"","overlay-opacity":"","overlay-gradient":""}},"ast-content-background-meta":{"desktop":{"background-color":"var(--ast-global-color-5)","background-image":"","background-repeat":"repeat","background-position":"center center","background-size":"auto","background-attachment":"scroll","background-type":"","background-media":"","overlay-type":"","overlay-color":"","overlay-opacity":"","overlay-gradient":""},"tablet":{"background-color":"var(--ast-global-color-5)","background-image":"","background-repeat":"repeat","background-position":"center center","background-size":"auto","background-attachment":"scroll","background-type":"","background-media":"","overlay-type":"","overlay-color":"","overlay-opacity":"","overlay-gradient":""},"mobile":{"background-color":"var(--ast-global-color-5)","background-image":"","background-repeat":"repeat","background-position":"center center","background-size":"auto","background-attachment":"scroll","background-type":"","background-media":"","overlay-type":"","overlay-color":"","overlay-opacity":"","overlay-gradient":""}}},"product_brand":[],"product_cat":[58,117],"product_tag":[48],"class_list":{"0":"post-2208","1":"product","2":"type-product","3":"status-publish","4":"has-post-thumbnail","6":"product_cat-memorias","7":"product_cat-memorias-ram","8":"product_tag-adata","9":"desktop-align-left","10":"tablet-align-left","11":"mobile-align-left","13":"first","14":"instock","15":"taxable","16":"shipping-taxable","17":"product-type-simple"},"yoast_head":"<!-- This site is optimized with the Yoast SEO plugin v27.4 - https:\/\/yoast.com\/product\/yoast-seo-wordpress\/ -->\n<title>Memoria Ram Adata Ddr4 2666Mhz 8Gb Cl 19 260 Pin So Dimm - IntegralPro<\/title>\n<meta name=\"robots\" content=\"index, follow, max-snippet:-1, max-image-preview:large, max-video-preview:-1\" \/>\n<link rel=\"canonical\" href=\"https:\/\/www.integralpro.com.co\/index.php\/producto\/memoria-ram-adata-ddr4-2666mhz-8gb-cl-19-260-pin-so-dimm\/\" \/>\n<meta property=\"og:locale\" content=\"es_ES\" \/>\n<meta property=\"og:type\" content=\"article\" \/>\n<meta property=\"og:title\" content=\"Memoria Ram Adata Ddr4 2666Mhz 8Gb Cl 19 260 Pin So Dimm - IntegralPro\" \/>\n<meta property=\"og:description\" content=\"# DE PARTE:AD4S266638G19-S\" \/>\n<meta property=\"og:url\" content=\"https:\/\/www.integralpro.com.co\/index.php\/producto\/memoria-ram-adata-ddr4-2666mhz-8gb-cl-19-260-pin-so-dimm\/\" \/>\n<meta property=\"og:site_name\" content=\"IntegralPro\" \/>\n<meta property=\"article:modified_time\" content=\"2021-02-19T20:31:35+00:00\" \/>\n<meta property=\"og:image\" content=\"https:\/\/www.integralpro.com.co\/wp-content\/uploads\/2021\/02\/5c4ccee8249067fc8ff6b6563063f86f.jpg\" \/>\n\t<meta property=\"og:image:width\" content=\"1000\" \/>\n\t<meta property=\"og:image:height\" content=\"1000\" \/>\n\t<meta property=\"og:image:type\" content=\"image\/jpeg\" \/>\n<meta name=\"twitter:card\" content=\"summary_large_image\" \/>\n<meta name=\"twitter:label1\" content=\"Tiempo de lectura\" \/>\n\t<meta name=\"twitter:data1\" content=\"1 minuto\" \/>\n<script type=\"application\/ld+json\" class=\"yoast-schema-graph\">{\"@context\":\"https:\\\/\\\/schema.org\",\"@graph\":[{\"@type\":\"WebPage\",\"@id\":\"https:\\\/\\\/www.integralpro.com.co\\\/index.php\\\/producto\\\/memoria-ram-adata-ddr4-2666mhz-8gb-cl-19-260-pin-so-dimm\\\/\",\"url\":\"https:\\\/\\\/www.integralpro.com.co\\\/index.php\\\/producto\\\/memoria-ram-adata-ddr4-2666mhz-8gb-cl-19-260-pin-so-dimm\\\/\",\"name\":\"Memoria Ram Adata Ddr4 2666Mhz 8Gb Cl 19 260 Pin So Dimm - IntegralPro\",\"isPartOf\":{\"@id\":\"https:\\\/\\\/www.integralpro.com.co\\\/#website\"},\"primaryImageOfPage\":{\"@id\":\"https:\\\/\\\/www.integralpro.com.co\\\/index.php\\\/producto\\\/memoria-ram-adata-ddr4-2666mhz-8gb-cl-19-260-pin-so-dimm\\\/#primaryimage\"},\"image\":{\"@id\":\"https:\\\/\\\/www.integralpro.com.co\\\/index.php\\\/producto\\\/memoria-ram-adata-ddr4-2666mhz-8gb-cl-19-260-pin-so-dimm\\\/#primaryimage\"},\"thumbnailUrl\":\"https:\\\/\\\/www.integralpro.com.co\\\/wp-content\\\/uploads\\\/2021\\\/02\\\/5c4ccee8249067fc8ff6b6563063f86f.jpg\",\"datePublished\":\"2021-02-19T19:53:55+00:00\",\"dateModified\":\"2021-02-19T20:31:35+00:00\",\"breadcrumb\":{\"@id\":\"https:\\\/\\\/www.integralpro.com.co\\\/index.php\\\/producto\\\/memoria-ram-adata-ddr4-2666mhz-8gb-cl-19-260-pin-so-dimm\\\/#breadcrumb\"},\"inLanguage\":\"es\",\"potentialAction\":[{\"@type\":\"ReadAction\",\"target\":[\"https:\\\/\\\/www.integralpro.com.co\\\/index.php\\\/producto\\\/memoria-ram-adata-ddr4-2666mhz-8gb-cl-19-260-pin-so-dimm\\\/\"]}]},{\"@type\":\"ImageObject\",\"inLanguage\":\"es\",\"@id\":\"https:\\\/\\\/www.integralpro.com.co\\\/index.php\\\/producto\\\/memoria-ram-adata-ddr4-2666mhz-8gb-cl-19-260-pin-so-dimm\\\/#primaryimage\",\"url\":\"https:\\\/\\\/www.integralpro.com.co\\\/wp-content\\\/uploads\\\/2021\\\/02\\\/5c4ccee8249067fc8ff6b6563063f86f.jpg\",\"contentUrl\":\"https:\\\/\\\/www.integralpro.com.co\\\/wp-content\\\/uploads\\\/2021\\\/02\\\/5c4ccee8249067fc8ff6b6563063f86f.jpg\",\"width\":1000,\"height\":1000},{\"@type\":\"BreadcrumbList\",\"@id\":\"https:\\\/\\\/www.integralpro.com.co\\\/index.php\\\/producto\\\/memoria-ram-adata-ddr4-2666mhz-8gb-cl-19-260-pin-so-dimm\\\/#breadcrumb\",\"itemListElement\":[{\"@type\":\"ListItem\",\"position\":1,\"name\":\"Portada\",\"item\":\"https:\\\/\\\/www.integralpro.com.co\\\/\"},{\"@type\":\"ListItem\",\"position\":2,\"name\":\"Tienda\",\"item\":\"https:\\\/\\\/www.integralpro.com.co\\\/index.php\\\/tienda\\\/\"},{\"@type\":\"ListItem\",\"position\":3,\"name\":\"Memoria Ram Adata Ddr4 2666Mhz 8Gb Cl 19 260 Pin So Dimm\"}]},{\"@type\":\"WebSite\",\"@id\":\"https:\\\/\\\/www.integralpro.com.co\\\/#website\",\"url\":\"https:\\\/\\\/www.integralpro.com.co\\\/\",\"name\":\"IntegralPro\",\"description\":\"Tienda de Tecnolog\u00eda en L\u00ednea\",\"publisher\":{\"@id\":\"https:\\\/\\\/www.integralpro.com.co\\\/#organization\"},\"potentialAction\":[{\"@type\":\"SearchAction\",\"target\":{\"@type\":\"EntryPoint\",\"urlTemplate\":\"https:\\\/\\\/www.integralpro.com.co\\\/?s={search_term_string}\"},\"query-input\":{\"@type\":\"PropertyValueSpecification\",\"valueRequired\":true,\"valueName\":\"search_term_string\"}}],\"inLanguage\":\"es\"},{\"@type\":\"Organization\",\"@id\":\"https:\\\/\\\/www.integralpro.com.co\\\/#organization\",\"name\":\"IntegralPro SAS\",\"url\":\"https:\\\/\\\/www.integralpro.com.co\\\/\",\"logo\":{\"@type\":\"ImageObject\",\"inLanguage\":\"es\",\"@id\":\"https:\\\/\\\/www.integralpro.com.co\\\/#\\\/schema\\\/logo\\\/image\\\/\",\"url\":\"https:\\\/\\\/www.integralpro.com.co\\\/wp-content\\\/uploads\\\/2021\\\/02\\\/logo-def.jpg\",\"contentUrl\":\"https:\\\/\\\/www.integralpro.com.co\\\/wp-content\\\/uploads\\\/2021\\\/02\\\/logo-def.jpg\",\"width\":238,\"height\":234,\"caption\":\"IntegralPro SAS\"},\"image\":{\"@id\":\"https:\\\/\\\/www.integralpro.com.co\\\/#\\\/schema\\\/logo\\\/image\\\/\"}}]}<\/script>\n<!-- \/ Yoast SEO plugin. -->","yoast_head_json":{"title":"Memoria Ram Adata Ddr4 2666Mhz 8Gb Cl 19 260 Pin So Dimm - IntegralPro","robots":{"index":"index","follow":"follow","max-snippet":"max-snippet:-1","max-image-preview":"max-image-preview:large","max-video-preview":"max-video-preview:-1"},"canonical":"https:\/\/www.integralpro.com.co\/index.php\/producto\/memoria-ram-adata-ddr4-2666mhz-8gb-cl-19-260-pin-so-dimm\/","og_locale":"es_ES","og_type":"article","og_title":"Memoria Ram Adata Ddr4 2666Mhz 8Gb Cl 19 260 Pin So Dimm - IntegralPro","og_description":"# DE PARTE:AD4S266638G19-S","og_url":"https:\/\/www.integralpro.com.co\/index.php\/producto\/memoria-ram-adata-ddr4-2666mhz-8gb-cl-19-260-pin-so-dimm\/","og_site_name":"IntegralPro","article_modified_time":"2021-02-19T20:31:35+00:00","og_image":[{"width":1000,"height":1000,"url":"https:\/\/www.integralpro.com.co\/wp-content\/uploads\/2021\/02\/5c4ccee8249067fc8ff6b6563063f86f.jpg","type":"image\/jpeg"}],"twitter_card":"summary_large_image","twitter_misc":{"Tiempo de lectura":"1 minuto"},"schema":{"@context":"https:\/\/schema.org","@graph":[{"@type":"WebPage","@id":"https:\/\/www.integralpro.com.co\/index.php\/producto\/memoria-ram-adata-ddr4-2666mhz-8gb-cl-19-260-pin-so-dimm\/","url":"https:\/\/www.integralpro.com.co\/index.php\/producto\/memoria-ram-adata-ddr4-2666mhz-8gb-cl-19-260-pin-so-dimm\/","name":"Memoria Ram Adata Ddr4 2666Mhz 8Gb Cl 19 260 Pin So Dimm - IntegralPro","isPartOf":{"@id":"https:\/\/www.integralpro.com.co\/#website"},"primaryImageOfPage":{"@id":"https:\/\/www.integralpro.com.co\/index.php\/producto\/memoria-ram-adata-ddr4-2666mhz-8gb-cl-19-260-pin-so-dimm\/#primaryimage"},"image":{"@id":"https:\/\/www.integralpro.com.co\/index.php\/producto\/memoria-ram-adata-ddr4-2666mhz-8gb-cl-19-260-pin-so-dimm\/#primaryimage"},"thumbnailUrl":"https:\/\/www.integralpro.com.co\/wp-content\/uploads\/2021\/02\/5c4ccee8249067fc8ff6b6563063f86f.jpg","datePublished":"2021-02-19T19:53:55+00:00","dateModified":"2021-02-19T20:31:35+00:00","breadcrumb":{"@id":"https:\/\/www.integralpro.com.co\/index.php\/producto\/memoria-ram-adata-ddr4-2666mhz-8gb-cl-19-260-pin-so-dimm\/#breadcrumb"},"inLanguage":"es","potentialAction":[{"@type":"ReadAction","target":["https:\/\/www.integralpro.com.co\/index.php\/producto\/memoria-ram-adata-ddr4-2666mhz-8gb-cl-19-260-pin-so-dimm\/"]}]},{"@type":"ImageObject","inLanguage":"es","@id":"https:\/\/www.integralpro.com.co\/index.php\/producto\/memoria-ram-adata-ddr4-2666mhz-8gb-cl-19-260-pin-so-dimm\/#primaryimage","url":"https:\/\/www.integralpro.com.co\/wp-content\/uploads\/2021\/02\/5c4ccee8249067fc8ff6b6563063f86f.jpg","contentUrl":"https:\/\/www.integralpro.com.co\/wp-content\/uploads\/2021\/02\/5c4ccee8249067fc8ff6b6563063f86f.jpg","width":1000,"height":1000},{"@type":"BreadcrumbList","@id":"https:\/\/www.integralpro.com.co\/index.php\/producto\/memoria-ram-adata-ddr4-2666mhz-8gb-cl-19-260-pin-so-dimm\/#breadcrumb","itemListElement":[{"@type":"ListItem","position":1,"name":"Portada","item":"https:\/\/www.integralpro.com.co\/"},{"@type":"ListItem","position":2,"name":"Tienda","item":"https:\/\/www.integralpro.com.co\/index.php\/tienda\/"},{"@type":"ListItem","position":3,"name":"Memoria Ram Adata Ddr4 2666Mhz 8Gb Cl 19 260 Pin So Dimm"}]},{"@type":"WebSite","@id":"https:\/\/www.integralpro.com.co\/#website","url":"https:\/\/www.integralpro.com.co\/","name":"IntegralPro","description":"Tienda de Tecnolog\u00eda en L\u00ednea","publisher":{"@id":"https:\/\/www.integralpro.com.co\/#organization"},"potentialAction":[{"@type":"SearchAction","target":{"@type":"EntryPoint","urlTemplate":"https:\/\/www.integralpro.com.co\/?s={search_term_string}"},"query-input":{"@type":"PropertyValueSpecification","valueRequired":true,"valueName":"search_term_string"}}],"inLanguage":"es"},{"@type":"Organization","@id":"https:\/\/www.integralpro.com.co\/#organization","name":"IntegralPro SAS","url":"https:\/\/www.integralpro.com.co\/","logo":{"@type":"ImageObject","inLanguage":"es","@id":"https:\/\/www.integralpro.com.co\/#\/schema\/logo\/image\/","url":"https:\/\/www.integralpro.com.co\/wp-content\/uploads\/2021\/02\/logo-def.jpg","contentUrl":"https:\/\/www.integralpro.com.co\/wp-content\/uploads\/2021\/02\/logo-def.jpg","width":238,"height":234,"caption":"IntegralPro SAS"},"image":{"@id":"https:\/\/www.integralpro.com.co\/#\/schema\/logo\/image\/"}}]}},"_links":{"self":[{"href":"https:\/\/www.integralpro.com.co\/index.php\/wp-json\/wp\/v2\/product\/2208","targetHints":{"allow":["GET"]}}],"collection":[{"href":"https:\/\/www.integralpro.com.co\/index.php\/wp-json\/wp\/v2\/product"}],"about":[{"href":"https:\/\/www.integralpro.com.co\/index.php\/wp-json\/wp\/v2\/types\/product"}],"version-history":[{"count":1,"href":"https:\/\/www.integralpro.com.co\/index.php\/wp-json\/wp\/v2\/product\/2208\/revisions"}],"predecessor-version":[{"id":2289,"href":"https:\/\/www.integralpro.com.co\/index.php\/wp-json\/wp\/v2\/product\/2208\/revisions\/2289"}],"wp:featuredmedia":[{"embeddable":true,"href":"https:\/\/www.integralpro.com.co\/index.php\/wp-json\/wp\/v2\/media\/2288"}],"wp:attachment":[{"href":"https:\/\/www.integralpro.com.co\/index.php\/wp-json\/wp\/v2\/media?parent=2208"}],"wp:term":[{"taxonomy":"product_brand","embeddable":true,"href":"https:\/\/www.integralpro.com.co\/index.php\/wp-json\/wp\/v2\/product_brand?post=2208"},{"taxonomy":"product_cat","embeddable":true,"href":"https:\/\/www.integralpro.com.co\/index.php\/wp-json\/wp\/v2\/product_cat?post=2208"},{"taxonomy":"product_tag","embeddable":true,"href":"https:\/\/www.integralpro.com.co\/index.php\/wp-json\/wp\/v2\/product_tag?post=2208"}],"curies":[{"name":"wp","href":"https:\/\/api.w.org\/{rel}","templated":true}]}}