{"id":2206,"date":"2021-02-19T14:53:55","date_gmt":"2021-02-19T19:53:55","guid":{"rendered":"https:\/\/www.integralpro.com.co\/index.php\/producto\/import-placeholder-for-1198\/"},"modified":"2021-02-19T14:54:36","modified_gmt":"2021-02-19T19:54:36","slug":"unidad-ssd-adata-su800-1tb-sata-iii-m-2","status":"publish","type":"product","link":"https:\/\/www.integralpro.com.co\/index.php\/producto\/unidad-ssd-adata-su800-1tb-sata-iii-m-2\/","title":{"rendered":"Unidad Ssd Adata Su800 1Tb Sata Iii M.2"},"content":{"rendered":"<p>Utilizando 3D NAND Flash y un controlador SMI de alta velocidad, el compacto Ultimate SU800 PCIe M.2 2280 Solid State Drives ofrece capacidades de hasta 1TB y mejora en gran medida el rendimiento, la eficiencia y la confiabilidad en comparaci\u00f3n con el tradicional NAND 2D. Tambi\u00e9n viene con un Cach\u00e9 SLC inteligente y un b\u00fafer de cach\u00e9 DRAM para mejorar el rendimiento de lectura \/ escritura. Con LDPC ECC y tecnolog\u00edas tales como alto TBW (total de bytes escritos) y DEVSLP (Suspensi\u00f3n del dispositivo), el SU800 M.2 2280 actualiza instant\u00e1neamente las computadoras port\u00e1tiles y de escritorio con una estabilidad, durabilidad y eficiencia de energ\u00eda superiores.<\/p>\n<p><\/p>\n<p><strong><br \/>Tama\u00f1o m\u00e1s peque\u00f1o pero mayor capacidad<\/strong><\/p>\n<p><\/p>\n<p>Implementando el flash 3D NAND avanzado, el SU800 M.2 2280 ofrece una mayor densidad y mayores capacidades que los SSD Flash NAND 2D. Esto significa que tambi\u00e9n es m\u00e1s eficiente y confiable con una mejor relaci\u00f3n costo-rendimiento. El SU800 M.2 2280 viene en una amplia gama de variantes de capacidad de 128GB a 1TB y ofrece velocidades de lectura \/ escritura de 560MB \/ sy 520MB \/ s para acelerar las PC.<\/p>\n<p><\/p>\n<p><strong><br \/>Almacenamiento en cach\u00e9 de SLC inteligente y b\u00fafer de cach\u00e9 DRAM<\/strong><\/p>\n<p><\/p>\n<p>El algoritmo inteligente de almacenamiento en cach\u00e9 SLC permite que la memoria flash NAND funcione en modo de celda de un solo nivel y aumenta el rendimiento de lectura \/ escritura. Adem\u00e1s, con el soporte para el b\u00fafer de cach\u00e9 DRAM, el rendimiento de lectura \/ escritura puede ser tanto como el doble de las unidades de estado s\u00f3lido que carecen de un cach\u00e9 DRAM, o en otras palabras, que no puede usar la memoria auxiliar como un b\u00fafer SSD para tareas de alta intensidad .<\/p>\n<p><\/p>\n<p><strong>Especificaciones T\u00e9cnicas<\/strong><\/p>\n<p><\/p>\n<p>Dimensiones 2.2 x 8 x 0.35 cm<\/p>\n<p>Peso 8g<\/p>\n<p>Capacidad 1TB<\/p>\n<p>Factor de forma M.2 2280<br \/>TLC<\/p>\n<p>NAND Flash 3D<\/p>\n<p>Controlador SMI<\/p>\n<p>Interfaz SATA 6Gb \/ s<\/p>\n<p>Rendimiento (M\u00e1x.) Hasta 560 \/ 520MB \/ s<br \/>* El rendimiento real puede variar debido a la capacidad disponible de SSD, el hardware y software del sistema y otros factores<\/p>\n<p>Temperatura de funcionamiento 0 \u00b0 C-70 \u00b0 C.<\/p>\n<p>Temperatura de almacenamiento -40 \u00b0 C-85 \u00b0 C<\/p>\n<p>Resistencia a los golpes 1500G \/ 0.5ms<\/p>\n<p>MTBF 2,000,000 horas&nbsp;<\/p>\n<p><\/p>\n<p><strong>Contenido Del Paquete<\/strong><\/p>\n<p><\/p>\n<p>Unidad &#8211; Documentaci\u00f3n<\/p>\n","protected":false},"excerpt":{"rendered":"<p># DE PARTE:ASU800NS38-1TT-C<\/p>\n","protected":false},"featured_media":2272,"template":"","meta":{"site-sidebar-layout":"default","site-content-layout":"","ast-site-content-layout":"default","site-content-style":"default","site-sidebar-style":"default","ast-global-header-display":"","ast-banner-title-visibility":"","ast-main-header-display":"","ast-hfb-above-header-display":"","ast-hfb-below-header-display":"","ast-hfb-mobile-header-display":"","site-post-title":"","ast-breadcrumbs-content":"","ast-featured-img":"","footer-sml-layout":"","ast-disable-related-posts":"","theme-transparent-header-meta":"","adv-header-id-meta":"","stick-header-meta":"","header-above-stick-meta":"","header-main-stick-meta":"","header-below-stick-meta":"","astra-migrate-meta-layouts":"default","ast-page-background-enabled":"default","ast-page-background-meta":{"desktop":{"background-color":"var(--ast-global-color-4)","background-image":"","background-repeat":"repeat","background-position":"center center","background-size":"auto","background-attachment":"scroll","background-type":"","background-media":"","overlay-type":"","overlay-color":"","overlay-opacity":"","overlay-gradient":""},"tablet":{"background-color":"","background-image":"","background-repeat":"repeat","background-position":"center center","background-size":"auto","background-attachment":"scroll","background-type":"","background-media":"","overlay-type":"","overlay-color":"","overlay-opacity":"","overlay-gradient":""},"mobile":{"background-color":"","background-image":"","background-repeat":"repeat","background-position":"center center","background-size":"auto","background-attachment":"scroll","background-type":"","background-media":"","overlay-type":"","overlay-color":"","overlay-opacity":"","overlay-gradient":""}},"ast-content-background-meta":{"desktop":{"background-color":"var(--ast-global-color-5)","background-image":"","background-repeat":"repeat","background-position":"center center","background-size":"auto","background-attachment":"scroll","background-type":"","background-media":"","overlay-type":"","overlay-color":"","overlay-opacity":"","overlay-gradient":""},"tablet":{"background-color":"var(--ast-global-color-5)","background-image":"","background-repeat":"repeat","background-position":"center center","background-size":"auto","background-attachment":"scroll","background-type":"","background-media":"","overlay-type":"","overlay-color":"","overlay-opacity":"","overlay-gradient":""},"mobile":{"background-color":"var(--ast-global-color-5)","background-image":"","background-repeat":"repeat","background-position":"center center","background-size":"auto","background-attachment":"scroll","background-type":"","background-media":"","overlay-type":"","overlay-color":"","overlay-opacity":"","overlay-gradient":""}}},"product_brand":[],"product_cat":[49],"product_tag":[48],"class_list":{"0":"post-2206","1":"product","2":"type-product","3":"status-publish","4":"has-post-thumbnail","6":"product_cat-accesorios","7":"product_tag-adata","8":"desktop-align-left","9":"tablet-align-left","10":"mobile-align-left","12":"first","13":"instock","14":"taxable","15":"shipping-taxable","16":"product-type-simple"},"yoast_head":"<!-- This site is optimized with the Yoast SEO plugin v27.3 - https:\/\/yoast.com\/product\/yoast-seo-wordpress\/ -->\n<title>Unidad Ssd Adata Su800 1Tb Sata Iii M.2 - IntegralPro<\/title>\n<meta name=\"robots\" content=\"index, follow, max-snippet:-1, max-image-preview:large, max-video-preview:-1\" \/>\n<link rel=\"canonical\" href=\"https:\/\/www.integralpro.com.co\/index.php\/producto\/unidad-ssd-adata-su800-1tb-sata-iii-m-2\/\" \/>\n<meta property=\"og:locale\" content=\"es_ES\" \/>\n<meta property=\"og:type\" content=\"article\" \/>\n<meta property=\"og:title\" content=\"Unidad Ssd Adata Su800 1Tb Sata Iii M.2 - IntegralPro\" \/>\n<meta property=\"og:description\" content=\"# DE PARTE:ASU800NS38-1TT-C\" \/>\n<meta property=\"og:url\" content=\"https:\/\/www.integralpro.com.co\/index.php\/producto\/unidad-ssd-adata-su800-1tb-sata-iii-m-2\/\" \/>\n<meta property=\"og:site_name\" content=\"IntegralPro\" \/>\n<meta property=\"article:modified_time\" content=\"2021-02-19T19:54:36+00:00\" \/>\n<meta property=\"og:image\" content=\"https:\/\/www.integralpro.com.co\/wp-content\/uploads\/2021\/02\/3bd2ff720700bcce89ca5fdf9a8424ab.jpg\" \/>\n\t<meta property=\"og:image:width\" content=\"1000\" \/>\n\t<meta property=\"og:image:height\" content=\"1000\" \/>\n\t<meta property=\"og:image:type\" content=\"image\/jpeg\" \/>\n<meta name=\"twitter:card\" content=\"summary_large_image\" \/>\n<meta name=\"twitter:label1\" content=\"Tiempo de lectura\" \/>\n\t<meta name=\"twitter:data1\" content=\"2 minutos\" \/>\n<script type=\"application\/ld+json\" class=\"yoast-schema-graph\">{\"@context\":\"https:\\\/\\\/schema.org\",\"@graph\":[{\"@type\":\"WebPage\",\"@id\":\"https:\\\/\\\/www.integralpro.com.co\\\/index.php\\\/producto\\\/unidad-ssd-adata-su800-1tb-sata-iii-m-2\\\/\",\"url\":\"https:\\\/\\\/www.integralpro.com.co\\\/index.php\\\/producto\\\/unidad-ssd-adata-su800-1tb-sata-iii-m-2\\\/\",\"name\":\"Unidad Ssd Adata Su800 1Tb Sata Iii M.2 - IntegralPro\",\"isPartOf\":{\"@id\":\"https:\\\/\\\/www.integralpro.com.co\\\/#website\"},\"primaryImageOfPage\":{\"@id\":\"https:\\\/\\\/www.integralpro.com.co\\\/index.php\\\/producto\\\/unidad-ssd-adata-su800-1tb-sata-iii-m-2\\\/#primaryimage\"},\"image\":{\"@id\":\"https:\\\/\\\/www.integralpro.com.co\\\/index.php\\\/producto\\\/unidad-ssd-adata-su800-1tb-sata-iii-m-2\\\/#primaryimage\"},\"thumbnailUrl\":\"https:\\\/\\\/www.integralpro.com.co\\\/wp-content\\\/uploads\\\/2021\\\/02\\\/3bd2ff720700bcce89ca5fdf9a8424ab.jpg\",\"datePublished\":\"2021-02-19T19:53:55+00:00\",\"dateModified\":\"2021-02-19T19:54:36+00:00\",\"breadcrumb\":{\"@id\":\"https:\\\/\\\/www.integralpro.com.co\\\/index.php\\\/producto\\\/unidad-ssd-adata-su800-1tb-sata-iii-m-2\\\/#breadcrumb\"},\"inLanguage\":\"es\",\"potentialAction\":[{\"@type\":\"ReadAction\",\"target\":[\"https:\\\/\\\/www.integralpro.com.co\\\/index.php\\\/producto\\\/unidad-ssd-adata-su800-1tb-sata-iii-m-2\\\/\"]}]},{\"@type\":\"ImageObject\",\"inLanguage\":\"es\",\"@id\":\"https:\\\/\\\/www.integralpro.com.co\\\/index.php\\\/producto\\\/unidad-ssd-adata-su800-1tb-sata-iii-m-2\\\/#primaryimage\",\"url\":\"https:\\\/\\\/www.integralpro.com.co\\\/wp-content\\\/uploads\\\/2021\\\/02\\\/3bd2ff720700bcce89ca5fdf9a8424ab.jpg\",\"contentUrl\":\"https:\\\/\\\/www.integralpro.com.co\\\/wp-content\\\/uploads\\\/2021\\\/02\\\/3bd2ff720700bcce89ca5fdf9a8424ab.jpg\",\"width\":1000,\"height\":1000},{\"@type\":\"BreadcrumbList\",\"@id\":\"https:\\\/\\\/www.integralpro.com.co\\\/index.php\\\/producto\\\/unidad-ssd-adata-su800-1tb-sata-iii-m-2\\\/#breadcrumb\",\"itemListElement\":[{\"@type\":\"ListItem\",\"position\":1,\"name\":\"Portada\",\"item\":\"https:\\\/\\\/www.integralpro.com.co\\\/\"},{\"@type\":\"ListItem\",\"position\":2,\"name\":\"Tienda\",\"item\":\"https:\\\/\\\/www.integralpro.com.co\\\/index.php\\\/tienda\\\/\"},{\"@type\":\"ListItem\",\"position\":3,\"name\":\"Unidad Ssd Adata Su800 1Tb Sata Iii M.2\"}]},{\"@type\":\"WebSite\",\"@id\":\"https:\\\/\\\/www.integralpro.com.co\\\/#website\",\"url\":\"https:\\\/\\\/www.integralpro.com.co\\\/\",\"name\":\"IntegralPro\",\"description\":\"Tienda de Tecnolog\u00eda en L\u00ednea\",\"publisher\":{\"@id\":\"https:\\\/\\\/www.integralpro.com.co\\\/#organization\"},\"potentialAction\":[{\"@type\":\"SearchAction\",\"target\":{\"@type\":\"EntryPoint\",\"urlTemplate\":\"https:\\\/\\\/www.integralpro.com.co\\\/?s={search_term_string}\"},\"query-input\":{\"@type\":\"PropertyValueSpecification\",\"valueRequired\":true,\"valueName\":\"search_term_string\"}}],\"inLanguage\":\"es\"},{\"@type\":\"Organization\",\"@id\":\"https:\\\/\\\/www.integralpro.com.co\\\/#organization\",\"name\":\"IntegralPro SAS\",\"url\":\"https:\\\/\\\/www.integralpro.com.co\\\/\",\"logo\":{\"@type\":\"ImageObject\",\"inLanguage\":\"es\",\"@id\":\"https:\\\/\\\/www.integralpro.com.co\\\/#\\\/schema\\\/logo\\\/image\\\/\",\"url\":\"https:\\\/\\\/www.integralpro.com.co\\\/wp-content\\\/uploads\\\/2021\\\/02\\\/logo-def.jpg\",\"contentUrl\":\"https:\\\/\\\/www.integralpro.com.co\\\/wp-content\\\/uploads\\\/2021\\\/02\\\/logo-def.jpg\",\"width\":238,\"height\":234,\"caption\":\"IntegralPro SAS\"},\"image\":{\"@id\":\"https:\\\/\\\/www.integralpro.com.co\\\/#\\\/schema\\\/logo\\\/image\\\/\"}}]}<\/script>\n<!-- \/ Yoast SEO plugin. -->","yoast_head_json":{"title":"Unidad Ssd Adata Su800 1Tb Sata Iii M.2 - IntegralPro","robots":{"index":"index","follow":"follow","max-snippet":"max-snippet:-1","max-image-preview":"max-image-preview:large","max-video-preview":"max-video-preview:-1"},"canonical":"https:\/\/www.integralpro.com.co\/index.php\/producto\/unidad-ssd-adata-su800-1tb-sata-iii-m-2\/","og_locale":"es_ES","og_type":"article","og_title":"Unidad Ssd Adata Su800 1Tb Sata Iii M.2 - IntegralPro","og_description":"# DE PARTE:ASU800NS38-1TT-C","og_url":"https:\/\/www.integralpro.com.co\/index.php\/producto\/unidad-ssd-adata-su800-1tb-sata-iii-m-2\/","og_site_name":"IntegralPro","article_modified_time":"2021-02-19T19:54:36+00:00","og_image":[{"width":1000,"height":1000,"url":"https:\/\/www.integralpro.com.co\/wp-content\/uploads\/2021\/02\/3bd2ff720700bcce89ca5fdf9a8424ab.jpg","type":"image\/jpeg"}],"twitter_card":"summary_large_image","twitter_misc":{"Tiempo de lectura":"2 minutos"},"schema":{"@context":"https:\/\/schema.org","@graph":[{"@type":"WebPage","@id":"https:\/\/www.integralpro.com.co\/index.php\/producto\/unidad-ssd-adata-su800-1tb-sata-iii-m-2\/","url":"https:\/\/www.integralpro.com.co\/index.php\/producto\/unidad-ssd-adata-su800-1tb-sata-iii-m-2\/","name":"Unidad Ssd Adata Su800 1Tb Sata Iii M.2 - IntegralPro","isPartOf":{"@id":"https:\/\/www.integralpro.com.co\/#website"},"primaryImageOfPage":{"@id":"https:\/\/www.integralpro.com.co\/index.php\/producto\/unidad-ssd-adata-su800-1tb-sata-iii-m-2\/#primaryimage"},"image":{"@id":"https:\/\/www.integralpro.com.co\/index.php\/producto\/unidad-ssd-adata-su800-1tb-sata-iii-m-2\/#primaryimage"},"thumbnailUrl":"https:\/\/www.integralpro.com.co\/wp-content\/uploads\/2021\/02\/3bd2ff720700bcce89ca5fdf9a8424ab.jpg","datePublished":"2021-02-19T19:53:55+00:00","dateModified":"2021-02-19T19:54:36+00:00","breadcrumb":{"@id":"https:\/\/www.integralpro.com.co\/index.php\/producto\/unidad-ssd-adata-su800-1tb-sata-iii-m-2\/#breadcrumb"},"inLanguage":"es","potentialAction":[{"@type":"ReadAction","target":["https:\/\/www.integralpro.com.co\/index.php\/producto\/unidad-ssd-adata-su800-1tb-sata-iii-m-2\/"]}]},{"@type":"ImageObject","inLanguage":"es","@id":"https:\/\/www.integralpro.com.co\/index.php\/producto\/unidad-ssd-adata-su800-1tb-sata-iii-m-2\/#primaryimage","url":"https:\/\/www.integralpro.com.co\/wp-content\/uploads\/2021\/02\/3bd2ff720700bcce89ca5fdf9a8424ab.jpg","contentUrl":"https:\/\/www.integralpro.com.co\/wp-content\/uploads\/2021\/02\/3bd2ff720700bcce89ca5fdf9a8424ab.jpg","width":1000,"height":1000},{"@type":"BreadcrumbList","@id":"https:\/\/www.integralpro.com.co\/index.php\/producto\/unidad-ssd-adata-su800-1tb-sata-iii-m-2\/#breadcrumb","itemListElement":[{"@type":"ListItem","position":1,"name":"Portada","item":"https:\/\/www.integralpro.com.co\/"},{"@type":"ListItem","position":2,"name":"Tienda","item":"https:\/\/www.integralpro.com.co\/index.php\/tienda\/"},{"@type":"ListItem","position":3,"name":"Unidad Ssd Adata Su800 1Tb Sata Iii M.2"}]},{"@type":"WebSite","@id":"https:\/\/www.integralpro.com.co\/#website","url":"https:\/\/www.integralpro.com.co\/","name":"IntegralPro","description":"Tienda de Tecnolog\u00eda en L\u00ednea","publisher":{"@id":"https:\/\/www.integralpro.com.co\/#organization"},"potentialAction":[{"@type":"SearchAction","target":{"@type":"EntryPoint","urlTemplate":"https:\/\/www.integralpro.com.co\/?s={search_term_string}"},"query-input":{"@type":"PropertyValueSpecification","valueRequired":true,"valueName":"search_term_string"}}],"inLanguage":"es"},{"@type":"Organization","@id":"https:\/\/www.integralpro.com.co\/#organization","name":"IntegralPro SAS","url":"https:\/\/www.integralpro.com.co\/","logo":{"@type":"ImageObject","inLanguage":"es","@id":"https:\/\/www.integralpro.com.co\/#\/schema\/logo\/image\/","url":"https:\/\/www.integralpro.com.co\/wp-content\/uploads\/2021\/02\/logo-def.jpg","contentUrl":"https:\/\/www.integralpro.com.co\/wp-content\/uploads\/2021\/02\/logo-def.jpg","width":238,"height":234,"caption":"IntegralPro SAS"},"image":{"@id":"https:\/\/www.integralpro.com.co\/#\/schema\/logo\/image\/"}}]}},"_links":{"self":[{"href":"https:\/\/www.integralpro.com.co\/index.php\/wp-json\/wp\/v2\/product\/2206","targetHints":{"allow":["GET"]}}],"collection":[{"href":"https:\/\/www.integralpro.com.co\/index.php\/wp-json\/wp\/v2\/product"}],"about":[{"href":"https:\/\/www.integralpro.com.co\/index.php\/wp-json\/wp\/v2\/types\/product"}],"version-history":[{"count":1,"href":"https:\/\/www.integralpro.com.co\/index.php\/wp-json\/wp\/v2\/product\/2206\/revisions"}],"predecessor-version":[{"id":2273,"href":"https:\/\/www.integralpro.com.co\/index.php\/wp-json\/wp\/v2\/product\/2206\/revisions\/2273"}],"wp:featuredmedia":[{"embeddable":true,"href":"https:\/\/www.integralpro.com.co\/index.php\/wp-json\/wp\/v2\/media\/2272"}],"wp:attachment":[{"href":"https:\/\/www.integralpro.com.co\/index.php\/wp-json\/wp\/v2\/media?parent=2206"}],"wp:term":[{"taxonomy":"product_brand","embeddable":true,"href":"https:\/\/www.integralpro.com.co\/index.php\/wp-json\/wp\/v2\/product_brand?post=2206"},{"taxonomy":"product_cat","embeddable":true,"href":"https:\/\/www.integralpro.com.co\/index.php\/wp-json\/wp\/v2\/product_cat?post=2206"},{"taxonomy":"product_tag","embeddable":true,"href":"https:\/\/www.integralpro.com.co\/index.php\/wp-json\/wp\/v2\/product_tag?post=2206"}],"curies":[{"name":"wp","href":"https:\/\/api.w.org\/{rel}","templated":true}]}}