{"id":2167,"date":"2021-02-19T14:53:32","date_gmt":"2021-02-19T19:53:32","guid":{"rendered":"https:\/\/www.integralpro.com.co\/index.php\/producto\/import-placeholder-for-1187\/"},"modified":"2021-02-19T14:54:15","modified_gmt":"2021-02-19T19:54:15","slug":"celular-xiaomi-redmi-7-octacore-32-gb-ram-3gb-negro","status":"publish","type":"product","link":"https:\/\/www.integralpro.com.co\/index.php\/producto\/celular-xiaomi-redmi-7-octacore-32-gb-ram-3gb-negro\/","title":{"rendered":"Celular Xiaomi Redmi 7 Octacore 32 Gb Ram 3Gb Negro"},"content":{"rendered":"<p>El Redmi 7, un m\u00f3vil que mantiene el excelente dise\u00f1o del modelo superior e incluso repite en su capacidad de bater\u00eda con 4.000 mAh.Cuenta con resoluci\u00f3n HD+ en formato 19:9, lo que nos da 1520 x 720 p\u00edxeles y un peque\u00f1o &#8216;notch&#8217; en forma de gota de agua en la parte superior. El&nbsp; nuevo Redmi 7 cuenta con una ranura h\u00edbrida, por lo que podremos utilizar o doble SIM o a\u00f1adir una tarjeta microSD. El procesador es uno de los elementos clave para asegurar una buena experiencia de uso y aqu\u00ed el nuevo Redmi 7 apuesta por el Snapdragon 632, un procesador de ocho n\u00facleos y GPU Adreno 506.<\/p>\n<p>Para la c\u00e1mara tenemos una lente principal de 12 megap\u00edxeles con una apertura f\/2.2 y p\u00edxeles de 1.12um, acompa\u00f1ado de una lente secundaria de dos megap\u00edxeles para poder hacer fotos con modo retrato y bokeh. Para la frontal, tenemos 8 megap\u00edxeles acompa\u00f1ados del tradicional modo belleza e inteligencia artificial.<\/p>\n<p>Android 9 Pie junto a MIUI 10 es la versi\u00f3n de software con la que llega este nuevo Redmi 7. Un terminal que a nivel de conectividad y conexiones ofrece LTE, radioFM, jack de auriculares, lector de huellas trasero, Bluetooth 5.0 y WiFi 4, ya que no dispone de conectividad WiFi ac.<\/p>\n<p>No es un m\u00f3vil ultraligero ni delgado, prueba de ello son los casi 9 mil\u00edmetros de grosor. Un dise\u00f1o no muy delgado pero justificado por la inclusi\u00f3n de 4.000 mAh de bater\u00eda. Una cantidad que deber\u00eda permitir al Redmi 7 aguantar f\u00e1cilmente m\u00e1s de un d\u00eda de uso. &nbsp;<\/p>\n<p><strong>Especificaciones T\u00e9cnicas<\/strong><\/p>\n<p>Dimensiones:&nbsp; 7.6 x 15.9 x 0.85 cm<br \/>Peso: 0.180 kg<br \/>Pantalla: 6.26 pulgadas<br \/>Tecnolog\u00eda de redes<br \/>GSM \/ CDMA \/ HSPA \/ LTE<br \/>SIM Dual SIM (Nano-SIM, doble modo de espera)<br \/>Resistente a salpicaduras<br \/>Pantalla t\u00e1ctil capacitiva LCD tipo IPS, 16M colores<br \/>Tama\u00f1o 6.26 pulgadas, 97.8 cm2 (~ 81.5% de relaci\u00f3n pantalla-cuerpo)<br \/>Resoluci\u00f3n 720 x 1520 p\u00edxeles, relaci\u00f3n 19: 9 (~ 269 ppi de densidad)<br \/>Protecci\u00f3n Corning Gorilla Glass 5<br \/>OS Android 9.0 (Pie); MIUI 9<br \/>Chipset Qualcomm SDM632 Snapdragon 632 (14 nm)<br \/>CPU Octa-core (Kryo 250 Gold 4&#215;1.8 GHz y Kryo 250 Silver 4&#215;1.8 GHz)<br \/>GPU Adreno 506<br \/>Ranura para tarjeta microSD, hasta 1 TB (ranura dedicada)<br \/>32 Memoria interna&nbsp; 3 GB de RAM<br \/>C\u00e1mara Single 12 MP, f \/ 2.2, 1.25\u00b5m, PDAF<br \/>2 MP, sensor de profundidad<br \/>Caracter\u00edsticas del flash LED, HDR, panorama<br \/>Video 1080p @ 30 \/ 60fps<br \/>Camara selfie Single 8 MP, f \/ 2.0, 1.12\u00b5m<br \/>Caracter\u00edsticas HDR<br \/>Video 1080p @ 30fps<br \/>Altavoz si<br \/>Jack de 3.5mm si<br \/>&nbsp;Cancelaci\u00f3n activa del ruido con micr\u00f3fono dedicado<br \/>WLAN Wi-Fi 802.11 b \/ g \/ n, Wi-Fi Directo, punto de acceso<br \/>Bluetooth 4.2, A2DP, LE, aptX HD<br \/>GPS S\u00ed, con A-GPS, GLONASS, GALILEO, BDS<br \/>Puerto de infrarrojos si<br \/>Radio FM Radio<br \/>USB microUSB 2.0, USB On-The-Go<br \/>Sensores de huellas dactilares (montaje trasero), aceler\u00f3metro, proximidad, br\u00fajula<br \/>Bater\u00eda Li-Po 4000 mAh no extra\u00edble<br \/>Carga r\u00e1pida carga de bater\u00eda 10W<\/p>\n<p><strong>Contenido Del Paquete<\/strong><\/p>\n<p>Equipo &#8211; Cable USB &#8211; Cargador &#8211; Documentaci\u00f3n<\/p>\n","protected":false},"excerpt":{"rendered":"<p># DE PARTE:M1810F6LH-32GB-N<\/p>\n","protected":false},"featured_media":2237,"template":"","meta":{"site-sidebar-layout":"default","site-content-layout":"","ast-site-content-layout":"default","site-content-style":"default","site-sidebar-style":"default","ast-global-header-display":"","ast-banner-title-visibility":"","ast-main-header-display":"","ast-hfb-above-header-display":"","ast-hfb-below-header-display":"","ast-hfb-mobile-header-display":"","site-post-title":"","ast-breadcrumbs-content":"","ast-featured-img":"","footer-sml-layout":"","ast-disable-related-posts":"","theme-transparent-header-meta":"","adv-header-id-meta":"","stick-header-meta":"","header-above-stick-meta":"","header-main-stick-meta":"","header-below-stick-meta":"","astra-migrate-meta-layouts":"default","ast-page-background-enabled":"default","ast-page-background-meta":{"desktop":{"background-color":"var(--ast-global-color-4)","background-image":"","background-repeat":"repeat","background-position":"center center","background-size":"auto","background-attachment":"scroll","background-type":"","background-media":"","overlay-type":"","overlay-color":"","overlay-opacity":"","overlay-gradient":""},"tablet":{"background-color":"","background-image":"","background-repeat":"repeat","background-position":"center center","background-size":"auto","background-attachment":"scroll","background-type":"","background-media":"","overlay-type":"","overlay-color":"","overlay-opacity":"","overlay-gradient":""},"mobile":{"background-color":"","background-image":"","background-repeat":"repeat","background-position":"center center","background-size":"auto","background-attachment":"scroll","background-type":"","background-media":"","overlay-type":"","overlay-color":"","overlay-opacity":"","overlay-gradient":""}},"ast-content-background-meta":{"desktop":{"background-color":"var(--ast-global-color-5)","background-image":"","background-repeat":"repeat","background-position":"center center","background-size":"auto","background-attachment":"scroll","background-type":"","background-media":"","overlay-type":"","overlay-color":"","overlay-opacity":"","overlay-gradient":""},"tablet":{"background-color":"var(--ast-global-color-5)","background-image":"","background-repeat":"repeat","background-position":"center center","background-size":"auto","background-attachment":"scroll","background-type":"","background-media":"","overlay-type":"","overlay-color":"","overlay-opacity":"","overlay-gradient":""},"mobile":{"background-color":"var(--ast-global-color-5)","background-image":"","background-repeat":"repeat","background-position":"center center","background-size":"auto","background-attachment":"scroll","background-type":"","background-media":"","overlay-type":"","overlay-color":"","overlay-opacity":"","overlay-gradient":""}}},"product_brand":[],"product_cat":[53,113],"product_tag":[461],"class_list":{"0":"post-2167","1":"product","2":"type-product","3":"status-publish","4":"has-post-thumbnail","6":"product_cat-celulares-y-tablets","7":"product_cat-smartphones","8":"product_tag-xiaomi","9":"desktop-align-left","10":"tablet-align-left","11":"mobile-align-left","13":"first","14":"instock","15":"taxable","16":"shipping-taxable","17":"product-type-simple"},"yoast_head":"<!-- This site is optimized with the Yoast SEO plugin v27.4 - https:\/\/yoast.com\/product\/yoast-seo-wordpress\/ -->\n<title>Celular Xiaomi Redmi 7 Octacore 32 Gb Ram 3Gb Negro - IntegralPro<\/title>\n<meta name=\"robots\" content=\"index, follow, max-snippet:-1, max-image-preview:large, max-video-preview:-1\" \/>\n<link rel=\"canonical\" href=\"https:\/\/www.integralpro.com.co\/index.php\/producto\/celular-xiaomi-redmi-7-octacore-32-gb-ram-3gb-negro\/\" \/>\n<meta property=\"og:locale\" content=\"es_ES\" \/>\n<meta property=\"og:type\" content=\"article\" \/>\n<meta property=\"og:title\" content=\"Celular Xiaomi Redmi 7 Octacore 32 Gb Ram 3Gb Negro - IntegralPro\" \/>\n<meta property=\"og:description\" content=\"# DE PARTE:M1810F6LH-32GB-N\" \/>\n<meta property=\"og:url\" content=\"https:\/\/www.integralpro.com.co\/index.php\/producto\/celular-xiaomi-redmi-7-octacore-32-gb-ram-3gb-negro\/\" \/>\n<meta property=\"og:site_name\" content=\"IntegralPro\" \/>\n<meta property=\"article:modified_time\" content=\"2021-02-19T19:54:15+00:00\" \/>\n<meta property=\"og:image\" content=\"https:\/\/www.integralpro.com.co\/wp-content\/uploads\/2021\/02\/1f874150eda138d62e5ddd6b130ef52b.jpg\" \/>\n\t<meta property=\"og:image:width\" content=\"1000\" \/>\n\t<meta property=\"og:image:height\" content=\"1000\" \/>\n\t<meta property=\"og:image:type\" content=\"image\/jpeg\" \/>\n<meta name=\"twitter:card\" content=\"summary_large_image\" \/>\n<meta name=\"twitter:label1\" content=\"Tiempo de lectura\" \/>\n\t<meta name=\"twitter:data1\" content=\"2 minutos\" \/>\n<script type=\"application\/ld+json\" class=\"yoast-schema-graph\">{\"@context\":\"https:\\\/\\\/schema.org\",\"@graph\":[{\"@type\":\"WebPage\",\"@id\":\"https:\\\/\\\/www.integralpro.com.co\\\/index.php\\\/producto\\\/celular-xiaomi-redmi-7-octacore-32-gb-ram-3gb-negro\\\/\",\"url\":\"https:\\\/\\\/www.integralpro.com.co\\\/index.php\\\/producto\\\/celular-xiaomi-redmi-7-octacore-32-gb-ram-3gb-negro\\\/\",\"name\":\"Celular Xiaomi Redmi 7 Octacore 32 Gb Ram 3Gb Negro - IntegralPro\",\"isPartOf\":{\"@id\":\"https:\\\/\\\/www.integralpro.com.co\\\/#website\"},\"primaryImageOfPage\":{\"@id\":\"https:\\\/\\\/www.integralpro.com.co\\\/index.php\\\/producto\\\/celular-xiaomi-redmi-7-octacore-32-gb-ram-3gb-negro\\\/#primaryimage\"},\"image\":{\"@id\":\"https:\\\/\\\/www.integralpro.com.co\\\/index.php\\\/producto\\\/celular-xiaomi-redmi-7-octacore-32-gb-ram-3gb-negro\\\/#primaryimage\"},\"thumbnailUrl\":\"https:\\\/\\\/www.integralpro.com.co\\\/wp-content\\\/uploads\\\/2021\\\/02\\\/1f874150eda138d62e5ddd6b130ef52b.jpg\",\"datePublished\":\"2021-02-19T19:53:32+00:00\",\"dateModified\":\"2021-02-19T19:54:15+00:00\",\"breadcrumb\":{\"@id\":\"https:\\\/\\\/www.integralpro.com.co\\\/index.php\\\/producto\\\/celular-xiaomi-redmi-7-octacore-32-gb-ram-3gb-negro\\\/#breadcrumb\"},\"inLanguage\":\"es\",\"potentialAction\":[{\"@type\":\"ReadAction\",\"target\":[\"https:\\\/\\\/www.integralpro.com.co\\\/index.php\\\/producto\\\/celular-xiaomi-redmi-7-octacore-32-gb-ram-3gb-negro\\\/\"]}]},{\"@type\":\"ImageObject\",\"inLanguage\":\"es\",\"@id\":\"https:\\\/\\\/www.integralpro.com.co\\\/index.php\\\/producto\\\/celular-xiaomi-redmi-7-octacore-32-gb-ram-3gb-negro\\\/#primaryimage\",\"url\":\"https:\\\/\\\/www.integralpro.com.co\\\/wp-content\\\/uploads\\\/2021\\\/02\\\/1f874150eda138d62e5ddd6b130ef52b.jpg\",\"contentUrl\":\"https:\\\/\\\/www.integralpro.com.co\\\/wp-content\\\/uploads\\\/2021\\\/02\\\/1f874150eda138d62e5ddd6b130ef52b.jpg\",\"width\":1000,\"height\":1000},{\"@type\":\"BreadcrumbList\",\"@id\":\"https:\\\/\\\/www.integralpro.com.co\\\/index.php\\\/producto\\\/celular-xiaomi-redmi-7-octacore-32-gb-ram-3gb-negro\\\/#breadcrumb\",\"itemListElement\":[{\"@type\":\"ListItem\",\"position\":1,\"name\":\"Portada\",\"item\":\"https:\\\/\\\/www.integralpro.com.co\\\/\"},{\"@type\":\"ListItem\",\"position\":2,\"name\":\"Tienda\",\"item\":\"https:\\\/\\\/www.integralpro.com.co\\\/index.php\\\/tienda\\\/\"},{\"@type\":\"ListItem\",\"position\":3,\"name\":\"Celular Xiaomi Redmi 7 Octacore 32 Gb Ram 3Gb Negro\"}]},{\"@type\":\"WebSite\",\"@id\":\"https:\\\/\\\/www.integralpro.com.co\\\/#website\",\"url\":\"https:\\\/\\\/www.integralpro.com.co\\\/\",\"name\":\"IntegralPro\",\"description\":\"Tienda de Tecnolog\u00eda en L\u00ednea\",\"publisher\":{\"@id\":\"https:\\\/\\\/www.integralpro.com.co\\\/#organization\"},\"potentialAction\":[{\"@type\":\"SearchAction\",\"target\":{\"@type\":\"EntryPoint\",\"urlTemplate\":\"https:\\\/\\\/www.integralpro.com.co\\\/?s={search_term_string}\"},\"query-input\":{\"@type\":\"PropertyValueSpecification\",\"valueRequired\":true,\"valueName\":\"search_term_string\"}}],\"inLanguage\":\"es\"},{\"@type\":\"Organization\",\"@id\":\"https:\\\/\\\/www.integralpro.com.co\\\/#organization\",\"name\":\"IntegralPro SAS\",\"url\":\"https:\\\/\\\/www.integralpro.com.co\\\/\",\"logo\":{\"@type\":\"ImageObject\",\"inLanguage\":\"es\",\"@id\":\"https:\\\/\\\/www.integralpro.com.co\\\/#\\\/schema\\\/logo\\\/image\\\/\",\"url\":\"https:\\\/\\\/www.integralpro.com.co\\\/wp-content\\\/uploads\\\/2021\\\/02\\\/logo-def.jpg\",\"contentUrl\":\"https:\\\/\\\/www.integralpro.com.co\\\/wp-content\\\/uploads\\\/2021\\\/02\\\/logo-def.jpg\",\"width\":238,\"height\":234,\"caption\":\"IntegralPro SAS\"},\"image\":{\"@id\":\"https:\\\/\\\/www.integralpro.com.co\\\/#\\\/schema\\\/logo\\\/image\\\/\"}}]}<\/script>\n<!-- \/ Yoast SEO plugin. -->","yoast_head_json":{"title":"Celular Xiaomi Redmi 7 Octacore 32 Gb Ram 3Gb Negro - IntegralPro","robots":{"index":"index","follow":"follow","max-snippet":"max-snippet:-1","max-image-preview":"max-image-preview:large","max-video-preview":"max-video-preview:-1"},"canonical":"https:\/\/www.integralpro.com.co\/index.php\/producto\/celular-xiaomi-redmi-7-octacore-32-gb-ram-3gb-negro\/","og_locale":"es_ES","og_type":"article","og_title":"Celular Xiaomi Redmi 7 Octacore 32 Gb Ram 3Gb Negro - IntegralPro","og_description":"# DE PARTE:M1810F6LH-32GB-N","og_url":"https:\/\/www.integralpro.com.co\/index.php\/producto\/celular-xiaomi-redmi-7-octacore-32-gb-ram-3gb-negro\/","og_site_name":"IntegralPro","article_modified_time":"2021-02-19T19:54:15+00:00","og_image":[{"width":1000,"height":1000,"url":"https:\/\/www.integralpro.com.co\/wp-content\/uploads\/2021\/02\/1f874150eda138d62e5ddd6b130ef52b.jpg","type":"image\/jpeg"}],"twitter_card":"summary_large_image","twitter_misc":{"Tiempo de lectura":"2 minutos"},"schema":{"@context":"https:\/\/schema.org","@graph":[{"@type":"WebPage","@id":"https:\/\/www.integralpro.com.co\/index.php\/producto\/celular-xiaomi-redmi-7-octacore-32-gb-ram-3gb-negro\/","url":"https:\/\/www.integralpro.com.co\/index.php\/producto\/celular-xiaomi-redmi-7-octacore-32-gb-ram-3gb-negro\/","name":"Celular Xiaomi Redmi 7 Octacore 32 Gb Ram 3Gb Negro - IntegralPro","isPartOf":{"@id":"https:\/\/www.integralpro.com.co\/#website"},"primaryImageOfPage":{"@id":"https:\/\/www.integralpro.com.co\/index.php\/producto\/celular-xiaomi-redmi-7-octacore-32-gb-ram-3gb-negro\/#primaryimage"},"image":{"@id":"https:\/\/www.integralpro.com.co\/index.php\/producto\/celular-xiaomi-redmi-7-octacore-32-gb-ram-3gb-negro\/#primaryimage"},"thumbnailUrl":"https:\/\/www.integralpro.com.co\/wp-content\/uploads\/2021\/02\/1f874150eda138d62e5ddd6b130ef52b.jpg","datePublished":"2021-02-19T19:53:32+00:00","dateModified":"2021-02-19T19:54:15+00:00","breadcrumb":{"@id":"https:\/\/www.integralpro.com.co\/index.php\/producto\/celular-xiaomi-redmi-7-octacore-32-gb-ram-3gb-negro\/#breadcrumb"},"inLanguage":"es","potentialAction":[{"@type":"ReadAction","target":["https:\/\/www.integralpro.com.co\/index.php\/producto\/celular-xiaomi-redmi-7-octacore-32-gb-ram-3gb-negro\/"]}]},{"@type":"ImageObject","inLanguage":"es","@id":"https:\/\/www.integralpro.com.co\/index.php\/producto\/celular-xiaomi-redmi-7-octacore-32-gb-ram-3gb-negro\/#primaryimage","url":"https:\/\/www.integralpro.com.co\/wp-content\/uploads\/2021\/02\/1f874150eda138d62e5ddd6b130ef52b.jpg","contentUrl":"https:\/\/www.integralpro.com.co\/wp-content\/uploads\/2021\/02\/1f874150eda138d62e5ddd6b130ef52b.jpg","width":1000,"height":1000},{"@type":"BreadcrumbList","@id":"https:\/\/www.integralpro.com.co\/index.php\/producto\/celular-xiaomi-redmi-7-octacore-32-gb-ram-3gb-negro\/#breadcrumb","itemListElement":[{"@type":"ListItem","position":1,"name":"Portada","item":"https:\/\/www.integralpro.com.co\/"},{"@type":"ListItem","position":2,"name":"Tienda","item":"https:\/\/www.integralpro.com.co\/index.php\/tienda\/"},{"@type":"ListItem","position":3,"name":"Celular Xiaomi Redmi 7 Octacore 32 Gb Ram 3Gb Negro"}]},{"@type":"WebSite","@id":"https:\/\/www.integralpro.com.co\/#website","url":"https:\/\/www.integralpro.com.co\/","name":"IntegralPro","description":"Tienda de Tecnolog\u00eda en L\u00ednea","publisher":{"@id":"https:\/\/www.integralpro.com.co\/#organization"},"potentialAction":[{"@type":"SearchAction","target":{"@type":"EntryPoint","urlTemplate":"https:\/\/www.integralpro.com.co\/?s={search_term_string}"},"query-input":{"@type":"PropertyValueSpecification","valueRequired":true,"valueName":"search_term_string"}}],"inLanguage":"es"},{"@type":"Organization","@id":"https:\/\/www.integralpro.com.co\/#organization","name":"IntegralPro SAS","url":"https:\/\/www.integralpro.com.co\/","logo":{"@type":"ImageObject","inLanguage":"es","@id":"https:\/\/www.integralpro.com.co\/#\/schema\/logo\/image\/","url":"https:\/\/www.integralpro.com.co\/wp-content\/uploads\/2021\/02\/logo-def.jpg","contentUrl":"https:\/\/www.integralpro.com.co\/wp-content\/uploads\/2021\/02\/logo-def.jpg","width":238,"height":234,"caption":"IntegralPro SAS"},"image":{"@id":"https:\/\/www.integralpro.com.co\/#\/schema\/logo\/image\/"}}]}},"_links":{"self":[{"href":"https:\/\/www.integralpro.com.co\/index.php\/wp-json\/wp\/v2\/product\/2167","targetHints":{"allow":["GET"]}}],"collection":[{"href":"https:\/\/www.integralpro.com.co\/index.php\/wp-json\/wp\/v2\/product"}],"about":[{"href":"https:\/\/www.integralpro.com.co\/index.php\/wp-json\/wp\/v2\/types\/product"}],"version-history":[{"count":1,"href":"https:\/\/www.integralpro.com.co\/index.php\/wp-json\/wp\/v2\/product\/2167\/revisions"}],"predecessor-version":[{"id":2238,"href":"https:\/\/www.integralpro.com.co\/index.php\/wp-json\/wp\/v2\/product\/2167\/revisions\/2238"}],"wp:featuredmedia":[{"embeddable":true,"href":"https:\/\/www.integralpro.com.co\/index.php\/wp-json\/wp\/v2\/media\/2237"}],"wp:attachment":[{"href":"https:\/\/www.integralpro.com.co\/index.php\/wp-json\/wp\/v2\/media?parent=2167"}],"wp:term":[{"taxonomy":"product_brand","embeddable":true,"href":"https:\/\/www.integralpro.com.co\/index.php\/wp-json\/wp\/v2\/product_brand?post=2167"},{"taxonomy":"product_cat","embeddable":true,"href":"https:\/\/www.integralpro.com.co\/index.php\/wp-json\/wp\/v2\/product_cat?post=2167"},{"taxonomy":"product_tag","embeddable":true,"href":"https:\/\/www.integralpro.com.co\/index.php\/wp-json\/wp\/v2\/product_tag?post=2167"}],"curies":[{"name":"wp","href":"https:\/\/api.w.org\/{rel}","templated":true}]}}