{"id":2163,"date":"2021-02-19T14:53:32","date_gmt":"2021-02-19T19:53:32","guid":{"rendered":"https:\/\/www.integralpro.com.co\/index.php\/producto\/import-placeholder-for-1183\/"},"modified":"2021-02-19T14:54:09","modified_gmt":"2021-02-19T19:54:09","slug":"punto-de-acceso-inalambrico-tp-link-eap225-wall-ac1200-poe","status":"publish","type":"product","link":"https:\/\/www.integralpro.com.co\/index.php\/producto\/punto-de-acceso-inalambrico-tp-link-eap225-wall-ac1200-poe\/","title":{"rendered":"Punto De Acceso Inalambrico Tp Link Eap225 Wall Ac1200 Poe"},"content":{"rendered":"<p>Punto de Acceso Inal\u00e1mbrico Omada AC1200 MU-MIMO de Pared<\/p>\n<p><\/p>\n<p><strong>Excelente gesti\u00f3n y dise\u00f1o<\/strong><\/p>\n<p><\/p>\n<p>F\u00e1cil montaje que permite la instalaci\u00f3n en cualquier caja de <br \/>pared est\u00e1ndar de tipo UE\/US, el Dise\u00f1o compacto de bajo perfil que se adapta <br \/>discretamente a cualquier estilo de interior existente tambi\u00e9n trae gesti\u00f3n <br \/>gratuita v\u00eda CLoud y App Omada para una gesti\u00f3n f\u00e1cil y ultra conveniente<\/p>\n<p><\/p>\n<p><strong>Cobertura WiFi en Habitaci\u00f3n Completa<\/strong><\/p>\n<p><\/p>\n<p>Un EAP en cada habitaci\u00f3n garantiza una se\u00f1al inal\u00e1mbrica <br \/>fuerte permitiendo a los usuarios disfrutar de su red WiFi privada, seguridad Wi-Fi <br \/>de clase empresarial ayuda a reducir las amenazas de seguridad en la red<\/p>\n<p><\/p>\n<p><strong>Tres Puertos Ethernet, Una Salida PoE<\/strong><\/p>\n<p><\/p>\n<p>M\u00e1s que un simple punto de acceso, el EAP225-Wall act\u00faa como <br \/>un switch proporcionando 3 puertos Ethernet en conjunto con una salida PoE, <br \/>permitiendo dar energ\u00eda a dispositivos como Tel\u00e9fonos IP, c\u00e1maras IP, <br \/>intercomunicadores y m\u00e1s.<\/p>\n<p><\/p>\n<p>Formato Perfecto<\/p>\n<p><\/p>\n<p>El EAP225-Wall combina perfectamente en cualquier ambiente <br \/>empresarial gracias a una aparencia refinada y minimalista. Un dise\u00f1o reducido <br \/>de solo 11mm de grosor.<\/p>\n<p><strong>Tecnolog\u00eda MU-MIMO con <br \/>velocidades Wi-Fi Gigabit<\/strong><\/p>\n<p><\/p>\n<p>El EAP225-Wall entrega velocidades combinadas de doble banda <br \/>de hasta 1200Mbps. Equipado con la \u00faltima tecnolog\u00eda 802.11ac Wave 2 MU-MIMO, el <br \/>intercambio de datos se produce entre m\u00faltiples clientes al mismo tiempo <br \/>permitiendo as\u00ed la conexi\u00f3n de m\u00e1s clientes sin que haya una ralentizaci\u00f3n de la <br \/>red.<\/p>\n<p><\/p>\n<p><strong>Especificaciones T\u00e9cnicas<\/strong><\/p>\n<p><\/p>\n<p>Dimensiones:<span> 14 x 8.6 x 1.97 cm<\/span><\/p>\n<p>Peso: 1,85 kg<\/p>\n<p>Interfaz &#8211; Subida: 1 Puerto Ethernet 10\/100Mbps &#8211; Bajada: 3 Puertos Ethernet <br \/>10\/100Mbps (Un puerto soporta salida de alimentaci\u00f3n PoE de hasta 13W. Esta <br \/>caracter\u00edstica necesita que el EAP est\u00e9 alimentado v\u00eda 802.3at (PoE+). &#8211; Fuente <br \/>de Alimentaci\u00f3n: 802.3af\/at PoE Consumo de Potencia: &#8211; 9 watts \/25.5 watts <br \/>(Salida PoE No Incluida)<\/p>\n<p>Hardware: Antenas &#8211; 2 Antenas Duales &#8211; 2.4GHz: 2*3dBi &#8211; 5GHz: 2*4dBi<\/p>\n<p>Montaje &#8211; Montaje en Pared <\/p>\n<p>Est\u00e1ndares Inal\u00e1mbricos &#8211; IEEE 802.11n\/g\/b\/ac <\/p>\n<p>Frecuencia &#8211; 2.4GHz and 5GHz<\/p>\n<p>Funciones Inal\u00e1mbricas: 16 SSIDs(Hasta 8 SSIDs en cada banda) &#8211; <br \/>Habilitar\/Deshabilitar Radio Inal\u00e1mbrica &#8211; Asignaci\u00f3n de Canal Autom\u00e1tica &#8211; <br \/>Control de Potencia de Transmisi\u00f3n (Ajuste de Potencia de Transmisi\u00f3n en dBm) &#8211; <br \/>QoS(WMM) &#8211; Balanceo de Carga<\/p>\n<p>Seguridad Inal\u00e1mbrica: Portal Cautivo con Autenticaci\u00f3n &#8211; Control de acceso &#8211; <br \/>Filtrado de Direcciones MAC Inal\u00e1mbricas &#8211; Aislamiento inal\u00e1mbrico entre <br \/>clientes &#8211; Asignaci\u00f3n de SSID a VLAN &#8211; VLAN en base a puerto LAN local &#8211; <br \/>Detecci\u00f3n AP No Autorizado<\/p>\n<p>Requisitos del sistema &#8211; Microsoft Windows XP, Vista, Windows 7, Windows 8, <br \/>Windows10<\/p>\n<p><\/p>\n<p>Punto de Acceso &#8211; Tornillo de Montaje &#8211; Documentaci\u00f3n<\/p>\n","protected":false},"excerpt":{"rendered":"<p># DE PARTE:EAP225-Wall<\/p>\n","protected":false},"featured_media":2229,"template":"","meta":{"site-sidebar-layout":"default","site-content-layout":"","ast-site-content-layout":"default","site-content-style":"default","site-sidebar-style":"default","ast-global-header-display":"","ast-banner-title-visibility":"","ast-main-header-display":"","ast-hfb-above-header-display":"","ast-hfb-below-header-display":"","ast-hfb-mobile-header-display":"","site-post-title":"","ast-breadcrumbs-content":"","ast-featured-img":"","footer-sml-layout":"","ast-disable-related-posts":"","theme-transparent-header-meta":"","adv-header-id-meta":"","stick-header-meta":"","header-above-stick-meta":"","header-main-stick-meta":"","header-below-stick-meta":"","astra-migrate-meta-layouts":"default","ast-page-background-enabled":"default","ast-page-background-meta":{"desktop":{"background-color":"var(--ast-global-color-4)","background-image":"","background-repeat":"repeat","background-position":"center center","background-size":"auto","background-attachment":"scroll","background-type":"","background-media":"","overlay-type":"","overlay-color":"","overlay-opacity":"","overlay-gradient":""},"tablet":{"background-color":"","background-image":"","background-repeat":"repeat","background-position":"center center","background-size":"auto","background-attachment":"scroll","background-type":"","background-media":"","overlay-type":"","overlay-color":"","overlay-opacity":"","overlay-gradient":""},"mobile":{"background-color":"","background-image":"","background-repeat":"repeat","background-position":"center center","background-size":"auto","background-attachment":"scroll","background-type":"","background-media":"","overlay-type":"","overlay-color":"","overlay-opacity":"","overlay-gradient":""}},"ast-content-background-meta":{"desktop":{"background-color":"var(--ast-global-color-5)","background-image":"","background-repeat":"repeat","background-position":"center center","background-size":"auto","background-attachment":"scroll","background-type":"","background-media":"","overlay-type":"","overlay-color":"","overlay-opacity":"","overlay-gradient":""},"tablet":{"background-color":"var(--ast-global-color-5)","background-image":"","background-repeat":"repeat","background-position":"center center","background-size":"auto","background-attachment":"scroll","background-type":"","background-media":"","overlay-type":"","overlay-color":"","overlay-opacity":"","overlay-gradient":""},"mobile":{"background-color":"var(--ast-global-color-5)","background-image":"","background-repeat":"repeat","background-position":"center center","background-size":"auto","background-attachment":"scroll","background-type":"","background-media":"","overlay-type":"","overlay-color":"","overlay-opacity":"","overlay-gradient":""}}},"product_brand":[],"product_cat":[152,62],"product_tag":[45],"class_list":{"0":"post-2163","1":"product","2":"type-product","3":"status-publish","4":"has-post-thumbnail","6":"product_cat-access-point","7":"product_cat-redes","8":"product_tag-tp-link","9":"desktop-align-left","10":"tablet-align-left","11":"mobile-align-left","13":"first","14":"instock","15":"taxable","16":"shipping-taxable","17":"product-type-simple"},"yoast_head":"<!-- This site is optimized with the Yoast SEO plugin v27.3 - https:\/\/yoast.com\/product\/yoast-seo-wordpress\/ -->\n<title>Punto De Acceso Inalambrico Tp Link Eap225 Wall Ac1200 Poe - IntegralPro<\/title>\n<meta name=\"robots\" content=\"index, follow, max-snippet:-1, max-image-preview:large, max-video-preview:-1\" \/>\n<link rel=\"canonical\" href=\"https:\/\/www.integralpro.com.co\/index.php\/producto\/punto-de-acceso-inalambrico-tp-link-eap225-wall-ac1200-poe\/\" \/>\n<meta property=\"og:locale\" content=\"es_ES\" \/>\n<meta property=\"og:type\" content=\"article\" \/>\n<meta property=\"og:title\" content=\"Punto De Acceso Inalambrico Tp Link Eap225 Wall Ac1200 Poe - IntegralPro\" \/>\n<meta property=\"og:description\" content=\"# DE PARTE:EAP225-Wall\" \/>\n<meta property=\"og:url\" content=\"https:\/\/www.integralpro.com.co\/index.php\/producto\/punto-de-acceso-inalambrico-tp-link-eap225-wall-ac1200-poe\/\" \/>\n<meta property=\"og:site_name\" content=\"IntegralPro\" \/>\n<meta property=\"article:modified_time\" content=\"2021-02-19T19:54:09+00:00\" \/>\n<meta property=\"og:image\" content=\"https:\/\/www.integralpro.com.co\/wp-content\/uploads\/2021\/02\/5fb9d42ff9aae2b29df7ce6ad94ff899.jpg\" \/>\n\t<meta property=\"og:image:width\" content=\"800\" \/>\n\t<meta property=\"og:image:height\" content=\"800\" \/>\n\t<meta property=\"og:image:type\" content=\"image\/jpeg\" \/>\n<meta name=\"twitter:card\" content=\"summary_large_image\" \/>\n<meta name=\"twitter:label1\" content=\"Tiempo de lectura\" \/>\n\t<meta name=\"twitter:data1\" content=\"2 minutos\" \/>\n<script type=\"application\/ld+json\" class=\"yoast-schema-graph\">{\"@context\":\"https:\\\/\\\/schema.org\",\"@graph\":[{\"@type\":\"WebPage\",\"@id\":\"https:\\\/\\\/www.integralpro.com.co\\\/index.php\\\/producto\\\/punto-de-acceso-inalambrico-tp-link-eap225-wall-ac1200-poe\\\/\",\"url\":\"https:\\\/\\\/www.integralpro.com.co\\\/index.php\\\/producto\\\/punto-de-acceso-inalambrico-tp-link-eap225-wall-ac1200-poe\\\/\",\"name\":\"Punto De Acceso Inalambrico Tp Link Eap225 Wall Ac1200 Poe - IntegralPro\",\"isPartOf\":{\"@id\":\"https:\\\/\\\/www.integralpro.com.co\\\/#website\"},\"primaryImageOfPage\":{\"@id\":\"https:\\\/\\\/www.integralpro.com.co\\\/index.php\\\/producto\\\/punto-de-acceso-inalambrico-tp-link-eap225-wall-ac1200-poe\\\/#primaryimage\"},\"image\":{\"@id\":\"https:\\\/\\\/www.integralpro.com.co\\\/index.php\\\/producto\\\/punto-de-acceso-inalambrico-tp-link-eap225-wall-ac1200-poe\\\/#primaryimage\"},\"thumbnailUrl\":\"https:\\\/\\\/www.integralpro.com.co\\\/wp-content\\\/uploads\\\/2021\\\/02\\\/5fb9d42ff9aae2b29df7ce6ad94ff899.jpg\",\"datePublished\":\"2021-02-19T19:53:32+00:00\",\"dateModified\":\"2021-02-19T19:54:09+00:00\",\"breadcrumb\":{\"@id\":\"https:\\\/\\\/www.integralpro.com.co\\\/index.php\\\/producto\\\/punto-de-acceso-inalambrico-tp-link-eap225-wall-ac1200-poe\\\/#breadcrumb\"},\"inLanguage\":\"es\",\"potentialAction\":[{\"@type\":\"ReadAction\",\"target\":[\"https:\\\/\\\/www.integralpro.com.co\\\/index.php\\\/producto\\\/punto-de-acceso-inalambrico-tp-link-eap225-wall-ac1200-poe\\\/\"]}]},{\"@type\":\"ImageObject\",\"inLanguage\":\"es\",\"@id\":\"https:\\\/\\\/www.integralpro.com.co\\\/index.php\\\/producto\\\/punto-de-acceso-inalambrico-tp-link-eap225-wall-ac1200-poe\\\/#primaryimage\",\"url\":\"https:\\\/\\\/www.integralpro.com.co\\\/wp-content\\\/uploads\\\/2021\\\/02\\\/5fb9d42ff9aae2b29df7ce6ad94ff899.jpg\",\"contentUrl\":\"https:\\\/\\\/www.integralpro.com.co\\\/wp-content\\\/uploads\\\/2021\\\/02\\\/5fb9d42ff9aae2b29df7ce6ad94ff899.jpg\",\"width\":800,\"height\":800},{\"@type\":\"BreadcrumbList\",\"@id\":\"https:\\\/\\\/www.integralpro.com.co\\\/index.php\\\/producto\\\/punto-de-acceso-inalambrico-tp-link-eap225-wall-ac1200-poe\\\/#breadcrumb\",\"itemListElement\":[{\"@type\":\"ListItem\",\"position\":1,\"name\":\"Portada\",\"item\":\"https:\\\/\\\/www.integralpro.com.co\\\/\"},{\"@type\":\"ListItem\",\"position\":2,\"name\":\"Tienda\",\"item\":\"https:\\\/\\\/www.integralpro.com.co\\\/index.php\\\/tienda\\\/\"},{\"@type\":\"ListItem\",\"position\":3,\"name\":\"Punto De Acceso Inalambrico Tp Link Eap225 Wall Ac1200 Poe\"}]},{\"@type\":\"WebSite\",\"@id\":\"https:\\\/\\\/www.integralpro.com.co\\\/#website\",\"url\":\"https:\\\/\\\/www.integralpro.com.co\\\/\",\"name\":\"IntegralPro\",\"description\":\"Tienda de Tecnolog\u00eda en L\u00ednea\",\"publisher\":{\"@id\":\"https:\\\/\\\/www.integralpro.com.co\\\/#organization\"},\"potentialAction\":[{\"@type\":\"SearchAction\",\"target\":{\"@type\":\"EntryPoint\",\"urlTemplate\":\"https:\\\/\\\/www.integralpro.com.co\\\/?s={search_term_string}\"},\"query-input\":{\"@type\":\"PropertyValueSpecification\",\"valueRequired\":true,\"valueName\":\"search_term_string\"}}],\"inLanguage\":\"es\"},{\"@type\":\"Organization\",\"@id\":\"https:\\\/\\\/www.integralpro.com.co\\\/#organization\",\"name\":\"IntegralPro SAS\",\"url\":\"https:\\\/\\\/www.integralpro.com.co\\\/\",\"logo\":{\"@type\":\"ImageObject\",\"inLanguage\":\"es\",\"@id\":\"https:\\\/\\\/www.integralpro.com.co\\\/#\\\/schema\\\/logo\\\/image\\\/\",\"url\":\"https:\\\/\\\/www.integralpro.com.co\\\/wp-content\\\/uploads\\\/2021\\\/02\\\/logo-def.jpg\",\"contentUrl\":\"https:\\\/\\\/www.integralpro.com.co\\\/wp-content\\\/uploads\\\/2021\\\/02\\\/logo-def.jpg\",\"width\":238,\"height\":234,\"caption\":\"IntegralPro SAS\"},\"image\":{\"@id\":\"https:\\\/\\\/www.integralpro.com.co\\\/#\\\/schema\\\/logo\\\/image\\\/\"}}]}<\/script>\n<!-- \/ Yoast SEO plugin. -->","yoast_head_json":{"title":"Punto De Acceso Inalambrico Tp Link Eap225 Wall Ac1200 Poe - IntegralPro","robots":{"index":"index","follow":"follow","max-snippet":"max-snippet:-1","max-image-preview":"max-image-preview:large","max-video-preview":"max-video-preview:-1"},"canonical":"https:\/\/www.integralpro.com.co\/index.php\/producto\/punto-de-acceso-inalambrico-tp-link-eap225-wall-ac1200-poe\/","og_locale":"es_ES","og_type":"article","og_title":"Punto De Acceso Inalambrico Tp Link Eap225 Wall Ac1200 Poe - IntegralPro","og_description":"# DE PARTE:EAP225-Wall","og_url":"https:\/\/www.integralpro.com.co\/index.php\/producto\/punto-de-acceso-inalambrico-tp-link-eap225-wall-ac1200-poe\/","og_site_name":"IntegralPro","article_modified_time":"2021-02-19T19:54:09+00:00","og_image":[{"width":800,"height":800,"url":"https:\/\/www.integralpro.com.co\/wp-content\/uploads\/2021\/02\/5fb9d42ff9aae2b29df7ce6ad94ff899.jpg","type":"image\/jpeg"}],"twitter_card":"summary_large_image","twitter_misc":{"Tiempo de lectura":"2 minutos"},"schema":{"@context":"https:\/\/schema.org","@graph":[{"@type":"WebPage","@id":"https:\/\/www.integralpro.com.co\/index.php\/producto\/punto-de-acceso-inalambrico-tp-link-eap225-wall-ac1200-poe\/","url":"https:\/\/www.integralpro.com.co\/index.php\/producto\/punto-de-acceso-inalambrico-tp-link-eap225-wall-ac1200-poe\/","name":"Punto De Acceso Inalambrico Tp Link Eap225 Wall Ac1200 Poe - IntegralPro","isPartOf":{"@id":"https:\/\/www.integralpro.com.co\/#website"},"primaryImageOfPage":{"@id":"https:\/\/www.integralpro.com.co\/index.php\/producto\/punto-de-acceso-inalambrico-tp-link-eap225-wall-ac1200-poe\/#primaryimage"},"image":{"@id":"https:\/\/www.integralpro.com.co\/index.php\/producto\/punto-de-acceso-inalambrico-tp-link-eap225-wall-ac1200-poe\/#primaryimage"},"thumbnailUrl":"https:\/\/www.integralpro.com.co\/wp-content\/uploads\/2021\/02\/5fb9d42ff9aae2b29df7ce6ad94ff899.jpg","datePublished":"2021-02-19T19:53:32+00:00","dateModified":"2021-02-19T19:54:09+00:00","breadcrumb":{"@id":"https:\/\/www.integralpro.com.co\/index.php\/producto\/punto-de-acceso-inalambrico-tp-link-eap225-wall-ac1200-poe\/#breadcrumb"},"inLanguage":"es","potentialAction":[{"@type":"ReadAction","target":["https:\/\/www.integralpro.com.co\/index.php\/producto\/punto-de-acceso-inalambrico-tp-link-eap225-wall-ac1200-poe\/"]}]},{"@type":"ImageObject","inLanguage":"es","@id":"https:\/\/www.integralpro.com.co\/index.php\/producto\/punto-de-acceso-inalambrico-tp-link-eap225-wall-ac1200-poe\/#primaryimage","url":"https:\/\/www.integralpro.com.co\/wp-content\/uploads\/2021\/02\/5fb9d42ff9aae2b29df7ce6ad94ff899.jpg","contentUrl":"https:\/\/www.integralpro.com.co\/wp-content\/uploads\/2021\/02\/5fb9d42ff9aae2b29df7ce6ad94ff899.jpg","width":800,"height":800},{"@type":"BreadcrumbList","@id":"https:\/\/www.integralpro.com.co\/index.php\/producto\/punto-de-acceso-inalambrico-tp-link-eap225-wall-ac1200-poe\/#breadcrumb","itemListElement":[{"@type":"ListItem","position":1,"name":"Portada","item":"https:\/\/www.integralpro.com.co\/"},{"@type":"ListItem","position":2,"name":"Tienda","item":"https:\/\/www.integralpro.com.co\/index.php\/tienda\/"},{"@type":"ListItem","position":3,"name":"Punto De Acceso Inalambrico Tp Link Eap225 Wall Ac1200 Poe"}]},{"@type":"WebSite","@id":"https:\/\/www.integralpro.com.co\/#website","url":"https:\/\/www.integralpro.com.co\/","name":"IntegralPro","description":"Tienda de Tecnolog\u00eda en L\u00ednea","publisher":{"@id":"https:\/\/www.integralpro.com.co\/#organization"},"potentialAction":[{"@type":"SearchAction","target":{"@type":"EntryPoint","urlTemplate":"https:\/\/www.integralpro.com.co\/?s={search_term_string}"},"query-input":{"@type":"PropertyValueSpecification","valueRequired":true,"valueName":"search_term_string"}}],"inLanguage":"es"},{"@type":"Organization","@id":"https:\/\/www.integralpro.com.co\/#organization","name":"IntegralPro SAS","url":"https:\/\/www.integralpro.com.co\/","logo":{"@type":"ImageObject","inLanguage":"es","@id":"https:\/\/www.integralpro.com.co\/#\/schema\/logo\/image\/","url":"https:\/\/www.integralpro.com.co\/wp-content\/uploads\/2021\/02\/logo-def.jpg","contentUrl":"https:\/\/www.integralpro.com.co\/wp-content\/uploads\/2021\/02\/logo-def.jpg","width":238,"height":234,"caption":"IntegralPro SAS"},"image":{"@id":"https:\/\/www.integralpro.com.co\/#\/schema\/logo\/image\/"}}]}},"_links":{"self":[{"href":"https:\/\/www.integralpro.com.co\/index.php\/wp-json\/wp\/v2\/product\/2163","targetHints":{"allow":["GET"]}}],"collection":[{"href":"https:\/\/www.integralpro.com.co\/index.php\/wp-json\/wp\/v2\/product"}],"about":[{"href":"https:\/\/www.integralpro.com.co\/index.php\/wp-json\/wp\/v2\/types\/product"}],"version-history":[{"count":1,"href":"https:\/\/www.integralpro.com.co\/index.php\/wp-json\/wp\/v2\/product\/2163\/revisions"}],"predecessor-version":[{"id":2230,"href":"https:\/\/www.integralpro.com.co\/index.php\/wp-json\/wp\/v2\/product\/2163\/revisions\/2230"}],"wp:featuredmedia":[{"embeddable":true,"href":"https:\/\/www.integralpro.com.co\/index.php\/wp-json\/wp\/v2\/media\/2229"}],"wp:attachment":[{"href":"https:\/\/www.integralpro.com.co\/index.php\/wp-json\/wp\/v2\/media?parent=2163"}],"wp:term":[{"taxonomy":"product_brand","embeddable":true,"href":"https:\/\/www.integralpro.com.co\/index.php\/wp-json\/wp\/v2\/product_brand?post=2163"},{"taxonomy":"product_cat","embeddable":true,"href":"https:\/\/www.integralpro.com.co\/index.php\/wp-json\/wp\/v2\/product_cat?post=2163"},{"taxonomy":"product_tag","embeddable":true,"href":"https:\/\/www.integralpro.com.co\/index.php\/wp-json\/wp\/v2\/product_tag?post=2163"}],"curies":[{"name":"wp","href":"https:\/\/api.w.org\/{rel}","templated":true}]}}