{"id":2121,"date":"2021-02-19T14:53:11","date_gmt":"2021-02-19T19:53:11","guid":{"rendered":"https:\/\/www.integralpro.com.co\/index.php\/producto\/import-placeholder-for-1167\/"},"modified":"2021-02-19T14:53:43","modified_gmt":"2021-02-19T19:53:43","slug":"switch-hpe-aruba-2530-48g-poe-382w-ram-256mb-rom-128mb","status":"publish","type":"product","link":"https:\/\/www.integralpro.com.co\/index.php\/producto\/switch-hpe-aruba-2530-48g-poe-382w-ram-256mb-rom-128mb\/","title":{"rendered":"Switch Hpe Aruba 2530 48G Poe 382W Ram 256Mb Rom 128Mb"},"content":{"rendered":"<p>Switch Hpe&nbsp;Hewlett Packard Aruba 2530 48G J9772A Gris <br \/>plateado. Switch Administrable Capa 2, 48 Puertos LAN Gigabit (PoE+ 382W), 4 Puertos SFP Gigabit, Memoria RAM 256MB, Flash ROM 128MB, Procesador ARM9E a 800 MHz, Procesamiento 77.3Mpps, Switching 104Gbps, Gesti\u00f3n IMC, Apilado Virtual (Stacking hasta 16-Switches), B\u00faffer para paquetes de 3MB, VLAN, SFlow, IPv6, Mac Address, RMON, QoS, ACL, DHCP,CLI, SNMP.<\/p>\n<p><strong>Porque HPE Aruba 2530<\/strong> <\/p>\n<p>La serie de conmutadores HP 2530 ofrece facilidad de uso, seguridad y confiabilidad para implementaciones en extremos empresarial, sucursales y peque\u00f1as y medianas empresas. Los conmutadores totalmente gestionables ofrecen capacidades completas de capa 2 con PoE+ opcional, enlaces ascendentes de 10 GbE, seguridad de acceso mejorada, priorizaci\u00f3n de tr\u00e1fico, sFlow, compatibilidad con host IPv6, e incluyen garant\u00eda limitada 2.0 de por vida con 3 a\u00f1os de atenci\u00f3n telef\u00f3nica 24 x 7. La serie de conmutadores HP 2530 es f\u00e1cil de usar y de implementar y puede gestionarse con el HP Intelligent Management Center (IMC) para obtener una sola vista de toda su red.<\/p>\n<p><strong>Conmutadores de nivel de acceso seguro, fiables y rentables<\/strong><\/p>\n<p>La serie de conmutadores HP 2530 ofrece un uso seguro y de confianza para implementaciones de borde de empresa, sucursales y peque\u00f1as y medianas empresas.<br \/>Los conmutadores totalmente gestionables ofrecen capacidades completas de capa 2 con PoE+ opcional, enlaces ascendentes de 10 GbE, seguridad de acceso mejorada, priorizaci\u00f3n de tr\u00e1fico, sFlow, compatibilidad con host IPv6, e incluyen garant\u00eda limitada de por vida 2.0 con 3 a\u00f1os de atenci\u00f3n telef\u00f3nica 24 x 7.<br \/>Implementaci\u00f3n del tama\u00f1o adecuado con la posibilidad de 8, 24 y 48 modelos de puertos disponibles con puertos Gigabit o Fast Ethernet, PoE+ opcional y enlaces ascendentes de 10 GbE opcionales.<br \/>Ahorro de energ\u00eda con los modelos sin ventilador, Ethernet de consumo eficiente de energ\u00eda (IEEE 802.3az) y capacidad para desactivar los LED y permitir el modo de bajo consumo de energ\u00eda de puertos.<\/p>\n<p><strong>Seguridad y calidad de servicio<\/p>\n<p><\/strong><\/p>\n<p>La serie de conmutadores HP 2530 es compatible con los m\u00e9todos de autenticaci\u00f3n flexibles, incluye autenticaci\u00f3n MAC local, 802.1X, MAC y autenticaci\u00f3n web para brindar m\u00e1s seguridad y una autenticaci\u00f3n basada en pol\u00edticas de la aplicaci\u00f3n.<br \/>Protecci\u00f3n avanzada de denegaci\u00f3n de servicio (DOS), como protecci\u00f3n DHCP, protecci\u00f3n din\u00e1mica ARP y bloqueo din\u00e1mico de IP, y controles de tr\u00e1fico flexible incluyendo ACL y QoS.<br \/>La asignaci\u00f3n de prioridades de tr\u00e1fico con IEEE 802.1o permite clasificar el tr\u00e1fico en tiempo real con compatibilidad con ocho niveles de prioridad asignados a dos o cuatro colas utiliza cola de ponderaci\u00f3n de d\u00e9ficit por turnos (WDRR) o de prioridad estricta (SP),<br \/>Defienda su red IPv6 con la protecci\u00f3n de DHCPv6. <\/p>\n<p><strong>Implementaci\u00f3n y administraci\u00f3n sencillas<\/p>\n<p><\/strong><\/p>\n<p>La serie de conmutadores HP 2530 es compatible con la elecci\u00f3n de interfaz de administraci\u00f3n con Web GUI, interfaz de l\u00ednea de comandos (CLI) y Simple Network Management Protocol (SNMP), con consola o puertos micro USB.<br \/>Funcionamiento silencioso con modelos sin ventilador y velocidad variable<br \/>Implementaci\u00f3n flexible con opciones de montaje en pared, mesa y bastidor.<br \/>TR-069 ofrece una implementaci\u00f3n sin intervenci\u00f3n para dispositivos con direcciones IP din\u00e1micas y en redes privadas.&nbsp;<\/p>\n<p><strong>Vista \u00fanica de la red<\/strong> <\/p>\n<p>La serie de conmutadores HP 2530 puede gestionarse perfectamente con HP Intelligent Management Center (IMC) para proporcionar la transparencia de red integral con la experiencia de red uniforme, a trav\u00e9s de una amplia configuraci\u00f3n, cumplimiento y gesti\u00f3n de pol\u00edticas.<br \/>RMON, y sFlow ofrecen funcionalidades avanzadas de monitorizaci\u00f3n y notificaci\u00f3n para estad\u00edsticas, historiales, alarmas e incidencias.&nbsp;<\/p>\n<p><strong>Especificaciones T\u00e9cnicas<\/strong><\/p>\n<p>Dimensiones: 44.3 x 4.45 x 25.4 cm<br \/> Peso: 3.08 kg<\/p>\n<p>Color: Gris plateado<\/p>\n<p>Switch Administrable Capa 2<\/p>\n<p>48 Puertos RJ-45 10\/100\/1000 (PoE+ 382W) con detecci\u00f3n autom\u00e1tica<\/p>\n<p>4 Puertos SFP Gigabit Ethernet fijos<\/p>\n<p>Procesador: ARM9E a 800 MHz<\/p>\n<p>Memoria Ram: 256 MB<\/p>\n<p>Memoria Flash Rom: 128 MB<\/p>\n<p>Tama\u00f1o de b\u00fafer para paquetes: 3 MB asignados din\u00e1micamente<\/p>\n<p>Latencia de 100 Mb: < 7.4 \u00b5s \/ Latencia de 1000 Mb: < 2.3 \u00b5s\n\n<br \/>Velocidad: Hasta 77.3 Mpps <\/p>\n<p>Capacidad de Switching: 104 Gbps <\/p>\n<p>Capacidad de apilado Virtual: Hasta 16 conmutadores<\/p>\n<p>Centro de gesti\u00f3n inteligente<\/p>\n<p>Interfaz de l\u00ednea de comandos<\/p>\n<p>Navegador Web, Men\u00fa Configuraci\u00f3n<\/p>\n<p>Gesti\u00f3n fuera de banda (rs-232c de serie o micro usb)<\/p>\n<p>Mib Ethernet Ieee 802.3<\/p>\n<p>Mib de repetidor<\/p>\n<p>Mib de interfaz Ethernet<\/p>\n<p><strong>Contenido Del Paquete<\/strong><\/p>\n<p>Equipo &#8211;&nbsp;Documentaci\u00f3n.<\/p>\n","protected":false},"excerpt":{"rendered":"<p># DE PARTE:J9772A<\/p>\n","protected":false},"featured_media":2183,"template":"","meta":{"site-sidebar-layout":"default","site-content-layout":"","ast-site-content-layout":"default","site-content-style":"default","site-sidebar-style":"default","ast-global-header-display":"","ast-banner-title-visibility":"","ast-main-header-display":"","ast-hfb-above-header-display":"","ast-hfb-below-header-display":"","ast-hfb-mobile-header-display":"","site-post-title":"","ast-breadcrumbs-content":"","ast-featured-img":"","footer-sml-layout":"","ast-disable-related-posts":"","theme-transparent-header-meta":"","adv-header-id-meta":"","stick-header-meta":"","header-above-stick-meta":"","header-main-stick-meta":"","header-below-stick-meta":"","astra-migrate-meta-layouts":"default","ast-page-background-enabled":"default","ast-page-background-meta":{"desktop":{"background-color":"var(--ast-global-color-4)","background-image":"","background-repeat":"repeat","background-position":"center center","background-size":"auto","background-attachment":"scroll","background-type":"","background-media":"","overlay-type":"","overlay-color":"","overlay-opacity":"","overlay-gradient":""},"tablet":{"background-color":"","background-image":"","background-repeat":"repeat","background-position":"center center","background-size":"auto","background-attachment":"scroll","background-type":"","background-media":"","overlay-type":"","overlay-color":"","overlay-opacity":"","overlay-gradient":""},"mobile":{"background-color":"","background-image":"","background-repeat":"repeat","background-position":"center center","background-size":"auto","background-attachment":"scroll","background-type":"","background-media":"","overlay-type":"","overlay-color":"","overlay-opacity":"","overlay-gradient":""}},"ast-content-background-meta":{"desktop":{"background-color":"var(--ast-global-color-5)","background-image":"","background-repeat":"repeat","background-position":"center center","background-size":"auto","background-attachment":"scroll","background-type":"","background-media":"","overlay-type":"","overlay-color":"","overlay-opacity":"","overlay-gradient":""},"tablet":{"background-color":"var(--ast-global-color-5)","background-image":"","background-repeat":"repeat","background-position":"center center","background-size":"auto","background-attachment":"scroll","background-type":"","background-media":"","overlay-type":"","overlay-color":"","overlay-opacity":"","overlay-gradient":""},"mobile":{"background-color":"var(--ast-global-color-5)","background-image":"","background-repeat":"repeat","background-position":"center center","background-size":"auto","background-attachment":"scroll","background-type":"","background-media":"","overlay-type":"","overlay-color":"","overlay-opacity":"","overlay-gradient":""}}},"product_brand":[],"product_cat":[62,151],"product_tag":[43],"class_list":{"0":"post-2121","1":"product","2":"type-product","3":"status-publish","4":"has-post-thumbnail","6":"product_cat-redes","7":"product_cat-switch","8":"product_tag-hewlett-packard","9":"desktop-align-left","10":"tablet-align-left","11":"mobile-align-left","13":"first","14":"instock","15":"taxable","16":"shipping-taxable","17":"product-type-simple"},"yoast_head":"<!-- This site is optimized with the Yoast SEO plugin v27.3 - https:\/\/yoast.com\/product\/yoast-seo-wordpress\/ -->\n<title>Switch Hpe Aruba 2530 48G Poe 382W Ram 256Mb Rom 128Mb - IntegralPro<\/title>\n<meta name=\"robots\" content=\"index, follow, max-snippet:-1, max-image-preview:large, max-video-preview:-1\" \/>\n<link rel=\"canonical\" href=\"https:\/\/www.integralpro.com.co\/index.php\/producto\/switch-hpe-aruba-2530-48g-poe-382w-ram-256mb-rom-128mb\/\" \/>\n<meta property=\"og:locale\" content=\"es_ES\" \/>\n<meta property=\"og:type\" content=\"article\" \/>\n<meta property=\"og:title\" content=\"Switch Hpe Aruba 2530 48G Poe 382W Ram 256Mb Rom 128Mb - IntegralPro\" \/>\n<meta property=\"og:description\" content=\"# DE PARTE:J9772A\" \/>\n<meta property=\"og:url\" content=\"https:\/\/www.integralpro.com.co\/index.php\/producto\/switch-hpe-aruba-2530-48g-poe-382w-ram-256mb-rom-128mb\/\" \/>\n<meta property=\"og:site_name\" content=\"IntegralPro\" \/>\n<meta property=\"article:modified_time\" content=\"2021-02-19T19:53:43+00:00\" \/>\n<meta property=\"og:image\" content=\"https:\/\/www.integralpro.com.co\/wp-content\/uploads\/2021\/02\/e52a19bd9176dcb56e7db4e3674f1fcf.jpg\" \/>\n\t<meta property=\"og:image:width\" content=\"1000\" \/>\n\t<meta property=\"og:image:height\" content=\"1000\" \/>\n\t<meta property=\"og:image:type\" content=\"image\/jpeg\" \/>\n<meta name=\"twitter:card\" content=\"summary_large_image\" \/>\n<meta name=\"twitter:label1\" content=\"Tiempo de lectura\" \/>\n\t<meta name=\"twitter:data1\" content=\"4 minutos\" \/>\n<script type=\"application\/ld+json\" class=\"yoast-schema-graph\">{\"@context\":\"https:\\\/\\\/schema.org\",\"@graph\":[{\"@type\":\"WebPage\",\"@id\":\"https:\\\/\\\/www.integralpro.com.co\\\/index.php\\\/producto\\\/switch-hpe-aruba-2530-48g-poe-382w-ram-256mb-rom-128mb\\\/\",\"url\":\"https:\\\/\\\/www.integralpro.com.co\\\/index.php\\\/producto\\\/switch-hpe-aruba-2530-48g-poe-382w-ram-256mb-rom-128mb\\\/\",\"name\":\"Switch Hpe Aruba 2530 48G Poe 382W Ram 256Mb Rom 128Mb - IntegralPro\",\"isPartOf\":{\"@id\":\"https:\\\/\\\/www.integralpro.com.co\\\/#website\"},\"primaryImageOfPage\":{\"@id\":\"https:\\\/\\\/www.integralpro.com.co\\\/index.php\\\/producto\\\/switch-hpe-aruba-2530-48g-poe-382w-ram-256mb-rom-128mb\\\/#primaryimage\"},\"image\":{\"@id\":\"https:\\\/\\\/www.integralpro.com.co\\\/index.php\\\/producto\\\/switch-hpe-aruba-2530-48g-poe-382w-ram-256mb-rom-128mb\\\/#primaryimage\"},\"thumbnailUrl\":\"https:\\\/\\\/www.integralpro.com.co\\\/wp-content\\\/uploads\\\/2021\\\/02\\\/e52a19bd9176dcb56e7db4e3674f1fcf.jpg\",\"datePublished\":\"2021-02-19T19:53:11+00:00\",\"dateModified\":\"2021-02-19T19:53:43+00:00\",\"breadcrumb\":{\"@id\":\"https:\\\/\\\/www.integralpro.com.co\\\/index.php\\\/producto\\\/switch-hpe-aruba-2530-48g-poe-382w-ram-256mb-rom-128mb\\\/#breadcrumb\"},\"inLanguage\":\"es\",\"potentialAction\":[{\"@type\":\"ReadAction\",\"target\":[\"https:\\\/\\\/www.integralpro.com.co\\\/index.php\\\/producto\\\/switch-hpe-aruba-2530-48g-poe-382w-ram-256mb-rom-128mb\\\/\"]}]},{\"@type\":\"ImageObject\",\"inLanguage\":\"es\",\"@id\":\"https:\\\/\\\/www.integralpro.com.co\\\/index.php\\\/producto\\\/switch-hpe-aruba-2530-48g-poe-382w-ram-256mb-rom-128mb\\\/#primaryimage\",\"url\":\"https:\\\/\\\/www.integralpro.com.co\\\/wp-content\\\/uploads\\\/2021\\\/02\\\/e52a19bd9176dcb56e7db4e3674f1fcf.jpg\",\"contentUrl\":\"https:\\\/\\\/www.integralpro.com.co\\\/wp-content\\\/uploads\\\/2021\\\/02\\\/e52a19bd9176dcb56e7db4e3674f1fcf.jpg\",\"width\":1000,\"height\":1000},{\"@type\":\"BreadcrumbList\",\"@id\":\"https:\\\/\\\/www.integralpro.com.co\\\/index.php\\\/producto\\\/switch-hpe-aruba-2530-48g-poe-382w-ram-256mb-rom-128mb\\\/#breadcrumb\",\"itemListElement\":[{\"@type\":\"ListItem\",\"position\":1,\"name\":\"Portada\",\"item\":\"https:\\\/\\\/www.integralpro.com.co\\\/\"},{\"@type\":\"ListItem\",\"position\":2,\"name\":\"Tienda\",\"item\":\"https:\\\/\\\/www.integralpro.com.co\\\/index.php\\\/tienda\\\/\"},{\"@type\":\"ListItem\",\"position\":3,\"name\":\"Switch Hpe Aruba 2530 48G Poe 382W Ram 256Mb Rom 128Mb\"}]},{\"@type\":\"WebSite\",\"@id\":\"https:\\\/\\\/www.integralpro.com.co\\\/#website\",\"url\":\"https:\\\/\\\/www.integralpro.com.co\\\/\",\"name\":\"IntegralPro\",\"description\":\"Tienda de Tecnolog\u00eda en L\u00ednea\",\"publisher\":{\"@id\":\"https:\\\/\\\/www.integralpro.com.co\\\/#organization\"},\"potentialAction\":[{\"@type\":\"SearchAction\",\"target\":{\"@type\":\"EntryPoint\",\"urlTemplate\":\"https:\\\/\\\/www.integralpro.com.co\\\/?s={search_term_string}\"},\"query-input\":{\"@type\":\"PropertyValueSpecification\",\"valueRequired\":true,\"valueName\":\"search_term_string\"}}],\"inLanguage\":\"es\"},{\"@type\":\"Organization\",\"@id\":\"https:\\\/\\\/www.integralpro.com.co\\\/#organization\",\"name\":\"IntegralPro SAS\",\"url\":\"https:\\\/\\\/www.integralpro.com.co\\\/\",\"logo\":{\"@type\":\"ImageObject\",\"inLanguage\":\"es\",\"@id\":\"https:\\\/\\\/www.integralpro.com.co\\\/#\\\/schema\\\/logo\\\/image\\\/\",\"url\":\"https:\\\/\\\/www.integralpro.com.co\\\/wp-content\\\/uploads\\\/2021\\\/02\\\/logo-def.jpg\",\"contentUrl\":\"https:\\\/\\\/www.integralpro.com.co\\\/wp-content\\\/uploads\\\/2021\\\/02\\\/logo-def.jpg\",\"width\":238,\"height\":234,\"caption\":\"IntegralPro SAS\"},\"image\":{\"@id\":\"https:\\\/\\\/www.integralpro.com.co\\\/#\\\/schema\\\/logo\\\/image\\\/\"}}]}<\/script>\n<!-- \/ Yoast SEO plugin. -->","yoast_head_json":{"title":"Switch Hpe Aruba 2530 48G Poe 382W Ram 256Mb Rom 128Mb - IntegralPro","robots":{"index":"index","follow":"follow","max-snippet":"max-snippet:-1","max-image-preview":"max-image-preview:large","max-video-preview":"max-video-preview:-1"},"canonical":"https:\/\/www.integralpro.com.co\/index.php\/producto\/switch-hpe-aruba-2530-48g-poe-382w-ram-256mb-rom-128mb\/","og_locale":"es_ES","og_type":"article","og_title":"Switch Hpe Aruba 2530 48G Poe 382W Ram 256Mb Rom 128Mb - IntegralPro","og_description":"# DE PARTE:J9772A","og_url":"https:\/\/www.integralpro.com.co\/index.php\/producto\/switch-hpe-aruba-2530-48g-poe-382w-ram-256mb-rom-128mb\/","og_site_name":"IntegralPro","article_modified_time":"2021-02-19T19:53:43+00:00","og_image":[{"width":1000,"height":1000,"url":"https:\/\/www.integralpro.com.co\/wp-content\/uploads\/2021\/02\/e52a19bd9176dcb56e7db4e3674f1fcf.jpg","type":"image\/jpeg"}],"twitter_card":"summary_large_image","twitter_misc":{"Tiempo de lectura":"4 minutos"},"schema":{"@context":"https:\/\/schema.org","@graph":[{"@type":"WebPage","@id":"https:\/\/www.integralpro.com.co\/index.php\/producto\/switch-hpe-aruba-2530-48g-poe-382w-ram-256mb-rom-128mb\/","url":"https:\/\/www.integralpro.com.co\/index.php\/producto\/switch-hpe-aruba-2530-48g-poe-382w-ram-256mb-rom-128mb\/","name":"Switch Hpe Aruba 2530 48G Poe 382W Ram 256Mb Rom 128Mb - IntegralPro","isPartOf":{"@id":"https:\/\/www.integralpro.com.co\/#website"},"primaryImageOfPage":{"@id":"https:\/\/www.integralpro.com.co\/index.php\/producto\/switch-hpe-aruba-2530-48g-poe-382w-ram-256mb-rom-128mb\/#primaryimage"},"image":{"@id":"https:\/\/www.integralpro.com.co\/index.php\/producto\/switch-hpe-aruba-2530-48g-poe-382w-ram-256mb-rom-128mb\/#primaryimage"},"thumbnailUrl":"https:\/\/www.integralpro.com.co\/wp-content\/uploads\/2021\/02\/e52a19bd9176dcb56e7db4e3674f1fcf.jpg","datePublished":"2021-02-19T19:53:11+00:00","dateModified":"2021-02-19T19:53:43+00:00","breadcrumb":{"@id":"https:\/\/www.integralpro.com.co\/index.php\/producto\/switch-hpe-aruba-2530-48g-poe-382w-ram-256mb-rom-128mb\/#breadcrumb"},"inLanguage":"es","potentialAction":[{"@type":"ReadAction","target":["https:\/\/www.integralpro.com.co\/index.php\/producto\/switch-hpe-aruba-2530-48g-poe-382w-ram-256mb-rom-128mb\/"]}]},{"@type":"ImageObject","inLanguage":"es","@id":"https:\/\/www.integralpro.com.co\/index.php\/producto\/switch-hpe-aruba-2530-48g-poe-382w-ram-256mb-rom-128mb\/#primaryimage","url":"https:\/\/www.integralpro.com.co\/wp-content\/uploads\/2021\/02\/e52a19bd9176dcb56e7db4e3674f1fcf.jpg","contentUrl":"https:\/\/www.integralpro.com.co\/wp-content\/uploads\/2021\/02\/e52a19bd9176dcb56e7db4e3674f1fcf.jpg","width":1000,"height":1000},{"@type":"BreadcrumbList","@id":"https:\/\/www.integralpro.com.co\/index.php\/producto\/switch-hpe-aruba-2530-48g-poe-382w-ram-256mb-rom-128mb\/#breadcrumb","itemListElement":[{"@type":"ListItem","position":1,"name":"Portada","item":"https:\/\/www.integralpro.com.co\/"},{"@type":"ListItem","position":2,"name":"Tienda","item":"https:\/\/www.integralpro.com.co\/index.php\/tienda\/"},{"@type":"ListItem","position":3,"name":"Switch Hpe Aruba 2530 48G Poe 382W Ram 256Mb Rom 128Mb"}]},{"@type":"WebSite","@id":"https:\/\/www.integralpro.com.co\/#website","url":"https:\/\/www.integralpro.com.co\/","name":"IntegralPro","description":"Tienda de Tecnolog\u00eda en L\u00ednea","publisher":{"@id":"https:\/\/www.integralpro.com.co\/#organization"},"potentialAction":[{"@type":"SearchAction","target":{"@type":"EntryPoint","urlTemplate":"https:\/\/www.integralpro.com.co\/?s={search_term_string}"},"query-input":{"@type":"PropertyValueSpecification","valueRequired":true,"valueName":"search_term_string"}}],"inLanguage":"es"},{"@type":"Organization","@id":"https:\/\/www.integralpro.com.co\/#organization","name":"IntegralPro SAS","url":"https:\/\/www.integralpro.com.co\/","logo":{"@type":"ImageObject","inLanguage":"es","@id":"https:\/\/www.integralpro.com.co\/#\/schema\/logo\/image\/","url":"https:\/\/www.integralpro.com.co\/wp-content\/uploads\/2021\/02\/logo-def.jpg","contentUrl":"https:\/\/www.integralpro.com.co\/wp-content\/uploads\/2021\/02\/logo-def.jpg","width":238,"height":234,"caption":"IntegralPro SAS"},"image":{"@id":"https:\/\/www.integralpro.com.co\/#\/schema\/logo\/image\/"}}]}},"_links":{"self":[{"href":"https:\/\/www.integralpro.com.co\/index.php\/wp-json\/wp\/v2\/product\/2121","targetHints":{"allow":["GET"]}}],"collection":[{"href":"https:\/\/www.integralpro.com.co\/index.php\/wp-json\/wp\/v2\/product"}],"about":[{"href":"https:\/\/www.integralpro.com.co\/index.php\/wp-json\/wp\/v2\/types\/product"}],"version-history":[{"count":1,"href":"https:\/\/www.integralpro.com.co\/index.php\/wp-json\/wp\/v2\/product\/2121\/revisions"}],"predecessor-version":[{"id":2184,"href":"https:\/\/www.integralpro.com.co\/index.php\/wp-json\/wp\/v2\/product\/2121\/revisions\/2184"}],"wp:featuredmedia":[{"embeddable":true,"href":"https:\/\/www.integralpro.com.co\/index.php\/wp-json\/wp\/v2\/media\/2183"}],"wp:attachment":[{"href":"https:\/\/www.integralpro.com.co\/index.php\/wp-json\/wp\/v2\/media?parent=2121"}],"wp:term":[{"taxonomy":"product_brand","embeddable":true,"href":"https:\/\/www.integralpro.com.co\/index.php\/wp-json\/wp\/v2\/product_brand?post=2121"},{"taxonomy":"product_cat","embeddable":true,"href":"https:\/\/www.integralpro.com.co\/index.php\/wp-json\/wp\/v2\/product_cat?post=2121"},{"taxonomy":"product_tag","embeddable":true,"href":"https:\/\/www.integralpro.com.co\/index.php\/wp-json\/wp\/v2\/product_tag?post=2121"}],"curies":[{"name":"wp","href":"https:\/\/api.w.org\/{rel}","templated":true}]}}