{"id":2080,"date":"2021-02-19T14:52:48","date_gmt":"2021-02-19T19:52:48","guid":{"rendered":"https:\/\/www.integralpro.com.co\/index.php\/producto\/import-placeholder-for-1150\/"},"modified":"2021-02-19T14:53:20","modified_gmt":"2021-02-19T19:53:20","slug":"sistema-tp-link-wi-fi-mesh-para-toda-la-casa-deco-m4-3-pack","status":"publish","type":"product","link":"https:\/\/www.integralpro.com.co\/index.php\/producto\/sistema-tp-link-wi-fi-mesh-para-toda-la-casa-deco-m4-3-pack\/","title":{"rendered":"Sistema Tp Link Wi-Fi Mesh Para Toda La Casa Deco M4 3 Pack"},"content":{"rendered":"<p>Experiencia Wi-Fi como Nunca<br \/>Deco M4 usa la tecnolog\u00eda TP-Link Mesh para cubrir toda tu casa con una potente conexi\u00f3n Wi-Fi. M\u00faltiples unidades trabajan a la perfecci\u00f3n para crear una red dom\u00e9stica como nada que hayas experimentado antes.<\/p>\n<p><\/p>\n<p><strong>Elimina Zonas Muertas<br \/><\/strong><\/p>\n<p><\/p>\n<p>Deco M4 es la forma m\u00e1s sencilla de garantizar una fuerte se\u00f1al Wi-Fi en cada esquina de tu hogar hasta 260 metros cuadrados (paquete de 2). Las conexiones inal\u00e1mbricas y la red de respaldo Ethernet opcional trabajan juntas para vincular las unidades Deco, proporcionando velocidades de red a\u00fan m\u00e1s r\u00e1pidas y una cobertura verdaderamente perfecta.<\/p>\n<p><\/p>\n<p><strong>Roaming sin Interrupciones con una \u00danica Red Wi-Fi<br \/><\/strong><\/p>\n<p><\/p>\n<p>TP-Link Mesh significa que las unidades Deco trabajan juntas para formar una red unificada. Tu tel\u00e9fono o tablet se conectan autom\u00e1ticamente al Deco m\u00e1s r\u00e1pido a medida que te desplazas por su hogar, creando una experiencia de Wi-Fi verdaderamente perfecta.<\/p>\n<p><\/p>\n<p><strong>No M\u00e1s Buffering<br \/><\/strong><\/p>\n<p><\/p>\n<p>La velocidad de la red es tres veces m\u00e1s r\u00e1pida que la de los routers de la generaci\u00f3n anterior; gracias a la tecnolog\u00eda inal\u00e1mbrica 802.11ac, Deco puede proporcionar una conexi\u00f3n sin demora hasta 100 dispositivos.<\/p>\n<p><\/p>\n<p><strong>Configuraci\u00f3n Basada en una App<br \/><\/strong><\/p>\n<p><\/p>\n<p>Instalar Deco M4 es r\u00e1pido y f\u00e1cil. Simplemente desempaqueta el sistema, descarga la aplicaci\u00f3n Deco y sigue las instrucciones en pantalla.<\/p>\n<p><\/p>\n<p><strong>Especificaciones T\u00e9cnicas<\/strong><\/p>\n<p><\/p>\n<p>Dimensiones 19 x 9 x 9 cm<\/p>\n<p>Procesador Qualcomm CPU<\/p>\n<p>Interfaz 2 Puertos Gigabit Ethernet Ports (WAN\/LAN auto-detecci\u00f3n) por Unidad de Deco<\/p>\n<p>Botones 1 bot\u00f3n de reset en la parte inferior<\/p>\n<p>Fuente de Alimentaci\u00f3n Externa 12 V\/1.2 A<\/p>\n<p>Tipo de Antena 2 antenas internas de doble banda por unidad Deco<\/p>\n<p>Est\u00e1ndares Inal\u00e1mbricos IEEE 802.11 ac\/n\/a 5 GHz, IEEE 802.11 b\/g\/n 2.4 GHz<\/p>\n<p>Frecuencia 2.4 GHz y 5 GHz<\/p>\n<p>Tasa de Se\u00f1al 300 Mbps en 2.4 GHz<br \/>867 Mbps en 5 GHz<\/p>\n<p>Potencia de Transmisi\u00f3n FCC: <30 dBm<br \/>CE: <20 dBm (2.4 GHz)<br \/><23 dBm (5 GHz)\n\nSeguridad Inal\u00e1mbrica WPA-PSK\/WPA2-PSK\n\nCalidad de Servicio WMM\n\nIPv6 Soportado\n\nTipo de WAN Dynamic IP\/Static IP\/PPPoE\/L2TP\/PPTP\n\nGesti\u00f3n Gesti\u00f3n Local y Remota\n\nDHCP Servidor, Cliente\n\nReenv\u00edo de Puertos Soportado\n\nControl de Acceso Blacklist\n\nSeguridad Firewall SPI Firewall\n\nProtocolos Soporta IPv4 y IPv6\n\nControl Parental<br \/>Calidad de Servicio (QoS)<\/p>\n<p>Funciones Avanzadas<\/p>\n<p>Reportes Mensuales<br \/>Actualizaci\u00f3n autom\u00e1tica de FW<br \/>Expande el Wi-Fi agregando m\u00e1s unidades Deco<\/p>\n<p>Red de Invitados 1 x red de Invitados 2.4GHz<br \/>1 x red de Invitados 5GHz<\/p>\n<p>Beamforming Soportado<\/p>\n<p>Aplicaci\u00f3n F\u00e1cil Configuraci\u00f3n v\u00eda Deco App<\/p>\n<p><\/p>\n<p><strong>Contenido Del Paquete<\/strong><\/p>\n<p><\/p>\n<p>3 Unidades Deco M4 &#8211; <br \/>1 RJ45 Cable Ethernet&nbsp; -3 adaptadores de corriente &#8211;<br \/>2 Unidades Deco M4 &#8211; <br \/>1 RJ45 &#8211; Cable Ethernet <br \/>&#8211; 2 adaptadores de corriente&nbsp; -1 unidad Deco M4 &#8211; <br \/>1 RJ45 &#8211; Cable Ethernet <br \/>&#8211; 1 adaptador de corriente<br \/>&#8211; Documentaci\u00f3n<\/p>\n","protected":false},"excerpt":{"rendered":"<p># DE PARTE:Deco M4(3-Pack)<\/p>\n","protected":false},"featured_media":2139,"template":"","meta":{"site-sidebar-layout":"default","site-content-layout":"","ast-site-content-layout":"default","site-content-style":"default","site-sidebar-style":"default","ast-global-header-display":"","ast-banner-title-visibility":"","ast-main-header-display":"","ast-hfb-above-header-display":"","ast-hfb-below-header-display":"","ast-hfb-mobile-header-display":"","site-post-title":"","ast-breadcrumbs-content":"","ast-featured-img":"","footer-sml-layout":"","ast-disable-related-posts":"","theme-transparent-header-meta":"","adv-header-id-meta":"","stick-header-meta":"","header-above-stick-meta":"","header-main-stick-meta":"","header-below-stick-meta":"","astra-migrate-meta-layouts":"default","ast-page-background-enabled":"default","ast-page-background-meta":{"desktop":{"background-color":"var(--ast-global-color-4)","background-image":"","background-repeat":"repeat","background-position":"center center","background-size":"auto","background-attachment":"scroll","background-type":"","background-media":"","overlay-type":"","overlay-color":"","overlay-opacity":"","overlay-gradient":""},"tablet":{"background-color":"","background-image":"","background-repeat":"repeat","background-position":"center center","background-size":"auto","background-attachment":"scroll","background-type":"","background-media":"","overlay-type":"","overlay-color":"","overlay-opacity":"","overlay-gradient":""},"mobile":{"background-color":"","background-image":"","background-repeat":"repeat","background-position":"center center","background-size":"auto","background-attachment":"scroll","background-type":"","background-media":"","overlay-type":"","overlay-color":"","overlay-opacity":"","overlay-gradient":""}},"ast-content-background-meta":{"desktop":{"background-color":"var(--ast-global-color-5)","background-image":"","background-repeat":"repeat","background-position":"center center","background-size":"auto","background-attachment":"scroll","background-type":"","background-media":"","overlay-type":"","overlay-color":"","overlay-opacity":"","overlay-gradient":""},"tablet":{"background-color":"var(--ast-global-color-5)","background-image":"","background-repeat":"repeat","background-position":"center center","background-size":"auto","background-attachment":"scroll","background-type":"","background-media":"","overlay-type":"","overlay-color":"","overlay-opacity":"","overlay-gradient":""},"mobile":{"background-color":"var(--ast-global-color-5)","background-image":"","background-repeat":"repeat","background-position":"center center","background-size":"auto","background-attachment":"scroll","background-type":"","background-media":"","overlay-type":"","overlay-color":"","overlay-opacity":"","overlay-gradient":""}}},"product_brand":[],"product_cat":[154,62],"product_tag":[45],"class_list":{"0":"post-2080","1":"product","2":"type-product","3":"status-publish","4":"has-post-thumbnail","6":"product_cat-adaptadores-wireless","7":"product_cat-redes","8":"product_tag-tp-link","9":"desktop-align-left","10":"tablet-align-left","11":"mobile-align-left","13":"first","14":"instock","15":"taxable","16":"shipping-taxable","17":"product-type-simple"},"yoast_head":"<!-- This site is optimized with the Yoast SEO plugin v27.4 - https:\/\/yoast.com\/product\/yoast-seo-wordpress\/ -->\n<title>Sistema Tp Link Wi-Fi Mesh Para Toda La Casa Deco M4 3 Pack - IntegralPro<\/title>\n<meta name=\"robots\" content=\"index, follow, max-snippet:-1, max-image-preview:large, max-video-preview:-1\" \/>\n<link rel=\"canonical\" href=\"https:\/\/www.integralpro.com.co\/index.php\/producto\/sistema-tp-link-wi-fi-mesh-para-toda-la-casa-deco-m4-3-pack\/\" \/>\n<meta property=\"og:locale\" content=\"es_ES\" \/>\n<meta property=\"og:type\" content=\"article\" \/>\n<meta property=\"og:title\" content=\"Sistema Tp Link Wi-Fi Mesh Para Toda La Casa Deco M4 3 Pack - IntegralPro\" \/>\n<meta property=\"og:description\" content=\"# DE PARTE:Deco M4(3-Pack)\" \/>\n<meta property=\"og:url\" content=\"https:\/\/www.integralpro.com.co\/index.php\/producto\/sistema-tp-link-wi-fi-mesh-para-toda-la-casa-deco-m4-3-pack\/\" \/>\n<meta property=\"og:site_name\" content=\"IntegralPro\" \/>\n<meta property=\"article:modified_time\" content=\"2021-02-19T19:53:20+00:00\" \/>\n<meta property=\"og:image\" content=\"https:\/\/www.integralpro.com.co\/wp-content\/uploads\/2021\/02\/e6b385c466e7f35809c2a8910f8ee183.jpg\" \/>\n\t<meta property=\"og:image:width\" content=\"1000\" \/>\n\t<meta property=\"og:image:height\" content=\"1000\" \/>\n\t<meta property=\"og:image:type\" content=\"image\/jpeg\" \/>\n<meta name=\"twitter:card\" content=\"summary_large_image\" \/>\n<meta name=\"twitter:label1\" content=\"Tiempo de lectura\" \/>\n\t<meta name=\"twitter:data1\" content=\"1 minuto\" \/>\n<script type=\"application\/ld+json\" class=\"yoast-schema-graph\">{\"@context\":\"https:\\\/\\\/schema.org\",\"@graph\":[{\"@type\":\"WebPage\",\"@id\":\"https:\\\/\\\/www.integralpro.com.co\\\/index.php\\\/producto\\\/sistema-tp-link-wi-fi-mesh-para-toda-la-casa-deco-m4-3-pack\\\/\",\"url\":\"https:\\\/\\\/www.integralpro.com.co\\\/index.php\\\/producto\\\/sistema-tp-link-wi-fi-mesh-para-toda-la-casa-deco-m4-3-pack\\\/\",\"name\":\"Sistema Tp Link Wi-Fi Mesh Para Toda La Casa Deco M4 3 Pack - IntegralPro\",\"isPartOf\":{\"@id\":\"https:\\\/\\\/www.integralpro.com.co\\\/#website\"},\"primaryImageOfPage\":{\"@id\":\"https:\\\/\\\/www.integralpro.com.co\\\/index.php\\\/producto\\\/sistema-tp-link-wi-fi-mesh-para-toda-la-casa-deco-m4-3-pack\\\/#primaryimage\"},\"image\":{\"@id\":\"https:\\\/\\\/www.integralpro.com.co\\\/index.php\\\/producto\\\/sistema-tp-link-wi-fi-mesh-para-toda-la-casa-deco-m4-3-pack\\\/#primaryimage\"},\"thumbnailUrl\":\"https:\\\/\\\/www.integralpro.com.co\\\/wp-content\\\/uploads\\\/2021\\\/02\\\/e6b385c466e7f35809c2a8910f8ee183.jpg\",\"datePublished\":\"2021-02-19T19:52:48+00:00\",\"dateModified\":\"2021-02-19T19:53:20+00:00\",\"breadcrumb\":{\"@id\":\"https:\\\/\\\/www.integralpro.com.co\\\/index.php\\\/producto\\\/sistema-tp-link-wi-fi-mesh-para-toda-la-casa-deco-m4-3-pack\\\/#breadcrumb\"},\"inLanguage\":\"es\",\"potentialAction\":[{\"@type\":\"ReadAction\",\"target\":[\"https:\\\/\\\/www.integralpro.com.co\\\/index.php\\\/producto\\\/sistema-tp-link-wi-fi-mesh-para-toda-la-casa-deco-m4-3-pack\\\/\"]}]},{\"@type\":\"ImageObject\",\"inLanguage\":\"es\",\"@id\":\"https:\\\/\\\/www.integralpro.com.co\\\/index.php\\\/producto\\\/sistema-tp-link-wi-fi-mesh-para-toda-la-casa-deco-m4-3-pack\\\/#primaryimage\",\"url\":\"https:\\\/\\\/www.integralpro.com.co\\\/wp-content\\\/uploads\\\/2021\\\/02\\\/e6b385c466e7f35809c2a8910f8ee183.jpg\",\"contentUrl\":\"https:\\\/\\\/www.integralpro.com.co\\\/wp-content\\\/uploads\\\/2021\\\/02\\\/e6b385c466e7f35809c2a8910f8ee183.jpg\",\"width\":1000,\"height\":1000},{\"@type\":\"BreadcrumbList\",\"@id\":\"https:\\\/\\\/www.integralpro.com.co\\\/index.php\\\/producto\\\/sistema-tp-link-wi-fi-mesh-para-toda-la-casa-deco-m4-3-pack\\\/#breadcrumb\",\"itemListElement\":[{\"@type\":\"ListItem\",\"position\":1,\"name\":\"Portada\",\"item\":\"https:\\\/\\\/www.integralpro.com.co\\\/\"},{\"@type\":\"ListItem\",\"position\":2,\"name\":\"Tienda\",\"item\":\"https:\\\/\\\/www.integralpro.com.co\\\/index.php\\\/tienda\\\/\"},{\"@type\":\"ListItem\",\"position\":3,\"name\":\"Sistema Tp Link Wi-Fi Mesh Para Toda La Casa Deco M4 3 Pack\"}]},{\"@type\":\"WebSite\",\"@id\":\"https:\\\/\\\/www.integralpro.com.co\\\/#website\",\"url\":\"https:\\\/\\\/www.integralpro.com.co\\\/\",\"name\":\"IntegralPro\",\"description\":\"Tienda de Tecnolog\u00eda en L\u00ednea\",\"publisher\":{\"@id\":\"https:\\\/\\\/www.integralpro.com.co\\\/#organization\"},\"potentialAction\":[{\"@type\":\"SearchAction\",\"target\":{\"@type\":\"EntryPoint\",\"urlTemplate\":\"https:\\\/\\\/www.integralpro.com.co\\\/?s={search_term_string}\"},\"query-input\":{\"@type\":\"PropertyValueSpecification\",\"valueRequired\":true,\"valueName\":\"search_term_string\"}}],\"inLanguage\":\"es\"},{\"@type\":\"Organization\",\"@id\":\"https:\\\/\\\/www.integralpro.com.co\\\/#organization\",\"name\":\"IntegralPro SAS\",\"url\":\"https:\\\/\\\/www.integralpro.com.co\\\/\",\"logo\":{\"@type\":\"ImageObject\",\"inLanguage\":\"es\",\"@id\":\"https:\\\/\\\/www.integralpro.com.co\\\/#\\\/schema\\\/logo\\\/image\\\/\",\"url\":\"https:\\\/\\\/www.integralpro.com.co\\\/wp-content\\\/uploads\\\/2021\\\/02\\\/logo-def.jpg\",\"contentUrl\":\"https:\\\/\\\/www.integralpro.com.co\\\/wp-content\\\/uploads\\\/2021\\\/02\\\/logo-def.jpg\",\"width\":238,\"height\":234,\"caption\":\"IntegralPro SAS\"},\"image\":{\"@id\":\"https:\\\/\\\/www.integralpro.com.co\\\/#\\\/schema\\\/logo\\\/image\\\/\"}}]}<\/script>\n<!-- \/ Yoast SEO plugin. -->","yoast_head_json":{"title":"Sistema Tp Link Wi-Fi Mesh Para Toda La Casa Deco M4 3 Pack - IntegralPro","robots":{"index":"index","follow":"follow","max-snippet":"max-snippet:-1","max-image-preview":"max-image-preview:large","max-video-preview":"max-video-preview:-1"},"canonical":"https:\/\/www.integralpro.com.co\/index.php\/producto\/sistema-tp-link-wi-fi-mesh-para-toda-la-casa-deco-m4-3-pack\/","og_locale":"es_ES","og_type":"article","og_title":"Sistema Tp Link Wi-Fi Mesh Para Toda La Casa Deco M4 3 Pack - IntegralPro","og_description":"# DE PARTE:Deco M4(3-Pack)","og_url":"https:\/\/www.integralpro.com.co\/index.php\/producto\/sistema-tp-link-wi-fi-mesh-para-toda-la-casa-deco-m4-3-pack\/","og_site_name":"IntegralPro","article_modified_time":"2021-02-19T19:53:20+00:00","og_image":[{"width":1000,"height":1000,"url":"https:\/\/www.integralpro.com.co\/wp-content\/uploads\/2021\/02\/e6b385c466e7f35809c2a8910f8ee183.jpg","type":"image\/jpeg"}],"twitter_card":"summary_large_image","twitter_misc":{"Tiempo de lectura":"1 minuto"},"schema":{"@context":"https:\/\/schema.org","@graph":[{"@type":"WebPage","@id":"https:\/\/www.integralpro.com.co\/index.php\/producto\/sistema-tp-link-wi-fi-mesh-para-toda-la-casa-deco-m4-3-pack\/","url":"https:\/\/www.integralpro.com.co\/index.php\/producto\/sistema-tp-link-wi-fi-mesh-para-toda-la-casa-deco-m4-3-pack\/","name":"Sistema Tp Link Wi-Fi Mesh Para Toda La Casa Deco M4 3 Pack - IntegralPro","isPartOf":{"@id":"https:\/\/www.integralpro.com.co\/#website"},"primaryImageOfPage":{"@id":"https:\/\/www.integralpro.com.co\/index.php\/producto\/sistema-tp-link-wi-fi-mesh-para-toda-la-casa-deco-m4-3-pack\/#primaryimage"},"image":{"@id":"https:\/\/www.integralpro.com.co\/index.php\/producto\/sistema-tp-link-wi-fi-mesh-para-toda-la-casa-deco-m4-3-pack\/#primaryimage"},"thumbnailUrl":"https:\/\/www.integralpro.com.co\/wp-content\/uploads\/2021\/02\/e6b385c466e7f35809c2a8910f8ee183.jpg","datePublished":"2021-02-19T19:52:48+00:00","dateModified":"2021-02-19T19:53:20+00:00","breadcrumb":{"@id":"https:\/\/www.integralpro.com.co\/index.php\/producto\/sistema-tp-link-wi-fi-mesh-para-toda-la-casa-deco-m4-3-pack\/#breadcrumb"},"inLanguage":"es","potentialAction":[{"@type":"ReadAction","target":["https:\/\/www.integralpro.com.co\/index.php\/producto\/sistema-tp-link-wi-fi-mesh-para-toda-la-casa-deco-m4-3-pack\/"]}]},{"@type":"ImageObject","inLanguage":"es","@id":"https:\/\/www.integralpro.com.co\/index.php\/producto\/sistema-tp-link-wi-fi-mesh-para-toda-la-casa-deco-m4-3-pack\/#primaryimage","url":"https:\/\/www.integralpro.com.co\/wp-content\/uploads\/2021\/02\/e6b385c466e7f35809c2a8910f8ee183.jpg","contentUrl":"https:\/\/www.integralpro.com.co\/wp-content\/uploads\/2021\/02\/e6b385c466e7f35809c2a8910f8ee183.jpg","width":1000,"height":1000},{"@type":"BreadcrumbList","@id":"https:\/\/www.integralpro.com.co\/index.php\/producto\/sistema-tp-link-wi-fi-mesh-para-toda-la-casa-deco-m4-3-pack\/#breadcrumb","itemListElement":[{"@type":"ListItem","position":1,"name":"Portada","item":"https:\/\/www.integralpro.com.co\/"},{"@type":"ListItem","position":2,"name":"Tienda","item":"https:\/\/www.integralpro.com.co\/index.php\/tienda\/"},{"@type":"ListItem","position":3,"name":"Sistema Tp Link Wi-Fi Mesh Para Toda La Casa Deco M4 3 Pack"}]},{"@type":"WebSite","@id":"https:\/\/www.integralpro.com.co\/#website","url":"https:\/\/www.integralpro.com.co\/","name":"IntegralPro","description":"Tienda de Tecnolog\u00eda en L\u00ednea","publisher":{"@id":"https:\/\/www.integralpro.com.co\/#organization"},"potentialAction":[{"@type":"SearchAction","target":{"@type":"EntryPoint","urlTemplate":"https:\/\/www.integralpro.com.co\/?s={search_term_string}"},"query-input":{"@type":"PropertyValueSpecification","valueRequired":true,"valueName":"search_term_string"}}],"inLanguage":"es"},{"@type":"Organization","@id":"https:\/\/www.integralpro.com.co\/#organization","name":"IntegralPro SAS","url":"https:\/\/www.integralpro.com.co\/","logo":{"@type":"ImageObject","inLanguage":"es","@id":"https:\/\/www.integralpro.com.co\/#\/schema\/logo\/image\/","url":"https:\/\/www.integralpro.com.co\/wp-content\/uploads\/2021\/02\/logo-def.jpg","contentUrl":"https:\/\/www.integralpro.com.co\/wp-content\/uploads\/2021\/02\/logo-def.jpg","width":238,"height":234,"caption":"IntegralPro SAS"},"image":{"@id":"https:\/\/www.integralpro.com.co\/#\/schema\/logo\/image\/"}}]}},"_links":{"self":[{"href":"https:\/\/www.integralpro.com.co\/index.php\/wp-json\/wp\/v2\/product\/2080","targetHints":{"allow":["GET"]}}],"collection":[{"href":"https:\/\/www.integralpro.com.co\/index.php\/wp-json\/wp\/v2\/product"}],"about":[{"href":"https:\/\/www.integralpro.com.co\/index.php\/wp-json\/wp\/v2\/types\/product"}],"version-history":[{"count":1,"href":"https:\/\/www.integralpro.com.co\/index.php\/wp-json\/wp\/v2\/product\/2080\/revisions"}],"predecessor-version":[{"id":2140,"href":"https:\/\/www.integralpro.com.co\/index.php\/wp-json\/wp\/v2\/product\/2080\/revisions\/2140"}],"wp:featuredmedia":[{"embeddable":true,"href":"https:\/\/www.integralpro.com.co\/index.php\/wp-json\/wp\/v2\/media\/2139"}],"wp:attachment":[{"href":"https:\/\/www.integralpro.com.co\/index.php\/wp-json\/wp\/v2\/media?parent=2080"}],"wp:term":[{"taxonomy":"product_brand","embeddable":true,"href":"https:\/\/www.integralpro.com.co\/index.php\/wp-json\/wp\/v2\/product_brand?post=2080"},{"taxonomy":"product_cat","embeddable":true,"href":"https:\/\/www.integralpro.com.co\/index.php\/wp-json\/wp\/v2\/product_cat?post=2080"},{"taxonomy":"product_tag","embeddable":true,"href":"https:\/\/www.integralpro.com.co\/index.php\/wp-json\/wp\/v2\/product_tag?post=2080"}],"curies":[{"name":"wp","href":"https:\/\/api.w.org\/{rel}","templated":true}]}}