{"id":2039,"date":"2021-02-19T14:52:26","date_gmt":"2021-02-19T19:52:26","guid":{"rendered":"https:\/\/www.integralpro.com.co\/index.php\/producto\/import-placeholder-for-1137\/"},"modified":"2021-02-19T14:52:58","modified_gmt":"2021-02-19T19:52:58","slug":"audifonos-bose-quietcontrol-30-inalambricos-para-apple-bluetooth-negro","status":"publish","type":"product","link":"https:\/\/www.integralpro.com.co\/index.php\/producto\/audifonos-bose-quietcontrol-30-inalambricos-para-apple-bluetooth-negro\/","title":{"rendered":"Audifonos Bose QuietControl 30 inal\u00e1mbricos para Apple Bluetooth &#8211; Negro"},"content":{"rendered":"<table border=\"0\" cellpadding=\"1\" cellspacing=\"1\" style=\"color:rgb(102, 102, 102); font-size:14px; line-height:21.84px; max-width:100%; text-align:left; widows:1; width:700px\">\n<tbody>\n<tr>\n<td>\n<p style=\"text-align: justify;\">No puedes controlar el ruido de tu entorno. Pero puedes controlar cu\u00e1nto ruido deseas escuchar. Establece tus propios niveles de reducci\u00f3n de ruido con los aud\u00edfonos QuietControl 30 y obt\u00e9n un rendimiento de audio equilibrado a cualquier nivel de volumen. Un dise\u00f1o de collar ligero se ajusta a tu cuerpo para que los puedas utilizar durante todo el d\u00eda y una conexi\u00f3n Bluetooth mantiene los cables fuera de tu camino.<\/p>\n<p><strong>Reducci\u00f3n activa de ruido <\/strong><\/p>\n<p style=\"text-align: justify;\">El ruido es una constante. Por esto, distribuimos de forma precisa los micr\u00f3fonos dentro y fuera de los aud\u00edfonos para que puedan medir el ruido, compararlo y reaccionar ante \u00e9l constantemente. A continuaci\u00f3n, el sistema produce una se\u00f1al igual y opuesta para reducir el ruido. Adem\u00e1s, las puntas QC StayHear+ forman un sello suave para entregar m\u00e1s reducci\u00f3n de ruido pasiva.<\/p>\n<p><strong> Dise\u00f1o de collar ergon\u00f3mico <\/strong><\/p>\n<p style=\"text-align: justify;\">Un dise\u00f1o de collar ligero que se ajusta a tu cuerpo. Est\u00e1 dise\u00f1ado con materiales suaves para que se mantengan c\u00f3modos, perfectos para escuchar todo el d\u00eda.<\/p>\n<p><strong> Sonido inal\u00e1mbrico sin comprometer la calidad <\/strong><\/p>\n<p style=\"text-align: justify;\">Olv\u00eddate de los cables sin sacrificar el rendimiento. La ecualizaci\u00f3n optimizada seg\u00fan el volumen ofrece un sonido equilibrado y constante a cualquier nivel de volumen. Si est\u00e1s en una calle muy transitada y necesitas subir el volumen, el sonido se mantiene fiel a tu m\u00fasica. Se redise\u00f1aron con emparejamiento Bluetooth y NFC, por lo que conectar tus dispositivos de forma inal\u00e1mbrica es r\u00e1pido y sencillo. Un control remoto en l\u00ednea te permite responder y finalizar llamadas, adelantar y pausar pistas, y controlar el volumen sin necesidad de tomar el dispositivo. Para que concentres en la m\u00fasica.<\/p>\n<p><strong>ESPECIFICACIONES T\u00c9CNICAS<\/strong><\/p>\n<ul>\n<li>Dimensiones: 2.9 x 2.5 x 2.9 cm<\/li>\n<li>Peso: 23 g<\/li>\n<li>Idiomas preinstalados: Ingl\u00e9s &#8211; Alem\u00e1n &#8211; Coreano &#8211; Sueco &#8211; Espa\u00f1ol &#8211; Mandar\u00edn &#8211; Italiano &#8211; Neerland\u00e9s &#8211; Franc\u00e9s &#8211; Japon\u00e9s &#8211; Portugu\u00e9s<\/li>\n<li>Conectividad: Bluetooth y NFC<\/li>\n<li>Bater\u00eda: Pilas 2 Iones de litio (Incluidas)<\/li>\n<\/ul>\n<\/td>\n<\/tr>\n<\/tbody>\n<\/table>\n","protected":false},"excerpt":{"rendered":"<p># DE PARTE:761448-0010<\/p>\n","protected":false},"featured_media":2101,"template":"","meta":{"site-sidebar-layout":"default","site-content-layout":"","ast-site-content-layout":"default","site-content-style":"default","site-sidebar-style":"default","ast-global-header-display":"","ast-banner-title-visibility":"","ast-main-header-display":"","ast-hfb-above-header-display":"","ast-hfb-below-header-display":"","ast-hfb-mobile-header-display":"","site-post-title":"","ast-breadcrumbs-content":"","ast-featured-img":"","footer-sml-layout":"","ast-disable-related-posts":"","theme-transparent-header-meta":"","adv-header-id-meta":"","stick-header-meta":"","header-above-stick-meta":"","header-main-stick-meta":"","header-below-stick-meta":"","astra-migrate-meta-layouts":"default","ast-page-background-enabled":"default","ast-page-background-meta":{"desktop":{"background-color":"var(--ast-global-color-4)","background-image":"","background-repeat":"repeat","background-position":"center center","background-size":"auto","background-attachment":"scroll","background-type":"","background-media":"","overlay-type":"","overlay-color":"","overlay-opacity":"","overlay-gradient":""},"tablet":{"background-color":"","background-image":"","background-repeat":"repeat","background-position":"center center","background-size":"auto","background-attachment":"scroll","background-type":"","background-media":"","overlay-type":"","overlay-color":"","overlay-opacity":"","overlay-gradient":""},"mobile":{"background-color":"","background-image":"","background-repeat":"repeat","background-position":"center center","background-size":"auto","background-attachment":"scroll","background-type":"","background-media":"","overlay-type":"","overlay-color":"","overlay-opacity":"","overlay-gradient":""}},"ast-content-background-meta":{"desktop":{"background-color":"var(--ast-global-color-5)","background-image":"","background-repeat":"repeat","background-position":"center center","background-size":"auto","background-attachment":"scroll","background-type":"","background-media":"","overlay-type":"","overlay-color":"","overlay-opacity":"","overlay-gradient":""},"tablet":{"background-color":"var(--ast-global-color-5)","background-image":"","background-repeat":"repeat","background-position":"center center","background-size":"auto","background-attachment":"scroll","background-type":"","background-media":"","overlay-type":"","overlay-color":"","overlay-opacity":"","overlay-gradient":""},"mobile":{"background-color":"var(--ast-global-color-5)","background-image":"","background-repeat":"repeat","background-position":"center center","background-size":"auto","background-attachment":"scroll","background-type":"","background-media":"","overlay-type":"","overlay-color":"","overlay-opacity":"","overlay-gradient":""}}},"product_brand":[],"product_cat":[99,51],"product_tag":[66],"class_list":{"0":"post-2039","1":"product","2":"type-product","3":"status-publish","4":"has-post-thumbnail","6":"product_cat-audifonos","7":"product_cat-audio","8":"product_tag-bose","9":"desktop-align-left","10":"tablet-align-left","11":"mobile-align-left","13":"first","14":"instock","15":"taxable","16":"shipping-taxable","17":"product-type-simple"},"yoast_head":"<!-- This site is optimized with the Yoast SEO plugin v27.4 - https:\/\/yoast.com\/product\/yoast-seo-wordpress\/ -->\n<title>Audifonos Bose QuietControl 30 inal\u00e1mbricos para Apple Bluetooth - Negro - IntegralPro<\/title>\n<meta name=\"robots\" content=\"index, follow, max-snippet:-1, max-image-preview:large, max-video-preview:-1\" \/>\n<link rel=\"canonical\" href=\"https:\/\/www.integralpro.com.co\/index.php\/producto\/audifonos-bose-quietcontrol-30-inalambricos-para-apple-bluetooth-negro\/\" \/>\n<meta property=\"og:locale\" content=\"es_ES\" \/>\n<meta property=\"og:type\" content=\"article\" \/>\n<meta property=\"og:title\" content=\"Audifonos Bose QuietControl 30 inal\u00e1mbricos para Apple Bluetooth - Negro - IntegralPro\" \/>\n<meta property=\"og:description\" content=\"# DE PARTE:761448-0010\" \/>\n<meta property=\"og:url\" content=\"https:\/\/www.integralpro.com.co\/index.php\/producto\/audifonos-bose-quietcontrol-30-inalambricos-para-apple-bluetooth-negro\/\" \/>\n<meta property=\"og:site_name\" content=\"IntegralPro\" \/>\n<meta property=\"article:modified_time\" content=\"2021-02-19T19:52:58+00:00\" \/>\n<meta property=\"og:image\" content=\"https:\/\/www.integralpro.com.co\/wp-content\/uploads\/2021\/02\/c8c750e4b806ee13f8d11816f3ed16e5.jpg\" \/>\n\t<meta property=\"og:image:width\" content=\"1200\" \/>\n\t<meta property=\"og:image:height\" content=\"900\" \/>\n\t<meta property=\"og:image:type\" content=\"image\/jpeg\" \/>\n<meta name=\"twitter:card\" content=\"summary_large_image\" \/>\n<meta name=\"twitter:label1\" content=\"Tiempo de lectura\" \/>\n\t<meta name=\"twitter:data1\" content=\"2 minutos\" \/>\n<script type=\"application\/ld+json\" class=\"yoast-schema-graph\">{\"@context\":\"https:\\\/\\\/schema.org\",\"@graph\":[{\"@type\":\"WebPage\",\"@id\":\"https:\\\/\\\/www.integralpro.com.co\\\/index.php\\\/producto\\\/audifonos-bose-quietcontrol-30-inalambricos-para-apple-bluetooth-negro\\\/\",\"url\":\"https:\\\/\\\/www.integralpro.com.co\\\/index.php\\\/producto\\\/audifonos-bose-quietcontrol-30-inalambricos-para-apple-bluetooth-negro\\\/\",\"name\":\"Audifonos Bose QuietControl 30 inal\u00e1mbricos para Apple Bluetooth - Negro - IntegralPro\",\"isPartOf\":{\"@id\":\"https:\\\/\\\/www.integralpro.com.co\\\/#website\"},\"primaryImageOfPage\":{\"@id\":\"https:\\\/\\\/www.integralpro.com.co\\\/index.php\\\/producto\\\/audifonos-bose-quietcontrol-30-inalambricos-para-apple-bluetooth-negro\\\/#primaryimage\"},\"image\":{\"@id\":\"https:\\\/\\\/www.integralpro.com.co\\\/index.php\\\/producto\\\/audifonos-bose-quietcontrol-30-inalambricos-para-apple-bluetooth-negro\\\/#primaryimage\"},\"thumbnailUrl\":\"https:\\\/\\\/www.integralpro.com.co\\\/wp-content\\\/uploads\\\/2021\\\/02\\\/c8c750e4b806ee13f8d11816f3ed16e5.jpg\",\"datePublished\":\"2021-02-19T19:52:26+00:00\",\"dateModified\":\"2021-02-19T19:52:58+00:00\",\"breadcrumb\":{\"@id\":\"https:\\\/\\\/www.integralpro.com.co\\\/index.php\\\/producto\\\/audifonos-bose-quietcontrol-30-inalambricos-para-apple-bluetooth-negro\\\/#breadcrumb\"},\"inLanguage\":\"es\",\"potentialAction\":[{\"@type\":\"ReadAction\",\"target\":[\"https:\\\/\\\/www.integralpro.com.co\\\/index.php\\\/producto\\\/audifonos-bose-quietcontrol-30-inalambricos-para-apple-bluetooth-negro\\\/\"]}]},{\"@type\":\"ImageObject\",\"inLanguage\":\"es\",\"@id\":\"https:\\\/\\\/www.integralpro.com.co\\\/index.php\\\/producto\\\/audifonos-bose-quietcontrol-30-inalambricos-para-apple-bluetooth-negro\\\/#primaryimage\",\"url\":\"https:\\\/\\\/www.integralpro.com.co\\\/wp-content\\\/uploads\\\/2021\\\/02\\\/c8c750e4b806ee13f8d11816f3ed16e5.jpg\",\"contentUrl\":\"https:\\\/\\\/www.integralpro.com.co\\\/wp-content\\\/uploads\\\/2021\\\/02\\\/c8c750e4b806ee13f8d11816f3ed16e5.jpg\",\"width\":1200,\"height\":900},{\"@type\":\"BreadcrumbList\",\"@id\":\"https:\\\/\\\/www.integralpro.com.co\\\/index.php\\\/producto\\\/audifonos-bose-quietcontrol-30-inalambricos-para-apple-bluetooth-negro\\\/#breadcrumb\",\"itemListElement\":[{\"@type\":\"ListItem\",\"position\":1,\"name\":\"Portada\",\"item\":\"https:\\\/\\\/www.integralpro.com.co\\\/\"},{\"@type\":\"ListItem\",\"position\":2,\"name\":\"Tienda\",\"item\":\"https:\\\/\\\/www.integralpro.com.co\\\/index.php\\\/tienda\\\/\"},{\"@type\":\"ListItem\",\"position\":3,\"name\":\"Audifonos Bose QuietControl 30 inal\u00e1mbricos para Apple Bluetooth &#8211; Negro\"}]},{\"@type\":\"WebSite\",\"@id\":\"https:\\\/\\\/www.integralpro.com.co\\\/#website\",\"url\":\"https:\\\/\\\/www.integralpro.com.co\\\/\",\"name\":\"IntegralPro\",\"description\":\"Tienda de Tecnolog\u00eda en L\u00ednea\",\"publisher\":{\"@id\":\"https:\\\/\\\/www.integralpro.com.co\\\/#organization\"},\"potentialAction\":[{\"@type\":\"SearchAction\",\"target\":{\"@type\":\"EntryPoint\",\"urlTemplate\":\"https:\\\/\\\/www.integralpro.com.co\\\/?s={search_term_string}\"},\"query-input\":{\"@type\":\"PropertyValueSpecification\",\"valueRequired\":true,\"valueName\":\"search_term_string\"}}],\"inLanguage\":\"es\"},{\"@type\":\"Organization\",\"@id\":\"https:\\\/\\\/www.integralpro.com.co\\\/#organization\",\"name\":\"IntegralPro SAS\",\"url\":\"https:\\\/\\\/www.integralpro.com.co\\\/\",\"logo\":{\"@type\":\"ImageObject\",\"inLanguage\":\"es\",\"@id\":\"https:\\\/\\\/www.integralpro.com.co\\\/#\\\/schema\\\/logo\\\/image\\\/\",\"url\":\"https:\\\/\\\/www.integralpro.com.co\\\/wp-content\\\/uploads\\\/2021\\\/02\\\/logo-def.jpg\",\"contentUrl\":\"https:\\\/\\\/www.integralpro.com.co\\\/wp-content\\\/uploads\\\/2021\\\/02\\\/logo-def.jpg\",\"width\":238,\"height\":234,\"caption\":\"IntegralPro SAS\"},\"image\":{\"@id\":\"https:\\\/\\\/www.integralpro.com.co\\\/#\\\/schema\\\/logo\\\/image\\\/\"}}]}<\/script>\n<!-- \/ Yoast SEO plugin. -->","yoast_head_json":{"title":"Audifonos Bose QuietControl 30 inal\u00e1mbricos para Apple Bluetooth - Negro - IntegralPro","robots":{"index":"index","follow":"follow","max-snippet":"max-snippet:-1","max-image-preview":"max-image-preview:large","max-video-preview":"max-video-preview:-1"},"canonical":"https:\/\/www.integralpro.com.co\/index.php\/producto\/audifonos-bose-quietcontrol-30-inalambricos-para-apple-bluetooth-negro\/","og_locale":"es_ES","og_type":"article","og_title":"Audifonos Bose QuietControl 30 inal\u00e1mbricos para Apple Bluetooth - Negro - IntegralPro","og_description":"# DE PARTE:761448-0010","og_url":"https:\/\/www.integralpro.com.co\/index.php\/producto\/audifonos-bose-quietcontrol-30-inalambricos-para-apple-bluetooth-negro\/","og_site_name":"IntegralPro","article_modified_time":"2021-02-19T19:52:58+00:00","og_image":[{"width":1200,"height":900,"url":"https:\/\/www.integralpro.com.co\/wp-content\/uploads\/2021\/02\/c8c750e4b806ee13f8d11816f3ed16e5.jpg","type":"image\/jpeg"}],"twitter_card":"summary_large_image","twitter_misc":{"Tiempo de lectura":"2 minutos"},"schema":{"@context":"https:\/\/schema.org","@graph":[{"@type":"WebPage","@id":"https:\/\/www.integralpro.com.co\/index.php\/producto\/audifonos-bose-quietcontrol-30-inalambricos-para-apple-bluetooth-negro\/","url":"https:\/\/www.integralpro.com.co\/index.php\/producto\/audifonos-bose-quietcontrol-30-inalambricos-para-apple-bluetooth-negro\/","name":"Audifonos Bose QuietControl 30 inal\u00e1mbricos para Apple Bluetooth - Negro - IntegralPro","isPartOf":{"@id":"https:\/\/www.integralpro.com.co\/#website"},"primaryImageOfPage":{"@id":"https:\/\/www.integralpro.com.co\/index.php\/producto\/audifonos-bose-quietcontrol-30-inalambricos-para-apple-bluetooth-negro\/#primaryimage"},"image":{"@id":"https:\/\/www.integralpro.com.co\/index.php\/producto\/audifonos-bose-quietcontrol-30-inalambricos-para-apple-bluetooth-negro\/#primaryimage"},"thumbnailUrl":"https:\/\/www.integralpro.com.co\/wp-content\/uploads\/2021\/02\/c8c750e4b806ee13f8d11816f3ed16e5.jpg","datePublished":"2021-02-19T19:52:26+00:00","dateModified":"2021-02-19T19:52:58+00:00","breadcrumb":{"@id":"https:\/\/www.integralpro.com.co\/index.php\/producto\/audifonos-bose-quietcontrol-30-inalambricos-para-apple-bluetooth-negro\/#breadcrumb"},"inLanguage":"es","potentialAction":[{"@type":"ReadAction","target":["https:\/\/www.integralpro.com.co\/index.php\/producto\/audifonos-bose-quietcontrol-30-inalambricos-para-apple-bluetooth-negro\/"]}]},{"@type":"ImageObject","inLanguage":"es","@id":"https:\/\/www.integralpro.com.co\/index.php\/producto\/audifonos-bose-quietcontrol-30-inalambricos-para-apple-bluetooth-negro\/#primaryimage","url":"https:\/\/www.integralpro.com.co\/wp-content\/uploads\/2021\/02\/c8c750e4b806ee13f8d11816f3ed16e5.jpg","contentUrl":"https:\/\/www.integralpro.com.co\/wp-content\/uploads\/2021\/02\/c8c750e4b806ee13f8d11816f3ed16e5.jpg","width":1200,"height":900},{"@type":"BreadcrumbList","@id":"https:\/\/www.integralpro.com.co\/index.php\/producto\/audifonos-bose-quietcontrol-30-inalambricos-para-apple-bluetooth-negro\/#breadcrumb","itemListElement":[{"@type":"ListItem","position":1,"name":"Portada","item":"https:\/\/www.integralpro.com.co\/"},{"@type":"ListItem","position":2,"name":"Tienda","item":"https:\/\/www.integralpro.com.co\/index.php\/tienda\/"},{"@type":"ListItem","position":3,"name":"Audifonos Bose QuietControl 30 inal\u00e1mbricos para Apple Bluetooth &#8211; Negro"}]},{"@type":"WebSite","@id":"https:\/\/www.integralpro.com.co\/#website","url":"https:\/\/www.integralpro.com.co\/","name":"IntegralPro","description":"Tienda de Tecnolog\u00eda en L\u00ednea","publisher":{"@id":"https:\/\/www.integralpro.com.co\/#organization"},"potentialAction":[{"@type":"SearchAction","target":{"@type":"EntryPoint","urlTemplate":"https:\/\/www.integralpro.com.co\/?s={search_term_string}"},"query-input":{"@type":"PropertyValueSpecification","valueRequired":true,"valueName":"search_term_string"}}],"inLanguage":"es"},{"@type":"Organization","@id":"https:\/\/www.integralpro.com.co\/#organization","name":"IntegralPro SAS","url":"https:\/\/www.integralpro.com.co\/","logo":{"@type":"ImageObject","inLanguage":"es","@id":"https:\/\/www.integralpro.com.co\/#\/schema\/logo\/image\/","url":"https:\/\/www.integralpro.com.co\/wp-content\/uploads\/2021\/02\/logo-def.jpg","contentUrl":"https:\/\/www.integralpro.com.co\/wp-content\/uploads\/2021\/02\/logo-def.jpg","width":238,"height":234,"caption":"IntegralPro SAS"},"image":{"@id":"https:\/\/www.integralpro.com.co\/#\/schema\/logo\/image\/"}}]}},"_links":{"self":[{"href":"https:\/\/www.integralpro.com.co\/index.php\/wp-json\/wp\/v2\/product\/2039","targetHints":{"allow":["GET"]}}],"collection":[{"href":"https:\/\/www.integralpro.com.co\/index.php\/wp-json\/wp\/v2\/product"}],"about":[{"href":"https:\/\/www.integralpro.com.co\/index.php\/wp-json\/wp\/v2\/types\/product"}],"version-history":[{"count":1,"href":"https:\/\/www.integralpro.com.co\/index.php\/wp-json\/wp\/v2\/product\/2039\/revisions"}],"predecessor-version":[{"id":2102,"href":"https:\/\/www.integralpro.com.co\/index.php\/wp-json\/wp\/v2\/product\/2039\/revisions\/2102"}],"wp:featuredmedia":[{"embeddable":true,"href":"https:\/\/www.integralpro.com.co\/index.php\/wp-json\/wp\/v2\/media\/2101"}],"wp:attachment":[{"href":"https:\/\/www.integralpro.com.co\/index.php\/wp-json\/wp\/v2\/media?parent=2039"}],"wp:term":[{"taxonomy":"product_brand","embeddable":true,"href":"https:\/\/www.integralpro.com.co\/index.php\/wp-json\/wp\/v2\/product_brand?post=2039"},{"taxonomy":"product_cat","embeddable":true,"href":"https:\/\/www.integralpro.com.co\/index.php\/wp-json\/wp\/v2\/product_cat?post=2039"},{"taxonomy":"product_tag","embeddable":true,"href":"https:\/\/www.integralpro.com.co\/index.php\/wp-json\/wp\/v2\/product_tag?post=2039"}],"curies":[{"name":"wp","href":"https:\/\/api.w.org\/{rel}","templated":true}]}}