{"id":2037,"date":"2021-02-19T14:52:26","date_gmt":"2021-02-19T19:52:26","guid":{"rendered":"https:\/\/www.integralpro.com.co\/index.php\/producto\/import-placeholder-for-1135\/"},"modified":"2021-02-19T14:52:55","modified_gmt":"2021-02-19T19:52:55","slug":"tablet-samsung-galaxy-tab-a-10-1-lte-16gb-8mp-2mp-negro","status":"publish","type":"product","link":"https:\/\/www.integralpro.com.co\/index.php\/producto\/tablet-samsung-galaxy-tab-a-10-1-lte-16gb-8mp-2mp-negro\/","title":{"rendered":"Tablet Samsung Galaxy TAB A 10.1 LTE 16GB 8MP 2MP &#8211; Negro"},"content":{"rendered":"<p>Tablet samsung galaxy tab A 10.1 pulgadas. Negro. S-pen que <br \/>permite escribir, dibujar, editar, deslizar, seleccionar. Procesador: Octacore 1.6GHz.<br \/>Sistema Operativo: Android Marshmallow 6.0. Memoria: 3GB. Almacenamiento: 16GB. <br \/>Pantalla: 10.1&quot;. C\u00e1maras: Principal de 8 MP con enfoque automatico, frontal de <br \/>2.0 MP. Bater\u00eda de 7300 mAh. Esc\u00e1ner de c\u00f3digos QR y c\u00f3digos de barra.<br \/>Tecnolog\u00eda: TFT. Resoluci\u00f3n de pantalla:&nbsp; 1200 x 1920 pixeles. <\/p>\n<p>Re\u00fane todo<br \/>El Galaxy Tab A incluye un uso a\u00fan mayor del S Pen para que tus tareas no tengan l\u00edmites. Solo s\u00e1calo para pintar, escribir, hacer un boceto, traducir, crear animaciones GIF, abrir y realizar notas en archivos PDF.<\/p>\n<p>Ampl\u00eda tu vista<br \/>Deleita tus sentidos con una experiencia verdaderamente envolvente. Con su pantalla WUXGA incluso mayor de 10.1 pulgadas, puedes ver y leer todos tus contenidos favoritos, que incluyen revistas o peri\u00f3dicos, con una comodidad suprema.<\/p>\n<p>Revive tus mejores recuerdos<br \/>Captura los mejores momentos con su detalle m\u00e1s verdadero. Captura r\u00e1pido con poca luz con su c\u00e1mara trasera de 8 MP de F1.9 o permite que tu esp\u00edritu creativo despegue con las opciones de modo HDR y Pro<br \/>Lienzos creativos para ni\u00f1os<br \/>Kids Mode 4.0 se ha asociado con LEGO\u00ae para que los ni\u00f1os tengan una gran <br \/>variedad de contenido creativo en un entorno seguro. Puedes navegar entre muchos <br \/>videos y juegos f\u00e1cilmente con solo deslizar hacia la izquierda desde la p\u00e1gina <br \/>de inicio del modo Ni\u00f1os.<br \/>Un \u00e1rea recreativa digital para ni\u00f1os<br \/>Con tableros para dibujo m\u00e1s amplios y efectos de sonido mejorados, se optimiz\u00f3 el modo Ni\u00f1os 4.0 para desatar el lado creativo de tus ni\u00f1os. Tambi\u00e9n te brinda tranquilidad, ya que te permite bloquear aplicaciones y establecer horarios de uso.<\/p>\n<p>Siempre dentro del alcance<br \/>Ahora las alertas de SNS y llamadas se pueden dirigir directamente desde tu tel\u00e9fono inteligente a tu tableta. Adem\u00e1s, puedes usar QuickReply para responder de inmediato y llevar un seguimiento de las notificaciones entrantes en el modo de panel. <\/p>\n<p>Combinaci\u00f3n entre televisor y tableta<br \/>Cambia la perspectiva de visi\u00f3n en un instante. Simplemente con\u00e9ctate mediante Wi-Fi para compartir y ver contenido entre tu televisor y la tableta indistintamente sin el desorden de los cables.<\/p>\n<p>Visualizaci\u00f3n vers\u00e1til<br \/>Ideal para parar tu tableta y ver tu contenido multimedia favorito con facilidad, su funda magn\u00e9tica Book Cover se adapta a varios \u00e1ngulos para obtener una visi\u00f3n optimizada.<br \/>Es impresionante desde todos los puntos de vista<br \/>Es suave al tacto gracias a su acabado elegante optimizado que tiene una apariencia y una sensaci\u00f3n incre\u00edbles en la mano y su dise\u00f1o minimalista hermoso se ve impresionante desde cualquier \u00e1ngulo.<br \/> &nbsp;<\/p>\n<p><strong>Especificaciones T&eacute;cnicas<\/strong><\/p>\n<p>Dimensiones: 16.42 x 25.43 x 0.82 cm<\/p>\n<p>Peso: 0.558 Kg<\/p>\n<p>Marca: <br \/>Samsung <\/p>\n<p>Referencia: Galaxy tab A 10.1 <\/p>\n<p>Sistema operativo: Android<\/p>\n<p>Versi\u00f3n sistema operativo: Android 6.0 marshmallow<\/p>\n<p>Tama\u00f1o de pantalla: 10.1 pulgadas<\/p>\n<p>Almacenamiento: 16GB<\/p>\n<p>Memoria RAM: 3GB<\/p>\n<p>Tecnolog\u00eda: TFT<\/p>\n<p>S- pen: Si<\/p>\n<p>SIM: individual, nano SIM<\/p>\n<p>Conectividad Tablets: WiFi, bluetooth, USB <\/p>\n<p>C\u00e1maras: 2<\/p>\n<p>C\u00e1mara trasera:&nbsp; 8 MP<\/p>\n<p>Marca Procesador Tablets: Octa core<\/p>\n<p>Procesador Tablets: Octacore 1.6GHz<\/p>\n<p>Resoluci\u00f3n de pantalla:&nbsp; 1200 x 1920 pixeles<\/p>\n<p> <strong>Contenido Del Paquete<\/strong><\/p>\n<p><\/p>\n<p>Equipo &#8211; Cargador &#8211; Cable USB-&nbsp; Documentaci&oacute;n<\/p>\n","protected":false},"excerpt":{"rendered":"<p># DE PARTE:SM-P585MZKACOO<\/p>\n","protected":false},"featured_media":2097,"template":"","meta":{"site-sidebar-layout":"default","site-content-layout":"","ast-site-content-layout":"default","site-content-style":"default","site-sidebar-style":"default","ast-global-header-display":"","ast-banner-title-visibility":"","ast-main-header-display":"","ast-hfb-above-header-display":"","ast-hfb-below-header-display":"","ast-hfb-mobile-header-display":"","site-post-title":"","ast-breadcrumbs-content":"","ast-featured-img":"","footer-sml-layout":"","ast-disable-related-posts":"","theme-transparent-header-meta":"","adv-header-id-meta":"","stick-header-meta":"","header-above-stick-meta":"","header-main-stick-meta":"","header-below-stick-meta":"","astra-migrate-meta-layouts":"default","ast-page-background-enabled":"default","ast-page-background-meta":{"desktop":{"background-color":"var(--ast-global-color-4)","background-image":"","background-repeat":"repeat","background-position":"center center","background-size":"auto","background-attachment":"scroll","background-type":"","background-media":"","overlay-type":"","overlay-color":"","overlay-opacity":"","overlay-gradient":""},"tablet":{"background-color":"","background-image":"","background-repeat":"repeat","background-position":"center center","background-size":"auto","background-attachment":"scroll","background-type":"","background-media":"","overlay-type":"","overlay-color":"","overlay-opacity":"","overlay-gradient":""},"mobile":{"background-color":"","background-image":"","background-repeat":"repeat","background-position":"center center","background-size":"auto","background-attachment":"scroll","background-type":"","background-media":"","overlay-type":"","overlay-color":"","overlay-opacity":"","overlay-gradient":""}},"ast-content-background-meta":{"desktop":{"background-color":"var(--ast-global-color-5)","background-image":"","background-repeat":"repeat","background-position":"center center","background-size":"auto","background-attachment":"scroll","background-type":"","background-media":"","overlay-type":"","overlay-color":"","overlay-opacity":"","overlay-gradient":""},"tablet":{"background-color":"var(--ast-global-color-5)","background-image":"","background-repeat":"repeat","background-position":"center center","background-size":"auto","background-attachment":"scroll","background-type":"","background-media":"","overlay-type":"","overlay-color":"","overlay-opacity":"","overlay-gradient":""},"mobile":{"background-color":"var(--ast-global-color-5)","background-image":"","background-repeat":"repeat","background-position":"center center","background-size":"auto","background-attachment":"scroll","background-type":"","background-media":"","overlay-type":"","overlay-color":"","overlay-opacity":"","overlay-gradient":""}}},"product_brand":[],"product_cat":[53,60,147,115],"product_tag":[44],"class_list":{"0":"post-2037","1":"product","2":"type-product","3":"status-publish","4":"has-post-thumbnail","6":"product_cat-celulares-y-tablets","7":"product_cat-portatiles","8":"product_cat-tablet","9":"product_cat-tablets","10":"product_tag-samsung","11":"desktop-align-left","12":"tablet-align-left","13":"mobile-align-left","15":"first","16":"instock","17":"taxable","18":"shipping-taxable","19":"product-type-simple"},"yoast_head":"<!-- This site is optimized with the Yoast SEO plugin v27.3 - https:\/\/yoast.com\/product\/yoast-seo-wordpress\/ -->\n<title>Tablet Samsung Galaxy TAB A 10.1 LTE 16GB 8MP 2MP - Negro - IntegralPro<\/title>\n<meta name=\"robots\" content=\"index, follow, max-snippet:-1, max-image-preview:large, max-video-preview:-1\" \/>\n<link rel=\"canonical\" href=\"https:\/\/www.integralpro.com.co\/index.php\/producto\/tablet-samsung-galaxy-tab-a-10-1-lte-16gb-8mp-2mp-negro\/\" \/>\n<meta property=\"og:locale\" content=\"es_ES\" \/>\n<meta property=\"og:type\" content=\"article\" \/>\n<meta property=\"og:title\" content=\"Tablet Samsung Galaxy TAB A 10.1 LTE 16GB 8MP 2MP - Negro - IntegralPro\" \/>\n<meta property=\"og:description\" content=\"# DE PARTE:SM-P585MZKACOO\" \/>\n<meta property=\"og:url\" content=\"https:\/\/www.integralpro.com.co\/index.php\/producto\/tablet-samsung-galaxy-tab-a-10-1-lte-16gb-8mp-2mp-negro\/\" \/>\n<meta property=\"og:site_name\" content=\"IntegralPro\" \/>\n<meta property=\"article:modified_time\" content=\"2021-02-19T19:52:55+00:00\" \/>\n<meta property=\"og:image\" content=\"https:\/\/www.integralpro.com.co\/wp-content\/uploads\/2021\/02\/5867fef98a3e9584d1b38179d5b824e2.jpg\" \/>\n\t<meta property=\"og:image:width\" content=\"1000\" \/>\n\t<meta property=\"og:image:height\" content=\"1000\" \/>\n\t<meta property=\"og:image:type\" content=\"image\/jpeg\" \/>\n<meta name=\"twitter:card\" content=\"summary_large_image\" \/>\n<meta name=\"twitter:label1\" content=\"Tiempo de lectura\" \/>\n\t<meta name=\"twitter:data1\" content=\"3 minutos\" \/>\n<script type=\"application\/ld+json\" class=\"yoast-schema-graph\">{\"@context\":\"https:\\\/\\\/schema.org\",\"@graph\":[{\"@type\":\"WebPage\",\"@id\":\"https:\\\/\\\/www.integralpro.com.co\\\/index.php\\\/producto\\\/tablet-samsung-galaxy-tab-a-10-1-lte-16gb-8mp-2mp-negro\\\/\",\"url\":\"https:\\\/\\\/www.integralpro.com.co\\\/index.php\\\/producto\\\/tablet-samsung-galaxy-tab-a-10-1-lte-16gb-8mp-2mp-negro\\\/\",\"name\":\"Tablet Samsung Galaxy TAB A 10.1 LTE 16GB 8MP 2MP - Negro - IntegralPro\",\"isPartOf\":{\"@id\":\"https:\\\/\\\/www.integralpro.com.co\\\/#website\"},\"primaryImageOfPage\":{\"@id\":\"https:\\\/\\\/www.integralpro.com.co\\\/index.php\\\/producto\\\/tablet-samsung-galaxy-tab-a-10-1-lte-16gb-8mp-2mp-negro\\\/#primaryimage\"},\"image\":{\"@id\":\"https:\\\/\\\/www.integralpro.com.co\\\/index.php\\\/producto\\\/tablet-samsung-galaxy-tab-a-10-1-lte-16gb-8mp-2mp-negro\\\/#primaryimage\"},\"thumbnailUrl\":\"https:\\\/\\\/www.integralpro.com.co\\\/wp-content\\\/uploads\\\/2021\\\/02\\\/5867fef98a3e9584d1b38179d5b824e2.jpg\",\"datePublished\":\"2021-02-19T19:52:26+00:00\",\"dateModified\":\"2021-02-19T19:52:55+00:00\",\"breadcrumb\":{\"@id\":\"https:\\\/\\\/www.integralpro.com.co\\\/index.php\\\/producto\\\/tablet-samsung-galaxy-tab-a-10-1-lte-16gb-8mp-2mp-negro\\\/#breadcrumb\"},\"inLanguage\":\"es\",\"potentialAction\":[{\"@type\":\"ReadAction\",\"target\":[\"https:\\\/\\\/www.integralpro.com.co\\\/index.php\\\/producto\\\/tablet-samsung-galaxy-tab-a-10-1-lte-16gb-8mp-2mp-negro\\\/\"]}]},{\"@type\":\"ImageObject\",\"inLanguage\":\"es\",\"@id\":\"https:\\\/\\\/www.integralpro.com.co\\\/index.php\\\/producto\\\/tablet-samsung-galaxy-tab-a-10-1-lte-16gb-8mp-2mp-negro\\\/#primaryimage\",\"url\":\"https:\\\/\\\/www.integralpro.com.co\\\/wp-content\\\/uploads\\\/2021\\\/02\\\/5867fef98a3e9584d1b38179d5b824e2.jpg\",\"contentUrl\":\"https:\\\/\\\/www.integralpro.com.co\\\/wp-content\\\/uploads\\\/2021\\\/02\\\/5867fef98a3e9584d1b38179d5b824e2.jpg\",\"width\":1000,\"height\":1000},{\"@type\":\"BreadcrumbList\",\"@id\":\"https:\\\/\\\/www.integralpro.com.co\\\/index.php\\\/producto\\\/tablet-samsung-galaxy-tab-a-10-1-lte-16gb-8mp-2mp-negro\\\/#breadcrumb\",\"itemListElement\":[{\"@type\":\"ListItem\",\"position\":1,\"name\":\"Portada\",\"item\":\"https:\\\/\\\/www.integralpro.com.co\\\/\"},{\"@type\":\"ListItem\",\"position\":2,\"name\":\"Tienda\",\"item\":\"https:\\\/\\\/www.integralpro.com.co\\\/index.php\\\/tienda\\\/\"},{\"@type\":\"ListItem\",\"position\":3,\"name\":\"Tablet Samsung Galaxy TAB A 10.1 LTE 16GB 8MP 2MP &#8211; Negro\"}]},{\"@type\":\"WebSite\",\"@id\":\"https:\\\/\\\/www.integralpro.com.co\\\/#website\",\"url\":\"https:\\\/\\\/www.integralpro.com.co\\\/\",\"name\":\"IntegralPro\",\"description\":\"Tienda de Tecnolog\u00eda en L\u00ednea\",\"publisher\":{\"@id\":\"https:\\\/\\\/www.integralpro.com.co\\\/#organization\"},\"potentialAction\":[{\"@type\":\"SearchAction\",\"target\":{\"@type\":\"EntryPoint\",\"urlTemplate\":\"https:\\\/\\\/www.integralpro.com.co\\\/?s={search_term_string}\"},\"query-input\":{\"@type\":\"PropertyValueSpecification\",\"valueRequired\":true,\"valueName\":\"search_term_string\"}}],\"inLanguage\":\"es\"},{\"@type\":\"Organization\",\"@id\":\"https:\\\/\\\/www.integralpro.com.co\\\/#organization\",\"name\":\"IntegralPro SAS\",\"url\":\"https:\\\/\\\/www.integralpro.com.co\\\/\",\"logo\":{\"@type\":\"ImageObject\",\"inLanguage\":\"es\",\"@id\":\"https:\\\/\\\/www.integralpro.com.co\\\/#\\\/schema\\\/logo\\\/image\\\/\",\"url\":\"https:\\\/\\\/www.integralpro.com.co\\\/wp-content\\\/uploads\\\/2021\\\/02\\\/logo-def.jpg\",\"contentUrl\":\"https:\\\/\\\/www.integralpro.com.co\\\/wp-content\\\/uploads\\\/2021\\\/02\\\/logo-def.jpg\",\"width\":238,\"height\":234,\"caption\":\"IntegralPro SAS\"},\"image\":{\"@id\":\"https:\\\/\\\/www.integralpro.com.co\\\/#\\\/schema\\\/logo\\\/image\\\/\"}}]}<\/script>\n<!-- \/ Yoast SEO plugin. -->","yoast_head_json":{"title":"Tablet Samsung Galaxy TAB A 10.1 LTE 16GB 8MP 2MP - Negro - IntegralPro","robots":{"index":"index","follow":"follow","max-snippet":"max-snippet:-1","max-image-preview":"max-image-preview:large","max-video-preview":"max-video-preview:-1"},"canonical":"https:\/\/www.integralpro.com.co\/index.php\/producto\/tablet-samsung-galaxy-tab-a-10-1-lte-16gb-8mp-2mp-negro\/","og_locale":"es_ES","og_type":"article","og_title":"Tablet Samsung Galaxy TAB A 10.1 LTE 16GB 8MP 2MP - Negro - IntegralPro","og_description":"# DE PARTE:SM-P585MZKACOO","og_url":"https:\/\/www.integralpro.com.co\/index.php\/producto\/tablet-samsung-galaxy-tab-a-10-1-lte-16gb-8mp-2mp-negro\/","og_site_name":"IntegralPro","article_modified_time":"2021-02-19T19:52:55+00:00","og_image":[{"width":1000,"height":1000,"url":"https:\/\/www.integralpro.com.co\/wp-content\/uploads\/2021\/02\/5867fef98a3e9584d1b38179d5b824e2.jpg","type":"image\/jpeg"}],"twitter_card":"summary_large_image","twitter_misc":{"Tiempo de lectura":"3 minutos"},"schema":{"@context":"https:\/\/schema.org","@graph":[{"@type":"WebPage","@id":"https:\/\/www.integralpro.com.co\/index.php\/producto\/tablet-samsung-galaxy-tab-a-10-1-lte-16gb-8mp-2mp-negro\/","url":"https:\/\/www.integralpro.com.co\/index.php\/producto\/tablet-samsung-galaxy-tab-a-10-1-lte-16gb-8mp-2mp-negro\/","name":"Tablet Samsung Galaxy TAB A 10.1 LTE 16GB 8MP 2MP - Negro - IntegralPro","isPartOf":{"@id":"https:\/\/www.integralpro.com.co\/#website"},"primaryImageOfPage":{"@id":"https:\/\/www.integralpro.com.co\/index.php\/producto\/tablet-samsung-galaxy-tab-a-10-1-lte-16gb-8mp-2mp-negro\/#primaryimage"},"image":{"@id":"https:\/\/www.integralpro.com.co\/index.php\/producto\/tablet-samsung-galaxy-tab-a-10-1-lte-16gb-8mp-2mp-negro\/#primaryimage"},"thumbnailUrl":"https:\/\/www.integralpro.com.co\/wp-content\/uploads\/2021\/02\/5867fef98a3e9584d1b38179d5b824e2.jpg","datePublished":"2021-02-19T19:52:26+00:00","dateModified":"2021-02-19T19:52:55+00:00","breadcrumb":{"@id":"https:\/\/www.integralpro.com.co\/index.php\/producto\/tablet-samsung-galaxy-tab-a-10-1-lte-16gb-8mp-2mp-negro\/#breadcrumb"},"inLanguage":"es","potentialAction":[{"@type":"ReadAction","target":["https:\/\/www.integralpro.com.co\/index.php\/producto\/tablet-samsung-galaxy-tab-a-10-1-lte-16gb-8mp-2mp-negro\/"]}]},{"@type":"ImageObject","inLanguage":"es","@id":"https:\/\/www.integralpro.com.co\/index.php\/producto\/tablet-samsung-galaxy-tab-a-10-1-lte-16gb-8mp-2mp-negro\/#primaryimage","url":"https:\/\/www.integralpro.com.co\/wp-content\/uploads\/2021\/02\/5867fef98a3e9584d1b38179d5b824e2.jpg","contentUrl":"https:\/\/www.integralpro.com.co\/wp-content\/uploads\/2021\/02\/5867fef98a3e9584d1b38179d5b824e2.jpg","width":1000,"height":1000},{"@type":"BreadcrumbList","@id":"https:\/\/www.integralpro.com.co\/index.php\/producto\/tablet-samsung-galaxy-tab-a-10-1-lte-16gb-8mp-2mp-negro\/#breadcrumb","itemListElement":[{"@type":"ListItem","position":1,"name":"Portada","item":"https:\/\/www.integralpro.com.co\/"},{"@type":"ListItem","position":2,"name":"Tienda","item":"https:\/\/www.integralpro.com.co\/index.php\/tienda\/"},{"@type":"ListItem","position":3,"name":"Tablet Samsung Galaxy TAB A 10.1 LTE 16GB 8MP 2MP &#8211; Negro"}]},{"@type":"WebSite","@id":"https:\/\/www.integralpro.com.co\/#website","url":"https:\/\/www.integralpro.com.co\/","name":"IntegralPro","description":"Tienda de Tecnolog\u00eda en L\u00ednea","publisher":{"@id":"https:\/\/www.integralpro.com.co\/#organization"},"potentialAction":[{"@type":"SearchAction","target":{"@type":"EntryPoint","urlTemplate":"https:\/\/www.integralpro.com.co\/?s={search_term_string}"},"query-input":{"@type":"PropertyValueSpecification","valueRequired":true,"valueName":"search_term_string"}}],"inLanguage":"es"},{"@type":"Organization","@id":"https:\/\/www.integralpro.com.co\/#organization","name":"IntegralPro SAS","url":"https:\/\/www.integralpro.com.co\/","logo":{"@type":"ImageObject","inLanguage":"es","@id":"https:\/\/www.integralpro.com.co\/#\/schema\/logo\/image\/","url":"https:\/\/www.integralpro.com.co\/wp-content\/uploads\/2021\/02\/logo-def.jpg","contentUrl":"https:\/\/www.integralpro.com.co\/wp-content\/uploads\/2021\/02\/logo-def.jpg","width":238,"height":234,"caption":"IntegralPro SAS"},"image":{"@id":"https:\/\/www.integralpro.com.co\/#\/schema\/logo\/image\/"}}]}},"_links":{"self":[{"href":"https:\/\/www.integralpro.com.co\/index.php\/wp-json\/wp\/v2\/product\/2037","targetHints":{"allow":["GET"]}}],"collection":[{"href":"https:\/\/www.integralpro.com.co\/index.php\/wp-json\/wp\/v2\/product"}],"about":[{"href":"https:\/\/www.integralpro.com.co\/index.php\/wp-json\/wp\/v2\/types\/product"}],"version-history":[{"count":1,"href":"https:\/\/www.integralpro.com.co\/index.php\/wp-json\/wp\/v2\/product\/2037\/revisions"}],"predecessor-version":[{"id":2098,"href":"https:\/\/www.integralpro.com.co\/index.php\/wp-json\/wp\/v2\/product\/2037\/revisions\/2098"}],"wp:featuredmedia":[{"embeddable":true,"href":"https:\/\/www.integralpro.com.co\/index.php\/wp-json\/wp\/v2\/media\/2097"}],"wp:attachment":[{"href":"https:\/\/www.integralpro.com.co\/index.php\/wp-json\/wp\/v2\/media?parent=2037"}],"wp:term":[{"taxonomy":"product_brand","embeddable":true,"href":"https:\/\/www.integralpro.com.co\/index.php\/wp-json\/wp\/v2\/product_brand?post=2037"},{"taxonomy":"product_cat","embeddable":true,"href":"https:\/\/www.integralpro.com.co\/index.php\/wp-json\/wp\/v2\/product_cat?post=2037"},{"taxonomy":"product_tag","embeddable":true,"href":"https:\/\/www.integralpro.com.co\/index.php\/wp-json\/wp\/v2\/product_tag?post=2037"}],"curies":[{"name":"wp","href":"https:\/\/api.w.org\/{rel}","templated":true}]}}