{"id":2007,"date":"2021-02-19T14:52:06","date_gmt":"2021-02-19T19:52:06","guid":{"rendered":"https:\/\/www.integralpro.com.co\/index.php\/producto\/import-placeholder-for-1133\/"},"modified":"2024-11-10T22:52:51","modified_gmt":"2024-11-11T03:52:51","slug":"altavoz-logitech-mobile-speakerphone-p710e-negro","status":"publish","type":"product","link":"https:\/\/www.integralpro.com.co\/index.php\/producto\/altavoz-logitech-mobile-speakerphone-p710e-negro\/","title":{"rendered":"Altavoz Logitech Mobile Speakerphone P710e &#8211; Negro"},"content":{"rendered":"<p>Sistema manos libres para todos los dispositivos m\u00f3viles, Convierta cualquier espacio de trabajo en una sala de conferencias instant\u00e1nea. Logitech Mobile Speakerphone P710e ofrece llamadas manos libres y un audio estupendo para el tel\u00e9fono o la tablet. La tecnolog\u00eda de supresi\u00f3n de ruido ayuda a garantizar que todos pueden o\u00edr y hacerse o\u00edr. Se pueden emparejar hasta ocho dispositivos Bluetooth\u00ae o conectar con NFC con s\u00f3lo tocar P710e con un dispositivo. Realice su pr\u00f3xima llamada de conferencia pr\u00e1cticamente en cualquier lugar. Conferencias manos libres flexiblesPara el profesional que combina varias tareas, el sistema manos libres Logitech P710e le permite conectarse al instante e iniciar una videoconferencia con su dispositivo m\u00f3vil. P710e mantiene firme el dispositivo para visi\u00f3n sin molestias en el otro extremo de la llamada mientras se toman notas o se escribe en un segundo dispositivo u ordenador. Se puede llevar a todas partes Cuando se necesita atender una llamada en una ajetreada oficina, en casa o en la habitaci\u00f3n de un hotel, el sistema manos libres P710e proporciona una prolongada duraci\u00f3n de bater\u00edas de hasta 15 horas de conversaci\u00f3n. El altavoz personalizado y micr\u00f3fono con supresi\u00f3n de ruido ofrecen sonido n\u00edtido en ambos extremos de la llamada. Conecte unos auriculares a P710e para tener conversaciones m\u00e1s privadas. Conexiones instantaneas a reuniones Cuando est\u00e9 listo para participar en una llamada, conecte el tel\u00e9fono m\u00f3vil o la tablet al sistema manos libres P710e mediante Bluetooth con emparejamiento NFC opcional o con el cable USB adjunto. Es posible emparejar hasta ocho dispositivos Bluetooth. Facilidad de emparejamiento y desemparejamiento de dispositivos m\u00f3viles con NFC a P710e mediante simple contacto entre dispositivos.ESPECIFICACIONES T\u00c9CNICASDimensiones : 120 x 120 x 40 mmPeso : 275 gRespuesta de frecuencia del altavoz : 140&nbsp;Hz a 16&nbsp;kHzVoz en banda ancha y audio Hi-FiVolumen: Ajustable hasta 85 dBA a 0,5 metrosMicr\u00f3fono omnidireccional: Cobertura de 360 gradosRespuesta de frecuencia: 50&nbsp;Hz &#8211; 8&nbsp;kHzCompatible con voz de banda ancha y banda estrechaSalida de audio auxiliar: toma de 3.5mmRespuesta de frecuencia: 20&nbsp;Hz &#8211; 20&nbsp;kHzMejoras de audio: Cancelador de eco ac\u00fastico, Reducci\u00f3n de ruido, Control de ganancia autom\u00e1ticoCompatible con: Windows Vista, Windows\u00ae&nbsp;7 o Windows 8 (32 bits o 64 bits), Windows 10, Mac OS X 10.6 o posterior, Linux, Dispositivo m\u00f3vil&nbsp;Bluetooth, Puerto USB disponible, Alimentaci\u00f3n de CACompatibilidad con aplicaciones: Compatible con la mayor\u00eda de las principales plataformas de conferencias como Skype y Skype for Business, Google Hangouts Pro, Cisco.Color: NegroContenido del paquete : Sistema manos libres, Funda, Adaptador para tel\u00e9fono, Documentaci\u00f3n<\/p>\n<table style=\"max-width: 100%; color: #666666; font-size: 14px; line-height: 21.84px; widows: 1; width: 700px; text-align: left;\" border=\"0\" cellspacing=\"1\" cellpadding=\"1\">\n<tbody>\n<tr><\/tr>\n<\/tbody>\n<\/table>\n","protected":false},"excerpt":{"rendered":"<p># DE PARTE:980-000741<\/p>\n","protected":false},"featured_media":2093,"template":"","meta":{"site-sidebar-layout":"default","site-content-layout":"","ast-site-content-layout":"default","site-content-style":"default","site-sidebar-style":"default","ast-global-header-display":"","ast-banner-title-visibility":"","ast-main-header-display":"","ast-hfb-above-header-display":"","ast-hfb-below-header-display":"","ast-hfb-mobile-header-display":"","site-post-title":"","ast-breadcrumbs-content":"","ast-featured-img":"","footer-sml-layout":"","ast-disable-related-posts":"","theme-transparent-header-meta":"","adv-header-id-meta":"","stick-header-meta":"","header-above-stick-meta":"","header-main-stick-meta":"","header-below-stick-meta":"","astra-migrate-meta-layouts":"default","ast-page-background-enabled":"default","ast-page-background-meta":{"desktop":{"background-color":"var(--ast-global-color-4)","background-image":"","background-repeat":"repeat","background-position":"center center","background-size":"auto","background-attachment":"scroll","background-type":"","background-media":"","overlay-type":"","overlay-color":"","overlay-opacity":"","overlay-gradient":""},"tablet":{"background-color":"","background-image":"","background-repeat":"repeat","background-position":"center center","background-size":"auto","background-attachment":"scroll","background-type":"","background-media":"","overlay-type":"","overlay-color":"","overlay-opacity":"","overlay-gradient":""},"mobile":{"background-color":"","background-image":"","background-repeat":"repeat","background-position":"center center","background-size":"auto","background-attachment":"scroll","background-type":"","background-media":"","overlay-type":"","overlay-color":"","overlay-opacity":"","overlay-gradient":""}},"ast-content-background-meta":{"desktop":{"background-color":"var(--ast-global-color-5)","background-image":"","background-repeat":"repeat","background-position":"center center","background-size":"auto","background-attachment":"scroll","background-type":"","background-media":"","overlay-type":"","overlay-color":"","overlay-opacity":"","overlay-gradient":""},"tablet":{"background-color":"var(--ast-global-color-5)","background-image":"","background-repeat":"repeat","background-position":"center center","background-size":"auto","background-attachment":"scroll","background-type":"","background-media":"","overlay-type":"","overlay-color":"","overlay-opacity":"","overlay-gradient":""},"mobile":{"background-color":"var(--ast-global-color-5)","background-image":"","background-repeat":"repeat","background-position":"center center","background-size":"auto","background-attachment":"scroll","background-type":"","background-media":"","overlay-type":"","overlay-color":"","overlay-opacity":"","overlay-gradient":""}}},"product_brand":[],"product_cat":[51,106,102],"product_tag":[46],"class_list":{"0":"post-2007","1":"product","2":"type-product","3":"status-publish","4":"has-post-thumbnail","6":"product_cat-audio","7":"product_cat-logitech","8":"product_cat-parlantes","9":"product_tag-logitech","10":"desktop-align-left","11":"tablet-align-left","12":"mobile-align-left","14":"first","15":"instock","16":"taxable","17":"shipping-taxable","18":"product-type-simple"},"yoast_head":"<!-- This site is optimized with the Yoast SEO plugin v27.4 - https:\/\/yoast.com\/product\/yoast-seo-wordpress\/ -->\n<title>Altavoz Logitech Mobile Speakerphone P710e - Negro - IntegralPro<\/title>\n<meta name=\"robots\" content=\"index, follow, max-snippet:-1, max-image-preview:large, max-video-preview:-1\" \/>\n<link rel=\"canonical\" href=\"https:\/\/www.integralpro.com.co\/index.php\/producto\/altavoz-logitech-mobile-speakerphone-p710e-negro\/\" \/>\n<meta property=\"og:locale\" content=\"es_ES\" \/>\n<meta property=\"og:type\" content=\"article\" \/>\n<meta property=\"og:title\" content=\"Altavoz Logitech Mobile Speakerphone P710e - Negro - IntegralPro\" \/>\n<meta property=\"og:description\" content=\"# DE PARTE:980-000741\" \/>\n<meta property=\"og:url\" content=\"https:\/\/www.integralpro.com.co\/index.php\/producto\/altavoz-logitech-mobile-speakerphone-p710e-negro\/\" \/>\n<meta property=\"og:site_name\" content=\"IntegralPro\" \/>\n<meta property=\"article:modified_time\" content=\"2024-11-11T03:52:51+00:00\" \/>\n<meta property=\"og:image\" content=\"https:\/\/www.integralpro.com.co\/wp-content\/uploads\/2021\/02\/77b4020c2d762ab27009d18500be75a8.jpg\" \/>\n\t<meta property=\"og:image:width\" content=\"1600\" \/>\n\t<meta property=\"og:image:height\" content=\"1600\" \/>\n\t<meta property=\"og:image:type\" content=\"image\/jpeg\" \/>\n<meta name=\"twitter:card\" content=\"summary_large_image\" \/>\n<meta name=\"twitter:label1\" content=\"Tiempo de lectura\" \/>\n\t<meta name=\"twitter:data1\" content=\"2 minutos\" \/>\n<script type=\"application\/ld+json\" class=\"yoast-schema-graph\">{\"@context\":\"https:\\\/\\\/schema.org\",\"@graph\":[{\"@type\":\"WebPage\",\"@id\":\"https:\\\/\\\/www.integralpro.com.co\\\/index.php\\\/producto\\\/altavoz-logitech-mobile-speakerphone-p710e-negro\\\/\",\"url\":\"https:\\\/\\\/www.integralpro.com.co\\\/index.php\\\/producto\\\/altavoz-logitech-mobile-speakerphone-p710e-negro\\\/\",\"name\":\"Altavoz Logitech Mobile Speakerphone P710e - Negro - IntegralPro\",\"isPartOf\":{\"@id\":\"https:\\\/\\\/www.integralpro.com.co\\\/#website\"},\"primaryImageOfPage\":{\"@id\":\"https:\\\/\\\/www.integralpro.com.co\\\/index.php\\\/producto\\\/altavoz-logitech-mobile-speakerphone-p710e-negro\\\/#primaryimage\"},\"image\":{\"@id\":\"https:\\\/\\\/www.integralpro.com.co\\\/index.php\\\/producto\\\/altavoz-logitech-mobile-speakerphone-p710e-negro\\\/#primaryimage\"},\"thumbnailUrl\":\"https:\\\/\\\/www.integralpro.com.co\\\/wp-content\\\/uploads\\\/2021\\\/02\\\/77b4020c2d762ab27009d18500be75a8.jpg\",\"datePublished\":\"2021-02-19T19:52:06+00:00\",\"dateModified\":\"2024-11-11T03:52:51+00:00\",\"breadcrumb\":{\"@id\":\"https:\\\/\\\/www.integralpro.com.co\\\/index.php\\\/producto\\\/altavoz-logitech-mobile-speakerphone-p710e-negro\\\/#breadcrumb\"},\"inLanguage\":\"es\",\"potentialAction\":[{\"@type\":\"ReadAction\",\"target\":[\"https:\\\/\\\/www.integralpro.com.co\\\/index.php\\\/producto\\\/altavoz-logitech-mobile-speakerphone-p710e-negro\\\/\"]}]},{\"@type\":\"ImageObject\",\"inLanguage\":\"es\",\"@id\":\"https:\\\/\\\/www.integralpro.com.co\\\/index.php\\\/producto\\\/altavoz-logitech-mobile-speakerphone-p710e-negro\\\/#primaryimage\",\"url\":\"https:\\\/\\\/www.integralpro.com.co\\\/wp-content\\\/uploads\\\/2021\\\/02\\\/77b4020c2d762ab27009d18500be75a8.jpg\",\"contentUrl\":\"https:\\\/\\\/www.integralpro.com.co\\\/wp-content\\\/uploads\\\/2021\\\/02\\\/77b4020c2d762ab27009d18500be75a8.jpg\",\"width\":1600,\"height\":1600},{\"@type\":\"BreadcrumbList\",\"@id\":\"https:\\\/\\\/www.integralpro.com.co\\\/index.php\\\/producto\\\/altavoz-logitech-mobile-speakerphone-p710e-negro\\\/#breadcrumb\",\"itemListElement\":[{\"@type\":\"ListItem\",\"position\":1,\"name\":\"Portada\",\"item\":\"https:\\\/\\\/www.integralpro.com.co\\\/\"},{\"@type\":\"ListItem\",\"position\":2,\"name\":\"Tienda\",\"item\":\"https:\\\/\\\/www.integralpro.com.co\\\/index.php\\\/tienda\\\/\"},{\"@type\":\"ListItem\",\"position\":3,\"name\":\"Altavoz Logitech Mobile Speakerphone P710e &#8211; Negro\"}]},{\"@type\":\"WebSite\",\"@id\":\"https:\\\/\\\/www.integralpro.com.co\\\/#website\",\"url\":\"https:\\\/\\\/www.integralpro.com.co\\\/\",\"name\":\"IntegralPro\",\"description\":\"Tienda de Tecnolog\u00eda en L\u00ednea\",\"publisher\":{\"@id\":\"https:\\\/\\\/www.integralpro.com.co\\\/#organization\"},\"potentialAction\":[{\"@type\":\"SearchAction\",\"target\":{\"@type\":\"EntryPoint\",\"urlTemplate\":\"https:\\\/\\\/www.integralpro.com.co\\\/?s={search_term_string}\"},\"query-input\":{\"@type\":\"PropertyValueSpecification\",\"valueRequired\":true,\"valueName\":\"search_term_string\"}}],\"inLanguage\":\"es\"},{\"@type\":\"Organization\",\"@id\":\"https:\\\/\\\/www.integralpro.com.co\\\/#organization\",\"name\":\"IntegralPro SAS\",\"url\":\"https:\\\/\\\/www.integralpro.com.co\\\/\",\"logo\":{\"@type\":\"ImageObject\",\"inLanguage\":\"es\",\"@id\":\"https:\\\/\\\/www.integralpro.com.co\\\/#\\\/schema\\\/logo\\\/image\\\/\",\"url\":\"https:\\\/\\\/www.integralpro.com.co\\\/wp-content\\\/uploads\\\/2021\\\/02\\\/logo-def.jpg\",\"contentUrl\":\"https:\\\/\\\/www.integralpro.com.co\\\/wp-content\\\/uploads\\\/2021\\\/02\\\/logo-def.jpg\",\"width\":238,\"height\":234,\"caption\":\"IntegralPro SAS\"},\"image\":{\"@id\":\"https:\\\/\\\/www.integralpro.com.co\\\/#\\\/schema\\\/logo\\\/image\\\/\"}}]}<\/script>\n<!-- \/ Yoast SEO plugin. -->","yoast_head_json":{"title":"Altavoz Logitech Mobile Speakerphone P710e - Negro - IntegralPro","robots":{"index":"index","follow":"follow","max-snippet":"max-snippet:-1","max-image-preview":"max-image-preview:large","max-video-preview":"max-video-preview:-1"},"canonical":"https:\/\/www.integralpro.com.co\/index.php\/producto\/altavoz-logitech-mobile-speakerphone-p710e-negro\/","og_locale":"es_ES","og_type":"article","og_title":"Altavoz Logitech Mobile Speakerphone P710e - Negro - IntegralPro","og_description":"# DE PARTE:980-000741","og_url":"https:\/\/www.integralpro.com.co\/index.php\/producto\/altavoz-logitech-mobile-speakerphone-p710e-negro\/","og_site_name":"IntegralPro","article_modified_time":"2024-11-11T03:52:51+00:00","og_image":[{"width":1600,"height":1600,"url":"https:\/\/www.integralpro.com.co\/wp-content\/uploads\/2021\/02\/77b4020c2d762ab27009d18500be75a8.jpg","type":"image\/jpeg"}],"twitter_card":"summary_large_image","twitter_misc":{"Tiempo de lectura":"2 minutos"},"schema":{"@context":"https:\/\/schema.org","@graph":[{"@type":"WebPage","@id":"https:\/\/www.integralpro.com.co\/index.php\/producto\/altavoz-logitech-mobile-speakerphone-p710e-negro\/","url":"https:\/\/www.integralpro.com.co\/index.php\/producto\/altavoz-logitech-mobile-speakerphone-p710e-negro\/","name":"Altavoz Logitech Mobile Speakerphone P710e - Negro - IntegralPro","isPartOf":{"@id":"https:\/\/www.integralpro.com.co\/#website"},"primaryImageOfPage":{"@id":"https:\/\/www.integralpro.com.co\/index.php\/producto\/altavoz-logitech-mobile-speakerphone-p710e-negro\/#primaryimage"},"image":{"@id":"https:\/\/www.integralpro.com.co\/index.php\/producto\/altavoz-logitech-mobile-speakerphone-p710e-negro\/#primaryimage"},"thumbnailUrl":"https:\/\/www.integralpro.com.co\/wp-content\/uploads\/2021\/02\/77b4020c2d762ab27009d18500be75a8.jpg","datePublished":"2021-02-19T19:52:06+00:00","dateModified":"2024-11-11T03:52:51+00:00","breadcrumb":{"@id":"https:\/\/www.integralpro.com.co\/index.php\/producto\/altavoz-logitech-mobile-speakerphone-p710e-negro\/#breadcrumb"},"inLanguage":"es","potentialAction":[{"@type":"ReadAction","target":["https:\/\/www.integralpro.com.co\/index.php\/producto\/altavoz-logitech-mobile-speakerphone-p710e-negro\/"]}]},{"@type":"ImageObject","inLanguage":"es","@id":"https:\/\/www.integralpro.com.co\/index.php\/producto\/altavoz-logitech-mobile-speakerphone-p710e-negro\/#primaryimage","url":"https:\/\/www.integralpro.com.co\/wp-content\/uploads\/2021\/02\/77b4020c2d762ab27009d18500be75a8.jpg","contentUrl":"https:\/\/www.integralpro.com.co\/wp-content\/uploads\/2021\/02\/77b4020c2d762ab27009d18500be75a8.jpg","width":1600,"height":1600},{"@type":"BreadcrumbList","@id":"https:\/\/www.integralpro.com.co\/index.php\/producto\/altavoz-logitech-mobile-speakerphone-p710e-negro\/#breadcrumb","itemListElement":[{"@type":"ListItem","position":1,"name":"Portada","item":"https:\/\/www.integralpro.com.co\/"},{"@type":"ListItem","position":2,"name":"Tienda","item":"https:\/\/www.integralpro.com.co\/index.php\/tienda\/"},{"@type":"ListItem","position":3,"name":"Altavoz Logitech Mobile Speakerphone P710e &#8211; Negro"}]},{"@type":"WebSite","@id":"https:\/\/www.integralpro.com.co\/#website","url":"https:\/\/www.integralpro.com.co\/","name":"IntegralPro","description":"Tienda de Tecnolog\u00eda en L\u00ednea","publisher":{"@id":"https:\/\/www.integralpro.com.co\/#organization"},"potentialAction":[{"@type":"SearchAction","target":{"@type":"EntryPoint","urlTemplate":"https:\/\/www.integralpro.com.co\/?s={search_term_string}"},"query-input":{"@type":"PropertyValueSpecification","valueRequired":true,"valueName":"search_term_string"}}],"inLanguage":"es"},{"@type":"Organization","@id":"https:\/\/www.integralpro.com.co\/#organization","name":"IntegralPro SAS","url":"https:\/\/www.integralpro.com.co\/","logo":{"@type":"ImageObject","inLanguage":"es","@id":"https:\/\/www.integralpro.com.co\/#\/schema\/logo\/image\/","url":"https:\/\/www.integralpro.com.co\/wp-content\/uploads\/2021\/02\/logo-def.jpg","contentUrl":"https:\/\/www.integralpro.com.co\/wp-content\/uploads\/2021\/02\/logo-def.jpg","width":238,"height":234,"caption":"IntegralPro SAS"},"image":{"@id":"https:\/\/www.integralpro.com.co\/#\/schema\/logo\/image\/"}}]}},"_links":{"self":[{"href":"https:\/\/www.integralpro.com.co\/index.php\/wp-json\/wp\/v2\/product\/2007","targetHints":{"allow":["GET"]}}],"collection":[{"href":"https:\/\/www.integralpro.com.co\/index.php\/wp-json\/wp\/v2\/product"}],"about":[{"href":"https:\/\/www.integralpro.com.co\/index.php\/wp-json\/wp\/v2\/types\/product"}],"version-history":[{"count":1,"href":"https:\/\/www.integralpro.com.co\/index.php\/wp-json\/wp\/v2\/product\/2007\/revisions"}],"predecessor-version":[{"id":2094,"href":"https:\/\/www.integralpro.com.co\/index.php\/wp-json\/wp\/v2\/product\/2007\/revisions\/2094"}],"wp:featuredmedia":[{"embeddable":true,"href":"https:\/\/www.integralpro.com.co\/index.php\/wp-json\/wp\/v2\/media\/2093"}],"wp:attachment":[{"href":"https:\/\/www.integralpro.com.co\/index.php\/wp-json\/wp\/v2\/media?parent=2007"}],"wp:term":[{"taxonomy":"product_brand","embeddable":true,"href":"https:\/\/www.integralpro.com.co\/index.php\/wp-json\/wp\/v2\/product_brand?post=2007"},{"taxonomy":"product_cat","embeddable":true,"href":"https:\/\/www.integralpro.com.co\/index.php\/wp-json\/wp\/v2\/product_cat?post=2007"},{"taxonomy":"product_tag","embeddable":true,"href":"https:\/\/www.integralpro.com.co\/index.php\/wp-json\/wp\/v2\/product_tag?post=2007"}],"curies":[{"name":"wp","href":"https:\/\/api.w.org\/{rel}","templated":true}]}}