{"id":2004,"date":"2021-02-19T14:52:06","date_gmt":"2021-02-19T19:52:06","guid":{"rendered":"https:\/\/www.integralpro.com.co\/index.php\/producto\/import-placeholder-for-1130\/"},"modified":"2021-02-19T14:52:44","modified_gmt":"2021-02-19T19:52:44","slug":"ups-cdp-monofasica-on-line-tipo-torre-upo11-1-ax","status":"publish","type":"product","link":"https:\/\/www.integralpro.com.co\/index.php\/producto\/ups-cdp-monofasica-on-line-tipo-torre-upo11-1-ax\/","title":{"rendered":"Ups CDP Monofasica On Line Tipo Torre UPO11-1 AX"},"content":{"rendered":"<p>La l\u00ednea UPO11 es una serie de UPS Online de doble conversi\u00f3n de alto rendimiento para tareas cr\u00edticas y aplicaciones corporativas. Cuenta con microprocesador single-chip, tecnolog\u00eda de doble conversi\u00f3n y regulaci\u00f3n de frecuencia a la salida. As\u00ed mismo, ofrece onda senoidal pura a la salida. Proporciona mayor disponibilidad para sus equipos al corregir las bajas y altas de tensi\u00f3n sin emplear las bater\u00edas. Su tiempo de transferencia es de cero milisegundos. Elimina el 99% de los problemas el\u00e9ctricos, puede arrancar en fr\u00edo y permite la r\u00e1pida recuperaci\u00f3n tras eventos de sobrecarga. Ideal para la protecci\u00f3n de equipo m\u00e9dico. Laboratorio, servidores de misi\u00f3n cr\u00edtica o telecomunicaciones. <\/p>\n<p><\/p>\n<h2 style=\"margin-top:20px; border-bottom: 2px solid #750000; padding-bottom: 5px; margin-bottom: 10px; padding-left: 15px; padding-right: 15px; padding-top: 8px;\" class=\"style2\"><strong>Especificaciones <\/strong><\/h2>\n<table style=\"text-align: left;width:100%;\">\n<tbody>\n<tr style=\"height:25px;\"><\/tr>\n<p> Dimensiones : 14 x 22 x 39 cm Peso : 13 Kg Capacidad: 1000 VA\/900W Factor de potencia: >\/= 0,99 al 100% de carga Forma de Onda: Senoidal pura Peso: 13 Kg Rango de frecuencia: 40Hz &#8211; 70Hz (autosensing) Regulaci\u00f3n de voltaje: +\/- 1% Voltaje de salida: 100 \/ 110 \/ 115 \/ 120 VCA \u00f3 208 \/ 220 \/ 230 \/ 240 VCA Fase: Monofase con tierra Retorno de l\u00ednea alta: 145 VCA +\/- 5% Retorno de l\u00ednea baja: 84 VCA +\/- 5% Bater\u00eda Tipo\/Cantidad: 12V\/7Ah x 3 Color : Negro <\/tbody>\n<\/table>\n<p><\/p>\n<h2 style=\"margin-top:20px; border-bottom: 2px solid #750000; padding-bottom: 5px; margin-bottom: 10px; padding-left: 15px; padding-right: 15px; padding-top: 8px;\" class=\"style2\"><strong>Contenido Del Paquete <\/strong><\/h2>\n<p><\/p>\n<table style=\"text-align: left;width:100%;\">\n<tbody>\n<tr style=\"height:25px;\"><\/tr>\n<p> Equipo &#8211; Cable &#8211; Documentaci\u00f3n <\/tbody>\n<\/table>\n","protected":false},"excerpt":{"rendered":"<p># DE PARTE:UPO11-1 AX<\/p>\n","protected":false},"featured_media":2073,"template":"","meta":{"site-sidebar-layout":"default","site-content-layout":"","ast-site-content-layout":"default","site-content-style":"default","site-sidebar-style":"default","ast-global-header-display":"","ast-banner-title-visibility":"","ast-main-header-display":"","ast-hfb-above-header-display":"","ast-hfb-below-header-display":"","ast-hfb-mobile-header-display":"","site-post-title":"","ast-breadcrumbs-content":"","ast-featured-img":"","footer-sml-layout":"","ast-disable-related-posts":"","theme-transparent-header-meta":"","adv-header-id-meta":"","stick-header-meta":"","header-above-stick-meta":"","header-main-stick-meta":"","header-below-stick-meta":"","astra-migrate-meta-layouts":"default","ast-page-background-enabled":"default","ast-page-background-meta":{"desktop":{"background-color":"var(--ast-global-color-4)","background-image":"","background-repeat":"repeat","background-position":"center center","background-size":"auto","background-attachment":"scroll","background-type":"","background-media":"","overlay-type":"","overlay-color":"","overlay-opacity":"","overlay-gradient":""},"tablet":{"background-color":"","background-image":"","background-repeat":"repeat","background-position":"center center","background-size":"auto","background-attachment":"scroll","background-type":"","background-media":"","overlay-type":"","overlay-color":"","overlay-opacity":"","overlay-gradient":""},"mobile":{"background-color":"","background-image":"","background-repeat":"repeat","background-position":"center center","background-size":"auto","background-attachment":"scroll","background-type":"","background-media":"","overlay-type":"","overlay-color":"","overlay-opacity":"","overlay-gradient":""}},"ast-content-background-meta":{"desktop":{"background-color":"var(--ast-global-color-5)","background-image":"","background-repeat":"repeat","background-position":"center center","background-size":"auto","background-attachment":"scroll","background-type":"","background-media":"","overlay-type":"","overlay-color":"","overlay-opacity":"","overlay-gradient":""},"tablet":{"background-color":"var(--ast-global-color-5)","background-image":"","background-repeat":"repeat","background-position":"center center","background-size":"auto","background-attachment":"scroll","background-type":"","background-media":"","overlay-type":"","overlay-color":"","overlay-opacity":"","overlay-gradient":""},"mobile":{"background-color":"var(--ast-global-color-5)","background-image":"","background-repeat":"repeat","background-position":"center center","background-size":"auto","background-attachment":"scroll","background-type":"","background-media":"","overlay-type":"","overlay-color":"","overlay-opacity":"","overlay-gradient":""}}},"product_brand":[],"product_cat":[162,65],"product_tag":[38],"class_list":{"0":"post-2004","1":"product","2":"type-product","3":"status-publish","4":"has-post-thumbnail","6":"product_cat-ups","7":"product_cat-ups-reguladores-de-voltaje","8":"product_tag-cdp","9":"desktop-align-left","10":"tablet-align-left","11":"mobile-align-left","13":"first","14":"instock","15":"taxable","16":"shipping-taxable","17":"product-type-simple"},"yoast_head":"<!-- This site is optimized with the Yoast SEO plugin v27.4 - https:\/\/yoast.com\/product\/yoast-seo-wordpress\/ -->\n<title>Ups CDP Monofasica On Line Tipo Torre UPO11-1 AX - IntegralPro<\/title>\n<meta name=\"robots\" content=\"index, follow, max-snippet:-1, max-image-preview:large, max-video-preview:-1\" \/>\n<link rel=\"canonical\" href=\"https:\/\/www.integralpro.com.co\/index.php\/producto\/ups-cdp-monofasica-on-line-tipo-torre-upo11-1-ax\/\" \/>\n<meta property=\"og:locale\" content=\"es_ES\" \/>\n<meta property=\"og:type\" content=\"article\" \/>\n<meta property=\"og:title\" content=\"Ups CDP Monofasica On Line Tipo Torre UPO11-1 AX - IntegralPro\" \/>\n<meta property=\"og:description\" content=\"# DE PARTE:UPO11-1 AX\" \/>\n<meta property=\"og:url\" content=\"https:\/\/www.integralpro.com.co\/index.php\/producto\/ups-cdp-monofasica-on-line-tipo-torre-upo11-1-ax\/\" \/>\n<meta property=\"og:site_name\" content=\"IntegralPro\" \/>\n<meta property=\"article:modified_time\" content=\"2021-02-19T19:52:44+00:00\" \/>\n<meta property=\"og:image\" content=\"https:\/\/www.integralpro.com.co\/wp-content\/uploads\/2021\/02\/78df9668e19f7c9dfaac09fd8f6c8069.jpg\" \/>\n\t<meta property=\"og:image:width\" content=\"564\" \/>\n\t<meta property=\"og:image:height\" content=\"665\" \/>\n\t<meta property=\"og:image:type\" content=\"image\/jpeg\" \/>\n<meta name=\"twitter:card\" content=\"summary_large_image\" \/>\n<meta name=\"twitter:label1\" content=\"Tiempo de lectura\" \/>\n\t<meta name=\"twitter:data1\" content=\"1 minuto\" \/>\n<script type=\"application\/ld+json\" class=\"yoast-schema-graph\">{\"@context\":\"https:\\\/\\\/schema.org\",\"@graph\":[{\"@type\":\"WebPage\",\"@id\":\"https:\\\/\\\/www.integralpro.com.co\\\/index.php\\\/producto\\\/ups-cdp-monofasica-on-line-tipo-torre-upo11-1-ax\\\/\",\"url\":\"https:\\\/\\\/www.integralpro.com.co\\\/index.php\\\/producto\\\/ups-cdp-monofasica-on-line-tipo-torre-upo11-1-ax\\\/\",\"name\":\"Ups CDP Monofasica On Line Tipo Torre UPO11-1 AX - IntegralPro\",\"isPartOf\":{\"@id\":\"https:\\\/\\\/www.integralpro.com.co\\\/#website\"},\"primaryImageOfPage\":{\"@id\":\"https:\\\/\\\/www.integralpro.com.co\\\/index.php\\\/producto\\\/ups-cdp-monofasica-on-line-tipo-torre-upo11-1-ax\\\/#primaryimage\"},\"image\":{\"@id\":\"https:\\\/\\\/www.integralpro.com.co\\\/index.php\\\/producto\\\/ups-cdp-monofasica-on-line-tipo-torre-upo11-1-ax\\\/#primaryimage\"},\"thumbnailUrl\":\"https:\\\/\\\/www.integralpro.com.co\\\/wp-content\\\/uploads\\\/2021\\\/02\\\/78df9668e19f7c9dfaac09fd8f6c8069.jpg\",\"datePublished\":\"2021-02-19T19:52:06+00:00\",\"dateModified\":\"2021-02-19T19:52:44+00:00\",\"breadcrumb\":{\"@id\":\"https:\\\/\\\/www.integralpro.com.co\\\/index.php\\\/producto\\\/ups-cdp-monofasica-on-line-tipo-torre-upo11-1-ax\\\/#breadcrumb\"},\"inLanguage\":\"es\",\"potentialAction\":[{\"@type\":\"ReadAction\",\"target\":[\"https:\\\/\\\/www.integralpro.com.co\\\/index.php\\\/producto\\\/ups-cdp-monofasica-on-line-tipo-torre-upo11-1-ax\\\/\"]}]},{\"@type\":\"ImageObject\",\"inLanguage\":\"es\",\"@id\":\"https:\\\/\\\/www.integralpro.com.co\\\/index.php\\\/producto\\\/ups-cdp-monofasica-on-line-tipo-torre-upo11-1-ax\\\/#primaryimage\",\"url\":\"https:\\\/\\\/www.integralpro.com.co\\\/wp-content\\\/uploads\\\/2021\\\/02\\\/78df9668e19f7c9dfaac09fd8f6c8069.jpg\",\"contentUrl\":\"https:\\\/\\\/www.integralpro.com.co\\\/wp-content\\\/uploads\\\/2021\\\/02\\\/78df9668e19f7c9dfaac09fd8f6c8069.jpg\",\"width\":564,\"height\":665},{\"@type\":\"BreadcrumbList\",\"@id\":\"https:\\\/\\\/www.integralpro.com.co\\\/index.php\\\/producto\\\/ups-cdp-monofasica-on-line-tipo-torre-upo11-1-ax\\\/#breadcrumb\",\"itemListElement\":[{\"@type\":\"ListItem\",\"position\":1,\"name\":\"Portada\",\"item\":\"https:\\\/\\\/www.integralpro.com.co\\\/\"},{\"@type\":\"ListItem\",\"position\":2,\"name\":\"Tienda\",\"item\":\"https:\\\/\\\/www.integralpro.com.co\\\/index.php\\\/tienda\\\/\"},{\"@type\":\"ListItem\",\"position\":3,\"name\":\"Ups CDP Monofasica On Line Tipo Torre UPO11-1 AX\"}]},{\"@type\":\"WebSite\",\"@id\":\"https:\\\/\\\/www.integralpro.com.co\\\/#website\",\"url\":\"https:\\\/\\\/www.integralpro.com.co\\\/\",\"name\":\"IntegralPro\",\"description\":\"Tienda de Tecnolog\u00eda en L\u00ednea\",\"publisher\":{\"@id\":\"https:\\\/\\\/www.integralpro.com.co\\\/#organization\"},\"potentialAction\":[{\"@type\":\"SearchAction\",\"target\":{\"@type\":\"EntryPoint\",\"urlTemplate\":\"https:\\\/\\\/www.integralpro.com.co\\\/?s={search_term_string}\"},\"query-input\":{\"@type\":\"PropertyValueSpecification\",\"valueRequired\":true,\"valueName\":\"search_term_string\"}}],\"inLanguage\":\"es\"},{\"@type\":\"Organization\",\"@id\":\"https:\\\/\\\/www.integralpro.com.co\\\/#organization\",\"name\":\"IntegralPro SAS\",\"url\":\"https:\\\/\\\/www.integralpro.com.co\\\/\",\"logo\":{\"@type\":\"ImageObject\",\"inLanguage\":\"es\",\"@id\":\"https:\\\/\\\/www.integralpro.com.co\\\/#\\\/schema\\\/logo\\\/image\\\/\",\"url\":\"https:\\\/\\\/www.integralpro.com.co\\\/wp-content\\\/uploads\\\/2021\\\/02\\\/logo-def.jpg\",\"contentUrl\":\"https:\\\/\\\/www.integralpro.com.co\\\/wp-content\\\/uploads\\\/2021\\\/02\\\/logo-def.jpg\",\"width\":238,\"height\":234,\"caption\":\"IntegralPro SAS\"},\"image\":{\"@id\":\"https:\\\/\\\/www.integralpro.com.co\\\/#\\\/schema\\\/logo\\\/image\\\/\"}}]}<\/script>\n<!-- \/ Yoast SEO plugin. -->","yoast_head_json":{"title":"Ups CDP Monofasica On Line Tipo Torre UPO11-1 AX - IntegralPro","robots":{"index":"index","follow":"follow","max-snippet":"max-snippet:-1","max-image-preview":"max-image-preview:large","max-video-preview":"max-video-preview:-1"},"canonical":"https:\/\/www.integralpro.com.co\/index.php\/producto\/ups-cdp-monofasica-on-line-tipo-torre-upo11-1-ax\/","og_locale":"es_ES","og_type":"article","og_title":"Ups CDP Monofasica On Line Tipo Torre UPO11-1 AX - IntegralPro","og_description":"# DE PARTE:UPO11-1 AX","og_url":"https:\/\/www.integralpro.com.co\/index.php\/producto\/ups-cdp-monofasica-on-line-tipo-torre-upo11-1-ax\/","og_site_name":"IntegralPro","article_modified_time":"2021-02-19T19:52:44+00:00","og_image":[{"width":564,"height":665,"url":"https:\/\/www.integralpro.com.co\/wp-content\/uploads\/2021\/02\/78df9668e19f7c9dfaac09fd8f6c8069.jpg","type":"image\/jpeg"}],"twitter_card":"summary_large_image","twitter_misc":{"Tiempo de lectura":"1 minuto"},"schema":{"@context":"https:\/\/schema.org","@graph":[{"@type":"WebPage","@id":"https:\/\/www.integralpro.com.co\/index.php\/producto\/ups-cdp-monofasica-on-line-tipo-torre-upo11-1-ax\/","url":"https:\/\/www.integralpro.com.co\/index.php\/producto\/ups-cdp-monofasica-on-line-tipo-torre-upo11-1-ax\/","name":"Ups CDP Monofasica On Line Tipo Torre UPO11-1 AX - IntegralPro","isPartOf":{"@id":"https:\/\/www.integralpro.com.co\/#website"},"primaryImageOfPage":{"@id":"https:\/\/www.integralpro.com.co\/index.php\/producto\/ups-cdp-monofasica-on-line-tipo-torre-upo11-1-ax\/#primaryimage"},"image":{"@id":"https:\/\/www.integralpro.com.co\/index.php\/producto\/ups-cdp-monofasica-on-line-tipo-torre-upo11-1-ax\/#primaryimage"},"thumbnailUrl":"https:\/\/www.integralpro.com.co\/wp-content\/uploads\/2021\/02\/78df9668e19f7c9dfaac09fd8f6c8069.jpg","datePublished":"2021-02-19T19:52:06+00:00","dateModified":"2021-02-19T19:52:44+00:00","breadcrumb":{"@id":"https:\/\/www.integralpro.com.co\/index.php\/producto\/ups-cdp-monofasica-on-line-tipo-torre-upo11-1-ax\/#breadcrumb"},"inLanguage":"es","potentialAction":[{"@type":"ReadAction","target":["https:\/\/www.integralpro.com.co\/index.php\/producto\/ups-cdp-monofasica-on-line-tipo-torre-upo11-1-ax\/"]}]},{"@type":"ImageObject","inLanguage":"es","@id":"https:\/\/www.integralpro.com.co\/index.php\/producto\/ups-cdp-monofasica-on-line-tipo-torre-upo11-1-ax\/#primaryimage","url":"https:\/\/www.integralpro.com.co\/wp-content\/uploads\/2021\/02\/78df9668e19f7c9dfaac09fd8f6c8069.jpg","contentUrl":"https:\/\/www.integralpro.com.co\/wp-content\/uploads\/2021\/02\/78df9668e19f7c9dfaac09fd8f6c8069.jpg","width":564,"height":665},{"@type":"BreadcrumbList","@id":"https:\/\/www.integralpro.com.co\/index.php\/producto\/ups-cdp-monofasica-on-line-tipo-torre-upo11-1-ax\/#breadcrumb","itemListElement":[{"@type":"ListItem","position":1,"name":"Portada","item":"https:\/\/www.integralpro.com.co\/"},{"@type":"ListItem","position":2,"name":"Tienda","item":"https:\/\/www.integralpro.com.co\/index.php\/tienda\/"},{"@type":"ListItem","position":3,"name":"Ups CDP Monofasica On Line Tipo Torre UPO11-1 AX"}]},{"@type":"WebSite","@id":"https:\/\/www.integralpro.com.co\/#website","url":"https:\/\/www.integralpro.com.co\/","name":"IntegralPro","description":"Tienda de Tecnolog\u00eda en L\u00ednea","publisher":{"@id":"https:\/\/www.integralpro.com.co\/#organization"},"potentialAction":[{"@type":"SearchAction","target":{"@type":"EntryPoint","urlTemplate":"https:\/\/www.integralpro.com.co\/?s={search_term_string}"},"query-input":{"@type":"PropertyValueSpecification","valueRequired":true,"valueName":"search_term_string"}}],"inLanguage":"es"},{"@type":"Organization","@id":"https:\/\/www.integralpro.com.co\/#organization","name":"IntegralPro SAS","url":"https:\/\/www.integralpro.com.co\/","logo":{"@type":"ImageObject","inLanguage":"es","@id":"https:\/\/www.integralpro.com.co\/#\/schema\/logo\/image\/","url":"https:\/\/www.integralpro.com.co\/wp-content\/uploads\/2021\/02\/logo-def.jpg","contentUrl":"https:\/\/www.integralpro.com.co\/wp-content\/uploads\/2021\/02\/logo-def.jpg","width":238,"height":234,"caption":"IntegralPro SAS"},"image":{"@id":"https:\/\/www.integralpro.com.co\/#\/schema\/logo\/image\/"}}]}},"_links":{"self":[{"href":"https:\/\/www.integralpro.com.co\/index.php\/wp-json\/wp\/v2\/product\/2004","targetHints":{"allow":["GET"]}}],"collection":[{"href":"https:\/\/www.integralpro.com.co\/index.php\/wp-json\/wp\/v2\/product"}],"about":[{"href":"https:\/\/www.integralpro.com.co\/index.php\/wp-json\/wp\/v2\/types\/product"}],"version-history":[{"count":1,"href":"https:\/\/www.integralpro.com.co\/index.php\/wp-json\/wp\/v2\/product\/2004\/revisions"}],"predecessor-version":[{"id":2074,"href":"https:\/\/www.integralpro.com.co\/index.php\/wp-json\/wp\/v2\/product\/2004\/revisions\/2074"}],"wp:featuredmedia":[{"embeddable":true,"href":"https:\/\/www.integralpro.com.co\/index.php\/wp-json\/wp\/v2\/media\/2073"}],"wp:attachment":[{"href":"https:\/\/www.integralpro.com.co\/index.php\/wp-json\/wp\/v2\/media?parent=2004"}],"wp:term":[{"taxonomy":"product_brand","embeddable":true,"href":"https:\/\/www.integralpro.com.co\/index.php\/wp-json\/wp\/v2\/product_brand?post=2004"},{"taxonomy":"product_cat","embeddable":true,"href":"https:\/\/www.integralpro.com.co\/index.php\/wp-json\/wp\/v2\/product_cat?post=2004"},{"taxonomy":"product_tag","embeddable":true,"href":"https:\/\/www.integralpro.com.co\/index.php\/wp-json\/wp\/v2\/product_tag?post=2004"}],"curies":[{"name":"wp","href":"https:\/\/api.w.org\/{rel}","templated":true}]}}