{"id":1963,"date":"2021-02-19T14:51:44","date_gmt":"2021-02-19T19:51:44","guid":{"rendered":"https:\/\/www.integralpro.com.co\/index.php\/producto\/import-placeholder-for-1117\/"},"modified":"2021-02-19T14:52:24","modified_gmt":"2021-02-19T19:52:24","slug":"escaner-epson-ds-1630-sensor-optico","status":"publish","type":"product","link":"https:\/\/www.integralpro.com.co\/index.php\/producto\/escaner-epson-ds-1630-sensor-optico\/","title":{"rendered":"Escaner Epson DS-1630 Sensor Optico"},"content":{"rendered":"<p>Acelere el trabajo de d\u00eda a d\u00eda y aumente su productividad con el digitalizador de documentos DS-1630. La combinaci\u00f3n de una cama plana y ADF de 50 p\u00e1ginas hacen de este producto la soluci\u00f3n ideal para pr\u00e1cticamente cualquier situaci\u00f3n. Es posible escanear lotes de documentos de dimensiones de hasta 8.5\u201d x 14\u201d con el ADF, o bien hacerlo con identificaciones, pasaportes, libretas, art\u00edculos delicados y m\u00e1s, usando la cama plana.<\/p>\n<p><\/p>\n<h2 style=\"font-weight:bold; border-bottom: 2px solid #750000; color: #750000; padding-bottom: 5px; margin-bottom: 10px; padding-left: 15px; padding-right: 15px; padding-top: 8px;\" class=\"style6\">Grandes Caracter\u00edsticas&nbsp;<\/h2>\n<p><\/p>\n<p>Digitalizaci\u00f3n en lote<br \/>El ADF con capacidad de hasta 50 p\u00e1ginas, permite escanear a una velocidad de hasta 25 ppm*1.<br \/>Digitalizaci\u00f3n directa a servicios de administraci\u00f3n de datos*2<br \/>Puede escanear documentos directamente a servicios como Dropbox\u00ae, SharePoint\u00ae, Evernote\u00ae, FileBound, Google DriveTM y m\u00e1s.<br \/>Versatilidad en tipos de documentos<br \/>Puede escanear documentos de 8.5\u201d x 11.7\u201d pulgadas en cama plana, o hasta 8.5\u201d x 14\u201d utilizando el ADF.<br \/>F\u00e1cil ajuste de color e im\u00e1genes<br \/>Use herramientas como auto-recorte, correcci\u00f3n de inclinaci\u00f3n, p\u00e1ginas en blanco y eliminaci\u00f3n de fondo con la Tecnolog\u00eda de Procesamiento de Im\u00e1genes Epson.<\/p>\n<p><\/p>\n<h2 style=\"margin-top:20px; font-weight:bold; border-bottom: 2px solid #750000; color: #750000; padding-bottom: 5px; margin-bottom: 10px; padding-left: 15px; padding-right: 15px; padding-top: 8px;\" class=\"style6\">Especificaciones<\/h2>\n<p>Dimensiones: 45.1 x 31.8 x 12.1 cm<\/p>\n<p>Peso:3.9 kg<\/p>\n<p>Tipo de Esc\u00e1ner: Digitalizador de documentos a color con cama plana<\/p>\n<p>Resoluci\u00f3n \u00d3ptica: Cama Plana: 1200 dpi &#8211; ADF: 600 dp<\/p>\n<p>Resoluci\u00f3n de Hardware: Cama Plana: 1200 x 1200 dpi &#8211; ADF: 600 x 600 dpi<\/p>\n<p>Profundidad del Bit de Color: RGB x 30 bits interno \/ externo<\/p>\n<p>Profundidad del Bit Monocrom\u00e1tico: 8 bits interno \/ externo<\/p>\n<p>Sensor \u00d3ptico:(CIS) Contact Image<\/p>\n<p>Sensor<br \/>Fuente de Luz: LED RGB de 3 colores<\/p>\n<p>Velocidad de Escaneo: 25 ppm simplex, 10 ipm d\u00faplex (300 dpi, blanco-y-negro, escalas de grises, a color<\/p>\n<p>Capacidad: 50 p\u00e1ginas<\/p>\n<p>Tama\u00f1os de Documento: M\u00e1x. 21.6 x 29.7 cm d\u00faplex \/ simplex, 21.6 x 35.6 cm simplex, M\u00edn. 8.9 x 17 cm d\u00faplex, 8.9 x 12.7 cm simplex<br \/>Peso del Papel: 50 a 120 g\/m2<\/p>\n<p>Sistemas de Operaci\u00f3n: Windows\u00ae 10, Windows 8\/8.1, Windows 7, Mac OS\u00ae X 10.6.8 \u2212 10.11.x Es necesaria una conexi\u00f3n a internet para la descarga e instalaci\u00f3n del software<\/p>\n<p>Temperatura: 10\u00b0 a 35\u00b0 C (50\u00b0 a 95\u00b0 F)<\/p>\n<p>Humedad: 20 &#8211; 80% (sin condensaci\u00f3n)<\/p>\n<h2 style=\"margin-top:20px; border-bottom: 2px solid #750000; padding-bottom: 5px; margin-bottom: 10px; padding-left: 15px; padding-right: 15px; padding-top: 8px;\" class=\"style7\">Contenido Del Paquete<\/h2>\n<p>Esc\u00e1ner &#8211;&nbsp;<br \/>Cable de Alimentaci\u00f3n<br \/>&#8211; Cable USB &#8211; Documentaci\u00f3n.<\/p>\n","protected":false},"excerpt":{"rendered":"<p># DE PARTE:B11B239201<\/p>\n","protected":false},"featured_media":2033,"template":"","meta":{"site-sidebar-layout":"default","site-content-layout":"","ast-site-content-layout":"default","site-content-style":"default","site-sidebar-style":"default","ast-global-header-display":"","ast-banner-title-visibility":"","ast-main-header-display":"","ast-hfb-above-header-display":"","ast-hfb-below-header-display":"","ast-hfb-mobile-header-display":"","site-post-title":"","ast-breadcrumbs-content":"","ast-featured-img":"","footer-sml-layout":"","ast-disable-related-posts":"","theme-transparent-header-meta":"","adv-header-id-meta":"","stick-header-meta":"","header-above-stick-meta":"","header-main-stick-meta":"","header-below-stick-meta":"","astra-migrate-meta-layouts":"default","ast-page-background-enabled":"default","ast-page-background-meta":{"desktop":{"background-color":"var(--ast-global-color-4)","background-image":"","background-repeat":"repeat","background-position":"center center","background-size":"auto","background-attachment":"scroll","background-type":"","background-media":"","overlay-type":"","overlay-color":"","overlay-opacity":"","overlay-gradient":""},"tablet":{"background-color":"","background-image":"","background-repeat":"repeat","background-position":"center center","background-size":"auto","background-attachment":"scroll","background-type":"","background-media":"","overlay-type":"","overlay-color":"","overlay-opacity":"","overlay-gradient":""},"mobile":{"background-color":"","background-image":"","background-repeat":"repeat","background-position":"center center","background-size":"auto","background-attachment":"scroll","background-type":"","background-media":"","overlay-type":"","overlay-color":"","overlay-opacity":"","overlay-gradient":""}},"ast-content-background-meta":{"desktop":{"background-color":"var(--ast-global-color-5)","background-image":"","background-repeat":"repeat","background-position":"center center","background-size":"auto","background-attachment":"scroll","background-type":"","background-media":"","overlay-type":"","overlay-color":"","overlay-opacity":"","overlay-gradient":""},"tablet":{"background-color":"var(--ast-global-color-5)","background-image":"","background-repeat":"repeat","background-position":"center center","background-size":"auto","background-attachment":"scroll","background-type":"","background-media":"","overlay-type":"","overlay-color":"","overlay-opacity":"","overlay-gradient":""},"mobile":{"background-color":"var(--ast-global-color-5)","background-image":"","background-repeat":"repeat","background-position":"center center","background-size":"auto","background-attachment":"scroll","background-type":"","background-media":"","overlay-type":"","overlay-color":"","overlay-opacity":"","overlay-gradient":""}}},"product_brand":[],"product_cat":[56,125],"product_tag":[40],"class_list":{"0":"post-1963","1":"product","2":"type-product","3":"status-publish","4":"has-post-thumbnail","6":"product_cat-escaneres","7":"product_cat-escaneres-de-escritorio","8":"product_tag-epson","9":"desktop-align-left","10":"tablet-align-left","11":"mobile-align-left","13":"first","14":"instock","15":"taxable","16":"shipping-taxable","17":"product-type-simple"},"yoast_head":"<!-- This site is optimized with the Yoast SEO plugin v27.5 - https:\/\/yoast.com\/product\/yoast-seo-wordpress\/ -->\n<title>Escaner Epson DS-1630 Sensor Optico - IntegralPro<\/title>\n<meta name=\"robots\" content=\"index, follow, max-snippet:-1, max-image-preview:large, max-video-preview:-1\" \/>\n<link rel=\"canonical\" href=\"https:\/\/www.integralpro.com.co\/index.php\/producto\/escaner-epson-ds-1630-sensor-optico\/\" \/>\n<meta property=\"og:locale\" content=\"es_ES\" \/>\n<meta property=\"og:type\" content=\"article\" \/>\n<meta property=\"og:title\" content=\"Escaner Epson DS-1630 Sensor Optico - IntegralPro\" \/>\n<meta property=\"og:description\" content=\"# DE PARTE:B11B239201\" \/>\n<meta property=\"og:url\" content=\"https:\/\/www.integralpro.com.co\/index.php\/producto\/escaner-epson-ds-1630-sensor-optico\/\" \/>\n<meta property=\"og:site_name\" content=\"IntegralPro\" \/>\n<meta property=\"article:modified_time\" content=\"2021-02-19T19:52:24+00:00\" \/>\n<meta property=\"og:image\" content=\"https:\/\/www.integralpro.com.co\/wp-content\/uploads\/2021\/02\/13120d80eda921eeacd4c8b57a5d9915.jpg\" \/>\n\t<meta property=\"og:image:width\" content=\"850\" \/>\n\t<meta property=\"og:image:height\" content=\"850\" \/>\n\t<meta property=\"og:image:type\" content=\"image\/jpeg\" \/>\n<meta name=\"twitter:card\" content=\"summary_large_image\" \/>\n<meta name=\"twitter:label1\" content=\"Tiempo de lectura\" \/>\n\t<meta name=\"twitter:data1\" content=\"2 minutos\" \/>\n<script type=\"application\/ld+json\" class=\"yoast-schema-graph\">{\"@context\":\"https:\\\/\\\/schema.org\",\"@graph\":[{\"@type\":\"WebPage\",\"@id\":\"https:\\\/\\\/www.integralpro.com.co\\\/index.php\\\/producto\\\/escaner-epson-ds-1630-sensor-optico\\\/\",\"url\":\"https:\\\/\\\/www.integralpro.com.co\\\/index.php\\\/producto\\\/escaner-epson-ds-1630-sensor-optico\\\/\",\"name\":\"Escaner Epson DS-1630 Sensor Optico - IntegralPro\",\"isPartOf\":{\"@id\":\"https:\\\/\\\/www.integralpro.com.co\\\/#website\"},\"primaryImageOfPage\":{\"@id\":\"https:\\\/\\\/www.integralpro.com.co\\\/index.php\\\/producto\\\/escaner-epson-ds-1630-sensor-optico\\\/#primaryimage\"},\"image\":{\"@id\":\"https:\\\/\\\/www.integralpro.com.co\\\/index.php\\\/producto\\\/escaner-epson-ds-1630-sensor-optico\\\/#primaryimage\"},\"thumbnailUrl\":\"https:\\\/\\\/www.integralpro.com.co\\\/wp-content\\\/uploads\\\/2021\\\/02\\\/13120d80eda921eeacd4c8b57a5d9915.jpg\",\"datePublished\":\"2021-02-19T19:51:44+00:00\",\"dateModified\":\"2021-02-19T19:52:24+00:00\",\"breadcrumb\":{\"@id\":\"https:\\\/\\\/www.integralpro.com.co\\\/index.php\\\/producto\\\/escaner-epson-ds-1630-sensor-optico\\\/#breadcrumb\"},\"inLanguage\":\"es\",\"potentialAction\":[{\"@type\":\"ReadAction\",\"target\":[\"https:\\\/\\\/www.integralpro.com.co\\\/index.php\\\/producto\\\/escaner-epson-ds-1630-sensor-optico\\\/\"]}]},{\"@type\":\"ImageObject\",\"inLanguage\":\"es\",\"@id\":\"https:\\\/\\\/www.integralpro.com.co\\\/index.php\\\/producto\\\/escaner-epson-ds-1630-sensor-optico\\\/#primaryimage\",\"url\":\"https:\\\/\\\/www.integralpro.com.co\\\/wp-content\\\/uploads\\\/2021\\\/02\\\/13120d80eda921eeacd4c8b57a5d9915.jpg\",\"contentUrl\":\"https:\\\/\\\/www.integralpro.com.co\\\/wp-content\\\/uploads\\\/2021\\\/02\\\/13120d80eda921eeacd4c8b57a5d9915.jpg\",\"width\":850,\"height\":850},{\"@type\":\"BreadcrumbList\",\"@id\":\"https:\\\/\\\/www.integralpro.com.co\\\/index.php\\\/producto\\\/escaner-epson-ds-1630-sensor-optico\\\/#breadcrumb\",\"itemListElement\":[{\"@type\":\"ListItem\",\"position\":1,\"name\":\"Portada\",\"item\":\"https:\\\/\\\/www.integralpro.com.co\\\/\"},{\"@type\":\"ListItem\",\"position\":2,\"name\":\"Tienda\",\"item\":\"https:\\\/\\\/www.integralpro.com.co\\\/index.php\\\/tienda\\\/\"},{\"@type\":\"ListItem\",\"position\":3,\"name\":\"Escaner Epson DS-1630 Sensor Optico\"}]},{\"@type\":\"WebSite\",\"@id\":\"https:\\\/\\\/www.integralpro.com.co\\\/#website\",\"url\":\"https:\\\/\\\/www.integralpro.com.co\\\/\",\"name\":\"IntegralPro\",\"description\":\"Tienda de Tecnolog\u00eda en L\u00ednea\",\"publisher\":{\"@id\":\"https:\\\/\\\/www.integralpro.com.co\\\/#organization\"},\"potentialAction\":[{\"@type\":\"SearchAction\",\"target\":{\"@type\":\"EntryPoint\",\"urlTemplate\":\"https:\\\/\\\/www.integralpro.com.co\\\/?s={search_term_string}\"},\"query-input\":{\"@type\":\"PropertyValueSpecification\",\"valueRequired\":true,\"valueName\":\"search_term_string\"}}],\"inLanguage\":\"es\"},{\"@type\":\"Organization\",\"@id\":\"https:\\\/\\\/www.integralpro.com.co\\\/#organization\",\"name\":\"IntegralPro SAS\",\"url\":\"https:\\\/\\\/www.integralpro.com.co\\\/\",\"logo\":{\"@type\":\"ImageObject\",\"inLanguage\":\"es\",\"@id\":\"https:\\\/\\\/www.integralpro.com.co\\\/#\\\/schema\\\/logo\\\/image\\\/\",\"url\":\"https:\\\/\\\/www.integralpro.com.co\\\/wp-content\\\/uploads\\\/2021\\\/02\\\/logo-def.jpg\",\"contentUrl\":\"https:\\\/\\\/www.integralpro.com.co\\\/wp-content\\\/uploads\\\/2021\\\/02\\\/logo-def.jpg\",\"width\":238,\"height\":234,\"caption\":\"IntegralPro SAS\"},\"image\":{\"@id\":\"https:\\\/\\\/www.integralpro.com.co\\\/#\\\/schema\\\/logo\\\/image\\\/\"}}]}<\/script>\n<!-- \/ Yoast SEO plugin. -->","yoast_head_json":{"title":"Escaner Epson DS-1630 Sensor Optico - IntegralPro","robots":{"index":"index","follow":"follow","max-snippet":"max-snippet:-1","max-image-preview":"max-image-preview:large","max-video-preview":"max-video-preview:-1"},"canonical":"https:\/\/www.integralpro.com.co\/index.php\/producto\/escaner-epson-ds-1630-sensor-optico\/","og_locale":"es_ES","og_type":"article","og_title":"Escaner Epson DS-1630 Sensor Optico - IntegralPro","og_description":"# DE PARTE:B11B239201","og_url":"https:\/\/www.integralpro.com.co\/index.php\/producto\/escaner-epson-ds-1630-sensor-optico\/","og_site_name":"IntegralPro","article_modified_time":"2021-02-19T19:52:24+00:00","og_image":[{"width":850,"height":850,"url":"https:\/\/www.integralpro.com.co\/wp-content\/uploads\/2021\/02\/13120d80eda921eeacd4c8b57a5d9915.jpg","type":"image\/jpeg"}],"twitter_card":"summary_large_image","twitter_misc":{"Tiempo de lectura":"2 minutos"},"schema":{"@context":"https:\/\/schema.org","@graph":[{"@type":"WebPage","@id":"https:\/\/www.integralpro.com.co\/index.php\/producto\/escaner-epson-ds-1630-sensor-optico\/","url":"https:\/\/www.integralpro.com.co\/index.php\/producto\/escaner-epson-ds-1630-sensor-optico\/","name":"Escaner Epson DS-1630 Sensor Optico - IntegralPro","isPartOf":{"@id":"https:\/\/www.integralpro.com.co\/#website"},"primaryImageOfPage":{"@id":"https:\/\/www.integralpro.com.co\/index.php\/producto\/escaner-epson-ds-1630-sensor-optico\/#primaryimage"},"image":{"@id":"https:\/\/www.integralpro.com.co\/index.php\/producto\/escaner-epson-ds-1630-sensor-optico\/#primaryimage"},"thumbnailUrl":"https:\/\/www.integralpro.com.co\/wp-content\/uploads\/2021\/02\/13120d80eda921eeacd4c8b57a5d9915.jpg","datePublished":"2021-02-19T19:51:44+00:00","dateModified":"2021-02-19T19:52:24+00:00","breadcrumb":{"@id":"https:\/\/www.integralpro.com.co\/index.php\/producto\/escaner-epson-ds-1630-sensor-optico\/#breadcrumb"},"inLanguage":"es","potentialAction":[{"@type":"ReadAction","target":["https:\/\/www.integralpro.com.co\/index.php\/producto\/escaner-epson-ds-1630-sensor-optico\/"]}]},{"@type":"ImageObject","inLanguage":"es","@id":"https:\/\/www.integralpro.com.co\/index.php\/producto\/escaner-epson-ds-1630-sensor-optico\/#primaryimage","url":"https:\/\/www.integralpro.com.co\/wp-content\/uploads\/2021\/02\/13120d80eda921eeacd4c8b57a5d9915.jpg","contentUrl":"https:\/\/www.integralpro.com.co\/wp-content\/uploads\/2021\/02\/13120d80eda921eeacd4c8b57a5d9915.jpg","width":850,"height":850},{"@type":"BreadcrumbList","@id":"https:\/\/www.integralpro.com.co\/index.php\/producto\/escaner-epson-ds-1630-sensor-optico\/#breadcrumb","itemListElement":[{"@type":"ListItem","position":1,"name":"Portada","item":"https:\/\/www.integralpro.com.co\/"},{"@type":"ListItem","position":2,"name":"Tienda","item":"https:\/\/www.integralpro.com.co\/index.php\/tienda\/"},{"@type":"ListItem","position":3,"name":"Escaner Epson DS-1630 Sensor Optico"}]},{"@type":"WebSite","@id":"https:\/\/www.integralpro.com.co\/#website","url":"https:\/\/www.integralpro.com.co\/","name":"IntegralPro","description":"Tienda de Tecnolog\u00eda en L\u00ednea","publisher":{"@id":"https:\/\/www.integralpro.com.co\/#organization"},"potentialAction":[{"@type":"SearchAction","target":{"@type":"EntryPoint","urlTemplate":"https:\/\/www.integralpro.com.co\/?s={search_term_string}"},"query-input":{"@type":"PropertyValueSpecification","valueRequired":true,"valueName":"search_term_string"}}],"inLanguage":"es"},{"@type":"Organization","@id":"https:\/\/www.integralpro.com.co\/#organization","name":"IntegralPro SAS","url":"https:\/\/www.integralpro.com.co\/","logo":{"@type":"ImageObject","inLanguage":"es","@id":"https:\/\/www.integralpro.com.co\/#\/schema\/logo\/image\/","url":"https:\/\/www.integralpro.com.co\/wp-content\/uploads\/2021\/02\/logo-def.jpg","contentUrl":"https:\/\/www.integralpro.com.co\/wp-content\/uploads\/2021\/02\/logo-def.jpg","width":238,"height":234,"caption":"IntegralPro SAS"},"image":{"@id":"https:\/\/www.integralpro.com.co\/#\/schema\/logo\/image\/"}}]}},"_links":{"self":[{"href":"https:\/\/www.integralpro.com.co\/index.php\/wp-json\/wp\/v2\/product\/1963","targetHints":{"allow":["GET"]}}],"collection":[{"href":"https:\/\/www.integralpro.com.co\/index.php\/wp-json\/wp\/v2\/product"}],"about":[{"href":"https:\/\/www.integralpro.com.co\/index.php\/wp-json\/wp\/v2\/types\/product"}],"version-history":[{"count":1,"href":"https:\/\/www.integralpro.com.co\/index.php\/wp-json\/wp\/v2\/product\/1963\/revisions"}],"predecessor-version":[{"id":2034,"href":"https:\/\/www.integralpro.com.co\/index.php\/wp-json\/wp\/v2\/product\/1963\/revisions\/2034"}],"wp:featuredmedia":[{"embeddable":true,"href":"https:\/\/www.integralpro.com.co\/index.php\/wp-json\/wp\/v2\/media\/2033"}],"wp:attachment":[{"href":"https:\/\/www.integralpro.com.co\/index.php\/wp-json\/wp\/v2\/media?parent=1963"}],"wp:term":[{"taxonomy":"product_brand","embeddable":true,"href":"https:\/\/www.integralpro.com.co\/index.php\/wp-json\/wp\/v2\/product_brand?post=1963"},{"taxonomy":"product_cat","embeddable":true,"href":"https:\/\/www.integralpro.com.co\/index.php\/wp-json\/wp\/v2\/product_cat?post=1963"},{"taxonomy":"product_tag","embeddable":true,"href":"https:\/\/www.integralpro.com.co\/index.php\/wp-json\/wp\/v2\/product_tag?post=1963"}],"curies":[{"name":"wp","href":"https:\/\/api.w.org\/{rel}","templated":true}]}}