{"id":1917,"date":"2021-02-19T14:51:21","date_gmt":"2021-02-19T19:51:21","guid":{"rendered":"https:\/\/www.integralpro.com.co\/index.php\/producto\/import-placeholder-for-1097\/"},"modified":"2021-02-19T14:51:55","modified_gmt":"2021-02-19T19:51:55","slug":"mouse-logitech-m90-alambrico-usb-para-mac-pc-negro","status":"publish","type":"product","link":"https:\/\/www.integralpro.com.co\/index.php\/producto\/mouse-logitech-m90-alambrico-usb-para-mac-pc-negro\/","title":{"rendered":"Mouse Logitech M90 Al\u00e1mbrico USB Para Mac\/PC &#8211; Negro"},"content":{"rendered":"<table border=\"0\" cellpadding=\"1\" cellspacing=\"1\" style=\"color:rgb(102, 102, 102); font-size:14px; line-height:21.84px; max-width:100%; text-align:left; widows:1; width:700px\">\n<tbody>\n<tr>\n<td>\n<p style=\"text-align: justify;\">A veces con un simple \u201capunte y click\u201d, lo lograr\u00e1 El mouse Logitech\u00ae M90 te proporciona lo indispensable para un control c\u00f3modo y confiable computadora. Fue creado por Logitech\u00ae\u2014el experto en mouse\u2014y posee la cualidad que hemos desarrollado en m\u00e1s de un bill\u00f3n de mouse. Posee cable, as\u00ed solo tendr\u00e1s que conectar el cable en le puerto USB y usarlo de inmediato. Y tres a\u00f1os de garant\u00eda limitada en hardware que significa que funcionar\u00e1 tal como lo esperabas<\/p>\n<p><strong>Creado por Logitech\u00ae<\/strong><\/p>\n<p style=\"text-align: justify;\">Los expertos en mouse El mouse que hoy tienes, posee todo el cuidado con el que hemos construido m\u00e1s de un bill\u00f3n de ellos, m\u00e1s que cualquier otro fabricante. Por m\u00e1s de 25 a\u00f1os, gente alrededor del mundo Ha apreciado su dise\u00f1o, calidad, Y nuestro foco en Innovaci\u00f3n Eso es lo que hemos puesto en cada uno de nuestros Mouse Logitech Tama\u00f1o completo, forma ambidiestra Dise\u00f1ado para tener a las dos manos contentas. As\u00edte sentir\u00e1s c\u00f3modo, a\u00fan despu\u00e9s de horas de uso.<\/p>\n<p style=\"text-align: justify;\"><strong>Simple de instalar y de usar <\/strong><\/p>\n<p>Instalarlo es f\u00e1cil y r\u00e1pido. No necesita Software. Y al tener cable, solo necesitas conectarlo en el puerto USB y usarlo de inmediato.<\/p>\n<p><strong> Rastreo \u00d3ptico de Alta definici\u00f3n (1000 dpi)<\/strong><\/p>\n<p>Habilita un control total de tu cursor para un rastreo preciso y f\u00e1cil selecci\u00f3n de textos.<\/p>\n<p><strong>ESPECIFICACIONES T\u00c9CNICAS<\/strong><\/p>\n<ul>\n<li>Dimensiones : 15 x 11.5 x 2.4 cm<\/li>\n<li>Peso : 0.30 Kg<\/li>\n<li>Tecnolog\u00eda : \u00f3ptico<\/li>\n<li>Resoluci\u00f3n de movimiento : 1000 DPI<\/li>\n<li>Cantidad de botones : 2<\/li>\n<li>Interfaz del dispositivo : USB<\/li>\n<li>Tipo de desplazamiento : Rueda<\/li>\n<li>Factor de forma : Ambidiestro<\/li>\n<li>Tipo de botones : Pressed buttons<\/li>\n<li>Fuente de energ\u00eda : Cable<\/li>\n<li>Conectar y usar (Plug and Play) : S\u00ed<\/li>\n<li>Sistema operativo soportado : Windows &#8211; MAC &#8211; Linux<\/li>\n<li>Color : Negro<\/li>\n<li>Contenido del paquete : Mouse &#8211; Documentaci\u00f3n<\/li>\n<\/ul>\n<\/td>\n<\/tr>\n<\/tbody>\n<\/table>\n","protected":false},"excerpt":{"rendered":"<p># DE PARTE:910-004053<\/p>\n","protected":false},"featured_media":1979,"template":"","meta":{"site-sidebar-layout":"default","site-content-layout":"","ast-site-content-layout":"default","site-content-style":"default","site-sidebar-style":"default","ast-global-header-display":"","ast-banner-title-visibility":"","ast-main-header-display":"","ast-hfb-above-header-display":"","ast-hfb-below-header-display":"","ast-hfb-mobile-header-display":"","site-post-title":"","ast-breadcrumbs-content":"","ast-featured-img":"","footer-sml-layout":"","ast-disable-related-posts":"","theme-transparent-header-meta":"","adv-header-id-meta":"","stick-header-meta":"","header-above-stick-meta":"","header-main-stick-meta":"","header-below-stick-meta":"","astra-migrate-meta-layouts":"default","ast-page-background-enabled":"default","ast-page-background-meta":{"desktop":{"background-color":"var(--ast-global-color-4)","background-image":"","background-repeat":"repeat","background-position":"center center","background-size":"auto","background-attachment":"scroll","background-type":"","background-media":"","overlay-type":"","overlay-color":"","overlay-opacity":"","overlay-gradient":""},"tablet":{"background-color":"","background-image":"","background-repeat":"repeat","background-position":"center center","background-size":"auto","background-attachment":"scroll","background-type":"","background-media":"","overlay-type":"","overlay-color":"","overlay-opacity":"","overlay-gradient":""},"mobile":{"background-color":"","background-image":"","background-repeat":"repeat","background-position":"center center","background-size":"auto","background-attachment":"scroll","background-type":"","background-media":"","overlay-type":"","overlay-color":"","overlay-opacity":"","overlay-gradient":""}},"ast-content-background-meta":{"desktop":{"background-color":"var(--ast-global-color-5)","background-image":"","background-repeat":"repeat","background-position":"center center","background-size":"auto","background-attachment":"scroll","background-type":"","background-media":"","overlay-type":"","overlay-color":"","overlay-opacity":"","overlay-gradient":""},"tablet":{"background-color":"var(--ast-global-color-5)","background-image":"","background-repeat":"repeat","background-position":"center center","background-size":"auto","background-attachment":"scroll","background-type":"","background-media":"","overlay-type":"","overlay-color":"","overlay-opacity":"","overlay-gradient":""},"mobile":{"background-color":"var(--ast-global-color-5)","background-image":"","background-repeat":"repeat","background-position":"center center","background-size":"auto","background-attachment":"scroll","background-type":"","background-media":"","overlay-type":"","overlay-color":"","overlay-opacity":"","overlay-gradient":""}}},"product_brand":[],"product_cat":[49,79],"product_tag":[46],"class_list":{"0":"post-1917","1":"product","2":"type-product","3":"status-publish","4":"has-post-thumbnail","6":"product_cat-accesorios","7":"product_cat-mouse","8":"product_tag-logitech","9":"desktop-align-left","10":"tablet-align-left","11":"mobile-align-left","13":"first","14":"instock","15":"taxable","16":"shipping-taxable","17":"product-type-simple"},"yoast_head":"<!-- This site is optimized with the Yoast SEO plugin v27.4 - https:\/\/yoast.com\/product\/yoast-seo-wordpress\/ -->\n<title>Mouse Logitech M90 Al\u00e1mbrico USB Para Mac\/PC - Negro - IntegralPro<\/title>\n<meta name=\"robots\" content=\"index, follow, max-snippet:-1, max-image-preview:large, max-video-preview:-1\" \/>\n<link rel=\"canonical\" href=\"https:\/\/www.integralpro.com.co\/index.php\/producto\/mouse-logitech-m90-alambrico-usb-para-mac-pc-negro\/\" \/>\n<meta property=\"og:locale\" content=\"es_ES\" \/>\n<meta property=\"og:type\" content=\"article\" \/>\n<meta property=\"og:title\" content=\"Mouse Logitech M90 Al\u00e1mbrico USB Para Mac\/PC - Negro - IntegralPro\" \/>\n<meta property=\"og:description\" content=\"# DE PARTE:910-004053\" \/>\n<meta property=\"og:url\" content=\"https:\/\/www.integralpro.com.co\/index.php\/producto\/mouse-logitech-m90-alambrico-usb-para-mac-pc-negro\/\" \/>\n<meta property=\"og:site_name\" content=\"IntegralPro\" \/>\n<meta property=\"article:modified_time\" content=\"2021-02-19T19:51:55+00:00\" \/>\n<meta property=\"og:image\" content=\"https:\/\/www.integralpro.com.co\/wp-content\/uploads\/2021\/02\/17857ebbd86c6db618b57dcfa31e71af.jpg\" \/>\n\t<meta property=\"og:image:width\" content=\"850\" \/>\n\t<meta property=\"og:image:height\" content=\"850\" \/>\n\t<meta property=\"og:image:type\" content=\"image\/jpeg\" \/>\n<meta name=\"twitter:card\" content=\"summary_large_image\" \/>\n<meta name=\"twitter:label1\" content=\"Tiempo de lectura\" \/>\n\t<meta name=\"twitter:data1\" content=\"1 minuto\" \/>\n<script type=\"application\/ld+json\" class=\"yoast-schema-graph\">{\"@context\":\"https:\\\/\\\/schema.org\",\"@graph\":[{\"@type\":\"WebPage\",\"@id\":\"https:\\\/\\\/www.integralpro.com.co\\\/index.php\\\/producto\\\/mouse-logitech-m90-alambrico-usb-para-mac-pc-negro\\\/\",\"url\":\"https:\\\/\\\/www.integralpro.com.co\\\/index.php\\\/producto\\\/mouse-logitech-m90-alambrico-usb-para-mac-pc-negro\\\/\",\"name\":\"Mouse Logitech M90 Al\u00e1mbrico USB Para Mac\\\/PC - Negro - IntegralPro\",\"isPartOf\":{\"@id\":\"https:\\\/\\\/www.integralpro.com.co\\\/#website\"},\"primaryImageOfPage\":{\"@id\":\"https:\\\/\\\/www.integralpro.com.co\\\/index.php\\\/producto\\\/mouse-logitech-m90-alambrico-usb-para-mac-pc-negro\\\/#primaryimage\"},\"image\":{\"@id\":\"https:\\\/\\\/www.integralpro.com.co\\\/index.php\\\/producto\\\/mouse-logitech-m90-alambrico-usb-para-mac-pc-negro\\\/#primaryimage\"},\"thumbnailUrl\":\"https:\\\/\\\/www.integralpro.com.co\\\/wp-content\\\/uploads\\\/2021\\\/02\\\/17857ebbd86c6db618b57dcfa31e71af.jpg\",\"datePublished\":\"2021-02-19T19:51:21+00:00\",\"dateModified\":\"2021-02-19T19:51:55+00:00\",\"breadcrumb\":{\"@id\":\"https:\\\/\\\/www.integralpro.com.co\\\/index.php\\\/producto\\\/mouse-logitech-m90-alambrico-usb-para-mac-pc-negro\\\/#breadcrumb\"},\"inLanguage\":\"es\",\"potentialAction\":[{\"@type\":\"ReadAction\",\"target\":[\"https:\\\/\\\/www.integralpro.com.co\\\/index.php\\\/producto\\\/mouse-logitech-m90-alambrico-usb-para-mac-pc-negro\\\/\"]}]},{\"@type\":\"ImageObject\",\"inLanguage\":\"es\",\"@id\":\"https:\\\/\\\/www.integralpro.com.co\\\/index.php\\\/producto\\\/mouse-logitech-m90-alambrico-usb-para-mac-pc-negro\\\/#primaryimage\",\"url\":\"https:\\\/\\\/www.integralpro.com.co\\\/wp-content\\\/uploads\\\/2021\\\/02\\\/17857ebbd86c6db618b57dcfa31e71af.jpg\",\"contentUrl\":\"https:\\\/\\\/www.integralpro.com.co\\\/wp-content\\\/uploads\\\/2021\\\/02\\\/17857ebbd86c6db618b57dcfa31e71af.jpg\",\"width\":850,\"height\":850},{\"@type\":\"BreadcrumbList\",\"@id\":\"https:\\\/\\\/www.integralpro.com.co\\\/index.php\\\/producto\\\/mouse-logitech-m90-alambrico-usb-para-mac-pc-negro\\\/#breadcrumb\",\"itemListElement\":[{\"@type\":\"ListItem\",\"position\":1,\"name\":\"Portada\",\"item\":\"https:\\\/\\\/www.integralpro.com.co\\\/\"},{\"@type\":\"ListItem\",\"position\":2,\"name\":\"Tienda\",\"item\":\"https:\\\/\\\/www.integralpro.com.co\\\/index.php\\\/tienda\\\/\"},{\"@type\":\"ListItem\",\"position\":3,\"name\":\"Mouse Logitech M90 Al\u00e1mbrico USB Para Mac\\\/PC &#8211; Negro\"}]},{\"@type\":\"WebSite\",\"@id\":\"https:\\\/\\\/www.integralpro.com.co\\\/#website\",\"url\":\"https:\\\/\\\/www.integralpro.com.co\\\/\",\"name\":\"IntegralPro\",\"description\":\"Tienda de Tecnolog\u00eda en L\u00ednea\",\"publisher\":{\"@id\":\"https:\\\/\\\/www.integralpro.com.co\\\/#organization\"},\"potentialAction\":[{\"@type\":\"SearchAction\",\"target\":{\"@type\":\"EntryPoint\",\"urlTemplate\":\"https:\\\/\\\/www.integralpro.com.co\\\/?s={search_term_string}\"},\"query-input\":{\"@type\":\"PropertyValueSpecification\",\"valueRequired\":true,\"valueName\":\"search_term_string\"}}],\"inLanguage\":\"es\"},{\"@type\":\"Organization\",\"@id\":\"https:\\\/\\\/www.integralpro.com.co\\\/#organization\",\"name\":\"IntegralPro SAS\",\"url\":\"https:\\\/\\\/www.integralpro.com.co\\\/\",\"logo\":{\"@type\":\"ImageObject\",\"inLanguage\":\"es\",\"@id\":\"https:\\\/\\\/www.integralpro.com.co\\\/#\\\/schema\\\/logo\\\/image\\\/\",\"url\":\"https:\\\/\\\/www.integralpro.com.co\\\/wp-content\\\/uploads\\\/2021\\\/02\\\/logo-def.jpg\",\"contentUrl\":\"https:\\\/\\\/www.integralpro.com.co\\\/wp-content\\\/uploads\\\/2021\\\/02\\\/logo-def.jpg\",\"width\":238,\"height\":234,\"caption\":\"IntegralPro SAS\"},\"image\":{\"@id\":\"https:\\\/\\\/www.integralpro.com.co\\\/#\\\/schema\\\/logo\\\/image\\\/\"}}]}<\/script>\n<!-- \/ Yoast SEO plugin. -->","yoast_head_json":{"title":"Mouse Logitech M90 Al\u00e1mbrico USB Para Mac\/PC - Negro - IntegralPro","robots":{"index":"index","follow":"follow","max-snippet":"max-snippet:-1","max-image-preview":"max-image-preview:large","max-video-preview":"max-video-preview:-1"},"canonical":"https:\/\/www.integralpro.com.co\/index.php\/producto\/mouse-logitech-m90-alambrico-usb-para-mac-pc-negro\/","og_locale":"es_ES","og_type":"article","og_title":"Mouse Logitech M90 Al\u00e1mbrico USB Para Mac\/PC - Negro - IntegralPro","og_description":"# DE PARTE:910-004053","og_url":"https:\/\/www.integralpro.com.co\/index.php\/producto\/mouse-logitech-m90-alambrico-usb-para-mac-pc-negro\/","og_site_name":"IntegralPro","article_modified_time":"2021-02-19T19:51:55+00:00","og_image":[{"width":850,"height":850,"url":"https:\/\/www.integralpro.com.co\/wp-content\/uploads\/2021\/02\/17857ebbd86c6db618b57dcfa31e71af.jpg","type":"image\/jpeg"}],"twitter_card":"summary_large_image","twitter_misc":{"Tiempo de lectura":"1 minuto"},"schema":{"@context":"https:\/\/schema.org","@graph":[{"@type":"WebPage","@id":"https:\/\/www.integralpro.com.co\/index.php\/producto\/mouse-logitech-m90-alambrico-usb-para-mac-pc-negro\/","url":"https:\/\/www.integralpro.com.co\/index.php\/producto\/mouse-logitech-m90-alambrico-usb-para-mac-pc-negro\/","name":"Mouse Logitech M90 Al\u00e1mbrico USB Para Mac\/PC - Negro - IntegralPro","isPartOf":{"@id":"https:\/\/www.integralpro.com.co\/#website"},"primaryImageOfPage":{"@id":"https:\/\/www.integralpro.com.co\/index.php\/producto\/mouse-logitech-m90-alambrico-usb-para-mac-pc-negro\/#primaryimage"},"image":{"@id":"https:\/\/www.integralpro.com.co\/index.php\/producto\/mouse-logitech-m90-alambrico-usb-para-mac-pc-negro\/#primaryimage"},"thumbnailUrl":"https:\/\/www.integralpro.com.co\/wp-content\/uploads\/2021\/02\/17857ebbd86c6db618b57dcfa31e71af.jpg","datePublished":"2021-02-19T19:51:21+00:00","dateModified":"2021-02-19T19:51:55+00:00","breadcrumb":{"@id":"https:\/\/www.integralpro.com.co\/index.php\/producto\/mouse-logitech-m90-alambrico-usb-para-mac-pc-negro\/#breadcrumb"},"inLanguage":"es","potentialAction":[{"@type":"ReadAction","target":["https:\/\/www.integralpro.com.co\/index.php\/producto\/mouse-logitech-m90-alambrico-usb-para-mac-pc-negro\/"]}]},{"@type":"ImageObject","inLanguage":"es","@id":"https:\/\/www.integralpro.com.co\/index.php\/producto\/mouse-logitech-m90-alambrico-usb-para-mac-pc-negro\/#primaryimage","url":"https:\/\/www.integralpro.com.co\/wp-content\/uploads\/2021\/02\/17857ebbd86c6db618b57dcfa31e71af.jpg","contentUrl":"https:\/\/www.integralpro.com.co\/wp-content\/uploads\/2021\/02\/17857ebbd86c6db618b57dcfa31e71af.jpg","width":850,"height":850},{"@type":"BreadcrumbList","@id":"https:\/\/www.integralpro.com.co\/index.php\/producto\/mouse-logitech-m90-alambrico-usb-para-mac-pc-negro\/#breadcrumb","itemListElement":[{"@type":"ListItem","position":1,"name":"Portada","item":"https:\/\/www.integralpro.com.co\/"},{"@type":"ListItem","position":2,"name":"Tienda","item":"https:\/\/www.integralpro.com.co\/index.php\/tienda\/"},{"@type":"ListItem","position":3,"name":"Mouse Logitech M90 Al\u00e1mbrico USB Para Mac\/PC &#8211; Negro"}]},{"@type":"WebSite","@id":"https:\/\/www.integralpro.com.co\/#website","url":"https:\/\/www.integralpro.com.co\/","name":"IntegralPro","description":"Tienda de Tecnolog\u00eda en L\u00ednea","publisher":{"@id":"https:\/\/www.integralpro.com.co\/#organization"},"potentialAction":[{"@type":"SearchAction","target":{"@type":"EntryPoint","urlTemplate":"https:\/\/www.integralpro.com.co\/?s={search_term_string}"},"query-input":{"@type":"PropertyValueSpecification","valueRequired":true,"valueName":"search_term_string"}}],"inLanguage":"es"},{"@type":"Organization","@id":"https:\/\/www.integralpro.com.co\/#organization","name":"IntegralPro SAS","url":"https:\/\/www.integralpro.com.co\/","logo":{"@type":"ImageObject","inLanguage":"es","@id":"https:\/\/www.integralpro.com.co\/#\/schema\/logo\/image\/","url":"https:\/\/www.integralpro.com.co\/wp-content\/uploads\/2021\/02\/logo-def.jpg","contentUrl":"https:\/\/www.integralpro.com.co\/wp-content\/uploads\/2021\/02\/logo-def.jpg","width":238,"height":234,"caption":"IntegralPro SAS"},"image":{"@id":"https:\/\/www.integralpro.com.co\/#\/schema\/logo\/image\/"}}]}},"_links":{"self":[{"href":"https:\/\/www.integralpro.com.co\/index.php\/wp-json\/wp\/v2\/product\/1917","targetHints":{"allow":["GET"]}}],"collection":[{"href":"https:\/\/www.integralpro.com.co\/index.php\/wp-json\/wp\/v2\/product"}],"about":[{"href":"https:\/\/www.integralpro.com.co\/index.php\/wp-json\/wp\/v2\/types\/product"}],"version-history":[{"count":1,"href":"https:\/\/www.integralpro.com.co\/index.php\/wp-json\/wp\/v2\/product\/1917\/revisions"}],"predecessor-version":[{"id":1980,"href":"https:\/\/www.integralpro.com.co\/index.php\/wp-json\/wp\/v2\/product\/1917\/revisions\/1980"}],"wp:featuredmedia":[{"embeddable":true,"href":"https:\/\/www.integralpro.com.co\/index.php\/wp-json\/wp\/v2\/media\/1979"}],"wp:attachment":[{"href":"https:\/\/www.integralpro.com.co\/index.php\/wp-json\/wp\/v2\/media?parent=1917"}],"wp:term":[{"taxonomy":"product_brand","embeddable":true,"href":"https:\/\/www.integralpro.com.co\/index.php\/wp-json\/wp\/v2\/product_brand?post=1917"},{"taxonomy":"product_cat","embeddable":true,"href":"https:\/\/www.integralpro.com.co\/index.php\/wp-json\/wp\/v2\/product_cat?post=1917"},{"taxonomy":"product_tag","embeddable":true,"href":"https:\/\/www.integralpro.com.co\/index.php\/wp-json\/wp\/v2\/product_tag?post=1917"}],"curies":[{"name":"wp","href":"https:\/\/api.w.org\/{rel}","templated":true}]}}