{"id":1885,"date":"2021-02-19T14:50:59","date_gmt":"2021-02-19T19:50:59","guid":{"rendered":"https:\/\/www.integralpro.com.co\/index.php\/producto\/import-placeholder-for-1087\/"},"modified":"2021-02-19T14:51:37","modified_gmt":"2021-02-19T19:51:37","slug":"tablet-touch-770g-mtk8321-quadcore-8gb-ram-1gb-android-7-pul","status":"publish","type":"product","link":"https:\/\/www.integralpro.com.co\/index.php\/producto\/tablet-touch-770g-mtk8321-quadcore-8gb-ram-1gb-android-7-pul\/","title":{"rendered":"Tablet Touch 770G Mtk8321 Quadcore 8Gb Ram 1Gb Android 7 Pul"},"content":{"rendered":"<p style=\"text-align: left;\"><b><span>TABLET TOUCH 770G<\/span><\/b><\/p>\n<p>\u00a1F\u00e1cil de Usar, Muy Divertida y M\u00e1s!<\/p>\n<p><span>No solamente es liviana,tambi\u00e9n es ultra-compacta, La Tablet Economica Touch &nbsp;te ofrece horas de entretenimiento continuo yDivertidos contenidos, que te haran pasar horas y horas disfrutando de buenosmomentos haciendo fotograf\u00eda, visualizando fotos y compartiendo contenidofenomenal con tus amigos.<\/span><\/p>\n<p><span>&nbsp;<\/span><\/p>\n<p><b>Compacta <\/b>y Liviana Para llevar a todos lados<\/p>\n<p><span>Por otro lado, la tabletecon\u00f3mica touch &nbsp;tiene un tama\u00f1opr\u00e1ctico, que lo puedes llevar en tu bolsillo. Por esta raz\u00f3n y otras razoneses la tablet preferida de muchos amantes de las tecnolog\u00edas m\u00f3viles.<\/span><\/p>\n<ul>\n<li>Pantalla 7\u00bb<\/li>\n<li>Resoluci\u00f3n: 1024&#215;600<\/li>\n<li>Procesador QuadCore ARM Cortex A7 1.3Ghz<\/li>\n<li>Memoria Ram 1 GB<\/li>\n<li>Memoria 8Gb<\/li>\n<li>Android 6.0<\/li>\n<li>Wifi + 3G<\/li>\n<li>c\u00e1mara 2 Y 0.3 Mp<\/li>\n<li>Bater\u00eda 2200mha<\/li>\n<\/ul>\n<p><span>&nbsp;<\/span><\/p>\n","protected":false},"excerpt":{"rendered":"<p># DE PARTE:770G<\/p>\n","protected":false},"featured_media":1946,"template":"","meta":{"site-sidebar-layout":"default","site-content-layout":"","ast-site-content-layout":"default","site-content-style":"default","site-sidebar-style":"default","ast-global-header-display":"","ast-banner-title-visibility":"","ast-main-header-display":"","ast-hfb-above-header-display":"","ast-hfb-below-header-display":"","ast-hfb-mobile-header-display":"","site-post-title":"","ast-breadcrumbs-content":"","ast-featured-img":"","footer-sml-layout":"","ast-disable-related-posts":"","theme-transparent-header-meta":"","adv-header-id-meta":"","stick-header-meta":"","header-above-stick-meta":"","header-main-stick-meta":"","header-below-stick-meta":"","astra-migrate-meta-layouts":"default","ast-page-background-enabled":"default","ast-page-background-meta":{"desktop":{"background-color":"var(--ast-global-color-4)","background-image":"","background-repeat":"repeat","background-position":"center center","background-size":"auto","background-attachment":"scroll","background-type":"","background-media":"","overlay-type":"","overlay-color":"","overlay-opacity":"","overlay-gradient":""},"tablet":{"background-color":"","background-image":"","background-repeat":"repeat","background-position":"center center","background-size":"auto","background-attachment":"scroll","background-type":"","background-media":"","overlay-type":"","overlay-color":"","overlay-opacity":"","overlay-gradient":""},"mobile":{"background-color":"","background-image":"","background-repeat":"repeat","background-position":"center center","background-size":"auto","background-attachment":"scroll","background-type":"","background-media":"","overlay-type":"","overlay-color":"","overlay-opacity":"","overlay-gradient":""}},"ast-content-background-meta":{"desktop":{"background-color":"var(--ast-global-color-5)","background-image":"","background-repeat":"repeat","background-position":"center center","background-size":"auto","background-attachment":"scroll","background-type":"","background-media":"","overlay-type":"","overlay-color":"","overlay-opacity":"","overlay-gradient":""},"tablet":{"background-color":"var(--ast-global-color-5)","background-image":"","background-repeat":"repeat","background-position":"center center","background-size":"auto","background-attachment":"scroll","background-type":"","background-media":"","overlay-type":"","overlay-color":"","overlay-opacity":"","overlay-gradient":""},"mobile":{"background-color":"var(--ast-global-color-5)","background-image":"","background-repeat":"repeat","background-position":"center center","background-size":"auto","background-attachment":"scroll","background-type":"","background-media":"","overlay-type":"","overlay-color":"","overlay-opacity":"","overlay-gradient":""}}},"product_brand":[],"product_cat":[53,60,147,115],"product_tag":[458],"class_list":{"0":"post-1885","1":"product","2":"type-product","3":"status-publish","4":"has-post-thumbnail","6":"product_cat-celulares-y-tablets","7":"product_cat-portatiles","8":"product_cat-tablet","9":"product_cat-tablets","10":"product_tag-touch","11":"desktop-align-left","12":"tablet-align-left","13":"mobile-align-left","15":"first","16":"instock","17":"taxable","18":"shipping-taxable","19":"product-type-simple"},"yoast_head":"<!-- This site is optimized with the Yoast SEO plugin v27.3 - https:\/\/yoast.com\/product\/yoast-seo-wordpress\/ -->\n<title>Tablet Touch 770G Mtk8321 Quadcore 8Gb Ram 1Gb Android 7 Pul - IntegralPro<\/title>\n<meta name=\"robots\" content=\"index, follow, max-snippet:-1, max-image-preview:large, max-video-preview:-1\" \/>\n<link rel=\"canonical\" href=\"https:\/\/www.integralpro.com.co\/index.php\/producto\/tablet-touch-770g-mtk8321-quadcore-8gb-ram-1gb-android-7-pul\/\" \/>\n<meta property=\"og:locale\" content=\"es_ES\" \/>\n<meta property=\"og:type\" content=\"article\" \/>\n<meta property=\"og:title\" content=\"Tablet Touch 770G Mtk8321 Quadcore 8Gb Ram 1Gb Android 7 Pul - IntegralPro\" \/>\n<meta property=\"og:description\" content=\"# DE PARTE:770G\" \/>\n<meta property=\"og:url\" content=\"https:\/\/www.integralpro.com.co\/index.php\/producto\/tablet-touch-770g-mtk8321-quadcore-8gb-ram-1gb-android-7-pul\/\" \/>\n<meta property=\"og:site_name\" content=\"IntegralPro\" \/>\n<meta property=\"article:modified_time\" content=\"2021-02-19T19:51:37+00:00\" \/>\n<meta property=\"og:image\" content=\"https:\/\/www.integralpro.com.co\/wp-content\/uploads\/2021\/02\/57ebb0265c22ec8d7253cd31f303861e.jpg\" \/>\n\t<meta property=\"og:image:width\" content=\"1200\" \/>\n\t<meta property=\"og:image:height\" content=\"1200\" \/>\n\t<meta property=\"og:image:type\" content=\"image\/jpeg\" \/>\n<meta name=\"twitter:card\" content=\"summary_large_image\" \/>\n<meta name=\"twitter:label1\" content=\"Tiempo de lectura\" \/>\n\t<meta name=\"twitter:data1\" content=\"1 minuto\" \/>\n<script type=\"application\/ld+json\" class=\"yoast-schema-graph\">{\"@context\":\"https:\\\/\\\/schema.org\",\"@graph\":[{\"@type\":\"WebPage\",\"@id\":\"https:\\\/\\\/www.integralpro.com.co\\\/index.php\\\/producto\\\/tablet-touch-770g-mtk8321-quadcore-8gb-ram-1gb-android-7-pul\\\/\",\"url\":\"https:\\\/\\\/www.integralpro.com.co\\\/index.php\\\/producto\\\/tablet-touch-770g-mtk8321-quadcore-8gb-ram-1gb-android-7-pul\\\/\",\"name\":\"Tablet Touch 770G Mtk8321 Quadcore 8Gb Ram 1Gb Android 7 Pul - IntegralPro\",\"isPartOf\":{\"@id\":\"https:\\\/\\\/www.integralpro.com.co\\\/#website\"},\"primaryImageOfPage\":{\"@id\":\"https:\\\/\\\/www.integralpro.com.co\\\/index.php\\\/producto\\\/tablet-touch-770g-mtk8321-quadcore-8gb-ram-1gb-android-7-pul\\\/#primaryimage\"},\"image\":{\"@id\":\"https:\\\/\\\/www.integralpro.com.co\\\/index.php\\\/producto\\\/tablet-touch-770g-mtk8321-quadcore-8gb-ram-1gb-android-7-pul\\\/#primaryimage\"},\"thumbnailUrl\":\"https:\\\/\\\/www.integralpro.com.co\\\/wp-content\\\/uploads\\\/2021\\\/02\\\/57ebb0265c22ec8d7253cd31f303861e.jpg\",\"datePublished\":\"2021-02-19T19:50:59+00:00\",\"dateModified\":\"2021-02-19T19:51:37+00:00\",\"breadcrumb\":{\"@id\":\"https:\\\/\\\/www.integralpro.com.co\\\/index.php\\\/producto\\\/tablet-touch-770g-mtk8321-quadcore-8gb-ram-1gb-android-7-pul\\\/#breadcrumb\"},\"inLanguage\":\"es\",\"potentialAction\":[{\"@type\":\"ReadAction\",\"target\":[\"https:\\\/\\\/www.integralpro.com.co\\\/index.php\\\/producto\\\/tablet-touch-770g-mtk8321-quadcore-8gb-ram-1gb-android-7-pul\\\/\"]}]},{\"@type\":\"ImageObject\",\"inLanguage\":\"es\",\"@id\":\"https:\\\/\\\/www.integralpro.com.co\\\/index.php\\\/producto\\\/tablet-touch-770g-mtk8321-quadcore-8gb-ram-1gb-android-7-pul\\\/#primaryimage\",\"url\":\"https:\\\/\\\/www.integralpro.com.co\\\/wp-content\\\/uploads\\\/2021\\\/02\\\/57ebb0265c22ec8d7253cd31f303861e.jpg\",\"contentUrl\":\"https:\\\/\\\/www.integralpro.com.co\\\/wp-content\\\/uploads\\\/2021\\\/02\\\/57ebb0265c22ec8d7253cd31f303861e.jpg\",\"width\":1200,\"height\":1200},{\"@type\":\"BreadcrumbList\",\"@id\":\"https:\\\/\\\/www.integralpro.com.co\\\/index.php\\\/producto\\\/tablet-touch-770g-mtk8321-quadcore-8gb-ram-1gb-android-7-pul\\\/#breadcrumb\",\"itemListElement\":[{\"@type\":\"ListItem\",\"position\":1,\"name\":\"Portada\",\"item\":\"https:\\\/\\\/www.integralpro.com.co\\\/\"},{\"@type\":\"ListItem\",\"position\":2,\"name\":\"Tienda\",\"item\":\"https:\\\/\\\/www.integralpro.com.co\\\/index.php\\\/tienda\\\/\"},{\"@type\":\"ListItem\",\"position\":3,\"name\":\"Tablet Touch 770G Mtk8321 Quadcore 8Gb Ram 1Gb Android 7 Pul\"}]},{\"@type\":\"WebSite\",\"@id\":\"https:\\\/\\\/www.integralpro.com.co\\\/#website\",\"url\":\"https:\\\/\\\/www.integralpro.com.co\\\/\",\"name\":\"IntegralPro\",\"description\":\"Tienda de Tecnolog\u00eda en L\u00ednea\",\"publisher\":{\"@id\":\"https:\\\/\\\/www.integralpro.com.co\\\/#organization\"},\"potentialAction\":[{\"@type\":\"SearchAction\",\"target\":{\"@type\":\"EntryPoint\",\"urlTemplate\":\"https:\\\/\\\/www.integralpro.com.co\\\/?s={search_term_string}\"},\"query-input\":{\"@type\":\"PropertyValueSpecification\",\"valueRequired\":true,\"valueName\":\"search_term_string\"}}],\"inLanguage\":\"es\"},{\"@type\":\"Organization\",\"@id\":\"https:\\\/\\\/www.integralpro.com.co\\\/#organization\",\"name\":\"IntegralPro SAS\",\"url\":\"https:\\\/\\\/www.integralpro.com.co\\\/\",\"logo\":{\"@type\":\"ImageObject\",\"inLanguage\":\"es\",\"@id\":\"https:\\\/\\\/www.integralpro.com.co\\\/#\\\/schema\\\/logo\\\/image\\\/\",\"url\":\"https:\\\/\\\/www.integralpro.com.co\\\/wp-content\\\/uploads\\\/2021\\\/02\\\/logo-def.jpg\",\"contentUrl\":\"https:\\\/\\\/www.integralpro.com.co\\\/wp-content\\\/uploads\\\/2021\\\/02\\\/logo-def.jpg\",\"width\":238,\"height\":234,\"caption\":\"IntegralPro SAS\"},\"image\":{\"@id\":\"https:\\\/\\\/www.integralpro.com.co\\\/#\\\/schema\\\/logo\\\/image\\\/\"}}]}<\/script>\n<!-- \/ Yoast SEO plugin. -->","yoast_head_json":{"title":"Tablet Touch 770G Mtk8321 Quadcore 8Gb Ram 1Gb Android 7 Pul - IntegralPro","robots":{"index":"index","follow":"follow","max-snippet":"max-snippet:-1","max-image-preview":"max-image-preview:large","max-video-preview":"max-video-preview:-1"},"canonical":"https:\/\/www.integralpro.com.co\/index.php\/producto\/tablet-touch-770g-mtk8321-quadcore-8gb-ram-1gb-android-7-pul\/","og_locale":"es_ES","og_type":"article","og_title":"Tablet Touch 770G Mtk8321 Quadcore 8Gb Ram 1Gb Android 7 Pul - IntegralPro","og_description":"# DE PARTE:770G","og_url":"https:\/\/www.integralpro.com.co\/index.php\/producto\/tablet-touch-770g-mtk8321-quadcore-8gb-ram-1gb-android-7-pul\/","og_site_name":"IntegralPro","article_modified_time":"2021-02-19T19:51:37+00:00","og_image":[{"width":1200,"height":1200,"url":"https:\/\/www.integralpro.com.co\/wp-content\/uploads\/2021\/02\/57ebb0265c22ec8d7253cd31f303861e.jpg","type":"image\/jpeg"}],"twitter_card":"summary_large_image","twitter_misc":{"Tiempo de lectura":"1 minuto"},"schema":{"@context":"https:\/\/schema.org","@graph":[{"@type":"WebPage","@id":"https:\/\/www.integralpro.com.co\/index.php\/producto\/tablet-touch-770g-mtk8321-quadcore-8gb-ram-1gb-android-7-pul\/","url":"https:\/\/www.integralpro.com.co\/index.php\/producto\/tablet-touch-770g-mtk8321-quadcore-8gb-ram-1gb-android-7-pul\/","name":"Tablet Touch 770G Mtk8321 Quadcore 8Gb Ram 1Gb Android 7 Pul - IntegralPro","isPartOf":{"@id":"https:\/\/www.integralpro.com.co\/#website"},"primaryImageOfPage":{"@id":"https:\/\/www.integralpro.com.co\/index.php\/producto\/tablet-touch-770g-mtk8321-quadcore-8gb-ram-1gb-android-7-pul\/#primaryimage"},"image":{"@id":"https:\/\/www.integralpro.com.co\/index.php\/producto\/tablet-touch-770g-mtk8321-quadcore-8gb-ram-1gb-android-7-pul\/#primaryimage"},"thumbnailUrl":"https:\/\/www.integralpro.com.co\/wp-content\/uploads\/2021\/02\/57ebb0265c22ec8d7253cd31f303861e.jpg","datePublished":"2021-02-19T19:50:59+00:00","dateModified":"2021-02-19T19:51:37+00:00","breadcrumb":{"@id":"https:\/\/www.integralpro.com.co\/index.php\/producto\/tablet-touch-770g-mtk8321-quadcore-8gb-ram-1gb-android-7-pul\/#breadcrumb"},"inLanguage":"es","potentialAction":[{"@type":"ReadAction","target":["https:\/\/www.integralpro.com.co\/index.php\/producto\/tablet-touch-770g-mtk8321-quadcore-8gb-ram-1gb-android-7-pul\/"]}]},{"@type":"ImageObject","inLanguage":"es","@id":"https:\/\/www.integralpro.com.co\/index.php\/producto\/tablet-touch-770g-mtk8321-quadcore-8gb-ram-1gb-android-7-pul\/#primaryimage","url":"https:\/\/www.integralpro.com.co\/wp-content\/uploads\/2021\/02\/57ebb0265c22ec8d7253cd31f303861e.jpg","contentUrl":"https:\/\/www.integralpro.com.co\/wp-content\/uploads\/2021\/02\/57ebb0265c22ec8d7253cd31f303861e.jpg","width":1200,"height":1200},{"@type":"BreadcrumbList","@id":"https:\/\/www.integralpro.com.co\/index.php\/producto\/tablet-touch-770g-mtk8321-quadcore-8gb-ram-1gb-android-7-pul\/#breadcrumb","itemListElement":[{"@type":"ListItem","position":1,"name":"Portada","item":"https:\/\/www.integralpro.com.co\/"},{"@type":"ListItem","position":2,"name":"Tienda","item":"https:\/\/www.integralpro.com.co\/index.php\/tienda\/"},{"@type":"ListItem","position":3,"name":"Tablet Touch 770G Mtk8321 Quadcore 8Gb Ram 1Gb Android 7 Pul"}]},{"@type":"WebSite","@id":"https:\/\/www.integralpro.com.co\/#website","url":"https:\/\/www.integralpro.com.co\/","name":"IntegralPro","description":"Tienda de Tecnolog\u00eda en L\u00ednea","publisher":{"@id":"https:\/\/www.integralpro.com.co\/#organization"},"potentialAction":[{"@type":"SearchAction","target":{"@type":"EntryPoint","urlTemplate":"https:\/\/www.integralpro.com.co\/?s={search_term_string}"},"query-input":{"@type":"PropertyValueSpecification","valueRequired":true,"valueName":"search_term_string"}}],"inLanguage":"es"},{"@type":"Organization","@id":"https:\/\/www.integralpro.com.co\/#organization","name":"IntegralPro SAS","url":"https:\/\/www.integralpro.com.co\/","logo":{"@type":"ImageObject","inLanguage":"es","@id":"https:\/\/www.integralpro.com.co\/#\/schema\/logo\/image\/","url":"https:\/\/www.integralpro.com.co\/wp-content\/uploads\/2021\/02\/logo-def.jpg","contentUrl":"https:\/\/www.integralpro.com.co\/wp-content\/uploads\/2021\/02\/logo-def.jpg","width":238,"height":234,"caption":"IntegralPro SAS"},"image":{"@id":"https:\/\/www.integralpro.com.co\/#\/schema\/logo\/image\/"}}]}},"_links":{"self":[{"href":"https:\/\/www.integralpro.com.co\/index.php\/wp-json\/wp\/v2\/product\/1885","targetHints":{"allow":["GET"]}}],"collection":[{"href":"https:\/\/www.integralpro.com.co\/index.php\/wp-json\/wp\/v2\/product"}],"about":[{"href":"https:\/\/www.integralpro.com.co\/index.php\/wp-json\/wp\/v2\/types\/product"}],"version-history":[{"count":1,"href":"https:\/\/www.integralpro.com.co\/index.php\/wp-json\/wp\/v2\/product\/1885\/revisions"}],"predecessor-version":[{"id":1947,"href":"https:\/\/www.integralpro.com.co\/index.php\/wp-json\/wp\/v2\/product\/1885\/revisions\/1947"}],"wp:featuredmedia":[{"embeddable":true,"href":"https:\/\/www.integralpro.com.co\/index.php\/wp-json\/wp\/v2\/media\/1946"}],"wp:attachment":[{"href":"https:\/\/www.integralpro.com.co\/index.php\/wp-json\/wp\/v2\/media?parent=1885"}],"wp:term":[{"taxonomy":"product_brand","embeddable":true,"href":"https:\/\/www.integralpro.com.co\/index.php\/wp-json\/wp\/v2\/product_brand?post=1885"},{"taxonomy":"product_cat","embeddable":true,"href":"https:\/\/www.integralpro.com.co\/index.php\/wp-json\/wp\/v2\/product_cat?post=1885"},{"taxonomy":"product_tag","embeddable":true,"href":"https:\/\/www.integralpro.com.co\/index.php\/wp-json\/wp\/v2\/product_tag?post=1885"}],"curies":[{"name":"wp","href":"https:\/\/api.w.org\/{rel}","templated":true}]}}