{"id":1843,"date":"2021-02-19T14:50:36","date_gmt":"2021-02-19T19:50:36","guid":{"rendered":"https:\/\/www.integralpro.com.co\/index.php\/producto\/import-placeholder-for-1073\/"},"modified":"2021-02-19T14:51:12","modified_gmt":"2021-02-19T19:51:12","slug":"televisor-samsung-flat-led-smart-tv-55-pulgadas-uhd-4k","status":"publish","type":"product","link":"https:\/\/www.integralpro.com.co\/index.php\/producto\/televisor-samsung-flat-led-smart-tv-55-pulgadas-uhd-4k\/","title":{"rendered":"Televisor Samsung Flat Led Smart Tv 55 Pulgadas Uhd 4K"},"content":{"rendered":"<p>Verdadera resoluci\u00f3n UHD 4K<br \/>Disfruta im\u00e1genes realmente n\u00edtidas con UHD 4K TV, que tiene 4 veces m\u00e1s pixeles que una FHD TV. Ahora podr\u00e1s ver incluso los detalles m\u00e1s peque\u00f1os.<\/p>\n<p><\/p>\n<p><strong>Descubre m\u00e1s detalles<br \/><\/strong><\/p>\n<p><\/p>\n<p>Disfruta tus contenidos HDR con mejor claridad y una expresi\u00f3n de color precisa. Samsung UHD TV ofrece detalles m\u00e1s n\u00edtidos, incluso en escenas obscuras o brillantes.<\/p>\n<p><\/p>\n<p><strong>PurColor<br \/><\/strong><\/p>\n<p><\/p>\n<p>Observa tus cotenidos en sus colores naturales, con detalles tan n\u00edtidos como se ven en la realidad, para que disfrutes una experiencia llena de color.<\/p>\n<p><\/p>\n<p><strong>UHD Dimming<br \/><\/strong><\/p>\n<p><\/p>\n<p>Disfruta niveles de color, nitidez y contraste optimizados. UHD Dimming divide la pantalla en peque\u00f1os bloques para mostrarte detalles m\u00e1s precisos.<\/p>\n<p><\/p>\n<p><strong>Im\u00e1genes en pantalla grande<br \/><\/strong><\/p>\n<p><\/p>\n<p>Experimenta tu contenido a gran escala. Obt\u00e9n una experiencia cinematogr\u00e1fica que te robar\u00e1 el aliento y si\u00e9ntete como en el campo de juego, con un nivel de inmersi\u00f3n mejorado, colores v\u00edvidos y detalles m\u00e1s precisos.<\/p>\n<p><\/p>\n<p><strong>Especificaciones T\u00e9cnicas<\/strong><\/p>\n<p><\/p>\n<p>Tama\u00f1o del empaque (AnxAlxP)<br \/>1346 x 852 x 158 mm<\/p>\n<p>Ajustar medida con soporte (AnxAlxP)<br \/>1238.6 x 792.8 x 261.3 mm<\/p>\n<p>Tama\u00f1o sin soporte de mesa (AnxAlxP) 1238.6 x 714.2 x 59.2 mm <\/p>\n<p>Peso con el empaque<br \/>23.4 kg<\/p>\n<p>Peso con el soporte<br \/>17.7 kg<\/p>\n<p>Peso sin el soporte<br \/>17.3 kg<\/p>\n<p>Tipo de producto<br \/>LED<\/p>\n<p>Serie<br \/>7<\/p>\n<p>Tama\u00f1o de pantalla<br \/>55&#8243;<\/p>\n<p>Resoluci\u00f3n<br \/>3,840 x 2,160<\/p>\n<p>Pantalla ANTI-REFLEJO<br \/>N\/A<\/p>\n<p>Curvatura de la pantalla<br \/>N\/A<\/p>\n<p>Procesador de imagen<br \/>UHD Engine<\/p>\n<p>\u00cdndice de movimiento<br \/>120<br \/>PQI (\u00cdndice de calidad de la imagen)<br \/>1300<\/p>\n<p>HDR (Alto rango din\u00e1mico)<br \/>HDR<\/p>\n<p>HDR 10+<br \/>S\u00ed<\/p>\n<p>HLG (Registro h\u00edbrido Gamma)<br \/>S\u00ed<\/p>\n<p>Contraste<br \/>Gran contraste<\/p>\n<p>Color Pur Color<\/p>\n<p>\u00c1ngulo de visi\u00f3n<br \/>N\/A<\/p>\n<p>Microatenuaci\u00f3n<br \/>Atenuaci\u00f3n UHD<\/p>\n<p>Potenciador autom\u00e1tico de profundidad<br \/>N\/A<\/p>\n<p>Potenciador de contraste<br \/>S\u00ed<\/p>\n<p>Movimiento autom\u00e1tico Plus<br \/>S\u00ed<\/p>\n<p>Modo Pel\u00edcula<br \/>Si<\/p>\n<p>Modo Natural<br \/>Si<\/p>\n<p>Dolby Digital Plus<br \/>S\u00ed<\/p>\n<p>Codec DTS<br \/>N\/A<\/p>\n<p>Salida para sonido (RMS)<br \/>20W<\/p>\n<p>Tipo de altavoz<br \/>2CH<\/p>\n<p>Woofer<br \/>N\/A<\/p>\n<p>Multiroom link<br \/>S\u00ed<\/p>\n<p>Audio Bluetooth<br \/>N\/A<\/p>\n<p>Smart TV<br \/>Inteligente<\/p>\n<p>Interacci\u00f3n por voz<br \/>N\/A<\/p>\n<p>TV Plus<br \/>N\/A<\/p>\n<p>Navegador web<br \/>Si<\/p>\n<p>Soporte para aplicaciones SmartThings<br \/>S\u00ed<\/p>\n<p>SmartThings<br \/>N\/A<\/p>\n<p>Gu\u00eda universal[<br \/>N\/A<\/p>\n<p>Transmisi\u00f3n digital<br \/>DVB-T2<\/p>\n<p>HDMI<br \/>3<\/p>\n<p>USB<br \/>2<\/p>\n<p>Entrada para componente (Y\/Pb\/Pr)<br \/>1<\/p>\n<p>Entrada combinada (AV)<br \/>1 (Uso com\u00fan del componente Y)<\/p>\n<p>Ethernet (LAN)<br \/>Si<\/p>\n<p>Salida para audio (Miniconector)<br \/>N\/A<\/p>\n<p>Salida para audio digital (\u00d3ptico)<br \/>1<\/p>\n<p>Entrada para RF (Entrada terrestre y de cable)<br \/>1\/1 (Uso com\u00fan de la entrada terrestre)\/0<\/p>\n<p>Soporte para HDMI A \/ Canal de retorno<br \/>S\u00ed<\/p>\n<p>Interruptor r\u00e1pido para HDMI<br \/>S\u00ed<\/p>\n<p>Dise\u00f1o<br \/>Nuevo extremo (bisel delgado)<\/p>\n<p>Tipo de marco<br \/>VNB<\/p>\n<p>Tipo<br \/>Delgado<\/p>\n<p>Color frontal<br \/>Negro intenso<\/p>\n<p>Procesador<br \/>Quad-Core<\/p>\n<p>Accesibilidad<br \/>Gu\u00eda de voz y memoria de men\u00fa en pantalla (ingl\u00e9s estadounidense, portugu\u00e9s brasile\u00f1o)\/Agrandar\/Contraste alto\/Memoria remota de televisi\u00f3n (ingl\u00e9s estadounidense, portugu\u00e9s brasile\u00f1o)\/Colores negativos\/Escala de grises\/Ver colores<\/p>\n<p>Alimentaci\u00f3n de energ\u00eda<br \/>AC100-240V 50\/60Hz<\/p>\n<p>Consumo de energ\u00eda (m\u00e1x.)<br \/>150 W <\/p>\n<p><\/p>\n<p><strong>Contenido Del Paquete<\/strong><\/p>\n<p><\/p>\n<p>Televisor &#8211; Control remoto &#8211; Cable de alimentaci\u00f3n &#8211; Documentaci\u00f3n<\/p>\n","protected":false},"excerpt":{"rendered":"<p># DE PARTE:UN55NU7100KXZL<\/p>\n","protected":false},"featured_media":1907,"template":"","meta":{"site-sidebar-layout":"default","site-content-layout":"","ast-site-content-layout":"default","site-content-style":"default","site-sidebar-style":"default","ast-global-header-display":"","ast-banner-title-visibility":"","ast-main-header-display":"","ast-hfb-above-header-display":"","ast-hfb-below-header-display":"","ast-hfb-mobile-header-display":"","site-post-title":"","ast-breadcrumbs-content":"","ast-featured-img":"","footer-sml-layout":"","ast-disable-related-posts":"","theme-transparent-header-meta":"","adv-header-id-meta":"","stick-header-meta":"","header-above-stick-meta":"","header-main-stick-meta":"","header-below-stick-meta":"","astra-migrate-meta-layouts":"default","ast-page-background-enabled":"default","ast-page-background-meta":{"desktop":{"background-color":"var(--ast-global-color-4)","background-image":"","background-repeat":"repeat","background-position":"center center","background-size":"auto","background-attachment":"scroll","background-type":"","background-media":"","overlay-type":"","overlay-color":"","overlay-opacity":"","overlay-gradient":""},"tablet":{"background-color":"","background-image":"","background-repeat":"repeat","background-position":"center center","background-size":"auto","background-attachment":"scroll","background-type":"","background-media":"","overlay-type":"","overlay-color":"","overlay-opacity":"","overlay-gradient":""},"mobile":{"background-color":"","background-image":"","background-repeat":"repeat","background-position":"center center","background-size":"auto","background-attachment":"scroll","background-type":"","background-media":"","overlay-type":"","overlay-color":"","overlay-opacity":"","overlay-gradient":""}},"ast-content-background-meta":{"desktop":{"background-color":"var(--ast-global-color-5)","background-image":"","background-repeat":"repeat","background-position":"center center","background-size":"auto","background-attachment":"scroll","background-type":"","background-media":"","overlay-type":"","overlay-color":"","overlay-opacity":"","overlay-gradient":""},"tablet":{"background-color":"var(--ast-global-color-5)","background-image":"","background-repeat":"repeat","background-position":"center center","background-size":"auto","background-attachment":"scroll","background-type":"","background-media":"","overlay-type":"","overlay-color":"","overlay-opacity":"","overlay-gradient":""},"mobile":{"background-color":"var(--ast-global-color-5)","background-image":"","background-repeat":"repeat","background-position":"center center","background-size":"auto","background-attachment":"scroll","background-type":"","background-media":"","overlay-type":"","overlay-color":"","overlay-opacity":"","overlay-gradient":""}}},"product_brand":[],"product_cat":[159,64],"product_tag":[44],"class_list":{"0":"post-1843","1":"product","2":"type-product","3":"status-publish","4":"has-post-thumbnail","6":"product_cat-smart-tv","7":"product_cat-televisores","8":"product_tag-samsung","9":"desktop-align-left","10":"tablet-align-left","11":"mobile-align-left","13":"first","14":"instock","15":"taxable","16":"shipping-taxable","17":"product-type-simple"},"yoast_head":"<!-- This site is optimized with the Yoast SEO plugin v27.3 - https:\/\/yoast.com\/product\/yoast-seo-wordpress\/ -->\n<title>Televisor Samsung Flat Led Smart Tv 55 Pulgadas Uhd 4K - IntegralPro<\/title>\n<meta name=\"robots\" content=\"index, follow, max-snippet:-1, max-image-preview:large, max-video-preview:-1\" \/>\n<link rel=\"canonical\" href=\"https:\/\/www.integralpro.com.co\/index.php\/producto\/televisor-samsung-flat-led-smart-tv-55-pulgadas-uhd-4k\/\" \/>\n<meta property=\"og:locale\" content=\"es_ES\" \/>\n<meta property=\"og:type\" content=\"article\" \/>\n<meta property=\"og:title\" content=\"Televisor Samsung Flat Led Smart Tv 55 Pulgadas Uhd 4K - IntegralPro\" \/>\n<meta property=\"og:description\" content=\"# DE PARTE:UN55NU7100KXZL\" \/>\n<meta property=\"og:url\" content=\"https:\/\/www.integralpro.com.co\/index.php\/producto\/televisor-samsung-flat-led-smart-tv-55-pulgadas-uhd-4k\/\" \/>\n<meta property=\"og:site_name\" content=\"IntegralPro\" \/>\n<meta property=\"article:modified_time\" content=\"2021-02-19T19:51:12+00:00\" \/>\n<meta property=\"og:image\" content=\"https:\/\/www.integralpro.com.co\/wp-content\/uploads\/2021\/02\/b0fa96602a48f90fe9ffef2ea0af69ad.jpg\" \/>\n\t<meta property=\"og:image:width\" content=\"1000\" \/>\n\t<meta property=\"og:image:height\" content=\"1000\" \/>\n\t<meta property=\"og:image:type\" content=\"image\/jpeg\" \/>\n<meta name=\"twitter:card\" content=\"summary_large_image\" \/>\n<meta name=\"twitter:label1\" content=\"Tiempo de lectura\" \/>\n\t<meta name=\"twitter:data1\" content=\"2 minutos\" \/>\n<script type=\"application\/ld+json\" class=\"yoast-schema-graph\">{\"@context\":\"https:\\\/\\\/schema.org\",\"@graph\":[{\"@type\":\"WebPage\",\"@id\":\"https:\\\/\\\/www.integralpro.com.co\\\/index.php\\\/producto\\\/televisor-samsung-flat-led-smart-tv-55-pulgadas-uhd-4k\\\/\",\"url\":\"https:\\\/\\\/www.integralpro.com.co\\\/index.php\\\/producto\\\/televisor-samsung-flat-led-smart-tv-55-pulgadas-uhd-4k\\\/\",\"name\":\"Televisor Samsung Flat Led Smart Tv 55 Pulgadas Uhd 4K - IntegralPro\",\"isPartOf\":{\"@id\":\"https:\\\/\\\/www.integralpro.com.co\\\/#website\"},\"primaryImageOfPage\":{\"@id\":\"https:\\\/\\\/www.integralpro.com.co\\\/index.php\\\/producto\\\/televisor-samsung-flat-led-smart-tv-55-pulgadas-uhd-4k\\\/#primaryimage\"},\"image\":{\"@id\":\"https:\\\/\\\/www.integralpro.com.co\\\/index.php\\\/producto\\\/televisor-samsung-flat-led-smart-tv-55-pulgadas-uhd-4k\\\/#primaryimage\"},\"thumbnailUrl\":\"https:\\\/\\\/www.integralpro.com.co\\\/wp-content\\\/uploads\\\/2021\\\/02\\\/b0fa96602a48f90fe9ffef2ea0af69ad.jpg\",\"datePublished\":\"2021-02-19T19:50:36+00:00\",\"dateModified\":\"2021-02-19T19:51:12+00:00\",\"breadcrumb\":{\"@id\":\"https:\\\/\\\/www.integralpro.com.co\\\/index.php\\\/producto\\\/televisor-samsung-flat-led-smart-tv-55-pulgadas-uhd-4k\\\/#breadcrumb\"},\"inLanguage\":\"es\",\"potentialAction\":[{\"@type\":\"ReadAction\",\"target\":[\"https:\\\/\\\/www.integralpro.com.co\\\/index.php\\\/producto\\\/televisor-samsung-flat-led-smart-tv-55-pulgadas-uhd-4k\\\/\"]}]},{\"@type\":\"ImageObject\",\"inLanguage\":\"es\",\"@id\":\"https:\\\/\\\/www.integralpro.com.co\\\/index.php\\\/producto\\\/televisor-samsung-flat-led-smart-tv-55-pulgadas-uhd-4k\\\/#primaryimage\",\"url\":\"https:\\\/\\\/www.integralpro.com.co\\\/wp-content\\\/uploads\\\/2021\\\/02\\\/b0fa96602a48f90fe9ffef2ea0af69ad.jpg\",\"contentUrl\":\"https:\\\/\\\/www.integralpro.com.co\\\/wp-content\\\/uploads\\\/2021\\\/02\\\/b0fa96602a48f90fe9ffef2ea0af69ad.jpg\",\"width\":1000,\"height\":1000},{\"@type\":\"BreadcrumbList\",\"@id\":\"https:\\\/\\\/www.integralpro.com.co\\\/index.php\\\/producto\\\/televisor-samsung-flat-led-smart-tv-55-pulgadas-uhd-4k\\\/#breadcrumb\",\"itemListElement\":[{\"@type\":\"ListItem\",\"position\":1,\"name\":\"Portada\",\"item\":\"https:\\\/\\\/www.integralpro.com.co\\\/\"},{\"@type\":\"ListItem\",\"position\":2,\"name\":\"Tienda\",\"item\":\"https:\\\/\\\/www.integralpro.com.co\\\/index.php\\\/tienda\\\/\"},{\"@type\":\"ListItem\",\"position\":3,\"name\":\"Televisor Samsung Flat Led Smart Tv 55 Pulgadas Uhd 4K\"}]},{\"@type\":\"WebSite\",\"@id\":\"https:\\\/\\\/www.integralpro.com.co\\\/#website\",\"url\":\"https:\\\/\\\/www.integralpro.com.co\\\/\",\"name\":\"IntegralPro\",\"description\":\"Tienda de Tecnolog\u00eda en L\u00ednea\",\"publisher\":{\"@id\":\"https:\\\/\\\/www.integralpro.com.co\\\/#organization\"},\"potentialAction\":[{\"@type\":\"SearchAction\",\"target\":{\"@type\":\"EntryPoint\",\"urlTemplate\":\"https:\\\/\\\/www.integralpro.com.co\\\/?s={search_term_string}\"},\"query-input\":{\"@type\":\"PropertyValueSpecification\",\"valueRequired\":true,\"valueName\":\"search_term_string\"}}],\"inLanguage\":\"es\"},{\"@type\":\"Organization\",\"@id\":\"https:\\\/\\\/www.integralpro.com.co\\\/#organization\",\"name\":\"IntegralPro SAS\",\"url\":\"https:\\\/\\\/www.integralpro.com.co\\\/\",\"logo\":{\"@type\":\"ImageObject\",\"inLanguage\":\"es\",\"@id\":\"https:\\\/\\\/www.integralpro.com.co\\\/#\\\/schema\\\/logo\\\/image\\\/\",\"url\":\"https:\\\/\\\/www.integralpro.com.co\\\/wp-content\\\/uploads\\\/2021\\\/02\\\/logo-def.jpg\",\"contentUrl\":\"https:\\\/\\\/www.integralpro.com.co\\\/wp-content\\\/uploads\\\/2021\\\/02\\\/logo-def.jpg\",\"width\":238,\"height\":234,\"caption\":\"IntegralPro SAS\"},\"image\":{\"@id\":\"https:\\\/\\\/www.integralpro.com.co\\\/#\\\/schema\\\/logo\\\/image\\\/\"}}]}<\/script>\n<!-- \/ Yoast SEO plugin. -->","yoast_head_json":{"title":"Televisor Samsung Flat Led Smart Tv 55 Pulgadas Uhd 4K - IntegralPro","robots":{"index":"index","follow":"follow","max-snippet":"max-snippet:-1","max-image-preview":"max-image-preview:large","max-video-preview":"max-video-preview:-1"},"canonical":"https:\/\/www.integralpro.com.co\/index.php\/producto\/televisor-samsung-flat-led-smart-tv-55-pulgadas-uhd-4k\/","og_locale":"es_ES","og_type":"article","og_title":"Televisor Samsung Flat Led Smart Tv 55 Pulgadas Uhd 4K - IntegralPro","og_description":"# DE PARTE:UN55NU7100KXZL","og_url":"https:\/\/www.integralpro.com.co\/index.php\/producto\/televisor-samsung-flat-led-smart-tv-55-pulgadas-uhd-4k\/","og_site_name":"IntegralPro","article_modified_time":"2021-02-19T19:51:12+00:00","og_image":[{"width":1000,"height":1000,"url":"https:\/\/www.integralpro.com.co\/wp-content\/uploads\/2021\/02\/b0fa96602a48f90fe9ffef2ea0af69ad.jpg","type":"image\/jpeg"}],"twitter_card":"summary_large_image","twitter_misc":{"Tiempo de lectura":"2 minutos"},"schema":{"@context":"https:\/\/schema.org","@graph":[{"@type":"WebPage","@id":"https:\/\/www.integralpro.com.co\/index.php\/producto\/televisor-samsung-flat-led-smart-tv-55-pulgadas-uhd-4k\/","url":"https:\/\/www.integralpro.com.co\/index.php\/producto\/televisor-samsung-flat-led-smart-tv-55-pulgadas-uhd-4k\/","name":"Televisor Samsung Flat Led Smart Tv 55 Pulgadas Uhd 4K - IntegralPro","isPartOf":{"@id":"https:\/\/www.integralpro.com.co\/#website"},"primaryImageOfPage":{"@id":"https:\/\/www.integralpro.com.co\/index.php\/producto\/televisor-samsung-flat-led-smart-tv-55-pulgadas-uhd-4k\/#primaryimage"},"image":{"@id":"https:\/\/www.integralpro.com.co\/index.php\/producto\/televisor-samsung-flat-led-smart-tv-55-pulgadas-uhd-4k\/#primaryimage"},"thumbnailUrl":"https:\/\/www.integralpro.com.co\/wp-content\/uploads\/2021\/02\/b0fa96602a48f90fe9ffef2ea0af69ad.jpg","datePublished":"2021-02-19T19:50:36+00:00","dateModified":"2021-02-19T19:51:12+00:00","breadcrumb":{"@id":"https:\/\/www.integralpro.com.co\/index.php\/producto\/televisor-samsung-flat-led-smart-tv-55-pulgadas-uhd-4k\/#breadcrumb"},"inLanguage":"es","potentialAction":[{"@type":"ReadAction","target":["https:\/\/www.integralpro.com.co\/index.php\/producto\/televisor-samsung-flat-led-smart-tv-55-pulgadas-uhd-4k\/"]}]},{"@type":"ImageObject","inLanguage":"es","@id":"https:\/\/www.integralpro.com.co\/index.php\/producto\/televisor-samsung-flat-led-smart-tv-55-pulgadas-uhd-4k\/#primaryimage","url":"https:\/\/www.integralpro.com.co\/wp-content\/uploads\/2021\/02\/b0fa96602a48f90fe9ffef2ea0af69ad.jpg","contentUrl":"https:\/\/www.integralpro.com.co\/wp-content\/uploads\/2021\/02\/b0fa96602a48f90fe9ffef2ea0af69ad.jpg","width":1000,"height":1000},{"@type":"BreadcrumbList","@id":"https:\/\/www.integralpro.com.co\/index.php\/producto\/televisor-samsung-flat-led-smart-tv-55-pulgadas-uhd-4k\/#breadcrumb","itemListElement":[{"@type":"ListItem","position":1,"name":"Portada","item":"https:\/\/www.integralpro.com.co\/"},{"@type":"ListItem","position":2,"name":"Tienda","item":"https:\/\/www.integralpro.com.co\/index.php\/tienda\/"},{"@type":"ListItem","position":3,"name":"Televisor Samsung Flat Led Smart Tv 55 Pulgadas Uhd 4K"}]},{"@type":"WebSite","@id":"https:\/\/www.integralpro.com.co\/#website","url":"https:\/\/www.integralpro.com.co\/","name":"IntegralPro","description":"Tienda de Tecnolog\u00eda en L\u00ednea","publisher":{"@id":"https:\/\/www.integralpro.com.co\/#organization"},"potentialAction":[{"@type":"SearchAction","target":{"@type":"EntryPoint","urlTemplate":"https:\/\/www.integralpro.com.co\/?s={search_term_string}"},"query-input":{"@type":"PropertyValueSpecification","valueRequired":true,"valueName":"search_term_string"}}],"inLanguage":"es"},{"@type":"Organization","@id":"https:\/\/www.integralpro.com.co\/#organization","name":"IntegralPro SAS","url":"https:\/\/www.integralpro.com.co\/","logo":{"@type":"ImageObject","inLanguage":"es","@id":"https:\/\/www.integralpro.com.co\/#\/schema\/logo\/image\/","url":"https:\/\/www.integralpro.com.co\/wp-content\/uploads\/2021\/02\/logo-def.jpg","contentUrl":"https:\/\/www.integralpro.com.co\/wp-content\/uploads\/2021\/02\/logo-def.jpg","width":238,"height":234,"caption":"IntegralPro SAS"},"image":{"@id":"https:\/\/www.integralpro.com.co\/#\/schema\/logo\/image\/"}}]}},"_links":{"self":[{"href":"https:\/\/www.integralpro.com.co\/index.php\/wp-json\/wp\/v2\/product\/1843","targetHints":{"allow":["GET"]}}],"collection":[{"href":"https:\/\/www.integralpro.com.co\/index.php\/wp-json\/wp\/v2\/product"}],"about":[{"href":"https:\/\/www.integralpro.com.co\/index.php\/wp-json\/wp\/v2\/types\/product"}],"version-history":[{"count":1,"href":"https:\/\/www.integralpro.com.co\/index.php\/wp-json\/wp\/v2\/product\/1843\/revisions"}],"predecessor-version":[{"id":1908,"href":"https:\/\/www.integralpro.com.co\/index.php\/wp-json\/wp\/v2\/product\/1843\/revisions\/1908"}],"wp:featuredmedia":[{"embeddable":true,"href":"https:\/\/www.integralpro.com.co\/index.php\/wp-json\/wp\/v2\/media\/1907"}],"wp:attachment":[{"href":"https:\/\/www.integralpro.com.co\/index.php\/wp-json\/wp\/v2\/media?parent=1843"}],"wp:term":[{"taxonomy":"product_brand","embeddable":true,"href":"https:\/\/www.integralpro.com.co\/index.php\/wp-json\/wp\/v2\/product_brand?post=1843"},{"taxonomy":"product_cat","embeddable":true,"href":"https:\/\/www.integralpro.com.co\/index.php\/wp-json\/wp\/v2\/product_cat?post=1843"},{"taxonomy":"product_tag","embeddable":true,"href":"https:\/\/www.integralpro.com.co\/index.php\/wp-json\/wp\/v2\/product_tag?post=1843"}],"curies":[{"name":"wp","href":"https:\/\/api.w.org\/{rel}","templated":true}]}}