{"id":1842,"date":"2021-02-19T14:50:36","date_gmt":"2021-02-19T19:50:36","guid":{"rendered":"https:\/\/www.integralpro.com.co\/index.php\/producto\/import-placeholder-for-1072\/"},"modified":"2021-02-19T14:51:09","modified_gmt":"2021-02-19T19:51:09","slug":"televisor-samsung-flat-led-smart-tv-32-pulgadas-hd-hdmi-usb","status":"publish","type":"product","link":"https:\/\/www.integralpro.com.co\/index.php\/producto\/televisor-samsung-flat-led-smart-tv-32-pulgadas-hd-hdmi-usb\/","title":{"rendered":"Televisor Samsung Flat Led Smart Tv 32 Pulgadas Hd Hdmi Usb"},"content":{"rendered":"<p>Calidad de imagen HD<br \/>Disfruta de la TV HD en la era digital. Cuando veas este televisor con imagen de alta calidad con n\u00edtidos y vivos detalles, no querr\u00e1s volver a ver los televisores tradicionales.<\/p>\n<p><\/p>\n<p><strong>Conecta y comparte contenidos<\/strong><\/p>\n<p><\/p>\n<p>Conecta tus contenidos de la web y de entretenimiento con tu TV. Reproduce videos, escucha m\u00fasica o proyecta fotos a trav\u00e9s de una conexi\u00f3n USB.<\/p>\n<p><\/p>\n<p><strong>Wide Color Enhancer<br \/><\/strong><\/p>\n<p><\/p>\n<p>Wide Colour Enhancer mejora la calidad de imagen y revela los detalles con los colores tal como deben verse.<\/p>\n<p><\/p>\n<p><strong>Especificaciones T\u00e9cnicas<\/strong><\/p>\n<p><\/p>\n<p>Tama\u00f1o del empaque (AnxAlxP)<br \/>879.0 x 500.0 x 127.0 mm<\/p>\n<p>Ajustar medida con soporte (AnxAlxP)<br \/>737.4 x 465.4 x 150.5 mm<\/p>\n<p>Tama\u00f1o sin soporte de mesa (AnxAlxP)<br \/>737.4 x 438.0 x 74.1 mm<\/p>\n<p>Peso con el empaque<br \/>5.6 kg<\/p>\n<p>Peso con el soporte<br \/>3.9 kg<\/p>\n<p>Peso sin el soporte<br \/>3.8 kg<\/p>\n<p>Tipo de producto<br \/>LED<\/p>\n<p>Serie<br \/>4<\/p>\n<p>Tama\u00f1o de pantalla<br \/>32&#8243;<\/p>\n<p>Resoluci\u00f3n<br \/>1,366 x 768<\/p>\n<p>Procesador de imagen<br \/>HyperReal<\/p>\n<p>\u00cdndice de movimiento<br \/>60Hz<\/p>\n<p>PQI (\u00cdndice de calidad de la imagen)<br \/>100<\/p>\n<p>Modo Pel\u00edcula<br \/>Si<\/p>\n<p>Dolby Digital Plus<br \/>Si<\/p>\n<p>Salida para sonido (RMS)<br \/>10W<\/p>\n<p>Tipo de altavoz<br \/>2CH<\/p>\n<p>Smart TV<br \/>Smart<\/p>\n<p>Navegador web<br \/>Si<\/p>\n<p>Transmisi\u00f3n digital<br \/>DVB-T2<\/p>\n<p>Sintonizador an\u00e1logo<br \/>Si<\/p>\n<p>HDMI<br \/>2<\/p>\n<p>USB<br \/>1<\/p>\n<p>Entrada para componente (Y\/Pb\/Pr)<br \/>1<\/p>\n<p>Entrada combinada (AV)<br \/>1 (Common Use for Component Y)<\/p>\n<p>Ethernet (LAN)<br \/>1<br \/>Salida para audio (Miniconector)<br \/>1<\/p>\n<p>Entrada para RF (Entrada terrestre y de cable)<br \/>1\/0\/0<\/p>\n<p>Integrado inal\u00e1mbrico de LAN<br \/>Si<\/p>\n<p>Anynet+ (HDMI-CEC)<br \/>Si<\/p>\n<p>Dise\u00f1o<br \/>Mold<\/p>\n<p>Tipo de marco<br \/>VNB<\/p>\n<p>Tipo Semi Slim<\/p>\n<p>Color frontal<br \/>Black Hairline<\/p>\n<p>Tipo Stand<br \/>Mini Arc<\/p>\n<p>Accesibilidad<br \/>Si(Zoom)<\/p>\n<p>Visi\u00f3n n\u00edtida digital<br \/>Si<\/p>\n<p>B\u00fasqueda autom\u00e1tica de canal<br \/>Si<\/p>\n<p>Apagado autom\u00e1tico<br \/>Si<\/p>\n<p>Subt\u00edtulos<br \/>Si<\/p>\n<p>ConnectShare\u2122 (USB 2.0)<br \/>Si<\/p>\n<p>EPG<br \/>Si<\/p>\n<p>Modo Juegos<br \/>Si<\/p>\n<p>Idioma OSD<br \/>Local<\/p>\n<p>Picture-In-Picture<br \/>Si<\/p>\n<p>Soporte para USB HID<br \/>Si<\/p>\n<p>Alimentaci\u00f3n de energ\u00eda<br \/>AC100-240V 50\/60Hz<\/p>\n<p>Consumo de energ\u00eda (m\u00e1x.)<br \/>59 W<\/p>\n<p>Consumo anual de energ\u00eda (norma de la UE)<br \/>N\/A kWh<\/p>\n<p> <\/p>\n<p><\/p>\n<p><strong>Contenido Del Paquete<\/strong><\/p>\n<p><\/p>\n<p>Televisor &#8211; Control remoto &#8211; Cable de alimentaci\u00f3n &#8211; Documentaci\u00f3n<\/p>\n","protected":false},"excerpt":{"rendered":"<p># DE PARTE:UN32J4290AKXZL<\/p>\n","protected":false},"featured_media":1905,"template":"","meta":{"site-sidebar-layout":"default","site-content-layout":"","ast-site-content-layout":"default","site-content-style":"default","site-sidebar-style":"default","ast-global-header-display":"","ast-banner-title-visibility":"","ast-main-header-display":"","ast-hfb-above-header-display":"","ast-hfb-below-header-display":"","ast-hfb-mobile-header-display":"","site-post-title":"","ast-breadcrumbs-content":"","ast-featured-img":"","footer-sml-layout":"","ast-disable-related-posts":"","theme-transparent-header-meta":"","adv-header-id-meta":"","stick-header-meta":"","header-above-stick-meta":"","header-main-stick-meta":"","header-below-stick-meta":"","astra-migrate-meta-layouts":"default","ast-page-background-enabled":"default","ast-page-background-meta":{"desktop":{"background-color":"var(--ast-global-color-4)","background-image":"","background-repeat":"repeat","background-position":"center center","background-size":"auto","background-attachment":"scroll","background-type":"","background-media":"","overlay-type":"","overlay-color":"","overlay-opacity":"","overlay-gradient":""},"tablet":{"background-color":"","background-image":"","background-repeat":"repeat","background-position":"center center","background-size":"auto","background-attachment":"scroll","background-type":"","background-media":"","overlay-type":"","overlay-color":"","overlay-opacity":"","overlay-gradient":""},"mobile":{"background-color":"","background-image":"","background-repeat":"repeat","background-position":"center center","background-size":"auto","background-attachment":"scroll","background-type":"","background-media":"","overlay-type":"","overlay-color":"","overlay-opacity":"","overlay-gradient":""}},"ast-content-background-meta":{"desktop":{"background-color":"var(--ast-global-color-5)","background-image":"","background-repeat":"repeat","background-position":"center center","background-size":"auto","background-attachment":"scroll","background-type":"","background-media":"","overlay-type":"","overlay-color":"","overlay-opacity":"","overlay-gradient":""},"tablet":{"background-color":"var(--ast-global-color-5)","background-image":"","background-repeat":"repeat","background-position":"center center","background-size":"auto","background-attachment":"scroll","background-type":"","background-media":"","overlay-type":"","overlay-color":"","overlay-opacity":"","overlay-gradient":""},"mobile":{"background-color":"var(--ast-global-color-5)","background-image":"","background-repeat":"repeat","background-position":"center center","background-size":"auto","background-attachment":"scroll","background-type":"","background-media":"","overlay-type":"","overlay-color":"","overlay-opacity":"","overlay-gradient":""}}},"product_brand":[],"product_cat":[159,64],"product_tag":[44],"class_list":{"0":"post-1842","1":"product","2":"type-product","3":"status-publish","4":"has-post-thumbnail","6":"product_cat-smart-tv","7":"product_cat-televisores","8":"product_tag-samsung","9":"desktop-align-left","10":"tablet-align-left","11":"mobile-align-left","13":"first","14":"instock","15":"taxable","16":"shipping-taxable","17":"product-type-simple"},"yoast_head":"<!-- This site is optimized with the Yoast SEO plugin v27.4 - https:\/\/yoast.com\/product\/yoast-seo-wordpress\/ -->\n<title>Televisor Samsung Flat Led Smart Tv 32 Pulgadas Hd Hdmi Usb - IntegralPro<\/title>\n<meta name=\"robots\" content=\"index, follow, max-snippet:-1, max-image-preview:large, max-video-preview:-1\" \/>\n<link rel=\"canonical\" href=\"https:\/\/www.integralpro.com.co\/index.php\/producto\/televisor-samsung-flat-led-smart-tv-32-pulgadas-hd-hdmi-usb\/\" \/>\n<meta property=\"og:locale\" content=\"es_ES\" \/>\n<meta property=\"og:type\" content=\"article\" \/>\n<meta property=\"og:title\" content=\"Televisor Samsung Flat Led Smart Tv 32 Pulgadas Hd Hdmi Usb - IntegralPro\" \/>\n<meta property=\"og:description\" content=\"# DE PARTE:UN32J4290AKXZL\" \/>\n<meta property=\"og:url\" content=\"https:\/\/www.integralpro.com.co\/index.php\/producto\/televisor-samsung-flat-led-smart-tv-32-pulgadas-hd-hdmi-usb\/\" \/>\n<meta property=\"og:site_name\" content=\"IntegralPro\" \/>\n<meta property=\"article:modified_time\" content=\"2021-02-19T19:51:09+00:00\" \/>\n<meta property=\"og:image\" content=\"https:\/\/www.integralpro.com.co\/wp-content\/uploads\/2021\/02\/d211715e8cf1c663e9ff94b1128eff84.jpg\" \/>\n\t<meta property=\"og:image:width\" content=\"1000\" \/>\n\t<meta property=\"og:image:height\" content=\"1000\" \/>\n\t<meta property=\"og:image:type\" content=\"image\/jpeg\" \/>\n<meta name=\"twitter:card\" content=\"summary_large_image\" \/>\n<meta name=\"twitter:label1\" content=\"Tiempo de lectura\" \/>\n\t<meta name=\"twitter:data1\" content=\"1 minuto\" \/>\n<script type=\"application\/ld+json\" class=\"yoast-schema-graph\">{\"@context\":\"https:\\\/\\\/schema.org\",\"@graph\":[{\"@type\":\"WebPage\",\"@id\":\"https:\\\/\\\/www.integralpro.com.co\\\/index.php\\\/producto\\\/televisor-samsung-flat-led-smart-tv-32-pulgadas-hd-hdmi-usb\\\/\",\"url\":\"https:\\\/\\\/www.integralpro.com.co\\\/index.php\\\/producto\\\/televisor-samsung-flat-led-smart-tv-32-pulgadas-hd-hdmi-usb\\\/\",\"name\":\"Televisor Samsung Flat Led Smart Tv 32 Pulgadas Hd Hdmi Usb - IntegralPro\",\"isPartOf\":{\"@id\":\"https:\\\/\\\/www.integralpro.com.co\\\/#website\"},\"primaryImageOfPage\":{\"@id\":\"https:\\\/\\\/www.integralpro.com.co\\\/index.php\\\/producto\\\/televisor-samsung-flat-led-smart-tv-32-pulgadas-hd-hdmi-usb\\\/#primaryimage\"},\"image\":{\"@id\":\"https:\\\/\\\/www.integralpro.com.co\\\/index.php\\\/producto\\\/televisor-samsung-flat-led-smart-tv-32-pulgadas-hd-hdmi-usb\\\/#primaryimage\"},\"thumbnailUrl\":\"https:\\\/\\\/www.integralpro.com.co\\\/wp-content\\\/uploads\\\/2021\\\/02\\\/d211715e8cf1c663e9ff94b1128eff84.jpg\",\"datePublished\":\"2021-02-19T19:50:36+00:00\",\"dateModified\":\"2021-02-19T19:51:09+00:00\",\"breadcrumb\":{\"@id\":\"https:\\\/\\\/www.integralpro.com.co\\\/index.php\\\/producto\\\/televisor-samsung-flat-led-smart-tv-32-pulgadas-hd-hdmi-usb\\\/#breadcrumb\"},\"inLanguage\":\"es\",\"potentialAction\":[{\"@type\":\"ReadAction\",\"target\":[\"https:\\\/\\\/www.integralpro.com.co\\\/index.php\\\/producto\\\/televisor-samsung-flat-led-smart-tv-32-pulgadas-hd-hdmi-usb\\\/\"]}]},{\"@type\":\"ImageObject\",\"inLanguage\":\"es\",\"@id\":\"https:\\\/\\\/www.integralpro.com.co\\\/index.php\\\/producto\\\/televisor-samsung-flat-led-smart-tv-32-pulgadas-hd-hdmi-usb\\\/#primaryimage\",\"url\":\"https:\\\/\\\/www.integralpro.com.co\\\/wp-content\\\/uploads\\\/2021\\\/02\\\/d211715e8cf1c663e9ff94b1128eff84.jpg\",\"contentUrl\":\"https:\\\/\\\/www.integralpro.com.co\\\/wp-content\\\/uploads\\\/2021\\\/02\\\/d211715e8cf1c663e9ff94b1128eff84.jpg\",\"width\":1000,\"height\":1000},{\"@type\":\"BreadcrumbList\",\"@id\":\"https:\\\/\\\/www.integralpro.com.co\\\/index.php\\\/producto\\\/televisor-samsung-flat-led-smart-tv-32-pulgadas-hd-hdmi-usb\\\/#breadcrumb\",\"itemListElement\":[{\"@type\":\"ListItem\",\"position\":1,\"name\":\"Portada\",\"item\":\"https:\\\/\\\/www.integralpro.com.co\\\/\"},{\"@type\":\"ListItem\",\"position\":2,\"name\":\"Tienda\",\"item\":\"https:\\\/\\\/www.integralpro.com.co\\\/index.php\\\/tienda\\\/\"},{\"@type\":\"ListItem\",\"position\":3,\"name\":\"Televisor Samsung Flat Led Smart Tv 32 Pulgadas Hd Hdmi Usb\"}]},{\"@type\":\"WebSite\",\"@id\":\"https:\\\/\\\/www.integralpro.com.co\\\/#website\",\"url\":\"https:\\\/\\\/www.integralpro.com.co\\\/\",\"name\":\"IntegralPro\",\"description\":\"Tienda de Tecnolog\u00eda en L\u00ednea\",\"publisher\":{\"@id\":\"https:\\\/\\\/www.integralpro.com.co\\\/#organization\"},\"potentialAction\":[{\"@type\":\"SearchAction\",\"target\":{\"@type\":\"EntryPoint\",\"urlTemplate\":\"https:\\\/\\\/www.integralpro.com.co\\\/?s={search_term_string}\"},\"query-input\":{\"@type\":\"PropertyValueSpecification\",\"valueRequired\":true,\"valueName\":\"search_term_string\"}}],\"inLanguage\":\"es\"},{\"@type\":\"Organization\",\"@id\":\"https:\\\/\\\/www.integralpro.com.co\\\/#organization\",\"name\":\"IntegralPro SAS\",\"url\":\"https:\\\/\\\/www.integralpro.com.co\\\/\",\"logo\":{\"@type\":\"ImageObject\",\"inLanguage\":\"es\",\"@id\":\"https:\\\/\\\/www.integralpro.com.co\\\/#\\\/schema\\\/logo\\\/image\\\/\",\"url\":\"https:\\\/\\\/www.integralpro.com.co\\\/wp-content\\\/uploads\\\/2021\\\/02\\\/logo-def.jpg\",\"contentUrl\":\"https:\\\/\\\/www.integralpro.com.co\\\/wp-content\\\/uploads\\\/2021\\\/02\\\/logo-def.jpg\",\"width\":238,\"height\":234,\"caption\":\"IntegralPro SAS\"},\"image\":{\"@id\":\"https:\\\/\\\/www.integralpro.com.co\\\/#\\\/schema\\\/logo\\\/image\\\/\"}}]}<\/script>\n<!-- \/ Yoast SEO plugin. -->","yoast_head_json":{"title":"Televisor Samsung Flat Led Smart Tv 32 Pulgadas Hd Hdmi Usb - IntegralPro","robots":{"index":"index","follow":"follow","max-snippet":"max-snippet:-1","max-image-preview":"max-image-preview:large","max-video-preview":"max-video-preview:-1"},"canonical":"https:\/\/www.integralpro.com.co\/index.php\/producto\/televisor-samsung-flat-led-smart-tv-32-pulgadas-hd-hdmi-usb\/","og_locale":"es_ES","og_type":"article","og_title":"Televisor Samsung Flat Led Smart Tv 32 Pulgadas Hd Hdmi Usb - IntegralPro","og_description":"# DE PARTE:UN32J4290AKXZL","og_url":"https:\/\/www.integralpro.com.co\/index.php\/producto\/televisor-samsung-flat-led-smart-tv-32-pulgadas-hd-hdmi-usb\/","og_site_name":"IntegralPro","article_modified_time":"2021-02-19T19:51:09+00:00","og_image":[{"width":1000,"height":1000,"url":"https:\/\/www.integralpro.com.co\/wp-content\/uploads\/2021\/02\/d211715e8cf1c663e9ff94b1128eff84.jpg","type":"image\/jpeg"}],"twitter_card":"summary_large_image","twitter_misc":{"Tiempo de lectura":"1 minuto"},"schema":{"@context":"https:\/\/schema.org","@graph":[{"@type":"WebPage","@id":"https:\/\/www.integralpro.com.co\/index.php\/producto\/televisor-samsung-flat-led-smart-tv-32-pulgadas-hd-hdmi-usb\/","url":"https:\/\/www.integralpro.com.co\/index.php\/producto\/televisor-samsung-flat-led-smart-tv-32-pulgadas-hd-hdmi-usb\/","name":"Televisor Samsung Flat Led Smart Tv 32 Pulgadas Hd Hdmi Usb - IntegralPro","isPartOf":{"@id":"https:\/\/www.integralpro.com.co\/#website"},"primaryImageOfPage":{"@id":"https:\/\/www.integralpro.com.co\/index.php\/producto\/televisor-samsung-flat-led-smart-tv-32-pulgadas-hd-hdmi-usb\/#primaryimage"},"image":{"@id":"https:\/\/www.integralpro.com.co\/index.php\/producto\/televisor-samsung-flat-led-smart-tv-32-pulgadas-hd-hdmi-usb\/#primaryimage"},"thumbnailUrl":"https:\/\/www.integralpro.com.co\/wp-content\/uploads\/2021\/02\/d211715e8cf1c663e9ff94b1128eff84.jpg","datePublished":"2021-02-19T19:50:36+00:00","dateModified":"2021-02-19T19:51:09+00:00","breadcrumb":{"@id":"https:\/\/www.integralpro.com.co\/index.php\/producto\/televisor-samsung-flat-led-smart-tv-32-pulgadas-hd-hdmi-usb\/#breadcrumb"},"inLanguage":"es","potentialAction":[{"@type":"ReadAction","target":["https:\/\/www.integralpro.com.co\/index.php\/producto\/televisor-samsung-flat-led-smart-tv-32-pulgadas-hd-hdmi-usb\/"]}]},{"@type":"ImageObject","inLanguage":"es","@id":"https:\/\/www.integralpro.com.co\/index.php\/producto\/televisor-samsung-flat-led-smart-tv-32-pulgadas-hd-hdmi-usb\/#primaryimage","url":"https:\/\/www.integralpro.com.co\/wp-content\/uploads\/2021\/02\/d211715e8cf1c663e9ff94b1128eff84.jpg","contentUrl":"https:\/\/www.integralpro.com.co\/wp-content\/uploads\/2021\/02\/d211715e8cf1c663e9ff94b1128eff84.jpg","width":1000,"height":1000},{"@type":"BreadcrumbList","@id":"https:\/\/www.integralpro.com.co\/index.php\/producto\/televisor-samsung-flat-led-smart-tv-32-pulgadas-hd-hdmi-usb\/#breadcrumb","itemListElement":[{"@type":"ListItem","position":1,"name":"Portada","item":"https:\/\/www.integralpro.com.co\/"},{"@type":"ListItem","position":2,"name":"Tienda","item":"https:\/\/www.integralpro.com.co\/index.php\/tienda\/"},{"@type":"ListItem","position":3,"name":"Televisor Samsung Flat Led Smart Tv 32 Pulgadas Hd Hdmi Usb"}]},{"@type":"WebSite","@id":"https:\/\/www.integralpro.com.co\/#website","url":"https:\/\/www.integralpro.com.co\/","name":"IntegralPro","description":"Tienda de Tecnolog\u00eda en L\u00ednea","publisher":{"@id":"https:\/\/www.integralpro.com.co\/#organization"},"potentialAction":[{"@type":"SearchAction","target":{"@type":"EntryPoint","urlTemplate":"https:\/\/www.integralpro.com.co\/?s={search_term_string}"},"query-input":{"@type":"PropertyValueSpecification","valueRequired":true,"valueName":"search_term_string"}}],"inLanguage":"es"},{"@type":"Organization","@id":"https:\/\/www.integralpro.com.co\/#organization","name":"IntegralPro SAS","url":"https:\/\/www.integralpro.com.co\/","logo":{"@type":"ImageObject","inLanguage":"es","@id":"https:\/\/www.integralpro.com.co\/#\/schema\/logo\/image\/","url":"https:\/\/www.integralpro.com.co\/wp-content\/uploads\/2021\/02\/logo-def.jpg","contentUrl":"https:\/\/www.integralpro.com.co\/wp-content\/uploads\/2021\/02\/logo-def.jpg","width":238,"height":234,"caption":"IntegralPro SAS"},"image":{"@id":"https:\/\/www.integralpro.com.co\/#\/schema\/logo\/image\/"}}]}},"_links":{"self":[{"href":"https:\/\/www.integralpro.com.co\/index.php\/wp-json\/wp\/v2\/product\/1842","targetHints":{"allow":["GET"]}}],"collection":[{"href":"https:\/\/www.integralpro.com.co\/index.php\/wp-json\/wp\/v2\/product"}],"about":[{"href":"https:\/\/www.integralpro.com.co\/index.php\/wp-json\/wp\/v2\/types\/product"}],"version-history":[{"count":1,"href":"https:\/\/www.integralpro.com.co\/index.php\/wp-json\/wp\/v2\/product\/1842\/revisions"}],"predecessor-version":[{"id":1906,"href":"https:\/\/www.integralpro.com.co\/index.php\/wp-json\/wp\/v2\/product\/1842\/revisions\/1906"}],"wp:featuredmedia":[{"embeddable":true,"href":"https:\/\/www.integralpro.com.co\/index.php\/wp-json\/wp\/v2\/media\/1905"}],"wp:attachment":[{"href":"https:\/\/www.integralpro.com.co\/index.php\/wp-json\/wp\/v2\/media?parent=1842"}],"wp:term":[{"taxonomy":"product_brand","embeddable":true,"href":"https:\/\/www.integralpro.com.co\/index.php\/wp-json\/wp\/v2\/product_brand?post=1842"},{"taxonomy":"product_cat","embeddable":true,"href":"https:\/\/www.integralpro.com.co\/index.php\/wp-json\/wp\/v2\/product_cat?post=1842"},{"taxonomy":"product_tag","embeddable":true,"href":"https:\/\/www.integralpro.com.co\/index.php\/wp-json\/wp\/v2\/product_tag?post=1842"}],"curies":[{"name":"wp","href":"https:\/\/api.w.org\/{rel}","templated":true}]}}