{"id":1840,"date":"2021-02-19T14:50:36","date_gmt":"2021-02-19T19:50:36","guid":{"rendered":"https:\/\/www.integralpro.com.co\/index.php\/producto\/import-placeholder-for-1070\/"},"modified":"2021-02-19T14:51:06","modified_gmt":"2021-02-19T19:51:06","slug":"televisor-samsung-j5290-flat-smart-tv-49-pulg-un49j5290akxzl","status":"publish","type":"product","link":"https:\/\/www.integralpro.com.co\/index.php\/producto\/televisor-samsung-j5290-flat-smart-tv-49-pulg-un49j5290akxzl\/","title":{"rendered":"Televisor Samsung J5290 Flat Smart Tv 49 Pulg Un49J5290Akxzl"},"content":{"rendered":"<p>Disfruta del Full HD en su m\u00e1xima expresi\u00f3n, clean View,&nbsp;Clean View reduce el ruido y la interferencia, mientras mejora el color y el contraste para lograr una imagen m\u00e1s n\u00edtida. Disfruta de todos tus contenidos con una calidad de imagen refinada.<\/p>\n<p><strong>Wide Color Enhancer<\/strong><\/p>\n<p>Wide Colour Enhancer mejora la calidad de imagen y revela los detalles con los colores tal como deben verse.<br \/>&nbsp;<\/p>\n<p><strong>Calidad de imagen Full HD<\/strong><\/p>\n<p>Tus pel\u00edculas y programas de TV favoritos toman vida. D\u00e9jate sorprender por su rica y brillante textura de imagen Full HD.<br \/>&nbsp;<\/p>\n<p><strong>Conecta y comparte contenidos<\/strong><\/p>\n<p>Conecta tus contenidos de la web y de entretenimiento con tu TV. Reproduce videos, escucha m\u00fasica o proyecta fotos a trav\u00e9s de una conexi\u00f3n USB.<br \/>&nbsp;<\/p>\n<p><strong>Especificaciones T\u00e9cnicas<\/strong><\/p>\n<p>Dimensiones 111 x 67 x 19 cm<br \/>Peso 10 Kg<br \/>Tipo de productoLED<br \/>Serie5<br \/>PantallaTama\u00f1o de pantalla49&#8243;<br \/>Resoluci\u00f3n<br \/>1,920 x 1,080<br \/>Video<br \/>Procesador de imagen<br \/>HyperReal<br \/>\u00cdndice de movimiento 60<br \/>PQI (\u00cdndice de calidad de la imagen) 200<br \/>Modo Pel\u00edcula Si<br \/>Soporte para modo Natural Si<br \/>Audio Dolby Digital Plus Si<br \/>Salida para sonido (RMS) 20W<br \/>Tipo de altavoz 2CH<br \/>TV SMART Samsung Smart<br \/>Navegador web Si<br \/>M\u00f3vil a TV &#8211; Replicaci\u00f3n, DLNA Si<br \/>WiFi Direct Si<br \/>Transmisi\u00f3n digital DVB-T2<br \/>Sintonizador an\u00e1logo Si<br \/>HDMI 2<br \/>USB 1<br \/>Entrada para componente (Y\/Pb\/Pr)1<br \/>Entrada combinada (AV) 1 (Common Use for Component Y)<br \/>Ethernet (LAN)Si<br \/>Salida para audio (Miniconector)1<br \/>Entrada para RF (Entrada terrestre y de cable)1\/1(Common Use for Terrestrial)\/0<br \/>Soporte para adaptador inal\u00e1mbrico de LAN N\/A<br \/>Integrado inal\u00e1mbrico de LAN<br \/>Si Anynet+ (HDMI-CEC) Si<br \/>Dise\u00f1o Slim Edge Mold<br \/>Tipo de marco VNB<br \/>Tipo delgado Semi Slim<br \/>Color frontal<br \/>Black Hairline<br \/>Tipo Stand Mini Arc<br \/>Alimentaci\u00f3n de energ\u00eda<br \/>AC100-240V 50\/60Hz<br \/>Consumo de energ\u00eda (Max)<br \/>138 W<br \/>Consumo anual de energ\u00eda (norma de la UE)<br \/>N\/A kWh<\/p>\n<p><strong>Contenido Del Paquete<\/strong><\/p>\n<p>Televisor &#8211; Control remoto &#8211; Soporte Vesa para soporte en pared&nbsp;&#8211; Minisoporte para soporte en pared &#8211; Documentaci\u00f3n<\/p>\n","protected":false},"excerpt":{"rendered":"<p># DE PARTE:UN49J5290AKXZL<\/p>\n","protected":false},"featured_media":1901,"template":"","meta":{"site-sidebar-layout":"default","site-content-layout":"","ast-site-content-layout":"default","site-content-style":"default","site-sidebar-style":"default","ast-global-header-display":"","ast-banner-title-visibility":"","ast-main-header-display":"","ast-hfb-above-header-display":"","ast-hfb-below-header-display":"","ast-hfb-mobile-header-display":"","site-post-title":"","ast-breadcrumbs-content":"","ast-featured-img":"","footer-sml-layout":"","ast-disable-related-posts":"","theme-transparent-header-meta":"","adv-header-id-meta":"","stick-header-meta":"","header-above-stick-meta":"","header-main-stick-meta":"","header-below-stick-meta":"","astra-migrate-meta-layouts":"default","ast-page-background-enabled":"default","ast-page-background-meta":{"desktop":{"background-color":"var(--ast-global-color-4)","background-image":"","background-repeat":"repeat","background-position":"center center","background-size":"auto","background-attachment":"scroll","background-type":"","background-media":"","overlay-type":"","overlay-color":"","overlay-opacity":"","overlay-gradient":""},"tablet":{"background-color":"","background-image":"","background-repeat":"repeat","background-position":"center center","background-size":"auto","background-attachment":"scroll","background-type":"","background-media":"","overlay-type":"","overlay-color":"","overlay-opacity":"","overlay-gradient":""},"mobile":{"background-color":"","background-image":"","background-repeat":"repeat","background-position":"center center","background-size":"auto","background-attachment":"scroll","background-type":"","background-media":"","overlay-type":"","overlay-color":"","overlay-opacity":"","overlay-gradient":""}},"ast-content-background-meta":{"desktop":{"background-color":"var(--ast-global-color-5)","background-image":"","background-repeat":"repeat","background-position":"center center","background-size":"auto","background-attachment":"scroll","background-type":"","background-media":"","overlay-type":"","overlay-color":"","overlay-opacity":"","overlay-gradient":""},"tablet":{"background-color":"var(--ast-global-color-5)","background-image":"","background-repeat":"repeat","background-position":"center center","background-size":"auto","background-attachment":"scroll","background-type":"","background-media":"","overlay-type":"","overlay-color":"","overlay-opacity":"","overlay-gradient":""},"mobile":{"background-color":"var(--ast-global-color-5)","background-image":"","background-repeat":"repeat","background-position":"center center","background-size":"auto","background-attachment":"scroll","background-type":"","background-media":"","overlay-type":"","overlay-color":"","overlay-opacity":"","overlay-gradient":""}}},"product_brand":[],"product_cat":[159,64],"product_tag":[44],"class_list":{"0":"post-1840","1":"product","2":"type-product","3":"status-publish","4":"has-post-thumbnail","6":"product_cat-smart-tv","7":"product_cat-televisores","8":"product_tag-samsung","9":"desktop-align-left","10":"tablet-align-left","11":"mobile-align-left","13":"first","14":"instock","15":"taxable","16":"shipping-taxable","17":"product-type-simple"},"yoast_head":"<!-- This site is optimized with the Yoast SEO plugin v27.4 - https:\/\/yoast.com\/product\/yoast-seo-wordpress\/ -->\n<title>Televisor Samsung J5290 Flat Smart Tv 49 Pulg Un49J5290Akxzl - IntegralPro<\/title>\n<meta name=\"robots\" content=\"index, follow, max-snippet:-1, max-image-preview:large, max-video-preview:-1\" \/>\n<link rel=\"canonical\" href=\"https:\/\/www.integralpro.com.co\/index.php\/producto\/televisor-samsung-j5290-flat-smart-tv-49-pulg-un49j5290akxzl\/\" \/>\n<meta property=\"og:locale\" content=\"es_ES\" \/>\n<meta property=\"og:type\" content=\"article\" \/>\n<meta property=\"og:title\" content=\"Televisor Samsung J5290 Flat Smart Tv 49 Pulg Un49J5290Akxzl - IntegralPro\" \/>\n<meta property=\"og:description\" content=\"# DE PARTE:UN49J5290AKXZL\" \/>\n<meta property=\"og:url\" content=\"https:\/\/www.integralpro.com.co\/index.php\/producto\/televisor-samsung-j5290-flat-smart-tv-49-pulg-un49j5290akxzl\/\" \/>\n<meta property=\"og:site_name\" content=\"IntegralPro\" \/>\n<meta property=\"article:modified_time\" content=\"2021-02-19T19:51:06+00:00\" \/>\n<meta property=\"og:image\" content=\"https:\/\/www.integralpro.com.co\/wp-content\/uploads\/2021\/02\/f520c49398396db4bf869d6dc8961f2e.jpg\" \/>\n\t<meta property=\"og:image:width\" content=\"1000\" \/>\n\t<meta property=\"og:image:height\" content=\"1000\" \/>\n\t<meta property=\"og:image:type\" content=\"image\/jpeg\" \/>\n<meta name=\"twitter:card\" content=\"summary_large_image\" \/>\n<meta name=\"twitter:label1\" content=\"Tiempo de lectura\" \/>\n\t<meta name=\"twitter:data1\" content=\"2 minutos\" \/>\n<script type=\"application\/ld+json\" class=\"yoast-schema-graph\">{\"@context\":\"https:\\\/\\\/schema.org\",\"@graph\":[{\"@type\":\"WebPage\",\"@id\":\"https:\\\/\\\/www.integralpro.com.co\\\/index.php\\\/producto\\\/televisor-samsung-j5290-flat-smart-tv-49-pulg-un49j5290akxzl\\\/\",\"url\":\"https:\\\/\\\/www.integralpro.com.co\\\/index.php\\\/producto\\\/televisor-samsung-j5290-flat-smart-tv-49-pulg-un49j5290akxzl\\\/\",\"name\":\"Televisor Samsung J5290 Flat Smart Tv 49 Pulg Un49J5290Akxzl - IntegralPro\",\"isPartOf\":{\"@id\":\"https:\\\/\\\/www.integralpro.com.co\\\/#website\"},\"primaryImageOfPage\":{\"@id\":\"https:\\\/\\\/www.integralpro.com.co\\\/index.php\\\/producto\\\/televisor-samsung-j5290-flat-smart-tv-49-pulg-un49j5290akxzl\\\/#primaryimage\"},\"image\":{\"@id\":\"https:\\\/\\\/www.integralpro.com.co\\\/index.php\\\/producto\\\/televisor-samsung-j5290-flat-smart-tv-49-pulg-un49j5290akxzl\\\/#primaryimage\"},\"thumbnailUrl\":\"https:\\\/\\\/www.integralpro.com.co\\\/wp-content\\\/uploads\\\/2021\\\/02\\\/f520c49398396db4bf869d6dc8961f2e.jpg\",\"datePublished\":\"2021-02-19T19:50:36+00:00\",\"dateModified\":\"2021-02-19T19:51:06+00:00\",\"breadcrumb\":{\"@id\":\"https:\\\/\\\/www.integralpro.com.co\\\/index.php\\\/producto\\\/televisor-samsung-j5290-flat-smart-tv-49-pulg-un49j5290akxzl\\\/#breadcrumb\"},\"inLanguage\":\"es\",\"potentialAction\":[{\"@type\":\"ReadAction\",\"target\":[\"https:\\\/\\\/www.integralpro.com.co\\\/index.php\\\/producto\\\/televisor-samsung-j5290-flat-smart-tv-49-pulg-un49j5290akxzl\\\/\"]}]},{\"@type\":\"ImageObject\",\"inLanguage\":\"es\",\"@id\":\"https:\\\/\\\/www.integralpro.com.co\\\/index.php\\\/producto\\\/televisor-samsung-j5290-flat-smart-tv-49-pulg-un49j5290akxzl\\\/#primaryimage\",\"url\":\"https:\\\/\\\/www.integralpro.com.co\\\/wp-content\\\/uploads\\\/2021\\\/02\\\/f520c49398396db4bf869d6dc8961f2e.jpg\",\"contentUrl\":\"https:\\\/\\\/www.integralpro.com.co\\\/wp-content\\\/uploads\\\/2021\\\/02\\\/f520c49398396db4bf869d6dc8961f2e.jpg\",\"width\":1000,\"height\":1000},{\"@type\":\"BreadcrumbList\",\"@id\":\"https:\\\/\\\/www.integralpro.com.co\\\/index.php\\\/producto\\\/televisor-samsung-j5290-flat-smart-tv-49-pulg-un49j5290akxzl\\\/#breadcrumb\",\"itemListElement\":[{\"@type\":\"ListItem\",\"position\":1,\"name\":\"Portada\",\"item\":\"https:\\\/\\\/www.integralpro.com.co\\\/\"},{\"@type\":\"ListItem\",\"position\":2,\"name\":\"Tienda\",\"item\":\"https:\\\/\\\/www.integralpro.com.co\\\/index.php\\\/tienda\\\/\"},{\"@type\":\"ListItem\",\"position\":3,\"name\":\"Televisor Samsung J5290 Flat Smart Tv 49 Pulg Un49J5290Akxzl\"}]},{\"@type\":\"WebSite\",\"@id\":\"https:\\\/\\\/www.integralpro.com.co\\\/#website\",\"url\":\"https:\\\/\\\/www.integralpro.com.co\\\/\",\"name\":\"IntegralPro\",\"description\":\"Tienda de Tecnolog\u00eda en L\u00ednea\",\"publisher\":{\"@id\":\"https:\\\/\\\/www.integralpro.com.co\\\/#organization\"},\"potentialAction\":[{\"@type\":\"SearchAction\",\"target\":{\"@type\":\"EntryPoint\",\"urlTemplate\":\"https:\\\/\\\/www.integralpro.com.co\\\/?s={search_term_string}\"},\"query-input\":{\"@type\":\"PropertyValueSpecification\",\"valueRequired\":true,\"valueName\":\"search_term_string\"}}],\"inLanguage\":\"es\"},{\"@type\":\"Organization\",\"@id\":\"https:\\\/\\\/www.integralpro.com.co\\\/#organization\",\"name\":\"IntegralPro SAS\",\"url\":\"https:\\\/\\\/www.integralpro.com.co\\\/\",\"logo\":{\"@type\":\"ImageObject\",\"inLanguage\":\"es\",\"@id\":\"https:\\\/\\\/www.integralpro.com.co\\\/#\\\/schema\\\/logo\\\/image\\\/\",\"url\":\"https:\\\/\\\/www.integralpro.com.co\\\/wp-content\\\/uploads\\\/2021\\\/02\\\/logo-def.jpg\",\"contentUrl\":\"https:\\\/\\\/www.integralpro.com.co\\\/wp-content\\\/uploads\\\/2021\\\/02\\\/logo-def.jpg\",\"width\":238,\"height\":234,\"caption\":\"IntegralPro SAS\"},\"image\":{\"@id\":\"https:\\\/\\\/www.integralpro.com.co\\\/#\\\/schema\\\/logo\\\/image\\\/\"}}]}<\/script>\n<!-- \/ Yoast SEO plugin. -->","yoast_head_json":{"title":"Televisor Samsung J5290 Flat Smart Tv 49 Pulg Un49J5290Akxzl - IntegralPro","robots":{"index":"index","follow":"follow","max-snippet":"max-snippet:-1","max-image-preview":"max-image-preview:large","max-video-preview":"max-video-preview:-1"},"canonical":"https:\/\/www.integralpro.com.co\/index.php\/producto\/televisor-samsung-j5290-flat-smart-tv-49-pulg-un49j5290akxzl\/","og_locale":"es_ES","og_type":"article","og_title":"Televisor Samsung J5290 Flat Smart Tv 49 Pulg Un49J5290Akxzl - IntegralPro","og_description":"# DE PARTE:UN49J5290AKXZL","og_url":"https:\/\/www.integralpro.com.co\/index.php\/producto\/televisor-samsung-j5290-flat-smart-tv-49-pulg-un49j5290akxzl\/","og_site_name":"IntegralPro","article_modified_time":"2021-02-19T19:51:06+00:00","og_image":[{"width":1000,"height":1000,"url":"https:\/\/www.integralpro.com.co\/wp-content\/uploads\/2021\/02\/f520c49398396db4bf869d6dc8961f2e.jpg","type":"image\/jpeg"}],"twitter_card":"summary_large_image","twitter_misc":{"Tiempo de lectura":"2 minutos"},"schema":{"@context":"https:\/\/schema.org","@graph":[{"@type":"WebPage","@id":"https:\/\/www.integralpro.com.co\/index.php\/producto\/televisor-samsung-j5290-flat-smart-tv-49-pulg-un49j5290akxzl\/","url":"https:\/\/www.integralpro.com.co\/index.php\/producto\/televisor-samsung-j5290-flat-smart-tv-49-pulg-un49j5290akxzl\/","name":"Televisor Samsung J5290 Flat Smart Tv 49 Pulg Un49J5290Akxzl - IntegralPro","isPartOf":{"@id":"https:\/\/www.integralpro.com.co\/#website"},"primaryImageOfPage":{"@id":"https:\/\/www.integralpro.com.co\/index.php\/producto\/televisor-samsung-j5290-flat-smart-tv-49-pulg-un49j5290akxzl\/#primaryimage"},"image":{"@id":"https:\/\/www.integralpro.com.co\/index.php\/producto\/televisor-samsung-j5290-flat-smart-tv-49-pulg-un49j5290akxzl\/#primaryimage"},"thumbnailUrl":"https:\/\/www.integralpro.com.co\/wp-content\/uploads\/2021\/02\/f520c49398396db4bf869d6dc8961f2e.jpg","datePublished":"2021-02-19T19:50:36+00:00","dateModified":"2021-02-19T19:51:06+00:00","breadcrumb":{"@id":"https:\/\/www.integralpro.com.co\/index.php\/producto\/televisor-samsung-j5290-flat-smart-tv-49-pulg-un49j5290akxzl\/#breadcrumb"},"inLanguage":"es","potentialAction":[{"@type":"ReadAction","target":["https:\/\/www.integralpro.com.co\/index.php\/producto\/televisor-samsung-j5290-flat-smart-tv-49-pulg-un49j5290akxzl\/"]}]},{"@type":"ImageObject","inLanguage":"es","@id":"https:\/\/www.integralpro.com.co\/index.php\/producto\/televisor-samsung-j5290-flat-smart-tv-49-pulg-un49j5290akxzl\/#primaryimage","url":"https:\/\/www.integralpro.com.co\/wp-content\/uploads\/2021\/02\/f520c49398396db4bf869d6dc8961f2e.jpg","contentUrl":"https:\/\/www.integralpro.com.co\/wp-content\/uploads\/2021\/02\/f520c49398396db4bf869d6dc8961f2e.jpg","width":1000,"height":1000},{"@type":"BreadcrumbList","@id":"https:\/\/www.integralpro.com.co\/index.php\/producto\/televisor-samsung-j5290-flat-smart-tv-49-pulg-un49j5290akxzl\/#breadcrumb","itemListElement":[{"@type":"ListItem","position":1,"name":"Portada","item":"https:\/\/www.integralpro.com.co\/"},{"@type":"ListItem","position":2,"name":"Tienda","item":"https:\/\/www.integralpro.com.co\/index.php\/tienda\/"},{"@type":"ListItem","position":3,"name":"Televisor Samsung J5290 Flat Smart Tv 49 Pulg Un49J5290Akxzl"}]},{"@type":"WebSite","@id":"https:\/\/www.integralpro.com.co\/#website","url":"https:\/\/www.integralpro.com.co\/","name":"IntegralPro","description":"Tienda de Tecnolog\u00eda en L\u00ednea","publisher":{"@id":"https:\/\/www.integralpro.com.co\/#organization"},"potentialAction":[{"@type":"SearchAction","target":{"@type":"EntryPoint","urlTemplate":"https:\/\/www.integralpro.com.co\/?s={search_term_string}"},"query-input":{"@type":"PropertyValueSpecification","valueRequired":true,"valueName":"search_term_string"}}],"inLanguage":"es"},{"@type":"Organization","@id":"https:\/\/www.integralpro.com.co\/#organization","name":"IntegralPro SAS","url":"https:\/\/www.integralpro.com.co\/","logo":{"@type":"ImageObject","inLanguage":"es","@id":"https:\/\/www.integralpro.com.co\/#\/schema\/logo\/image\/","url":"https:\/\/www.integralpro.com.co\/wp-content\/uploads\/2021\/02\/logo-def.jpg","contentUrl":"https:\/\/www.integralpro.com.co\/wp-content\/uploads\/2021\/02\/logo-def.jpg","width":238,"height":234,"caption":"IntegralPro SAS"},"image":{"@id":"https:\/\/www.integralpro.com.co\/#\/schema\/logo\/image\/"}}]}},"_links":{"self":[{"href":"https:\/\/www.integralpro.com.co\/index.php\/wp-json\/wp\/v2\/product\/1840","targetHints":{"allow":["GET"]}}],"collection":[{"href":"https:\/\/www.integralpro.com.co\/index.php\/wp-json\/wp\/v2\/product"}],"about":[{"href":"https:\/\/www.integralpro.com.co\/index.php\/wp-json\/wp\/v2\/types\/product"}],"version-history":[{"count":1,"href":"https:\/\/www.integralpro.com.co\/index.php\/wp-json\/wp\/v2\/product\/1840\/revisions"}],"predecessor-version":[{"id":1902,"href":"https:\/\/www.integralpro.com.co\/index.php\/wp-json\/wp\/v2\/product\/1840\/revisions\/1902"}],"wp:featuredmedia":[{"embeddable":true,"href":"https:\/\/www.integralpro.com.co\/index.php\/wp-json\/wp\/v2\/media\/1901"}],"wp:attachment":[{"href":"https:\/\/www.integralpro.com.co\/index.php\/wp-json\/wp\/v2\/media?parent=1840"}],"wp:term":[{"taxonomy":"product_brand","embeddable":true,"href":"https:\/\/www.integralpro.com.co\/index.php\/wp-json\/wp\/v2\/product_brand?post=1840"},{"taxonomy":"product_cat","embeddable":true,"href":"https:\/\/www.integralpro.com.co\/index.php\/wp-json\/wp\/v2\/product_cat?post=1840"},{"taxonomy":"product_tag","embeddable":true,"href":"https:\/\/www.integralpro.com.co\/index.php\/wp-json\/wp\/v2\/product_tag?post=1840"}],"curies":[{"name":"wp","href":"https:\/\/api.w.org\/{rel}","templated":true}]}}