{"id":1723,"date":"2021-02-19T14:49:26","date_gmt":"2021-02-19T19:49:26","guid":{"rendered":"https:\/\/www.integralpro.com.co\/index.php\/producto\/import-placeholder-for-1035\/"},"modified":"2021-02-19T14:50:04","modified_gmt":"2021-02-19T19:50:04","slug":"camara-sony-compacta-dsc-w800-20-1mp-zoom-optico","status":"publish","type":"product","link":"https:\/\/www.integralpro.com.co\/index.php\/producto\/camara-sony-compacta-dsc-w800-20-1mp-zoom-optico\/","title":{"rendered":"Camara Sony Compacta DSC-W800 20.1Mp Zoom Optico"},"content":{"rendered":"<p>Fotograf\u00edas divertidas simplemente,&nbsp;Ya sean fotos de noche o de vacaciones, la W800, una c\u00e1mara digital compacta, cuenta con muchas funciones que hacen que sea f\u00e1cil capturar bellas fotos n\u00edtidas y video HD. Ac\u00e9rcate m\u00e1s con el zoom \u00f3ptico de 5x y cambia al modo fiesta para obtener excelentes tomas sin sacrificar la diversi\u00f3n.<\/p>\n<p><strong>Zoom \u00f3ptico 5x<strong style=\"color:rgb(117, 0, 0); font-weight:bold\">&nbsp;<\/strong><\/strong><\/p>\n<p>Para una claridad de imagen con zoom que los smartphones no pueden igualar, un zoom de 5x te acerca a la acci\u00f3n.&nbsp;Dise\u00f1ada para su bolsillo,La fotograf\u00eda de precisi\u00f3n se une a la portabilidad de un smartphone. La W800 es lo suficientemente peque\u00f1a como para sacar excelentes fotos, verse bien mientras las toma y deslizarse en tu bolsillo.&nbsp;<\/p>\n<p><strong>Tomar fotos ahora es f\u00e1cil<\/strong><\/p>\n<p>Capturar excelentes fotos y videos es f\u00e1cil con la W800. Los botones est\u00e1n ubicados de manera que es f\u00e1cil usarlos, mientras que un bot\u00f3n dedicado para video simplifica la grabaci\u00f3n de pel\u00edculas. La v\u00edvida pantalla Clear Photo LCD tipo 2.7 te permite ver tus fotos y reproducir videos con m\u00ednimo esfuerzo<\/p>\n<p><strong>Captura m\u00e1s en las panor\u00e1micas<strong style=\"color:rgb(117, 0, 0); font-weight:bold\">&nbsp;<\/strong><\/strong><\/p>\n<p>Basta con pulsar el bot\u00f3n y realizar un barrido con la c\u00e1mara de lado a lado. La c\u00e1mara une autom\u00e1ticamente una r\u00e1faga de fotogramas a alta velocidad para crear una imagen panor\u00e1mica.<\/p>\n<p><strong>Especificaciones T\u00e9cnicas<\/strong><\/p>\n<p>Dimensiones: 9.6 x 5.5 x 2 cm<br \/>Peso: 109 g (solo el cuerpo), 125 g (con bater\u00eda y multimedia)<br \/>Tipo de sensor: Super HAD CCD\u2122 tipo 1\/2,3&#8243; (7,76 mm)<br \/>N\u00famero de p\u00edxeles (Efectivos): 20.1 MP<br \/>Tipo de lente: Sony<br \/>Zoom \u00f3ptico: 5x<br \/>Zoom digital(Imagen fija): Hasta 40x (VGA)<br \/>Zoom digital (Video): Aprox. 10<br \/>Distancia focal: f=4,6-23 mm<br \/>Rango de enfoque (Desde la parte delantera de la lente):5 cm &#8211; a infinito (W), 0,6 m &#8211; a infinito (T)<br \/>Tipo de pantalla: 2,7\u00bb (6,7 cm) (4:3) \/ 230.400 puntos \/ Xtra Fine \/ LCD TFT<br \/>Control de brillo: 5 (brillante) \/ 4 \/ 3 \/ 2 \/ 1 (oscuro)<br \/>Modo de medici\u00f3n de luz: Multipatr\u00f3n<br \/>Temporizador: Desactivado \/ 10 seg. \/ 2 seg. \/ retrato 1 \/ retrato 2<br \/>Panor\u00e1mica(Captura): Barrido panor\u00e1mico 360<br \/>Sensibilidad ISO (Video) Autom\u00e1tico: (Nivel ISO 100-800)<br \/>Modos de balance de blancos: Autom\u00e1tico, Luz diurna, Nublado, Fluorescente: Balance de blancos 1 \/ 2 \/ 3, Incandescente, Flash<br \/>Velocidad de obturaci\u00f3n: iAuto (2 &#8211; 1\/1500) \/ Programa autom\u00e1tico (1 &#8211; 1\/1500)<br \/>Rotaci\u00f3n autom\u00e1tica de la imagen: Si<br \/>Iluminaci\u00f3n m\u00ednima: Autom\u00e1tico: 28 lux (velocidad de obturaci\u00f3n 1\/30)<br \/>Correcci\u00f3n de ojos rojos del flash incorporado: Autom\u00e1tico \/ Encendido \/ Apagado<br \/>Modo flash: Autom\u00e1tico, Flash encendido, Sincronizaci\u00f3n lenta, Flash apagado, Flash avanzado<br \/>Formato de grabaci\u00f3n: Fotograf\u00edas: compatible con JPEG (DCF, Exif, MPF Baseline), compatible con DPOF<br \/>Terminales de entrada y salida: M\u00faltiple (AV\/USB), USB de alta velocidad (USB 2.0)<br \/>Bater\u00eda incluida: Bater\u00eda recargable NP-BN<\/p>\n<p><strong>Contenido Del Paquete<\/strong><\/p>\n<p>C\u00e1mara &#8211; Bater\u00eda recargable (NP-BN) &#8211; Adaptador de CA (AC-UB10C) &#8211; Correa de mano &#8211; Cable multi USB &#8211; Documentaci\u00f3n<\/p>\n","protected":false},"excerpt":{"rendered":"<p># DE PARTE:DSC-W800\/B<\/p>\n","protected":false},"featured_media":1791,"template":"","meta":{"site-sidebar-layout":"default","site-content-layout":"","ast-site-content-layout":"default","site-content-style":"default","site-sidebar-style":"default","ast-global-header-display":"","ast-banner-title-visibility":"","ast-main-header-display":"","ast-hfb-above-header-display":"","ast-hfb-below-header-display":"","ast-hfb-mobile-header-display":"","site-post-title":"","ast-breadcrumbs-content":"","ast-featured-img":"","footer-sml-layout":"","ast-disable-related-posts":"","theme-transparent-header-meta":"","adv-header-id-meta":"","stick-header-meta":"","header-above-stick-meta":"","header-main-stick-meta":"","header-below-stick-meta":"","astra-migrate-meta-layouts":"default","ast-page-background-enabled":"default","ast-page-background-meta":{"desktop":{"background-color":"var(--ast-global-color-4)","background-image":"","background-repeat":"repeat","background-position":"center center","background-size":"auto","background-attachment":"scroll","background-type":"","background-media":"","overlay-type":"","overlay-color":"","overlay-opacity":"","overlay-gradient":""},"tablet":{"background-color":"","background-image":"","background-repeat":"repeat","background-position":"center center","background-size":"auto","background-attachment":"scroll","background-type":"","background-media":"","overlay-type":"","overlay-color":"","overlay-opacity":"","overlay-gradient":""},"mobile":{"background-color":"","background-image":"","background-repeat":"repeat","background-position":"center center","background-size":"auto","background-attachment":"scroll","background-type":"","background-media":"","overlay-type":"","overlay-color":"","overlay-opacity":"","overlay-gradient":""}},"ast-content-background-meta":{"desktop":{"background-color":"var(--ast-global-color-5)","background-image":"","background-repeat":"repeat","background-position":"center center","background-size":"auto","background-attachment":"scroll","background-type":"","background-media":"","overlay-type":"","overlay-color":"","overlay-opacity":"","overlay-gradient":""},"tablet":{"background-color":"var(--ast-global-color-5)","background-image":"","background-repeat":"repeat","background-position":"center center","background-size":"auto","background-attachment":"scroll","background-type":"","background-media":"","overlay-type":"","overlay-color":"","overlay-opacity":"","overlay-gradient":""},"mobile":{"background-color":"var(--ast-global-color-5)","background-image":"","background-repeat":"repeat","background-position":"center center","background-size":"auto","background-attachment":"scroll","background-type":"","background-media":"","overlay-type":"","overlay-color":"","overlay-opacity":"","overlay-gradient":""}}},"product_brand":[],"product_cat":[52,110],"product_tag":[440],"class_list":{"0":"post-1723","1":"product","2":"type-product","3":"status-publish","4":"has-post-thumbnail","6":"product_cat-camaras","7":"product_cat-camaras-digitales","8":"product_tag-sony","9":"desktop-align-left","10":"tablet-align-left","11":"mobile-align-left","13":"first","14":"instock","15":"taxable","16":"shipping-taxable","17":"product-type-simple"},"yoast_head":"<!-- This site is optimized with the Yoast SEO plugin v27.3 - https:\/\/yoast.com\/product\/yoast-seo-wordpress\/ -->\n<title>Camara Sony Compacta DSC-W800 20.1Mp Zoom Optico - IntegralPro<\/title>\n<meta name=\"robots\" content=\"index, follow, max-snippet:-1, max-image-preview:large, max-video-preview:-1\" \/>\n<link rel=\"canonical\" href=\"https:\/\/www.integralpro.com.co\/index.php\/producto\/camara-sony-compacta-dsc-w800-20-1mp-zoom-optico\/\" \/>\n<meta property=\"og:locale\" content=\"es_ES\" \/>\n<meta property=\"og:type\" content=\"article\" \/>\n<meta property=\"og:title\" content=\"Camara Sony Compacta DSC-W800 20.1Mp Zoom Optico - IntegralPro\" \/>\n<meta property=\"og:description\" content=\"# DE PARTE:DSC-W800\/B\" \/>\n<meta property=\"og:url\" content=\"https:\/\/www.integralpro.com.co\/index.php\/producto\/camara-sony-compacta-dsc-w800-20-1mp-zoom-optico\/\" \/>\n<meta property=\"og:site_name\" content=\"IntegralPro\" \/>\n<meta property=\"article:modified_time\" content=\"2021-02-19T19:50:04+00:00\" \/>\n<meta property=\"og:image\" content=\"https:\/\/www.integralpro.com.co\/wp-content\/uploads\/2021\/02\/976de397e6ed8aabc9fbd872e74875c2.jpg\" \/>\n\t<meta property=\"og:image:width\" content=\"1500\" \/>\n\t<meta property=\"og:image:height\" content=\"586\" \/>\n\t<meta property=\"og:image:type\" content=\"image\/jpeg\" \/>\n<meta name=\"twitter:card\" content=\"summary_large_image\" \/>\n<meta name=\"twitter:label1\" content=\"Tiempo de lectura\" \/>\n\t<meta name=\"twitter:data1\" content=\"2 minutos\" \/>\n<script type=\"application\/ld+json\" class=\"yoast-schema-graph\">{\"@context\":\"https:\\\/\\\/schema.org\",\"@graph\":[{\"@type\":\"WebPage\",\"@id\":\"https:\\\/\\\/www.integralpro.com.co\\\/index.php\\\/producto\\\/camara-sony-compacta-dsc-w800-20-1mp-zoom-optico\\\/\",\"url\":\"https:\\\/\\\/www.integralpro.com.co\\\/index.php\\\/producto\\\/camara-sony-compacta-dsc-w800-20-1mp-zoom-optico\\\/\",\"name\":\"Camara Sony Compacta DSC-W800 20.1Mp Zoom Optico - IntegralPro\",\"isPartOf\":{\"@id\":\"https:\\\/\\\/www.integralpro.com.co\\\/#website\"},\"primaryImageOfPage\":{\"@id\":\"https:\\\/\\\/www.integralpro.com.co\\\/index.php\\\/producto\\\/camara-sony-compacta-dsc-w800-20-1mp-zoom-optico\\\/#primaryimage\"},\"image\":{\"@id\":\"https:\\\/\\\/www.integralpro.com.co\\\/index.php\\\/producto\\\/camara-sony-compacta-dsc-w800-20-1mp-zoom-optico\\\/#primaryimage\"},\"thumbnailUrl\":\"https:\\\/\\\/www.integralpro.com.co\\\/wp-content\\\/uploads\\\/2021\\\/02\\\/976de397e6ed8aabc9fbd872e74875c2.jpg\",\"datePublished\":\"2021-02-19T19:49:26+00:00\",\"dateModified\":\"2021-02-19T19:50:04+00:00\",\"breadcrumb\":{\"@id\":\"https:\\\/\\\/www.integralpro.com.co\\\/index.php\\\/producto\\\/camara-sony-compacta-dsc-w800-20-1mp-zoom-optico\\\/#breadcrumb\"},\"inLanguage\":\"es\",\"potentialAction\":[{\"@type\":\"ReadAction\",\"target\":[\"https:\\\/\\\/www.integralpro.com.co\\\/index.php\\\/producto\\\/camara-sony-compacta-dsc-w800-20-1mp-zoom-optico\\\/\"]}]},{\"@type\":\"ImageObject\",\"inLanguage\":\"es\",\"@id\":\"https:\\\/\\\/www.integralpro.com.co\\\/index.php\\\/producto\\\/camara-sony-compacta-dsc-w800-20-1mp-zoom-optico\\\/#primaryimage\",\"url\":\"https:\\\/\\\/www.integralpro.com.co\\\/wp-content\\\/uploads\\\/2021\\\/02\\\/976de397e6ed8aabc9fbd872e74875c2.jpg\",\"contentUrl\":\"https:\\\/\\\/www.integralpro.com.co\\\/wp-content\\\/uploads\\\/2021\\\/02\\\/976de397e6ed8aabc9fbd872e74875c2.jpg\",\"width\":1500,\"height\":586},{\"@type\":\"BreadcrumbList\",\"@id\":\"https:\\\/\\\/www.integralpro.com.co\\\/index.php\\\/producto\\\/camara-sony-compacta-dsc-w800-20-1mp-zoom-optico\\\/#breadcrumb\",\"itemListElement\":[{\"@type\":\"ListItem\",\"position\":1,\"name\":\"Portada\",\"item\":\"https:\\\/\\\/www.integralpro.com.co\\\/\"},{\"@type\":\"ListItem\",\"position\":2,\"name\":\"Tienda\",\"item\":\"https:\\\/\\\/www.integralpro.com.co\\\/index.php\\\/tienda\\\/\"},{\"@type\":\"ListItem\",\"position\":3,\"name\":\"Camara Sony Compacta DSC-W800 20.1Mp Zoom Optico\"}]},{\"@type\":\"WebSite\",\"@id\":\"https:\\\/\\\/www.integralpro.com.co\\\/#website\",\"url\":\"https:\\\/\\\/www.integralpro.com.co\\\/\",\"name\":\"IntegralPro\",\"description\":\"Tienda de Tecnolog\u00eda en L\u00ednea\",\"publisher\":{\"@id\":\"https:\\\/\\\/www.integralpro.com.co\\\/#organization\"},\"potentialAction\":[{\"@type\":\"SearchAction\",\"target\":{\"@type\":\"EntryPoint\",\"urlTemplate\":\"https:\\\/\\\/www.integralpro.com.co\\\/?s={search_term_string}\"},\"query-input\":{\"@type\":\"PropertyValueSpecification\",\"valueRequired\":true,\"valueName\":\"search_term_string\"}}],\"inLanguage\":\"es\"},{\"@type\":\"Organization\",\"@id\":\"https:\\\/\\\/www.integralpro.com.co\\\/#organization\",\"name\":\"IntegralPro SAS\",\"url\":\"https:\\\/\\\/www.integralpro.com.co\\\/\",\"logo\":{\"@type\":\"ImageObject\",\"inLanguage\":\"es\",\"@id\":\"https:\\\/\\\/www.integralpro.com.co\\\/#\\\/schema\\\/logo\\\/image\\\/\",\"url\":\"https:\\\/\\\/www.integralpro.com.co\\\/wp-content\\\/uploads\\\/2021\\\/02\\\/logo-def.jpg\",\"contentUrl\":\"https:\\\/\\\/www.integralpro.com.co\\\/wp-content\\\/uploads\\\/2021\\\/02\\\/logo-def.jpg\",\"width\":238,\"height\":234,\"caption\":\"IntegralPro SAS\"},\"image\":{\"@id\":\"https:\\\/\\\/www.integralpro.com.co\\\/#\\\/schema\\\/logo\\\/image\\\/\"}}]}<\/script>\n<!-- \/ Yoast SEO plugin. -->","yoast_head_json":{"title":"Camara Sony Compacta DSC-W800 20.1Mp Zoom Optico - IntegralPro","robots":{"index":"index","follow":"follow","max-snippet":"max-snippet:-1","max-image-preview":"max-image-preview:large","max-video-preview":"max-video-preview:-1"},"canonical":"https:\/\/www.integralpro.com.co\/index.php\/producto\/camara-sony-compacta-dsc-w800-20-1mp-zoom-optico\/","og_locale":"es_ES","og_type":"article","og_title":"Camara Sony Compacta DSC-W800 20.1Mp Zoom Optico - IntegralPro","og_description":"# DE PARTE:DSC-W800\/B","og_url":"https:\/\/www.integralpro.com.co\/index.php\/producto\/camara-sony-compacta-dsc-w800-20-1mp-zoom-optico\/","og_site_name":"IntegralPro","article_modified_time":"2021-02-19T19:50:04+00:00","og_image":[{"width":1500,"height":586,"url":"https:\/\/www.integralpro.com.co\/wp-content\/uploads\/2021\/02\/976de397e6ed8aabc9fbd872e74875c2.jpg","type":"image\/jpeg"}],"twitter_card":"summary_large_image","twitter_misc":{"Tiempo de lectura":"2 minutos"},"schema":{"@context":"https:\/\/schema.org","@graph":[{"@type":"WebPage","@id":"https:\/\/www.integralpro.com.co\/index.php\/producto\/camara-sony-compacta-dsc-w800-20-1mp-zoom-optico\/","url":"https:\/\/www.integralpro.com.co\/index.php\/producto\/camara-sony-compacta-dsc-w800-20-1mp-zoom-optico\/","name":"Camara Sony Compacta DSC-W800 20.1Mp Zoom Optico - IntegralPro","isPartOf":{"@id":"https:\/\/www.integralpro.com.co\/#website"},"primaryImageOfPage":{"@id":"https:\/\/www.integralpro.com.co\/index.php\/producto\/camara-sony-compacta-dsc-w800-20-1mp-zoom-optico\/#primaryimage"},"image":{"@id":"https:\/\/www.integralpro.com.co\/index.php\/producto\/camara-sony-compacta-dsc-w800-20-1mp-zoom-optico\/#primaryimage"},"thumbnailUrl":"https:\/\/www.integralpro.com.co\/wp-content\/uploads\/2021\/02\/976de397e6ed8aabc9fbd872e74875c2.jpg","datePublished":"2021-02-19T19:49:26+00:00","dateModified":"2021-02-19T19:50:04+00:00","breadcrumb":{"@id":"https:\/\/www.integralpro.com.co\/index.php\/producto\/camara-sony-compacta-dsc-w800-20-1mp-zoom-optico\/#breadcrumb"},"inLanguage":"es","potentialAction":[{"@type":"ReadAction","target":["https:\/\/www.integralpro.com.co\/index.php\/producto\/camara-sony-compacta-dsc-w800-20-1mp-zoom-optico\/"]}]},{"@type":"ImageObject","inLanguage":"es","@id":"https:\/\/www.integralpro.com.co\/index.php\/producto\/camara-sony-compacta-dsc-w800-20-1mp-zoom-optico\/#primaryimage","url":"https:\/\/www.integralpro.com.co\/wp-content\/uploads\/2021\/02\/976de397e6ed8aabc9fbd872e74875c2.jpg","contentUrl":"https:\/\/www.integralpro.com.co\/wp-content\/uploads\/2021\/02\/976de397e6ed8aabc9fbd872e74875c2.jpg","width":1500,"height":586},{"@type":"BreadcrumbList","@id":"https:\/\/www.integralpro.com.co\/index.php\/producto\/camara-sony-compacta-dsc-w800-20-1mp-zoom-optico\/#breadcrumb","itemListElement":[{"@type":"ListItem","position":1,"name":"Portada","item":"https:\/\/www.integralpro.com.co\/"},{"@type":"ListItem","position":2,"name":"Tienda","item":"https:\/\/www.integralpro.com.co\/index.php\/tienda\/"},{"@type":"ListItem","position":3,"name":"Camara Sony Compacta DSC-W800 20.1Mp Zoom Optico"}]},{"@type":"WebSite","@id":"https:\/\/www.integralpro.com.co\/#website","url":"https:\/\/www.integralpro.com.co\/","name":"IntegralPro","description":"Tienda de Tecnolog\u00eda en L\u00ednea","publisher":{"@id":"https:\/\/www.integralpro.com.co\/#organization"},"potentialAction":[{"@type":"SearchAction","target":{"@type":"EntryPoint","urlTemplate":"https:\/\/www.integralpro.com.co\/?s={search_term_string}"},"query-input":{"@type":"PropertyValueSpecification","valueRequired":true,"valueName":"search_term_string"}}],"inLanguage":"es"},{"@type":"Organization","@id":"https:\/\/www.integralpro.com.co\/#organization","name":"IntegralPro SAS","url":"https:\/\/www.integralpro.com.co\/","logo":{"@type":"ImageObject","inLanguage":"es","@id":"https:\/\/www.integralpro.com.co\/#\/schema\/logo\/image\/","url":"https:\/\/www.integralpro.com.co\/wp-content\/uploads\/2021\/02\/logo-def.jpg","contentUrl":"https:\/\/www.integralpro.com.co\/wp-content\/uploads\/2021\/02\/logo-def.jpg","width":238,"height":234,"caption":"IntegralPro SAS"},"image":{"@id":"https:\/\/www.integralpro.com.co\/#\/schema\/logo\/image\/"}}]}},"_links":{"self":[{"href":"https:\/\/www.integralpro.com.co\/index.php\/wp-json\/wp\/v2\/product\/1723","targetHints":{"allow":["GET"]}}],"collection":[{"href":"https:\/\/www.integralpro.com.co\/index.php\/wp-json\/wp\/v2\/product"}],"about":[{"href":"https:\/\/www.integralpro.com.co\/index.php\/wp-json\/wp\/v2\/types\/product"}],"version-history":[{"count":1,"href":"https:\/\/www.integralpro.com.co\/index.php\/wp-json\/wp\/v2\/product\/1723\/revisions"}],"predecessor-version":[{"id":1792,"href":"https:\/\/www.integralpro.com.co\/index.php\/wp-json\/wp\/v2\/product\/1723\/revisions\/1792"}],"wp:featuredmedia":[{"embeddable":true,"href":"https:\/\/www.integralpro.com.co\/index.php\/wp-json\/wp\/v2\/media\/1791"}],"wp:attachment":[{"href":"https:\/\/www.integralpro.com.co\/index.php\/wp-json\/wp\/v2\/media?parent=1723"}],"wp:term":[{"taxonomy":"product_brand","embeddable":true,"href":"https:\/\/www.integralpro.com.co\/index.php\/wp-json\/wp\/v2\/product_brand?post=1723"},{"taxonomy":"product_cat","embeddable":true,"href":"https:\/\/www.integralpro.com.co\/index.php\/wp-json\/wp\/v2\/product_cat?post=1723"},{"taxonomy":"product_tag","embeddable":true,"href":"https:\/\/www.integralpro.com.co\/index.php\/wp-json\/wp\/v2\/product_tag?post=1723"}],"curies":[{"name":"wp","href":"https:\/\/api.w.org\/{rel}","templated":true}]}}