{"id":1605,"date":"2021-02-19T14:48:41","date_gmt":"2021-02-19T19:48:41","guid":{"rendered":"https:\/\/www.integralpro.com.co\/index.php\/producto\/import-placeholder-for-991\/"},"modified":"2021-02-19T14:49:07","modified_gmt":"2021-02-19T19:49:07","slug":"video-camara-sony-hdr-cx405-b-sensor-r-cmos-r-27-negro","status":"publish","type":"product","link":"https:\/\/www.integralpro.com.co\/index.php\/producto\/video-camara-sony-hdr-cx405-b-sensor-r-cmos-r-27-negro\/","title":{"rendered":"Video Camara Sony Hdr-Cx405\/B Sensor R Cmos R 2,7&#8243; &#8211; Negro"},"content":{"rendered":"<table border=\"0\" cellpadding=\"1\" cellspacing=\"1\" style=\"max-width: 100%; color: rgb(102, 102, 102); font-size: 14px; line-height: 21.84px; widows: 1; width: 700px; text-align: left;\">\n<tbody>\n<tr>\n<td>\n<p style=\"text-align: justify;\">SteadyShot \u00f3ptico con modo activo inteligenteLa estabilizaci\u00f3n de imagen avanzada mantiene el metraje sin desenfoques, incluso cuando las circunstancias de grabaci\u00f3n o las manos del usuario se encuentran muy inestables.<\/p>\n<p style=\"text-align: center;\"><img fetchpriority=\"high\" decoding=\"async\" src=\"http:\/\/sonyglobal.scene7.com\/is\/image\/gwtprod\/63b18e3dd39927db975e786f16b4926b?fmt=jpeg&#038;wid=378&#038;qlt=70\" alt=\"Imagen de Handycam CX405 con sensor Exmor R\u00ae CMOS\" width=\"400\" height=\"179\" \/><\/p>\n<p><strong>Lente gran angular de hasta 26,8 mm<\/strong><\/p>\n<p style=\"text-align: justify;\">Si est\u00e1 grabando pel\u00edculas o im\u00e1genes fijas, la lente gran angular l\u00edder en su clase puede ayudar a obtener m\u00e1s capturas de paisajes y escenas en interiores cuando no tiene suficiente espacio para alejarse. Incluso sin una lente gran angular, las videoc\u00e1maras seleccionadas graban con un ancho de hasta 26,8 mm1 (relaci\u00f3n de aspecto 16:9) en modo de pel\u00edcula.<\/p>\n<p style=\"text-align: center;\"><img decoding=\"async\" src=\"http:\/\/sonyglobal.scene7.com\/is\/image\/gwtprod\/cd3c5683488e68ea5a86d03dd50dd67e?fmt=jpeg&#038;wid=378&#038;qlt=70\" alt=\"Imagen de Handycam CX405 con sensor Exmor R\u00ae CMOS\" width=\"400\" height=\"179\" \/><\/p>\n<p><strong>Calidad de la imagen excepcional<\/strong><\/p>\n<p style=\"text-align: justify;\">El formato de tasa de bits alta XAVC S se proporciona para que los camar\u00f3grafos lleven su trabajo al pr\u00f3ximo nivel. Gracias a su incre\u00edble calidad, XAVC S est\u00e1 hecho desde el formato XAVC usado por cineastas y radiodifusores profesionales, a la vez que emplea la compresi\u00f3n de datos inteligente para exportar tama\u00f1os de archivos accesibles para el consumidor.<\/p>\n<p style=\"text-align: center;\"><img decoding=\"async\" src=\"http:\/\/sonyglobal.scene7.com\/is\/image\/gwtprod\/206ffbc7d8a44557d2472bc3a586c669?fmt=jpeg&#038;wid=378&#038;qlt=70\" alt=\"Imagen de Handycam CX405 con sensor Exmor R\u00ae CMOS\" width=\"400\" height=\"179\" \/><\/p>\n<p><strong>Creador de pel\u00edculas destacadas<\/strong><\/p>\n<p style=\"text-align: justify;\">Highlight Movie Maker es una herramienta vers\u00e1til para agilizar la edici\u00f3n de pel\u00edculas y ofrece varias funciones para ahorrar tiempo. Agrega marcadores destacados a momentos clave durante la grabaci\u00f3n y permite que el software sincronice autom\u00e1ticamente las transiciones con la banda sonora de tu elecci\u00f3n.<\/p>\n<p style=\"text-align: center;\"><img loading=\"lazy\" decoding=\"async\" src=\"http:\/\/sonyglobal.scene7.com\/is\/image\/gwtprod\/2fb01b30efa65859d8177cb77c79820e?fmt=jpeg&#038;wid=378&#038;qlt=70\" alt=\"Imagen de Handycam CX405 con sensor Exmor R\u00ae CMOS\" width=\"400\" height=\"179\" \/><\/p>\n<p><strong>Cable USB integrado<\/strong><\/p>\n<p style=\"text-align: justify;\">El cable USB integrado guardado en la correa de mano es muy conveniente para una carga r\u00e1pida y conexi\u00f3n a una PC, por lo que no hay necesidad de llevar un voluminoso cable USB adicional o adaptador de CA. Para la carga sin una PC, utiliza un adaptador de CA USB compacto (opcional).<\/p>\n<p style=\"text-align: center;\"><img loading=\"lazy\" decoding=\"async\" src=\"http:\/\/sonyglobal.scene7.com\/is\/image\/gwtprod\/d38f99562aa0c10047ce3a2a7e7eeb81?fmt=jpeg&#038;wid=378&#038;qlt=70\" alt=\"Imagen de Handycam CX405 con sensor Exmor R\u00ae CMOS\" width=\"400\" height=\"179\" \/><\/p>\n<p><strong>VIDEO<\/strong><\/p>\n<p style=\"text-align: center;\"><iframe width=\"560\" height=\"315\" src=\"https:\/\/www.youtube.com\/embed\/jcc4pD9fGu8\" frameborder=\"0\"><\/iframe><\/p>\n<p><strong>ESPECIFICACIONES T\u00c9CNICAS<\/strong><\/p>\n<ul>\n<li>Dimensiones : 54 \u00d7 59.5 \u00d7 128 mm (con bater\u00eda incluida)<\/li>\n<li>Peso : Aprox. 215 g (con bater\u00eda incluida)<\/li>\n<li>Zoom en reproducci\u00f3n : 30x<\/li>\n<li>Tipo de pantalla : Pantalla Clear Photo LCD (460.000 puntos) gran angular (16:9) de 6.7 cm (tipo 2,7)<\/li>\n<li>Pixeles Efectivos (Fotograf\u00eda) : Aprox. 1.71 MP (4:3) Aprox. 2.29 MP (16:9)<\/li>\n<li>N\u00famero de p\u00edxeles efectivos (Video) : Aprox. 2.29 MP (16:9)<\/li>\n<li>Temporizador : Aprox. 10 seg. (imagen fija)<\/li>\n<li>Formato de grabaci\u00f3n : Formato AVCHD compatible con versi\u00f3n 2.0: MPEG4-AVC\/H.264 &#8211; Formato XAVC S &#8211; mp4: MPEG-4 AVC\/H.264 &#8211; MPEG4-AVC\/H264<\/li>\n<li>Procesador de la imagen : BIONZ X<\/li>\n<li>Steadyshot : Optical SteadyShot<\/li>\n<li>Zoom \u00f3ptico : 30x<\/li>\n<li>Zoom digital (video) : 350x<\/li>\n<li>Tipo de Lente : ZEISS\u00ae Vario-Tessar\u00ae<\/li>\n<li>Tipo de sensor : Sensor CMOS Exmor R\u2122 retroiluminado de tipo 1\/5.8 (3.1 mm)<\/li>\n<li>Terminales de entrada y salida : Salida de video compuesta &#8211; Terminal HDMI\u00ae<\/li>\n<li>Carga por USB : Si<\/li>\n<li>Bater\u00eda incluida : Bater\u00eda recargable (NP-BX1)<\/li>\n<li>Color : Negro<\/li>\n<li>Contenido del paquete : Videoc\u00e1mara -Bater\u00eda recargable (NP-BX1) &#8211; Adaptador de CA &#8211; Cable de soporte de conexi\u00f3n USB &#8211; Cable (micro) HDMI\u00ae &#8211; Documentaci\u00f3n<\/li>\n<li>T\u00e9rmino de garant\u00eda : 12 meses por defectos de fabricaci\u00f3n<\/li>\n<\/ul>\n<\/td>\n<\/tr>\n<\/tbody>\n<\/table>\n","protected":false},"excerpt":{"rendered":"<p># DE PARTE: HDR-CX405\/B<\/p>\n","protected":false},"featured_media":1678,"template":"","meta":{"site-sidebar-layout":"default","site-content-layout":"","ast-site-content-layout":"default","site-content-style":"default","site-sidebar-style":"default","ast-global-header-display":"","ast-banner-title-visibility":"","ast-main-header-display":"","ast-hfb-above-header-display":"","ast-hfb-below-header-display":"","ast-hfb-mobile-header-display":"","site-post-title":"","ast-breadcrumbs-content":"","ast-featured-img":"","footer-sml-layout":"","ast-disable-related-posts":"","theme-transparent-header-meta":"","adv-header-id-meta":"","stick-header-meta":"","header-above-stick-meta":"","header-main-stick-meta":"","header-below-stick-meta":"","astra-migrate-meta-layouts":"default","ast-page-background-enabled":"default","ast-page-background-meta":{"desktop":{"background-color":"var(--ast-global-color-4)","background-image":"","background-repeat":"repeat","background-position":"center center","background-size":"auto","background-attachment":"scroll","background-type":"","background-media":"","overlay-type":"","overlay-color":"","overlay-opacity":"","overlay-gradient":""},"tablet":{"background-color":"","background-image":"","background-repeat":"repeat","background-position":"center center","background-size":"auto","background-attachment":"scroll","background-type":"","background-media":"","overlay-type":"","overlay-color":"","overlay-opacity":"","overlay-gradient":""},"mobile":{"background-color":"","background-image":"","background-repeat":"repeat","background-position":"center center","background-size":"auto","background-attachment":"scroll","background-type":"","background-media":"","overlay-type":"","overlay-color":"","overlay-opacity":"","overlay-gradient":""}},"ast-content-background-meta":{"desktop":{"background-color":"var(--ast-global-color-5)","background-image":"","background-repeat":"repeat","background-position":"center center","background-size":"auto","background-attachment":"scroll","background-type":"","background-media":"","overlay-type":"","overlay-color":"","overlay-opacity":"","overlay-gradient":""},"tablet":{"background-color":"var(--ast-global-color-5)","background-image":"","background-repeat":"repeat","background-position":"center center","background-size":"auto","background-attachment":"scroll","background-type":"","background-media":"","overlay-type":"","overlay-color":"","overlay-opacity":"","overlay-gradient":""},"mobile":{"background-color":"var(--ast-global-color-5)","background-image":"","background-repeat":"repeat","background-position":"center center","background-size":"auto","background-attachment":"scroll","background-type":"","background-media":"","overlay-type":"","overlay-color":"","overlay-opacity":"","overlay-gradient":""}}},"product_brand":[],"product_cat":[52,111],"product_tag":[440],"class_list":{"0":"post-1605","1":"product","2":"type-product","3":"status-publish","4":"has-post-thumbnail","6":"product_cat-camaras","7":"product_cat-video-camaras","8":"product_tag-sony","9":"desktop-align-left","10":"tablet-align-left","11":"mobile-align-left","13":"first","14":"instock","15":"taxable","16":"shipping-taxable","17":"product-type-simple"},"yoast_head":"<!-- This site is optimized with the Yoast SEO plugin v27.4 - https:\/\/yoast.com\/product\/yoast-seo-wordpress\/ -->\n<title>Video Camara Sony Hdr-Cx405\/B Sensor R Cmos R 2,7&quot; - Negro - IntegralPro<\/title>\n<meta name=\"robots\" content=\"index, follow, max-snippet:-1, max-image-preview:large, max-video-preview:-1\" \/>\n<link rel=\"canonical\" href=\"https:\/\/www.integralpro.com.co\/index.php\/producto\/video-camara-sony-hdr-cx405-b-sensor-r-cmos-r-27-negro\/\" \/>\n<meta property=\"og:locale\" content=\"es_ES\" \/>\n<meta property=\"og:type\" content=\"article\" \/>\n<meta property=\"og:title\" content=\"Video Camara Sony Hdr-Cx405\/B Sensor R Cmos R 2,7&quot; - Negro - IntegralPro\" \/>\n<meta property=\"og:description\" content=\"# DE PARTE: HDR-CX405\/B\" \/>\n<meta property=\"og:url\" content=\"https:\/\/www.integralpro.com.co\/index.php\/producto\/video-camara-sony-hdr-cx405-b-sensor-r-cmos-r-27-negro\/\" \/>\n<meta property=\"og:site_name\" content=\"IntegralPro\" \/>\n<meta property=\"article:modified_time\" content=\"2021-02-19T19:49:07+00:00\" \/>\n<meta property=\"og:image\" content=\"https:\/\/www.integralpro.com.co\/wp-content\/uploads\/2021\/02\/gZTIMWp.jpg\" \/>\n\t<meta property=\"og:image:width\" content=\"850\" \/>\n\t<meta property=\"og:image:height\" content=\"850\" \/>\n\t<meta property=\"og:image:type\" content=\"image\/jpeg\" \/>\n<meta name=\"twitter:card\" content=\"summary_large_image\" \/>\n<meta name=\"twitter:label1\" content=\"Tiempo de lectura\" \/>\n\t<meta name=\"twitter:data1\" content=\"2 minutos\" \/>\n<script type=\"application\/ld+json\" class=\"yoast-schema-graph\">{\"@context\":\"https:\\\/\\\/schema.org\",\"@graph\":[{\"@type\":\"WebPage\",\"@id\":\"https:\\\/\\\/www.integralpro.com.co\\\/index.php\\\/producto\\\/video-camara-sony-hdr-cx405-b-sensor-r-cmos-r-27-negro\\\/\",\"url\":\"https:\\\/\\\/www.integralpro.com.co\\\/index.php\\\/producto\\\/video-camara-sony-hdr-cx405-b-sensor-r-cmos-r-27-negro\\\/\",\"name\":\"Video Camara Sony Hdr-Cx405\\\/B Sensor R Cmos R 2,7\\\" - Negro - IntegralPro\",\"isPartOf\":{\"@id\":\"https:\\\/\\\/www.integralpro.com.co\\\/#website\"},\"primaryImageOfPage\":{\"@id\":\"https:\\\/\\\/www.integralpro.com.co\\\/index.php\\\/producto\\\/video-camara-sony-hdr-cx405-b-sensor-r-cmos-r-27-negro\\\/#primaryimage\"},\"image\":{\"@id\":\"https:\\\/\\\/www.integralpro.com.co\\\/index.php\\\/producto\\\/video-camara-sony-hdr-cx405-b-sensor-r-cmos-r-27-negro\\\/#primaryimage\"},\"thumbnailUrl\":\"https:\\\/\\\/www.integralpro.com.co\\\/wp-content\\\/uploads\\\/2021\\\/02\\\/gZTIMWp.jpg\",\"datePublished\":\"2021-02-19T19:48:41+00:00\",\"dateModified\":\"2021-02-19T19:49:07+00:00\",\"breadcrumb\":{\"@id\":\"https:\\\/\\\/www.integralpro.com.co\\\/index.php\\\/producto\\\/video-camara-sony-hdr-cx405-b-sensor-r-cmos-r-27-negro\\\/#breadcrumb\"},\"inLanguage\":\"es\",\"potentialAction\":[{\"@type\":\"ReadAction\",\"target\":[\"https:\\\/\\\/www.integralpro.com.co\\\/index.php\\\/producto\\\/video-camara-sony-hdr-cx405-b-sensor-r-cmos-r-27-negro\\\/\"]}]},{\"@type\":\"ImageObject\",\"inLanguage\":\"es\",\"@id\":\"https:\\\/\\\/www.integralpro.com.co\\\/index.php\\\/producto\\\/video-camara-sony-hdr-cx405-b-sensor-r-cmos-r-27-negro\\\/#primaryimage\",\"url\":\"https:\\\/\\\/www.integralpro.com.co\\\/wp-content\\\/uploads\\\/2021\\\/02\\\/gZTIMWp.jpg\",\"contentUrl\":\"https:\\\/\\\/www.integralpro.com.co\\\/wp-content\\\/uploads\\\/2021\\\/02\\\/gZTIMWp.jpg\",\"width\":850,\"height\":850},{\"@type\":\"BreadcrumbList\",\"@id\":\"https:\\\/\\\/www.integralpro.com.co\\\/index.php\\\/producto\\\/video-camara-sony-hdr-cx405-b-sensor-r-cmos-r-27-negro\\\/#breadcrumb\",\"itemListElement\":[{\"@type\":\"ListItem\",\"position\":1,\"name\":\"Portada\",\"item\":\"https:\\\/\\\/www.integralpro.com.co\\\/\"},{\"@type\":\"ListItem\",\"position\":2,\"name\":\"Tienda\",\"item\":\"https:\\\/\\\/www.integralpro.com.co\\\/index.php\\\/tienda\\\/\"},{\"@type\":\"ListItem\",\"position\":3,\"name\":\"Video Camara Sony Hdr-Cx405\\\/B Sensor R Cmos R 2,7&#8243; &#8211; Negro\"}]},{\"@type\":\"WebSite\",\"@id\":\"https:\\\/\\\/www.integralpro.com.co\\\/#website\",\"url\":\"https:\\\/\\\/www.integralpro.com.co\\\/\",\"name\":\"IntegralPro\",\"description\":\"Tienda de Tecnolog\u00eda en L\u00ednea\",\"publisher\":{\"@id\":\"https:\\\/\\\/www.integralpro.com.co\\\/#organization\"},\"potentialAction\":[{\"@type\":\"SearchAction\",\"target\":{\"@type\":\"EntryPoint\",\"urlTemplate\":\"https:\\\/\\\/www.integralpro.com.co\\\/?s={search_term_string}\"},\"query-input\":{\"@type\":\"PropertyValueSpecification\",\"valueRequired\":true,\"valueName\":\"search_term_string\"}}],\"inLanguage\":\"es\"},{\"@type\":\"Organization\",\"@id\":\"https:\\\/\\\/www.integralpro.com.co\\\/#organization\",\"name\":\"IntegralPro SAS\",\"url\":\"https:\\\/\\\/www.integralpro.com.co\\\/\",\"logo\":{\"@type\":\"ImageObject\",\"inLanguage\":\"es\",\"@id\":\"https:\\\/\\\/www.integralpro.com.co\\\/#\\\/schema\\\/logo\\\/image\\\/\",\"url\":\"https:\\\/\\\/www.integralpro.com.co\\\/wp-content\\\/uploads\\\/2021\\\/02\\\/logo-def.jpg\",\"contentUrl\":\"https:\\\/\\\/www.integralpro.com.co\\\/wp-content\\\/uploads\\\/2021\\\/02\\\/logo-def.jpg\",\"width\":238,\"height\":234,\"caption\":\"IntegralPro SAS\"},\"image\":{\"@id\":\"https:\\\/\\\/www.integralpro.com.co\\\/#\\\/schema\\\/logo\\\/image\\\/\"}}]}<\/script>\n<!-- \/ Yoast SEO plugin. -->","yoast_head_json":{"title":"Video Camara Sony Hdr-Cx405\/B Sensor R Cmos R 2,7\" - Negro - IntegralPro","robots":{"index":"index","follow":"follow","max-snippet":"max-snippet:-1","max-image-preview":"max-image-preview:large","max-video-preview":"max-video-preview:-1"},"canonical":"https:\/\/www.integralpro.com.co\/index.php\/producto\/video-camara-sony-hdr-cx405-b-sensor-r-cmos-r-27-negro\/","og_locale":"es_ES","og_type":"article","og_title":"Video Camara Sony Hdr-Cx405\/B Sensor R Cmos R 2,7\" - Negro - IntegralPro","og_description":"# DE PARTE: HDR-CX405\/B","og_url":"https:\/\/www.integralpro.com.co\/index.php\/producto\/video-camara-sony-hdr-cx405-b-sensor-r-cmos-r-27-negro\/","og_site_name":"IntegralPro","article_modified_time":"2021-02-19T19:49:07+00:00","og_image":[{"width":850,"height":850,"url":"https:\/\/www.integralpro.com.co\/wp-content\/uploads\/2021\/02\/gZTIMWp.jpg","type":"image\/jpeg"}],"twitter_card":"summary_large_image","twitter_misc":{"Tiempo de lectura":"2 minutos"},"schema":{"@context":"https:\/\/schema.org","@graph":[{"@type":"WebPage","@id":"https:\/\/www.integralpro.com.co\/index.php\/producto\/video-camara-sony-hdr-cx405-b-sensor-r-cmos-r-27-negro\/","url":"https:\/\/www.integralpro.com.co\/index.php\/producto\/video-camara-sony-hdr-cx405-b-sensor-r-cmos-r-27-negro\/","name":"Video Camara Sony Hdr-Cx405\/B Sensor R Cmos R 2,7\" - Negro - IntegralPro","isPartOf":{"@id":"https:\/\/www.integralpro.com.co\/#website"},"primaryImageOfPage":{"@id":"https:\/\/www.integralpro.com.co\/index.php\/producto\/video-camara-sony-hdr-cx405-b-sensor-r-cmos-r-27-negro\/#primaryimage"},"image":{"@id":"https:\/\/www.integralpro.com.co\/index.php\/producto\/video-camara-sony-hdr-cx405-b-sensor-r-cmos-r-27-negro\/#primaryimage"},"thumbnailUrl":"https:\/\/www.integralpro.com.co\/wp-content\/uploads\/2021\/02\/gZTIMWp.jpg","datePublished":"2021-02-19T19:48:41+00:00","dateModified":"2021-02-19T19:49:07+00:00","breadcrumb":{"@id":"https:\/\/www.integralpro.com.co\/index.php\/producto\/video-camara-sony-hdr-cx405-b-sensor-r-cmos-r-27-negro\/#breadcrumb"},"inLanguage":"es","potentialAction":[{"@type":"ReadAction","target":["https:\/\/www.integralpro.com.co\/index.php\/producto\/video-camara-sony-hdr-cx405-b-sensor-r-cmos-r-27-negro\/"]}]},{"@type":"ImageObject","inLanguage":"es","@id":"https:\/\/www.integralpro.com.co\/index.php\/producto\/video-camara-sony-hdr-cx405-b-sensor-r-cmos-r-27-negro\/#primaryimage","url":"https:\/\/www.integralpro.com.co\/wp-content\/uploads\/2021\/02\/gZTIMWp.jpg","contentUrl":"https:\/\/www.integralpro.com.co\/wp-content\/uploads\/2021\/02\/gZTIMWp.jpg","width":850,"height":850},{"@type":"BreadcrumbList","@id":"https:\/\/www.integralpro.com.co\/index.php\/producto\/video-camara-sony-hdr-cx405-b-sensor-r-cmos-r-27-negro\/#breadcrumb","itemListElement":[{"@type":"ListItem","position":1,"name":"Portada","item":"https:\/\/www.integralpro.com.co\/"},{"@type":"ListItem","position":2,"name":"Tienda","item":"https:\/\/www.integralpro.com.co\/index.php\/tienda\/"},{"@type":"ListItem","position":3,"name":"Video Camara Sony Hdr-Cx405\/B Sensor R Cmos R 2,7&#8243; &#8211; Negro"}]},{"@type":"WebSite","@id":"https:\/\/www.integralpro.com.co\/#website","url":"https:\/\/www.integralpro.com.co\/","name":"IntegralPro","description":"Tienda de Tecnolog\u00eda en L\u00ednea","publisher":{"@id":"https:\/\/www.integralpro.com.co\/#organization"},"potentialAction":[{"@type":"SearchAction","target":{"@type":"EntryPoint","urlTemplate":"https:\/\/www.integralpro.com.co\/?s={search_term_string}"},"query-input":{"@type":"PropertyValueSpecification","valueRequired":true,"valueName":"search_term_string"}}],"inLanguage":"es"},{"@type":"Organization","@id":"https:\/\/www.integralpro.com.co\/#organization","name":"IntegralPro SAS","url":"https:\/\/www.integralpro.com.co\/","logo":{"@type":"ImageObject","inLanguage":"es","@id":"https:\/\/www.integralpro.com.co\/#\/schema\/logo\/image\/","url":"https:\/\/www.integralpro.com.co\/wp-content\/uploads\/2021\/02\/logo-def.jpg","contentUrl":"https:\/\/www.integralpro.com.co\/wp-content\/uploads\/2021\/02\/logo-def.jpg","width":238,"height":234,"caption":"IntegralPro SAS"},"image":{"@id":"https:\/\/www.integralpro.com.co\/#\/schema\/logo\/image\/"}}]}},"_links":{"self":[{"href":"https:\/\/www.integralpro.com.co\/index.php\/wp-json\/wp\/v2\/product\/1605","targetHints":{"allow":["GET"]}}],"collection":[{"href":"https:\/\/www.integralpro.com.co\/index.php\/wp-json\/wp\/v2\/product"}],"about":[{"href":"https:\/\/www.integralpro.com.co\/index.php\/wp-json\/wp\/v2\/types\/product"}],"version-history":[{"count":1,"href":"https:\/\/www.integralpro.com.co\/index.php\/wp-json\/wp\/v2\/product\/1605\/revisions"}],"predecessor-version":[{"id":1679,"href":"https:\/\/www.integralpro.com.co\/index.php\/wp-json\/wp\/v2\/product\/1605\/revisions\/1679"}],"wp:featuredmedia":[{"embeddable":true,"href":"https:\/\/www.integralpro.com.co\/index.php\/wp-json\/wp\/v2\/media\/1678"}],"wp:attachment":[{"href":"https:\/\/www.integralpro.com.co\/index.php\/wp-json\/wp\/v2\/media?parent=1605"}],"wp:term":[{"taxonomy":"product_brand","embeddable":true,"href":"https:\/\/www.integralpro.com.co\/index.php\/wp-json\/wp\/v2\/product_brand?post=1605"},{"taxonomy":"product_cat","embeddable":true,"href":"https:\/\/www.integralpro.com.co\/index.php\/wp-json\/wp\/v2\/product_cat?post=1605"},{"taxonomy":"product_tag","embeddable":true,"href":"https:\/\/www.integralpro.com.co\/index.php\/wp-json\/wp\/v2\/product_tag?post=1605"}],"curies":[{"name":"wp","href":"https:\/\/api.w.org\/{rel}","templated":true}]}}