{"id":1514,"date":"2021-02-19T14:48:18","date_gmt":"2021-02-19T19:48:18","guid":{"rendered":"https:\/\/www.integralpro.com.co\/index.php\/producto\/import-placeholder-for-954\/"},"modified":"2021-02-19T14:48:25","modified_gmt":"2021-02-19T19:48:25","slug":"router-tplink-inalambrico-tl-wr841hp-alta-potencia-300mbps","status":"publish","type":"product","link":"https:\/\/www.integralpro.com.co\/index.php\/producto\/router-tplink-inalambrico-tl-wr841hp-alta-potencia-300mbps\/","title":{"rendered":"Router Tplink Inal\u00e1mbrico Tl-Wr841Hp Alta Potencia 300Mbps"},"content":{"rendered":"<p>El Router Inal\u00e1mbrico de Alta Potencia N 300Mbps TL-WR841HP es una soluci\u00f3n inal\u00e1mbrica poderosa muy adecuada para el hogar o la oficina. Con velocidades inal\u00e1mbricas de hasta 300 Mbps, el TL-WR841HP es ideal para la transmisi\u00f3n de cideo de alta definici\u00f3n, llamadas VoIP y juegos en l\u00ednea. Lo que es m\u00e1s, ofrecido el amplificador de alta potencia, 2 antenas de 9dBi y alta potencia de transmisi\u00f3n, el dispositivo aumenta en gran medida el rendimiento Wi-Fi.<\/p>\n<p><\/p>\n<p><strong>Velocidad y distancia<\/strong><\/p>\n<p>Excelente velocidad inal\u00e1mbrica a larga distancia trae una experiencia m\u00e1s agradable para tu acceso a la red en todo el hogar. Ya no tendr\u00e1s que soportar los malos resultados inal\u00e1mbricos a larga distancia.<\/p>\n<p><\/p>\n<p><strong>Tecnolog\u00eda<\/strong><\/p>\n<p>Con Tecnolog\u00eda Inal\u00e1mbrica N, el TL-WR841HP proporciona una mucho mayor velocidad y mejor cobertura que los productos 11G tradicionales. La velocidad de hasta 300 Mbps es ideal para la transmis\u00f3n de video, juegos en l\u00ednea y llamadas por Internet.<\/p>\n<p><\/p>\n<p><strong>Potencia<\/strong><\/p>\n<p>Rango Inal\u00e1mbrico Superior, amplificador de alta potencia y dos antenas externas desmontables de 9dBi de alta ganancia proporcionan un alcance inal\u00e1mbrico superior. Con el TL-WR841HP, se puede disfrutar de tu red inal\u00e1mbrica no s\u00f3lo en las zonas de interior restringidas, sino tambi\u00e9n en tu patio trasero, <br \/>etc&#8230;.<\/p>\n<p><\/p>\n<p><strong>Rompe muros Wi- Fi<\/strong><\/p>\n<p>Mejorada la se\u00f1al Wi-Fi, ofrece una fuerte e incre\u00edble penetrabilidad, cortando a trav\u00e9s de paredes y obst\u00e1culos, eliminando zonas muertas, con lo cual, no tienes que estar f\u00edsicamente atado a paredes o pisos para acceder a Internet.<\/p>\n<p><\/p>\n<p><strong>Especificaciones T\u00e9cnicas<\/strong><\/p>\n<p>Dimensiones: 16.85 x 13 x3.15 cm<br \/>Peso: 0.8 Kg<br \/>Interfaz: 4 Puertos LAN 10\/100Mbps; 1 Puerto WAN 10\/100Mbps<br \/>Bot\u00f3n: Bot\u00f3n WPS\/Reset<br \/>Antenas: 2 Antenas desmonmtables omnidireccionales de 9dBi <br \/>Fuente alimentaci\u00f3n externa: 12VDC\/1A<br \/>Est\u00e1ndares inal\u00e1mbricos: IEEE 802.11n, IEEE 802.11g, IEEE 802.11b<br \/>Frecuencia: 2.4-2.4835GHz<br \/>Trasmisi\u00f3n de potencia: CE: <20dBm(2.4GHz); FCC: <30dBm<br \/>Funciones inal\u00e1mbricas: Habilitar\/Deshabitar Radio Inal\u00e1mbrica; WMM; Puente WDS; Estad\u00edsticas Inal\u00e1mbricas<br \/>Inal\u00e1mbrico: 64\/128\/152-bit WEP \/ WPA \/ WPA2,WPA-PSK \/ WPA2-PSK<br \/>Calidad de servicio: WMM; Control de Ancho de Banda<br \/>Tipo de WAN: IP Din\u00e1mica\/IP Est\u00e1tica\/PPPoE\/PPTP\/L2TP\/BigPond<br \/>DHCP: Servidor; Cliente; Lista de Cliente DHCP; Reservaci\u00f3n de Direcci\u00f3n<br \/>Administraci\u00f3n: Control de acceso; administraci\u00f3n local y remota<br \/>Reenvi\u00f3 de puertos: Servidor Virtual; Disparo de Puerto; UPnP; DMZ<br \/>DNS Din\u00e1mico: DynDns; Comexe; NO-IP<br \/>Paso VPN: PPTP; L2TP; IPSec (cabecera ESP)<br \/>Control de acceso: Control Parental; Control de Administraci\u00f3n Local; Lista de Hosteo; Acceso a Calendario; Administraci\u00f3n de Reglas<br \/>Seguridad firewall: DoS; SPI Firewall; Filtrado de Direcci\u00f3n IP \/ Filtrado de Direcci\u00f3n MAC \/ Filtrado de Dominio IP y MAC Direcci\u00f3n Enlace<br \/>Certificaci\u00f3n: CE; FCC; RoHS<br \/>Requisitos del sistema: Microsoft Windows 98SE; NT; 2000; XP; Vista o Windows 7; MAC OS; NetWare; UNIX o Linux<br \/>Color: Negro<\/p>\n<p><\/p>\n<p><strong>Contenido Del Paquete<\/strong><\/p>\n<p>Router Inal\u00e1mbrico TL-WR841HP de Alta Potencia N &#8211; Fuente de Alimentaci\u00f3n &#8211; CD &#8211; Cable Ethernet &#8211; Documentaci\u00f3n <\/p>\n<p><\/p>\n","protected":false},"excerpt":{"rendered":"<p># DE PARTE: TL-WR841HP<\/p>\n","protected":false},"featured_media":1556,"template":"","meta":{"site-sidebar-layout":"default","site-content-layout":"","ast-site-content-layout":"default","site-content-style":"default","site-sidebar-style":"default","ast-global-header-display":"","ast-banner-title-visibility":"","ast-main-header-display":"","ast-hfb-above-header-display":"","ast-hfb-below-header-display":"","ast-hfb-mobile-header-display":"","site-post-title":"","ast-breadcrumbs-content":"","ast-featured-img":"","footer-sml-layout":"","ast-disable-related-posts":"","theme-transparent-header-meta":"","adv-header-id-meta":"","stick-header-meta":"","header-above-stick-meta":"","header-main-stick-meta":"","header-below-stick-meta":"","astra-migrate-meta-layouts":"default","ast-page-background-enabled":"default","ast-page-background-meta":{"desktop":{"background-color":"var(--ast-global-color-4)","background-image":"","background-repeat":"repeat","background-position":"center center","background-size":"auto","background-attachment":"scroll","background-type":"","background-media":"","overlay-type":"","overlay-color":"","overlay-opacity":"","overlay-gradient":""},"tablet":{"background-color":"","background-image":"","background-repeat":"repeat","background-position":"center center","background-size":"auto","background-attachment":"scroll","background-type":"","background-media":"","overlay-type":"","overlay-color":"","overlay-opacity":"","overlay-gradient":""},"mobile":{"background-color":"","background-image":"","background-repeat":"repeat","background-position":"center center","background-size":"auto","background-attachment":"scroll","background-type":"","background-media":"","overlay-type":"","overlay-color":"","overlay-opacity":"","overlay-gradient":""}},"ast-content-background-meta":{"desktop":{"background-color":"var(--ast-global-color-5)","background-image":"","background-repeat":"repeat","background-position":"center center","background-size":"auto","background-attachment":"scroll","background-type":"","background-media":"","overlay-type":"","overlay-color":"","overlay-opacity":"","overlay-gradient":""},"tablet":{"background-color":"var(--ast-global-color-5)","background-image":"","background-repeat":"repeat","background-position":"center center","background-size":"auto","background-attachment":"scroll","background-type":"","background-media":"","overlay-type":"","overlay-color":"","overlay-opacity":"","overlay-gradient":""},"mobile":{"background-color":"var(--ast-global-color-5)","background-image":"","background-repeat":"repeat","background-position":"center center","background-size":"auto","background-attachment":"scroll","background-type":"","background-media":"","overlay-type":"","overlay-color":"","overlay-opacity":"","overlay-gradient":""}}},"product_brand":[],"product_cat":[62,150],"product_tag":[45],"class_list":{"0":"post-1514","1":"product","2":"type-product","3":"status-publish","4":"has-post-thumbnail","6":"product_cat-redes","7":"product_cat-routers","8":"product_tag-tp-link","9":"desktop-align-left","10":"tablet-align-left","11":"mobile-align-left","13":"first","14":"instock","15":"taxable","16":"shipping-taxable","17":"product-type-simple"},"yoast_head":"<!-- This site is optimized with the Yoast SEO plugin v27.4 - https:\/\/yoast.com\/product\/yoast-seo-wordpress\/ -->\n<title>Router Tplink Inal\u00e1mbrico Tl-Wr841Hp Alta Potencia 300Mbps - IntegralPro<\/title>\n<meta name=\"robots\" content=\"index, follow, max-snippet:-1, max-image-preview:large, max-video-preview:-1\" \/>\n<link rel=\"canonical\" href=\"https:\/\/www.integralpro.com.co\/index.php\/producto\/router-tplink-inalambrico-tl-wr841hp-alta-potencia-300mbps\/\" \/>\n<meta property=\"og:locale\" content=\"es_ES\" \/>\n<meta property=\"og:type\" content=\"article\" \/>\n<meta property=\"og:title\" content=\"Router Tplink Inal\u00e1mbrico Tl-Wr841Hp Alta Potencia 300Mbps - IntegralPro\" \/>\n<meta property=\"og:description\" content=\"# DE PARTE: TL-WR841HP\" \/>\n<meta property=\"og:url\" content=\"https:\/\/www.integralpro.com.co\/index.php\/producto\/router-tplink-inalambrico-tl-wr841hp-alta-potencia-300mbps\/\" \/>\n<meta property=\"og:site_name\" content=\"IntegralPro\" \/>\n<meta property=\"article:modified_time\" content=\"2021-02-19T19:48:25+00:00\" \/>\n<meta property=\"og:image\" content=\"https:\/\/www.integralpro.com.co\/wp-content\/uploads\/2021\/02\/Xb4E2CE.jpg\" \/>\n\t<meta property=\"og:image:width\" content=\"850\" \/>\n\t<meta property=\"og:image:height\" content=\"850\" \/>\n\t<meta property=\"og:image:type\" content=\"image\/jpeg\" \/>\n<meta name=\"twitter:card\" content=\"summary_large_image\" \/>\n<meta name=\"twitter:label1\" content=\"Tiempo de lectura\" \/>\n\t<meta name=\"twitter:data1\" content=\"2 minutos\" \/>\n<script type=\"application\/ld+json\" class=\"yoast-schema-graph\">{\"@context\":\"https:\\\/\\\/schema.org\",\"@graph\":[{\"@type\":\"WebPage\",\"@id\":\"https:\\\/\\\/www.integralpro.com.co\\\/index.php\\\/producto\\\/router-tplink-inalambrico-tl-wr841hp-alta-potencia-300mbps\\\/\",\"url\":\"https:\\\/\\\/www.integralpro.com.co\\\/index.php\\\/producto\\\/router-tplink-inalambrico-tl-wr841hp-alta-potencia-300mbps\\\/\",\"name\":\"Router Tplink Inal\u00e1mbrico Tl-Wr841Hp Alta Potencia 300Mbps - IntegralPro\",\"isPartOf\":{\"@id\":\"https:\\\/\\\/www.integralpro.com.co\\\/#website\"},\"primaryImageOfPage\":{\"@id\":\"https:\\\/\\\/www.integralpro.com.co\\\/index.php\\\/producto\\\/router-tplink-inalambrico-tl-wr841hp-alta-potencia-300mbps\\\/#primaryimage\"},\"image\":{\"@id\":\"https:\\\/\\\/www.integralpro.com.co\\\/index.php\\\/producto\\\/router-tplink-inalambrico-tl-wr841hp-alta-potencia-300mbps\\\/#primaryimage\"},\"thumbnailUrl\":\"https:\\\/\\\/www.integralpro.com.co\\\/wp-content\\\/uploads\\\/2021\\\/02\\\/Xb4E2CE.jpg\",\"datePublished\":\"2021-02-19T19:48:18+00:00\",\"dateModified\":\"2021-02-19T19:48:25+00:00\",\"breadcrumb\":{\"@id\":\"https:\\\/\\\/www.integralpro.com.co\\\/index.php\\\/producto\\\/router-tplink-inalambrico-tl-wr841hp-alta-potencia-300mbps\\\/#breadcrumb\"},\"inLanguage\":\"es\",\"potentialAction\":[{\"@type\":\"ReadAction\",\"target\":[\"https:\\\/\\\/www.integralpro.com.co\\\/index.php\\\/producto\\\/router-tplink-inalambrico-tl-wr841hp-alta-potencia-300mbps\\\/\"]}]},{\"@type\":\"ImageObject\",\"inLanguage\":\"es\",\"@id\":\"https:\\\/\\\/www.integralpro.com.co\\\/index.php\\\/producto\\\/router-tplink-inalambrico-tl-wr841hp-alta-potencia-300mbps\\\/#primaryimage\",\"url\":\"https:\\\/\\\/www.integralpro.com.co\\\/wp-content\\\/uploads\\\/2021\\\/02\\\/Xb4E2CE.jpg\",\"contentUrl\":\"https:\\\/\\\/www.integralpro.com.co\\\/wp-content\\\/uploads\\\/2021\\\/02\\\/Xb4E2CE.jpg\",\"width\":850,\"height\":850},{\"@type\":\"BreadcrumbList\",\"@id\":\"https:\\\/\\\/www.integralpro.com.co\\\/index.php\\\/producto\\\/router-tplink-inalambrico-tl-wr841hp-alta-potencia-300mbps\\\/#breadcrumb\",\"itemListElement\":[{\"@type\":\"ListItem\",\"position\":1,\"name\":\"Portada\",\"item\":\"https:\\\/\\\/www.integralpro.com.co\\\/\"},{\"@type\":\"ListItem\",\"position\":2,\"name\":\"Tienda\",\"item\":\"https:\\\/\\\/www.integralpro.com.co\\\/index.php\\\/tienda\\\/\"},{\"@type\":\"ListItem\",\"position\":3,\"name\":\"Router Tplink Inal\u00e1mbrico Tl-Wr841Hp Alta Potencia 300Mbps\"}]},{\"@type\":\"WebSite\",\"@id\":\"https:\\\/\\\/www.integralpro.com.co\\\/#website\",\"url\":\"https:\\\/\\\/www.integralpro.com.co\\\/\",\"name\":\"IntegralPro\",\"description\":\"Tienda de Tecnolog\u00eda en L\u00ednea\",\"publisher\":{\"@id\":\"https:\\\/\\\/www.integralpro.com.co\\\/#organization\"},\"potentialAction\":[{\"@type\":\"SearchAction\",\"target\":{\"@type\":\"EntryPoint\",\"urlTemplate\":\"https:\\\/\\\/www.integralpro.com.co\\\/?s={search_term_string}\"},\"query-input\":{\"@type\":\"PropertyValueSpecification\",\"valueRequired\":true,\"valueName\":\"search_term_string\"}}],\"inLanguage\":\"es\"},{\"@type\":\"Organization\",\"@id\":\"https:\\\/\\\/www.integralpro.com.co\\\/#organization\",\"name\":\"IntegralPro SAS\",\"url\":\"https:\\\/\\\/www.integralpro.com.co\\\/\",\"logo\":{\"@type\":\"ImageObject\",\"inLanguage\":\"es\",\"@id\":\"https:\\\/\\\/www.integralpro.com.co\\\/#\\\/schema\\\/logo\\\/image\\\/\",\"url\":\"https:\\\/\\\/www.integralpro.com.co\\\/wp-content\\\/uploads\\\/2021\\\/02\\\/logo-def.jpg\",\"contentUrl\":\"https:\\\/\\\/www.integralpro.com.co\\\/wp-content\\\/uploads\\\/2021\\\/02\\\/logo-def.jpg\",\"width\":238,\"height\":234,\"caption\":\"IntegralPro SAS\"},\"image\":{\"@id\":\"https:\\\/\\\/www.integralpro.com.co\\\/#\\\/schema\\\/logo\\\/image\\\/\"}}]}<\/script>\n<!-- \/ Yoast SEO plugin. -->","yoast_head_json":{"title":"Router Tplink Inal\u00e1mbrico Tl-Wr841Hp Alta Potencia 300Mbps - IntegralPro","robots":{"index":"index","follow":"follow","max-snippet":"max-snippet:-1","max-image-preview":"max-image-preview:large","max-video-preview":"max-video-preview:-1"},"canonical":"https:\/\/www.integralpro.com.co\/index.php\/producto\/router-tplink-inalambrico-tl-wr841hp-alta-potencia-300mbps\/","og_locale":"es_ES","og_type":"article","og_title":"Router Tplink Inal\u00e1mbrico Tl-Wr841Hp Alta Potencia 300Mbps - IntegralPro","og_description":"# DE PARTE: TL-WR841HP","og_url":"https:\/\/www.integralpro.com.co\/index.php\/producto\/router-tplink-inalambrico-tl-wr841hp-alta-potencia-300mbps\/","og_site_name":"IntegralPro","article_modified_time":"2021-02-19T19:48:25+00:00","og_image":[{"width":850,"height":850,"url":"https:\/\/www.integralpro.com.co\/wp-content\/uploads\/2021\/02\/Xb4E2CE.jpg","type":"image\/jpeg"}],"twitter_card":"summary_large_image","twitter_misc":{"Tiempo de lectura":"2 minutos"},"schema":{"@context":"https:\/\/schema.org","@graph":[{"@type":"WebPage","@id":"https:\/\/www.integralpro.com.co\/index.php\/producto\/router-tplink-inalambrico-tl-wr841hp-alta-potencia-300mbps\/","url":"https:\/\/www.integralpro.com.co\/index.php\/producto\/router-tplink-inalambrico-tl-wr841hp-alta-potencia-300mbps\/","name":"Router Tplink Inal\u00e1mbrico Tl-Wr841Hp Alta Potencia 300Mbps - IntegralPro","isPartOf":{"@id":"https:\/\/www.integralpro.com.co\/#website"},"primaryImageOfPage":{"@id":"https:\/\/www.integralpro.com.co\/index.php\/producto\/router-tplink-inalambrico-tl-wr841hp-alta-potencia-300mbps\/#primaryimage"},"image":{"@id":"https:\/\/www.integralpro.com.co\/index.php\/producto\/router-tplink-inalambrico-tl-wr841hp-alta-potencia-300mbps\/#primaryimage"},"thumbnailUrl":"https:\/\/www.integralpro.com.co\/wp-content\/uploads\/2021\/02\/Xb4E2CE.jpg","datePublished":"2021-02-19T19:48:18+00:00","dateModified":"2021-02-19T19:48:25+00:00","breadcrumb":{"@id":"https:\/\/www.integralpro.com.co\/index.php\/producto\/router-tplink-inalambrico-tl-wr841hp-alta-potencia-300mbps\/#breadcrumb"},"inLanguage":"es","potentialAction":[{"@type":"ReadAction","target":["https:\/\/www.integralpro.com.co\/index.php\/producto\/router-tplink-inalambrico-tl-wr841hp-alta-potencia-300mbps\/"]}]},{"@type":"ImageObject","inLanguage":"es","@id":"https:\/\/www.integralpro.com.co\/index.php\/producto\/router-tplink-inalambrico-tl-wr841hp-alta-potencia-300mbps\/#primaryimage","url":"https:\/\/www.integralpro.com.co\/wp-content\/uploads\/2021\/02\/Xb4E2CE.jpg","contentUrl":"https:\/\/www.integralpro.com.co\/wp-content\/uploads\/2021\/02\/Xb4E2CE.jpg","width":850,"height":850},{"@type":"BreadcrumbList","@id":"https:\/\/www.integralpro.com.co\/index.php\/producto\/router-tplink-inalambrico-tl-wr841hp-alta-potencia-300mbps\/#breadcrumb","itemListElement":[{"@type":"ListItem","position":1,"name":"Portada","item":"https:\/\/www.integralpro.com.co\/"},{"@type":"ListItem","position":2,"name":"Tienda","item":"https:\/\/www.integralpro.com.co\/index.php\/tienda\/"},{"@type":"ListItem","position":3,"name":"Router Tplink Inal\u00e1mbrico Tl-Wr841Hp Alta Potencia 300Mbps"}]},{"@type":"WebSite","@id":"https:\/\/www.integralpro.com.co\/#website","url":"https:\/\/www.integralpro.com.co\/","name":"IntegralPro","description":"Tienda de Tecnolog\u00eda en L\u00ednea","publisher":{"@id":"https:\/\/www.integralpro.com.co\/#organization"},"potentialAction":[{"@type":"SearchAction","target":{"@type":"EntryPoint","urlTemplate":"https:\/\/www.integralpro.com.co\/?s={search_term_string}"},"query-input":{"@type":"PropertyValueSpecification","valueRequired":true,"valueName":"search_term_string"}}],"inLanguage":"es"},{"@type":"Organization","@id":"https:\/\/www.integralpro.com.co\/#organization","name":"IntegralPro SAS","url":"https:\/\/www.integralpro.com.co\/","logo":{"@type":"ImageObject","inLanguage":"es","@id":"https:\/\/www.integralpro.com.co\/#\/schema\/logo\/image\/","url":"https:\/\/www.integralpro.com.co\/wp-content\/uploads\/2021\/02\/logo-def.jpg","contentUrl":"https:\/\/www.integralpro.com.co\/wp-content\/uploads\/2021\/02\/logo-def.jpg","width":238,"height":234,"caption":"IntegralPro SAS"},"image":{"@id":"https:\/\/www.integralpro.com.co\/#\/schema\/logo\/image\/"}}]}},"_links":{"self":[{"href":"https:\/\/www.integralpro.com.co\/index.php\/wp-json\/wp\/v2\/product\/1514","targetHints":{"allow":["GET"]}}],"collection":[{"href":"https:\/\/www.integralpro.com.co\/index.php\/wp-json\/wp\/v2\/product"}],"about":[{"href":"https:\/\/www.integralpro.com.co\/index.php\/wp-json\/wp\/v2\/types\/product"}],"version-history":[{"count":1,"href":"https:\/\/www.integralpro.com.co\/index.php\/wp-json\/wp\/v2\/product\/1514\/revisions"}],"predecessor-version":[{"id":1557,"href":"https:\/\/www.integralpro.com.co\/index.php\/wp-json\/wp\/v2\/product\/1514\/revisions\/1557"}],"wp:featuredmedia":[{"embeddable":true,"href":"https:\/\/www.integralpro.com.co\/index.php\/wp-json\/wp\/v2\/media\/1556"}],"wp:attachment":[{"href":"https:\/\/www.integralpro.com.co\/index.php\/wp-json\/wp\/v2\/media?parent=1514"}],"wp:term":[{"taxonomy":"product_brand","embeddable":true,"href":"https:\/\/www.integralpro.com.co\/index.php\/wp-json\/wp\/v2\/product_brand?post=1514"},{"taxonomy":"product_cat","embeddable":true,"href":"https:\/\/www.integralpro.com.co\/index.php\/wp-json\/wp\/v2\/product_cat?post=1514"},{"taxonomy":"product_tag","embeddable":true,"href":"https:\/\/www.integralpro.com.co\/index.php\/wp-json\/wp\/v2\/product_tag?post=1514"}],"curies":[{"name":"wp","href":"https:\/\/api.w.org\/{rel}","templated":true}]}}