{"id":1511,"date":"2021-02-19T14:48:17","date_gmt":"2021-02-19T19:48:17","guid":{"rendered":"https:\/\/www.integralpro.com.co\/index.php\/producto\/import-placeholder-for-951\/"},"modified":"2021-02-23T15:14:46","modified_gmt":"2021-02-23T20:14:46","slug":"router-tp-link-ac1200-gigabit-banda-dual-inalambrico-negro","status":"publish","type":"product","link":"https:\/\/www.integralpro.com.co\/index.php\/producto\/router-tp-link-ac1200-gigabit-banda-dual-inalambrico-negro\/","title":{"rendered":"Router Tp-Link Ac1200 Gigabit Banda Dual Inalambrico &#8211; Negro"},"content":{"rendered":"<table style=\"color: #666666; font-size: 14px; line-height: 21.84px; max-width: 100%; text-align: left; widows: 1; width: 700px;\" border=\"0\" cellspacing=\"1\" cellpadding=\"1\">\n<tbody>\n<tr>\n<td>\n<p style=\"text-align: justify;\">El Archer C50 de TP-LINK viene con el est\u00e1ndar de la pr\u00f3xima generaci\u00f3n Wi-Fi &#8211; 802.11ac, 3 veces m\u00e1s r\u00e1pido que las velocidades inal\u00e1mbricas N y entrega una velocidad de transferencia inal\u00e1mbrica de datos combinada de hasta 1,2 Gbps. Con 300 Mbps en la banda de 2,4 GHz y velocidades inal\u00e1mbricas de 867Mbps en la banda de 5 GHz , el Archer C50 es la mejor opci\u00f3n para la transmisi\u00f3n HD sin retraso, juegos en l\u00ednea y otras tareas intensivas de banda ancha.<\/p>\n<p><strong>Conexiones de 1.2 Gbps de doble banda para Trabajo y Entretenimiento sin demoras <\/strong><\/p>\n<p style=\"text-align: justify;\">El Archer C50 opera tanto la banda de 2.4GHz como la banda 5GHz , lo que garantiza un rendimiento inal\u00e1mbrico incre\u00edble. La doble banda Simult\u00e1nea te ofrece la flexibilidad de dos redes dedicadas &#8211; con m\u00faltiples veces el ancho de banda para tus necesidades. Las tareas simples como enviar correos electr\u00f3nicos o navegar por la web pueden ser manejados por la banda 2,4 GHz, mientras que las tareas intensivas de ancho de banda, como los juegos en l\u00ednea o transmisi\u00f3n de video HD pueden ser procesados por la banda de 5GHz &#8211; todo al mismo tiempo.<\/p>\n<p><strong> 2 Antenas Externas para una Cobertura \u00d3ptima <\/strong><\/p>\n<p style=\"text-align: justify;\">Con 2 antenas externas combinadas con la tecnolog\u00eda de antena de alta calidad, puedes mantener altas velocidades a trav\u00e9s de grandes distancias. Esto te proporciona una cobertura inal\u00e1mbrica \u00f3ptima y fiabilidad desde cualquier lugar en tu casa u oficina.<\/p>\n<p><strong> Puerto USB para Compartir y Almacenar <\/strong><\/p>\n<p style=\"text-align: justify;\">Con un puerto USB 2.0, puedes compartir una impresora localmente y archivos y medios con dispositivos de red o remotamente mediante un servidor FTP.<\/p>\n<p><strong>ESPECIFICACIONES T\u00c9CNICAS<\/strong><\/p>\n<ul>\n<li>Dimensiones del producto : 18 x 12 x 3.2 cm<\/li>\n<li>Peso : 0.91 Kg<\/li>\n<li>Interfaz : 4 Puertos LAN 10\/100Mbps &#8211; 1 Puerto WAN 10\/100Mbps &#8211; Puerto USB 2.0<\/li>\n<li>Botones : Bot\u00f3n WPS\/Reset<\/li>\n<li>Bot\u00f3n Inal\u00e1mbrico Encendido \/Apagado<\/li>\n<li>Bot\u00f3n de Encendido \/Apagado<\/li>\n<li>Tipo de Antena : 2 Antenas Externas de Banda Dual<\/li>\n<li>Fuente de Alimentaci\u00f3n Externa : 12VDC \/ 1.5A<\/li>\n<li>Tipo de Antena : 2 Antenas Externas de Banda Dual<\/li>\n<li>Est\u00e1ndares Inal\u00e1mbricos : IEEE 802.11n\/g\/b 2.4GHz &#8211; IEEE 802.11ac\/n\/a 5GHz<\/li>\n<li>Frecuencia : 2.4GHz y 5GHz<\/li>\n<li>Funciones Inal\u00e1mbricas : Habilitar \/Deshabilitar Radio inal\u00e1mbrico; Puente WDS; WMM; Estad\u00edsticas Inal\u00e1mbricas<\/li>\n<li>Tipo de WAN : IP Din\u00e1mica\/IP Est\u00e1tica\/PPPoE\/ &#8211; BigPond\/ \/L2TP(Acceso Dual) \/PPTP(Acceso Dual)<\/li>\n<li>Control de Acceso : Control Parental; Control de Administraci\u00f3n Local; Lista de Host; Acceso a Calendario; Administraci\u00f3n de Regla<\/li>\n<li>Requisitos del sistema : Microsoft Windows 98SE; NT; 2000; XP; Vista o Windows 7; Windows 8\/8.1\/10; MAC OS; NetWare; UNIX o Linux.<\/li>\n<li>Seguridad Firewall : DoS; Firewall SPI<\/li>\n<li>Filtro por direcciones IP \/ MAC \/ Dominio<\/li>\n<li>Asociaci\u00f3n de Direcciones IP y MAC<\/li>\n<li>Transferencia por USB : Soporta Samba(Almacenamiento) \/ Servidor FTP \/ Servidor de Medios \/ Servidor de impresi\u00f3n<\/li>\n<li>Red de Invitados : 1 x red de invitados en 2.4GHz &#8211; 1 x red de invitados en 5GHz<\/li>\n<li>Frecuencia : 2.4GHz y 5GHz<\/li>\n<\/ul>\n<\/td>\n<\/tr>\n<\/tbody>\n<\/table>\n","protected":false},"excerpt":{"rendered":"<p># DE PARTE: Archer C50<\/p>\n","protected":false},"featured_media":3683,"template":"","meta":{"site-sidebar-layout":"default","site-content-layout":"default","ast-site-content-layout":"default","site-content-style":"default","site-sidebar-style":"default","ast-global-header-display":"","ast-banner-title-visibility":"","ast-main-header-display":"","ast-hfb-above-header-display":"","ast-hfb-below-header-display":"","ast-hfb-mobile-header-display":"","site-post-title":"","ast-breadcrumbs-content":"","ast-featured-img":"","footer-sml-layout":"","ast-disable-related-posts":"","theme-transparent-header-meta":"default","adv-header-id-meta":"","stick-header-meta":"","header-above-stick-meta":"","header-main-stick-meta":"","header-below-stick-meta":"","astra-migrate-meta-layouts":"default","ast-page-background-enabled":"default","ast-page-background-meta":{"desktop":{"background-color":"var(--ast-global-color-4)","background-image":"","background-repeat":"repeat","background-position":"center center","background-size":"auto","background-attachment":"scroll","background-type":"","background-media":"","overlay-type":"","overlay-color":"","overlay-opacity":"","overlay-gradient":""},"tablet":{"background-color":"","background-image":"","background-repeat":"repeat","background-position":"center center","background-size":"auto","background-attachment":"scroll","background-type":"","background-media":"","overlay-type":"","overlay-color":"","overlay-opacity":"","overlay-gradient":""},"mobile":{"background-color":"","background-image":"","background-repeat":"repeat","background-position":"center center","background-size":"auto","background-attachment":"scroll","background-type":"","background-media":"","overlay-type":"","overlay-color":"","overlay-opacity":"","overlay-gradient":""}},"ast-content-background-meta":{"desktop":{"background-color":"var(--ast-global-color-5)","background-image":"","background-repeat":"repeat","background-position":"center center","background-size":"auto","background-attachment":"scroll","background-type":"","background-media":"","overlay-type":"","overlay-color":"","overlay-opacity":"","overlay-gradient":""},"tablet":{"background-color":"var(--ast-global-color-5)","background-image":"","background-repeat":"repeat","background-position":"center center","background-size":"auto","background-attachment":"scroll","background-type":"","background-media":"","overlay-type":"","overlay-color":"","overlay-opacity":"","overlay-gradient":""},"mobile":{"background-color":"var(--ast-global-color-5)","background-image":"","background-repeat":"repeat","background-position":"center center","background-size":"auto","background-attachment":"scroll","background-type":"","background-media":"","overlay-type":"","overlay-color":"","overlay-opacity":"","overlay-gradient":""}}},"product_brand":[],"product_cat":[62,150],"product_tag":[45],"class_list":{"0":"post-1511","1":"product","2":"type-product","3":"status-publish","4":"has-post-thumbnail","6":"product_cat-redes","7":"product_cat-routers","8":"product_tag-tp-link","9":"desktop-align-left","10":"tablet-align-left","11":"mobile-align-left","13":"first","14":"instock","15":"taxable","16":"shipping-taxable","17":"product-type-simple"},"yoast_head":"<!-- This site is optimized with the Yoast SEO plugin v27.3 - https:\/\/yoast.com\/product\/yoast-seo-wordpress\/ -->\n<title>Router Tp-Link Ac1200 Gigabit Banda Dual Inalambrico - Negro - IntegralPro<\/title>\n<meta name=\"robots\" content=\"index, follow, max-snippet:-1, max-image-preview:large, max-video-preview:-1\" \/>\n<link rel=\"canonical\" href=\"https:\/\/www.integralpro.com.co\/index.php\/producto\/router-tp-link-ac1200-gigabit-banda-dual-inalambrico-negro\/\" \/>\n<meta property=\"og:locale\" content=\"es_ES\" \/>\n<meta property=\"og:type\" content=\"article\" \/>\n<meta property=\"og:title\" content=\"Router Tp-Link Ac1200 Gigabit Banda Dual Inalambrico - Negro - IntegralPro\" \/>\n<meta property=\"og:description\" content=\"# DE PARTE: Archer C50\" \/>\n<meta property=\"og:url\" content=\"https:\/\/www.integralpro.com.co\/index.php\/producto\/router-tp-link-ac1200-gigabit-banda-dual-inalambrico-negro\/\" \/>\n<meta property=\"og:site_name\" content=\"IntegralPro\" \/>\n<meta property=\"article:modified_time\" content=\"2021-02-23T20:14:46+00:00\" \/>\n<meta property=\"og:image\" content=\"https:\/\/www.integralpro.com.co\/wp-content\/uploads\/2021\/02\/Router-Tp-Link-Ac1200-Gigabit-Banda-Dual-Inalambrico.jpg\" \/>\n\t<meta property=\"og:image:width\" content=\"1000\" \/>\n\t<meta property=\"og:image:height\" content=\"1000\" \/>\n\t<meta property=\"og:image:type\" content=\"image\/jpeg\" \/>\n<meta name=\"twitter:card\" content=\"summary_large_image\" \/>\n<meta name=\"twitter:label1\" content=\"Tiempo de lectura\" \/>\n\t<meta name=\"twitter:data1\" content=\"2 minutos\" \/>\n<script type=\"application\/ld+json\" class=\"yoast-schema-graph\">{\"@context\":\"https:\\\/\\\/schema.org\",\"@graph\":[{\"@type\":\"WebPage\",\"@id\":\"https:\\\/\\\/www.integralpro.com.co\\\/index.php\\\/producto\\\/router-tp-link-ac1200-gigabit-banda-dual-inalambrico-negro\\\/\",\"url\":\"https:\\\/\\\/www.integralpro.com.co\\\/index.php\\\/producto\\\/router-tp-link-ac1200-gigabit-banda-dual-inalambrico-negro\\\/\",\"name\":\"Router Tp-Link Ac1200 Gigabit Banda Dual Inalambrico - Negro - IntegralPro\",\"isPartOf\":{\"@id\":\"https:\\\/\\\/www.integralpro.com.co\\\/#website\"},\"primaryImageOfPage\":{\"@id\":\"https:\\\/\\\/www.integralpro.com.co\\\/index.php\\\/producto\\\/router-tp-link-ac1200-gigabit-banda-dual-inalambrico-negro\\\/#primaryimage\"},\"image\":{\"@id\":\"https:\\\/\\\/www.integralpro.com.co\\\/index.php\\\/producto\\\/router-tp-link-ac1200-gigabit-banda-dual-inalambrico-negro\\\/#primaryimage\"},\"thumbnailUrl\":\"https:\\\/\\\/www.integralpro.com.co\\\/wp-content\\\/uploads\\\/2021\\\/02\\\/Router-Tp-Link-Ac1200-Gigabit-Banda-Dual-Inalambrico.jpg\",\"datePublished\":\"2021-02-19T19:48:17+00:00\",\"dateModified\":\"2021-02-23T20:14:46+00:00\",\"breadcrumb\":{\"@id\":\"https:\\\/\\\/www.integralpro.com.co\\\/index.php\\\/producto\\\/router-tp-link-ac1200-gigabit-banda-dual-inalambrico-negro\\\/#breadcrumb\"},\"inLanguage\":\"es\",\"potentialAction\":[{\"@type\":\"ReadAction\",\"target\":[\"https:\\\/\\\/www.integralpro.com.co\\\/index.php\\\/producto\\\/router-tp-link-ac1200-gigabit-banda-dual-inalambrico-negro\\\/\"]}]},{\"@type\":\"ImageObject\",\"inLanguage\":\"es\",\"@id\":\"https:\\\/\\\/www.integralpro.com.co\\\/index.php\\\/producto\\\/router-tp-link-ac1200-gigabit-banda-dual-inalambrico-negro\\\/#primaryimage\",\"url\":\"https:\\\/\\\/www.integralpro.com.co\\\/wp-content\\\/uploads\\\/2021\\\/02\\\/Router-Tp-Link-Ac1200-Gigabit-Banda-Dual-Inalambrico.jpg\",\"contentUrl\":\"https:\\\/\\\/www.integralpro.com.co\\\/wp-content\\\/uploads\\\/2021\\\/02\\\/Router-Tp-Link-Ac1200-Gigabit-Banda-Dual-Inalambrico.jpg\",\"width\":1000,\"height\":1000},{\"@type\":\"BreadcrumbList\",\"@id\":\"https:\\\/\\\/www.integralpro.com.co\\\/index.php\\\/producto\\\/router-tp-link-ac1200-gigabit-banda-dual-inalambrico-negro\\\/#breadcrumb\",\"itemListElement\":[{\"@type\":\"ListItem\",\"position\":1,\"name\":\"Portada\",\"item\":\"https:\\\/\\\/www.integralpro.com.co\\\/\"},{\"@type\":\"ListItem\",\"position\":2,\"name\":\"Tienda\",\"item\":\"https:\\\/\\\/www.integralpro.com.co\\\/index.php\\\/tienda\\\/\"},{\"@type\":\"ListItem\",\"position\":3,\"name\":\"Router Tp-Link Ac1200 Gigabit Banda Dual Inalambrico &#8211; Negro\"}]},{\"@type\":\"WebSite\",\"@id\":\"https:\\\/\\\/www.integralpro.com.co\\\/#website\",\"url\":\"https:\\\/\\\/www.integralpro.com.co\\\/\",\"name\":\"IntegralPro\",\"description\":\"Tienda de Tecnolog\u00eda en L\u00ednea\",\"publisher\":{\"@id\":\"https:\\\/\\\/www.integralpro.com.co\\\/#organization\"},\"potentialAction\":[{\"@type\":\"SearchAction\",\"target\":{\"@type\":\"EntryPoint\",\"urlTemplate\":\"https:\\\/\\\/www.integralpro.com.co\\\/?s={search_term_string}\"},\"query-input\":{\"@type\":\"PropertyValueSpecification\",\"valueRequired\":true,\"valueName\":\"search_term_string\"}}],\"inLanguage\":\"es\"},{\"@type\":\"Organization\",\"@id\":\"https:\\\/\\\/www.integralpro.com.co\\\/#organization\",\"name\":\"IntegralPro SAS\",\"url\":\"https:\\\/\\\/www.integralpro.com.co\\\/\",\"logo\":{\"@type\":\"ImageObject\",\"inLanguage\":\"es\",\"@id\":\"https:\\\/\\\/www.integralpro.com.co\\\/#\\\/schema\\\/logo\\\/image\\\/\",\"url\":\"https:\\\/\\\/www.integralpro.com.co\\\/wp-content\\\/uploads\\\/2021\\\/02\\\/logo-def.jpg\",\"contentUrl\":\"https:\\\/\\\/www.integralpro.com.co\\\/wp-content\\\/uploads\\\/2021\\\/02\\\/logo-def.jpg\",\"width\":238,\"height\":234,\"caption\":\"IntegralPro SAS\"},\"image\":{\"@id\":\"https:\\\/\\\/www.integralpro.com.co\\\/#\\\/schema\\\/logo\\\/image\\\/\"}}]}<\/script>\n<!-- \/ Yoast SEO plugin. -->","yoast_head_json":{"title":"Router Tp-Link Ac1200 Gigabit Banda Dual Inalambrico - Negro - IntegralPro","robots":{"index":"index","follow":"follow","max-snippet":"max-snippet:-1","max-image-preview":"max-image-preview:large","max-video-preview":"max-video-preview:-1"},"canonical":"https:\/\/www.integralpro.com.co\/index.php\/producto\/router-tp-link-ac1200-gigabit-banda-dual-inalambrico-negro\/","og_locale":"es_ES","og_type":"article","og_title":"Router Tp-Link Ac1200 Gigabit Banda Dual Inalambrico - Negro - IntegralPro","og_description":"# DE PARTE: Archer C50","og_url":"https:\/\/www.integralpro.com.co\/index.php\/producto\/router-tp-link-ac1200-gigabit-banda-dual-inalambrico-negro\/","og_site_name":"IntegralPro","article_modified_time":"2021-02-23T20:14:46+00:00","og_image":[{"width":1000,"height":1000,"url":"https:\/\/www.integralpro.com.co\/wp-content\/uploads\/2021\/02\/Router-Tp-Link-Ac1200-Gigabit-Banda-Dual-Inalambrico.jpg","type":"image\/jpeg"}],"twitter_card":"summary_large_image","twitter_misc":{"Tiempo de lectura":"2 minutos"},"schema":{"@context":"https:\/\/schema.org","@graph":[{"@type":"WebPage","@id":"https:\/\/www.integralpro.com.co\/index.php\/producto\/router-tp-link-ac1200-gigabit-banda-dual-inalambrico-negro\/","url":"https:\/\/www.integralpro.com.co\/index.php\/producto\/router-tp-link-ac1200-gigabit-banda-dual-inalambrico-negro\/","name":"Router Tp-Link Ac1200 Gigabit Banda Dual Inalambrico - Negro - IntegralPro","isPartOf":{"@id":"https:\/\/www.integralpro.com.co\/#website"},"primaryImageOfPage":{"@id":"https:\/\/www.integralpro.com.co\/index.php\/producto\/router-tp-link-ac1200-gigabit-banda-dual-inalambrico-negro\/#primaryimage"},"image":{"@id":"https:\/\/www.integralpro.com.co\/index.php\/producto\/router-tp-link-ac1200-gigabit-banda-dual-inalambrico-negro\/#primaryimage"},"thumbnailUrl":"https:\/\/www.integralpro.com.co\/wp-content\/uploads\/2021\/02\/Router-Tp-Link-Ac1200-Gigabit-Banda-Dual-Inalambrico.jpg","datePublished":"2021-02-19T19:48:17+00:00","dateModified":"2021-02-23T20:14:46+00:00","breadcrumb":{"@id":"https:\/\/www.integralpro.com.co\/index.php\/producto\/router-tp-link-ac1200-gigabit-banda-dual-inalambrico-negro\/#breadcrumb"},"inLanguage":"es","potentialAction":[{"@type":"ReadAction","target":["https:\/\/www.integralpro.com.co\/index.php\/producto\/router-tp-link-ac1200-gigabit-banda-dual-inalambrico-negro\/"]}]},{"@type":"ImageObject","inLanguage":"es","@id":"https:\/\/www.integralpro.com.co\/index.php\/producto\/router-tp-link-ac1200-gigabit-banda-dual-inalambrico-negro\/#primaryimage","url":"https:\/\/www.integralpro.com.co\/wp-content\/uploads\/2021\/02\/Router-Tp-Link-Ac1200-Gigabit-Banda-Dual-Inalambrico.jpg","contentUrl":"https:\/\/www.integralpro.com.co\/wp-content\/uploads\/2021\/02\/Router-Tp-Link-Ac1200-Gigabit-Banda-Dual-Inalambrico.jpg","width":1000,"height":1000},{"@type":"BreadcrumbList","@id":"https:\/\/www.integralpro.com.co\/index.php\/producto\/router-tp-link-ac1200-gigabit-banda-dual-inalambrico-negro\/#breadcrumb","itemListElement":[{"@type":"ListItem","position":1,"name":"Portada","item":"https:\/\/www.integralpro.com.co\/"},{"@type":"ListItem","position":2,"name":"Tienda","item":"https:\/\/www.integralpro.com.co\/index.php\/tienda\/"},{"@type":"ListItem","position":3,"name":"Router Tp-Link Ac1200 Gigabit Banda Dual Inalambrico &#8211; Negro"}]},{"@type":"WebSite","@id":"https:\/\/www.integralpro.com.co\/#website","url":"https:\/\/www.integralpro.com.co\/","name":"IntegralPro","description":"Tienda de Tecnolog\u00eda en L\u00ednea","publisher":{"@id":"https:\/\/www.integralpro.com.co\/#organization"},"potentialAction":[{"@type":"SearchAction","target":{"@type":"EntryPoint","urlTemplate":"https:\/\/www.integralpro.com.co\/?s={search_term_string}"},"query-input":{"@type":"PropertyValueSpecification","valueRequired":true,"valueName":"search_term_string"}}],"inLanguage":"es"},{"@type":"Organization","@id":"https:\/\/www.integralpro.com.co\/#organization","name":"IntegralPro SAS","url":"https:\/\/www.integralpro.com.co\/","logo":{"@type":"ImageObject","inLanguage":"es","@id":"https:\/\/www.integralpro.com.co\/#\/schema\/logo\/image\/","url":"https:\/\/www.integralpro.com.co\/wp-content\/uploads\/2021\/02\/logo-def.jpg","contentUrl":"https:\/\/www.integralpro.com.co\/wp-content\/uploads\/2021\/02\/logo-def.jpg","width":238,"height":234,"caption":"IntegralPro SAS"},"image":{"@id":"https:\/\/www.integralpro.com.co\/#\/schema\/logo\/image\/"}}]}},"_links":{"self":[{"href":"https:\/\/www.integralpro.com.co\/index.php\/wp-json\/wp\/v2\/product\/1511","targetHints":{"allow":["GET"]}}],"collection":[{"href":"https:\/\/www.integralpro.com.co\/index.php\/wp-json\/wp\/v2\/product"}],"about":[{"href":"https:\/\/www.integralpro.com.co\/index.php\/wp-json\/wp\/v2\/types\/product"}],"version-history":[{"count":2,"href":"https:\/\/www.integralpro.com.co\/index.php\/wp-json\/wp\/v2\/product\/1511\/revisions"}],"predecessor-version":[{"id":3599,"href":"https:\/\/www.integralpro.com.co\/index.php\/wp-json\/wp\/v2\/product\/1511\/revisions\/3599"}],"wp:featuredmedia":[{"embeddable":true,"href":"https:\/\/www.integralpro.com.co\/index.php\/wp-json\/wp\/v2\/media\/3683"}],"wp:attachment":[{"href":"https:\/\/www.integralpro.com.co\/index.php\/wp-json\/wp\/v2\/media?parent=1511"}],"wp:term":[{"taxonomy":"product_brand","embeddable":true,"href":"https:\/\/www.integralpro.com.co\/index.php\/wp-json\/wp\/v2\/product_brand?post=1511"},{"taxonomy":"product_cat","embeddable":true,"href":"https:\/\/www.integralpro.com.co\/index.php\/wp-json\/wp\/v2\/product_cat?post=1511"},{"taxonomy":"product_tag","embeddable":true,"href":"https:\/\/www.integralpro.com.co\/index.php\/wp-json\/wp\/v2\/product_tag?post=1511"}],"curies":[{"name":"wp","href":"https:\/\/api.w.org\/{rel}","templated":true}]}}