{"id":1510,"date":"2021-02-19T14:48:17","date_gmt":"2021-02-19T19:48:17","guid":{"rendered":"https:\/\/www.integralpro.com.co\/index.php\/producto\/import-placeholder-for-950\/"},"modified":"2021-02-23T15:13:13","modified_gmt":"2021-02-23T20:13:13","slug":"router-inalambrico-tp-link-n-450mbps-tl-wr940n","status":"publish","type":"product","link":"https:\/\/www.integralpro.com.co\/index.php\/producto\/router-inalambrico-tp-link-n-450mbps-tl-wr940n\/","title":{"rendered":"Router Inalambrico Tp Link N 450Mbps Tl-Wr940N"},"content":{"rendered":"<p>&nbsp;<\/p>\n<p style=\"text-align: justify;\">El Router Inal\u00e1mbrico N 450Mbps TL-WR940N es un dispositivo combinado con cable\/inal\u00e1mbrico de conexi\u00f3n de red dise\u00f1ado espec\u00edficamente para las necesidades de peque\u00f1as empresas y de redes de oficina en casa. Con tecnolog\u00eda MIMO, TL-WR940N crea un rendimiento inal\u00e1mbrico excepcional y avanzado, lo que es ideal para el streaming de video de alta definici\u00f3n, VoIP y juegos en l\u00ednea. Adem\u00e1s, el bot\u00f3n WPS en el exterior elegante y de moda asegura WPA2, la previene de la red de intrusiones externas.<\/p>\n<p>&nbsp;<\/p>\n<h2 class=\"style6\" style=\"font-weight: bold; border-bottom: 2px solid #750000; color: #750000; margin-bottom: 10px; padding: 8px 15px 5px 15px;\">Rango y Velocidad Inal\u00e1mbricos N<\/h2>\n<p>&nbsp;<\/p>\n<p style=\"text-align: justify;\">Cumpliendo con el est\u00e1ndar IEEE 802.11n, el TL-WR940N puede establecer una red inal\u00e1mbrica y obtener hasta 15 veces la velocidad y 5 veces el alcance de los productos convencionales 11g. Tambi\u00e9n, con velocidades de transmisi\u00f3n de hasta 450 Mbps, que muestra m\u00e1s excelentes capacidades de mitigaci\u00f3n de la p\u00e9rdida de datos a largas distancias ya trav\u00e9s de obst\u00e1culos en una oficina peque\u00f1a o un apartamento grande, incluso en un edificio de acero. Por encima de todo, se puede tomar f\u00e1cilmente la red inal\u00e1mbrica durante la conexi\u00f3n a larga distancia donde los productos 11g no!<\/p>\n<p>&nbsp;<\/p>\n<h2 class=\"style6\" style=\"margin-top: 20px; font-weight: bold; border-bottom: 2px solid #750000; color: #750000; margin-bottom: 10px; padding: 8px 15px 5px 15px;\">El Mejor Rendimiento Inal\u00e1mbrico<\/h2>\n<p>&nbsp;<\/p>\n<p style=\"text-align: justify;\">El router tiene la velocidad para trabajar sin problemas con casi cualquier aplicaci\u00f3n intensiva de Banda Ancha, incluyendo VoIP, streaming de alta definici\u00f3n, o juegos en l\u00ednea, sin retraso. Usando sus potentes tecnolog\u00edas de N, el router tambi\u00e9n es capaz de mitigar la p\u00e9rdida de datos a largas distancias ya trav\u00e9s de los obst\u00e1culos que dan vuelta a su hogar e incluso su patio en un gran calor.<\/p>\n<p>&nbsp;<\/p>\n<h2 class=\"style2\" style=\"margin-top: 20px; border-bottom: 2px solid #750000; margin-bottom: 10px; padding: 8px 15px 5px 15px;\"><strong>Especificaciones <\/strong><\/h2>\n<p>Dimensiones : 23 x 14 x 3.5 cm<br \/>\nPeso : 1 Kg<br \/>\nInterfaz: 4 PUERTOS LAN 10\/100Mbps &#8211; 1 PUERTO WAN10\/100Mbps<br \/>\nBot\u00f3n: Bot\u00f3n Inal\u00e1mbrico Encendido\/ Apagado, Bot\u00f3n WPS\/Reset, Bot\u00f3n de Encendido \/ Apagado<br \/>\nAntenas :3 Antenas desmontables omnidireccionales de 5 dBi (RP-SMA)<br \/>\nFuente de Alimentaci\u00f3n Externa: 12VDC \/ 1A<br \/>\nEst\u00e1ndares Inal\u00e1mbricos: IEEE 802.11n, IEEE 802.11g, IEEE 802.11b<br \/>\nFrecuencia: 2.4-2.4835GHz<br \/>\nFunciones inal\u00e1mbrica: Habilitar \/ Deshabilitar Radio Inal\u00e1mbrico, Puente WDS, WMM, Estad\u00edsticas Inal\u00e1mbricas<br \/>\nSeguridad inal\u00e1mbrica: 64\/128\/152-bit WEP \/ WPA \/ WPA2,WPA-PSK \/ WPA2-PSK<br \/>\nProtocolo: Support IPv4<br \/>\nRequerimientos del sistema: Microsoft Windows 98SE, NT, 2000, XP, Vista o Windows 7, Windows8\/ 8.1\/10, MAC OS, NetWare, UNIX o Linux Color : Negro<\/p>\n<h2 class=\"style2\" style=\"margin-top: 20px; border-bottom: 2px solid #750000; margin-bottom: 10px; padding: 8px 15px 5px 15px;\"><strong>Contenido Del Paquete <\/strong><\/h2>\n<p>Router &#8211; Fuente de Alimentaci\u00f3n &#8211; Cable Ethernet &#8211; Documentaci\u00f3n<\/p>\n","protected":false},"excerpt":{"rendered":"<p># DE PARTE: TL-WR940N<\/p>\n","protected":false},"featured_media":3682,"template":"","meta":{"site-sidebar-layout":"default","site-content-layout":"default","ast-site-content-layout":"default","site-content-style":"default","site-sidebar-style":"default","ast-global-header-display":"","ast-banner-title-visibility":"","ast-main-header-display":"","ast-hfb-above-header-display":"","ast-hfb-below-header-display":"","ast-hfb-mobile-header-display":"","site-post-title":"","ast-breadcrumbs-content":"","ast-featured-img":"","footer-sml-layout":"","ast-disable-related-posts":"","theme-transparent-header-meta":"default","adv-header-id-meta":"","stick-header-meta":"","header-above-stick-meta":"","header-main-stick-meta":"","header-below-stick-meta":"","astra-migrate-meta-layouts":"default","ast-page-background-enabled":"default","ast-page-background-meta":{"desktop":{"background-color":"var(--ast-global-color-4)","background-image":"","background-repeat":"repeat","background-position":"center center","background-size":"auto","background-attachment":"scroll","background-type":"","background-media":"","overlay-type":"","overlay-color":"","overlay-opacity":"","overlay-gradient":""},"tablet":{"background-color":"","background-image":"","background-repeat":"repeat","background-position":"center center","background-size":"auto","background-attachment":"scroll","background-type":"","background-media":"","overlay-type":"","overlay-color":"","overlay-opacity":"","overlay-gradient":""},"mobile":{"background-color":"","background-image":"","background-repeat":"repeat","background-position":"center center","background-size":"auto","background-attachment":"scroll","background-type":"","background-media":"","overlay-type":"","overlay-color":"","overlay-opacity":"","overlay-gradient":""}},"ast-content-background-meta":{"desktop":{"background-color":"var(--ast-global-color-5)","background-image":"","background-repeat":"repeat","background-position":"center center","background-size":"auto","background-attachment":"scroll","background-type":"","background-media":"","overlay-type":"","overlay-color":"","overlay-opacity":"","overlay-gradient":""},"tablet":{"background-color":"var(--ast-global-color-5)","background-image":"","background-repeat":"repeat","background-position":"center center","background-size":"auto","background-attachment":"scroll","background-type":"","background-media":"","overlay-type":"","overlay-color":"","overlay-opacity":"","overlay-gradient":""},"mobile":{"background-color":"var(--ast-global-color-5)","background-image":"","background-repeat":"repeat","background-position":"center center","background-size":"auto","background-attachment":"scroll","background-type":"","background-media":"","overlay-type":"","overlay-color":"","overlay-opacity":"","overlay-gradient":""}}},"product_brand":[],"product_cat":[62,150],"product_tag":[45],"class_list":{"0":"post-1510","1":"product","2":"type-product","3":"status-publish","4":"has-post-thumbnail","6":"product_cat-redes","7":"product_cat-routers","8":"product_tag-tp-link","9":"desktop-align-left","10":"tablet-align-left","11":"mobile-align-left","13":"first","14":"instock","15":"taxable","16":"shipping-taxable","17":"product-type-simple"},"yoast_head":"<!-- This site is optimized with the Yoast SEO plugin v27.3 - https:\/\/yoast.com\/product\/yoast-seo-wordpress\/ -->\n<title>Router Inalambrico Tp Link N 450Mbps Tl-Wr940N - IntegralPro<\/title>\n<meta name=\"robots\" content=\"index, follow, max-snippet:-1, max-image-preview:large, max-video-preview:-1\" \/>\n<link rel=\"canonical\" href=\"https:\/\/www.integralpro.com.co\/index.php\/producto\/router-inalambrico-tp-link-n-450mbps-tl-wr940n\/\" \/>\n<meta property=\"og:locale\" content=\"es_ES\" \/>\n<meta property=\"og:type\" content=\"article\" \/>\n<meta property=\"og:title\" content=\"Router Inalambrico Tp Link N 450Mbps Tl-Wr940N - IntegralPro\" \/>\n<meta property=\"og:description\" content=\"# DE PARTE: TL-WR940N\" \/>\n<meta property=\"og:url\" content=\"https:\/\/www.integralpro.com.co\/index.php\/producto\/router-inalambrico-tp-link-n-450mbps-tl-wr940n\/\" \/>\n<meta property=\"og:site_name\" content=\"IntegralPro\" \/>\n<meta property=\"article:modified_time\" content=\"2021-02-23T20:13:13+00:00\" \/>\n<meta property=\"og:image\" content=\"https:\/\/www.integralpro.com.co\/wp-content\/uploads\/2021\/02\/Router-Inalambrico-Tp-Link-N-450Mbps-Tl-Wr940N.jpg\" \/>\n\t<meta property=\"og:image:width\" content=\"1200\" \/>\n\t<meta property=\"og:image:height\" content=\"1000\" \/>\n\t<meta property=\"og:image:type\" content=\"image\/jpeg\" \/>\n<meta name=\"twitter:card\" content=\"summary_large_image\" \/>\n<meta name=\"twitter:label1\" content=\"Tiempo de lectura\" \/>\n\t<meta name=\"twitter:data1\" content=\"2 minutos\" \/>\n<script type=\"application\/ld+json\" class=\"yoast-schema-graph\">{\"@context\":\"https:\\\/\\\/schema.org\",\"@graph\":[{\"@type\":\"WebPage\",\"@id\":\"https:\\\/\\\/www.integralpro.com.co\\\/index.php\\\/producto\\\/router-inalambrico-tp-link-n-450mbps-tl-wr940n\\\/\",\"url\":\"https:\\\/\\\/www.integralpro.com.co\\\/index.php\\\/producto\\\/router-inalambrico-tp-link-n-450mbps-tl-wr940n\\\/\",\"name\":\"Router Inalambrico Tp Link N 450Mbps Tl-Wr940N - IntegralPro\",\"isPartOf\":{\"@id\":\"https:\\\/\\\/www.integralpro.com.co\\\/#website\"},\"primaryImageOfPage\":{\"@id\":\"https:\\\/\\\/www.integralpro.com.co\\\/index.php\\\/producto\\\/router-inalambrico-tp-link-n-450mbps-tl-wr940n\\\/#primaryimage\"},\"image\":{\"@id\":\"https:\\\/\\\/www.integralpro.com.co\\\/index.php\\\/producto\\\/router-inalambrico-tp-link-n-450mbps-tl-wr940n\\\/#primaryimage\"},\"thumbnailUrl\":\"https:\\\/\\\/www.integralpro.com.co\\\/wp-content\\\/uploads\\\/2021\\\/02\\\/Router-Inalambrico-Tp-Link-N-450Mbps-Tl-Wr940N.jpg\",\"datePublished\":\"2021-02-19T19:48:17+00:00\",\"dateModified\":\"2021-02-23T20:13:13+00:00\",\"breadcrumb\":{\"@id\":\"https:\\\/\\\/www.integralpro.com.co\\\/index.php\\\/producto\\\/router-inalambrico-tp-link-n-450mbps-tl-wr940n\\\/#breadcrumb\"},\"inLanguage\":\"es\",\"potentialAction\":[{\"@type\":\"ReadAction\",\"target\":[\"https:\\\/\\\/www.integralpro.com.co\\\/index.php\\\/producto\\\/router-inalambrico-tp-link-n-450mbps-tl-wr940n\\\/\"]}]},{\"@type\":\"ImageObject\",\"inLanguage\":\"es\",\"@id\":\"https:\\\/\\\/www.integralpro.com.co\\\/index.php\\\/producto\\\/router-inalambrico-tp-link-n-450mbps-tl-wr940n\\\/#primaryimage\",\"url\":\"https:\\\/\\\/www.integralpro.com.co\\\/wp-content\\\/uploads\\\/2021\\\/02\\\/Router-Inalambrico-Tp-Link-N-450Mbps-Tl-Wr940N.jpg\",\"contentUrl\":\"https:\\\/\\\/www.integralpro.com.co\\\/wp-content\\\/uploads\\\/2021\\\/02\\\/Router-Inalambrico-Tp-Link-N-450Mbps-Tl-Wr940N.jpg\",\"width\":1200,\"height\":1000},{\"@type\":\"BreadcrumbList\",\"@id\":\"https:\\\/\\\/www.integralpro.com.co\\\/index.php\\\/producto\\\/router-inalambrico-tp-link-n-450mbps-tl-wr940n\\\/#breadcrumb\",\"itemListElement\":[{\"@type\":\"ListItem\",\"position\":1,\"name\":\"Portada\",\"item\":\"https:\\\/\\\/www.integralpro.com.co\\\/\"},{\"@type\":\"ListItem\",\"position\":2,\"name\":\"Tienda\",\"item\":\"https:\\\/\\\/www.integralpro.com.co\\\/index.php\\\/tienda\\\/\"},{\"@type\":\"ListItem\",\"position\":3,\"name\":\"Router Inalambrico Tp Link N 450Mbps Tl-Wr940N\"}]},{\"@type\":\"WebSite\",\"@id\":\"https:\\\/\\\/www.integralpro.com.co\\\/#website\",\"url\":\"https:\\\/\\\/www.integralpro.com.co\\\/\",\"name\":\"IntegralPro\",\"description\":\"Tienda de Tecnolog\u00eda en L\u00ednea\",\"publisher\":{\"@id\":\"https:\\\/\\\/www.integralpro.com.co\\\/#organization\"},\"potentialAction\":[{\"@type\":\"SearchAction\",\"target\":{\"@type\":\"EntryPoint\",\"urlTemplate\":\"https:\\\/\\\/www.integralpro.com.co\\\/?s={search_term_string}\"},\"query-input\":{\"@type\":\"PropertyValueSpecification\",\"valueRequired\":true,\"valueName\":\"search_term_string\"}}],\"inLanguage\":\"es\"},{\"@type\":\"Organization\",\"@id\":\"https:\\\/\\\/www.integralpro.com.co\\\/#organization\",\"name\":\"IntegralPro SAS\",\"url\":\"https:\\\/\\\/www.integralpro.com.co\\\/\",\"logo\":{\"@type\":\"ImageObject\",\"inLanguage\":\"es\",\"@id\":\"https:\\\/\\\/www.integralpro.com.co\\\/#\\\/schema\\\/logo\\\/image\\\/\",\"url\":\"https:\\\/\\\/www.integralpro.com.co\\\/wp-content\\\/uploads\\\/2021\\\/02\\\/logo-def.jpg\",\"contentUrl\":\"https:\\\/\\\/www.integralpro.com.co\\\/wp-content\\\/uploads\\\/2021\\\/02\\\/logo-def.jpg\",\"width\":238,\"height\":234,\"caption\":\"IntegralPro SAS\"},\"image\":{\"@id\":\"https:\\\/\\\/www.integralpro.com.co\\\/#\\\/schema\\\/logo\\\/image\\\/\"}}]}<\/script>\n<!-- \/ Yoast SEO plugin. -->","yoast_head_json":{"title":"Router Inalambrico Tp Link N 450Mbps Tl-Wr940N - IntegralPro","robots":{"index":"index","follow":"follow","max-snippet":"max-snippet:-1","max-image-preview":"max-image-preview:large","max-video-preview":"max-video-preview:-1"},"canonical":"https:\/\/www.integralpro.com.co\/index.php\/producto\/router-inalambrico-tp-link-n-450mbps-tl-wr940n\/","og_locale":"es_ES","og_type":"article","og_title":"Router Inalambrico Tp Link N 450Mbps Tl-Wr940N - IntegralPro","og_description":"# DE PARTE: TL-WR940N","og_url":"https:\/\/www.integralpro.com.co\/index.php\/producto\/router-inalambrico-tp-link-n-450mbps-tl-wr940n\/","og_site_name":"IntegralPro","article_modified_time":"2021-02-23T20:13:13+00:00","og_image":[{"width":1200,"height":1000,"url":"https:\/\/www.integralpro.com.co\/wp-content\/uploads\/2021\/02\/Router-Inalambrico-Tp-Link-N-450Mbps-Tl-Wr940N.jpg","type":"image\/jpeg"}],"twitter_card":"summary_large_image","twitter_misc":{"Tiempo de lectura":"2 minutos"},"schema":{"@context":"https:\/\/schema.org","@graph":[{"@type":"WebPage","@id":"https:\/\/www.integralpro.com.co\/index.php\/producto\/router-inalambrico-tp-link-n-450mbps-tl-wr940n\/","url":"https:\/\/www.integralpro.com.co\/index.php\/producto\/router-inalambrico-tp-link-n-450mbps-tl-wr940n\/","name":"Router Inalambrico Tp Link N 450Mbps Tl-Wr940N - IntegralPro","isPartOf":{"@id":"https:\/\/www.integralpro.com.co\/#website"},"primaryImageOfPage":{"@id":"https:\/\/www.integralpro.com.co\/index.php\/producto\/router-inalambrico-tp-link-n-450mbps-tl-wr940n\/#primaryimage"},"image":{"@id":"https:\/\/www.integralpro.com.co\/index.php\/producto\/router-inalambrico-tp-link-n-450mbps-tl-wr940n\/#primaryimage"},"thumbnailUrl":"https:\/\/www.integralpro.com.co\/wp-content\/uploads\/2021\/02\/Router-Inalambrico-Tp-Link-N-450Mbps-Tl-Wr940N.jpg","datePublished":"2021-02-19T19:48:17+00:00","dateModified":"2021-02-23T20:13:13+00:00","breadcrumb":{"@id":"https:\/\/www.integralpro.com.co\/index.php\/producto\/router-inalambrico-tp-link-n-450mbps-tl-wr940n\/#breadcrumb"},"inLanguage":"es","potentialAction":[{"@type":"ReadAction","target":["https:\/\/www.integralpro.com.co\/index.php\/producto\/router-inalambrico-tp-link-n-450mbps-tl-wr940n\/"]}]},{"@type":"ImageObject","inLanguage":"es","@id":"https:\/\/www.integralpro.com.co\/index.php\/producto\/router-inalambrico-tp-link-n-450mbps-tl-wr940n\/#primaryimage","url":"https:\/\/www.integralpro.com.co\/wp-content\/uploads\/2021\/02\/Router-Inalambrico-Tp-Link-N-450Mbps-Tl-Wr940N.jpg","contentUrl":"https:\/\/www.integralpro.com.co\/wp-content\/uploads\/2021\/02\/Router-Inalambrico-Tp-Link-N-450Mbps-Tl-Wr940N.jpg","width":1200,"height":1000},{"@type":"BreadcrumbList","@id":"https:\/\/www.integralpro.com.co\/index.php\/producto\/router-inalambrico-tp-link-n-450mbps-tl-wr940n\/#breadcrumb","itemListElement":[{"@type":"ListItem","position":1,"name":"Portada","item":"https:\/\/www.integralpro.com.co\/"},{"@type":"ListItem","position":2,"name":"Tienda","item":"https:\/\/www.integralpro.com.co\/index.php\/tienda\/"},{"@type":"ListItem","position":3,"name":"Router Inalambrico Tp Link N 450Mbps Tl-Wr940N"}]},{"@type":"WebSite","@id":"https:\/\/www.integralpro.com.co\/#website","url":"https:\/\/www.integralpro.com.co\/","name":"IntegralPro","description":"Tienda de Tecnolog\u00eda en L\u00ednea","publisher":{"@id":"https:\/\/www.integralpro.com.co\/#organization"},"potentialAction":[{"@type":"SearchAction","target":{"@type":"EntryPoint","urlTemplate":"https:\/\/www.integralpro.com.co\/?s={search_term_string}"},"query-input":{"@type":"PropertyValueSpecification","valueRequired":true,"valueName":"search_term_string"}}],"inLanguage":"es"},{"@type":"Organization","@id":"https:\/\/www.integralpro.com.co\/#organization","name":"IntegralPro SAS","url":"https:\/\/www.integralpro.com.co\/","logo":{"@type":"ImageObject","inLanguage":"es","@id":"https:\/\/www.integralpro.com.co\/#\/schema\/logo\/image\/","url":"https:\/\/www.integralpro.com.co\/wp-content\/uploads\/2021\/02\/logo-def.jpg","contentUrl":"https:\/\/www.integralpro.com.co\/wp-content\/uploads\/2021\/02\/logo-def.jpg","width":238,"height":234,"caption":"IntegralPro SAS"},"image":{"@id":"https:\/\/www.integralpro.com.co\/#\/schema\/logo\/image\/"}}]}},"_links":{"self":[{"href":"https:\/\/www.integralpro.com.co\/index.php\/wp-json\/wp\/v2\/product\/1510","targetHints":{"allow":["GET"]}}],"collection":[{"href":"https:\/\/www.integralpro.com.co\/index.php\/wp-json\/wp\/v2\/product"}],"about":[{"href":"https:\/\/www.integralpro.com.co\/index.php\/wp-json\/wp\/v2\/types\/product"}],"version-history":[{"count":2,"href":"https:\/\/www.integralpro.com.co\/index.php\/wp-json\/wp\/v2\/product\/1510\/revisions"}],"predecessor-version":[{"id":3600,"href":"https:\/\/www.integralpro.com.co\/index.php\/wp-json\/wp\/v2\/product\/1510\/revisions\/3600"}],"wp:featuredmedia":[{"embeddable":true,"href":"https:\/\/www.integralpro.com.co\/index.php\/wp-json\/wp\/v2\/media\/3682"}],"wp:attachment":[{"href":"https:\/\/www.integralpro.com.co\/index.php\/wp-json\/wp\/v2\/media?parent=1510"}],"wp:term":[{"taxonomy":"product_brand","embeddable":true,"href":"https:\/\/www.integralpro.com.co\/index.php\/wp-json\/wp\/v2\/product_brand?post=1510"},{"taxonomy":"product_cat","embeddable":true,"href":"https:\/\/www.integralpro.com.co\/index.php\/wp-json\/wp\/v2\/product_cat?post=1510"},{"taxonomy":"product_tag","embeddable":true,"href":"https:\/\/www.integralpro.com.co\/index.php\/wp-json\/wp\/v2\/product_tag?post=1510"}],"curies":[{"name":"wp","href":"https:\/\/api.w.org\/{rel}","templated":true}]}}