{"id":1464,"date":"2021-02-19T14:47:55","date_gmt":"2021-02-19T19:47:55","guid":{"rendered":"https:\/\/www.integralpro.com.co\/index.php\/producto\/import-placeholder-for-948\/"},"modified":"2021-02-23T15:10:02","modified_gmt":"2021-02-23T20:10:02","slug":"router-inalambrico-banda-dual-tp-link-ac750-archer-c20","status":"publish","type":"product","link":"https:\/\/www.integralpro.com.co\/index.php\/producto\/router-inalambrico-banda-dual-tp-link-ac750-archer-c20\/","title":{"rendered":"Router Inal\u00e1mbrico Banda Dual Tp- Link Ac750 Archer C20"},"content":{"rendered":"<table style=\"color: #666666; font-size: 14px; line-height: 21.84px; max-width: 100%; text-align: left; widows: 1; width: 700px;\" border=\"0\" cellspacing=\"1\" cellpadding=\"1\">\n<tbody>\n<tr>\n<td>\n<p style=\"text-align: justify;\">El Archer C20 de TP-LINK viene con el est\u00e1ndar de pr\u00f3xima generaci\u00f3n Wi-Fi &#8211; 802.11ac, compatible con 802.11n y 3 veces m\u00e1s r\u00e1pido que las velocidades inal\u00e1mbricas N. Con una mayor eficiencia energ\u00e9tica y una seguridad robusta, el 802.11ac es la manera perfecta de acelerar una red dom\u00e9stica multimedia y resolver la congesti\u00f3n que varios dispositivos puedan causar.<\/p>\n<p><strong>Conexiones de banda dual a 733Mbps para el trabajo sin cortes <\/strong><\/p>\n<p style=\"text-align: justify;\">Con velocidades inal\u00e1mbricas de 433Mbps sobre la banda de 5GHz y 300Mbps sobre la banda de 2,4 GHz,el Archer C20 ofrece la flexibilidad de 2 redes dedicadas y asegura un rendimiento inal\u00e1mbrico incre\u00edble.Las tareas simples como enviar e-mails o navegar por la web pueden ser gestionadas por la banda de 2,4 GHz, mientras que las tareas intensivas de ancho de banda como juegos en l\u00ednea o streaming en HD pueden ser procesadas \u200b\u200bpor la banda de 5GHz &#8211; todo al mismo tiempo.<\/p>\n<p style=\"text-align: justify;\"><strong>Se\u00f1al omnidireccional estable y cobertura superior <\/strong><\/p>\n<p style=\"text-align: justify;\">Con 2 antenas en combinaci\u00f3n con la tecnolog\u00eda de antena de mayor calidad, usted puede experimentar un rendimiento excelente sin cortes con una se\u00f1al estable en todas las direcciones y de alta velocidad a trav\u00e9s de grandes distancias. Esto le proporciona una cobertura inal\u00e1mbrica incre\u00edble y fiabilidad desde cualquier lugar de su casa u oficina.<\/p>\n<p><strong> Comparta almacenamiento USB de forma f\u00e1cil <\/strong><\/p>\n<p style=\"text-align: justify;\">Con el puerto USB puede compartir una impresora local, archivos y comunicarse con otros dispositivos a trav\u00e9s de la red o de forma remota a trav\u00e9s del servidor FTP.<\/p>\n<p><strong>ESPECIFICACIONES T\u00c9CNICAS<\/strong><\/p>\n<ul>\n<li>Dimensiones : 230 x 144 x 35mm<\/li>\n<li>Peso : 0.91Kg<\/li>\n<li>Interfaz: 4 puertos LAN 10\/100Mbps &#8211; 1 puerto WAN 10\/100Mbps &#8211; 1 puerto USB 2.0<\/li>\n<li>Botones: Bot\u00f3n WPS\/Reset &#8211; Bot\u00f3n Wi-Fi On\/Off &#8211; Bot\u00f3n Power On\/Off<\/li>\n<li>Antenas: 2 \u00d7 2.4GHz Antennas &#8211; 1 \u00d7 5GHz Antenna<\/li>\n<li>Fuente de alimentaci\u00f3n externa: 12VDC\/1A<\/li>\n<li>Tipo de antena: Dos antenas de doble banda fijas<\/li>\n<li>Est\u00e1ndares Inal\u00e1mbricos: IEEE 802.11ac\/n\/a 5GHz &#8211; IEEE 802.11b\/g\/n 2.4GHz<\/li>\n<li>Frecuencia: 2.4GHz y 5GHz<\/li>\n<li>Tasa de se\u00f1al: 5GHz: Hasta 433Mbps &#8211; 2.4GHz: Hasta 300Mbps<\/li>\n<li>Sensibilidad: 5GHz; 11a 6Mbps: -91dBm, 11a 54Mbps: -74dBm; 11ac HT20: -66dBm, 11ac HT40: -64dBm, 11ac HT80: -61dBm; 11n HT20: -71dBm, 11n HT40: -69dBm; 2.4GHz; 11g 54M: -76dBm; 11n HT20: -74dBm, 11n HT40: -71dBm<\/li>\n<li>Funciones inal\u00e1mbricas: Habilitar\/Deshabilitar Radio Inal\u00e1mbrico, WDS Bridge, WMM, Estad\u00edsticas Inal\u00e1mbricas<\/li>\n<li>Seguridad inal\u00e1mbrica: Encriptaci\u00f3n 64\/128-bit WEP,WPA \/ WPA2,WPA-PSK\/ WPA2-PSK<\/li>\n<li>Calidad de servicio: WMM, Control del ancho de banda<\/li>\n<li>Reenv\u00edo de puertos: Servidor virtual, Port Triggering, UPnP, DMZ<\/li>\n<li>Protocolos: Soporta IPv4 e IPv6<\/li>\n<li>Compartici\u00f3n por USB: Soporta Samba(almacenamiento)\/ Servidor FTP \/ Servidor de medios\/Servidor de impresi\u00f3n<\/li>\n<li>Red de invitados: 1 x red de invitados en 2.4GHz &#8211; 1 x red de invitados en 5GHz<\/li>\n<li>Requisitos del sistema: Windows 8.1\/8\/7\/Vista\/XP, Mac OS o sistemas operativos basados en Linux<\/li>\n<li>Color : Negro<\/li>\n<li>Contenido del paquete : Router &#8211; 2 antenas fijas &#8211; Unidad de alimentaci\u00f3n el\u00e9ctrica &#8211; Cable ethernet &#8211; Documentaci\u00f3n.<\/li>\n<\/ul>\n<\/td>\n<\/tr>\n<\/tbody>\n<\/table>\n","protected":false},"excerpt":{"rendered":"<p># DE PARTE: ARCHER C20<\/p>\n","protected":false},"featured_media":3677,"template":"","meta":{"site-sidebar-layout":"default","site-content-layout":"default","ast-site-content-layout":"default","site-content-style":"default","site-sidebar-style":"default","ast-global-header-display":"","ast-banner-title-visibility":"","ast-main-header-display":"","ast-hfb-above-header-display":"","ast-hfb-below-header-display":"","ast-hfb-mobile-header-display":"","site-post-title":"","ast-breadcrumbs-content":"","ast-featured-img":"","footer-sml-layout":"","ast-disable-related-posts":"","theme-transparent-header-meta":"default","adv-header-id-meta":"","stick-header-meta":"","header-above-stick-meta":"","header-main-stick-meta":"","header-below-stick-meta":"","astra-migrate-meta-layouts":"default","ast-page-background-enabled":"default","ast-page-background-meta":{"desktop":{"background-color":"var(--ast-global-color-4)","background-image":"","background-repeat":"repeat","background-position":"center center","background-size":"auto","background-attachment":"scroll","background-type":"","background-media":"","overlay-type":"","overlay-color":"","overlay-opacity":"","overlay-gradient":""},"tablet":{"background-color":"","background-image":"","background-repeat":"repeat","background-position":"center center","background-size":"auto","background-attachment":"scroll","background-type":"","background-media":"","overlay-type":"","overlay-color":"","overlay-opacity":"","overlay-gradient":""},"mobile":{"background-color":"","background-image":"","background-repeat":"repeat","background-position":"center center","background-size":"auto","background-attachment":"scroll","background-type":"","background-media":"","overlay-type":"","overlay-color":"","overlay-opacity":"","overlay-gradient":""}},"ast-content-background-meta":{"desktop":{"background-color":"var(--ast-global-color-5)","background-image":"","background-repeat":"repeat","background-position":"center center","background-size":"auto","background-attachment":"scroll","background-type":"","background-media":"","overlay-type":"","overlay-color":"","overlay-opacity":"","overlay-gradient":""},"tablet":{"background-color":"var(--ast-global-color-5)","background-image":"","background-repeat":"repeat","background-position":"center center","background-size":"auto","background-attachment":"scroll","background-type":"","background-media":"","overlay-type":"","overlay-color":"","overlay-opacity":"","overlay-gradient":""},"mobile":{"background-color":"var(--ast-global-color-5)","background-image":"","background-repeat":"repeat","background-position":"center center","background-size":"auto","background-attachment":"scroll","background-type":"","background-media":"","overlay-type":"","overlay-color":"","overlay-opacity":"","overlay-gradient":""}}},"product_brand":[],"product_cat":[62,150],"product_tag":[45],"class_list":{"0":"post-1464","1":"product","2":"type-product","3":"status-publish","4":"has-post-thumbnail","6":"product_cat-redes","7":"product_cat-routers","8":"product_tag-tp-link","9":"desktop-align-left","10":"tablet-align-left","11":"mobile-align-left","13":"first","14":"instock","15":"taxable","16":"shipping-taxable","17":"product-type-simple"},"yoast_head":"<!-- This site is optimized with the Yoast SEO plugin v27.3 - https:\/\/yoast.com\/product\/yoast-seo-wordpress\/ -->\n<title>Router Inal\u00e1mbrico Banda Dual Tp- Link Ac750 Archer C20 - IntegralPro<\/title>\n<meta name=\"robots\" content=\"index, follow, max-snippet:-1, max-image-preview:large, max-video-preview:-1\" \/>\n<link rel=\"canonical\" href=\"https:\/\/www.integralpro.com.co\/index.php\/producto\/router-inalambrico-banda-dual-tp-link-ac750-archer-c20\/\" \/>\n<meta property=\"og:locale\" content=\"es_ES\" \/>\n<meta property=\"og:type\" content=\"article\" \/>\n<meta property=\"og:title\" content=\"Router Inal\u00e1mbrico Banda Dual Tp- Link Ac750 Archer C20 - IntegralPro\" \/>\n<meta property=\"og:description\" content=\"# DE PARTE: ARCHER C20\" \/>\n<meta property=\"og:url\" content=\"https:\/\/www.integralpro.com.co\/index.php\/producto\/router-inalambrico-banda-dual-tp-link-ac750-archer-c20\/\" \/>\n<meta property=\"og:site_name\" content=\"IntegralPro\" \/>\n<meta property=\"article:modified_time\" content=\"2021-02-23T20:10:02+00:00\" \/>\n<meta property=\"og:image\" content=\"https:\/\/www.integralpro.com.co\/wp-content\/uploads\/2021\/02\/Router-Inalambrico-Banda-Dual-Tp-Link-Ac750-Archer-C20.jpg\" \/>\n\t<meta property=\"og:image:width\" content=\"1200\" \/>\n\t<meta property=\"og:image:height\" content=\"1200\" \/>\n\t<meta property=\"og:image:type\" content=\"image\/jpeg\" \/>\n<meta name=\"twitter:card\" content=\"summary_large_image\" \/>\n<meta name=\"twitter:label1\" content=\"Tiempo de lectura\" \/>\n\t<meta name=\"twitter:data1\" content=\"3 minutos\" \/>\n<script type=\"application\/ld+json\" class=\"yoast-schema-graph\">{\"@context\":\"https:\\\/\\\/schema.org\",\"@graph\":[{\"@type\":\"WebPage\",\"@id\":\"https:\\\/\\\/www.integralpro.com.co\\\/index.php\\\/producto\\\/router-inalambrico-banda-dual-tp-link-ac750-archer-c20\\\/\",\"url\":\"https:\\\/\\\/www.integralpro.com.co\\\/index.php\\\/producto\\\/router-inalambrico-banda-dual-tp-link-ac750-archer-c20\\\/\",\"name\":\"Router Inal\u00e1mbrico Banda Dual Tp- Link Ac750 Archer C20 - IntegralPro\",\"isPartOf\":{\"@id\":\"https:\\\/\\\/www.integralpro.com.co\\\/#website\"},\"primaryImageOfPage\":{\"@id\":\"https:\\\/\\\/www.integralpro.com.co\\\/index.php\\\/producto\\\/router-inalambrico-banda-dual-tp-link-ac750-archer-c20\\\/#primaryimage\"},\"image\":{\"@id\":\"https:\\\/\\\/www.integralpro.com.co\\\/index.php\\\/producto\\\/router-inalambrico-banda-dual-tp-link-ac750-archer-c20\\\/#primaryimage\"},\"thumbnailUrl\":\"https:\\\/\\\/www.integralpro.com.co\\\/wp-content\\\/uploads\\\/2021\\\/02\\\/Router-Inalambrico-Banda-Dual-Tp-Link-Ac750-Archer-C20.jpg\",\"datePublished\":\"2021-02-19T19:47:55+00:00\",\"dateModified\":\"2021-02-23T20:10:02+00:00\",\"breadcrumb\":{\"@id\":\"https:\\\/\\\/www.integralpro.com.co\\\/index.php\\\/producto\\\/router-inalambrico-banda-dual-tp-link-ac750-archer-c20\\\/#breadcrumb\"},\"inLanguage\":\"es\",\"potentialAction\":[{\"@type\":\"ReadAction\",\"target\":[\"https:\\\/\\\/www.integralpro.com.co\\\/index.php\\\/producto\\\/router-inalambrico-banda-dual-tp-link-ac750-archer-c20\\\/\"]}]},{\"@type\":\"ImageObject\",\"inLanguage\":\"es\",\"@id\":\"https:\\\/\\\/www.integralpro.com.co\\\/index.php\\\/producto\\\/router-inalambrico-banda-dual-tp-link-ac750-archer-c20\\\/#primaryimage\",\"url\":\"https:\\\/\\\/www.integralpro.com.co\\\/wp-content\\\/uploads\\\/2021\\\/02\\\/Router-Inalambrico-Banda-Dual-Tp-Link-Ac750-Archer-C20.jpg\",\"contentUrl\":\"https:\\\/\\\/www.integralpro.com.co\\\/wp-content\\\/uploads\\\/2021\\\/02\\\/Router-Inalambrico-Banda-Dual-Tp-Link-Ac750-Archer-C20.jpg\",\"width\":1200,\"height\":1200},{\"@type\":\"BreadcrumbList\",\"@id\":\"https:\\\/\\\/www.integralpro.com.co\\\/index.php\\\/producto\\\/router-inalambrico-banda-dual-tp-link-ac750-archer-c20\\\/#breadcrumb\",\"itemListElement\":[{\"@type\":\"ListItem\",\"position\":1,\"name\":\"Portada\",\"item\":\"https:\\\/\\\/www.integralpro.com.co\\\/\"},{\"@type\":\"ListItem\",\"position\":2,\"name\":\"Tienda\",\"item\":\"https:\\\/\\\/www.integralpro.com.co\\\/index.php\\\/tienda\\\/\"},{\"@type\":\"ListItem\",\"position\":3,\"name\":\"Router Inal\u00e1mbrico Banda Dual Tp- Link Ac750 Archer C20\"}]},{\"@type\":\"WebSite\",\"@id\":\"https:\\\/\\\/www.integralpro.com.co\\\/#website\",\"url\":\"https:\\\/\\\/www.integralpro.com.co\\\/\",\"name\":\"IntegralPro\",\"description\":\"Tienda de Tecnolog\u00eda en L\u00ednea\",\"publisher\":{\"@id\":\"https:\\\/\\\/www.integralpro.com.co\\\/#organization\"},\"potentialAction\":[{\"@type\":\"SearchAction\",\"target\":{\"@type\":\"EntryPoint\",\"urlTemplate\":\"https:\\\/\\\/www.integralpro.com.co\\\/?s={search_term_string}\"},\"query-input\":{\"@type\":\"PropertyValueSpecification\",\"valueRequired\":true,\"valueName\":\"search_term_string\"}}],\"inLanguage\":\"es\"},{\"@type\":\"Organization\",\"@id\":\"https:\\\/\\\/www.integralpro.com.co\\\/#organization\",\"name\":\"IntegralPro SAS\",\"url\":\"https:\\\/\\\/www.integralpro.com.co\\\/\",\"logo\":{\"@type\":\"ImageObject\",\"inLanguage\":\"es\",\"@id\":\"https:\\\/\\\/www.integralpro.com.co\\\/#\\\/schema\\\/logo\\\/image\\\/\",\"url\":\"https:\\\/\\\/www.integralpro.com.co\\\/wp-content\\\/uploads\\\/2021\\\/02\\\/logo-def.jpg\",\"contentUrl\":\"https:\\\/\\\/www.integralpro.com.co\\\/wp-content\\\/uploads\\\/2021\\\/02\\\/logo-def.jpg\",\"width\":238,\"height\":234,\"caption\":\"IntegralPro SAS\"},\"image\":{\"@id\":\"https:\\\/\\\/www.integralpro.com.co\\\/#\\\/schema\\\/logo\\\/image\\\/\"}}]}<\/script>\n<!-- \/ Yoast SEO plugin. -->","yoast_head_json":{"title":"Router Inal\u00e1mbrico Banda Dual Tp- Link Ac750 Archer C20 - IntegralPro","robots":{"index":"index","follow":"follow","max-snippet":"max-snippet:-1","max-image-preview":"max-image-preview:large","max-video-preview":"max-video-preview:-1"},"canonical":"https:\/\/www.integralpro.com.co\/index.php\/producto\/router-inalambrico-banda-dual-tp-link-ac750-archer-c20\/","og_locale":"es_ES","og_type":"article","og_title":"Router Inal\u00e1mbrico Banda Dual Tp- Link Ac750 Archer C20 - IntegralPro","og_description":"# DE PARTE: ARCHER C20","og_url":"https:\/\/www.integralpro.com.co\/index.php\/producto\/router-inalambrico-banda-dual-tp-link-ac750-archer-c20\/","og_site_name":"IntegralPro","article_modified_time":"2021-02-23T20:10:02+00:00","og_image":[{"width":1200,"height":1200,"url":"https:\/\/www.integralpro.com.co\/wp-content\/uploads\/2021\/02\/Router-Inalambrico-Banda-Dual-Tp-Link-Ac750-Archer-C20.jpg","type":"image\/jpeg"}],"twitter_card":"summary_large_image","twitter_misc":{"Tiempo de lectura":"3 minutos"},"schema":{"@context":"https:\/\/schema.org","@graph":[{"@type":"WebPage","@id":"https:\/\/www.integralpro.com.co\/index.php\/producto\/router-inalambrico-banda-dual-tp-link-ac750-archer-c20\/","url":"https:\/\/www.integralpro.com.co\/index.php\/producto\/router-inalambrico-banda-dual-tp-link-ac750-archer-c20\/","name":"Router Inal\u00e1mbrico Banda Dual Tp- Link Ac750 Archer C20 - IntegralPro","isPartOf":{"@id":"https:\/\/www.integralpro.com.co\/#website"},"primaryImageOfPage":{"@id":"https:\/\/www.integralpro.com.co\/index.php\/producto\/router-inalambrico-banda-dual-tp-link-ac750-archer-c20\/#primaryimage"},"image":{"@id":"https:\/\/www.integralpro.com.co\/index.php\/producto\/router-inalambrico-banda-dual-tp-link-ac750-archer-c20\/#primaryimage"},"thumbnailUrl":"https:\/\/www.integralpro.com.co\/wp-content\/uploads\/2021\/02\/Router-Inalambrico-Banda-Dual-Tp-Link-Ac750-Archer-C20.jpg","datePublished":"2021-02-19T19:47:55+00:00","dateModified":"2021-02-23T20:10:02+00:00","breadcrumb":{"@id":"https:\/\/www.integralpro.com.co\/index.php\/producto\/router-inalambrico-banda-dual-tp-link-ac750-archer-c20\/#breadcrumb"},"inLanguage":"es","potentialAction":[{"@type":"ReadAction","target":["https:\/\/www.integralpro.com.co\/index.php\/producto\/router-inalambrico-banda-dual-tp-link-ac750-archer-c20\/"]}]},{"@type":"ImageObject","inLanguage":"es","@id":"https:\/\/www.integralpro.com.co\/index.php\/producto\/router-inalambrico-banda-dual-tp-link-ac750-archer-c20\/#primaryimage","url":"https:\/\/www.integralpro.com.co\/wp-content\/uploads\/2021\/02\/Router-Inalambrico-Banda-Dual-Tp-Link-Ac750-Archer-C20.jpg","contentUrl":"https:\/\/www.integralpro.com.co\/wp-content\/uploads\/2021\/02\/Router-Inalambrico-Banda-Dual-Tp-Link-Ac750-Archer-C20.jpg","width":1200,"height":1200},{"@type":"BreadcrumbList","@id":"https:\/\/www.integralpro.com.co\/index.php\/producto\/router-inalambrico-banda-dual-tp-link-ac750-archer-c20\/#breadcrumb","itemListElement":[{"@type":"ListItem","position":1,"name":"Portada","item":"https:\/\/www.integralpro.com.co\/"},{"@type":"ListItem","position":2,"name":"Tienda","item":"https:\/\/www.integralpro.com.co\/index.php\/tienda\/"},{"@type":"ListItem","position":3,"name":"Router Inal\u00e1mbrico Banda Dual Tp- Link Ac750 Archer C20"}]},{"@type":"WebSite","@id":"https:\/\/www.integralpro.com.co\/#website","url":"https:\/\/www.integralpro.com.co\/","name":"IntegralPro","description":"Tienda de Tecnolog\u00eda en L\u00ednea","publisher":{"@id":"https:\/\/www.integralpro.com.co\/#organization"},"potentialAction":[{"@type":"SearchAction","target":{"@type":"EntryPoint","urlTemplate":"https:\/\/www.integralpro.com.co\/?s={search_term_string}"},"query-input":{"@type":"PropertyValueSpecification","valueRequired":true,"valueName":"search_term_string"}}],"inLanguage":"es"},{"@type":"Organization","@id":"https:\/\/www.integralpro.com.co\/#organization","name":"IntegralPro SAS","url":"https:\/\/www.integralpro.com.co\/","logo":{"@type":"ImageObject","inLanguage":"es","@id":"https:\/\/www.integralpro.com.co\/#\/schema\/logo\/image\/","url":"https:\/\/www.integralpro.com.co\/wp-content\/uploads\/2021\/02\/logo-def.jpg","contentUrl":"https:\/\/www.integralpro.com.co\/wp-content\/uploads\/2021\/02\/logo-def.jpg","width":238,"height":234,"caption":"IntegralPro SAS"},"image":{"@id":"https:\/\/www.integralpro.com.co\/#\/schema\/logo\/image\/"}}]}},"_links":{"self":[{"href":"https:\/\/www.integralpro.com.co\/index.php\/wp-json\/wp\/v2\/product\/1464","targetHints":{"allow":["GET"]}}],"collection":[{"href":"https:\/\/www.integralpro.com.co\/index.php\/wp-json\/wp\/v2\/product"}],"about":[{"href":"https:\/\/www.integralpro.com.co\/index.php\/wp-json\/wp\/v2\/types\/product"}],"version-history":[{"count":2,"href":"https:\/\/www.integralpro.com.co\/index.php\/wp-json\/wp\/v2\/product\/1464\/revisions"}],"predecessor-version":[{"id":3678,"href":"https:\/\/www.integralpro.com.co\/index.php\/wp-json\/wp\/v2\/product\/1464\/revisions\/3678"}],"wp:featuredmedia":[{"embeddable":true,"href":"https:\/\/www.integralpro.com.co\/index.php\/wp-json\/wp\/v2\/media\/3677"}],"wp:attachment":[{"href":"https:\/\/www.integralpro.com.co\/index.php\/wp-json\/wp\/v2\/media?parent=1464"}],"wp:term":[{"taxonomy":"product_brand","embeddable":true,"href":"https:\/\/www.integralpro.com.co\/index.php\/wp-json\/wp\/v2\/product_brand?post=1464"},{"taxonomy":"product_cat","embeddable":true,"href":"https:\/\/www.integralpro.com.co\/index.php\/wp-json\/wp\/v2\/product_cat?post=1464"},{"taxonomy":"product_tag","embeddable":true,"href":"https:\/\/www.integralpro.com.co\/index.php\/wp-json\/wp\/v2\/product_tag?post=1464"}],"curies":[{"name":"wp","href":"https:\/\/api.w.org\/{rel}","templated":true}]}}