{"id":1462,"date":"2021-02-19T14:47:55","date_gmt":"2021-02-19T19:47:55","guid":{"rendered":"https:\/\/www.integralpro.com.co\/index.php\/producto\/import-placeholder-for-946\/"},"modified":"2021-02-23T15:03:59","modified_gmt":"2021-02-23T20:03:59","slug":"router-de-banda-ancha-tplink-tl-r480t-balance-de-carga","status":"publish","type":"product","link":"https:\/\/www.integralpro.com.co\/index.php\/producto\/router-de-banda-ancha-tplink-tl-r480t-balance-de-carga\/","title":{"rendered":"Router De Banda Ancha Tplink Tl-R480T+ Balance De Carga"},"content":{"rendered":"<p>El router balanceador de carga de banda ancha, el TL-R480T+ es una sabia elecci\u00f3n para negocios peque\u00f1os. Ofrece un alto rendimiento de la inversi\u00f3n con pocos gastos adicionales. Cuenta con tres puertos WAN\/LAN intercambiables, el TL-R480T+ soporta hasta 4 puertos WAN, que pueden satisfacer diferentes requisitos de acceso a internet por medio de un dispositivo. El TL-R480T+ integra m\u00faltiples estrategias de balanceo de carga, QoS avanzado y un potente firewall (cortafuegos) para ofrecerle un tiempo de actividad en la red consistente y una conectividad a Ethernet confiable. Sin embargo, es f\u00e1cil manejar el TL-R480T+ mediante una utilidad a trav\u00e9s de Internet, que hace que sea m\u00e1s conveniente crear y administrar su red.<\/p>\n<p>&nbsp;<\/p>\n<h2 class=\"style6\" style=\"font-weight: bold; border-bottom: 2px solid #750000; color: #750000; margin-bottom: 10px; padding: 8px 15px 5px 15px;\">Administraci\u00f3n de Acceso Eficiente<\/h2>\n<p>&nbsp;<\/p>\n<p>Al configurar un Servidor PPPoE para distribuir las cuentas PPPoE para usuarios de red privada, el router s\u00f3lo permite usuarios con cuentas legales que hayan pasado la autentificaci\u00f3n para acceder a Internet. Al cooperar con el control de Banda Ancha basado en IP, es capaz de limitar el uso de banda ancha de ciertas cuentas PPPoE. Sin embargo, la funci\u00f3n de Bolet\u00edn Electr\u00f3nico (E-Bulletin) es capaz de liberar una hoja informativa en forma de p\u00e1gina web a ciertos grupos de usuarios peri\u00f3dicamente, que notifica a los usuarios acerca de la fecha de expiraci\u00f3n de la cuenta PPPoE. Con las caracter\u00edsticas antes mencionadas, el router establecer\u00e1 prioridades para los diferentes usuarios en las jurisdicciones de navegador de Internet para un manejo m\u00e1s eficiente.<\/p>\n<p>&nbsp;<\/p>\n<h2 class=\"style2\" style=\"margin-top: 20px; border-bottom: 2px solid #750000; margin-bottom: 10px; padding: 8px 15px 5px 15px;\"><strong>Especificaciones <\/strong><\/h2>\n<p>Dimensiones: 29 x 18 x 4.4 cm<br \/>\nPeso: 1Kg<br \/>\nEst\u00e1ndares y Protocolos: IEEE 802.3, 802.3u, 802.3x, TCP\/IP, DHCP, ICMP, NAT, PPPoE, SNTP, HTTP, DDNS<br \/>\nInterfaz: 1 Fixed Ethernet WAN Port &#8211; 1 Fixed Ethernet LAN Port &#8211; 3 Changeable Ethernet WAN\/LAN Ports Medios de red: 10BASE-T: UTP category 3, 4, 5 cable (Max 100m) &#8211; 100BASE-TX: UTP category 5, 5e cable (Max 100m)<br \/>\nBot\u00f3n: Reset Button<br \/>\nFuente de alimentaci\u00f3n: Internal Universal Power Supply &#8211; AC100-240V~50\/60Hz input<br \/>\nFlash: 8MB<br \/>\nDRAM: 64MB<br \/>\nLED: PWR, SYS, WAN, LAN, WAN\/LAN<br \/>\nRequerimientos del sistema: Microsoft Windows 98SE, NT, 2000, XP, Vista or Windows 7, MAC OS, NetWare, UNIX or Linux<br \/>\nColor: Negro<\/p>\n<h2 class=\"style2\" style=\"margin-top: 20px; border-bottom: 2px solid #750000; margin-bottom: 10px; padding: 8px 15px 5px 15px;\"><strong>Contenido Del Paquete <\/strong><\/h2>\n<p>Router &#8211; Adaptador de Corriente &#8211; Cable USB &#8211; Cable Ethernet &#8211; Documentaci\u00f3n.<\/p>\n","protected":false},"excerpt":{"rendered":"<p># DE PARTE: TL-R480T+<\/p>\n","protected":false},"featured_media":3671,"template":"","meta":{"site-sidebar-layout":"default","site-content-layout":"default","ast-site-content-layout":"default","site-content-style":"default","site-sidebar-style":"default","ast-global-header-display":"","ast-banner-title-visibility":"","ast-main-header-display":"","ast-hfb-above-header-display":"","ast-hfb-below-header-display":"","ast-hfb-mobile-header-display":"","site-post-title":"","ast-breadcrumbs-content":"","ast-featured-img":"","footer-sml-layout":"","ast-disable-related-posts":"","theme-transparent-header-meta":"default","adv-header-id-meta":"","stick-header-meta":"","header-above-stick-meta":"","header-main-stick-meta":"","header-below-stick-meta":"","astra-migrate-meta-layouts":"default","ast-page-background-enabled":"default","ast-page-background-meta":{"desktop":{"background-color":"var(--ast-global-color-4)","background-image":"","background-repeat":"repeat","background-position":"center center","background-size":"auto","background-attachment":"scroll","background-type":"","background-media":"","overlay-type":"","overlay-color":"","overlay-opacity":"","overlay-gradient":""},"tablet":{"background-color":"","background-image":"","background-repeat":"repeat","background-position":"center center","background-size":"auto","background-attachment":"scroll","background-type":"","background-media":"","overlay-type":"","overlay-color":"","overlay-opacity":"","overlay-gradient":""},"mobile":{"background-color":"","background-image":"","background-repeat":"repeat","background-position":"center center","background-size":"auto","background-attachment":"scroll","background-type":"","background-media":"","overlay-type":"","overlay-color":"","overlay-opacity":"","overlay-gradient":""}},"ast-content-background-meta":{"desktop":{"background-color":"var(--ast-global-color-5)","background-image":"","background-repeat":"repeat","background-position":"center center","background-size":"auto","background-attachment":"scroll","background-type":"","background-media":"","overlay-type":"","overlay-color":"","overlay-opacity":"","overlay-gradient":""},"tablet":{"background-color":"var(--ast-global-color-5)","background-image":"","background-repeat":"repeat","background-position":"center center","background-size":"auto","background-attachment":"scroll","background-type":"","background-media":"","overlay-type":"","overlay-color":"","overlay-opacity":"","overlay-gradient":""},"mobile":{"background-color":"var(--ast-global-color-5)","background-image":"","background-repeat":"repeat","background-position":"center center","background-size":"auto","background-attachment":"scroll","background-type":"","background-media":"","overlay-type":"","overlay-color":"","overlay-opacity":"","overlay-gradient":""}}},"product_brand":[],"product_cat":[62,150],"product_tag":[45],"class_list":{"0":"post-1462","1":"product","2":"type-product","3":"status-publish","4":"has-post-thumbnail","6":"product_cat-redes","7":"product_cat-routers","8":"product_tag-tp-link","9":"desktop-align-left","10":"tablet-align-left","11":"mobile-align-left","13":"first","14":"instock","15":"taxable","16":"shipping-taxable","17":"product-type-simple"},"yoast_head":"<!-- This site is optimized with the Yoast SEO plugin v27.3 - https:\/\/yoast.com\/product\/yoast-seo-wordpress\/ -->\n<title>Router De Banda Ancha Tplink Tl-R480T+ Balance De Carga - IntegralPro<\/title>\n<meta name=\"robots\" content=\"index, follow, max-snippet:-1, max-image-preview:large, max-video-preview:-1\" \/>\n<link rel=\"canonical\" href=\"https:\/\/www.integralpro.com.co\/index.php\/producto\/router-de-banda-ancha-tplink-tl-r480t-balance-de-carga\/\" \/>\n<meta property=\"og:locale\" content=\"es_ES\" \/>\n<meta property=\"og:type\" content=\"article\" \/>\n<meta property=\"og:title\" content=\"Router De Banda Ancha Tplink Tl-R480T+ Balance De Carga - IntegralPro\" \/>\n<meta property=\"og:description\" content=\"# DE PARTE: TL-R480T+\" \/>\n<meta property=\"og:url\" content=\"https:\/\/www.integralpro.com.co\/index.php\/producto\/router-de-banda-ancha-tplink-tl-r480t-balance-de-carga\/\" \/>\n<meta property=\"og:site_name\" content=\"IntegralPro\" \/>\n<meta property=\"article:modified_time\" content=\"2021-02-23T20:03:59+00:00\" \/>\n<meta property=\"og:image\" content=\"https:\/\/www.integralpro.com.co\/wp-content\/uploads\/2021\/02\/Router-De-Banda-Ancha-Tplink-Tl-R480T-Balance-De-Carga.jpg\" \/>\n\t<meta property=\"og:image:width\" content=\"800\" \/>\n\t<meta property=\"og:image:height\" content=\"1024\" \/>\n\t<meta property=\"og:image:type\" content=\"image\/jpeg\" \/>\n<meta name=\"twitter:card\" content=\"summary_large_image\" \/>\n<meta name=\"twitter:label1\" content=\"Tiempo de lectura\" \/>\n\t<meta name=\"twitter:data1\" content=\"2 minutos\" \/>\n<script type=\"application\/ld+json\" class=\"yoast-schema-graph\">{\"@context\":\"https:\\\/\\\/schema.org\",\"@graph\":[{\"@type\":\"WebPage\",\"@id\":\"https:\\\/\\\/www.integralpro.com.co\\\/index.php\\\/producto\\\/router-de-banda-ancha-tplink-tl-r480t-balance-de-carga\\\/\",\"url\":\"https:\\\/\\\/www.integralpro.com.co\\\/index.php\\\/producto\\\/router-de-banda-ancha-tplink-tl-r480t-balance-de-carga\\\/\",\"name\":\"Router De Banda Ancha Tplink Tl-R480T+ Balance De Carga - IntegralPro\",\"isPartOf\":{\"@id\":\"https:\\\/\\\/www.integralpro.com.co\\\/#website\"},\"primaryImageOfPage\":{\"@id\":\"https:\\\/\\\/www.integralpro.com.co\\\/index.php\\\/producto\\\/router-de-banda-ancha-tplink-tl-r480t-balance-de-carga\\\/#primaryimage\"},\"image\":{\"@id\":\"https:\\\/\\\/www.integralpro.com.co\\\/index.php\\\/producto\\\/router-de-banda-ancha-tplink-tl-r480t-balance-de-carga\\\/#primaryimage\"},\"thumbnailUrl\":\"https:\\\/\\\/www.integralpro.com.co\\\/wp-content\\\/uploads\\\/2021\\\/02\\\/Router-De-Banda-Ancha-Tplink-Tl-R480T-Balance-De-Carga.jpg\",\"datePublished\":\"2021-02-19T19:47:55+00:00\",\"dateModified\":\"2021-02-23T20:03:59+00:00\",\"breadcrumb\":{\"@id\":\"https:\\\/\\\/www.integralpro.com.co\\\/index.php\\\/producto\\\/router-de-banda-ancha-tplink-tl-r480t-balance-de-carga\\\/#breadcrumb\"},\"inLanguage\":\"es\",\"potentialAction\":[{\"@type\":\"ReadAction\",\"target\":[\"https:\\\/\\\/www.integralpro.com.co\\\/index.php\\\/producto\\\/router-de-banda-ancha-tplink-tl-r480t-balance-de-carga\\\/\"]}]},{\"@type\":\"ImageObject\",\"inLanguage\":\"es\",\"@id\":\"https:\\\/\\\/www.integralpro.com.co\\\/index.php\\\/producto\\\/router-de-banda-ancha-tplink-tl-r480t-balance-de-carga\\\/#primaryimage\",\"url\":\"https:\\\/\\\/www.integralpro.com.co\\\/wp-content\\\/uploads\\\/2021\\\/02\\\/Router-De-Banda-Ancha-Tplink-Tl-R480T-Balance-De-Carga.jpg\",\"contentUrl\":\"https:\\\/\\\/www.integralpro.com.co\\\/wp-content\\\/uploads\\\/2021\\\/02\\\/Router-De-Banda-Ancha-Tplink-Tl-R480T-Balance-De-Carga.jpg\",\"width\":800,\"height\":1024},{\"@type\":\"BreadcrumbList\",\"@id\":\"https:\\\/\\\/www.integralpro.com.co\\\/index.php\\\/producto\\\/router-de-banda-ancha-tplink-tl-r480t-balance-de-carga\\\/#breadcrumb\",\"itemListElement\":[{\"@type\":\"ListItem\",\"position\":1,\"name\":\"Portada\",\"item\":\"https:\\\/\\\/www.integralpro.com.co\\\/\"},{\"@type\":\"ListItem\",\"position\":2,\"name\":\"Tienda\",\"item\":\"https:\\\/\\\/www.integralpro.com.co\\\/index.php\\\/tienda\\\/\"},{\"@type\":\"ListItem\",\"position\":3,\"name\":\"Router De Banda Ancha Tplink Tl-R480T+ Balance De Carga\"}]},{\"@type\":\"WebSite\",\"@id\":\"https:\\\/\\\/www.integralpro.com.co\\\/#website\",\"url\":\"https:\\\/\\\/www.integralpro.com.co\\\/\",\"name\":\"IntegralPro\",\"description\":\"Tienda de Tecnolog\u00eda en L\u00ednea\",\"publisher\":{\"@id\":\"https:\\\/\\\/www.integralpro.com.co\\\/#organization\"},\"potentialAction\":[{\"@type\":\"SearchAction\",\"target\":{\"@type\":\"EntryPoint\",\"urlTemplate\":\"https:\\\/\\\/www.integralpro.com.co\\\/?s={search_term_string}\"},\"query-input\":{\"@type\":\"PropertyValueSpecification\",\"valueRequired\":true,\"valueName\":\"search_term_string\"}}],\"inLanguage\":\"es\"},{\"@type\":\"Organization\",\"@id\":\"https:\\\/\\\/www.integralpro.com.co\\\/#organization\",\"name\":\"IntegralPro SAS\",\"url\":\"https:\\\/\\\/www.integralpro.com.co\\\/\",\"logo\":{\"@type\":\"ImageObject\",\"inLanguage\":\"es\",\"@id\":\"https:\\\/\\\/www.integralpro.com.co\\\/#\\\/schema\\\/logo\\\/image\\\/\",\"url\":\"https:\\\/\\\/www.integralpro.com.co\\\/wp-content\\\/uploads\\\/2021\\\/02\\\/logo-def.jpg\",\"contentUrl\":\"https:\\\/\\\/www.integralpro.com.co\\\/wp-content\\\/uploads\\\/2021\\\/02\\\/logo-def.jpg\",\"width\":238,\"height\":234,\"caption\":\"IntegralPro SAS\"},\"image\":{\"@id\":\"https:\\\/\\\/www.integralpro.com.co\\\/#\\\/schema\\\/logo\\\/image\\\/\"}}]}<\/script>\n<!-- \/ Yoast SEO plugin. -->","yoast_head_json":{"title":"Router De Banda Ancha Tplink Tl-R480T+ Balance De Carga - IntegralPro","robots":{"index":"index","follow":"follow","max-snippet":"max-snippet:-1","max-image-preview":"max-image-preview:large","max-video-preview":"max-video-preview:-1"},"canonical":"https:\/\/www.integralpro.com.co\/index.php\/producto\/router-de-banda-ancha-tplink-tl-r480t-balance-de-carga\/","og_locale":"es_ES","og_type":"article","og_title":"Router De Banda Ancha Tplink Tl-R480T+ Balance De Carga - IntegralPro","og_description":"# DE PARTE: TL-R480T+","og_url":"https:\/\/www.integralpro.com.co\/index.php\/producto\/router-de-banda-ancha-tplink-tl-r480t-balance-de-carga\/","og_site_name":"IntegralPro","article_modified_time":"2021-02-23T20:03:59+00:00","og_image":[{"width":800,"height":1024,"url":"https:\/\/www.integralpro.com.co\/wp-content\/uploads\/2021\/02\/Router-De-Banda-Ancha-Tplink-Tl-R480T-Balance-De-Carga.jpg","type":"image\/jpeg"}],"twitter_card":"summary_large_image","twitter_misc":{"Tiempo de lectura":"2 minutos"},"schema":{"@context":"https:\/\/schema.org","@graph":[{"@type":"WebPage","@id":"https:\/\/www.integralpro.com.co\/index.php\/producto\/router-de-banda-ancha-tplink-tl-r480t-balance-de-carga\/","url":"https:\/\/www.integralpro.com.co\/index.php\/producto\/router-de-banda-ancha-tplink-tl-r480t-balance-de-carga\/","name":"Router De Banda Ancha Tplink Tl-R480T+ Balance De Carga - IntegralPro","isPartOf":{"@id":"https:\/\/www.integralpro.com.co\/#website"},"primaryImageOfPage":{"@id":"https:\/\/www.integralpro.com.co\/index.php\/producto\/router-de-banda-ancha-tplink-tl-r480t-balance-de-carga\/#primaryimage"},"image":{"@id":"https:\/\/www.integralpro.com.co\/index.php\/producto\/router-de-banda-ancha-tplink-tl-r480t-balance-de-carga\/#primaryimage"},"thumbnailUrl":"https:\/\/www.integralpro.com.co\/wp-content\/uploads\/2021\/02\/Router-De-Banda-Ancha-Tplink-Tl-R480T-Balance-De-Carga.jpg","datePublished":"2021-02-19T19:47:55+00:00","dateModified":"2021-02-23T20:03:59+00:00","breadcrumb":{"@id":"https:\/\/www.integralpro.com.co\/index.php\/producto\/router-de-banda-ancha-tplink-tl-r480t-balance-de-carga\/#breadcrumb"},"inLanguage":"es","potentialAction":[{"@type":"ReadAction","target":["https:\/\/www.integralpro.com.co\/index.php\/producto\/router-de-banda-ancha-tplink-tl-r480t-balance-de-carga\/"]}]},{"@type":"ImageObject","inLanguage":"es","@id":"https:\/\/www.integralpro.com.co\/index.php\/producto\/router-de-banda-ancha-tplink-tl-r480t-balance-de-carga\/#primaryimage","url":"https:\/\/www.integralpro.com.co\/wp-content\/uploads\/2021\/02\/Router-De-Banda-Ancha-Tplink-Tl-R480T-Balance-De-Carga.jpg","contentUrl":"https:\/\/www.integralpro.com.co\/wp-content\/uploads\/2021\/02\/Router-De-Banda-Ancha-Tplink-Tl-R480T-Balance-De-Carga.jpg","width":800,"height":1024},{"@type":"BreadcrumbList","@id":"https:\/\/www.integralpro.com.co\/index.php\/producto\/router-de-banda-ancha-tplink-tl-r480t-balance-de-carga\/#breadcrumb","itemListElement":[{"@type":"ListItem","position":1,"name":"Portada","item":"https:\/\/www.integralpro.com.co\/"},{"@type":"ListItem","position":2,"name":"Tienda","item":"https:\/\/www.integralpro.com.co\/index.php\/tienda\/"},{"@type":"ListItem","position":3,"name":"Router De Banda Ancha Tplink Tl-R480T+ Balance De Carga"}]},{"@type":"WebSite","@id":"https:\/\/www.integralpro.com.co\/#website","url":"https:\/\/www.integralpro.com.co\/","name":"IntegralPro","description":"Tienda de Tecnolog\u00eda en L\u00ednea","publisher":{"@id":"https:\/\/www.integralpro.com.co\/#organization"},"potentialAction":[{"@type":"SearchAction","target":{"@type":"EntryPoint","urlTemplate":"https:\/\/www.integralpro.com.co\/?s={search_term_string}"},"query-input":{"@type":"PropertyValueSpecification","valueRequired":true,"valueName":"search_term_string"}}],"inLanguage":"es"},{"@type":"Organization","@id":"https:\/\/www.integralpro.com.co\/#organization","name":"IntegralPro SAS","url":"https:\/\/www.integralpro.com.co\/","logo":{"@type":"ImageObject","inLanguage":"es","@id":"https:\/\/www.integralpro.com.co\/#\/schema\/logo\/image\/","url":"https:\/\/www.integralpro.com.co\/wp-content\/uploads\/2021\/02\/logo-def.jpg","contentUrl":"https:\/\/www.integralpro.com.co\/wp-content\/uploads\/2021\/02\/logo-def.jpg","width":238,"height":234,"caption":"IntegralPro SAS"},"image":{"@id":"https:\/\/www.integralpro.com.co\/#\/schema\/logo\/image\/"}}]}},"_links":{"self":[{"href":"https:\/\/www.integralpro.com.co\/index.php\/wp-json\/wp\/v2\/product\/1462","targetHints":{"allow":["GET"]}}],"collection":[{"href":"https:\/\/www.integralpro.com.co\/index.php\/wp-json\/wp\/v2\/product"}],"about":[{"href":"https:\/\/www.integralpro.com.co\/index.php\/wp-json\/wp\/v2\/types\/product"}],"version-history":[{"count":2,"href":"https:\/\/www.integralpro.com.co\/index.php\/wp-json\/wp\/v2\/product\/1462\/revisions"}],"predecessor-version":[{"id":3672,"href":"https:\/\/www.integralpro.com.co\/index.php\/wp-json\/wp\/v2\/product\/1462\/revisions\/3672"}],"wp:featuredmedia":[{"embeddable":true,"href":"https:\/\/www.integralpro.com.co\/index.php\/wp-json\/wp\/v2\/media\/3671"}],"wp:attachment":[{"href":"https:\/\/www.integralpro.com.co\/index.php\/wp-json\/wp\/v2\/media?parent=1462"}],"wp:term":[{"taxonomy":"product_brand","embeddable":true,"href":"https:\/\/www.integralpro.com.co\/index.php\/wp-json\/wp\/v2\/product_brand?post=1462"},{"taxonomy":"product_cat","embeddable":true,"href":"https:\/\/www.integralpro.com.co\/index.php\/wp-json\/wp\/v2\/product_cat?post=1462"},{"taxonomy":"product_tag","embeddable":true,"href":"https:\/\/www.integralpro.com.co\/index.php\/wp-json\/wp\/v2\/product_tag?post=1462"}],"curies":[{"name":"wp","href":"https:\/\/api.w.org\/{rel}","templated":true}]}}