{"id":1447,"date":"2021-02-19T14:47:54","date_gmt":"2021-02-19T19:47:54","guid":{"rendered":"https:\/\/www.integralpro.com.co\/index.php\/producto\/import-placeholder-for-931\/"},"modified":"2021-02-19T14:48:06","modified_gmt":"2021-02-19T19:48:06","slug":"parlante-bose-soundlink-revolve-plus-bluetooth-negro","status":"publish","type":"product","link":"https:\/\/www.integralpro.com.co\/index.php\/producto\/parlante-bose-soundlink-revolve-plus-bluetooth-negro\/","title":{"rendered":"Parlante Bose Soundlink Revolve Plus Bluetooth &#8211; Negro"},"content":{"rendered":"<table border=\"0\" cellpadding=\"1\" cellspacing=\"1\" style=\"color:rgb(102, 102, 102); font-size:14px; line-height:21.84px; max-width:100%; text-align:left; widows:1; width:700px\">\n<tbody>\n<tr>\n<td>\n<p style=\"text-align: justify;\">Presentamos el SoundLink Revolve+, el altavoz port\u00e1til Bluetooth de mejor rendimiento de Bose. Est\u00e1 dise\u00f1ado para propagar un sonido profundo y sorprendente en todas las direcciones. As\u00ed obtienes m\u00e1s sonido en todo tu entorno. Est\u00e1 equipado con m\u00e1s tecnolog\u00eda de lo que aparenta. Un transductor altamente eficiente. Radiadores pasivos dobles. Un deflector ac\u00fastico omnidireccional. Todo esto se a\u00f1ade a un altavoz con un rendimiento que te hace sentir como si estuvieras inmerso en la canci\u00f3n.<\/p>\n<p style=\"text-align: justify;\"><strong>\u00bfQuieres m\u00e1s graves? S\u00ed, por favor. <\/strong><\/p>\n<p style=\"text-align: justify;\">Los tonos graves importan. Para obtener la mayor cantidad posible de graves con un altavoz peque\u00f1o, necesitas mover m\u00e1s aire. Pero esa energ\u00eda adicional significa una gran carga para la bater\u00eda. Mientras otros altavoces podr\u00edan ofrecerte un poco m\u00e1s de duraci\u00f3n de la bater\u00eda, Bose decidi\u00f3 proporcionarte muchos m\u00e1s tonos graves.<\/p>\n<p style=\"text-align: justify;\"><strong>Verdadero sonido en 360\u00b0 <\/strong><\/p>\n<p style=\"text-align: justify;\">SoundLink Revolve+ tiene un deflector ac\u00fastico omnidireccional que propaga el sonido de manera equitativa para entregar una cobertura uniforme y consistente sin dejar zonas sin cobertura. Esto significa un mejor sonido para ti. Y para ti. Y para ti tambi\u00e9n.<\/p>\n<p style=\"text-align: justify;\"><strong>Escucha todo el d\u00eda, sin importar donde vayas <\/strong><\/p>\n<p style=\"text-align: justify;\">T\u00fa no te detienes ni tampoco lo har\u00e1 la m\u00fasica. Gracias a las 16 horas de duraci\u00f3n de la bater\u00eda y un asa pr\u00e1ctica para transportarlo, puedes reproducir todo el d\u00eda la banda sonora para tu ajetreada vida.<\/p>\n<p style=\"text-align: justify;\"><strong>ESPECIFICACIONES T\u00c9CNICAS<\/strong><\/p>\n<p>Dimensiones : 19 x 10 x 10cm<br \/>Peso : 0.90Kg<br \/>Entradas y salidas : Entrada auxiliar de 3.5 mm<br \/>Entradas y salidas : Puerto USB Micro-B<br \/>Alcance Inal\u00e1mbrico : de hasta 9 m (30 pies)<br \/>Conectividad : Bluetooth.<br \/>Indicaci\u00f3nes de voz : Si<br \/>Impermeabilidad : Certificaci\u00f3n IPX4 Salpicaduras de agua<br \/>Bater\u00eda : De hasta 16 Horas<\/p>\n<ul><\/ul>\n<\/td>\n<\/tr>\n<\/tbody>\n<\/table>\n","protected":false},"excerpt":{"rendered":"<p># DE PARTE: 739617-1110<\/p>\n","protected":false},"featured_media":1488,"template":"","meta":{"site-sidebar-layout":"default","site-content-layout":"","ast-site-content-layout":"default","site-content-style":"default","site-sidebar-style":"default","ast-global-header-display":"","ast-banner-title-visibility":"","ast-main-header-display":"","ast-hfb-above-header-display":"","ast-hfb-below-header-display":"","ast-hfb-mobile-header-display":"","site-post-title":"","ast-breadcrumbs-content":"","ast-featured-img":"","footer-sml-layout":"","ast-disable-related-posts":"","theme-transparent-header-meta":"","adv-header-id-meta":"","stick-header-meta":"","header-above-stick-meta":"","header-main-stick-meta":"","header-below-stick-meta":"","astra-migrate-meta-layouts":"default","ast-page-background-enabled":"default","ast-page-background-meta":{"desktop":{"background-color":"var(--ast-global-color-4)","background-image":"","background-repeat":"repeat","background-position":"center center","background-size":"auto","background-attachment":"scroll","background-type":"","background-media":"","overlay-type":"","overlay-color":"","overlay-opacity":"","overlay-gradient":""},"tablet":{"background-color":"","background-image":"","background-repeat":"repeat","background-position":"center center","background-size":"auto","background-attachment":"scroll","background-type":"","background-media":"","overlay-type":"","overlay-color":"","overlay-opacity":"","overlay-gradient":""},"mobile":{"background-color":"","background-image":"","background-repeat":"repeat","background-position":"center center","background-size":"auto","background-attachment":"scroll","background-type":"","background-media":"","overlay-type":"","overlay-color":"","overlay-opacity":"","overlay-gradient":""}},"ast-content-background-meta":{"desktop":{"background-color":"var(--ast-global-color-5)","background-image":"","background-repeat":"repeat","background-position":"center center","background-size":"auto","background-attachment":"scroll","background-type":"","background-media":"","overlay-type":"","overlay-color":"","overlay-opacity":"","overlay-gradient":""},"tablet":{"background-color":"var(--ast-global-color-5)","background-image":"","background-repeat":"repeat","background-position":"center center","background-size":"auto","background-attachment":"scroll","background-type":"","background-media":"","overlay-type":"","overlay-color":"","overlay-opacity":"","overlay-gradient":""},"mobile":{"background-color":"var(--ast-global-color-5)","background-image":"","background-repeat":"repeat","background-position":"center center","background-size":"auto","background-attachment":"scroll","background-type":"","background-media":"","overlay-type":"","overlay-color":"","overlay-opacity":"","overlay-gradient":""}}},"product_brand":[],"product_cat":[51,100,104,102],"product_tag":[66],"class_list":{"0":"post-1447","1":"product","2":"type-product","3":"status-publish","4":"has-post-thumbnail","6":"product_cat-audio","7":"product_cat-audio-portatil","8":"product_cat-bose","9":"product_cat-parlantes","10":"product_tag-bose","11":"desktop-align-left","12":"tablet-align-left","13":"mobile-align-left","15":"first","16":"instock","17":"taxable","18":"shipping-taxable","19":"product-type-simple"},"yoast_head":"<!-- This site is optimized with the Yoast SEO plugin v27.3 - https:\/\/yoast.com\/product\/yoast-seo-wordpress\/ -->\n<title>Parlante Bose Soundlink Revolve Plus Bluetooth - Negro - IntegralPro<\/title>\n<meta name=\"robots\" content=\"index, follow, max-snippet:-1, max-image-preview:large, max-video-preview:-1\" \/>\n<link rel=\"canonical\" href=\"https:\/\/www.integralpro.com.co\/index.php\/producto\/parlante-bose-soundlink-revolve-plus-bluetooth-negro\/\" \/>\n<meta property=\"og:locale\" content=\"es_ES\" \/>\n<meta property=\"og:type\" content=\"article\" \/>\n<meta property=\"og:title\" content=\"Parlante Bose Soundlink Revolve Plus Bluetooth - Negro - IntegralPro\" \/>\n<meta property=\"og:description\" content=\"# DE PARTE: 739617-1110\" \/>\n<meta property=\"og:url\" content=\"https:\/\/www.integralpro.com.co\/index.php\/producto\/parlante-bose-soundlink-revolve-plus-bluetooth-negro\/\" \/>\n<meta property=\"og:site_name\" content=\"IntegralPro\" \/>\n<meta property=\"article:modified_time\" content=\"2021-02-19T19:48:06+00:00\" \/>\n<meta property=\"og:image\" content=\"https:\/\/www.integralpro.com.co\/wp-content\/uploads\/2021\/02\/AYmf4Dx.jpg\" \/>\n\t<meta property=\"og:image:width\" content=\"850\" \/>\n\t<meta property=\"og:image:height\" content=\"850\" \/>\n\t<meta property=\"og:image:type\" content=\"image\/jpeg\" \/>\n<meta name=\"twitter:card\" content=\"summary_large_image\" \/>\n<meta name=\"twitter:label1\" content=\"Tiempo de lectura\" \/>\n\t<meta name=\"twitter:data1\" content=\"1 minuto\" \/>\n<script type=\"application\/ld+json\" class=\"yoast-schema-graph\">{\"@context\":\"https:\\\/\\\/schema.org\",\"@graph\":[{\"@type\":\"WebPage\",\"@id\":\"https:\\\/\\\/www.integralpro.com.co\\\/index.php\\\/producto\\\/parlante-bose-soundlink-revolve-plus-bluetooth-negro\\\/\",\"url\":\"https:\\\/\\\/www.integralpro.com.co\\\/index.php\\\/producto\\\/parlante-bose-soundlink-revolve-plus-bluetooth-negro\\\/\",\"name\":\"Parlante Bose Soundlink Revolve Plus Bluetooth - Negro - IntegralPro\",\"isPartOf\":{\"@id\":\"https:\\\/\\\/www.integralpro.com.co\\\/#website\"},\"primaryImageOfPage\":{\"@id\":\"https:\\\/\\\/www.integralpro.com.co\\\/index.php\\\/producto\\\/parlante-bose-soundlink-revolve-plus-bluetooth-negro\\\/#primaryimage\"},\"image\":{\"@id\":\"https:\\\/\\\/www.integralpro.com.co\\\/index.php\\\/producto\\\/parlante-bose-soundlink-revolve-plus-bluetooth-negro\\\/#primaryimage\"},\"thumbnailUrl\":\"https:\\\/\\\/www.integralpro.com.co\\\/wp-content\\\/uploads\\\/2021\\\/02\\\/AYmf4Dx.jpg\",\"datePublished\":\"2021-02-19T19:47:54+00:00\",\"dateModified\":\"2021-02-19T19:48:06+00:00\",\"breadcrumb\":{\"@id\":\"https:\\\/\\\/www.integralpro.com.co\\\/index.php\\\/producto\\\/parlante-bose-soundlink-revolve-plus-bluetooth-negro\\\/#breadcrumb\"},\"inLanguage\":\"es\",\"potentialAction\":[{\"@type\":\"ReadAction\",\"target\":[\"https:\\\/\\\/www.integralpro.com.co\\\/index.php\\\/producto\\\/parlante-bose-soundlink-revolve-plus-bluetooth-negro\\\/\"]}]},{\"@type\":\"ImageObject\",\"inLanguage\":\"es\",\"@id\":\"https:\\\/\\\/www.integralpro.com.co\\\/index.php\\\/producto\\\/parlante-bose-soundlink-revolve-plus-bluetooth-negro\\\/#primaryimage\",\"url\":\"https:\\\/\\\/www.integralpro.com.co\\\/wp-content\\\/uploads\\\/2021\\\/02\\\/AYmf4Dx.jpg\",\"contentUrl\":\"https:\\\/\\\/www.integralpro.com.co\\\/wp-content\\\/uploads\\\/2021\\\/02\\\/AYmf4Dx.jpg\",\"width\":850,\"height\":850},{\"@type\":\"BreadcrumbList\",\"@id\":\"https:\\\/\\\/www.integralpro.com.co\\\/index.php\\\/producto\\\/parlante-bose-soundlink-revolve-plus-bluetooth-negro\\\/#breadcrumb\",\"itemListElement\":[{\"@type\":\"ListItem\",\"position\":1,\"name\":\"Portada\",\"item\":\"https:\\\/\\\/www.integralpro.com.co\\\/\"},{\"@type\":\"ListItem\",\"position\":2,\"name\":\"Tienda\",\"item\":\"https:\\\/\\\/www.integralpro.com.co\\\/index.php\\\/tienda\\\/\"},{\"@type\":\"ListItem\",\"position\":3,\"name\":\"Parlante Bose Soundlink Revolve Plus Bluetooth &#8211; Negro\"}]},{\"@type\":\"WebSite\",\"@id\":\"https:\\\/\\\/www.integralpro.com.co\\\/#website\",\"url\":\"https:\\\/\\\/www.integralpro.com.co\\\/\",\"name\":\"IntegralPro\",\"description\":\"Tienda de Tecnolog\u00eda en L\u00ednea\",\"publisher\":{\"@id\":\"https:\\\/\\\/www.integralpro.com.co\\\/#organization\"},\"potentialAction\":[{\"@type\":\"SearchAction\",\"target\":{\"@type\":\"EntryPoint\",\"urlTemplate\":\"https:\\\/\\\/www.integralpro.com.co\\\/?s={search_term_string}\"},\"query-input\":{\"@type\":\"PropertyValueSpecification\",\"valueRequired\":true,\"valueName\":\"search_term_string\"}}],\"inLanguage\":\"es\"},{\"@type\":\"Organization\",\"@id\":\"https:\\\/\\\/www.integralpro.com.co\\\/#organization\",\"name\":\"IntegralPro SAS\",\"url\":\"https:\\\/\\\/www.integralpro.com.co\\\/\",\"logo\":{\"@type\":\"ImageObject\",\"inLanguage\":\"es\",\"@id\":\"https:\\\/\\\/www.integralpro.com.co\\\/#\\\/schema\\\/logo\\\/image\\\/\",\"url\":\"https:\\\/\\\/www.integralpro.com.co\\\/wp-content\\\/uploads\\\/2021\\\/02\\\/logo-def.jpg\",\"contentUrl\":\"https:\\\/\\\/www.integralpro.com.co\\\/wp-content\\\/uploads\\\/2021\\\/02\\\/logo-def.jpg\",\"width\":238,\"height\":234,\"caption\":\"IntegralPro SAS\"},\"image\":{\"@id\":\"https:\\\/\\\/www.integralpro.com.co\\\/#\\\/schema\\\/logo\\\/image\\\/\"}}]}<\/script>\n<!-- \/ Yoast SEO plugin. -->","yoast_head_json":{"title":"Parlante Bose Soundlink Revolve Plus Bluetooth - Negro - IntegralPro","robots":{"index":"index","follow":"follow","max-snippet":"max-snippet:-1","max-image-preview":"max-image-preview:large","max-video-preview":"max-video-preview:-1"},"canonical":"https:\/\/www.integralpro.com.co\/index.php\/producto\/parlante-bose-soundlink-revolve-plus-bluetooth-negro\/","og_locale":"es_ES","og_type":"article","og_title":"Parlante Bose Soundlink Revolve Plus Bluetooth - Negro - IntegralPro","og_description":"# DE PARTE: 739617-1110","og_url":"https:\/\/www.integralpro.com.co\/index.php\/producto\/parlante-bose-soundlink-revolve-plus-bluetooth-negro\/","og_site_name":"IntegralPro","article_modified_time":"2021-02-19T19:48:06+00:00","og_image":[{"width":850,"height":850,"url":"https:\/\/www.integralpro.com.co\/wp-content\/uploads\/2021\/02\/AYmf4Dx.jpg","type":"image\/jpeg"}],"twitter_card":"summary_large_image","twitter_misc":{"Tiempo de lectura":"1 minuto"},"schema":{"@context":"https:\/\/schema.org","@graph":[{"@type":"WebPage","@id":"https:\/\/www.integralpro.com.co\/index.php\/producto\/parlante-bose-soundlink-revolve-plus-bluetooth-negro\/","url":"https:\/\/www.integralpro.com.co\/index.php\/producto\/parlante-bose-soundlink-revolve-plus-bluetooth-negro\/","name":"Parlante Bose Soundlink Revolve Plus Bluetooth - Negro - IntegralPro","isPartOf":{"@id":"https:\/\/www.integralpro.com.co\/#website"},"primaryImageOfPage":{"@id":"https:\/\/www.integralpro.com.co\/index.php\/producto\/parlante-bose-soundlink-revolve-plus-bluetooth-negro\/#primaryimage"},"image":{"@id":"https:\/\/www.integralpro.com.co\/index.php\/producto\/parlante-bose-soundlink-revolve-plus-bluetooth-negro\/#primaryimage"},"thumbnailUrl":"https:\/\/www.integralpro.com.co\/wp-content\/uploads\/2021\/02\/AYmf4Dx.jpg","datePublished":"2021-02-19T19:47:54+00:00","dateModified":"2021-02-19T19:48:06+00:00","breadcrumb":{"@id":"https:\/\/www.integralpro.com.co\/index.php\/producto\/parlante-bose-soundlink-revolve-plus-bluetooth-negro\/#breadcrumb"},"inLanguage":"es","potentialAction":[{"@type":"ReadAction","target":["https:\/\/www.integralpro.com.co\/index.php\/producto\/parlante-bose-soundlink-revolve-plus-bluetooth-negro\/"]}]},{"@type":"ImageObject","inLanguage":"es","@id":"https:\/\/www.integralpro.com.co\/index.php\/producto\/parlante-bose-soundlink-revolve-plus-bluetooth-negro\/#primaryimage","url":"https:\/\/www.integralpro.com.co\/wp-content\/uploads\/2021\/02\/AYmf4Dx.jpg","contentUrl":"https:\/\/www.integralpro.com.co\/wp-content\/uploads\/2021\/02\/AYmf4Dx.jpg","width":850,"height":850},{"@type":"BreadcrumbList","@id":"https:\/\/www.integralpro.com.co\/index.php\/producto\/parlante-bose-soundlink-revolve-plus-bluetooth-negro\/#breadcrumb","itemListElement":[{"@type":"ListItem","position":1,"name":"Portada","item":"https:\/\/www.integralpro.com.co\/"},{"@type":"ListItem","position":2,"name":"Tienda","item":"https:\/\/www.integralpro.com.co\/index.php\/tienda\/"},{"@type":"ListItem","position":3,"name":"Parlante Bose Soundlink Revolve Plus Bluetooth &#8211; Negro"}]},{"@type":"WebSite","@id":"https:\/\/www.integralpro.com.co\/#website","url":"https:\/\/www.integralpro.com.co\/","name":"IntegralPro","description":"Tienda de Tecnolog\u00eda en L\u00ednea","publisher":{"@id":"https:\/\/www.integralpro.com.co\/#organization"},"potentialAction":[{"@type":"SearchAction","target":{"@type":"EntryPoint","urlTemplate":"https:\/\/www.integralpro.com.co\/?s={search_term_string}"},"query-input":{"@type":"PropertyValueSpecification","valueRequired":true,"valueName":"search_term_string"}}],"inLanguage":"es"},{"@type":"Organization","@id":"https:\/\/www.integralpro.com.co\/#organization","name":"IntegralPro SAS","url":"https:\/\/www.integralpro.com.co\/","logo":{"@type":"ImageObject","inLanguage":"es","@id":"https:\/\/www.integralpro.com.co\/#\/schema\/logo\/image\/","url":"https:\/\/www.integralpro.com.co\/wp-content\/uploads\/2021\/02\/logo-def.jpg","contentUrl":"https:\/\/www.integralpro.com.co\/wp-content\/uploads\/2021\/02\/logo-def.jpg","width":238,"height":234,"caption":"IntegralPro SAS"},"image":{"@id":"https:\/\/www.integralpro.com.co\/#\/schema\/logo\/image\/"}}]}},"_links":{"self":[{"href":"https:\/\/www.integralpro.com.co\/index.php\/wp-json\/wp\/v2\/product\/1447","targetHints":{"allow":["GET"]}}],"collection":[{"href":"https:\/\/www.integralpro.com.co\/index.php\/wp-json\/wp\/v2\/product"}],"about":[{"href":"https:\/\/www.integralpro.com.co\/index.php\/wp-json\/wp\/v2\/types\/product"}],"version-history":[{"count":1,"href":"https:\/\/www.integralpro.com.co\/index.php\/wp-json\/wp\/v2\/product\/1447\/revisions"}],"predecessor-version":[{"id":1489,"href":"https:\/\/www.integralpro.com.co\/index.php\/wp-json\/wp\/v2\/product\/1447\/revisions\/1489"}],"wp:featuredmedia":[{"embeddable":true,"href":"https:\/\/www.integralpro.com.co\/index.php\/wp-json\/wp\/v2\/media\/1488"}],"wp:attachment":[{"href":"https:\/\/www.integralpro.com.co\/index.php\/wp-json\/wp\/v2\/media?parent=1447"}],"wp:term":[{"taxonomy":"product_brand","embeddable":true,"href":"https:\/\/www.integralpro.com.co\/index.php\/wp-json\/wp\/v2\/product_brand?post=1447"},{"taxonomy":"product_cat","embeddable":true,"href":"https:\/\/www.integralpro.com.co\/index.php\/wp-json\/wp\/v2\/product_cat?post=1447"},{"taxonomy":"product_tag","embeddable":true,"href":"https:\/\/www.integralpro.com.co\/index.php\/wp-json\/wp\/v2\/product_tag?post=1447"}],"curies":[{"name":"wp","href":"https:\/\/api.w.org\/{rel}","templated":true}]}}