{"id":1446,"date":"2021-02-19T14:47:54","date_gmt":"2021-02-19T19:47:54","guid":{"rendered":"https:\/\/www.integralpro.com.co\/index.php\/producto\/import-placeholder-for-930\/"},"modified":"2021-02-19T14:48:05","modified_gmt":"2021-02-19T19:48:05","slug":"parlante-bose-soundlink-revolve-bluetooth-plateado","status":"publish","type":"product","link":"https:\/\/www.integralpro.com.co\/index.php\/producto\/parlante-bose-soundlink-revolve-bluetooth-plateado\/","title":{"rendered":"Parlante Bose Soundlink Revolve Bluetooth &#8211; Plateado"},"content":{"rendered":"<table border=\"0\" cellpadding=\"1\" cellspacing=\"1\" style=\"color:rgb(102, 102, 102); font-size:14px; line-height:21.84px; max-width:100%; text-align:left; widows:1; width:700px\">\n<tbody>\n<tr>\n<td>\n<p style=\"text-align: justify;\">Un peque\u00f1o altavoz. Emociones en grande. Llevamos nuestro sonido en una nueva direcci\u00f3n. En todas las direcciones. Presentamos SoundLink Revolve, uno de nuestros altavoces Bluetooth port\u00e1tiles de mejor rendimiento hasta ahora. Ofrece un verdadero sonido en 360\u00b0 para una cobertura uniforme y constante. Col\u00f3calo en el centro de la habitaci\u00f3n y todos disfrutar\u00e1n la misma experiencia. O bien, cerca de una pared para que te envuelva el sonido mientras se propaga y refleja en toda la habitaci\u00f3n. \u00bfLo vas a llevar afuera? Perfecto, lo fabricamos para que te acompa\u00f1e donde vayas.<\/p>\n<p style=\"text-align: justify;\"><strong>Sonido asombrosamente fuerte. Tama\u00f1o sorprendentemente peque\u00f1o. <\/strong><\/p>\n<p style=\"text-align: justify;\">No dejes que te enga\u00f1e su tama\u00f1o. La carcasa diminuta incluye m\u00e1s tecnolog\u00edas de lo que aparenta. Un transductor altamente eficiente. Radiadores pasivos dobles. Un deflector ac\u00fastico omnidireccional. Todo esto significa que obtendr\u00e1s un sonido realista y emociones que se sentir\u00e1n as\u00ed.<\/p>\n<p style=\"text-align: justify;\"><strong>SONIDO PURO. EN UNA SOLA PIEZA. <\/strong><\/p>\n<p style=\"text-align: justify;\">Ning\u00fan detalle es demasiado peque\u00f1o. Ni siquiera una sola uni\u00f3n. Puedes notar que nuestra rejilla no tiene ninguna. Esto es as\u00ed porque creamos un proceso de extrusi\u00f3n \u00fanico y novedoso para eliminar las uniones, lo que solo deja espacio para la belleza.<\/p>\n<p style=\"text-align: justify;\"><strong>Lleno de potencia <\/strong><\/p>\n<p style=\"text-align: justify;\">Un altavoz Bluetooth port\u00e1til necesita una duraci\u00f3n de la bater\u00eda impresionante. Y este no es la excepci\u00f3n. La bater\u00eda recargable de iones de litio reproduce hasta por 12 horas, para que lo uses todo el d\u00eda. Quiz\u00e1 otros altavoces puedan reproducir durante m\u00e1s tiempo, pero lo m\u00e1s probable es que no disfrutes los graves profundos y potentes que obtendr\u00e1s de los nuestros.<\/p>\n<p style=\"text-align: justify;\"><strong>ESPECIFICACIONES T\u00c9CNICAS<\/strong><\/p>\n<p>Dimensiones : 15.2 x 8.2 x 8.2 cm<br \/>Peso : 0.66Kg<br \/>Entradas y salidas : Entrada auxiliar de 3.5 mm<br \/>Entradas y salidas : Puerto USB Micro-B<br \/>Alcance Inal\u00e1mbrico : de hasta 9 m (30 pies)<br \/>Conectividad : Bluetooth.<br \/>Indicaciones de voz : Si<br \/>Impermeabilidad : Certificaci\u00f3n IPX4 Salpicaduras de agua<br \/>Bater\u00eda : De hasta 12 Horas<\/p>\n<ul><\/ul>\n<\/td>\n<\/tr>\n<\/tbody>\n<\/table>\n","protected":false},"excerpt":{"rendered":"<p># DE PARTE: 739523-1310<\/p>\n","protected":false},"featured_media":1486,"template":"","meta":{"site-sidebar-layout":"default","site-content-layout":"","ast-site-content-layout":"default","site-content-style":"default","site-sidebar-style":"default","ast-global-header-display":"","ast-banner-title-visibility":"","ast-main-header-display":"","ast-hfb-above-header-display":"","ast-hfb-below-header-display":"","ast-hfb-mobile-header-display":"","site-post-title":"","ast-breadcrumbs-content":"","ast-featured-img":"","footer-sml-layout":"","ast-disable-related-posts":"","theme-transparent-header-meta":"","adv-header-id-meta":"","stick-header-meta":"","header-above-stick-meta":"","header-main-stick-meta":"","header-below-stick-meta":"","astra-migrate-meta-layouts":"default","ast-page-background-enabled":"default","ast-page-background-meta":{"desktop":{"background-color":"var(--ast-global-color-4)","background-image":"","background-repeat":"repeat","background-position":"center center","background-size":"auto","background-attachment":"scroll","background-type":"","background-media":"","overlay-type":"","overlay-color":"","overlay-opacity":"","overlay-gradient":""},"tablet":{"background-color":"","background-image":"","background-repeat":"repeat","background-position":"center center","background-size":"auto","background-attachment":"scroll","background-type":"","background-media":"","overlay-type":"","overlay-color":"","overlay-opacity":"","overlay-gradient":""},"mobile":{"background-color":"","background-image":"","background-repeat":"repeat","background-position":"center center","background-size":"auto","background-attachment":"scroll","background-type":"","background-media":"","overlay-type":"","overlay-color":"","overlay-opacity":"","overlay-gradient":""}},"ast-content-background-meta":{"desktop":{"background-color":"var(--ast-global-color-5)","background-image":"","background-repeat":"repeat","background-position":"center center","background-size":"auto","background-attachment":"scroll","background-type":"","background-media":"","overlay-type":"","overlay-color":"","overlay-opacity":"","overlay-gradient":""},"tablet":{"background-color":"var(--ast-global-color-5)","background-image":"","background-repeat":"repeat","background-position":"center center","background-size":"auto","background-attachment":"scroll","background-type":"","background-media":"","overlay-type":"","overlay-color":"","overlay-opacity":"","overlay-gradient":""},"mobile":{"background-color":"var(--ast-global-color-5)","background-image":"","background-repeat":"repeat","background-position":"center center","background-size":"auto","background-attachment":"scroll","background-type":"","background-media":"","overlay-type":"","overlay-color":"","overlay-opacity":"","overlay-gradient":""}}},"product_brand":[],"product_cat":[51,100,104,102],"product_tag":[66],"class_list":{"0":"post-1446","1":"product","2":"type-product","3":"status-publish","4":"has-post-thumbnail","6":"product_cat-audio","7":"product_cat-audio-portatil","8":"product_cat-bose","9":"product_cat-parlantes","10":"product_tag-bose","11":"desktop-align-left","12":"tablet-align-left","13":"mobile-align-left","15":"first","16":"instock","17":"taxable","18":"shipping-taxable","19":"product-type-simple"},"yoast_head":"<!-- This site is optimized with the Yoast SEO plugin v27.3 - https:\/\/yoast.com\/product\/yoast-seo-wordpress\/ -->\n<title>Parlante Bose Soundlink Revolve Bluetooth - Plateado - IntegralPro<\/title>\n<meta name=\"robots\" content=\"index, follow, max-snippet:-1, max-image-preview:large, max-video-preview:-1\" \/>\n<link rel=\"canonical\" href=\"https:\/\/www.integralpro.com.co\/index.php\/producto\/parlante-bose-soundlink-revolve-bluetooth-plateado\/\" \/>\n<meta property=\"og:locale\" content=\"es_ES\" \/>\n<meta property=\"og:type\" content=\"article\" \/>\n<meta property=\"og:title\" content=\"Parlante Bose Soundlink Revolve Bluetooth - Plateado - IntegralPro\" \/>\n<meta property=\"og:description\" content=\"# DE PARTE: 739523-1310\" \/>\n<meta property=\"og:url\" content=\"https:\/\/www.integralpro.com.co\/index.php\/producto\/parlante-bose-soundlink-revolve-bluetooth-plateado\/\" \/>\n<meta property=\"og:site_name\" content=\"IntegralPro\" \/>\n<meta property=\"article:modified_time\" content=\"2021-02-19T19:48:05+00:00\" \/>\n<meta property=\"og:image\" content=\"https:\/\/www.integralpro.com.co\/wp-content\/uploads\/2021\/02\/F5Lwd08.jpg\" \/>\n\t<meta property=\"og:image:width\" content=\"850\" \/>\n\t<meta property=\"og:image:height\" content=\"850\" \/>\n\t<meta property=\"og:image:type\" content=\"image\/jpeg\" \/>\n<meta name=\"twitter:card\" content=\"summary_large_image\" \/>\n<meta name=\"twitter:label1\" content=\"Tiempo de lectura\" \/>\n\t<meta name=\"twitter:data1\" content=\"2 minutos\" \/>\n<script type=\"application\/ld+json\" class=\"yoast-schema-graph\">{\"@context\":\"https:\\\/\\\/schema.org\",\"@graph\":[{\"@type\":\"WebPage\",\"@id\":\"https:\\\/\\\/www.integralpro.com.co\\\/index.php\\\/producto\\\/parlante-bose-soundlink-revolve-bluetooth-plateado\\\/\",\"url\":\"https:\\\/\\\/www.integralpro.com.co\\\/index.php\\\/producto\\\/parlante-bose-soundlink-revolve-bluetooth-plateado\\\/\",\"name\":\"Parlante Bose Soundlink Revolve Bluetooth - Plateado - IntegralPro\",\"isPartOf\":{\"@id\":\"https:\\\/\\\/www.integralpro.com.co\\\/#website\"},\"primaryImageOfPage\":{\"@id\":\"https:\\\/\\\/www.integralpro.com.co\\\/index.php\\\/producto\\\/parlante-bose-soundlink-revolve-bluetooth-plateado\\\/#primaryimage\"},\"image\":{\"@id\":\"https:\\\/\\\/www.integralpro.com.co\\\/index.php\\\/producto\\\/parlante-bose-soundlink-revolve-bluetooth-plateado\\\/#primaryimage\"},\"thumbnailUrl\":\"https:\\\/\\\/www.integralpro.com.co\\\/wp-content\\\/uploads\\\/2021\\\/02\\\/F5Lwd08.jpg\",\"datePublished\":\"2021-02-19T19:47:54+00:00\",\"dateModified\":\"2021-02-19T19:48:05+00:00\",\"breadcrumb\":{\"@id\":\"https:\\\/\\\/www.integralpro.com.co\\\/index.php\\\/producto\\\/parlante-bose-soundlink-revolve-bluetooth-plateado\\\/#breadcrumb\"},\"inLanguage\":\"es\",\"potentialAction\":[{\"@type\":\"ReadAction\",\"target\":[\"https:\\\/\\\/www.integralpro.com.co\\\/index.php\\\/producto\\\/parlante-bose-soundlink-revolve-bluetooth-plateado\\\/\"]}]},{\"@type\":\"ImageObject\",\"inLanguage\":\"es\",\"@id\":\"https:\\\/\\\/www.integralpro.com.co\\\/index.php\\\/producto\\\/parlante-bose-soundlink-revolve-bluetooth-plateado\\\/#primaryimage\",\"url\":\"https:\\\/\\\/www.integralpro.com.co\\\/wp-content\\\/uploads\\\/2021\\\/02\\\/F5Lwd08.jpg\",\"contentUrl\":\"https:\\\/\\\/www.integralpro.com.co\\\/wp-content\\\/uploads\\\/2021\\\/02\\\/F5Lwd08.jpg\",\"width\":850,\"height\":850},{\"@type\":\"BreadcrumbList\",\"@id\":\"https:\\\/\\\/www.integralpro.com.co\\\/index.php\\\/producto\\\/parlante-bose-soundlink-revolve-bluetooth-plateado\\\/#breadcrumb\",\"itemListElement\":[{\"@type\":\"ListItem\",\"position\":1,\"name\":\"Portada\",\"item\":\"https:\\\/\\\/www.integralpro.com.co\\\/\"},{\"@type\":\"ListItem\",\"position\":2,\"name\":\"Tienda\",\"item\":\"https:\\\/\\\/www.integralpro.com.co\\\/index.php\\\/tienda\\\/\"},{\"@type\":\"ListItem\",\"position\":3,\"name\":\"Parlante Bose Soundlink Revolve Bluetooth &#8211; Plateado\"}]},{\"@type\":\"WebSite\",\"@id\":\"https:\\\/\\\/www.integralpro.com.co\\\/#website\",\"url\":\"https:\\\/\\\/www.integralpro.com.co\\\/\",\"name\":\"IntegralPro\",\"description\":\"Tienda de Tecnolog\u00eda en L\u00ednea\",\"publisher\":{\"@id\":\"https:\\\/\\\/www.integralpro.com.co\\\/#organization\"},\"potentialAction\":[{\"@type\":\"SearchAction\",\"target\":{\"@type\":\"EntryPoint\",\"urlTemplate\":\"https:\\\/\\\/www.integralpro.com.co\\\/?s={search_term_string}\"},\"query-input\":{\"@type\":\"PropertyValueSpecification\",\"valueRequired\":true,\"valueName\":\"search_term_string\"}}],\"inLanguage\":\"es\"},{\"@type\":\"Organization\",\"@id\":\"https:\\\/\\\/www.integralpro.com.co\\\/#organization\",\"name\":\"IntegralPro SAS\",\"url\":\"https:\\\/\\\/www.integralpro.com.co\\\/\",\"logo\":{\"@type\":\"ImageObject\",\"inLanguage\":\"es\",\"@id\":\"https:\\\/\\\/www.integralpro.com.co\\\/#\\\/schema\\\/logo\\\/image\\\/\",\"url\":\"https:\\\/\\\/www.integralpro.com.co\\\/wp-content\\\/uploads\\\/2021\\\/02\\\/logo-def.jpg\",\"contentUrl\":\"https:\\\/\\\/www.integralpro.com.co\\\/wp-content\\\/uploads\\\/2021\\\/02\\\/logo-def.jpg\",\"width\":238,\"height\":234,\"caption\":\"IntegralPro SAS\"},\"image\":{\"@id\":\"https:\\\/\\\/www.integralpro.com.co\\\/#\\\/schema\\\/logo\\\/image\\\/\"}}]}<\/script>\n<!-- \/ Yoast SEO plugin. -->","yoast_head_json":{"title":"Parlante Bose Soundlink Revolve Bluetooth - Plateado - IntegralPro","robots":{"index":"index","follow":"follow","max-snippet":"max-snippet:-1","max-image-preview":"max-image-preview:large","max-video-preview":"max-video-preview:-1"},"canonical":"https:\/\/www.integralpro.com.co\/index.php\/producto\/parlante-bose-soundlink-revolve-bluetooth-plateado\/","og_locale":"es_ES","og_type":"article","og_title":"Parlante Bose Soundlink Revolve Bluetooth - Plateado - IntegralPro","og_description":"# DE PARTE: 739523-1310","og_url":"https:\/\/www.integralpro.com.co\/index.php\/producto\/parlante-bose-soundlink-revolve-bluetooth-plateado\/","og_site_name":"IntegralPro","article_modified_time":"2021-02-19T19:48:05+00:00","og_image":[{"width":850,"height":850,"url":"https:\/\/www.integralpro.com.co\/wp-content\/uploads\/2021\/02\/F5Lwd08.jpg","type":"image\/jpeg"}],"twitter_card":"summary_large_image","twitter_misc":{"Tiempo de lectura":"2 minutos"},"schema":{"@context":"https:\/\/schema.org","@graph":[{"@type":"WebPage","@id":"https:\/\/www.integralpro.com.co\/index.php\/producto\/parlante-bose-soundlink-revolve-bluetooth-plateado\/","url":"https:\/\/www.integralpro.com.co\/index.php\/producto\/parlante-bose-soundlink-revolve-bluetooth-plateado\/","name":"Parlante Bose Soundlink Revolve Bluetooth - Plateado - IntegralPro","isPartOf":{"@id":"https:\/\/www.integralpro.com.co\/#website"},"primaryImageOfPage":{"@id":"https:\/\/www.integralpro.com.co\/index.php\/producto\/parlante-bose-soundlink-revolve-bluetooth-plateado\/#primaryimage"},"image":{"@id":"https:\/\/www.integralpro.com.co\/index.php\/producto\/parlante-bose-soundlink-revolve-bluetooth-plateado\/#primaryimage"},"thumbnailUrl":"https:\/\/www.integralpro.com.co\/wp-content\/uploads\/2021\/02\/F5Lwd08.jpg","datePublished":"2021-02-19T19:47:54+00:00","dateModified":"2021-02-19T19:48:05+00:00","breadcrumb":{"@id":"https:\/\/www.integralpro.com.co\/index.php\/producto\/parlante-bose-soundlink-revolve-bluetooth-plateado\/#breadcrumb"},"inLanguage":"es","potentialAction":[{"@type":"ReadAction","target":["https:\/\/www.integralpro.com.co\/index.php\/producto\/parlante-bose-soundlink-revolve-bluetooth-plateado\/"]}]},{"@type":"ImageObject","inLanguage":"es","@id":"https:\/\/www.integralpro.com.co\/index.php\/producto\/parlante-bose-soundlink-revolve-bluetooth-plateado\/#primaryimage","url":"https:\/\/www.integralpro.com.co\/wp-content\/uploads\/2021\/02\/F5Lwd08.jpg","contentUrl":"https:\/\/www.integralpro.com.co\/wp-content\/uploads\/2021\/02\/F5Lwd08.jpg","width":850,"height":850},{"@type":"BreadcrumbList","@id":"https:\/\/www.integralpro.com.co\/index.php\/producto\/parlante-bose-soundlink-revolve-bluetooth-plateado\/#breadcrumb","itemListElement":[{"@type":"ListItem","position":1,"name":"Portada","item":"https:\/\/www.integralpro.com.co\/"},{"@type":"ListItem","position":2,"name":"Tienda","item":"https:\/\/www.integralpro.com.co\/index.php\/tienda\/"},{"@type":"ListItem","position":3,"name":"Parlante Bose Soundlink Revolve Bluetooth &#8211; Plateado"}]},{"@type":"WebSite","@id":"https:\/\/www.integralpro.com.co\/#website","url":"https:\/\/www.integralpro.com.co\/","name":"IntegralPro","description":"Tienda de Tecnolog\u00eda en L\u00ednea","publisher":{"@id":"https:\/\/www.integralpro.com.co\/#organization"},"potentialAction":[{"@type":"SearchAction","target":{"@type":"EntryPoint","urlTemplate":"https:\/\/www.integralpro.com.co\/?s={search_term_string}"},"query-input":{"@type":"PropertyValueSpecification","valueRequired":true,"valueName":"search_term_string"}}],"inLanguage":"es"},{"@type":"Organization","@id":"https:\/\/www.integralpro.com.co\/#organization","name":"IntegralPro SAS","url":"https:\/\/www.integralpro.com.co\/","logo":{"@type":"ImageObject","inLanguage":"es","@id":"https:\/\/www.integralpro.com.co\/#\/schema\/logo\/image\/","url":"https:\/\/www.integralpro.com.co\/wp-content\/uploads\/2021\/02\/logo-def.jpg","contentUrl":"https:\/\/www.integralpro.com.co\/wp-content\/uploads\/2021\/02\/logo-def.jpg","width":238,"height":234,"caption":"IntegralPro SAS"},"image":{"@id":"https:\/\/www.integralpro.com.co\/#\/schema\/logo\/image\/"}}]}},"_links":{"self":[{"href":"https:\/\/www.integralpro.com.co\/index.php\/wp-json\/wp\/v2\/product\/1446","targetHints":{"allow":["GET"]}}],"collection":[{"href":"https:\/\/www.integralpro.com.co\/index.php\/wp-json\/wp\/v2\/product"}],"about":[{"href":"https:\/\/www.integralpro.com.co\/index.php\/wp-json\/wp\/v2\/types\/product"}],"version-history":[{"count":1,"href":"https:\/\/www.integralpro.com.co\/index.php\/wp-json\/wp\/v2\/product\/1446\/revisions"}],"predecessor-version":[{"id":1487,"href":"https:\/\/www.integralpro.com.co\/index.php\/wp-json\/wp\/v2\/product\/1446\/revisions\/1487"}],"wp:featuredmedia":[{"embeddable":true,"href":"https:\/\/www.integralpro.com.co\/index.php\/wp-json\/wp\/v2\/media\/1486"}],"wp:attachment":[{"href":"https:\/\/www.integralpro.com.co\/index.php\/wp-json\/wp\/v2\/media?parent=1446"}],"wp:term":[{"taxonomy":"product_brand","embeddable":true,"href":"https:\/\/www.integralpro.com.co\/index.php\/wp-json\/wp\/v2\/product_brand?post=1446"},{"taxonomy":"product_cat","embeddable":true,"href":"https:\/\/www.integralpro.com.co\/index.php\/wp-json\/wp\/v2\/product_cat?post=1446"},{"taxonomy":"product_tag","embeddable":true,"href":"https:\/\/www.integralpro.com.co\/index.php\/wp-json\/wp\/v2\/product_tag?post=1446"}],"curies":[{"name":"wp","href":"https:\/\/api.w.org\/{rel}","templated":true}]}}