{"id":1405,"date":"2021-02-19T14:47:31","date_gmt":"2021-02-19T19:47:31","guid":{"rendered":"https:\/\/www.integralpro.com.co\/index.php\/producto\/import-placeholder-for-929\/"},"modified":"2021-02-19T14:48:04","modified_gmt":"2021-02-19T19:48:04","slug":"palanca-logitech-para-volantes-de-carreras-g29-y-g920-driving-force","status":"publish","type":"product","link":"https:\/\/www.integralpro.com.co\/index.php\/producto\/palanca-logitech-para-volantes-de-carreras-g29-y-g920-driving-force\/","title":{"rendered":"Palanca Logitech Para Volantes De Carreras G29 Y G920 Driving Force"},"content":{"rendered":"<p>Dise\u00f1ado para volantes de carreras G29 y G920 driving force, mete la marcha adecuada en el momento preciso. La palanca de cambio Driving Force se ha dise\u00f1ado para los volantes de carreras G29 y G920 Driving Force, para hacer a\u00fan mejores los juegos para PC y consola modernos. Agrega la palanca de cambio Driving Force a tu volante para completar tu soporte para conducci\u00f3n y hacer las carreras a\u00fan m\u00e1s reales.<\/p>\n<p><strong>Construcci\u00f3n duradera<\/strong><\/p>\n<p>Compite con total comodidad y confianza Dotada de un robusto eje de acero, la palanca de cambio Driving Force se ha dise\u00f1ado para conducir con toda precisi\u00f3n y fiabilidad duradera. La empu\u00f1adura y la funda est\u00e1n forradas de cuero de calidad cosido a mano, con un aspecto y un tacto similares a los de las palancas de los coches de carreras reales, para un uso m\u00e1s c\u00f3modo y prolongado.<\/p>\n<p><strong>Palanca de cambio de 6 velocidades&nbsp;<\/strong><\/p>\n<p>Con marcha atr\u00e1s mediante presi\u00f3n hac\u00eda abajo, Aceleraci\u00f3n mantenida entre marchas La palanca de cambio de seis velocidades con dise\u00f1o en \u201cH\u201d se mueve con soltura y entra en cada marcha con un clic, para cambios fluidos y precisos en curvas cerradas y tramos rectos.<\/p>\n<p><strong>Montaje seguro<\/strong><\/p>\n<p>Se mantiene firme aunque cambies de marcha Las resistentes abrazaderas integradas permiten instalar la palanca de cambio Driving Force de forma segura en una mesa o en un soporte para conducci\u00f3n, a fin de minimizar movimientos u oscilaciones en maniobras agresivas.<\/p>\n<p><strong>Especificaciones T\u00e9cnicas<\/strong><\/p>\n<p>Dimensiones:20 x 17 x 14 cm<br \/>Peso: 0.76 Kg<br \/>Compatibilidad: Sony PlayStation 4&nbsp;Microsoft Xbox One&nbsp;PC con Microsoft Windows 8.1 \/ 8\/7<br \/>Requisitos del sistema: Volante de carreras Logitech G29 o G920 Driving Force Juegos compatibles con la palanca de cambio Logitech Driving Force&nbsp;PlayStation 4, Xbox One, Windows 8.1, Windows 8 o Windows 7<br \/>Juegos compatibles con Logitech Driving Force Shifter<br \/>Dise\u00f1ado para volantes de carreras G29\/G920 Driving Force<br \/>Seis velocidades con marcha atr\u00e1s mediante presi\u00f3n hacia abajo<br \/>Componentes de acero y cuero para comodidad y durabilidad<br \/>Montaje seguro en un soporte para conducci\u00f3n<br \/>Color: Negro<\/p>\n<p><strong>Contenido Del Paquete<\/strong><\/p>\n<p>Palanca de cambio &#8211; Documentaci\u00f3n<\/p \n\n","protected":false},"excerpt":{"rendered":"<p># DE PARTE: 941-000119<\/p>\n","protected":false},"featured_media":1484,"template":"","meta":{"site-sidebar-layout":"default","site-content-layout":"","ast-site-content-layout":"default","site-content-style":"default","site-sidebar-style":"default","ast-global-header-display":"","ast-banner-title-visibility":"","ast-main-header-display":"","ast-hfb-above-header-display":"","ast-hfb-below-header-display":"","ast-hfb-mobile-header-display":"","site-post-title":"","ast-breadcrumbs-content":"","ast-featured-img":"","footer-sml-layout":"","ast-disable-related-posts":"","theme-transparent-header-meta":"","adv-header-id-meta":"","stick-header-meta":"","header-above-stick-meta":"","header-main-stick-meta":"","header-below-stick-meta":"","astra-migrate-meta-layouts":"default","ast-page-background-enabled":"default","ast-page-background-meta":{"desktop":{"background-color":"var(--ast-global-color-4)","background-image":"","background-repeat":"repeat","background-position":"center center","background-size":"auto","background-attachment":"scroll","background-type":"","background-media":"","overlay-type":"","overlay-color":"","overlay-opacity":"","overlay-gradient":""},"tablet":{"background-color":"","background-image":"","background-repeat":"repeat","background-position":"center center","background-size":"auto","background-attachment":"scroll","background-type":"","background-media":"","overlay-type":"","overlay-color":"","overlay-opacity":"","overlay-gradient":""},"mobile":{"background-color":"","background-image":"","background-repeat":"repeat","background-position":"center center","background-size":"auto","background-attachment":"scroll","background-type":"","background-media":"","overlay-type":"","overlay-color":"","overlay-opacity":"","overlay-gradient":""}},"ast-content-background-meta":{"desktop":{"background-color":"var(--ast-global-color-5)","background-image":"","background-repeat":"repeat","background-position":"center center","background-size":"auto","background-attachment":"scroll","background-type":"","background-media":"","overlay-type":"","overlay-color":"","overlay-opacity":"","overlay-gradient":""},"tablet":{"background-color":"var(--ast-global-color-5)","background-image":"","background-repeat":"repeat","background-position":"center center","background-size":"auto","background-attachment":"scroll","background-type":"","background-media":"","overlay-type":"","overlay-color":"","overlay-opacity":"","overlay-gradient":""},"mobile":{"background-color":"var(--ast-global-color-5)","background-image":"","background-repeat":"repeat","background-position":"center center","background-size":"auto","background-attachment":"scroll","background-type":"","background-media":"","overlay-type":"","overlay-color":"","overlay-opacity":"","overlay-gradient":""}}},"product_brand":[],"product_cat":[55],"product_tag":[46],"class_list":{"0":"post-1405","1":"product","2":"type-product","3":"status-publish","4":"has-post-thumbnail","6":"product_cat-consolas-y-videojuegos","7":"product_tag-logitech","8":"desktop-align-left","9":"tablet-align-left","10":"mobile-align-left","12":"first","13":"instock","14":"taxable","15":"shipping-taxable","16":"product-type-simple"},"yoast_head":"<!-- This site is optimized with the Yoast SEO plugin v27.4 - https:\/\/yoast.com\/product\/yoast-seo-wordpress\/ -->\n<title>Palanca Logitech Para Volantes De Carreras G29 Y G920 Driving Force - IntegralPro<\/title>\n<meta name=\"robots\" content=\"index, follow, max-snippet:-1, max-image-preview:large, max-video-preview:-1\" \/>\n<link rel=\"canonical\" href=\"https:\/\/www.integralpro.com.co\/index.php\/producto\/palanca-logitech-para-volantes-de-carreras-g29-y-g920-driving-force\/\" \/>\n<meta property=\"og:locale\" content=\"es_ES\" \/>\n<meta property=\"og:type\" content=\"article\" \/>\n<meta property=\"og:title\" content=\"Palanca Logitech Para Volantes De Carreras G29 Y G920 Driving Force - IntegralPro\" \/>\n<meta property=\"og:description\" content=\"# DE PARTE: 941-000119\" \/>\n<meta property=\"og:url\" content=\"https:\/\/www.integralpro.com.co\/index.php\/producto\/palanca-logitech-para-volantes-de-carreras-g29-y-g920-driving-force\/\" \/>\n<meta property=\"og:site_name\" content=\"IntegralPro\" \/>\n<meta property=\"article:modified_time\" content=\"2021-02-19T19:48:04+00:00\" \/>\n<meta property=\"og:image\" content=\"https:\/\/www.integralpro.com.co\/wp-content\/uploads\/2021\/02\/6Ghr4th.jpg\" \/>\n\t<meta property=\"og:image:width\" content=\"850\" \/>\n\t<meta property=\"og:image:height\" content=\"850\" \/>\n\t<meta property=\"og:image:type\" content=\"image\/jpeg\" \/>\n<meta name=\"twitter:card\" content=\"summary_large_image\" \/>\n<meta name=\"twitter:label1\" content=\"Tiempo de lectura\" \/>\n\t<meta name=\"twitter:data1\" content=\"2 minutos\" \/>\n<script type=\"application\/ld+json\" class=\"yoast-schema-graph\">{\"@context\":\"https:\\\/\\\/schema.org\",\"@graph\":[{\"@type\":\"WebPage\",\"@id\":\"https:\\\/\\\/www.integralpro.com.co\\\/index.php\\\/producto\\\/palanca-logitech-para-volantes-de-carreras-g29-y-g920-driving-force\\\/\",\"url\":\"https:\\\/\\\/www.integralpro.com.co\\\/index.php\\\/producto\\\/palanca-logitech-para-volantes-de-carreras-g29-y-g920-driving-force\\\/\",\"name\":\"Palanca Logitech Para Volantes De Carreras G29 Y G920 Driving Force - IntegralPro\",\"isPartOf\":{\"@id\":\"https:\\\/\\\/www.integralpro.com.co\\\/#website\"},\"primaryImageOfPage\":{\"@id\":\"https:\\\/\\\/www.integralpro.com.co\\\/index.php\\\/producto\\\/palanca-logitech-para-volantes-de-carreras-g29-y-g920-driving-force\\\/#primaryimage\"},\"image\":{\"@id\":\"https:\\\/\\\/www.integralpro.com.co\\\/index.php\\\/producto\\\/palanca-logitech-para-volantes-de-carreras-g29-y-g920-driving-force\\\/#primaryimage\"},\"thumbnailUrl\":\"https:\\\/\\\/www.integralpro.com.co\\\/wp-content\\\/uploads\\\/2021\\\/02\\\/6Ghr4th.jpg\",\"datePublished\":\"2021-02-19T19:47:31+00:00\",\"dateModified\":\"2021-02-19T19:48:04+00:00\",\"breadcrumb\":{\"@id\":\"https:\\\/\\\/www.integralpro.com.co\\\/index.php\\\/producto\\\/palanca-logitech-para-volantes-de-carreras-g29-y-g920-driving-force\\\/#breadcrumb\"},\"inLanguage\":\"es\",\"potentialAction\":[{\"@type\":\"ReadAction\",\"target\":[\"https:\\\/\\\/www.integralpro.com.co\\\/index.php\\\/producto\\\/palanca-logitech-para-volantes-de-carreras-g29-y-g920-driving-force\\\/\"]}]},{\"@type\":\"ImageObject\",\"inLanguage\":\"es\",\"@id\":\"https:\\\/\\\/www.integralpro.com.co\\\/index.php\\\/producto\\\/palanca-logitech-para-volantes-de-carreras-g29-y-g920-driving-force\\\/#primaryimage\",\"url\":\"https:\\\/\\\/www.integralpro.com.co\\\/wp-content\\\/uploads\\\/2021\\\/02\\\/6Ghr4th.jpg\",\"contentUrl\":\"https:\\\/\\\/www.integralpro.com.co\\\/wp-content\\\/uploads\\\/2021\\\/02\\\/6Ghr4th.jpg\",\"width\":850,\"height\":850},{\"@type\":\"BreadcrumbList\",\"@id\":\"https:\\\/\\\/www.integralpro.com.co\\\/index.php\\\/producto\\\/palanca-logitech-para-volantes-de-carreras-g29-y-g920-driving-force\\\/#breadcrumb\",\"itemListElement\":[{\"@type\":\"ListItem\",\"position\":1,\"name\":\"Portada\",\"item\":\"https:\\\/\\\/www.integralpro.com.co\\\/\"},{\"@type\":\"ListItem\",\"position\":2,\"name\":\"Tienda\",\"item\":\"https:\\\/\\\/www.integralpro.com.co\\\/index.php\\\/tienda\\\/\"},{\"@type\":\"ListItem\",\"position\":3,\"name\":\"Palanca Logitech Para Volantes De Carreras G29 Y G920 Driving Force\"}]},{\"@type\":\"WebSite\",\"@id\":\"https:\\\/\\\/www.integralpro.com.co\\\/#website\",\"url\":\"https:\\\/\\\/www.integralpro.com.co\\\/\",\"name\":\"IntegralPro\",\"description\":\"Tienda de Tecnolog\u00eda en L\u00ednea\",\"publisher\":{\"@id\":\"https:\\\/\\\/www.integralpro.com.co\\\/#organization\"},\"potentialAction\":[{\"@type\":\"SearchAction\",\"target\":{\"@type\":\"EntryPoint\",\"urlTemplate\":\"https:\\\/\\\/www.integralpro.com.co\\\/?s={search_term_string}\"},\"query-input\":{\"@type\":\"PropertyValueSpecification\",\"valueRequired\":true,\"valueName\":\"search_term_string\"}}],\"inLanguage\":\"es\"},{\"@type\":\"Organization\",\"@id\":\"https:\\\/\\\/www.integralpro.com.co\\\/#organization\",\"name\":\"IntegralPro SAS\",\"url\":\"https:\\\/\\\/www.integralpro.com.co\\\/\",\"logo\":{\"@type\":\"ImageObject\",\"inLanguage\":\"es\",\"@id\":\"https:\\\/\\\/www.integralpro.com.co\\\/#\\\/schema\\\/logo\\\/image\\\/\",\"url\":\"https:\\\/\\\/www.integralpro.com.co\\\/wp-content\\\/uploads\\\/2021\\\/02\\\/logo-def.jpg\",\"contentUrl\":\"https:\\\/\\\/www.integralpro.com.co\\\/wp-content\\\/uploads\\\/2021\\\/02\\\/logo-def.jpg\",\"width\":238,\"height\":234,\"caption\":\"IntegralPro SAS\"},\"image\":{\"@id\":\"https:\\\/\\\/www.integralpro.com.co\\\/#\\\/schema\\\/logo\\\/image\\\/\"}}]}<\/script>\n<!-- \/ Yoast SEO plugin. -->","yoast_head_json":{"title":"Palanca Logitech Para Volantes De Carreras G29 Y G920 Driving Force - IntegralPro","robots":{"index":"index","follow":"follow","max-snippet":"max-snippet:-1","max-image-preview":"max-image-preview:large","max-video-preview":"max-video-preview:-1"},"canonical":"https:\/\/www.integralpro.com.co\/index.php\/producto\/palanca-logitech-para-volantes-de-carreras-g29-y-g920-driving-force\/","og_locale":"es_ES","og_type":"article","og_title":"Palanca Logitech Para Volantes De Carreras G29 Y G920 Driving Force - IntegralPro","og_description":"# DE PARTE: 941-000119","og_url":"https:\/\/www.integralpro.com.co\/index.php\/producto\/palanca-logitech-para-volantes-de-carreras-g29-y-g920-driving-force\/","og_site_name":"IntegralPro","article_modified_time":"2021-02-19T19:48:04+00:00","og_image":[{"width":850,"height":850,"url":"https:\/\/www.integralpro.com.co\/wp-content\/uploads\/2021\/02\/6Ghr4th.jpg","type":"image\/jpeg"}],"twitter_card":"summary_large_image","twitter_misc":{"Tiempo de lectura":"2 minutos"},"schema":{"@context":"https:\/\/schema.org","@graph":[{"@type":"WebPage","@id":"https:\/\/www.integralpro.com.co\/index.php\/producto\/palanca-logitech-para-volantes-de-carreras-g29-y-g920-driving-force\/","url":"https:\/\/www.integralpro.com.co\/index.php\/producto\/palanca-logitech-para-volantes-de-carreras-g29-y-g920-driving-force\/","name":"Palanca Logitech Para Volantes De Carreras G29 Y G920 Driving Force - IntegralPro","isPartOf":{"@id":"https:\/\/www.integralpro.com.co\/#website"},"primaryImageOfPage":{"@id":"https:\/\/www.integralpro.com.co\/index.php\/producto\/palanca-logitech-para-volantes-de-carreras-g29-y-g920-driving-force\/#primaryimage"},"image":{"@id":"https:\/\/www.integralpro.com.co\/index.php\/producto\/palanca-logitech-para-volantes-de-carreras-g29-y-g920-driving-force\/#primaryimage"},"thumbnailUrl":"https:\/\/www.integralpro.com.co\/wp-content\/uploads\/2021\/02\/6Ghr4th.jpg","datePublished":"2021-02-19T19:47:31+00:00","dateModified":"2021-02-19T19:48:04+00:00","breadcrumb":{"@id":"https:\/\/www.integralpro.com.co\/index.php\/producto\/palanca-logitech-para-volantes-de-carreras-g29-y-g920-driving-force\/#breadcrumb"},"inLanguage":"es","potentialAction":[{"@type":"ReadAction","target":["https:\/\/www.integralpro.com.co\/index.php\/producto\/palanca-logitech-para-volantes-de-carreras-g29-y-g920-driving-force\/"]}]},{"@type":"ImageObject","inLanguage":"es","@id":"https:\/\/www.integralpro.com.co\/index.php\/producto\/palanca-logitech-para-volantes-de-carreras-g29-y-g920-driving-force\/#primaryimage","url":"https:\/\/www.integralpro.com.co\/wp-content\/uploads\/2021\/02\/6Ghr4th.jpg","contentUrl":"https:\/\/www.integralpro.com.co\/wp-content\/uploads\/2021\/02\/6Ghr4th.jpg","width":850,"height":850},{"@type":"BreadcrumbList","@id":"https:\/\/www.integralpro.com.co\/index.php\/producto\/palanca-logitech-para-volantes-de-carreras-g29-y-g920-driving-force\/#breadcrumb","itemListElement":[{"@type":"ListItem","position":1,"name":"Portada","item":"https:\/\/www.integralpro.com.co\/"},{"@type":"ListItem","position":2,"name":"Tienda","item":"https:\/\/www.integralpro.com.co\/index.php\/tienda\/"},{"@type":"ListItem","position":3,"name":"Palanca Logitech Para Volantes De Carreras G29 Y G920 Driving Force"}]},{"@type":"WebSite","@id":"https:\/\/www.integralpro.com.co\/#website","url":"https:\/\/www.integralpro.com.co\/","name":"IntegralPro","description":"Tienda de Tecnolog\u00eda en L\u00ednea","publisher":{"@id":"https:\/\/www.integralpro.com.co\/#organization"},"potentialAction":[{"@type":"SearchAction","target":{"@type":"EntryPoint","urlTemplate":"https:\/\/www.integralpro.com.co\/?s={search_term_string}"},"query-input":{"@type":"PropertyValueSpecification","valueRequired":true,"valueName":"search_term_string"}}],"inLanguage":"es"},{"@type":"Organization","@id":"https:\/\/www.integralpro.com.co\/#organization","name":"IntegralPro SAS","url":"https:\/\/www.integralpro.com.co\/","logo":{"@type":"ImageObject","inLanguage":"es","@id":"https:\/\/www.integralpro.com.co\/#\/schema\/logo\/image\/","url":"https:\/\/www.integralpro.com.co\/wp-content\/uploads\/2021\/02\/logo-def.jpg","contentUrl":"https:\/\/www.integralpro.com.co\/wp-content\/uploads\/2021\/02\/logo-def.jpg","width":238,"height":234,"caption":"IntegralPro SAS"},"image":{"@id":"https:\/\/www.integralpro.com.co\/#\/schema\/logo\/image\/"}}]}},"_links":{"self":[{"href":"https:\/\/www.integralpro.com.co\/index.php\/wp-json\/wp\/v2\/product\/1405","targetHints":{"allow":["GET"]}}],"collection":[{"href":"https:\/\/www.integralpro.com.co\/index.php\/wp-json\/wp\/v2\/product"}],"about":[{"href":"https:\/\/www.integralpro.com.co\/index.php\/wp-json\/wp\/v2\/types\/product"}],"version-history":[{"count":1,"href":"https:\/\/www.integralpro.com.co\/index.php\/wp-json\/wp\/v2\/product\/1405\/revisions"}],"predecessor-version":[{"id":1485,"href":"https:\/\/www.integralpro.com.co\/index.php\/wp-json\/wp\/v2\/product\/1405\/revisions\/1485"}],"wp:featuredmedia":[{"embeddable":true,"href":"https:\/\/www.integralpro.com.co\/index.php\/wp-json\/wp\/v2\/media\/1484"}],"wp:attachment":[{"href":"https:\/\/www.integralpro.com.co\/index.php\/wp-json\/wp\/v2\/media?parent=1405"}],"wp:term":[{"taxonomy":"product_brand","embeddable":true,"href":"https:\/\/www.integralpro.com.co\/index.php\/wp-json\/wp\/v2\/product_brand?post=1405"},{"taxonomy":"product_cat","embeddable":true,"href":"https:\/\/www.integralpro.com.co\/index.php\/wp-json\/wp\/v2\/product_cat?post=1405"},{"taxonomy":"product_tag","embeddable":true,"href":"https:\/\/www.integralpro.com.co\/index.php\/wp-json\/wp\/v2\/product_tag?post=1405"}],"curies":[{"name":"wp","href":"https:\/\/api.w.org\/{rel}","templated":true}]}}