{"id":1387,"date":"2021-02-19T14:47:30","date_gmt":"2021-02-19T19:47:30","guid":{"rendered":"https:\/\/www.integralpro.com.co\/index.php\/producto\/import-placeholder-for-910\/"},"modified":"2021-02-19T14:47:45","modified_gmt":"2021-02-19T19:47:45","slug":"impresora-termica-epson-tm-t88v-834-usb-paralela","status":"publish","type":"product","link":"https:\/\/www.integralpro.com.co\/index.php\/producto\/impresora-termica-epson-tm-t88v-834-usb-paralela\/","title":{"rendered":"Impresora Termica Epson Tm-T88V-834 Usb Paralela"},"content":{"rendered":"<p>La TM-T88V es una aut\u00e9ntica innovaci\u00f3n en el desarrollo de las impresoras de recibos para puntos de venta y los resultados son mejores tanto para tu presupuesto como para el medio ambiente. Esto se demuestra con total claridad con la funci\u00f3n de reducci\u00f3n del papel, que reduce gastos y residuos. Las referencias ecol\u00f3gicas quedan bien patentes al ser \u00e9sta la primera impresora t\u00e9rmica de recibos con certificaci\u00f3n Energy Star.<\/p>\n<p><strong>\u00bfPor qu\u00e9 elegir la TM-T88V?<\/strong><\/p>\n<p>Invierte en una impresora t\u00e9rmica de primera para puntos de venta \u00f3ptima para el medio ambiente; su certificaci\u00f3n Energy Star implica una reducci\u00f3n de la huella de Co2, por lo que es una opci\u00f3n m\u00e1s ecol\u00f3gica. La impresi\u00f3n en escala de grises, la funci\u00f3n de reducci\u00f3n del papel y el USB incorporado, adem\u00e1s de la velocidad de impresi\u00f3n de 300 mm\/seg., convierten a esta impresora en una opci\u00f3n repleta de funciones interesantes id\u00f3nea para tu empresa.<br \/>&nbsp;<\/p>\n<p><strong>Muy r\u00e1pida<\/strong><\/p>\n<p>La impresionante y eficiente velocidad de impresi\u00f3n real es de 300 mm por segundo, mientras que la impresi\u00f3n en escala de grises permite una mejor representaci\u00f3n de im\u00e1genes gr\u00e1ficas y logos. TM-T88V funciona en distintas plataformas, por lo que resulta f\u00e1cil de integrar en tu red; incluye adem\u00e1s un puerto infrarrojos USB incorporado, lo que permitir\u00e1 una sencilla migraci\u00f3n a USB en el futuro.<\/p>\n<p><strong>Especificaciones T\u00e9cnicas<\/strong><\/p>\n<p>Dimensiones: 19 x 14 x 14 cms<br \/>Peso: 1.6 Kg<br \/>M\u00e9todo de impresi\u00f3n: Impresi\u00f3n t\u00e9rmica de l\u00edneas<br \/>Tecnolog\u00eda: L\u00ednea t\u00e9rmica<br \/>Velocidad de impresi\u00f3n: 300 mm\/s<br \/>Capacidad de la columna recibo: Ancho de papel 80 mm, 56 \/ 42<br \/>Tama\u00f1o de letra 0,99 mm (ancho) x 2,4 mm (alto) \/ 1,41 mm (ancho) x 3,39 mm (alto)<br \/>Registro de caracteres: 95 alfanum\u00e9rico, 16 internacional, 128 \u00d7 43 gr\u00e1fico<br \/>Caracteres por pulgada: 20 cpp \/ 15 cpp<br \/>Densidad de puntos: 180 ppp x 180 ppp<br \/>Impresi\u00f3n color: Monocromo<br \/>Tipos papel: recibo<br \/>Formato de papel, rollo de papel: 79,50 \u00b1 0,50 (ancho) mm x di\u00e1m. 83,00 mm, 57,50 \u00b1 0,50 (ancho) mm x di\u00e1m. 83,00 mm (opcional)<br \/>Interfaces: LAN inal\u00e1mbrica IEEE 802.11a\/b\/g\/n (opcional), Interfaz Ethernet (100 Base-TX\/10 Base-T) (opcional), Paralelo bidireccional (opcional), USB 2.0 tipo B, RS-232 (opcional), Apertura de caj\u00f3n<br \/>Fuente de alimentaci\u00f3n: PS-180 (opci\u00f3n)<br \/>Consumo de energ\u00eda Standby: 0,1 A, Medio: 1,8 A<br \/>Tensi\u00f3n de servicio: 24 V<br \/>Instalaci\u00f3n: Horizontal, Vertical, Soporte para pared<br \/>Conectores interfaz: D.K.D. function (2 drivers)<br \/>Nivel de ruido Operaci\u00f3n: 55 dB (A)<br \/>Humedad del aire: Operaci\u00f3n 10% &#8211; 90%, almacenamiento 10% &#8211; 90%<br \/>Temperatura Operaci\u00f3n: 5\u00b0C &#8211; 45\u00b0C, almacenamiento -10\u00b0C &#8211; 50\u00b0C<br \/>Fiabilidad: 70.000.000 MCBF (l\u00edneas), 360.000 MTBF (horas)<br \/>Duraci\u00f3n \u00fatil auto cortador: 2.000.000 Cortes<br \/>Duraci\u00f3n \u00fatil impresora: 20.000.000 l\u00edneas<br \/>Duraci\u00f3n \u00fatil cabezal de impresi\u00f3n: 150 km &#8211; 150.000.000 pulsos<br \/>Est\u00e1ndares EMC: Distintivo CE<br \/>Est\u00e1ndares de seguridad: T\u00dcV, GOST-R<br \/>Interfaz intercambiable: S\u00cd<br \/>Unidad: Sensor de fin de papel, Sensor de fin de papel pr\u00f3ximo, Sensor de tapa abierta<\/p>\n<p><strong>Contenido Del Paquete<\/strong><\/p>\n<p>Equipo &#8211; Placa gu\u00eda &#8211; Cubierta de conector &#8211; Tapa del bot\u00f3n de conexi\u00f3n &#8211; Rollo de papel t\u00e9rmico &#8211; Documentaci\u00f3n<\/p>\n","protected":false},"excerpt":{"rendered":"<p># DE PARTE: C31CA85834<\/p>\n","protected":false},"featured_media":1428,"template":"","meta":{"site-sidebar-layout":"default","site-content-layout":"","ast-site-content-layout":"default","site-content-style":"default","site-sidebar-style":"default","ast-global-header-display":"","ast-banner-title-visibility":"","ast-main-header-display":"","ast-hfb-above-header-display":"","ast-hfb-below-header-display":"","ast-hfb-mobile-header-display":"","site-post-title":"","ast-breadcrumbs-content":"","ast-featured-img":"","footer-sml-layout":"","ast-disable-related-posts":"","theme-transparent-header-meta":"","adv-header-id-meta":"","stick-header-meta":"","header-above-stick-meta":"","header-main-stick-meta":"","header-below-stick-meta":"","astra-migrate-meta-layouts":"default","ast-page-background-enabled":"default","ast-page-background-meta":{"desktop":{"background-color":"var(--ast-global-color-4)","background-image":"","background-repeat":"repeat","background-position":"center center","background-size":"auto","background-attachment":"scroll","background-type":"","background-media":"","overlay-type":"","overlay-color":"","overlay-opacity":"","overlay-gradient":""},"tablet":{"background-color":"","background-image":"","background-repeat":"repeat","background-position":"center center","background-size":"auto","background-attachment":"scroll","background-type":"","background-media":"","overlay-type":"","overlay-color":"","overlay-opacity":"","overlay-gradient":""},"mobile":{"background-color":"","background-image":"","background-repeat":"repeat","background-position":"center center","background-size":"auto","background-attachment":"scroll","background-type":"","background-media":"","overlay-type":"","overlay-color":"","overlay-opacity":"","overlay-gradient":""}},"ast-content-background-meta":{"desktop":{"background-color":"var(--ast-global-color-5)","background-image":"","background-repeat":"repeat","background-position":"center center","background-size":"auto","background-attachment":"scroll","background-type":"","background-media":"","overlay-type":"","overlay-color":"","overlay-opacity":"","overlay-gradient":""},"tablet":{"background-color":"var(--ast-global-color-5)","background-image":"","background-repeat":"repeat","background-position":"center center","background-size":"auto","background-attachment":"scroll","background-type":"","background-media":"","overlay-type":"","overlay-color":"","overlay-opacity":"","overlay-gradient":""},"mobile":{"background-color":"var(--ast-global-color-5)","background-image":"","background-repeat":"repeat","background-position":"center center","background-size":"auto","background-attachment":"scroll","background-type":"","background-media":"","overlay-type":"","overlay-color":"","overlay-opacity":"","overlay-gradient":""}}},"product_brand":[],"product_cat":[57],"product_tag":[40],"class_list":{"0":"post-1387","1":"product","2":"type-product","3":"status-publish","4":"has-post-thumbnail","6":"product_cat-impresoras-y-suministros","7":"product_tag-epson","8":"desktop-align-left","9":"tablet-align-left","10":"mobile-align-left","12":"first","13":"instock","14":"taxable","15":"shipping-taxable","16":"product-type-simple"},"yoast_head":"<!-- This site is optimized with the Yoast SEO plugin v27.4 - https:\/\/yoast.com\/product\/yoast-seo-wordpress\/ -->\n<title>Impresora Termica Epson Tm-T88V-834 Usb Paralela - IntegralPro<\/title>\n<meta name=\"robots\" content=\"index, follow, max-snippet:-1, max-image-preview:large, max-video-preview:-1\" \/>\n<link rel=\"canonical\" href=\"https:\/\/www.integralpro.com.co\/index.php\/producto\/impresora-termica-epson-tm-t88v-834-usb-paralela\/\" \/>\n<meta property=\"og:locale\" content=\"es_ES\" \/>\n<meta property=\"og:type\" content=\"article\" \/>\n<meta property=\"og:title\" content=\"Impresora Termica Epson Tm-T88V-834 Usb Paralela - IntegralPro\" \/>\n<meta property=\"og:description\" content=\"# DE PARTE: C31CA85834\" \/>\n<meta property=\"og:url\" content=\"https:\/\/www.integralpro.com.co\/index.php\/producto\/impresora-termica-epson-tm-t88v-834-usb-paralela\/\" \/>\n<meta property=\"og:site_name\" content=\"IntegralPro\" \/>\n<meta property=\"article:modified_time\" content=\"2021-02-19T19:47:45+00:00\" \/>\n<meta property=\"og:image\" content=\"https:\/\/www.integralpro.com.co\/wp-content\/uploads\/2021\/02\/u3nWKTp.jpg\" \/>\n\t<meta property=\"og:image:width\" content=\"850\" \/>\n\t<meta property=\"og:image:height\" content=\"850\" \/>\n\t<meta property=\"og:image:type\" content=\"image\/jpeg\" \/>\n<meta name=\"twitter:card\" content=\"summary_large_image\" \/>\n<meta name=\"twitter:label1\" content=\"Tiempo de lectura\" \/>\n\t<meta name=\"twitter:data1\" content=\"3 minutos\" \/>\n<script type=\"application\/ld+json\" class=\"yoast-schema-graph\">{\"@context\":\"https:\\\/\\\/schema.org\",\"@graph\":[{\"@type\":\"WebPage\",\"@id\":\"https:\\\/\\\/www.integralpro.com.co\\\/index.php\\\/producto\\\/impresora-termica-epson-tm-t88v-834-usb-paralela\\\/\",\"url\":\"https:\\\/\\\/www.integralpro.com.co\\\/index.php\\\/producto\\\/impresora-termica-epson-tm-t88v-834-usb-paralela\\\/\",\"name\":\"Impresora Termica Epson Tm-T88V-834 Usb Paralela - IntegralPro\",\"isPartOf\":{\"@id\":\"https:\\\/\\\/www.integralpro.com.co\\\/#website\"},\"primaryImageOfPage\":{\"@id\":\"https:\\\/\\\/www.integralpro.com.co\\\/index.php\\\/producto\\\/impresora-termica-epson-tm-t88v-834-usb-paralela\\\/#primaryimage\"},\"image\":{\"@id\":\"https:\\\/\\\/www.integralpro.com.co\\\/index.php\\\/producto\\\/impresora-termica-epson-tm-t88v-834-usb-paralela\\\/#primaryimage\"},\"thumbnailUrl\":\"https:\\\/\\\/www.integralpro.com.co\\\/wp-content\\\/uploads\\\/2021\\\/02\\\/u3nWKTp.jpg\",\"datePublished\":\"2021-02-19T19:47:30+00:00\",\"dateModified\":\"2021-02-19T19:47:45+00:00\",\"breadcrumb\":{\"@id\":\"https:\\\/\\\/www.integralpro.com.co\\\/index.php\\\/producto\\\/impresora-termica-epson-tm-t88v-834-usb-paralela\\\/#breadcrumb\"},\"inLanguage\":\"es\",\"potentialAction\":[{\"@type\":\"ReadAction\",\"target\":[\"https:\\\/\\\/www.integralpro.com.co\\\/index.php\\\/producto\\\/impresora-termica-epson-tm-t88v-834-usb-paralela\\\/\"]}]},{\"@type\":\"ImageObject\",\"inLanguage\":\"es\",\"@id\":\"https:\\\/\\\/www.integralpro.com.co\\\/index.php\\\/producto\\\/impresora-termica-epson-tm-t88v-834-usb-paralela\\\/#primaryimage\",\"url\":\"https:\\\/\\\/www.integralpro.com.co\\\/wp-content\\\/uploads\\\/2021\\\/02\\\/u3nWKTp.jpg\",\"contentUrl\":\"https:\\\/\\\/www.integralpro.com.co\\\/wp-content\\\/uploads\\\/2021\\\/02\\\/u3nWKTp.jpg\",\"width\":850,\"height\":850},{\"@type\":\"BreadcrumbList\",\"@id\":\"https:\\\/\\\/www.integralpro.com.co\\\/index.php\\\/producto\\\/impresora-termica-epson-tm-t88v-834-usb-paralela\\\/#breadcrumb\",\"itemListElement\":[{\"@type\":\"ListItem\",\"position\":1,\"name\":\"Portada\",\"item\":\"https:\\\/\\\/www.integralpro.com.co\\\/\"},{\"@type\":\"ListItem\",\"position\":2,\"name\":\"Tienda\",\"item\":\"https:\\\/\\\/www.integralpro.com.co\\\/index.php\\\/tienda\\\/\"},{\"@type\":\"ListItem\",\"position\":3,\"name\":\"Impresora Termica Epson Tm-T88V-834 Usb Paralela\"}]},{\"@type\":\"WebSite\",\"@id\":\"https:\\\/\\\/www.integralpro.com.co\\\/#website\",\"url\":\"https:\\\/\\\/www.integralpro.com.co\\\/\",\"name\":\"IntegralPro\",\"description\":\"Tienda de Tecnolog\u00eda en L\u00ednea\",\"publisher\":{\"@id\":\"https:\\\/\\\/www.integralpro.com.co\\\/#organization\"},\"potentialAction\":[{\"@type\":\"SearchAction\",\"target\":{\"@type\":\"EntryPoint\",\"urlTemplate\":\"https:\\\/\\\/www.integralpro.com.co\\\/?s={search_term_string}\"},\"query-input\":{\"@type\":\"PropertyValueSpecification\",\"valueRequired\":true,\"valueName\":\"search_term_string\"}}],\"inLanguage\":\"es\"},{\"@type\":\"Organization\",\"@id\":\"https:\\\/\\\/www.integralpro.com.co\\\/#organization\",\"name\":\"IntegralPro SAS\",\"url\":\"https:\\\/\\\/www.integralpro.com.co\\\/\",\"logo\":{\"@type\":\"ImageObject\",\"inLanguage\":\"es\",\"@id\":\"https:\\\/\\\/www.integralpro.com.co\\\/#\\\/schema\\\/logo\\\/image\\\/\",\"url\":\"https:\\\/\\\/www.integralpro.com.co\\\/wp-content\\\/uploads\\\/2021\\\/02\\\/logo-def.jpg\",\"contentUrl\":\"https:\\\/\\\/www.integralpro.com.co\\\/wp-content\\\/uploads\\\/2021\\\/02\\\/logo-def.jpg\",\"width\":238,\"height\":234,\"caption\":\"IntegralPro SAS\"},\"image\":{\"@id\":\"https:\\\/\\\/www.integralpro.com.co\\\/#\\\/schema\\\/logo\\\/image\\\/\"}}]}<\/script>\n<!-- \/ Yoast SEO plugin. -->","yoast_head_json":{"title":"Impresora Termica Epson Tm-T88V-834 Usb Paralela - IntegralPro","robots":{"index":"index","follow":"follow","max-snippet":"max-snippet:-1","max-image-preview":"max-image-preview:large","max-video-preview":"max-video-preview:-1"},"canonical":"https:\/\/www.integralpro.com.co\/index.php\/producto\/impresora-termica-epson-tm-t88v-834-usb-paralela\/","og_locale":"es_ES","og_type":"article","og_title":"Impresora Termica Epson Tm-T88V-834 Usb Paralela - IntegralPro","og_description":"# DE PARTE: C31CA85834","og_url":"https:\/\/www.integralpro.com.co\/index.php\/producto\/impresora-termica-epson-tm-t88v-834-usb-paralela\/","og_site_name":"IntegralPro","article_modified_time":"2021-02-19T19:47:45+00:00","og_image":[{"width":850,"height":850,"url":"https:\/\/www.integralpro.com.co\/wp-content\/uploads\/2021\/02\/u3nWKTp.jpg","type":"image\/jpeg"}],"twitter_card":"summary_large_image","twitter_misc":{"Tiempo de lectura":"3 minutos"},"schema":{"@context":"https:\/\/schema.org","@graph":[{"@type":"WebPage","@id":"https:\/\/www.integralpro.com.co\/index.php\/producto\/impresora-termica-epson-tm-t88v-834-usb-paralela\/","url":"https:\/\/www.integralpro.com.co\/index.php\/producto\/impresora-termica-epson-tm-t88v-834-usb-paralela\/","name":"Impresora Termica Epson Tm-T88V-834 Usb Paralela - IntegralPro","isPartOf":{"@id":"https:\/\/www.integralpro.com.co\/#website"},"primaryImageOfPage":{"@id":"https:\/\/www.integralpro.com.co\/index.php\/producto\/impresora-termica-epson-tm-t88v-834-usb-paralela\/#primaryimage"},"image":{"@id":"https:\/\/www.integralpro.com.co\/index.php\/producto\/impresora-termica-epson-tm-t88v-834-usb-paralela\/#primaryimage"},"thumbnailUrl":"https:\/\/www.integralpro.com.co\/wp-content\/uploads\/2021\/02\/u3nWKTp.jpg","datePublished":"2021-02-19T19:47:30+00:00","dateModified":"2021-02-19T19:47:45+00:00","breadcrumb":{"@id":"https:\/\/www.integralpro.com.co\/index.php\/producto\/impresora-termica-epson-tm-t88v-834-usb-paralela\/#breadcrumb"},"inLanguage":"es","potentialAction":[{"@type":"ReadAction","target":["https:\/\/www.integralpro.com.co\/index.php\/producto\/impresora-termica-epson-tm-t88v-834-usb-paralela\/"]}]},{"@type":"ImageObject","inLanguage":"es","@id":"https:\/\/www.integralpro.com.co\/index.php\/producto\/impresora-termica-epson-tm-t88v-834-usb-paralela\/#primaryimage","url":"https:\/\/www.integralpro.com.co\/wp-content\/uploads\/2021\/02\/u3nWKTp.jpg","contentUrl":"https:\/\/www.integralpro.com.co\/wp-content\/uploads\/2021\/02\/u3nWKTp.jpg","width":850,"height":850},{"@type":"BreadcrumbList","@id":"https:\/\/www.integralpro.com.co\/index.php\/producto\/impresora-termica-epson-tm-t88v-834-usb-paralela\/#breadcrumb","itemListElement":[{"@type":"ListItem","position":1,"name":"Portada","item":"https:\/\/www.integralpro.com.co\/"},{"@type":"ListItem","position":2,"name":"Tienda","item":"https:\/\/www.integralpro.com.co\/index.php\/tienda\/"},{"@type":"ListItem","position":3,"name":"Impresora Termica Epson Tm-T88V-834 Usb Paralela"}]},{"@type":"WebSite","@id":"https:\/\/www.integralpro.com.co\/#website","url":"https:\/\/www.integralpro.com.co\/","name":"IntegralPro","description":"Tienda de Tecnolog\u00eda en L\u00ednea","publisher":{"@id":"https:\/\/www.integralpro.com.co\/#organization"},"potentialAction":[{"@type":"SearchAction","target":{"@type":"EntryPoint","urlTemplate":"https:\/\/www.integralpro.com.co\/?s={search_term_string}"},"query-input":{"@type":"PropertyValueSpecification","valueRequired":true,"valueName":"search_term_string"}}],"inLanguage":"es"},{"@type":"Organization","@id":"https:\/\/www.integralpro.com.co\/#organization","name":"IntegralPro SAS","url":"https:\/\/www.integralpro.com.co\/","logo":{"@type":"ImageObject","inLanguage":"es","@id":"https:\/\/www.integralpro.com.co\/#\/schema\/logo\/image\/","url":"https:\/\/www.integralpro.com.co\/wp-content\/uploads\/2021\/02\/logo-def.jpg","contentUrl":"https:\/\/www.integralpro.com.co\/wp-content\/uploads\/2021\/02\/logo-def.jpg","width":238,"height":234,"caption":"IntegralPro SAS"},"image":{"@id":"https:\/\/www.integralpro.com.co\/#\/schema\/logo\/image\/"}}]}},"_links":{"self":[{"href":"https:\/\/www.integralpro.com.co\/index.php\/wp-json\/wp\/v2\/product\/1387","targetHints":{"allow":["GET"]}}],"collection":[{"href":"https:\/\/www.integralpro.com.co\/index.php\/wp-json\/wp\/v2\/product"}],"about":[{"href":"https:\/\/www.integralpro.com.co\/index.php\/wp-json\/wp\/v2\/types\/product"}],"version-history":[{"count":1,"href":"https:\/\/www.integralpro.com.co\/index.php\/wp-json\/wp\/v2\/product\/1387\/revisions"}],"predecessor-version":[{"id":1429,"href":"https:\/\/www.integralpro.com.co\/index.php\/wp-json\/wp\/v2\/product\/1387\/revisions\/1429"}],"wp:featuredmedia":[{"embeddable":true,"href":"https:\/\/www.integralpro.com.co\/index.php\/wp-json\/wp\/v2\/media\/1428"}],"wp:attachment":[{"href":"https:\/\/www.integralpro.com.co\/index.php\/wp-json\/wp\/v2\/media?parent=1387"}],"wp:term":[{"taxonomy":"product_brand","embeddable":true,"href":"https:\/\/www.integralpro.com.co\/index.php\/wp-json\/wp\/v2\/product_brand?post=1387"},{"taxonomy":"product_cat","embeddable":true,"href":"https:\/\/www.integralpro.com.co\/index.php\/wp-json\/wp\/v2\/product_cat?post=1387"},{"taxonomy":"product_tag","embeddable":true,"href":"https:\/\/www.integralpro.com.co\/index.php\/wp-json\/wp\/v2\/product_tag?post=1387"}],"curies":[{"name":"wp","href":"https:\/\/api.w.org\/{rel}","templated":true}]}}