{"id":1385,"date":"2021-02-19T14:47:30","date_gmt":"2021-02-19T19:47:30","guid":{"rendered":"https:\/\/www.integralpro.com.co\/index.php\/producto\/import-placeholder-for-906\/"},"modified":"2021-02-19T14:47:42","modified_gmt":"2021-02-19T19:47:42","slug":"impresora-multifuncional-epson-ecotank-l575-inalambrica-red-ethernet-negro","status":"publish","type":"product","link":"https:\/\/www.integralpro.com.co\/index.php\/producto\/impresora-multifuncional-epson-ecotank-l575-inalambrica-red-ethernet-negro\/","title":{"rendered":"Impresora Multifuncional Epson Ecotank L575 Inal\u00e1mbrica Red Ethernet &#8211; Negro"},"content":{"rendered":"<table border=\"0\" cellpadding=\"1\" cellspacing=\"1\" style=\"color:rgb(102, 102, 102); font-size:14px; line-height:21.84px; max-width:100%; text-align:left; widows:1; width:700px\">\n<tbody>\n<tr>\n<td>\n<p style=\"text-align: justify;\">La L575 es la multifuncional completa para tu negocio, ideal para altos vol\u00famenes de impresi\u00f3n con un bajo costo de operaci\u00f3n y mayor productividad. Con EcoTank, el sistema original de Tanque de Tinta de Epson, con capacidad para imprimir con calidad 7500 p\u00e1ginas a color o 4500 p\u00e1ginas en negro. Con la soluci\u00f3n completa en conectividad inal\u00e1mbrica y red Ethernet, comparte f\u00e1cilmente los ahorros con todos en la oficina o remotamente. Incluye alimentador autom\u00e1tico de documentos de 30 p\u00e1ginas para copiar, escanear y enviar por fax a color. Al fin, tienes la libertad de imprimir todo lo que quieras.<\/p>\n<p><img fetchpriority=\"high\" decoding=\"async\" height=\"169\" src=\"http:\/\/webs.latin.epson.com\/data\/pais\/GL\/images\/C11CE90301_ImagenBig.png\" width=\"300\" alt=\"image\" \/><\/p>\n<p><strong>EcoTank: Econom\u00eda y productividad <\/strong><\/p>\n<p style=\"text-align: justify;\">Sistema de tanque de tinta de alta capacidad, f\u00e1cil de rellenar, con suficiente tinta para imprimir econ\u00f3micamente por un largo tiempo Imprime lo que quieras. Imprime* con calidad aprox. 7500 p\u00e1ginas a color o 4500 p\u00e1ginas en negro<\/p>\n<p><img decoding=\"async\" alt=\"Resultado de imagen para EPSON ECOTANK L575\" height=\"300\" src=\"http:\/\/www.lacasadelasimpresoras.com\/images\/stories\/epson%20l575.jpg\" width=\"300\" \/><\/p>\n<p><strong> Ahorro insuperable <\/strong><\/p>\n<p style=\"text-align: justify;\">Con econ\u00f3micas botellas de 70 ml. y costo de impresi\u00f3n ultra bajo en negro y a color Nuevo dise\u00f1o con tanque de tinta integrado que facilita el acceso y rellenado de la tinta<\/p>\n<p><img decoding=\"async\" alt=\"Resultado de imagen para EPSON ECOTANK L575\" height=\"225\" src=\"http:\/\/www.solucom.com.gt\/images\/stories\/virtuemart\/product\/ep575.gif\" width=\"300\" \/><\/p>\n<p><strong> Versatilidad inal\u00e1mbrica <\/strong><\/p>\n<p style=\"text-align: justify;\">Con Epson Connect imprime desde cualquier lugar con tu smartphone, tableta, iPhone\u00ae y iPad\u00ae; incluye Wi-Fi Direct\u00ae para imprimir de manera inal\u00e1mbrica sin red o enrutador Red Ethernet. Para impresi\u00f3n en grupos de trabajo ADF. Alimentador autom\u00e1tico de documentos de 30 p\u00e1ginas para copiar, escanear y enviar por fax a color<\/p>\n<p><img loading=\"lazy\" decoding=\"async\" alt=\"Resultado de imagen para EPSON ECOTANK L575 wifi\" height=\"184\" src=\"http:\/\/media.www.bestbuy.com.mx\/media\/catalog\/product\/cache\/1\/image\/9df78eab33525d08d6e5fb8d27136e95\/1\/0\/1000198789_x4.jpg\" width=\"300\" \/><\/p>\n<p><strong>VIDEO<\/strong><\/p>\n<p style=\"text-align: center;\"><iframe frameborder=\"0\" height=\"315\" src=\"https:\/\/www.youtube.com\/embed\/izwvI18LDC4\" width=\"560\"><\/iframe><\/p>\n<p><strong>ESPECIFICACIONES T\u00c9CNICAS<\/strong><\/p>\n<ul>\n<li>Dimensiones del producto : 49 x 37.7 x 23 cm<\/li>\n<li>Peso : 6.3 kg (sin tinta)<\/li>\n<li>Tecnolog\u00eda de Impresi\u00f3n : EPSON Micropiezo punto variable Impresi\u00f3n a 4 colores (CMYK)<\/li>\n<li>Resoluci\u00f3n : Hasta 5760 x 1440 dpi de resoluci\u00f3n<\/li>\n<li>N\u00famero de inyectores : Monocrom\u00e1tica: 180 boquillas (K) &#8211; Color: 59 boquillas x 3 (CMY)<\/li>\n<li>Tama\u00f1o de papel : Carta; Oficio (21.6 x 35.6cm); A4; B5; A5; A6; informe; ejecutivo; media carta; definido por el usuario: (8.9 a 21.6 cm) x (8.9 a 111.7cm)<br \/>Sobres: No. 10, DL, C6<\/li>\n<li>Tipos de papel : Com\u00fan; bond; papel recubierto; papel con acabado mate; papel con acabado brillante y semibrillante; autoadhesivo y otros<\/li>\n<li>Capacidad de entrada de papel : Bandeja de entrada: 100 hojas \/ 10 sobres<\/li>\n<li>Resoluci\u00f3n de Esc\u00e1ner : \u00d3ptica: 1200 dpi &#8211; Hardware: 1200 x 2400 dpi<\/li>\n<li>Profundidad : Color de 48 bits<\/li>\n<li>Compatibilidad : \u00abWindows\u00ae 10; Windows 8\/8.1; Windows 7; Windows Vista\u00ae; Windows XP; Windows XP Professional x64; Windows Server\u00ae 2012\/2012 R2; 2008\/2008 R2; 2003\/2003 x64\/2003 R2\/2003 R2 x64, Mac OS\u00ae X, 10.6.8, 10.7.x, 10.8.x, 10.9.x, 10.10.x<\/li>\n<li>Requerimientos el\u00e9ctricos : Voltaje: 100-240V<\/li>\n<li>Frecuencia: 50-60Hz +\/- 0.5Hz Consumo (Patr\u00f3n ISO 24712 \/ Reposo): 100-240V: 11W \/ 1.6W<\/li>\n<li>Nivel de ruido : 39 dB(A)<\/li>\n<li>Velocidad de copiado : M\u00e1xima: 33 ppm en texto negro y 15 ppm en texto a color<\/li>\n<li>Velocidad de escaneo : (300 dpi) Monocrom\u00e1tico: 2,4 mseg.\/l\u00ednea (aprox.) Color: 9,5 mseg.\/l\u00ednea (aprox)<\/li>\n<li>Tipo de esc\u00e1ner : Esc\u00e1ner a color de cama plana<\/li>\n<li>Fuente de luz : L\u00e1mpara fluorescente de c\u00e1todo fr\u00edo<\/li>\n<li>Software : EPSON Scan<\/li>\n<\/ul>\n<\/td>\n<\/tr>\n<\/tbody>\n<\/table>\n","protected":false},"excerpt":{"rendered":"<p># DE PARTE: C11CE90301<\/p>\n","protected":false},"featured_media":1424,"template":"","meta":{"site-sidebar-layout":"default","site-content-layout":"","ast-site-content-layout":"default","site-content-style":"default","site-sidebar-style":"default","ast-global-header-display":"","ast-banner-title-visibility":"","ast-main-header-display":"","ast-hfb-above-header-display":"","ast-hfb-below-header-display":"","ast-hfb-mobile-header-display":"","site-post-title":"","ast-breadcrumbs-content":"","ast-featured-img":"","footer-sml-layout":"","ast-disable-related-posts":"","theme-transparent-header-meta":"","adv-header-id-meta":"","stick-header-meta":"","header-above-stick-meta":"","header-main-stick-meta":"","header-below-stick-meta":"","astra-migrate-meta-layouts":"default","ast-page-background-enabled":"default","ast-page-background-meta":{"desktop":{"background-color":"var(--ast-global-color-4)","background-image":"","background-repeat":"repeat","background-position":"center center","background-size":"auto","background-attachment":"scroll","background-type":"","background-media":"","overlay-type":"","overlay-color":"","overlay-opacity":"","overlay-gradient":""},"tablet":{"background-color":"","background-image":"","background-repeat":"repeat","background-position":"center center","background-size":"auto","background-attachment":"scroll","background-type":"","background-media":"","overlay-type":"","overlay-color":"","overlay-opacity":"","overlay-gradient":""},"mobile":{"background-color":"","background-image":"","background-repeat":"repeat","background-position":"center center","background-size":"auto","background-attachment":"scroll","background-type":"","background-media":"","overlay-type":"","overlay-color":"","overlay-opacity":"","overlay-gradient":""}},"ast-content-background-meta":{"desktop":{"background-color":"var(--ast-global-color-5)","background-image":"","background-repeat":"repeat","background-position":"center center","background-size":"auto","background-attachment":"scroll","background-type":"","background-media":"","overlay-type":"","overlay-color":"","overlay-opacity":"","overlay-gradient":""},"tablet":{"background-color":"var(--ast-global-color-5)","background-image":"","background-repeat":"repeat","background-position":"center center","background-size":"auto","background-attachment":"scroll","background-type":"","background-media":"","overlay-type":"","overlay-color":"","overlay-opacity":"","overlay-gradient":""},"mobile":{"background-color":"var(--ast-global-color-5)","background-image":"","background-repeat":"repeat","background-position":"center center","background-size":"auto","background-attachment":"scroll","background-type":"","background-media":"","overlay-type":"","overlay-color":"","overlay-opacity":"","overlay-gradient":""}}},"product_brand":[],"product_cat":[57],"product_tag":[40],"class_list":{"0":"post-1385","1":"product","2":"type-product","3":"status-publish","4":"has-post-thumbnail","6":"product_cat-impresoras-y-suministros","7":"product_tag-epson","8":"desktop-align-left","9":"tablet-align-left","10":"mobile-align-left","12":"first","13":"instock","14":"taxable","15":"shipping-taxable","16":"product-type-simple"},"yoast_head":"<!-- This site is optimized with the Yoast SEO plugin v27.4 - https:\/\/yoast.com\/product\/yoast-seo-wordpress\/ -->\n<title>Impresora Multifuncional Epson Ecotank L575 Inal\u00e1mbrica Red Ethernet - Negro - IntegralPro<\/title>\n<meta name=\"robots\" content=\"index, follow, max-snippet:-1, max-image-preview:large, max-video-preview:-1\" \/>\n<link rel=\"canonical\" href=\"https:\/\/www.integralpro.com.co\/index.php\/producto\/impresora-multifuncional-epson-ecotank-l575-inalambrica-red-ethernet-negro\/\" \/>\n<meta property=\"og:locale\" content=\"es_ES\" \/>\n<meta property=\"og:type\" content=\"article\" \/>\n<meta property=\"og:title\" content=\"Impresora Multifuncional Epson Ecotank L575 Inal\u00e1mbrica Red Ethernet - Negro - IntegralPro\" \/>\n<meta property=\"og:description\" content=\"# DE PARTE: C11CE90301\" \/>\n<meta property=\"og:url\" content=\"https:\/\/www.integralpro.com.co\/index.php\/producto\/impresora-multifuncional-epson-ecotank-l575-inalambrica-red-ethernet-negro\/\" \/>\n<meta property=\"og:site_name\" content=\"IntegralPro\" \/>\n<meta property=\"article:modified_time\" content=\"2021-02-19T19:47:42+00:00\" \/>\n<meta property=\"og:image\" content=\"https:\/\/www.integralpro.com.co\/wp-content\/uploads\/2021\/02\/Wb1qm8h.jpg\" \/>\n\t<meta property=\"og:image:width\" content=\"850\" \/>\n\t<meta property=\"og:image:height\" content=\"850\" \/>\n\t<meta property=\"og:image:type\" content=\"image\/jpeg\" \/>\n<meta name=\"twitter:card\" content=\"summary_large_image\" \/>\n<meta name=\"twitter:label1\" content=\"Tiempo de lectura\" \/>\n\t<meta name=\"twitter:data1\" content=\"2 minutos\" \/>\n<script type=\"application\/ld+json\" class=\"yoast-schema-graph\">{\"@context\":\"https:\\\/\\\/schema.org\",\"@graph\":[{\"@type\":\"WebPage\",\"@id\":\"https:\\\/\\\/www.integralpro.com.co\\\/index.php\\\/producto\\\/impresora-multifuncional-epson-ecotank-l575-inalambrica-red-ethernet-negro\\\/\",\"url\":\"https:\\\/\\\/www.integralpro.com.co\\\/index.php\\\/producto\\\/impresora-multifuncional-epson-ecotank-l575-inalambrica-red-ethernet-negro\\\/\",\"name\":\"Impresora Multifuncional Epson Ecotank L575 Inal\u00e1mbrica Red Ethernet - Negro - IntegralPro\",\"isPartOf\":{\"@id\":\"https:\\\/\\\/www.integralpro.com.co\\\/#website\"},\"primaryImageOfPage\":{\"@id\":\"https:\\\/\\\/www.integralpro.com.co\\\/index.php\\\/producto\\\/impresora-multifuncional-epson-ecotank-l575-inalambrica-red-ethernet-negro\\\/#primaryimage\"},\"image\":{\"@id\":\"https:\\\/\\\/www.integralpro.com.co\\\/index.php\\\/producto\\\/impresora-multifuncional-epson-ecotank-l575-inalambrica-red-ethernet-negro\\\/#primaryimage\"},\"thumbnailUrl\":\"https:\\\/\\\/www.integralpro.com.co\\\/wp-content\\\/uploads\\\/2021\\\/02\\\/Wb1qm8h.jpg\",\"datePublished\":\"2021-02-19T19:47:30+00:00\",\"dateModified\":\"2021-02-19T19:47:42+00:00\",\"breadcrumb\":{\"@id\":\"https:\\\/\\\/www.integralpro.com.co\\\/index.php\\\/producto\\\/impresora-multifuncional-epson-ecotank-l575-inalambrica-red-ethernet-negro\\\/#breadcrumb\"},\"inLanguage\":\"es\",\"potentialAction\":[{\"@type\":\"ReadAction\",\"target\":[\"https:\\\/\\\/www.integralpro.com.co\\\/index.php\\\/producto\\\/impresora-multifuncional-epson-ecotank-l575-inalambrica-red-ethernet-negro\\\/\"]}]},{\"@type\":\"ImageObject\",\"inLanguage\":\"es\",\"@id\":\"https:\\\/\\\/www.integralpro.com.co\\\/index.php\\\/producto\\\/impresora-multifuncional-epson-ecotank-l575-inalambrica-red-ethernet-negro\\\/#primaryimage\",\"url\":\"https:\\\/\\\/www.integralpro.com.co\\\/wp-content\\\/uploads\\\/2021\\\/02\\\/Wb1qm8h.jpg\",\"contentUrl\":\"https:\\\/\\\/www.integralpro.com.co\\\/wp-content\\\/uploads\\\/2021\\\/02\\\/Wb1qm8h.jpg\",\"width\":850,\"height\":850},{\"@type\":\"BreadcrumbList\",\"@id\":\"https:\\\/\\\/www.integralpro.com.co\\\/index.php\\\/producto\\\/impresora-multifuncional-epson-ecotank-l575-inalambrica-red-ethernet-negro\\\/#breadcrumb\",\"itemListElement\":[{\"@type\":\"ListItem\",\"position\":1,\"name\":\"Portada\",\"item\":\"https:\\\/\\\/www.integralpro.com.co\\\/\"},{\"@type\":\"ListItem\",\"position\":2,\"name\":\"Tienda\",\"item\":\"https:\\\/\\\/www.integralpro.com.co\\\/index.php\\\/tienda\\\/\"},{\"@type\":\"ListItem\",\"position\":3,\"name\":\"Impresora Multifuncional Epson Ecotank L575 Inal\u00e1mbrica Red Ethernet &#8211; Negro\"}]},{\"@type\":\"WebSite\",\"@id\":\"https:\\\/\\\/www.integralpro.com.co\\\/#website\",\"url\":\"https:\\\/\\\/www.integralpro.com.co\\\/\",\"name\":\"IntegralPro\",\"description\":\"Tienda de Tecnolog\u00eda en L\u00ednea\",\"publisher\":{\"@id\":\"https:\\\/\\\/www.integralpro.com.co\\\/#organization\"},\"potentialAction\":[{\"@type\":\"SearchAction\",\"target\":{\"@type\":\"EntryPoint\",\"urlTemplate\":\"https:\\\/\\\/www.integralpro.com.co\\\/?s={search_term_string}\"},\"query-input\":{\"@type\":\"PropertyValueSpecification\",\"valueRequired\":true,\"valueName\":\"search_term_string\"}}],\"inLanguage\":\"es\"},{\"@type\":\"Organization\",\"@id\":\"https:\\\/\\\/www.integralpro.com.co\\\/#organization\",\"name\":\"IntegralPro SAS\",\"url\":\"https:\\\/\\\/www.integralpro.com.co\\\/\",\"logo\":{\"@type\":\"ImageObject\",\"inLanguage\":\"es\",\"@id\":\"https:\\\/\\\/www.integralpro.com.co\\\/#\\\/schema\\\/logo\\\/image\\\/\",\"url\":\"https:\\\/\\\/www.integralpro.com.co\\\/wp-content\\\/uploads\\\/2021\\\/02\\\/logo-def.jpg\",\"contentUrl\":\"https:\\\/\\\/www.integralpro.com.co\\\/wp-content\\\/uploads\\\/2021\\\/02\\\/logo-def.jpg\",\"width\":238,\"height\":234,\"caption\":\"IntegralPro SAS\"},\"image\":{\"@id\":\"https:\\\/\\\/www.integralpro.com.co\\\/#\\\/schema\\\/logo\\\/image\\\/\"}}]}<\/script>\n<!-- \/ Yoast SEO plugin. -->","yoast_head_json":{"title":"Impresora Multifuncional Epson Ecotank L575 Inal\u00e1mbrica Red Ethernet - Negro - IntegralPro","robots":{"index":"index","follow":"follow","max-snippet":"max-snippet:-1","max-image-preview":"max-image-preview:large","max-video-preview":"max-video-preview:-1"},"canonical":"https:\/\/www.integralpro.com.co\/index.php\/producto\/impresora-multifuncional-epson-ecotank-l575-inalambrica-red-ethernet-negro\/","og_locale":"es_ES","og_type":"article","og_title":"Impresora Multifuncional Epson Ecotank L575 Inal\u00e1mbrica Red Ethernet - Negro - IntegralPro","og_description":"# DE PARTE: C11CE90301","og_url":"https:\/\/www.integralpro.com.co\/index.php\/producto\/impresora-multifuncional-epson-ecotank-l575-inalambrica-red-ethernet-negro\/","og_site_name":"IntegralPro","article_modified_time":"2021-02-19T19:47:42+00:00","og_image":[{"width":850,"height":850,"url":"https:\/\/www.integralpro.com.co\/wp-content\/uploads\/2021\/02\/Wb1qm8h.jpg","type":"image\/jpeg"}],"twitter_card":"summary_large_image","twitter_misc":{"Tiempo de lectura":"2 minutos"},"schema":{"@context":"https:\/\/schema.org","@graph":[{"@type":"WebPage","@id":"https:\/\/www.integralpro.com.co\/index.php\/producto\/impresora-multifuncional-epson-ecotank-l575-inalambrica-red-ethernet-negro\/","url":"https:\/\/www.integralpro.com.co\/index.php\/producto\/impresora-multifuncional-epson-ecotank-l575-inalambrica-red-ethernet-negro\/","name":"Impresora Multifuncional Epson Ecotank L575 Inal\u00e1mbrica Red Ethernet - Negro - IntegralPro","isPartOf":{"@id":"https:\/\/www.integralpro.com.co\/#website"},"primaryImageOfPage":{"@id":"https:\/\/www.integralpro.com.co\/index.php\/producto\/impresora-multifuncional-epson-ecotank-l575-inalambrica-red-ethernet-negro\/#primaryimage"},"image":{"@id":"https:\/\/www.integralpro.com.co\/index.php\/producto\/impresora-multifuncional-epson-ecotank-l575-inalambrica-red-ethernet-negro\/#primaryimage"},"thumbnailUrl":"https:\/\/www.integralpro.com.co\/wp-content\/uploads\/2021\/02\/Wb1qm8h.jpg","datePublished":"2021-02-19T19:47:30+00:00","dateModified":"2021-02-19T19:47:42+00:00","breadcrumb":{"@id":"https:\/\/www.integralpro.com.co\/index.php\/producto\/impresora-multifuncional-epson-ecotank-l575-inalambrica-red-ethernet-negro\/#breadcrumb"},"inLanguage":"es","potentialAction":[{"@type":"ReadAction","target":["https:\/\/www.integralpro.com.co\/index.php\/producto\/impresora-multifuncional-epson-ecotank-l575-inalambrica-red-ethernet-negro\/"]}]},{"@type":"ImageObject","inLanguage":"es","@id":"https:\/\/www.integralpro.com.co\/index.php\/producto\/impresora-multifuncional-epson-ecotank-l575-inalambrica-red-ethernet-negro\/#primaryimage","url":"https:\/\/www.integralpro.com.co\/wp-content\/uploads\/2021\/02\/Wb1qm8h.jpg","contentUrl":"https:\/\/www.integralpro.com.co\/wp-content\/uploads\/2021\/02\/Wb1qm8h.jpg","width":850,"height":850},{"@type":"BreadcrumbList","@id":"https:\/\/www.integralpro.com.co\/index.php\/producto\/impresora-multifuncional-epson-ecotank-l575-inalambrica-red-ethernet-negro\/#breadcrumb","itemListElement":[{"@type":"ListItem","position":1,"name":"Portada","item":"https:\/\/www.integralpro.com.co\/"},{"@type":"ListItem","position":2,"name":"Tienda","item":"https:\/\/www.integralpro.com.co\/index.php\/tienda\/"},{"@type":"ListItem","position":3,"name":"Impresora Multifuncional Epson Ecotank L575 Inal\u00e1mbrica Red Ethernet &#8211; Negro"}]},{"@type":"WebSite","@id":"https:\/\/www.integralpro.com.co\/#website","url":"https:\/\/www.integralpro.com.co\/","name":"IntegralPro","description":"Tienda de Tecnolog\u00eda en L\u00ednea","publisher":{"@id":"https:\/\/www.integralpro.com.co\/#organization"},"potentialAction":[{"@type":"SearchAction","target":{"@type":"EntryPoint","urlTemplate":"https:\/\/www.integralpro.com.co\/?s={search_term_string}"},"query-input":{"@type":"PropertyValueSpecification","valueRequired":true,"valueName":"search_term_string"}}],"inLanguage":"es"},{"@type":"Organization","@id":"https:\/\/www.integralpro.com.co\/#organization","name":"IntegralPro SAS","url":"https:\/\/www.integralpro.com.co\/","logo":{"@type":"ImageObject","inLanguage":"es","@id":"https:\/\/www.integralpro.com.co\/#\/schema\/logo\/image\/","url":"https:\/\/www.integralpro.com.co\/wp-content\/uploads\/2021\/02\/logo-def.jpg","contentUrl":"https:\/\/www.integralpro.com.co\/wp-content\/uploads\/2021\/02\/logo-def.jpg","width":238,"height":234,"caption":"IntegralPro SAS"},"image":{"@id":"https:\/\/www.integralpro.com.co\/#\/schema\/logo\/image\/"}}]}},"_links":{"self":[{"href":"https:\/\/www.integralpro.com.co\/index.php\/wp-json\/wp\/v2\/product\/1385","targetHints":{"allow":["GET"]}}],"collection":[{"href":"https:\/\/www.integralpro.com.co\/index.php\/wp-json\/wp\/v2\/product"}],"about":[{"href":"https:\/\/www.integralpro.com.co\/index.php\/wp-json\/wp\/v2\/types\/product"}],"version-history":[{"count":1,"href":"https:\/\/www.integralpro.com.co\/index.php\/wp-json\/wp\/v2\/product\/1385\/revisions"}],"predecessor-version":[{"id":1425,"href":"https:\/\/www.integralpro.com.co\/index.php\/wp-json\/wp\/v2\/product\/1385\/revisions\/1425"}],"wp:featuredmedia":[{"embeddable":true,"href":"https:\/\/www.integralpro.com.co\/index.php\/wp-json\/wp\/v2\/media\/1424"}],"wp:attachment":[{"href":"https:\/\/www.integralpro.com.co\/index.php\/wp-json\/wp\/v2\/media?parent=1385"}],"wp:term":[{"taxonomy":"product_brand","embeddable":true,"href":"https:\/\/www.integralpro.com.co\/index.php\/wp-json\/wp\/v2\/product_brand?post=1385"},{"taxonomy":"product_cat","embeddable":true,"href":"https:\/\/www.integralpro.com.co\/index.php\/wp-json\/wp\/v2\/product_cat?post=1385"},{"taxonomy":"product_tag","embeddable":true,"href":"https:\/\/www.integralpro.com.co\/index.php\/wp-json\/wp\/v2\/product_tag?post=1385"}],"curies":[{"name":"wp","href":"https:\/\/api.w.org\/{rel}","templated":true}]}}