{"id":1384,"date":"2021-02-19T14:47:30","date_gmt":"2021-02-19T19:47:30","guid":{"rendered":"https:\/\/www.integralpro.com.co\/index.php\/producto\/import-placeholder-for-905\/"},"modified":"2021-02-19T14:47:41","modified_gmt":"2021-02-19T19:47:41","slug":"impresora-hp-laserjet-pro-m452dw-color-wifi-nfc","status":"publish","type":"product","link":"https:\/\/www.integralpro.com.co\/index.php\/producto\/impresora-hp-laserjet-pro-m452dw-color-wifi-nfc\/","title":{"rendered":"Impresora Hp Laserjet Pro M452Dw Color Wifi Nfc"},"content":{"rendered":"<table border=\"0\" cellpadding=\"1\" cellspacing=\"1\" style=\"color:rgb(102, 102, 102); font-size:14px; line-height:21.84px; max-width:100%; text-align:left; widows:1; width:700px\">\n<tbody>\n<tr>\n<td>\n<p style=\"text-align: justify;\">Rendimiento de impresi\u00f3n ideal y seguridad s\u00f3lida para la forma que en trabaja. Esta impresora con capacidad color termina las tareas m\u00e1s r\u00e1pido y brinda seguridad integral.<\/p>\n<p><strong>Impresi\u00f3n r\u00e1pida<\/strong><\/p>\n<p style=\"text-align: justify;\">Esta impresora se inicia e imprime m\u00e1s r\u00e1pido. Finalice con \u00e9xito documentos de m\u00faltiples p\u00e1ginas con una impresi\u00f3n a doble cara.<\/p>\n<p><strong>Eficiente<\/strong><\/p>\n<p style=\"text-align: justify;\">Administre trabajos de impresi\u00f3n con facilidad directamente desde la impresora, solo toque y deslice el dedo por la pantalla t\u00e1ctil de 7,6 cm (3 pulgadas). Imprima f\u00e1cilmente documentos de Microsoft Word y PowerPoint; ahora directamente desde su unidad USB.<\/p>\n<p><strong>Opciones de impresi\u00f3n <\/strong><\/p>\n<p style=\"text-align: justify;\">Imprima f\u00e1cilmente desde una variedad de smartphones y tablets; en general no se requiere configuraci\u00f3n ni aplicaciones. Cuente con la impresi\u00f3n wireless direct en la oficina, desde dispositivos m\u00f3viles, sin acceder a la red de la empresa. Ayude a los empleados a imprimir con solo un toque en sus dispositivos m\u00f3viles con la tecnolog\u00eda NFC habilitada con esta impresora, sin necesidad de red alguna. Acceda, imprima y comparta recursos con facilidad con la red Ethernet y la conexi\u00f3n inal\u00e1mbrica.<\/p>\n<p><strong>VIDEO<\/strong><\/p>\n<p style=\"text-align: center;\"><iframe frameborder=\"0\" height=\"315\" src=\"https:\/\/www.youtube.com\/embed\/nORdSvqnSAA\" width=\"560\"><\/iframe><\/p>\n<p><strong>ESPECIFICACIONES T\u00c9CNICAS<\/strong><\/p>\n<ul>\n<li>Dimensiones: 41.2 x 64.9 x 34 cm<\/li>\n<li>Peso: 18.9 Kg<\/li>\n<li>Conectividad: Inal\u00e1mbrica WiFi<\/li>\n<li>Conectividad est\u00e1ndar: Puerto USB 2.0 de alta velocidad, puerto de red Gigabit Ethernet 10\/100\/1000 Base-TX incorporado, USB de f\u00e1cil acceso, USB host<\/li>\n<li>Impresi\u00f3n M\u00f3vil: HP ePrint; Apple AirPrint; Certificaci\u00f3n Mopria; Impresi\u00f3n por toque NFC; Impresi\u00f3n inal\u00e1mbrica directa; Google Cloud Print 2.0; Aplicaciones m\u00f3viles<\/li>\n<li>Velocidad impresi\u00f3n en negro: Hasta 28 ppm<\/li>\n<li>Velocidad impresi\u00f3n color: Hasta 28 ppm<\/li>\n<li>Calidad de impresi\u00f3n en negro: 600 x 600 dpi, Hasta 38.400 x 600 dpi mejorada<\/li>\n<li>Calidad de impresi\u00f3n en color: 600 x 600 dpi, Hasta 38.400 x 600 dpi mejorada<\/li>\n<li>Tecnolog\u00eda de resoluci\u00f3n: HP ImageREt 3600<\/li>\n<li>Ciclo de trabajo: Hasta 50.000 p\u00e1ginas<\/li>\n<li>Tecnolog\u00eda de impresi\u00f3n: L\u00e1ser<\/li>\n<li>Velocidad del procesador: 1200 MHz<\/li>\n<li>Monitor: Pantalla t\u00e1ctil intuitiva color de 3,0&#8243;<\/li>\n<li>Requisitos min del sistema: Windows XP (SP2) (32 bits) o m\u00e1s nuevo, Mac SO X v 10.7 o m\u00e1s nuevo.<\/li>\n<li>Memoria est\u00e1ndar: 256 MB de NAND flash con 256 MB de DRAM<\/li>\n<li>Memoria m\u00e1xima: 256 MB de NAND flash con 256 MB de DRAM<\/li>\n<li>Soporte de impresi\u00f3n admitidos: Bandeja 1- Bandeja 2: A4; A5; A6; B5 (JIS); B6 (JIS); 16K; Oficio (216 x 340 mm); tarjetas postales (JIS simple; JIS doble); sobres (DL; C5; B5); Bandeja 3 opcional: A4; A5; A6; B5 (JIS); B6 (JIS), 16K, Oficio (216 x 340 mm), tarjetas postales (JIS simple, JIS doble), Unidad d\u00faplex autom\u00e1tica: A4, B5, 16K, Oficio (216 x 340 mm)(HP LJ Pro M452dn \u00fanicamente)<\/li>\n<li>Impresi\u00f3n: Doble cara autom\u00e1tica est\u00e1ndar<\/li>\n<li>Tipo de soporte: Papel (bond; folleto; color; brillante; membretado; fotogr\u00e1fico; com\u00fan; preimpreso; preperforado; reciclado; rugoso); tarjetas postales; etiquetas; sobres.<\/li>\n<li>Margen de temperaturas operativas: 15 a 30\u00b0C<\/li>\n<li>Intervalo de humedad en funcionamiento: 20 a 70% de HR sin condensaci\u00f3n<\/li>\n<li>Consumo de energ\u00eda: 570 vatios (impresi\u00f3n activa), 17,6 vatios preparada), 2,4 vatios (suspensi\u00f3n) 0,6 vatios (encendido\/apagado autom\u00e1tico, mediante conectividad USB) 0,05 vatios (apagada<\/li>\n<li>Eficiencia de energ\u00eda: Certificaci\u00f3n ENERGY STAR, Blue Angel, EPEAT Silver<\/li>\n<li>Color: Blanco<\/li>\n<li>Contenido del paquete: Impresora HP Color LaserJet Pro M452dw; 4 cartuchos in\u00edciales de t\u00f3ner HP 410A LaserJet preinstalados (negro, cian, magenta, amarillo aprox 1200 p\u00e1ginas); Documentaci\u00f3n; CD-ROM; Cable de alimentaci\u00f3n; Cable USB.<\/li>\n<\/ul>\n<\/td>\n<\/tr>\n<\/tbody>\n<\/table>\n","protected":false},"excerpt":{"rendered":"<p># DE PARTE: CF394A#BGJ<\/p>\n","protected":false},"featured_media":1422,"template":"","meta":{"site-sidebar-layout":"default","site-content-layout":"","ast-site-content-layout":"default","site-content-style":"default","site-sidebar-style":"default","ast-global-header-display":"","ast-banner-title-visibility":"","ast-main-header-display":"","ast-hfb-above-header-display":"","ast-hfb-below-header-display":"","ast-hfb-mobile-header-display":"","site-post-title":"","ast-breadcrumbs-content":"","ast-featured-img":"","footer-sml-layout":"","ast-disable-related-posts":"","theme-transparent-header-meta":"","adv-header-id-meta":"","stick-header-meta":"","header-above-stick-meta":"","header-main-stick-meta":"","header-below-stick-meta":"","astra-migrate-meta-layouts":"default","ast-page-background-enabled":"default","ast-page-background-meta":{"desktop":{"background-color":"var(--ast-global-color-4)","background-image":"","background-repeat":"repeat","background-position":"center center","background-size":"auto","background-attachment":"scroll","background-type":"","background-media":"","overlay-type":"","overlay-color":"","overlay-opacity":"","overlay-gradient":""},"tablet":{"background-color":"","background-image":"","background-repeat":"repeat","background-position":"center center","background-size":"auto","background-attachment":"scroll","background-type":"","background-media":"","overlay-type":"","overlay-color":"","overlay-opacity":"","overlay-gradient":""},"mobile":{"background-color":"","background-image":"","background-repeat":"repeat","background-position":"center center","background-size":"auto","background-attachment":"scroll","background-type":"","background-media":"","overlay-type":"","overlay-color":"","overlay-opacity":"","overlay-gradient":""}},"ast-content-background-meta":{"desktop":{"background-color":"var(--ast-global-color-5)","background-image":"","background-repeat":"repeat","background-position":"center center","background-size":"auto","background-attachment":"scroll","background-type":"","background-media":"","overlay-type":"","overlay-color":"","overlay-opacity":"","overlay-gradient":""},"tablet":{"background-color":"var(--ast-global-color-5)","background-image":"","background-repeat":"repeat","background-position":"center center","background-size":"auto","background-attachment":"scroll","background-type":"","background-media":"","overlay-type":"","overlay-color":"","overlay-opacity":"","overlay-gradient":""},"mobile":{"background-color":"var(--ast-global-color-5)","background-image":"","background-repeat":"repeat","background-position":"center center","background-size":"auto","background-attachment":"scroll","background-type":"","background-media":"","overlay-type":"","overlay-color":"","overlay-opacity":"","overlay-gradient":""}}},"product_brand":[],"product_cat":[57,127],"product_tag":[43],"class_list":{"0":"post-1384","1":"product","2":"type-product","3":"status-publish","4":"has-post-thumbnail","6":"product_cat-impresoras-y-suministros","7":"product_cat-laser","8":"product_tag-hewlett-packard","9":"desktop-align-left","10":"tablet-align-left","11":"mobile-align-left","13":"first","14":"instock","15":"taxable","16":"shipping-taxable","17":"product-type-simple"},"yoast_head":"<!-- This site is optimized with the Yoast SEO plugin v27.3 - https:\/\/yoast.com\/product\/yoast-seo-wordpress\/ -->\n<title>Impresora Hp Laserjet Pro M452Dw Color Wifi Nfc - IntegralPro<\/title>\n<meta name=\"robots\" content=\"index, follow, max-snippet:-1, max-image-preview:large, max-video-preview:-1\" \/>\n<link rel=\"canonical\" href=\"https:\/\/www.integralpro.com.co\/index.php\/producto\/impresora-hp-laserjet-pro-m452dw-color-wifi-nfc\/\" \/>\n<meta property=\"og:locale\" content=\"es_ES\" \/>\n<meta property=\"og:type\" content=\"article\" \/>\n<meta property=\"og:title\" content=\"Impresora Hp Laserjet Pro M452Dw Color Wifi Nfc - IntegralPro\" \/>\n<meta property=\"og:description\" content=\"# DE PARTE: CF394A#BGJ\" \/>\n<meta property=\"og:url\" content=\"https:\/\/www.integralpro.com.co\/index.php\/producto\/impresora-hp-laserjet-pro-m452dw-color-wifi-nfc\/\" \/>\n<meta property=\"og:site_name\" content=\"IntegralPro\" \/>\n<meta property=\"article:modified_time\" content=\"2021-02-19T19:47:41+00:00\" \/>\n<meta property=\"og:image\" content=\"https:\/\/www.integralpro.com.co\/wp-content\/uploads\/2021\/02\/8Y0GWQa.jpg\" \/>\n\t<meta property=\"og:image:width\" content=\"850\" \/>\n\t<meta property=\"og:image:height\" content=\"850\" \/>\n\t<meta property=\"og:image:type\" content=\"image\/jpeg\" \/>\n<meta name=\"twitter:card\" content=\"summary_large_image\" \/>\n<meta name=\"twitter:label1\" content=\"Tiempo de lectura\" \/>\n\t<meta name=\"twitter:data1\" content=\"3 minutos\" \/>\n<script type=\"application\/ld+json\" class=\"yoast-schema-graph\">{\"@context\":\"https:\\\/\\\/schema.org\",\"@graph\":[{\"@type\":\"WebPage\",\"@id\":\"https:\\\/\\\/www.integralpro.com.co\\\/index.php\\\/producto\\\/impresora-hp-laserjet-pro-m452dw-color-wifi-nfc\\\/\",\"url\":\"https:\\\/\\\/www.integralpro.com.co\\\/index.php\\\/producto\\\/impresora-hp-laserjet-pro-m452dw-color-wifi-nfc\\\/\",\"name\":\"Impresora Hp Laserjet Pro M452Dw Color Wifi Nfc - IntegralPro\",\"isPartOf\":{\"@id\":\"https:\\\/\\\/www.integralpro.com.co\\\/#website\"},\"primaryImageOfPage\":{\"@id\":\"https:\\\/\\\/www.integralpro.com.co\\\/index.php\\\/producto\\\/impresora-hp-laserjet-pro-m452dw-color-wifi-nfc\\\/#primaryimage\"},\"image\":{\"@id\":\"https:\\\/\\\/www.integralpro.com.co\\\/index.php\\\/producto\\\/impresora-hp-laserjet-pro-m452dw-color-wifi-nfc\\\/#primaryimage\"},\"thumbnailUrl\":\"https:\\\/\\\/www.integralpro.com.co\\\/wp-content\\\/uploads\\\/2021\\\/02\\\/8Y0GWQa.jpg\",\"datePublished\":\"2021-02-19T19:47:30+00:00\",\"dateModified\":\"2021-02-19T19:47:41+00:00\",\"breadcrumb\":{\"@id\":\"https:\\\/\\\/www.integralpro.com.co\\\/index.php\\\/producto\\\/impresora-hp-laserjet-pro-m452dw-color-wifi-nfc\\\/#breadcrumb\"},\"inLanguage\":\"es\",\"potentialAction\":[{\"@type\":\"ReadAction\",\"target\":[\"https:\\\/\\\/www.integralpro.com.co\\\/index.php\\\/producto\\\/impresora-hp-laserjet-pro-m452dw-color-wifi-nfc\\\/\"]}]},{\"@type\":\"ImageObject\",\"inLanguage\":\"es\",\"@id\":\"https:\\\/\\\/www.integralpro.com.co\\\/index.php\\\/producto\\\/impresora-hp-laserjet-pro-m452dw-color-wifi-nfc\\\/#primaryimage\",\"url\":\"https:\\\/\\\/www.integralpro.com.co\\\/wp-content\\\/uploads\\\/2021\\\/02\\\/8Y0GWQa.jpg\",\"contentUrl\":\"https:\\\/\\\/www.integralpro.com.co\\\/wp-content\\\/uploads\\\/2021\\\/02\\\/8Y0GWQa.jpg\",\"width\":850,\"height\":850},{\"@type\":\"BreadcrumbList\",\"@id\":\"https:\\\/\\\/www.integralpro.com.co\\\/index.php\\\/producto\\\/impresora-hp-laserjet-pro-m452dw-color-wifi-nfc\\\/#breadcrumb\",\"itemListElement\":[{\"@type\":\"ListItem\",\"position\":1,\"name\":\"Portada\",\"item\":\"https:\\\/\\\/www.integralpro.com.co\\\/\"},{\"@type\":\"ListItem\",\"position\":2,\"name\":\"Tienda\",\"item\":\"https:\\\/\\\/www.integralpro.com.co\\\/index.php\\\/tienda\\\/\"},{\"@type\":\"ListItem\",\"position\":3,\"name\":\"Impresora Hp Laserjet Pro M452Dw Color Wifi Nfc\"}]},{\"@type\":\"WebSite\",\"@id\":\"https:\\\/\\\/www.integralpro.com.co\\\/#website\",\"url\":\"https:\\\/\\\/www.integralpro.com.co\\\/\",\"name\":\"IntegralPro\",\"description\":\"Tienda de Tecnolog\u00eda en L\u00ednea\",\"publisher\":{\"@id\":\"https:\\\/\\\/www.integralpro.com.co\\\/#organization\"},\"potentialAction\":[{\"@type\":\"SearchAction\",\"target\":{\"@type\":\"EntryPoint\",\"urlTemplate\":\"https:\\\/\\\/www.integralpro.com.co\\\/?s={search_term_string}\"},\"query-input\":{\"@type\":\"PropertyValueSpecification\",\"valueRequired\":true,\"valueName\":\"search_term_string\"}}],\"inLanguage\":\"es\"},{\"@type\":\"Organization\",\"@id\":\"https:\\\/\\\/www.integralpro.com.co\\\/#organization\",\"name\":\"IntegralPro SAS\",\"url\":\"https:\\\/\\\/www.integralpro.com.co\\\/\",\"logo\":{\"@type\":\"ImageObject\",\"inLanguage\":\"es\",\"@id\":\"https:\\\/\\\/www.integralpro.com.co\\\/#\\\/schema\\\/logo\\\/image\\\/\",\"url\":\"https:\\\/\\\/www.integralpro.com.co\\\/wp-content\\\/uploads\\\/2021\\\/02\\\/logo-def.jpg\",\"contentUrl\":\"https:\\\/\\\/www.integralpro.com.co\\\/wp-content\\\/uploads\\\/2021\\\/02\\\/logo-def.jpg\",\"width\":238,\"height\":234,\"caption\":\"IntegralPro SAS\"},\"image\":{\"@id\":\"https:\\\/\\\/www.integralpro.com.co\\\/#\\\/schema\\\/logo\\\/image\\\/\"}}]}<\/script>\n<!-- \/ Yoast SEO plugin. -->","yoast_head_json":{"title":"Impresora Hp Laserjet Pro M452Dw Color Wifi Nfc - IntegralPro","robots":{"index":"index","follow":"follow","max-snippet":"max-snippet:-1","max-image-preview":"max-image-preview:large","max-video-preview":"max-video-preview:-1"},"canonical":"https:\/\/www.integralpro.com.co\/index.php\/producto\/impresora-hp-laserjet-pro-m452dw-color-wifi-nfc\/","og_locale":"es_ES","og_type":"article","og_title":"Impresora Hp Laserjet Pro M452Dw Color Wifi Nfc - IntegralPro","og_description":"# DE PARTE: CF394A#BGJ","og_url":"https:\/\/www.integralpro.com.co\/index.php\/producto\/impresora-hp-laserjet-pro-m452dw-color-wifi-nfc\/","og_site_name":"IntegralPro","article_modified_time":"2021-02-19T19:47:41+00:00","og_image":[{"width":850,"height":850,"url":"https:\/\/www.integralpro.com.co\/wp-content\/uploads\/2021\/02\/8Y0GWQa.jpg","type":"image\/jpeg"}],"twitter_card":"summary_large_image","twitter_misc":{"Tiempo de lectura":"3 minutos"},"schema":{"@context":"https:\/\/schema.org","@graph":[{"@type":"WebPage","@id":"https:\/\/www.integralpro.com.co\/index.php\/producto\/impresora-hp-laserjet-pro-m452dw-color-wifi-nfc\/","url":"https:\/\/www.integralpro.com.co\/index.php\/producto\/impresora-hp-laserjet-pro-m452dw-color-wifi-nfc\/","name":"Impresora Hp Laserjet Pro M452Dw Color Wifi Nfc - IntegralPro","isPartOf":{"@id":"https:\/\/www.integralpro.com.co\/#website"},"primaryImageOfPage":{"@id":"https:\/\/www.integralpro.com.co\/index.php\/producto\/impresora-hp-laserjet-pro-m452dw-color-wifi-nfc\/#primaryimage"},"image":{"@id":"https:\/\/www.integralpro.com.co\/index.php\/producto\/impresora-hp-laserjet-pro-m452dw-color-wifi-nfc\/#primaryimage"},"thumbnailUrl":"https:\/\/www.integralpro.com.co\/wp-content\/uploads\/2021\/02\/8Y0GWQa.jpg","datePublished":"2021-02-19T19:47:30+00:00","dateModified":"2021-02-19T19:47:41+00:00","breadcrumb":{"@id":"https:\/\/www.integralpro.com.co\/index.php\/producto\/impresora-hp-laserjet-pro-m452dw-color-wifi-nfc\/#breadcrumb"},"inLanguage":"es","potentialAction":[{"@type":"ReadAction","target":["https:\/\/www.integralpro.com.co\/index.php\/producto\/impresora-hp-laserjet-pro-m452dw-color-wifi-nfc\/"]}]},{"@type":"ImageObject","inLanguage":"es","@id":"https:\/\/www.integralpro.com.co\/index.php\/producto\/impresora-hp-laserjet-pro-m452dw-color-wifi-nfc\/#primaryimage","url":"https:\/\/www.integralpro.com.co\/wp-content\/uploads\/2021\/02\/8Y0GWQa.jpg","contentUrl":"https:\/\/www.integralpro.com.co\/wp-content\/uploads\/2021\/02\/8Y0GWQa.jpg","width":850,"height":850},{"@type":"BreadcrumbList","@id":"https:\/\/www.integralpro.com.co\/index.php\/producto\/impresora-hp-laserjet-pro-m452dw-color-wifi-nfc\/#breadcrumb","itemListElement":[{"@type":"ListItem","position":1,"name":"Portada","item":"https:\/\/www.integralpro.com.co\/"},{"@type":"ListItem","position":2,"name":"Tienda","item":"https:\/\/www.integralpro.com.co\/index.php\/tienda\/"},{"@type":"ListItem","position":3,"name":"Impresora Hp Laserjet Pro M452Dw Color Wifi Nfc"}]},{"@type":"WebSite","@id":"https:\/\/www.integralpro.com.co\/#website","url":"https:\/\/www.integralpro.com.co\/","name":"IntegralPro","description":"Tienda de Tecnolog\u00eda en L\u00ednea","publisher":{"@id":"https:\/\/www.integralpro.com.co\/#organization"},"potentialAction":[{"@type":"SearchAction","target":{"@type":"EntryPoint","urlTemplate":"https:\/\/www.integralpro.com.co\/?s={search_term_string}"},"query-input":{"@type":"PropertyValueSpecification","valueRequired":true,"valueName":"search_term_string"}}],"inLanguage":"es"},{"@type":"Organization","@id":"https:\/\/www.integralpro.com.co\/#organization","name":"IntegralPro SAS","url":"https:\/\/www.integralpro.com.co\/","logo":{"@type":"ImageObject","inLanguage":"es","@id":"https:\/\/www.integralpro.com.co\/#\/schema\/logo\/image\/","url":"https:\/\/www.integralpro.com.co\/wp-content\/uploads\/2021\/02\/logo-def.jpg","contentUrl":"https:\/\/www.integralpro.com.co\/wp-content\/uploads\/2021\/02\/logo-def.jpg","width":238,"height":234,"caption":"IntegralPro SAS"},"image":{"@id":"https:\/\/www.integralpro.com.co\/#\/schema\/logo\/image\/"}}]}},"_links":{"self":[{"href":"https:\/\/www.integralpro.com.co\/index.php\/wp-json\/wp\/v2\/product\/1384","targetHints":{"allow":["GET"]}}],"collection":[{"href":"https:\/\/www.integralpro.com.co\/index.php\/wp-json\/wp\/v2\/product"}],"about":[{"href":"https:\/\/www.integralpro.com.co\/index.php\/wp-json\/wp\/v2\/types\/product"}],"version-history":[{"count":1,"href":"https:\/\/www.integralpro.com.co\/index.php\/wp-json\/wp\/v2\/product\/1384\/revisions"}],"predecessor-version":[{"id":1423,"href":"https:\/\/www.integralpro.com.co\/index.php\/wp-json\/wp\/v2\/product\/1384\/revisions\/1423"}],"wp:featuredmedia":[{"embeddable":true,"href":"https:\/\/www.integralpro.com.co\/index.php\/wp-json\/wp\/v2\/media\/1422"}],"wp:attachment":[{"href":"https:\/\/www.integralpro.com.co\/index.php\/wp-json\/wp\/v2\/media?parent=1384"}],"wp:term":[{"taxonomy":"product_brand","embeddable":true,"href":"https:\/\/www.integralpro.com.co\/index.php\/wp-json\/wp\/v2\/product_brand?post=1384"},{"taxonomy":"product_cat","embeddable":true,"href":"https:\/\/www.integralpro.com.co\/index.php\/wp-json\/wp\/v2\/product_cat?post=1384"},{"taxonomy":"product_tag","embeddable":true,"href":"https:\/\/www.integralpro.com.co\/index.php\/wp-json\/wp\/v2\/product_tag?post=1384"}],"curies":[{"name":"wp","href":"https:\/\/api.w.org\/{rel}","templated":true}]}}