{"id":1381,"date":"2021-02-19T14:47:30","date_gmt":"2021-02-19T19:47:30","guid":{"rendered":"https:\/\/www.integralpro.com.co\/index.php\/producto\/import-placeholder-for-902\/"},"modified":"2021-02-19T14:47:38","modified_gmt":"2021-02-19T19:47:38","slug":"impresora-fotografica-tabloide-l1800-usb-compatible-con-windows-y-mac-negro","status":"publish","type":"product","link":"https:\/\/www.integralpro.com.co\/index.php\/producto\/impresora-fotografica-tabloide-l1800-usb-compatible-con-windows-y-mac-negro\/","title":{"rendered":"Impresora Fotogr\u00e1fica Tabloide L1800 Usb Compatible Con Windows Y Mac &#8211; Negro"},"content":{"rendered":"<table border=\"0\" cellpadding=\"1\" cellspacing=\"1\" style=\"color:rgb(102, 102, 102); font-size:14px; line-height:21.84px; max-width:100%; text-align:left; widows:1; width:700px\">\n<tbody>\n<tr>\n<td>\n<p style=\"text-align: justify;\">Fotograf\u00edas de hasta A3+ de alta definici\u00f3n, alto volumen y super alta econom\u00eda. \u00danica con el sistema original de Tanque de Tinta, incluye 1 botella de tinta negra y 5 botellas a color, para imprimir aprox. 1500 fotos a color de 10 x 15 cm &#8211;a un costo insuperable. Perfecta para los fot\u00f3grafos, oficinas y estudios que exigen calidad profesional de imagen y presentaci\u00f3n, sin la preocupaci\u00f3n por el costo, duraci\u00f3n o calidad de la tinta.<\/p>\n<p><img fetchpriority=\"high\" decoding=\"async\" height=\"169\" src=\"http:\/\/webs.latin.epson.com\/data\/pais\/GL\/images\/C11CD82301_ImagenBig.png\" width=\"300\" alt=\"image\" \/><\/p>\n<p><strong>Muy Vers\u00e1til <\/strong><\/p>\n<p style=\"text-align: justify;\">Ideal para todos tus proyectos profesionales &#8211; fotograf\u00edas impresionantes, bocetos, cat\u00e1logos, planos, gr\u00e1ficas, p\u00f3sters de hasta 33 x 48 cm, y mucho m\u00e1s<\/p>\n<p><img decoding=\"async\" height=\"169\" src=\"http:\/\/webs.latin.epson.com\/data\/pais\/GL\/images\/productExtras\/C11CD82301_productSlider_big_3.jpg\" width=\"300\" alt=\"image\" \/><\/p>\n<p><strong> Confiable <\/strong><\/p>\n<p>dise\u00f1ada con un sistema fiable de alimentaci\u00f3n de papel. Soporta los tama\u00f1os y tipos de papel m\u00e1s populares<\/p>\n<p><img decoding=\"async\" height=\"169\" src=\"http:\/\/webs.latin.epson.com\/data\/pais\/GL\/images\/productExtras\/C11CD82301_productSlider_big_10.jpg\" width=\"300\" alt=\"image\" \/><\/p>\n<p><strong> Tecnolog\u00eda Ecotank <\/strong><\/p>\n<p style=\"text-align: justify;\">Tintas fotogr\u00e1ficas Epson de 6 colores, dise\u00f1adas con la m\u00e1s alta calidad para impresiones brillantes y duraderas<\/p>\n<p><img loading=\"lazy\" decoding=\"async\" height=\"169\" src=\"http:\/\/webs.latin.epson.com\/data\/pais\/GL\/images\/productExtras\/C11CD82301_productSlider_big_4.jpg\" width=\"300\" alt=\"image\" \/><\/p>\n<p><strong>VIDEO<\/strong><\/p>\n<p style=\"text-align: center;\"><iframe frameborder=\"0\" height=\"315\" src=\"https:\/\/www.youtube.com\/embed\/u3w6DVPOFb4\" width=\"560\"><\/iframe><\/p>\n<p><strong>ESPECIFICACIONES T\u00c9CNICAS<\/strong><\/p>\n<ul>\n<li>Dimensiones del producto : 70.5 x 32.2 x 21.5 cm<\/li>\n<li>Peso : 12.5 kg (sin tinta)<\/li>\n<li>Tecnolog\u00eda de Impresi\u00f3n : Epson Micropiezo punto variable Impresi\u00f3n a 6 colores (CcMmYK)<\/li>\n<li>Resoluci\u00f3n : Hasta 5760 x 1440 dpi de resoluci\u00f3n<\/li>\n<li>N\u00famero de inyectores : Monocrom\u00e1tica: 90 boquillas (K) &#8211; Color: 90 boquillas x 5 (CcMmY)<\/li>\n<li>Tama\u00f1o de papel : 10 x 15 cm (4&#8243; x 6&#8243;\u00bb); 13 x 18 cm (5&#8243;\u00bb x 7&#8243;\u00bb); 20 x 25 (8&#8243;\u00bb x 10&#8243;\u00bb); carta; oficio (21.6 x 35.6cm); A4; B5; A5; A6; A3 (30 x 42 cm); A3+ (33 x 48 cm); informe; ejecutivo; media carta; definido por el usuario: (8.9 a 21.6 cm) x (8.9 a 111.7cm); Sobres: No. 10; DL; C6<\/li>\n<li>Tipos de papel : Com\u00fan; bond; papel recubierto; papel con acabado mate; papel con acabado brillante y semibrillante; autoadhesivo y otros<\/li>\n<li>Capacidad de entrada de papel : Bandeja de entrada: 100 hojas \/ 10 sobres<\/li>\n<li>Alimentaci\u00f3n de papel : Hojas sueltas<\/li>\n<li>Interfaces : USB 2.0 High Speed (compatible con USB 1.1)<\/li>\n<li>Compatibilidad : Windows\u00ae 8; Windows 7; Windows Vista\u00ae; Windows XP; Windows XP Professional x64; Mac OS\u00ae X; 10.5.8; 10.6.x; 10.7.x; 10.8.x<\/li>\n<li>Requerimientos el\u00e9ctricos : No<\/li>\n<li>Velocidad de Impresi\u00f3n : M\u00e1xima: 15 ppm en texto negro y 15 ppm en texto a color; Normal: 2.6 ISO ppm en negro y 2.6 ISO ppm a color &#8211; Fotograf\u00eda a color de 10 x 15 cm: 45 seg. &#8211; Fotograf\u00eda a color Carta\/A4: 1 min. 53 seg &#8211; Fotograf\u00eda a color A3 (30 x 42 cm): 3 min. 11 seg<\/li>\n<li>\u00c1rea de impresi\u00f3n : M\u00e1xima: 32.9cm (12.95&#8243;) (ancho) x 111 cm (44&#8243;) (largo)<\/li>\n<li>Software : Epson Easy Photo Print<\/li>\n<\/ul>\n<\/td>\n<\/tr>\n<\/tbody>\n<\/table>\n","protected":false},"excerpt":{"rendered":"<p># DE PARTE: C11CD82301<\/p>\n","protected":false},"featured_media":1416,"template":"","meta":{"site-sidebar-layout":"default","site-content-layout":"","ast-site-content-layout":"default","site-content-style":"default","site-sidebar-style":"default","ast-global-header-display":"","ast-banner-title-visibility":"","ast-main-header-display":"","ast-hfb-above-header-display":"","ast-hfb-below-header-display":"","ast-hfb-mobile-header-display":"","site-post-title":"","ast-breadcrumbs-content":"","ast-featured-img":"","footer-sml-layout":"","ast-disable-related-posts":"","theme-transparent-header-meta":"","adv-header-id-meta":"","stick-header-meta":"","header-above-stick-meta":"","header-main-stick-meta":"","header-below-stick-meta":"","astra-migrate-meta-layouts":"default","ast-page-background-enabled":"default","ast-page-background-meta":{"desktop":{"background-color":"var(--ast-global-color-4)","background-image":"","background-repeat":"repeat","background-position":"center center","background-size":"auto","background-attachment":"scroll","background-type":"","background-media":"","overlay-type":"","overlay-color":"","overlay-opacity":"","overlay-gradient":""},"tablet":{"background-color":"","background-image":"","background-repeat":"repeat","background-position":"center center","background-size":"auto","background-attachment":"scroll","background-type":"","background-media":"","overlay-type":"","overlay-color":"","overlay-opacity":"","overlay-gradient":""},"mobile":{"background-color":"","background-image":"","background-repeat":"repeat","background-position":"center center","background-size":"auto","background-attachment":"scroll","background-type":"","background-media":"","overlay-type":"","overlay-color":"","overlay-opacity":"","overlay-gradient":""}},"ast-content-background-meta":{"desktop":{"background-color":"var(--ast-global-color-5)","background-image":"","background-repeat":"repeat","background-position":"center center","background-size":"auto","background-attachment":"scroll","background-type":"","background-media":"","overlay-type":"","overlay-color":"","overlay-opacity":"","overlay-gradient":""},"tablet":{"background-color":"var(--ast-global-color-5)","background-image":"","background-repeat":"repeat","background-position":"center center","background-size":"auto","background-attachment":"scroll","background-type":"","background-media":"","overlay-type":"","overlay-color":"","overlay-opacity":"","overlay-gradient":""},"mobile":{"background-color":"var(--ast-global-color-5)","background-image":"","background-repeat":"repeat","background-position":"center center","background-size":"auto","background-attachment":"scroll","background-type":"","background-media":"","overlay-type":"","overlay-color":"","overlay-opacity":"","overlay-gradient":""}}},"product_brand":[],"product_cat":[57],"product_tag":[40],"class_list":{"0":"post-1381","1":"product","2":"type-product","3":"status-publish","4":"has-post-thumbnail","6":"product_cat-impresoras-y-suministros","7":"product_tag-epson","8":"desktop-align-left","9":"tablet-align-left","10":"mobile-align-left","12":"first","13":"instock","14":"taxable","15":"shipping-taxable","16":"product-type-simple"},"yoast_head":"<!-- This site is optimized with the Yoast SEO plugin v27.4 - https:\/\/yoast.com\/product\/yoast-seo-wordpress\/ -->\n<title>Impresora Fotogr\u00e1fica Tabloide L1800 Usb Compatible Con Windows Y Mac - Negro - IntegralPro<\/title>\n<meta name=\"robots\" content=\"index, follow, max-snippet:-1, max-image-preview:large, max-video-preview:-1\" \/>\n<link rel=\"canonical\" href=\"https:\/\/www.integralpro.com.co\/index.php\/producto\/impresora-fotografica-tabloide-l1800-usb-compatible-con-windows-y-mac-negro\/\" \/>\n<meta property=\"og:locale\" content=\"es_ES\" \/>\n<meta property=\"og:type\" content=\"article\" \/>\n<meta property=\"og:title\" content=\"Impresora Fotogr\u00e1fica Tabloide L1800 Usb Compatible Con Windows Y Mac - Negro - IntegralPro\" \/>\n<meta property=\"og:description\" content=\"# DE PARTE: C11CD82301\" \/>\n<meta property=\"og:url\" content=\"https:\/\/www.integralpro.com.co\/index.php\/producto\/impresora-fotografica-tabloide-l1800-usb-compatible-con-windows-y-mac-negro\/\" \/>\n<meta property=\"og:site_name\" content=\"IntegralPro\" \/>\n<meta property=\"article:modified_time\" content=\"2021-02-19T19:47:38+00:00\" \/>\n<meta property=\"og:image\" content=\"https:\/\/www.integralpro.com.co\/wp-content\/uploads\/2021\/02\/UadmIux.jpg\" \/>\n\t<meta property=\"og:image:width\" content=\"850\" \/>\n\t<meta property=\"og:image:height\" content=\"850\" \/>\n\t<meta property=\"og:image:type\" content=\"image\/jpeg\" \/>\n<meta name=\"twitter:card\" content=\"summary_large_image\" \/>\n<meta name=\"twitter:label1\" content=\"Tiempo de lectura\" \/>\n\t<meta name=\"twitter:data1\" content=\"2 minutos\" \/>\n<script type=\"application\/ld+json\" class=\"yoast-schema-graph\">{\"@context\":\"https:\\\/\\\/schema.org\",\"@graph\":[{\"@type\":\"WebPage\",\"@id\":\"https:\\\/\\\/www.integralpro.com.co\\\/index.php\\\/producto\\\/impresora-fotografica-tabloide-l1800-usb-compatible-con-windows-y-mac-negro\\\/\",\"url\":\"https:\\\/\\\/www.integralpro.com.co\\\/index.php\\\/producto\\\/impresora-fotografica-tabloide-l1800-usb-compatible-con-windows-y-mac-negro\\\/\",\"name\":\"Impresora Fotogr\u00e1fica Tabloide L1800 Usb Compatible Con Windows Y Mac - Negro - IntegralPro\",\"isPartOf\":{\"@id\":\"https:\\\/\\\/www.integralpro.com.co\\\/#website\"},\"primaryImageOfPage\":{\"@id\":\"https:\\\/\\\/www.integralpro.com.co\\\/index.php\\\/producto\\\/impresora-fotografica-tabloide-l1800-usb-compatible-con-windows-y-mac-negro\\\/#primaryimage\"},\"image\":{\"@id\":\"https:\\\/\\\/www.integralpro.com.co\\\/index.php\\\/producto\\\/impresora-fotografica-tabloide-l1800-usb-compatible-con-windows-y-mac-negro\\\/#primaryimage\"},\"thumbnailUrl\":\"https:\\\/\\\/www.integralpro.com.co\\\/wp-content\\\/uploads\\\/2021\\\/02\\\/UadmIux.jpg\",\"datePublished\":\"2021-02-19T19:47:30+00:00\",\"dateModified\":\"2021-02-19T19:47:38+00:00\",\"breadcrumb\":{\"@id\":\"https:\\\/\\\/www.integralpro.com.co\\\/index.php\\\/producto\\\/impresora-fotografica-tabloide-l1800-usb-compatible-con-windows-y-mac-negro\\\/#breadcrumb\"},\"inLanguage\":\"es\",\"potentialAction\":[{\"@type\":\"ReadAction\",\"target\":[\"https:\\\/\\\/www.integralpro.com.co\\\/index.php\\\/producto\\\/impresora-fotografica-tabloide-l1800-usb-compatible-con-windows-y-mac-negro\\\/\"]}]},{\"@type\":\"ImageObject\",\"inLanguage\":\"es\",\"@id\":\"https:\\\/\\\/www.integralpro.com.co\\\/index.php\\\/producto\\\/impresora-fotografica-tabloide-l1800-usb-compatible-con-windows-y-mac-negro\\\/#primaryimage\",\"url\":\"https:\\\/\\\/www.integralpro.com.co\\\/wp-content\\\/uploads\\\/2021\\\/02\\\/UadmIux.jpg\",\"contentUrl\":\"https:\\\/\\\/www.integralpro.com.co\\\/wp-content\\\/uploads\\\/2021\\\/02\\\/UadmIux.jpg\",\"width\":850,\"height\":850},{\"@type\":\"BreadcrumbList\",\"@id\":\"https:\\\/\\\/www.integralpro.com.co\\\/index.php\\\/producto\\\/impresora-fotografica-tabloide-l1800-usb-compatible-con-windows-y-mac-negro\\\/#breadcrumb\",\"itemListElement\":[{\"@type\":\"ListItem\",\"position\":1,\"name\":\"Portada\",\"item\":\"https:\\\/\\\/www.integralpro.com.co\\\/\"},{\"@type\":\"ListItem\",\"position\":2,\"name\":\"Tienda\",\"item\":\"https:\\\/\\\/www.integralpro.com.co\\\/index.php\\\/tienda\\\/\"},{\"@type\":\"ListItem\",\"position\":3,\"name\":\"Impresora Fotogr\u00e1fica Tabloide L1800 Usb Compatible Con Windows Y Mac &#8211; Negro\"}]},{\"@type\":\"WebSite\",\"@id\":\"https:\\\/\\\/www.integralpro.com.co\\\/#website\",\"url\":\"https:\\\/\\\/www.integralpro.com.co\\\/\",\"name\":\"IntegralPro\",\"description\":\"Tienda de Tecnolog\u00eda en L\u00ednea\",\"publisher\":{\"@id\":\"https:\\\/\\\/www.integralpro.com.co\\\/#organization\"},\"potentialAction\":[{\"@type\":\"SearchAction\",\"target\":{\"@type\":\"EntryPoint\",\"urlTemplate\":\"https:\\\/\\\/www.integralpro.com.co\\\/?s={search_term_string}\"},\"query-input\":{\"@type\":\"PropertyValueSpecification\",\"valueRequired\":true,\"valueName\":\"search_term_string\"}}],\"inLanguage\":\"es\"},{\"@type\":\"Organization\",\"@id\":\"https:\\\/\\\/www.integralpro.com.co\\\/#organization\",\"name\":\"IntegralPro SAS\",\"url\":\"https:\\\/\\\/www.integralpro.com.co\\\/\",\"logo\":{\"@type\":\"ImageObject\",\"inLanguage\":\"es\",\"@id\":\"https:\\\/\\\/www.integralpro.com.co\\\/#\\\/schema\\\/logo\\\/image\\\/\",\"url\":\"https:\\\/\\\/www.integralpro.com.co\\\/wp-content\\\/uploads\\\/2021\\\/02\\\/logo-def.jpg\",\"contentUrl\":\"https:\\\/\\\/www.integralpro.com.co\\\/wp-content\\\/uploads\\\/2021\\\/02\\\/logo-def.jpg\",\"width\":238,\"height\":234,\"caption\":\"IntegralPro SAS\"},\"image\":{\"@id\":\"https:\\\/\\\/www.integralpro.com.co\\\/#\\\/schema\\\/logo\\\/image\\\/\"}}]}<\/script>\n<!-- \/ Yoast SEO plugin. -->","yoast_head_json":{"title":"Impresora Fotogr\u00e1fica Tabloide L1800 Usb Compatible Con Windows Y Mac - Negro - IntegralPro","robots":{"index":"index","follow":"follow","max-snippet":"max-snippet:-1","max-image-preview":"max-image-preview:large","max-video-preview":"max-video-preview:-1"},"canonical":"https:\/\/www.integralpro.com.co\/index.php\/producto\/impresora-fotografica-tabloide-l1800-usb-compatible-con-windows-y-mac-negro\/","og_locale":"es_ES","og_type":"article","og_title":"Impresora Fotogr\u00e1fica Tabloide L1800 Usb Compatible Con Windows Y Mac - Negro - IntegralPro","og_description":"# DE PARTE: C11CD82301","og_url":"https:\/\/www.integralpro.com.co\/index.php\/producto\/impresora-fotografica-tabloide-l1800-usb-compatible-con-windows-y-mac-negro\/","og_site_name":"IntegralPro","article_modified_time":"2021-02-19T19:47:38+00:00","og_image":[{"width":850,"height":850,"url":"https:\/\/www.integralpro.com.co\/wp-content\/uploads\/2021\/02\/UadmIux.jpg","type":"image\/jpeg"}],"twitter_card":"summary_large_image","twitter_misc":{"Tiempo de lectura":"2 minutos"},"schema":{"@context":"https:\/\/schema.org","@graph":[{"@type":"WebPage","@id":"https:\/\/www.integralpro.com.co\/index.php\/producto\/impresora-fotografica-tabloide-l1800-usb-compatible-con-windows-y-mac-negro\/","url":"https:\/\/www.integralpro.com.co\/index.php\/producto\/impresora-fotografica-tabloide-l1800-usb-compatible-con-windows-y-mac-negro\/","name":"Impresora Fotogr\u00e1fica Tabloide L1800 Usb Compatible Con Windows Y Mac - Negro - IntegralPro","isPartOf":{"@id":"https:\/\/www.integralpro.com.co\/#website"},"primaryImageOfPage":{"@id":"https:\/\/www.integralpro.com.co\/index.php\/producto\/impresora-fotografica-tabloide-l1800-usb-compatible-con-windows-y-mac-negro\/#primaryimage"},"image":{"@id":"https:\/\/www.integralpro.com.co\/index.php\/producto\/impresora-fotografica-tabloide-l1800-usb-compatible-con-windows-y-mac-negro\/#primaryimage"},"thumbnailUrl":"https:\/\/www.integralpro.com.co\/wp-content\/uploads\/2021\/02\/UadmIux.jpg","datePublished":"2021-02-19T19:47:30+00:00","dateModified":"2021-02-19T19:47:38+00:00","breadcrumb":{"@id":"https:\/\/www.integralpro.com.co\/index.php\/producto\/impresora-fotografica-tabloide-l1800-usb-compatible-con-windows-y-mac-negro\/#breadcrumb"},"inLanguage":"es","potentialAction":[{"@type":"ReadAction","target":["https:\/\/www.integralpro.com.co\/index.php\/producto\/impresora-fotografica-tabloide-l1800-usb-compatible-con-windows-y-mac-negro\/"]}]},{"@type":"ImageObject","inLanguage":"es","@id":"https:\/\/www.integralpro.com.co\/index.php\/producto\/impresora-fotografica-tabloide-l1800-usb-compatible-con-windows-y-mac-negro\/#primaryimage","url":"https:\/\/www.integralpro.com.co\/wp-content\/uploads\/2021\/02\/UadmIux.jpg","contentUrl":"https:\/\/www.integralpro.com.co\/wp-content\/uploads\/2021\/02\/UadmIux.jpg","width":850,"height":850},{"@type":"BreadcrumbList","@id":"https:\/\/www.integralpro.com.co\/index.php\/producto\/impresora-fotografica-tabloide-l1800-usb-compatible-con-windows-y-mac-negro\/#breadcrumb","itemListElement":[{"@type":"ListItem","position":1,"name":"Portada","item":"https:\/\/www.integralpro.com.co\/"},{"@type":"ListItem","position":2,"name":"Tienda","item":"https:\/\/www.integralpro.com.co\/index.php\/tienda\/"},{"@type":"ListItem","position":3,"name":"Impresora Fotogr\u00e1fica Tabloide L1800 Usb Compatible Con Windows Y Mac &#8211; Negro"}]},{"@type":"WebSite","@id":"https:\/\/www.integralpro.com.co\/#website","url":"https:\/\/www.integralpro.com.co\/","name":"IntegralPro","description":"Tienda de Tecnolog\u00eda en L\u00ednea","publisher":{"@id":"https:\/\/www.integralpro.com.co\/#organization"},"potentialAction":[{"@type":"SearchAction","target":{"@type":"EntryPoint","urlTemplate":"https:\/\/www.integralpro.com.co\/?s={search_term_string}"},"query-input":{"@type":"PropertyValueSpecification","valueRequired":true,"valueName":"search_term_string"}}],"inLanguage":"es"},{"@type":"Organization","@id":"https:\/\/www.integralpro.com.co\/#organization","name":"IntegralPro SAS","url":"https:\/\/www.integralpro.com.co\/","logo":{"@type":"ImageObject","inLanguage":"es","@id":"https:\/\/www.integralpro.com.co\/#\/schema\/logo\/image\/","url":"https:\/\/www.integralpro.com.co\/wp-content\/uploads\/2021\/02\/logo-def.jpg","contentUrl":"https:\/\/www.integralpro.com.co\/wp-content\/uploads\/2021\/02\/logo-def.jpg","width":238,"height":234,"caption":"IntegralPro SAS"},"image":{"@id":"https:\/\/www.integralpro.com.co\/#\/schema\/logo\/image\/"}}]}},"_links":{"self":[{"href":"https:\/\/www.integralpro.com.co\/index.php\/wp-json\/wp\/v2\/product\/1381","targetHints":{"allow":["GET"]}}],"collection":[{"href":"https:\/\/www.integralpro.com.co\/index.php\/wp-json\/wp\/v2\/product"}],"about":[{"href":"https:\/\/www.integralpro.com.co\/index.php\/wp-json\/wp\/v2\/types\/product"}],"version-history":[{"count":1,"href":"https:\/\/www.integralpro.com.co\/index.php\/wp-json\/wp\/v2\/product\/1381\/revisions"}],"predecessor-version":[{"id":1417,"href":"https:\/\/www.integralpro.com.co\/index.php\/wp-json\/wp\/v2\/product\/1381\/revisions\/1417"}],"wp:featuredmedia":[{"embeddable":true,"href":"https:\/\/www.integralpro.com.co\/index.php\/wp-json\/wp\/v2\/media\/1416"}],"wp:attachment":[{"href":"https:\/\/www.integralpro.com.co\/index.php\/wp-json\/wp\/v2\/media?parent=1381"}],"wp:term":[{"taxonomy":"product_brand","embeddable":true,"href":"https:\/\/www.integralpro.com.co\/index.php\/wp-json\/wp\/v2\/product_brand?post=1381"},{"taxonomy":"product_cat","embeddable":true,"href":"https:\/\/www.integralpro.com.co\/index.php\/wp-json\/wp\/v2\/product_cat?post=1381"},{"taxonomy":"product_tag","embeddable":true,"href":"https:\/\/www.integralpro.com.co\/index.php\/wp-json\/wp\/v2\/product_tag?post=1381"}],"curies":[{"name":"wp","href":"https:\/\/api.w.org\/{rel}","templated":true}]}}