{"id":1327,"date":"2021-02-19T14:47:08","date_gmt":"2021-02-19T19:47:08","guid":{"rendered":"https:\/\/www.integralpro.com.co\/index.php\/producto\/import-placeholder-for-900\/"},"modified":"2021-02-19T14:47:36","modified_gmt":"2021-02-19T19:47:36","slug":"grabadora-sony-digital-de-voz-monofonico-px240-4gb-mp3","status":"publish","type":"product","link":"https:\/\/www.integralpro.com.co\/index.php\/producto\/grabadora-sony-digital-de-voz-monofonico-px240-4gb-mp3\/","title":{"rendered":"Grabadora Sony Digital De Voz Monofonico Px240 4Gb Mp3"},"content":{"rendered":"<p>Graba audio mp3 y reprod\u00facelo en un parlante de 300 mW<\/p>\n<h2 style=\"font-weight:bold; border-bottom: 2px solid #750000; color: #750000; padding-bottom: 5px; margin-bottom: 10px; padding-left: 15px; padding-right: 15px; padding-top: 8px;\" class=\"style6\"> Capacidad<\/h2>\n<p><\/p>\n<p>4 GB de memoria que te permiten almacenar hasta 1.043 horas (mp3 a 8 kbps)<\/p>\n<h2 style=\"margin-top:20px; font-weight:bold; border-bottom: 2px solid #750000; color: #750000; padding-bottom: 5px; margin-bottom: 10px; padding-left: 15px; padding-right: 15px; padding-top: 8px;\" class=\"style6\"> Distribuya su espacio<\/h2>\n<p>Organiza, protege y elimina archivos y carpetas.<\/p>\n<h2 style=\"margin-top:20px; font-weight:bold; border-bottom: 2px solid #750000; color: #750000; padding-bottom: 5px; margin-bottom: 10px; padding-left: 15px; padding-right: 15px; padding-top: 8px;\" class=\"style6\">M\u00e1s tiempo de uso<\/h2>\n<p>La bater\u00eda de larga duraci\u00f3n permite m\u00e1s horas de grabaci\u00f3n (mp3 a 8 kbps)<\/p>\n<h2 style=\"margin-top:20px; font-weight:bold; border-bottom: 2px solid #750000; color: #750000; padding-bottom: 5px; margin-bottom: 10px; padding-left: 15px; padding-right: 15px; padding-top: 8px;\" class=\"style6\">Especificaciones<\/h2>\n<p>Dimensiones: 3.85 x 11.52 x 2.13 cm<br \/>Peso: 72 g<br \/>Memoria incorporada: 4Gb<br \/>Conectividad de PC: S\u00ed<br \/>Micr\u00f3fono incorporado: Monoaural<br \/>Formato de grabaci\u00f3n: MP3<br \/>Formato de reproducci\u00f3n: MP3<br \/>Tipo de bater\u00eda: AAA x 2<br \/>M\u00e1ximo de archivos (total): 495<br \/>M\u00e1ximo de archivos por carpeta: 99<br \/>Tipo de bater\u00eda: Alcalina AAA<br \/>Filtro de corte bajo: S\u00ed<br \/>A\u00f1adir\/sobreescribir grabaci\u00f3n: S\u00ed<br \/>VOR: S\u00ed<br \/>Monitor de grabaci\u00f3n: S\u00ed<br \/>Tiempo m\u00e1x grabaci\u00f3n de MP3 a 8BPS: (Monoaural) 1.043 horas 0 min<br \/>Tiempo m\u00e1x grabaci\u00f3n de MP3 a 48KBPS: (Monoaural) 173 horas 0 min<br \/>Tiempo m\u00e1x de grabaci\u00f3n de MP3 a 128KBPS: 65 horas 10 min<br \/>Tiempo m\u00e1x de grabaci\u00f3n de MP3 a 192 KBPS: 43 horas 25 min<br \/>Res. Frecuencia MP3 a 8KBPS: (Mono) 75 &#8211; 3.000 Hz<br \/>Respuesta Frecuencia MP3 128 KBPS: 75 &#8211; 15.000 Hz<br \/>Respuesta Frecuencia MP3 192 KBPS: 75 &#8211; 15000 Hz<br \/>Reducci\u00f3n de ruido: S\u00ed<br \/>Borrar: S\u00ed<br \/>Mover Archivo: S\u00ed<br \/>Interfaz: Conector audifonos, micr\u00f3fono y puerto USB<br \/>Color: Negro<\/p>\n<h2 style=\"margin-top:20px; border-bottom: 2px solid #750000; padding-bottom: 5px; margin-bottom: 10px; padding-left: 15px; padding-right: 15px; padding-top: 8px;\" class=\"style7\">Contenido Del Paquete<\/h2>\n<p>Grabador digital de voz, Documentaci\u00f3n<\/p>\n","protected":false},"excerpt":{"rendered":"<p># DE PARTE: ICD-PX240<\/p>\n","protected":false},"featured_media":1412,"template":"","meta":{"site-sidebar-layout":"default","site-content-layout":"","ast-site-content-layout":"default","site-content-style":"default","site-sidebar-style":"default","ast-global-header-display":"","ast-banner-title-visibility":"","ast-main-header-display":"","ast-hfb-above-header-display":"","ast-hfb-below-header-display":"","ast-hfb-mobile-header-display":"","site-post-title":"","ast-breadcrumbs-content":"","ast-featured-img":"","footer-sml-layout":"","ast-disable-related-posts":"","theme-transparent-header-meta":"","adv-header-id-meta":"","stick-header-meta":"","header-above-stick-meta":"","header-main-stick-meta":"","header-below-stick-meta":"","astra-migrate-meta-layouts":"default","ast-page-background-enabled":"default","ast-page-background-meta":{"desktop":{"background-color":"var(--ast-global-color-4)","background-image":"","background-repeat":"repeat","background-position":"center center","background-size":"auto","background-attachment":"scroll","background-type":"","background-media":"","overlay-type":"","overlay-color":"","overlay-opacity":"","overlay-gradient":""},"tablet":{"background-color":"","background-image":"","background-repeat":"repeat","background-position":"center center","background-size":"auto","background-attachment":"scroll","background-type":"","background-media":"","overlay-type":"","overlay-color":"","overlay-opacity":"","overlay-gradient":""},"mobile":{"background-color":"","background-image":"","background-repeat":"repeat","background-position":"center center","background-size":"auto","background-attachment":"scroll","background-type":"","background-media":"","overlay-type":"","overlay-color":"","overlay-opacity":"","overlay-gradient":""}},"ast-content-background-meta":{"desktop":{"background-color":"var(--ast-global-color-5)","background-image":"","background-repeat":"repeat","background-position":"center center","background-size":"auto","background-attachment":"scroll","background-type":"","background-media":"","overlay-type":"","overlay-color":"","overlay-opacity":"","overlay-gradient":""},"tablet":{"background-color":"var(--ast-global-color-5)","background-image":"","background-repeat":"repeat","background-position":"center center","background-size":"auto","background-attachment":"scroll","background-type":"","background-media":"","overlay-type":"","overlay-color":"","overlay-opacity":"","overlay-gradient":""},"mobile":{"background-color":"var(--ast-global-color-5)","background-image":"","background-repeat":"repeat","background-position":"center center","background-size":"auto","background-attachment":"scroll","background-type":"","background-media":"","overlay-type":"","overlay-color":"","overlay-opacity":"","overlay-gradient":""}}},"product_brand":[],"product_cat":[51,101],"product_tag":[440],"class_list":{"0":"post-1327","1":"product","2":"type-product","3":"status-publish","4":"has-post-thumbnail","6":"product_cat-audio","7":"product_cat-grabadoras-de-periodista","8":"product_tag-sony","9":"desktop-align-left","10":"tablet-align-left","11":"mobile-align-left","13":"first","14":"instock","15":"taxable","16":"shipping-taxable","17":"product-type-simple"},"yoast_head":"<!-- This site is optimized with the Yoast SEO plugin v27.5 - https:\/\/yoast.com\/product\/yoast-seo-wordpress\/ -->\n<title>Grabadora Sony Digital De Voz Monofonico Px240 4Gb Mp3 - IntegralPro<\/title>\n<meta name=\"robots\" content=\"index, follow, max-snippet:-1, max-image-preview:large, max-video-preview:-1\" \/>\n<link rel=\"canonical\" href=\"https:\/\/www.integralpro.com.co\/index.php\/producto\/grabadora-sony-digital-de-voz-monofonico-px240-4gb-mp3\/\" \/>\n<meta property=\"og:locale\" content=\"es_ES\" \/>\n<meta property=\"og:type\" content=\"article\" \/>\n<meta property=\"og:title\" content=\"Grabadora Sony Digital De Voz Monofonico Px240 4Gb Mp3 - IntegralPro\" \/>\n<meta property=\"og:description\" content=\"# DE PARTE: ICD-PX240\" \/>\n<meta property=\"og:url\" content=\"https:\/\/www.integralpro.com.co\/index.php\/producto\/grabadora-sony-digital-de-voz-monofonico-px240-4gb-mp3\/\" \/>\n<meta property=\"og:site_name\" content=\"IntegralPro\" \/>\n<meta property=\"article:modified_time\" content=\"2021-02-19T19:47:36+00:00\" \/>\n<meta property=\"og:image\" content=\"https:\/\/www.integralpro.com.co\/wp-content\/uploads\/2021\/02\/ECSEWGc.jpg\" \/>\n\t<meta property=\"og:image:width\" content=\"850\" \/>\n\t<meta property=\"og:image:height\" content=\"850\" \/>\n\t<meta property=\"og:image:type\" content=\"image\/jpeg\" \/>\n<meta name=\"twitter:card\" content=\"summary_large_image\" \/>\n<meta name=\"twitter:label1\" content=\"Tiempo de lectura\" \/>\n\t<meta name=\"twitter:data1\" content=\"1 minuto\" \/>\n<script type=\"application\/ld+json\" class=\"yoast-schema-graph\">{\"@context\":\"https:\\\/\\\/schema.org\",\"@graph\":[{\"@type\":\"WebPage\",\"@id\":\"https:\\\/\\\/www.integralpro.com.co\\\/index.php\\\/producto\\\/grabadora-sony-digital-de-voz-monofonico-px240-4gb-mp3\\\/\",\"url\":\"https:\\\/\\\/www.integralpro.com.co\\\/index.php\\\/producto\\\/grabadora-sony-digital-de-voz-monofonico-px240-4gb-mp3\\\/\",\"name\":\"Grabadora Sony Digital De Voz Monofonico Px240 4Gb Mp3 - IntegralPro\",\"isPartOf\":{\"@id\":\"https:\\\/\\\/www.integralpro.com.co\\\/#website\"},\"primaryImageOfPage\":{\"@id\":\"https:\\\/\\\/www.integralpro.com.co\\\/index.php\\\/producto\\\/grabadora-sony-digital-de-voz-monofonico-px240-4gb-mp3\\\/#primaryimage\"},\"image\":{\"@id\":\"https:\\\/\\\/www.integralpro.com.co\\\/index.php\\\/producto\\\/grabadora-sony-digital-de-voz-monofonico-px240-4gb-mp3\\\/#primaryimage\"},\"thumbnailUrl\":\"https:\\\/\\\/www.integralpro.com.co\\\/wp-content\\\/uploads\\\/2021\\\/02\\\/ECSEWGc.jpg\",\"datePublished\":\"2021-02-19T19:47:08+00:00\",\"dateModified\":\"2021-02-19T19:47:36+00:00\",\"breadcrumb\":{\"@id\":\"https:\\\/\\\/www.integralpro.com.co\\\/index.php\\\/producto\\\/grabadora-sony-digital-de-voz-monofonico-px240-4gb-mp3\\\/#breadcrumb\"},\"inLanguage\":\"es\",\"potentialAction\":[{\"@type\":\"ReadAction\",\"target\":[\"https:\\\/\\\/www.integralpro.com.co\\\/index.php\\\/producto\\\/grabadora-sony-digital-de-voz-monofonico-px240-4gb-mp3\\\/\"]}]},{\"@type\":\"ImageObject\",\"inLanguage\":\"es\",\"@id\":\"https:\\\/\\\/www.integralpro.com.co\\\/index.php\\\/producto\\\/grabadora-sony-digital-de-voz-monofonico-px240-4gb-mp3\\\/#primaryimage\",\"url\":\"https:\\\/\\\/www.integralpro.com.co\\\/wp-content\\\/uploads\\\/2021\\\/02\\\/ECSEWGc.jpg\",\"contentUrl\":\"https:\\\/\\\/www.integralpro.com.co\\\/wp-content\\\/uploads\\\/2021\\\/02\\\/ECSEWGc.jpg\",\"width\":850,\"height\":850},{\"@type\":\"BreadcrumbList\",\"@id\":\"https:\\\/\\\/www.integralpro.com.co\\\/index.php\\\/producto\\\/grabadora-sony-digital-de-voz-monofonico-px240-4gb-mp3\\\/#breadcrumb\",\"itemListElement\":[{\"@type\":\"ListItem\",\"position\":1,\"name\":\"Portada\",\"item\":\"https:\\\/\\\/www.integralpro.com.co\\\/\"},{\"@type\":\"ListItem\",\"position\":2,\"name\":\"Tienda\",\"item\":\"https:\\\/\\\/www.integralpro.com.co\\\/index.php\\\/tienda\\\/\"},{\"@type\":\"ListItem\",\"position\":3,\"name\":\"Grabadora Sony Digital De Voz Monofonico Px240 4Gb Mp3\"}]},{\"@type\":\"WebSite\",\"@id\":\"https:\\\/\\\/www.integralpro.com.co\\\/#website\",\"url\":\"https:\\\/\\\/www.integralpro.com.co\\\/\",\"name\":\"IntegralPro\",\"description\":\"Tienda de Tecnolog\u00eda en L\u00ednea\",\"publisher\":{\"@id\":\"https:\\\/\\\/www.integralpro.com.co\\\/#organization\"},\"potentialAction\":[{\"@type\":\"SearchAction\",\"target\":{\"@type\":\"EntryPoint\",\"urlTemplate\":\"https:\\\/\\\/www.integralpro.com.co\\\/?s={search_term_string}\"},\"query-input\":{\"@type\":\"PropertyValueSpecification\",\"valueRequired\":true,\"valueName\":\"search_term_string\"}}],\"inLanguage\":\"es\"},{\"@type\":\"Organization\",\"@id\":\"https:\\\/\\\/www.integralpro.com.co\\\/#organization\",\"name\":\"IntegralPro SAS\",\"url\":\"https:\\\/\\\/www.integralpro.com.co\\\/\",\"logo\":{\"@type\":\"ImageObject\",\"inLanguage\":\"es\",\"@id\":\"https:\\\/\\\/www.integralpro.com.co\\\/#\\\/schema\\\/logo\\\/image\\\/\",\"url\":\"https:\\\/\\\/www.integralpro.com.co\\\/wp-content\\\/uploads\\\/2021\\\/02\\\/logo-def.jpg\",\"contentUrl\":\"https:\\\/\\\/www.integralpro.com.co\\\/wp-content\\\/uploads\\\/2021\\\/02\\\/logo-def.jpg\",\"width\":238,\"height\":234,\"caption\":\"IntegralPro SAS\"},\"image\":{\"@id\":\"https:\\\/\\\/www.integralpro.com.co\\\/#\\\/schema\\\/logo\\\/image\\\/\"}}]}<\/script>\n<!-- \/ Yoast SEO plugin. -->","yoast_head_json":{"title":"Grabadora Sony Digital De Voz Monofonico Px240 4Gb Mp3 - IntegralPro","robots":{"index":"index","follow":"follow","max-snippet":"max-snippet:-1","max-image-preview":"max-image-preview:large","max-video-preview":"max-video-preview:-1"},"canonical":"https:\/\/www.integralpro.com.co\/index.php\/producto\/grabadora-sony-digital-de-voz-monofonico-px240-4gb-mp3\/","og_locale":"es_ES","og_type":"article","og_title":"Grabadora Sony Digital De Voz Monofonico Px240 4Gb Mp3 - IntegralPro","og_description":"# DE PARTE: ICD-PX240","og_url":"https:\/\/www.integralpro.com.co\/index.php\/producto\/grabadora-sony-digital-de-voz-monofonico-px240-4gb-mp3\/","og_site_name":"IntegralPro","article_modified_time":"2021-02-19T19:47:36+00:00","og_image":[{"width":850,"height":850,"url":"https:\/\/www.integralpro.com.co\/wp-content\/uploads\/2021\/02\/ECSEWGc.jpg","type":"image\/jpeg"}],"twitter_card":"summary_large_image","twitter_misc":{"Tiempo de lectura":"1 minuto"},"schema":{"@context":"https:\/\/schema.org","@graph":[{"@type":"WebPage","@id":"https:\/\/www.integralpro.com.co\/index.php\/producto\/grabadora-sony-digital-de-voz-monofonico-px240-4gb-mp3\/","url":"https:\/\/www.integralpro.com.co\/index.php\/producto\/grabadora-sony-digital-de-voz-monofonico-px240-4gb-mp3\/","name":"Grabadora Sony Digital De Voz Monofonico Px240 4Gb Mp3 - IntegralPro","isPartOf":{"@id":"https:\/\/www.integralpro.com.co\/#website"},"primaryImageOfPage":{"@id":"https:\/\/www.integralpro.com.co\/index.php\/producto\/grabadora-sony-digital-de-voz-monofonico-px240-4gb-mp3\/#primaryimage"},"image":{"@id":"https:\/\/www.integralpro.com.co\/index.php\/producto\/grabadora-sony-digital-de-voz-monofonico-px240-4gb-mp3\/#primaryimage"},"thumbnailUrl":"https:\/\/www.integralpro.com.co\/wp-content\/uploads\/2021\/02\/ECSEWGc.jpg","datePublished":"2021-02-19T19:47:08+00:00","dateModified":"2021-02-19T19:47:36+00:00","breadcrumb":{"@id":"https:\/\/www.integralpro.com.co\/index.php\/producto\/grabadora-sony-digital-de-voz-monofonico-px240-4gb-mp3\/#breadcrumb"},"inLanguage":"es","potentialAction":[{"@type":"ReadAction","target":["https:\/\/www.integralpro.com.co\/index.php\/producto\/grabadora-sony-digital-de-voz-monofonico-px240-4gb-mp3\/"]}]},{"@type":"ImageObject","inLanguage":"es","@id":"https:\/\/www.integralpro.com.co\/index.php\/producto\/grabadora-sony-digital-de-voz-monofonico-px240-4gb-mp3\/#primaryimage","url":"https:\/\/www.integralpro.com.co\/wp-content\/uploads\/2021\/02\/ECSEWGc.jpg","contentUrl":"https:\/\/www.integralpro.com.co\/wp-content\/uploads\/2021\/02\/ECSEWGc.jpg","width":850,"height":850},{"@type":"BreadcrumbList","@id":"https:\/\/www.integralpro.com.co\/index.php\/producto\/grabadora-sony-digital-de-voz-monofonico-px240-4gb-mp3\/#breadcrumb","itemListElement":[{"@type":"ListItem","position":1,"name":"Portada","item":"https:\/\/www.integralpro.com.co\/"},{"@type":"ListItem","position":2,"name":"Tienda","item":"https:\/\/www.integralpro.com.co\/index.php\/tienda\/"},{"@type":"ListItem","position":3,"name":"Grabadora Sony Digital De Voz Monofonico Px240 4Gb Mp3"}]},{"@type":"WebSite","@id":"https:\/\/www.integralpro.com.co\/#website","url":"https:\/\/www.integralpro.com.co\/","name":"IntegralPro","description":"Tienda de Tecnolog\u00eda en L\u00ednea","publisher":{"@id":"https:\/\/www.integralpro.com.co\/#organization"},"potentialAction":[{"@type":"SearchAction","target":{"@type":"EntryPoint","urlTemplate":"https:\/\/www.integralpro.com.co\/?s={search_term_string}"},"query-input":{"@type":"PropertyValueSpecification","valueRequired":true,"valueName":"search_term_string"}}],"inLanguage":"es"},{"@type":"Organization","@id":"https:\/\/www.integralpro.com.co\/#organization","name":"IntegralPro SAS","url":"https:\/\/www.integralpro.com.co\/","logo":{"@type":"ImageObject","inLanguage":"es","@id":"https:\/\/www.integralpro.com.co\/#\/schema\/logo\/image\/","url":"https:\/\/www.integralpro.com.co\/wp-content\/uploads\/2021\/02\/logo-def.jpg","contentUrl":"https:\/\/www.integralpro.com.co\/wp-content\/uploads\/2021\/02\/logo-def.jpg","width":238,"height":234,"caption":"IntegralPro SAS"},"image":{"@id":"https:\/\/www.integralpro.com.co\/#\/schema\/logo\/image\/"}}]}},"_links":{"self":[{"href":"https:\/\/www.integralpro.com.co\/index.php\/wp-json\/wp\/v2\/product\/1327","targetHints":{"allow":["GET"]}}],"collection":[{"href":"https:\/\/www.integralpro.com.co\/index.php\/wp-json\/wp\/v2\/product"}],"about":[{"href":"https:\/\/www.integralpro.com.co\/index.php\/wp-json\/wp\/v2\/types\/product"}],"version-history":[{"count":1,"href":"https:\/\/www.integralpro.com.co\/index.php\/wp-json\/wp\/v2\/product\/1327\/revisions"}],"predecessor-version":[{"id":1413,"href":"https:\/\/www.integralpro.com.co\/index.php\/wp-json\/wp\/v2\/product\/1327\/revisions\/1413"}],"wp:featuredmedia":[{"embeddable":true,"href":"https:\/\/www.integralpro.com.co\/index.php\/wp-json\/wp\/v2\/media\/1412"}],"wp:attachment":[{"href":"https:\/\/www.integralpro.com.co\/index.php\/wp-json\/wp\/v2\/media?parent=1327"}],"wp:term":[{"taxonomy":"product_brand","embeddable":true,"href":"https:\/\/www.integralpro.com.co\/index.php\/wp-json\/wp\/v2\/product_brand?post=1327"},{"taxonomy":"product_cat","embeddable":true,"href":"https:\/\/www.integralpro.com.co\/index.php\/wp-json\/wp\/v2\/product_cat?post=1327"},{"taxonomy":"product_tag","embeddable":true,"href":"https:\/\/www.integralpro.com.co\/index.php\/wp-json\/wp\/v2\/product_tag?post=1327"}],"curies":[{"name":"wp","href":"https:\/\/api.w.org\/{rel}","templated":true}]}}